{"id":18634,"date":"2025-06-21T08:00:29","date_gmt":"2025-06-21T08:00:29","guid":{"rendered":"https:\/\/meditex.ee\/?post_type=product&#038;p=18634"},"modified":"2025-06-24T07:57:32","modified_gmt":"2025-06-24T07:57:32","slug":"corsinel-stomasafe-cool","status":"publish","type":"product","link":"https:\/\/meditex.ee\/lv\/produkts\/corsinel-stomasafe-cool\/","title":{"rendered":"Corsinel StomaSafe Cool"},"content":{"rendered":"<div class=\"row\"  id=\"row-2049327438\">\n\n\t<div id=\"col-1621459731\" class=\"col medium-4 small-12 large-4\"  >\n\t\t\t\t<div class=\"col-inner\"  >\n\t\t\t\n\t\t\t\n\t<div class=\"img has-hover x md-x lg-x y md-y lg-y\" id=\"image_1285334181\">\n\t\t\t\t\t\t\t\t<div class=\"img-inner dark\" >\n\t\t\t<img decoding=\"async\" width=\"419\" height=\"417\" src=\"https:\/\/meditex.ee\/wp-content\/uploads\/2020\/09\/Corsinel-compression-level-icon_LIGHT.png\" class=\"attachment-large size-large\" alt=\"\" srcset=\"https:\/\/meditex.ee\/wp-content\/uploads\/2020\/09\/Corsinel-compression-level-icon_LIGHT.png 419w, https:\/\/meditex.ee\/wp-content\/uploads\/2020\/09\/Corsinel-compression-level-icon_LIGHT-100x100.png 100w, https:\/\/meditex.ee\/wp-content\/uploads\/2020\/09\/Corsinel-compression-level-icon_LIGHT-402x400.png 402w, https:\/\/meditex.ee\/wp-content\/uploads\/2020\/09\/Corsinel-compression-level-icon_LIGHT-280x280.png 280w, https:\/\/meditex.ee\/wp-content\/uploads\/2020\/09\/Corsinel-compression-level-icon_LIGHT-300x300.png 300w\" sizes=\"(max-width: 419px) 100vw, 419px\" \/>\t\t\t\t\t\t\n\t\t\t\t\t<\/div>\n\t\t\t\t\t\t\t\t\n<style>\n#image_1285334181 {\n  width: 30%;\n}\n<\/style>\n\t<\/div>\n\t\n\t\t<\/div>\n\t\t\t\t\t<\/div>\n\n\t\n\n\t<div id=\"col-1650282803\" class=\"col medium-4 small-12 large-4\"  >\n\t\t\t\t<div class=\"col-inner\"  >\n\t\t\t\n\t\t\t\n\t\t<\/div>\n\t\t\t\t\t<\/div>\n\n\t\n\n\t<div id=\"col-1910479624\" class=\"col medium-4 small-12 large-4\"  >\n\t\t\t\t<div class=\"col-inner text-right\"  >\n\t\t\t\n\t\t\t\n\t<div class=\"img has-hover x md-x lg-x y md-y lg-y\" id=\"image_667192459\">\n\t\t\t\t\t\t\t\t<div class=\"img-inner dark\" >\n\t\t\t<img decoding=\"async\" width=\"1000\" height=\"285\" src=\"https:\/\/meditex.ee\/wp-content\/uploads\/2023\/04\/logo_86_11zon.jpg\" class=\"attachment-large size-large\" alt=\"\" srcset=\"https:\/\/meditex.ee\/wp-content\/uploads\/2023\/04\/logo_86_11zon.jpg 1000w, https:\/\/meditex.ee\/wp-content\/uploads\/2023\/04\/logo_86_11zon-510x145.jpg 510w, https:\/\/meditex.ee\/wp-content\/uploads\/2023\/04\/logo_86_11zon-800x228.jpg 800w, https:\/\/meditex.ee\/wp-content\/uploads\/2023\/04\/logo_86_11zon-768x219.jpg 768w\" sizes=\"(max-width: 1000px) 100vw, 1000px\" \/>\t\t\t\t\t\t\n\t\t\t\t\t<\/div>\n\t\t\t\t\t\t\t\t\n<style>\n#image_667192459 {\n  width: 50%;\n}\n<\/style>\n\t<\/div>\n\t\n\t\t<\/div>\n\t\t\t\t\t<\/div>\n\n\t\n<\/div>\n<h3 style=\"text-align: left;\"><span style=\"color: #000000;\"><strong>Viegla atbalsta stoma caurul\u012bte <\/strong><\/span><span style=\"color: #000000;\"><strong>StomaSafe Cool<\/strong><\/span><\/h3>\n<p style=\"text-align: left;\"><span style=\"color: #000000;\">StomaSafe Cool stoma caurule ir izstr\u0101d\u0101ta nep\u0101rsp\u0113jamam komfortam. T\u0101 diskr\u0113ti un dro\u0161i nostiprina un balsta stomas maisi\u0146u, vienlaikus sniedzot \u0101dai dzes\u0113\u0161anas saj\u016btu, pateicoties uzlabotai dzes\u0113\u0161anas pavedienu tehnolo\u0123ijai. Caurul\u012btes konstrukcija \u013cauj lietot\u0101jam dz\u012bvot fiziski akt\u012bvu dz\u012bvi. StomaSafe Cool var lietot gan ar vienu, gan div\u0101m sist\u0113m\u0101m, un to var n\u0113s\u0101t visu diennakti. <\/span><\/p>\n<p><span style=\"color: #000000;\"><strong>Funkcijas:<\/strong><\/span><\/p>\n<ul>\n<li><span style=\"color: #000000;\">Diskr\u0113ts un dro\u0161s: Tas pats uzticamais atbalsts k\u0101 StomaSafe Plus, tagad ar papildu priek\u0161roc\u012bbu &#8211; v\u0113suma saj\u016btu.<\/span><\/li>\n<li><span style=\"color: #000000;\">Past\u0101v\u012bgs komforts ar uzlabotu v\u0113ja tune\u013ca tehnolo\u0123iju<\/span><\/li>\n<li><span style=\"color: #000000;\">Viegla, tikko j\u016btama saj\u016bta, kas p\u0101rvietojas dabiski kop\u0101 ar \u0137ermeni.<\/span><\/li>\n<li><span style=\"color: #000000;\">Bez l\u012bmes &#8211; aizsarg\u0101 jut\u012bgu \u0101du<\/span><\/li>\n<li><span style=\"color: #000000;\">Iepriek\u0161 sagriezts un gatavs \u0101trai izvieto\u0161anai<\/span><\/li>\n<li><span style=\"color: #000000;\">Augsta elast\u012bba dro\u0161ai un \u0113rtai piegu\u013c\u0161anai<\/span><\/li>\n<li><span style=\"color: #000000;\">Samazina p\u0101rsie\u0161anas nob\u012bdi un br\u016b\u010du iedarb\u012bbu<\/span><\/li>\n<\/ul>\n<p><span style=\"color: #000000;\"><strong>Sast\u0101vs:<\/strong> 91% poliam\u012bds, 9% elast\u0101ns.<\/span><\/p>\n<p style=\"text-align: left;\"><span style=\"color: #000000;\"><strong>Izm\u0113ri: <\/strong>vienm\u0113r m\u0113riet no v\u0113dera plat\u0101k\u0101s da\u013cas.<\/span><\/p>\n<div class=\"row\"  id=\"row-346253474\">\n\n\t<div id=\"col-896454873\" class=\"col medium-6 small-12 large-6\"  >\n\t\t\t\t<div class=\"col-inner\"  >\n\t\t\t\n\t\t\t\n\t<div class=\"img has-hover x md-x lg-x y md-y lg-y\" id=\"image_887333452\">\n\t\t\t\t\t\t\t\t<div class=\"img-inner dark\" >\n\t\t\t<img decoding=\"async\" width=\"441\" height=\"455\" src=\"https:\/\/meditex.ee\/wp-content\/uploads\/2025\/06\/suurused.webp\" class=\"attachment-large size-large\" alt=\"\" srcset=\"https:\/\/meditex.ee\/wp-content\/uploads\/2025\/06\/suurused.webp 441w, https:\/\/meditex.ee\/wp-content\/uploads\/2025\/06\/suurused-388x400.webp 388w\" sizes=\"(max-width: 441px) 100vw, 441px\" \/>\t\t\t\t\t\t\n\t\t\t\t\t<\/div>\n\t\t\t\t\t\t\t\t\n<style>\n#image_887333452 {\n  width: 100%;\n}\n<\/style>\n\t<\/div>\n\t\n\t\t<\/div>\n\t\t\t\t\t<\/div>\n\n\t\n\n\t<div id=\"col-750097811\" class=\"col medium-6 small-12 large-6\"  >\n\t\t\t\t<div class=\"col-inner\"  >\n\t\t\t\n\t\t\t\n\t\t<\/div>\n\t\t\t\t\t<\/div>\n\n\t\n<\/div>\n<div class=\"is-divider divider clearfix\" style=\"background-color:rgb(255, 255, 255);\"><\/div>\n<div class=\"row row-small\"  id=\"row-1316164993\">\n\n\t<div id=\"col-1755603075\" class=\"col medium-6 small-12 large-6\"  >\n\t\t\t\t<div class=\"col-inner\"  >\n\t\t\t\n\t\t\t\n\t<div class=\"img has-hover x md-x lg-x y md-y lg-y\" id=\"image_400678476\">\n\t\t\t\t\t\t\t\t<div class=\"img-inner dark\" >\n\t\t\t<img decoding=\"async\" width=\"500\" height=\"200\" src=\"https:\/\/meditex.ee\/wp-content\/uploads\/2020\/10\/SSP-paigaldamine-1.png\" class=\"attachment-large size-large\" alt=\"\" \/>\t\t\t\t\t\t\n\t\t\t\t\t<\/div>\n\t\t\t\t\t\t\t\t\n<style>\n#image_400678476 {\n  width: 100%;\n}\n<\/style>\n\t<\/div>\n\t\n\t\t<\/div>\n\t\t\t\t\t<\/div>\n\n\t\n\n\t<div id=\"col-1026512434\" class=\"col medium-6 small-12 large-6\"  >\n\t\t\t\t<div class=\"col-inner\"  >\n\t\t\t\n\t\t\t\n\t<div class=\"img has-hover x md-x lg-x y md-y lg-y\" id=\"image_1330978544\">\n\t\t\t\t\t\t\t\t<div class=\"img-inner dark\" >\n\t\t\t<img decoding=\"async\" width=\"500\" height=\"200\" src=\"https:\/\/meditex.ee\/wp-content\/uploads\/2020\/10\/SSP-paigaldamine-2.png\" class=\"attachment-large size-large\" alt=\"\" \/>\t\t\t\t\t\t\n\t\t\t\t\t<\/div>\n\t\t\t\t\t\t\t\t\n<style>\n#image_1330978544 {\n  width: 100%;\n}\n<\/style>\n\t<\/div>\n\t\n\t\t<\/div>\n\t\t\t\t\t<\/div>\n\n\t\n<\/div>\n<div class=\"row row-small\"  id=\"row-2009222209\">\n\n\t<div id=\"col-1512585826\" class=\"col medium-6 small-12 large-6\"  >\n\t\t\t\t<div class=\"col-inner\"  >\n\t\t\t\n\t\t\t\n\t<div class=\"img has-hover x md-x lg-x y md-y lg-y\" id=\"image_1169630749\">\n\t\t\t\t\t\t\t\t<div class=\"img-inner dark\" >\n\t\t\t<img decoding=\"async\" width=\"500\" height=\"200\" src=\"https:\/\/meditex.ee\/wp-content\/uploads\/2020\/10\/SSP-paigaldamine-3.png\" class=\"attachment-large size-large\" alt=\"\" \/>\t\t\t\t\t\t\n\t\t\t\t\t<\/div>\n\t\t\t\t\t\t\t\t\n<style>\n#image_1169630749 {\n  width: 100%;\n}\n<\/style>\n\t<\/div>\n\t\n\t\t<\/div>\n\t\t\t\t\t<\/div>\n\n\t\n\n\t<div id=\"col-1335853497\" class=\"col medium-6 small-12 large-6\"  >\n\t\t\t\t<div class=\"col-inner\"  >\n\t\t\t\n\t\t\t\n\t<div class=\"img has-hover x md-x lg-x y md-y lg-y\" id=\"image_809892559\">\n\t\t\t\t\t\t\t\t<div class=\"img-inner dark\" >\n\t\t\t<img decoding=\"async\" width=\"500\" height=\"200\" src=\"https:\/\/meditex.ee\/wp-content\/uploads\/2020\/10\/SSP-paigaldamine-4.png\" class=\"attachment-large size-large\" alt=\"\" \/>\t\t\t\t\t\t\n\t\t\t\t\t<\/div>\n\t\t\t\t\t\t\t\t\n<style>\n#image_809892559 {\n  width: 100%;\n}\n<\/style>\n\t<\/div>\n\t\n\t\t<\/div>\n\t\t\t\t\t<\/div>\n\n\t\n<\/div>\n<p><strong>Inform\u0101cija ra\u017eot\u0101ja t\u012bmek\u013ca vietn\u0113:<\/strong> <a href=\"https:\/\/tytex.com\/stomasafe-cool-light-support\">https:\/\/tytex.com\/stomasafe-cool-light-support<\/a><\/p>\n<p style=\"text-align: left;\"><span style=\"color: #000000;\"><strong>Noder\u012bga las\u0101mviela: <\/strong><a href=\"https:\/\/meditex.ee\/lv\/7-faktori-kas-nosaka-pareizo-stomas-un-dziesmu-izstradajuma-augstumu\/\">https:\/\/meditex.ee\/lv\/7-faktori-kas-nosaka-pareizo-stomas-un-dziesmu-izstradajuma-augstumu\/<\/a><\/span><\/p>\n<p style=\"text-align: left;\">Stomas maisi un stomas kop\u0161anas l\u012bdzek\u013ci: <a href=\"https:\/\/stoom.ee\/tooted\/\">https:\/\/stoom.ee\/tooted\/<\/a><br \/>\nNoder\u012bgi padomi stomas pacientiem: <a href=\"https:\/\/www.elustoomiga.ee\">https:\/\/www.elustoomiga.ee<\/a>.<\/p>\n","protected":false},"excerpt":{"rendered":"<p style=\"text-align: left;\"><span style=\"color: #282828; font-size: 75%;\">Stomas caurul\u012bte ar vieglu atbalstu.<\/span><\/p>\n","protected":false},"featured_media":18659,"template":"","meta":[],"product_brand":[],"product_cat":[499],"product_tag":[522,505],"class_list":{"0":"post-18634","1":"product","2":"type-product","3":"status-publish","4":"has-post-thumbnail","6":"product_cat-ostomijas-un-truces-jostas-un-apseji","7":"product_tag-corsinel-lv","8":"product_tag-viegls-atbalsts","10":"first","11":"instock","12":"taxable","13":"shipping-taxable","14":"purchasable","15":"product-type-variable"},"yoast_head":"<!-- This site is optimized with the Yoast SEO plugin v27.3 - https:\/\/yoast.com\/product\/yoast-seo-wordpress\/ -->\n<title>StomaSafe Cool stomas caurul\u012bte ar vieglu atbalstu - meditex.ee<\/title>\n<meta name=\"description\" content=\"StomaSafe Cool stomas caurule ar vieglu atbalstu. M\u012bksta un elast\u012bga iek\u0161\u0113j\u0101 kabata visu veidu stomas un dren\u0101\u017eas maisi\u0146u dro\u0161ai uzglab\u0101\u0161anai.\" \/>\n<meta name=\"robots\" content=\"index, follow, max-snippet:-1, max-image-preview:large, max-video-preview:-1\" \/>\n<link rel=\"canonical\" href=\"https:\/\/meditex.ee\/lv\/produkts\/corsinel-stomasafe-cool\/\" \/>\n<meta property=\"og:locale\" content=\"lv_LV\" \/>\n<meta property=\"og:type\" content=\"article\" \/>\n<meta property=\"og:title\" content=\"StomaSafe Cool stomas caurul\u012bte ar vieglu atbalstu - meditex.ee\" \/>\n<meta property=\"og:description\" content=\"StomaSafe Cool stomas caurule ar vieglu atbalstu. M\u012bksta un elast\u012bga iek\u0161\u0113j\u0101 kabata visu veidu stomas un dren\u0101\u017eas maisi\u0146u dro\u0161ai uzglab\u0101\u0161anai.\" \/>\n<meta property=\"og:url\" content=\"https:\/\/meditex.ee\/lv\/produkts\/corsinel-stomasafe-cool\/\" \/>\n<meta property=\"og:site_name\" content=\"Meditex\" \/>\n<meta property=\"article:publisher\" content=\"https:\/\/www.facebook.com\/meditexepood\/\" \/>\n<meta property=\"article:modified_time\" content=\"2025-06-24T07:57:32+00:00\" \/>\n<meta property=\"og:image\" content=\"https:\/\/meditex.ee\/wp-content\/uploads\/2025\/06\/321653_stomasafe_Cool_Unisex_TAN_Front_Highres_sticker.webp\" \/>\n\t<meta property=\"og:image:width\" content=\"4000\" \/>\n\t<meta property=\"og:image:height\" content=\"4000\" \/>\n\t<meta property=\"og:image:type\" content=\"image\/webp\" \/>\n<meta name=\"twitter:card\" content=\"summary_large_image\" \/>\n<meta name=\"twitter:label1\" content=\"Est. reading time\" \/>\n\t<meta name=\"twitter:data1\" content=\"2 minutes\" \/>\n<script type=\"application\/ld+json\" class=\"yoast-schema-graph\">{\"@context\":\"https:\\\/\\\/schema.org\",\"@graph\":[{\"@type\":\"WebPage\",\"@id\":\"https:\\\/\\\/meditex.ee\\\/lv\\\/produkts\\\/corsinel-stomasafe-cool\\\/\",\"url\":\"https:\\\/\\\/meditex.ee\\\/lv\\\/produkts\\\/corsinel-stomasafe-cool\\\/\",\"name\":\"StomaSafe Cool stomas caurul\u012bte ar vieglu atbalstu - meditex.ee\",\"isPartOf\":{\"@id\":\"https:\\\/\\\/meditex.ee\\\/en\\\/#website\"},\"primaryImageOfPage\":{\"@id\":\"https:\\\/\\\/meditex.ee\\\/lv\\\/produkts\\\/corsinel-stomasafe-cool\\\/#primaryimage\"},\"image\":{\"@id\":\"https:\\\/\\\/meditex.ee\\\/lv\\\/produkts\\\/corsinel-stomasafe-cool\\\/#primaryimage\"},\"thumbnailUrl\":\"https:\\\/\\\/meditex.ee\\\/wp-content\\\/uploads\\\/2025\\\/06\\\/321653_stomasafe_Cool_Unisex_TAN_Front_Highres_sticker.webp\",\"datePublished\":\"2025-06-21T08:00:29+00:00\",\"dateModified\":\"2025-06-24T07:57:32+00:00\",\"description\":\"StomaSafe Cool stomas caurule ar vieglu atbalstu. M\u012bksta un elast\u012bga iek\u0161\u0113j\u0101 kabata visu veidu stomas un dren\u0101\u017eas maisi\u0146u dro\u0161ai uzglab\u0101\u0161anai.\",\"breadcrumb\":{\"@id\":\"https:\\\/\\\/meditex.ee\\\/lv\\\/produkts\\\/corsinel-stomasafe-cool\\\/#breadcrumb\"},\"inLanguage\":\"lv-LV\",\"potentialAction\":[{\"@type\":\"ReadAction\",\"target\":[\"https:\\\/\\\/meditex.ee\\\/lv\\\/produkts\\\/corsinel-stomasafe-cool\\\/\"]}]},{\"@type\":\"ImageObject\",\"inLanguage\":\"lv-LV\",\"@id\":\"https:\\\/\\\/meditex.ee\\\/lv\\\/produkts\\\/corsinel-stomasafe-cool\\\/#primaryimage\",\"url\":\"https:\\\/\\\/meditex.ee\\\/wp-content\\\/uploads\\\/2025\\\/06\\\/321653_stomasafe_Cool_Unisex_TAN_Front_Highres_sticker.webp\",\"contentUrl\":\"https:\\\/\\\/meditex.ee\\\/wp-content\\\/uploads\\\/2025\\\/06\\\/321653_stomasafe_Cool_Unisex_TAN_Front_Highres_sticker.webp\",\"width\":4000,\"height\":4000},{\"@type\":\"BreadcrumbList\",\"@id\":\"https:\\\/\\\/meditex.ee\\\/lv\\\/produkts\\\/corsinel-stomasafe-cool\\\/#breadcrumb\",\"itemListElement\":[{\"@type\":\"ListItem\",\"position\":1,\"name\":\"Home\",\"item\":\"https:\\\/\\\/meditex.ee\\\/lv\\\/\"},{\"@type\":\"ListItem\",\"position\":2,\"name\":\"Veikals\",\"item\":\"https:\\\/\\\/meditex.ee\\\/lv\\\/veikals\\\/\"},{\"@type\":\"ListItem\",\"position\":3,\"name\":\"Corsinel StomaSafe Cool\"}]},{\"@type\":\"WebSite\",\"@id\":\"https:\\\/\\\/meditex.ee\\\/en\\\/#website\",\"url\":\"https:\\\/\\\/meditex.ee\\\/en\\\/\",\"name\":\"Meditex\",\"description\":\"\",\"publisher\":{\"@id\":\"https:\\\/\\\/meditex.ee\\\/en\\\/#organization\"},\"potentialAction\":[{\"@type\":\"SearchAction\",\"target\":{\"@type\":\"EntryPoint\",\"urlTemplate\":\"https:\\\/\\\/meditex.ee\\\/en\\\/?s={search_term_string}\"},\"query-input\":{\"@type\":\"PropertyValueSpecification\",\"valueRequired\":true,\"valueName\":\"search_term_string\"}}],\"inLanguage\":\"lv-LV\"},{\"@type\":\"Organization\",\"@id\":\"https:\\\/\\\/meditex.ee\\\/en\\\/#organization\",\"name\":\"Meditex\",\"url\":\"https:\\\/\\\/meditex.ee\\\/en\\\/\",\"logo\":{\"@type\":\"ImageObject\",\"inLanguage\":\"lv-LV\",\"@id\":\"https:\\\/\\\/meditex.ee\\\/en\\\/#\\\/schema\\\/logo\\\/image\\\/\",\"url\":\"https:\\\/\\\/meditex.ee\\\/wp-content\\\/uploads\\\/2018\\\/03\\\/mdtx_logo.png\",\"contentUrl\":\"https:\\\/\\\/meditex.ee\\\/wp-content\\\/uploads\\\/2018\\\/03\\\/mdtx_logo.png\",\"width\":669,\"height\":235,\"caption\":\"Meditex\"},\"image\":{\"@id\":\"https:\\\/\\\/meditex.ee\\\/en\\\/#\\\/schema\\\/logo\\\/image\\\/\"},\"sameAs\":[\"https:\\\/\\\/www.facebook.com\\\/meditexepood\\\/\"]}]}<\/script>\n<!-- \/ Yoast SEO plugin. -->","yoast_head_json":{"title":"StomaSafe Cool stomas caurul\u012bte ar vieglu atbalstu - meditex.ee","description":"StomaSafe Cool stomas caurule ar vieglu atbalstu. M\u012bksta un elast\u012bga iek\u0161\u0113j\u0101 kabata visu veidu stomas un dren\u0101\u017eas maisi\u0146u dro\u0161ai uzglab\u0101\u0161anai.","robots":{"index":"index","follow":"follow","max-snippet":"max-snippet:-1","max-image-preview":"max-image-preview:large","max-video-preview":"max-video-preview:-1"},"canonical":"https:\/\/meditex.ee\/lv\/produkts\/corsinel-stomasafe-cool\/","og_locale":"lv_LV","og_type":"article","og_title":"StomaSafe Cool stomas caurul\u012bte ar vieglu atbalstu - meditex.ee","og_description":"StomaSafe Cool stomas caurule ar vieglu atbalstu. M\u012bksta un elast\u012bga iek\u0161\u0113j\u0101 kabata visu veidu stomas un dren\u0101\u017eas maisi\u0146u dro\u0161ai uzglab\u0101\u0161anai.","og_url":"https:\/\/meditex.ee\/lv\/produkts\/corsinel-stomasafe-cool\/","og_site_name":"Meditex","article_publisher":"https:\/\/www.facebook.com\/meditexepood\/","article_modified_time":"2025-06-24T07:57:32+00:00","og_image":[{"width":4000,"height":4000,"url":"https:\/\/meditex.ee\/wp-content\/uploads\/2025\/06\/321653_stomasafe_Cool_Unisex_TAN_Front_Highres_sticker.webp","type":"image\/webp"}],"twitter_card":"summary_large_image","twitter_misc":{"Est. reading time":"2 minutes"},"schema":{"@context":"https:\/\/schema.org","@graph":[{"@type":"WebPage","@id":"https:\/\/meditex.ee\/lv\/produkts\/corsinel-stomasafe-cool\/","url":"https:\/\/meditex.ee\/lv\/produkts\/corsinel-stomasafe-cool\/","name":"StomaSafe Cool stomas caurul\u012bte ar vieglu atbalstu - meditex.ee","isPartOf":{"@id":"https:\/\/meditex.ee\/en\/#website"},"primaryImageOfPage":{"@id":"https:\/\/meditex.ee\/lv\/produkts\/corsinel-stomasafe-cool\/#primaryimage"},"image":{"@id":"https:\/\/meditex.ee\/lv\/produkts\/corsinel-stomasafe-cool\/#primaryimage"},"thumbnailUrl":"https:\/\/meditex.ee\/wp-content\/uploads\/2025\/06\/321653_stomasafe_Cool_Unisex_TAN_Front_Highres_sticker.webp","datePublished":"2025-06-21T08:00:29+00:00","dateModified":"2025-06-24T07:57:32+00:00","description":"StomaSafe Cool stomas caurule ar vieglu atbalstu. M\u012bksta un elast\u012bga iek\u0161\u0113j\u0101 kabata visu veidu stomas un dren\u0101\u017eas maisi\u0146u dro\u0161ai uzglab\u0101\u0161anai.","breadcrumb":{"@id":"https:\/\/meditex.ee\/lv\/produkts\/corsinel-stomasafe-cool\/#breadcrumb"},"inLanguage":"lv-LV","potentialAction":[{"@type":"ReadAction","target":["https:\/\/meditex.ee\/lv\/produkts\/corsinel-stomasafe-cool\/"]}]},{"@type":"ImageObject","inLanguage":"lv-LV","@id":"https:\/\/meditex.ee\/lv\/produkts\/corsinel-stomasafe-cool\/#primaryimage","url":"https:\/\/meditex.ee\/wp-content\/uploads\/2025\/06\/321653_stomasafe_Cool_Unisex_TAN_Front_Highres_sticker.webp","contentUrl":"https:\/\/meditex.ee\/wp-content\/uploads\/2025\/06\/321653_stomasafe_Cool_Unisex_TAN_Front_Highres_sticker.webp","width":4000,"height":4000},{"@type":"BreadcrumbList","@id":"https:\/\/meditex.ee\/lv\/produkts\/corsinel-stomasafe-cool\/#breadcrumb","itemListElement":[{"@type":"ListItem","position":1,"name":"Home","item":"https:\/\/meditex.ee\/lv\/"},{"@type":"ListItem","position":2,"name":"Veikals","item":"https:\/\/meditex.ee\/lv\/veikals\/"},{"@type":"ListItem","position":3,"name":"Corsinel StomaSafe Cool"}]},{"@type":"WebSite","@id":"https:\/\/meditex.ee\/en\/#website","url":"https:\/\/meditex.ee\/en\/","name":"Meditex","description":"","publisher":{"@id":"https:\/\/meditex.ee\/en\/#organization"},"potentialAction":[{"@type":"SearchAction","target":{"@type":"EntryPoint","urlTemplate":"https:\/\/meditex.ee\/en\/?s={search_term_string}"},"query-input":{"@type":"PropertyValueSpecification","valueRequired":true,"valueName":"search_term_string"}}],"inLanguage":"lv-LV"},{"@type":"Organization","@id":"https:\/\/meditex.ee\/en\/#organization","name":"Meditex","url":"https:\/\/meditex.ee\/en\/","logo":{"@type":"ImageObject","inLanguage":"lv-LV","@id":"https:\/\/meditex.ee\/en\/#\/schema\/logo\/image\/","url":"https:\/\/meditex.ee\/wp-content\/uploads\/2018\/03\/mdtx_logo.png","contentUrl":"https:\/\/meditex.ee\/wp-content\/uploads\/2018\/03\/mdtx_logo.png","width":669,"height":235,"caption":"Meditex"},"image":{"@id":"https:\/\/meditex.ee\/en\/#\/schema\/logo\/image\/"},"sameAs":["https:\/\/www.facebook.com\/meditexepood\/"]}]}},"_links":{"self":[{"href":"https:\/\/meditex.ee\/lv\/wp-json\/wp\/v2\/product\/18634","targetHints":{"allow":["GET"]}}],"collection":[{"href":"https:\/\/meditex.ee\/lv\/wp-json\/wp\/v2\/product"}],"about":[{"href":"https:\/\/meditex.ee\/lv\/wp-json\/wp\/v2\/types\/product"}],"wp:featuredmedia":[{"embeddable":true,"href":"https:\/\/meditex.ee\/lv\/wp-json\/wp\/v2\/media\/18659"}],"wp:attachment":[{"href":"https:\/\/meditex.ee\/lv\/wp-json\/wp\/v2\/media?parent=18634"}],"wp:term":[{"taxonomy":"product_brand","embeddable":true,"href":"https:\/\/meditex.ee\/lv\/wp-json\/wp\/v2\/product_brand?post=18634"},{"taxonomy":"product_cat","embeddable":true,"href":"https:\/\/meditex.ee\/lv\/wp-json\/wp\/v2\/product_cat?post=18634"},{"taxonomy":"product_tag","embeddable":true,"href":"https:\/\/meditex.ee\/lv\/wp-json\/wp\/v2\/product_tag?post=18634"}],"curies":[{"name":"wp","href":"https:\/\/api.w.org\/{rel}","templated":true}]}}