{"id":18039,"date":"2024-05-12T08:30:37","date_gmt":"2024-05-12T08:30:41","guid":{"rendered":"https:\/\/meditex.ee\/?post_type=product&#038;p=18039"},"modified":"2025-06-24T08:37:22","modified_gmt":"2025-06-24T08:37:22","slug":"nordicare-mirabelle-kopeeri","status":"publish","type":"product","link":"https:\/\/meditex.ee\/lv\/produkts\/nordicare-mirabelle-kopeeri\/","title":{"rendered":"Kompresijas gulta NordiCare Alison"},"content":{"rendered":"<div class=\"row\"  id=\"row-197006272\">\n\n\t<div id=\"col-1680192571\" class=\"col medium-4 small-12 large-4\"  >\n\t\t\t\t<div class=\"col-inner\"  >\n\t\t\t\n\t\t\t\n\t\t<\/div>\n\t\t\t\t\t<\/div>\n\n\t\n\n\t<div id=\"col-1010120188\" class=\"col medium-4 small-12 large-4\"  >\n\t\t\t\t<div class=\"col-inner\"  >\n\t\t\t\n\t\t\t\n\t\t<\/div>\n\t\t\t\t\t<\/div>\n\n\t\n\n\t<div id=\"col-655987090\" class=\"col medium-4 small-12 large-4\"  >\n\t\t\t\t<div class=\"col-inner text-right\"  >\n\t\t\t\n\t\t\t\n\t<div class=\"img has-hover x md-x lg-x y md-y lg-y\" id=\"image_1017706286\">\n\t\t\t\t\t\t\t\t<div class=\"img-inner dark\" >\n\t\t\t<img decoding=\"async\" width=\"488\" height=\"154\" src=\"https:\/\/meditex.ee\/wp-content\/uploads\/2020\/03\/nordicare_logo.png\" class=\"attachment-large size-large\" alt=\"\" \/>\t\t\t\t\t\t\n\t\t\t\t\t<\/div>\n\t\t\t\t\t\t\t\t\n<style>\n#image_1017706286 {\n  width: 55%;\n}\n<\/style>\n\t<\/div>\n\t\n\t\t<\/div>\n\t\t\t\t\t<\/div>\n\n\t\n<\/div>\n<p><span style=\"font-weight: 400;\">Augstas muguras kompresijas bodijs, kas izgatavots no bez\u0161uvju materi\u0101la. Ieteicams lietot p\u0113c v\u0113dera, s\u0101nu un\/vai muguras oper\u0101cijas vai liposakcijas. Tr\u012bs pak\u0101pju aizdares ar satver\u0161anas roktur\u012b\u0161iem katr\u0101 pus\u0113, kas atvieglo uzvilk\u0161anu un piegul\u0113\u0161anu. <\/span><\/p>\n<p><span style=\"font-weight: 400;\">Atv\u0113rt\u0101 k\u0101jstarpes da\u013ca, lai atvieglotu lieto\u0161anu uzreiz p\u0113c oper\u0101cijas un tualetes apmekl\u0113\u0161anu, nenovelkot ap\u0123\u0113rbu. B\u012bd\u0101mas k\u0101ju da\u013cas ar pla\u0161u \u0137\u012bli iek\u0161pus\u0113, kas nodro\u0161ina \u0113rtu valk\u0101\u0161anu. <\/span><\/p>\n<p><span style=\"font-weight: 400;\">\u010cetrvirzienu elast\u012bgais materi\u0101ls piel\u0101gojas \u0137erme\u0146a kont\u016br\u0101m. Tas nodro\u0161ina vienm\u0113r\u012bgi sadal\u012btu kompresiju, neradot diskomfortu un nesavelkot \u0101du. Lai lab\u0101k piegul\u0113tu, virs s\u0113\u017eamvietas un cirk\u0161\u0146a ir ad\u012btas zonas. Papildu atbalstam ap v\u0113deru ir pastiprin\u0101tas ad\u012btas zonas. <\/span><\/p>\n<p><span style=\"font-weight: 400;\">Indik\u0101cijas: ieteicams p\u0113c plastisk\u0101s oper\u0101cijas. Kompresija uzlabo asinsriti un samazina p\u0113coper\u0101cijas piet\u016bkuma risku, t\u0101d\u0113j\u0101di uzlabojot dz\u012b\u0161anu un atvieglojot s\u0101pes. P\u0113c plastisk\u0101s oper\u0101cijas. <\/span><\/p>\n<p><span style=\"font-weight: 400;\">Kompresijas klase 1.<\/span><\/p>\n<p><span style=\"font-weight: 400;\">Kontrindik\u0101cijas: infekcija. Infekcija. Augsts trombozes risks. <\/span><\/p>\n<p style=\"text-align: left;\"><strong>Kop\u0161ana:<\/strong> mazg\u0101t ve\u013casma\u0161\u012bn\u0101 40\u00b0C temperat\u016br\u0101, vajadz\u012bbas gad\u012bjum\u0101 var mazg\u0101t augst\u0101k\u0101 temperat\u016br\u0101 l\u012bdz 60\u00b0C. Izstr\u0101d\u0101jums ilg\u0101k kalpo, ja to mazg\u0101 zem\u0101k\u0101 temperat\u016br\u0101. Izmantojiet mazg\u0101\u0161anas maisi\u0146u. Nelietojiet balin\u0101t\u0101jus vai audumu m\u012bkstin\u0101t\u0101jus, jo tie var boj\u0101t materi\u0101la funkcijas. \u017d\u0101v\u0113\u0161ana ve\u013cas \u017e\u0101v\u0113tav\u0101 ir aizliegta.<\/p>\n<p style=\"text-align: left;\"><span style=\"color: #000000;\"><strong>Kr\u0101sa:<\/strong> melna.<\/span><\/p>\n<p><strong>Materi\u0101ls:<\/strong> <span style=\"font-weight: 400;\">87% poliam\u012bds, 13% elast\u0101ns. Nesatur lateksu. <\/span><\/p>\n<p style=\"text-align: left;\"><span style=\"color: #000000;\"><strong>Izm\u0113ri:<\/strong> S &#8211; 2XL<\/span><\/p>\n<p><span style=\"font-weight: 400;\"><strong>M\u0113r\u012bjumi:<\/strong> lai nodro\u0161in\u0101tu vislab\u0101ko piegulumu un pareizu kompresiju, ir svar\u012bgi r\u016bp\u012bgi veikt m\u0113r\u012bjumus un izv\u0113l\u0113ties izm\u0113ru atbilsto\u0161i izm\u0113ru tabulai. Ap\u0123\u0113rbam j\u0101b\u016bt cie\u0161i piegu\u013co\u0161am, bet \u0113rtam. <\/span><\/p>\n<p><span style=\"font-weight: 400;\">Viduklis: izm\u0113riet apk\u0101rt viduk\u013ca tiev\u0101kajai da\u013cai.<\/span><\/p>\n<p><span style=\"font-weight: 400;\">Gurni: nost\u0101jieties ar ab\u0101m k\u0101j\u0101m kop\u0101 un izm\u0113riet apk\u0101rtm\u0113ru g\u016b\u017eas vispla\u0161\u0101kaj\u0101 viet\u0101.<\/span><\/p>\n<p><span style=\"font-weight: 400;\">Ciskas: apk\u0101rtm\u0113rs no aug\u0161stilba vidus.<\/span><\/p>\n\t<div class=\"img has-hover x md-x lg-x y md-y lg-y\" id=\"image_1143353628\">\n\t\t\t\t\t\t\t\t<div class=\"img-inner dark\" >\n\t\t\t<img decoding=\"async\" width=\"500\" height=\"228\" src=\"https:\/\/meditex.ee\/wp-content\/uploads\/2024\/05\/Alison_measurements.webp\" class=\"attachment-large size-large\" alt=\"\" \/>\t\t\t\t\t\t\n\t\t\t\t\t<\/div>\n\t\t\t\t\t\t\t\t\n<style>\n#image_1143353628 {\n  width: 50%;\n}\n<\/style>\n\t<\/div>\n\t\n\t<div id=\"gap-935709485\" class=\"gap-element clearfix\" style=\"display:block; height:auto;\">\n\t\t\n<style>\n#gap-935709485 {\n  padding-top: 30px;\n}\n<\/style>\n\t<\/div>\n\t\n<div class=\"row\"  id=\"row-885977900\">\n\n\t<div id=\"col-1019176207\" class=\"col small-12 large-12\"  >\n\t\t\t\t<div class=\"col-inner\"  >\n\t\t\t\n\t\t\t\n\t<div id=\"gap-2034502817\" class=\"gap-element clearfix\" style=\"display:block; height:auto;\">\n\t\t\n<style>\n#gap-2034502817 {\n  padding-top: 30px;\n}\n<\/style>\n\t<\/div>\n\t\n<div class=\"video video-fit mb\" style=\"padding-top:56.25%;\"><p><iframe title=\"NordiCare Alison, Compression body\" src=\"https:\/\/player.vimeo.com\/video\/644800488?dnt=1&amp;app_id=122963\" width=\"1020\" height=\"574\" frameborder=\"0\" allow=\"autoplay; fullscreen; picture-in-picture; clipboard-write; encrypted-media; web-share\" referrerpolicy=\"strict-origin-when-cross-origin\"><\/iframe><\/p>\n<\/div>\n\t\t<\/div>\n\t\t\t\t\t<\/div>\n\n\t\n<\/div>\n<p>Vair\u0101k par NordiCare lasiet \u0161eit: <a href=\"https:\/\/meditex.ee\/lv\/nordicare\/\">https:\/\/meditex.ee\/nordicare\/<\/a><\/p>\n<p>Inform\u0101cija ra\u017eot\u0101ja t\u012bmek\u013ca vietn\u0113: <a href=\"https:\/\/t.ly\/n4_pk\">https:\/\/t.ly\/n4_pk.<\/a><\/p>\n","protected":false},"excerpt":{"rendered":"<p style=\"text-align: left;\"><span style=\"font-weight: 400; font-size: 75%;\">Augstas muguras kompresijas bodijs, kas izgatavots no bez\u0161uvju materi\u0101la.<\/span><\/p>\n","protected":false},"featured_media":18108,"template":"","meta":[],"product_brand":[],"product_cat":[494],"product_tag":[567],"class_list":{"0":"post-18039","1":"product","2":"type-product","3":"status-publish","4":"has-post-thumbnail","6":"product_cat-papildu-produkti","7":"product_tag-nordicare-lv","9":"first","10":"instock","11":"taxable","12":"shipping-taxable","13":"purchasable","14":"product-type-variable"},"yoast_head":"<!-- This site is optimized with the Yoast SEO plugin v27.3 - https:\/\/yoast.com\/product\/yoast-seo-wordpress\/ -->\n<title>Kompresijas gulta NordiCare Alison<\/title>\n<meta name=\"description\" content=\"Ieteicams lietot p\u0113c v\u0113dera, s\u0101nu un\/vai muguras oper\u0101cijas vai liposakcijas. Kompresijas stobrs nodro\u0161ina vienm\u0113r\u012bgi sadal\u012btu kompresiju.\" \/>\n<meta name=\"robots\" content=\"index, follow, max-snippet:-1, max-image-preview:large, max-video-preview:-1\" \/>\n<link rel=\"canonical\" href=\"https:\/\/meditex.ee\/lv\/produkts\/nordicare-mirabelle-kopeeri\/\" \/>\n<meta property=\"og:locale\" content=\"lv_LV\" \/>\n<meta property=\"og:type\" content=\"article\" \/>\n<meta property=\"og:title\" content=\"Kompresijas gulta NordiCare Alison\" \/>\n<meta property=\"og:description\" content=\"Ieteicams lietot p\u0113c v\u0113dera, s\u0101nu un\/vai muguras oper\u0101cijas vai liposakcijas. Kompresijas stobrs nodro\u0161ina vienm\u0113r\u012bgi sadal\u012btu kompresiju.\" \/>\n<meta property=\"og:url\" content=\"https:\/\/meditex.ee\/lv\/produkts\/nordicare-mirabelle-kopeeri\/\" \/>\n<meta property=\"og:site_name\" content=\"Meditex\" \/>\n<meta property=\"article:publisher\" content=\"https:\/\/www.facebook.com\/meditexepood\/\" \/>\n<meta property=\"article:modified_time\" content=\"2025-06-24T08:37:22+00:00\" \/>\n<meta property=\"og:image\" content=\"https:\/\/meditex.ee\/wp-content\/uploads\/2024\/05\/alison_bea_fram_2.webp\" \/>\n\t<meta property=\"og:image:width\" content=\"500\" \/>\n\t<meta property=\"og:image:height\" content=\"500\" \/>\n\t<meta property=\"og:image:type\" content=\"image\/webp\" \/>\n<meta name=\"twitter:card\" content=\"summary_large_image\" \/>\n<meta name=\"twitter:label1\" content=\"Est. reading time\" \/>\n\t<meta name=\"twitter:data1\" content=\"2 minutes\" \/>\n<script type=\"application\/ld+json\" class=\"yoast-schema-graph\">{\"@context\":\"https:\\\/\\\/schema.org\",\"@graph\":[{\"@type\":\"WebPage\",\"@id\":\"https:\\\/\\\/meditex.ee\\\/lv\\\/produkts\\\/nordicare-mirabelle-kopeeri\\\/\",\"url\":\"https:\\\/\\\/meditex.ee\\\/lv\\\/produkts\\\/nordicare-mirabelle-kopeeri\\\/\",\"name\":\"Kompresijas gulta NordiCare Alison\",\"isPartOf\":{\"@id\":\"https:\\\/\\\/meditex.ee\\\/en\\\/#website\"},\"primaryImageOfPage\":{\"@id\":\"https:\\\/\\\/meditex.ee\\\/lv\\\/produkts\\\/nordicare-mirabelle-kopeeri\\\/#primaryimage\"},\"image\":{\"@id\":\"https:\\\/\\\/meditex.ee\\\/lv\\\/produkts\\\/nordicare-mirabelle-kopeeri\\\/#primaryimage\"},\"thumbnailUrl\":\"https:\\\/\\\/meditex.ee\\\/wp-content\\\/uploads\\\/2024\\\/05\\\/alison_bea_fram_2.webp\",\"datePublished\":\"2024-05-12T08:30:41+00:00\",\"dateModified\":\"2025-06-24T08:37:22+00:00\",\"description\":\"Ieteicams lietot p\u0113c v\u0113dera, s\u0101nu un\\\/vai muguras oper\u0101cijas vai liposakcijas. Kompresijas stobrs nodro\u0161ina vienm\u0113r\u012bgi sadal\u012btu kompresiju.\",\"breadcrumb\":{\"@id\":\"https:\\\/\\\/meditex.ee\\\/lv\\\/produkts\\\/nordicare-mirabelle-kopeeri\\\/#breadcrumb\"},\"inLanguage\":\"lv-LV\",\"potentialAction\":[{\"@type\":\"ReadAction\",\"target\":[\"https:\\\/\\\/meditex.ee\\\/lv\\\/produkts\\\/nordicare-mirabelle-kopeeri\\\/\"]}]},{\"@type\":\"ImageObject\",\"inLanguage\":\"lv-LV\",\"@id\":\"https:\\\/\\\/meditex.ee\\\/lv\\\/produkts\\\/nordicare-mirabelle-kopeeri\\\/#primaryimage\",\"url\":\"https:\\\/\\\/meditex.ee\\\/wp-content\\\/uploads\\\/2024\\\/05\\\/alison_bea_fram_2.webp\",\"contentUrl\":\"https:\\\/\\\/meditex.ee\\\/wp-content\\\/uploads\\\/2024\\\/05\\\/alison_bea_fram_2.webp\",\"width\":500,\"height\":500},{\"@type\":\"BreadcrumbList\",\"@id\":\"https:\\\/\\\/meditex.ee\\\/lv\\\/produkts\\\/nordicare-mirabelle-kopeeri\\\/#breadcrumb\",\"itemListElement\":[{\"@type\":\"ListItem\",\"position\":1,\"name\":\"Home\",\"item\":\"https:\\\/\\\/meditex.ee\\\/lv\\\/\"},{\"@type\":\"ListItem\",\"position\":2,\"name\":\"Veikals\",\"item\":\"https:\\\/\\\/meditex.ee\\\/lv\\\/veikals\\\/\"},{\"@type\":\"ListItem\",\"position\":3,\"name\":\"Kompresijas gulta NordiCare Alison\"}]},{\"@type\":\"WebSite\",\"@id\":\"https:\\\/\\\/meditex.ee\\\/en\\\/#website\",\"url\":\"https:\\\/\\\/meditex.ee\\\/en\\\/\",\"name\":\"Meditex\",\"description\":\"\",\"publisher\":{\"@id\":\"https:\\\/\\\/meditex.ee\\\/en\\\/#organization\"},\"potentialAction\":[{\"@type\":\"SearchAction\",\"target\":{\"@type\":\"EntryPoint\",\"urlTemplate\":\"https:\\\/\\\/meditex.ee\\\/en\\\/?s={search_term_string}\"},\"query-input\":{\"@type\":\"PropertyValueSpecification\",\"valueRequired\":true,\"valueName\":\"search_term_string\"}}],\"inLanguage\":\"lv-LV\"},{\"@type\":\"Organization\",\"@id\":\"https:\\\/\\\/meditex.ee\\\/en\\\/#organization\",\"name\":\"Meditex\",\"url\":\"https:\\\/\\\/meditex.ee\\\/en\\\/\",\"logo\":{\"@type\":\"ImageObject\",\"inLanguage\":\"lv-LV\",\"@id\":\"https:\\\/\\\/meditex.ee\\\/en\\\/#\\\/schema\\\/logo\\\/image\\\/\",\"url\":\"https:\\\/\\\/meditex.ee\\\/wp-content\\\/uploads\\\/2018\\\/03\\\/mdtx_logo.png\",\"contentUrl\":\"https:\\\/\\\/meditex.ee\\\/wp-content\\\/uploads\\\/2018\\\/03\\\/mdtx_logo.png\",\"width\":669,\"height\":235,\"caption\":\"Meditex\"},\"image\":{\"@id\":\"https:\\\/\\\/meditex.ee\\\/en\\\/#\\\/schema\\\/logo\\\/image\\\/\"},\"sameAs\":[\"https:\\\/\\\/www.facebook.com\\\/meditexepood\\\/\"]}]}<\/script>\n<!-- \/ Yoast SEO plugin. -->","yoast_head_json":{"title":"Kompresijas gulta NordiCare Alison","description":"Ieteicams lietot p\u0113c v\u0113dera, s\u0101nu un\/vai muguras oper\u0101cijas vai liposakcijas. Kompresijas stobrs nodro\u0161ina vienm\u0113r\u012bgi sadal\u012btu kompresiju.","robots":{"index":"index","follow":"follow","max-snippet":"max-snippet:-1","max-image-preview":"max-image-preview:large","max-video-preview":"max-video-preview:-1"},"canonical":"https:\/\/meditex.ee\/lv\/produkts\/nordicare-mirabelle-kopeeri\/","og_locale":"lv_LV","og_type":"article","og_title":"Kompresijas gulta NordiCare Alison","og_description":"Ieteicams lietot p\u0113c v\u0113dera, s\u0101nu un\/vai muguras oper\u0101cijas vai liposakcijas. Kompresijas stobrs nodro\u0161ina vienm\u0113r\u012bgi sadal\u012btu kompresiju.","og_url":"https:\/\/meditex.ee\/lv\/produkts\/nordicare-mirabelle-kopeeri\/","og_site_name":"Meditex","article_publisher":"https:\/\/www.facebook.com\/meditexepood\/","article_modified_time":"2025-06-24T08:37:22+00:00","og_image":[{"width":500,"height":500,"url":"https:\/\/meditex.ee\/wp-content\/uploads\/2024\/05\/alison_bea_fram_2.webp","type":"image\/webp"}],"twitter_card":"summary_large_image","twitter_misc":{"Est. reading time":"2 minutes"},"schema":{"@context":"https:\/\/schema.org","@graph":[{"@type":"WebPage","@id":"https:\/\/meditex.ee\/lv\/produkts\/nordicare-mirabelle-kopeeri\/","url":"https:\/\/meditex.ee\/lv\/produkts\/nordicare-mirabelle-kopeeri\/","name":"Kompresijas gulta NordiCare Alison","isPartOf":{"@id":"https:\/\/meditex.ee\/en\/#website"},"primaryImageOfPage":{"@id":"https:\/\/meditex.ee\/lv\/produkts\/nordicare-mirabelle-kopeeri\/#primaryimage"},"image":{"@id":"https:\/\/meditex.ee\/lv\/produkts\/nordicare-mirabelle-kopeeri\/#primaryimage"},"thumbnailUrl":"https:\/\/meditex.ee\/wp-content\/uploads\/2024\/05\/alison_bea_fram_2.webp","datePublished":"2024-05-12T08:30:41+00:00","dateModified":"2025-06-24T08:37:22+00:00","description":"Ieteicams lietot p\u0113c v\u0113dera, s\u0101nu un\/vai muguras oper\u0101cijas vai liposakcijas. Kompresijas stobrs nodro\u0161ina vienm\u0113r\u012bgi sadal\u012btu kompresiju.","breadcrumb":{"@id":"https:\/\/meditex.ee\/lv\/produkts\/nordicare-mirabelle-kopeeri\/#breadcrumb"},"inLanguage":"lv-LV","potentialAction":[{"@type":"ReadAction","target":["https:\/\/meditex.ee\/lv\/produkts\/nordicare-mirabelle-kopeeri\/"]}]},{"@type":"ImageObject","inLanguage":"lv-LV","@id":"https:\/\/meditex.ee\/lv\/produkts\/nordicare-mirabelle-kopeeri\/#primaryimage","url":"https:\/\/meditex.ee\/wp-content\/uploads\/2024\/05\/alison_bea_fram_2.webp","contentUrl":"https:\/\/meditex.ee\/wp-content\/uploads\/2024\/05\/alison_bea_fram_2.webp","width":500,"height":500},{"@type":"BreadcrumbList","@id":"https:\/\/meditex.ee\/lv\/produkts\/nordicare-mirabelle-kopeeri\/#breadcrumb","itemListElement":[{"@type":"ListItem","position":1,"name":"Home","item":"https:\/\/meditex.ee\/lv\/"},{"@type":"ListItem","position":2,"name":"Veikals","item":"https:\/\/meditex.ee\/lv\/veikals\/"},{"@type":"ListItem","position":3,"name":"Kompresijas gulta NordiCare Alison"}]},{"@type":"WebSite","@id":"https:\/\/meditex.ee\/en\/#website","url":"https:\/\/meditex.ee\/en\/","name":"Meditex","description":"","publisher":{"@id":"https:\/\/meditex.ee\/en\/#organization"},"potentialAction":[{"@type":"SearchAction","target":{"@type":"EntryPoint","urlTemplate":"https:\/\/meditex.ee\/en\/?s={search_term_string}"},"query-input":{"@type":"PropertyValueSpecification","valueRequired":true,"valueName":"search_term_string"}}],"inLanguage":"lv-LV"},{"@type":"Organization","@id":"https:\/\/meditex.ee\/en\/#organization","name":"Meditex","url":"https:\/\/meditex.ee\/en\/","logo":{"@type":"ImageObject","inLanguage":"lv-LV","@id":"https:\/\/meditex.ee\/en\/#\/schema\/logo\/image\/","url":"https:\/\/meditex.ee\/wp-content\/uploads\/2018\/03\/mdtx_logo.png","contentUrl":"https:\/\/meditex.ee\/wp-content\/uploads\/2018\/03\/mdtx_logo.png","width":669,"height":235,"caption":"Meditex"},"image":{"@id":"https:\/\/meditex.ee\/en\/#\/schema\/logo\/image\/"},"sameAs":["https:\/\/www.facebook.com\/meditexepood\/"]}]}},"_links":{"self":[{"href":"https:\/\/meditex.ee\/lv\/wp-json\/wp\/v2\/product\/18039","targetHints":{"allow":["GET"]}}],"collection":[{"href":"https:\/\/meditex.ee\/lv\/wp-json\/wp\/v2\/product"}],"about":[{"href":"https:\/\/meditex.ee\/lv\/wp-json\/wp\/v2\/types\/product"}],"wp:featuredmedia":[{"embeddable":true,"href":"https:\/\/meditex.ee\/lv\/wp-json\/wp\/v2\/media\/18108"}],"wp:attachment":[{"href":"https:\/\/meditex.ee\/lv\/wp-json\/wp\/v2\/media?parent=18039"}],"wp:term":[{"taxonomy":"product_brand","embeddable":true,"href":"https:\/\/meditex.ee\/lv\/wp-json\/wp\/v2\/product_brand?post=18039"},{"taxonomy":"product_cat","embeddable":true,"href":"https:\/\/meditex.ee\/lv\/wp-json\/wp\/v2\/product_cat?post=18039"},{"taxonomy":"product_tag","embeddable":true,"href":"https:\/\/meditex.ee\/lv\/wp-json\/wp\/v2\/product_tag?post=18039"}],"curies":[{"name":"wp","href":"https:\/\/api.w.org\/{rel}","templated":true}]}}