{"id":17800,"date":"2024-02-12T11:57:55","date_gmt":"2024-02-12T11:57:55","guid":{"rendered":"https:\/\/meditex.ee\/?post_type=product&#038;p=17800"},"modified":"2024-02-20T08:29:08","modified_gmt":"2024-02-20T08:29:08","slug":"galvas-parsejs-nordicare-kim","status":"publish","type":"product","link":"https:\/\/meditex.ee\/lv\/produkts\/galvas-parsejs-nordicare-kim\/","title":{"rendered":"galvas p\u0101rs\u0113js NordiCare KIM"},"content":{"rendered":"<div class=\"row\"  id=\"row-628181889\">\n\n\t<div id=\"col-1218787060\" class=\"col medium-6 small-12 large-6\"  >\n\t\t\t\t<div class=\"col-inner\"  >\n\t\t\t\n\t\t\t\n\t\t<\/div>\n\t\t\t\t\t<\/div>\n\n\t\n\n\t<div id=\"col-119955905\" class=\"col medium-6 small-12 large-6\"  >\n\t\t\t\t<div class=\"col-inner text-right\"  >\n\t\t\t\n\t\t\t\n\t<div class=\"img has-hover x md-x lg-x y md-y lg-y\" id=\"image_1791951098\">\n\t\t\t\t\t\t\t\t<div class=\"img-inner dark\" >\n\t\t\t<img decoding=\"async\" width=\"488\" height=\"154\" src=\"https:\/\/meditex.ee\/wp-content\/uploads\/2020\/03\/nordicare_logo.png\" class=\"attachment-large size-large\" alt=\"\" \/>\t\t\t\t\t\t\n\t\t\t\t\t<\/div>\n\t\t\t\t\t\t\t\t\n<style>\n#image_1791951098 {\n  width: 40%;\n}\n<\/style>\n\t<\/div>\n\t\n\t\t<\/div>\n\t\t\t\t\t<\/div>\n\n\t\n<\/div>\n<p style=\"text-align: left;\">Kim ir regul\u0113jama galvas lente, kas izgatavota no \u0113rta materi\u0101la ar bez\u0161uvju mal\u0101m. P\u0101rs\u0113ju var viegli apgriezt ap vaigiem, zodu un kaklu, lai nodro\u0161in\u0101tu optim\u0101lu komfortu un piem\u0113rot\u012bbu. Izstr\u0101d\u0101jum\u0101 ir iesp\u0113jams izgriezt ar\u012b caurumus, piem\u0113ram, aus\u012bm. Siksnu garumu var sa\u012bsin\u0101t.<\/p>\n<p style=\"text-align: left;\">Vislab\u0101ko piegulumu un kompresiju var pan\u0101kt, regul\u0113jot tr\u012bs siksni\u0146as. Sazi\u0146a saglab\u0101jas stabila ar\u012b nakt\u012b. P\u0101rs\u0113ja materi\u0101ls ir elpojo\u0161s un sniedz \u0101dai v\u0113suma saj\u016btu.<\/p>\n<p><strong>Izm\u0113rs:<\/strong> S\/M, L\/XL<\/p>\n\t<div class=\"img has-hover x md-x lg-x y md-y lg-y\" id=\"image_1736543634\">\n\t\t\t\t\t\t\t\t<div class=\"img-inner dark\" >\n\t\t\t<img decoding=\"async\" width=\"350\" height=\"276\" src=\"https:\/\/meditex.ee\/wp-content\/uploads\/2024\/02\/kim_measurment.webp\" class=\"attachment-medium size-medium\" alt=\"\" \/>\t\t\t\t\t\t\n\t\t\t\t\t<\/div>\n\t\t\t\t\t\t\t\t\n<style>\n#image_1736543634 {\n  width: 27%;\n}\n<\/style>\n\t<\/div>\n\t\n<div class=\"is-divider divider clearfix\" style=\"background-color:rgb(255, 255, 255);\"><\/div>\n<p><strong>Kop\u0161ana: <\/strong>mazg\u0101t ve\u013casma\u0161\u012bn\u0101 40\u00b0C temperat\u016br\u0101, vajadz\u012bbas gad\u012bjum\u0101 var mazg\u0101t augst\u0101k\u0101 temperat\u016br\u0101 l\u012bdz 60\u00b0C. Izstr\u0101d\u0101jums ilg\u0101k kalpo, ja to mazg\u0101 zem\u0101k\u0101 temperat\u016br\u0101. \u017d\u0101v\u0113\u0161ana ve\u013cas \u017e\u0101v\u0113tav\u0101 ir aizliegta. Pirms mazg\u0101\u0161anas aizveriet jakas aizdari, izmantojiet ve\u013cas sietu. Asins traipu gad\u012bjum\u0101 iem\u0113rciet vai mazg\u0101jiet aukst\u0101 \u016bden\u012b. Neizmantojiet balin\u0101t\u0101ju vai audumu m\u012bkstin\u0101t\u0101ju, jo tas var saboj\u0101t materi\u0101lu.<\/p>\n","protected":false},"excerpt":{"rendered":"<p><span style=\"font-size: 75%;\">Regul\u0113jama galvas lente no \u0113rta materi\u0101la ar bez\u0161uvju mal\u0101m.<\/span><\/p>\n","protected":false},"featured_media":17844,"template":"","meta":[],"product_brand":[],"product_cat":[356],"product_tag":[258],"class_list":{"0":"post-17800","1":"product","2":"type-product","3":"status-publish","4":"has-post-thumbnail","6":"product_cat-peasidemed","7":"product_tag-nordicare","9":"first","10":"instock","11":"taxable","12":"shipping-taxable","13":"purchasable","14":"product-type-variable"},"yoast_head":"<!-- This site is optimized with the Yoast SEO plugin v27.3 - https:\/\/yoast.com\/product\/yoast-seo-wordpress\/ -->\n<title>galvas p\u0101rs\u0113js NordiCare KIM - Meditex<\/title>\n<meta name=\"description\" content=\"Kim ir regul\u0113jama galvas st\u012bpa, kas izgatavota no \u0113rta materi\u0101la. P\u0101rs\u0113ju var viegli apgriezt ap vaigiem, zodu un kaklu, lai tas labi piegul\u0113tu.\" \/>\n<meta name=\"robots\" content=\"index, follow, max-snippet:-1, max-image-preview:large, max-video-preview:-1\" \/>\n<link rel=\"canonical\" href=\"https:\/\/meditex.ee\/toode\/peaside-nordicare-kim\/\" \/>\n<meta property=\"og:locale\" content=\"lv_LV\" \/>\n<meta property=\"og:type\" content=\"article\" \/>\n<meta property=\"og:title\" content=\"galvas p\u0101rs\u0113js NordiCare KIM - Meditex\" \/>\n<meta property=\"og:description\" content=\"Kim ir regul\u0113jama galvas st\u012bpa, kas izgatavota no \u0113rta materi\u0101la. P\u0101rs\u0113ju var viegli apgriezt ap vaigiem, zodu un kaklu, lai tas labi piegul\u0113tu.\" \/>\n<meta property=\"og:url\" content=\"https:\/\/meditex.ee\/toode\/peaside-nordicare-kim\/\" \/>\n<meta property=\"og:site_name\" content=\"Meditex\" \/>\n<meta property=\"article:publisher\" content=\"https:\/\/www.facebook.com\/meditexepood\/\" \/>\n<meta property=\"article:modified_time\" content=\"2024-02-20T08:29:08+00:00\" \/>\n<meta property=\"og:image\" content=\"https:\/\/meditex.ee\/wp-content\/uploads\/2024\/02\/kim_mg_background.webp\" \/>\n\t<meta property=\"og:image:width\" content=\"500\" \/>\n\t<meta property=\"og:image:height\" content=\"500\" \/>\n\t<meta property=\"og:image:type\" content=\"image\/webp\" \/>\n<meta name=\"twitter:card\" content=\"summary_large_image\" \/>\n<meta name=\"twitter:label1\" content=\"Est. reading time\" \/>\n\t<meta name=\"twitter:data1\" content=\"1 minute\" \/>\n<script type=\"application\/ld+json\" class=\"yoast-schema-graph\">{\"@context\":\"https:\\\/\\\/schema.org\",\"@graph\":[{\"@type\":\"WebPage\",\"@id\":\"https:\\\/\\\/meditex.ee\\\/toode\\\/peaside-nordicare-kim\\\/\",\"url\":\"https:\\\/\\\/meditex.ee\\\/toode\\\/peaside-nordicare-kim\\\/\",\"name\":\"galvas p\u0101rs\u0113js NordiCare KIM - Meditex\",\"isPartOf\":{\"@id\":\"https:\\\/\\\/meditex.ee\\\/en\\\/#website\"},\"primaryImageOfPage\":{\"@id\":\"https:\\\/\\\/meditex.ee\\\/toode\\\/peaside-nordicare-kim\\\/#primaryimage\"},\"image\":{\"@id\":\"https:\\\/\\\/meditex.ee\\\/toode\\\/peaside-nordicare-kim\\\/#primaryimage\"},\"thumbnailUrl\":\"https:\\\/\\\/meditex.ee\\\/wp-content\\\/uploads\\\/2024\\\/02\\\/kim_mg_background.webp\",\"datePublished\":\"2024-02-12T11:57:55+00:00\",\"dateModified\":\"2024-02-20T08:29:08+00:00\",\"description\":\"Kim ir regul\u0113jama galvas st\u012bpa, kas izgatavota no \u0113rta materi\u0101la. P\u0101rs\u0113ju var viegli apgriezt ap vaigiem, zodu un kaklu, lai tas labi piegul\u0113tu.\",\"breadcrumb\":{\"@id\":\"https:\\\/\\\/meditex.ee\\\/toode\\\/peaside-nordicare-kim\\\/#breadcrumb\"},\"inLanguage\":\"lv-LV\",\"potentialAction\":[{\"@type\":\"ReadAction\",\"target\":[\"https:\\\/\\\/meditex.ee\\\/toode\\\/peaside-nordicare-kim\\\/\"]}]},{\"@type\":\"ImageObject\",\"inLanguage\":\"lv-LV\",\"@id\":\"https:\\\/\\\/meditex.ee\\\/toode\\\/peaside-nordicare-kim\\\/#primaryimage\",\"url\":\"https:\\\/\\\/meditex.ee\\\/wp-content\\\/uploads\\\/2024\\\/02\\\/kim_mg_background.webp\",\"contentUrl\":\"https:\\\/\\\/meditex.ee\\\/wp-content\\\/uploads\\\/2024\\\/02\\\/kim_mg_background.webp\",\"width\":500,\"height\":500},{\"@type\":\"BreadcrumbList\",\"@id\":\"https:\\\/\\\/meditex.ee\\\/toode\\\/peaside-nordicare-kim\\\/#breadcrumb\",\"itemListElement\":[{\"@type\":\"ListItem\",\"position\":1,\"name\":\"Home\",\"item\":\"https:\\\/\\\/meditex.ee\\\/lv\\\/\"},{\"@type\":\"ListItem\",\"position\":2,\"name\":\"Veikals\",\"item\":\"https:\\\/\\\/meditex.ee\\\/lv\\\/veikals\\\/\"},{\"@type\":\"ListItem\",\"position\":3,\"name\":\"galvas p\u0101rs\u0113js NordiCare KIM\"}]},{\"@type\":\"WebSite\",\"@id\":\"https:\\\/\\\/meditex.ee\\\/en\\\/#website\",\"url\":\"https:\\\/\\\/meditex.ee\\\/en\\\/\",\"name\":\"Meditex\",\"description\":\"\",\"publisher\":{\"@id\":\"https:\\\/\\\/meditex.ee\\\/en\\\/#organization\"},\"potentialAction\":[{\"@type\":\"SearchAction\",\"target\":{\"@type\":\"EntryPoint\",\"urlTemplate\":\"https:\\\/\\\/meditex.ee\\\/en\\\/?s={search_term_string}\"},\"query-input\":{\"@type\":\"PropertyValueSpecification\",\"valueRequired\":true,\"valueName\":\"search_term_string\"}}],\"inLanguage\":\"lv-LV\"},{\"@type\":\"Organization\",\"@id\":\"https:\\\/\\\/meditex.ee\\\/en\\\/#organization\",\"name\":\"Meditex\",\"url\":\"https:\\\/\\\/meditex.ee\\\/en\\\/\",\"logo\":{\"@type\":\"ImageObject\",\"inLanguage\":\"lv-LV\",\"@id\":\"https:\\\/\\\/meditex.ee\\\/en\\\/#\\\/schema\\\/logo\\\/image\\\/\",\"url\":\"https:\\\/\\\/meditex.ee\\\/wp-content\\\/uploads\\\/2018\\\/03\\\/mdtx_logo.png\",\"contentUrl\":\"https:\\\/\\\/meditex.ee\\\/wp-content\\\/uploads\\\/2018\\\/03\\\/mdtx_logo.png\",\"width\":669,\"height\":235,\"caption\":\"Meditex\"},\"image\":{\"@id\":\"https:\\\/\\\/meditex.ee\\\/en\\\/#\\\/schema\\\/logo\\\/image\\\/\"},\"sameAs\":[\"https:\\\/\\\/www.facebook.com\\\/meditexepood\\\/\"]}]}<\/script>\n<!-- \/ Yoast SEO plugin. -->","yoast_head_json":{"title":"galvas p\u0101rs\u0113js NordiCare KIM - Meditex","description":"Kim ir regul\u0113jama galvas st\u012bpa, kas izgatavota no \u0113rta materi\u0101la. P\u0101rs\u0113ju var viegli apgriezt ap vaigiem, zodu un kaklu, lai tas labi piegul\u0113tu.","robots":{"index":"index","follow":"follow","max-snippet":"max-snippet:-1","max-image-preview":"max-image-preview:large","max-video-preview":"max-video-preview:-1"},"canonical":"https:\/\/meditex.ee\/toode\/peaside-nordicare-kim\/","og_locale":"lv_LV","og_type":"article","og_title":"galvas p\u0101rs\u0113js NordiCare KIM - Meditex","og_description":"Kim ir regul\u0113jama galvas st\u012bpa, kas izgatavota no \u0113rta materi\u0101la. P\u0101rs\u0113ju var viegli apgriezt ap vaigiem, zodu un kaklu, lai tas labi piegul\u0113tu.","og_url":"https:\/\/meditex.ee\/toode\/peaside-nordicare-kim\/","og_site_name":"Meditex","article_publisher":"https:\/\/www.facebook.com\/meditexepood\/","article_modified_time":"2024-02-20T08:29:08+00:00","og_image":[{"width":500,"height":500,"url":"https:\/\/meditex.ee\/wp-content\/uploads\/2024\/02\/kim_mg_background.webp","type":"image\/webp"}],"twitter_card":"summary_large_image","twitter_misc":{"Est. reading time":"1 minute"},"schema":{"@context":"https:\/\/schema.org","@graph":[{"@type":"WebPage","@id":"https:\/\/meditex.ee\/toode\/peaside-nordicare-kim\/","url":"https:\/\/meditex.ee\/toode\/peaside-nordicare-kim\/","name":"galvas p\u0101rs\u0113js NordiCare KIM - Meditex","isPartOf":{"@id":"https:\/\/meditex.ee\/en\/#website"},"primaryImageOfPage":{"@id":"https:\/\/meditex.ee\/toode\/peaside-nordicare-kim\/#primaryimage"},"image":{"@id":"https:\/\/meditex.ee\/toode\/peaside-nordicare-kim\/#primaryimage"},"thumbnailUrl":"https:\/\/meditex.ee\/wp-content\/uploads\/2024\/02\/kim_mg_background.webp","datePublished":"2024-02-12T11:57:55+00:00","dateModified":"2024-02-20T08:29:08+00:00","description":"Kim ir regul\u0113jama galvas st\u012bpa, kas izgatavota no \u0113rta materi\u0101la. P\u0101rs\u0113ju var viegli apgriezt ap vaigiem, zodu un kaklu, lai tas labi piegul\u0113tu.","breadcrumb":{"@id":"https:\/\/meditex.ee\/toode\/peaside-nordicare-kim\/#breadcrumb"},"inLanguage":"lv-LV","potentialAction":[{"@type":"ReadAction","target":["https:\/\/meditex.ee\/toode\/peaside-nordicare-kim\/"]}]},{"@type":"ImageObject","inLanguage":"lv-LV","@id":"https:\/\/meditex.ee\/toode\/peaside-nordicare-kim\/#primaryimage","url":"https:\/\/meditex.ee\/wp-content\/uploads\/2024\/02\/kim_mg_background.webp","contentUrl":"https:\/\/meditex.ee\/wp-content\/uploads\/2024\/02\/kim_mg_background.webp","width":500,"height":500},{"@type":"BreadcrumbList","@id":"https:\/\/meditex.ee\/toode\/peaside-nordicare-kim\/#breadcrumb","itemListElement":[{"@type":"ListItem","position":1,"name":"Home","item":"https:\/\/meditex.ee\/lv\/"},{"@type":"ListItem","position":2,"name":"Veikals","item":"https:\/\/meditex.ee\/lv\/veikals\/"},{"@type":"ListItem","position":3,"name":"galvas p\u0101rs\u0113js NordiCare KIM"}]},{"@type":"WebSite","@id":"https:\/\/meditex.ee\/en\/#website","url":"https:\/\/meditex.ee\/en\/","name":"Meditex","description":"","publisher":{"@id":"https:\/\/meditex.ee\/en\/#organization"},"potentialAction":[{"@type":"SearchAction","target":{"@type":"EntryPoint","urlTemplate":"https:\/\/meditex.ee\/en\/?s={search_term_string}"},"query-input":{"@type":"PropertyValueSpecification","valueRequired":true,"valueName":"search_term_string"}}],"inLanguage":"lv-LV"},{"@type":"Organization","@id":"https:\/\/meditex.ee\/en\/#organization","name":"Meditex","url":"https:\/\/meditex.ee\/en\/","logo":{"@type":"ImageObject","inLanguage":"lv-LV","@id":"https:\/\/meditex.ee\/en\/#\/schema\/logo\/image\/","url":"https:\/\/meditex.ee\/wp-content\/uploads\/2018\/03\/mdtx_logo.png","contentUrl":"https:\/\/meditex.ee\/wp-content\/uploads\/2018\/03\/mdtx_logo.png","width":669,"height":235,"caption":"Meditex"},"image":{"@id":"https:\/\/meditex.ee\/en\/#\/schema\/logo\/image\/"},"sameAs":["https:\/\/www.facebook.com\/meditexepood\/"]}]}},"_links":{"self":[{"href":"https:\/\/meditex.ee\/lv\/wp-json\/wp\/v2\/product\/17800","targetHints":{"allow":["GET"]}}],"collection":[{"href":"https:\/\/meditex.ee\/lv\/wp-json\/wp\/v2\/product"}],"about":[{"href":"https:\/\/meditex.ee\/lv\/wp-json\/wp\/v2\/types\/product"}],"wp:featuredmedia":[{"embeddable":true,"href":"https:\/\/meditex.ee\/lv\/wp-json\/wp\/v2\/media\/17844"}],"wp:attachment":[{"href":"https:\/\/meditex.ee\/lv\/wp-json\/wp\/v2\/media?parent=17800"}],"wp:term":[{"taxonomy":"product_brand","embeddable":true,"href":"https:\/\/meditex.ee\/lv\/wp-json\/wp\/v2\/product_brand?post=17800"},{"taxonomy":"product_cat","embeddable":true,"href":"https:\/\/meditex.ee\/lv\/wp-json\/wp\/v2\/product_cat?post=17800"},{"taxonomy":"product_tag","embeddable":true,"href":"https:\/\/meditex.ee\/lv\/wp-json\/wp\/v2\/product_tag?post=17800"}],"curies":[{"name":"wp","href":"https:\/\/api.w.org\/{rel}","templated":true}]}}