{"id":17770,"date":"2024-02-12T10:14:22","date_gmt":"2024-02-12T10:14:22","guid":{"rendered":"https:\/\/meditex.ee\/?post_type=product&#038;p=17770"},"modified":"2024-02-20T08:08:02","modified_gmt":"2024-02-20T08:08:02","slug":"atbalsta-galvas-saite-nordicare-alex","status":"publish","type":"product","link":"https:\/\/meditex.ee\/lv\/produkts\/atbalsta-galvas-saite-nordicare-alex\/","title":{"rendered":"Atbalsta galvas saite NordiCare Alex"},"content":{"rendered":"<div class=\"row\"  id=\"row-409171576\">\n\n\t<div id=\"col-911960182\" class=\"col medium-6 small-12 large-6\"  >\n\t\t\t\t<div class=\"col-inner\"  >\n\t\t\t\n\t\t\t\n\t\t<\/div>\n\t\t\t\t\t<\/div>\n\n\t\n\n\t<div id=\"col-1194945196\" class=\"col medium-6 small-12 large-6\"  >\n\t\t\t\t<div class=\"col-inner text-right\"  >\n\t\t\t\n\t\t\t\n\t<div class=\"img has-hover x md-x lg-x y md-y lg-y\" id=\"image_1591051232\">\n\t\t\t\t\t\t\t\t<div class=\"img-inner dark\" >\n\t\t\t<img decoding=\"async\" width=\"488\" height=\"154\" src=\"https:\/\/meditex.ee\/wp-content\/uploads\/2020\/03\/nordicare_logo.png\" class=\"attachment-large size-large\" alt=\"\" \/>\t\t\t\t\t\t\n\t\t\t\t\t<\/div>\n\t\t\t\t\t\t\t\t\n<style>\n#image_1591051232 {\n  width: 40%;\n}\n<\/style>\n\t<\/div>\n\t\n\t\t<\/div>\n\t\t\t\t\t<\/div>\n\n\t\n<\/div>\n<div>\u0112rta materi\u0101la galvas saite ar velcro aizdari. Viegli regul\u0113jams, jo velcro piestiprin\u0101s pie visas p\u0101rs\u0113ja virsmas. Ietver divas maz\u0101kas da\u017e\u0101da garuma sloksnes papildu fiks\u0101cijai. Siksnu var piestiprin\u0101t da\u017e\u0101dos veidos. Platums 7,5 cm.<\/div>\n<div>\u00a0<\/div>\n<div>Izm\u0113rs: viens izm\u0113rs der visiem (OneSize)<\/div>\n<div>\u00a0<\/div>\n<div>Apkope:<\/div>\n<ul>\n<li>Mazg\u0101t ve\u013casma\u0161\u012bn\u0101 60\u00b0C.<\/li>\n<li>Produkts kalpos ilg\u0101k, ja to mazg\u0101 zem\u0101k\u0101 temperat\u016br\u0101.<\/li>\n<li>Aizveriet Velcro aizdari.<\/li>\n<li>Izmantojiet ve\u013cas maisi\u0146u.<\/li>\n<li>Nebalin\u0101t.<\/li>\n<li>Nedr\u012bkst \u0137\u012bmiski t\u012br\u012bt.<\/li>\n<li>Negludiniet.<\/li>\n<li>Nedr\u012bkst \u017e\u0101v\u0113t ve\u013cas ma\u0161\u012bn\u0101.<\/li>\n<\/ul>\n","protected":false},"excerpt":{"rendered":"<p>\u0112rta materi\u0101la galvas saite ar velcro aizdari. Viegli regul\u0113jams, jo velcro piestiprin\u0101s pie visas p\u0101rs\u0113ja virsmas. Ietver divas maz\u0101kas da\u017e\u0101da garuma sloksnes papildu fiks\u0101cijai. Siksnu var piestiprin\u0101t da\u017e\u0101dos veidos. Platums 7,5 cm. \u00a0 Izm\u0113rs: viens izm\u0113rs der visiem (OneSize) \u00a0 Apkope: Mazg\u0101t ve\u013casma\u0161\u012bn\u0101 60\u00b0C. Produkts kalpos ilg\u0101k, ja to mazg\u0101 zem\u0101k\u0101 temperat\u016br\u0101. Aizveriet Velcro aizdari. [&#8230;]\n","protected":false},"featured_media":17774,"template":"","meta":[],"product_brand":[],"product_cat":[356],"product_tag":[258],"class_list":{"0":"post-17770","1":"product","2":"type-product","3":"status-publish","4":"has-post-thumbnail","6":"product_cat-peasidemed","7":"product_tag-nordicare","9":"first","10":"instock","11":"taxable","12":"shipping-taxable","13":"purchasable","14":"product-type-simple"},"yoast_head":"<!-- This site is optimized with the Yoast SEO plugin v27.3 - https:\/\/yoast.com\/product\/yoast-seo-wordpress\/ -->\n<title>Atbalsta galvas saite NordiCare Alex - Meditex<\/title>\n<meta name=\"description\" content=\"\u0112rta materi\u0101la galvas saite ar velcro aizdari. Viegli regul\u0113jams, jo velcro piestiprin\u0101s pie visas p\u0101rs\u0113ja virsmas.\" \/>\n<meta name=\"robots\" content=\"index, follow, max-snippet:-1, max-image-preview:large, max-video-preview:-1\" \/>\n<link rel=\"canonical\" href=\"https:\/\/meditex.ee\/lv\/produkts\/atbalsta-galvas-saite-nordicare-alex\/\" \/>\n<meta property=\"og:locale\" content=\"lv_LV\" \/>\n<meta property=\"og:type\" content=\"article\" \/>\n<meta property=\"og:title\" content=\"Atbalsta galvas saite NordiCare Alex - Meditex\" \/>\n<meta property=\"og:description\" content=\"\u0112rta materi\u0101la galvas saite ar velcro aizdari. Viegli regul\u0113jams, jo velcro piestiprin\u0101s pie visas p\u0101rs\u0113ja virsmas.\" \/>\n<meta property=\"og:url\" content=\"https:\/\/meditex.ee\/lv\/produkts\/atbalsta-galvas-saite-nordicare-alex\/\" \/>\n<meta property=\"og:site_name\" content=\"Meditex\" \/>\n<meta property=\"article:publisher\" content=\"https:\/\/www.facebook.com\/meditexepood\/\" \/>\n<meta property=\"article:modified_time\" content=\"2024-02-20T08:08:02+00:00\" \/>\n<meta property=\"og:image\" content=\"https:\/\/meditex.ee\/wp-content\/uploads\/2024\/02\/alex_fram_bakband_main.webp\" \/>\n\t<meta property=\"og:image:width\" content=\"500\" \/>\n\t<meta property=\"og:image:height\" content=\"500\" \/>\n\t<meta property=\"og:image:type\" content=\"image\/webp\" \/>\n<meta name=\"twitter:card\" content=\"summary_large_image\" \/>\n<meta name=\"twitter:label1\" content=\"Est. reading time\" \/>\n\t<meta name=\"twitter:data1\" content=\"1 minute\" \/>\n<script type=\"application\/ld+json\" class=\"yoast-schema-graph\">{\"@context\":\"https:\\\/\\\/schema.org\",\"@graph\":[{\"@type\":\"WebPage\",\"@id\":\"https:\\\/\\\/meditex.ee\\\/lv\\\/produkts\\\/atbalsta-galvas-saite-nordicare-alex\\\/\",\"url\":\"https:\\\/\\\/meditex.ee\\\/lv\\\/produkts\\\/atbalsta-galvas-saite-nordicare-alex\\\/\",\"name\":\"Atbalsta galvas saite NordiCare Alex - Meditex\",\"isPartOf\":{\"@id\":\"https:\\\/\\\/meditex.ee\\\/en\\\/#website\"},\"primaryImageOfPage\":{\"@id\":\"https:\\\/\\\/meditex.ee\\\/lv\\\/produkts\\\/atbalsta-galvas-saite-nordicare-alex\\\/#primaryimage\"},\"image\":{\"@id\":\"https:\\\/\\\/meditex.ee\\\/lv\\\/produkts\\\/atbalsta-galvas-saite-nordicare-alex\\\/#primaryimage\"},\"thumbnailUrl\":\"https:\\\/\\\/meditex.ee\\\/wp-content\\\/uploads\\\/2024\\\/02\\\/alex_fram_bakband_main.webp\",\"datePublished\":\"2024-02-12T10:14:22+00:00\",\"dateModified\":\"2024-02-20T08:08:02+00:00\",\"description\":\"\u0112rta materi\u0101la galvas saite ar velcro aizdari. Viegli regul\u0113jams, jo velcro piestiprin\u0101s pie visas p\u0101rs\u0113ja virsmas.\",\"breadcrumb\":{\"@id\":\"https:\\\/\\\/meditex.ee\\\/lv\\\/produkts\\\/atbalsta-galvas-saite-nordicare-alex\\\/#breadcrumb\"},\"inLanguage\":\"lv-LV\",\"potentialAction\":[{\"@type\":\"ReadAction\",\"target\":[\"https:\\\/\\\/meditex.ee\\\/lv\\\/produkts\\\/atbalsta-galvas-saite-nordicare-alex\\\/\"]}]},{\"@type\":\"ImageObject\",\"inLanguage\":\"lv-LV\",\"@id\":\"https:\\\/\\\/meditex.ee\\\/lv\\\/produkts\\\/atbalsta-galvas-saite-nordicare-alex\\\/#primaryimage\",\"url\":\"https:\\\/\\\/meditex.ee\\\/wp-content\\\/uploads\\\/2024\\\/02\\\/alex_fram_bakband_main.webp\",\"contentUrl\":\"https:\\\/\\\/meditex.ee\\\/wp-content\\\/uploads\\\/2024\\\/02\\\/alex_fram_bakband_main.webp\",\"width\":500,\"height\":500,\"caption\":\"toetav peaside Alex\"},{\"@type\":\"BreadcrumbList\",\"@id\":\"https:\\\/\\\/meditex.ee\\\/lv\\\/produkts\\\/atbalsta-galvas-saite-nordicare-alex\\\/#breadcrumb\",\"itemListElement\":[{\"@type\":\"ListItem\",\"position\":1,\"name\":\"Home\",\"item\":\"https:\\\/\\\/meditex.ee\\\/lv\\\/\"},{\"@type\":\"ListItem\",\"position\":2,\"name\":\"Veikals\",\"item\":\"https:\\\/\\\/meditex.ee\\\/lv\\\/veikals\\\/\"},{\"@type\":\"ListItem\",\"position\":3,\"name\":\"Atbalsta galvas saite NordiCare Alex\"}]},{\"@type\":\"WebSite\",\"@id\":\"https:\\\/\\\/meditex.ee\\\/en\\\/#website\",\"url\":\"https:\\\/\\\/meditex.ee\\\/en\\\/\",\"name\":\"Meditex\",\"description\":\"\",\"publisher\":{\"@id\":\"https:\\\/\\\/meditex.ee\\\/en\\\/#organization\"},\"potentialAction\":[{\"@type\":\"SearchAction\",\"target\":{\"@type\":\"EntryPoint\",\"urlTemplate\":\"https:\\\/\\\/meditex.ee\\\/en\\\/?s={search_term_string}\"},\"query-input\":{\"@type\":\"PropertyValueSpecification\",\"valueRequired\":true,\"valueName\":\"search_term_string\"}}],\"inLanguage\":\"lv-LV\"},{\"@type\":\"Organization\",\"@id\":\"https:\\\/\\\/meditex.ee\\\/en\\\/#organization\",\"name\":\"Meditex\",\"url\":\"https:\\\/\\\/meditex.ee\\\/en\\\/\",\"logo\":{\"@type\":\"ImageObject\",\"inLanguage\":\"lv-LV\",\"@id\":\"https:\\\/\\\/meditex.ee\\\/en\\\/#\\\/schema\\\/logo\\\/image\\\/\",\"url\":\"https:\\\/\\\/meditex.ee\\\/wp-content\\\/uploads\\\/2018\\\/03\\\/mdtx_logo.png\",\"contentUrl\":\"https:\\\/\\\/meditex.ee\\\/wp-content\\\/uploads\\\/2018\\\/03\\\/mdtx_logo.png\",\"width\":669,\"height\":235,\"caption\":\"Meditex\"},\"image\":{\"@id\":\"https:\\\/\\\/meditex.ee\\\/en\\\/#\\\/schema\\\/logo\\\/image\\\/\"},\"sameAs\":[\"https:\\\/\\\/www.facebook.com\\\/meditexepood\\\/\"]}]}<\/script>\n<!-- \/ Yoast SEO plugin. -->","yoast_head_json":{"title":"Atbalsta galvas saite NordiCare Alex - Meditex","description":"\u0112rta materi\u0101la galvas saite ar velcro aizdari. Viegli regul\u0113jams, jo velcro piestiprin\u0101s pie visas p\u0101rs\u0113ja virsmas.","robots":{"index":"index","follow":"follow","max-snippet":"max-snippet:-1","max-image-preview":"max-image-preview:large","max-video-preview":"max-video-preview:-1"},"canonical":"https:\/\/meditex.ee\/lv\/produkts\/atbalsta-galvas-saite-nordicare-alex\/","og_locale":"lv_LV","og_type":"article","og_title":"Atbalsta galvas saite NordiCare Alex - Meditex","og_description":"\u0112rta materi\u0101la galvas saite ar velcro aizdari. Viegli regul\u0113jams, jo velcro piestiprin\u0101s pie visas p\u0101rs\u0113ja virsmas.","og_url":"https:\/\/meditex.ee\/lv\/produkts\/atbalsta-galvas-saite-nordicare-alex\/","og_site_name":"Meditex","article_publisher":"https:\/\/www.facebook.com\/meditexepood\/","article_modified_time":"2024-02-20T08:08:02+00:00","og_image":[{"width":500,"height":500,"url":"https:\/\/meditex.ee\/wp-content\/uploads\/2024\/02\/alex_fram_bakband_main.webp","type":"image\/webp"}],"twitter_card":"summary_large_image","twitter_misc":{"Est. reading time":"1 minute"},"schema":{"@context":"https:\/\/schema.org","@graph":[{"@type":"WebPage","@id":"https:\/\/meditex.ee\/lv\/produkts\/atbalsta-galvas-saite-nordicare-alex\/","url":"https:\/\/meditex.ee\/lv\/produkts\/atbalsta-galvas-saite-nordicare-alex\/","name":"Atbalsta galvas saite NordiCare Alex - Meditex","isPartOf":{"@id":"https:\/\/meditex.ee\/en\/#website"},"primaryImageOfPage":{"@id":"https:\/\/meditex.ee\/lv\/produkts\/atbalsta-galvas-saite-nordicare-alex\/#primaryimage"},"image":{"@id":"https:\/\/meditex.ee\/lv\/produkts\/atbalsta-galvas-saite-nordicare-alex\/#primaryimage"},"thumbnailUrl":"https:\/\/meditex.ee\/wp-content\/uploads\/2024\/02\/alex_fram_bakband_main.webp","datePublished":"2024-02-12T10:14:22+00:00","dateModified":"2024-02-20T08:08:02+00:00","description":"\u0112rta materi\u0101la galvas saite ar velcro aizdari. Viegli regul\u0113jams, jo velcro piestiprin\u0101s pie visas p\u0101rs\u0113ja virsmas.","breadcrumb":{"@id":"https:\/\/meditex.ee\/lv\/produkts\/atbalsta-galvas-saite-nordicare-alex\/#breadcrumb"},"inLanguage":"lv-LV","potentialAction":[{"@type":"ReadAction","target":["https:\/\/meditex.ee\/lv\/produkts\/atbalsta-galvas-saite-nordicare-alex\/"]}]},{"@type":"ImageObject","inLanguage":"lv-LV","@id":"https:\/\/meditex.ee\/lv\/produkts\/atbalsta-galvas-saite-nordicare-alex\/#primaryimage","url":"https:\/\/meditex.ee\/wp-content\/uploads\/2024\/02\/alex_fram_bakband_main.webp","contentUrl":"https:\/\/meditex.ee\/wp-content\/uploads\/2024\/02\/alex_fram_bakband_main.webp","width":500,"height":500,"caption":"toetav peaside Alex"},{"@type":"BreadcrumbList","@id":"https:\/\/meditex.ee\/lv\/produkts\/atbalsta-galvas-saite-nordicare-alex\/#breadcrumb","itemListElement":[{"@type":"ListItem","position":1,"name":"Home","item":"https:\/\/meditex.ee\/lv\/"},{"@type":"ListItem","position":2,"name":"Veikals","item":"https:\/\/meditex.ee\/lv\/veikals\/"},{"@type":"ListItem","position":3,"name":"Atbalsta galvas saite NordiCare Alex"}]},{"@type":"WebSite","@id":"https:\/\/meditex.ee\/en\/#website","url":"https:\/\/meditex.ee\/en\/","name":"Meditex","description":"","publisher":{"@id":"https:\/\/meditex.ee\/en\/#organization"},"potentialAction":[{"@type":"SearchAction","target":{"@type":"EntryPoint","urlTemplate":"https:\/\/meditex.ee\/en\/?s={search_term_string}"},"query-input":{"@type":"PropertyValueSpecification","valueRequired":true,"valueName":"search_term_string"}}],"inLanguage":"lv-LV"},{"@type":"Organization","@id":"https:\/\/meditex.ee\/en\/#organization","name":"Meditex","url":"https:\/\/meditex.ee\/en\/","logo":{"@type":"ImageObject","inLanguage":"lv-LV","@id":"https:\/\/meditex.ee\/en\/#\/schema\/logo\/image\/","url":"https:\/\/meditex.ee\/wp-content\/uploads\/2018\/03\/mdtx_logo.png","contentUrl":"https:\/\/meditex.ee\/wp-content\/uploads\/2018\/03\/mdtx_logo.png","width":669,"height":235,"caption":"Meditex"},"image":{"@id":"https:\/\/meditex.ee\/en\/#\/schema\/logo\/image\/"},"sameAs":["https:\/\/www.facebook.com\/meditexepood\/"]}]}},"_links":{"self":[{"href":"https:\/\/meditex.ee\/lv\/wp-json\/wp\/v2\/product\/17770","targetHints":{"allow":["GET"]}}],"collection":[{"href":"https:\/\/meditex.ee\/lv\/wp-json\/wp\/v2\/product"}],"about":[{"href":"https:\/\/meditex.ee\/lv\/wp-json\/wp\/v2\/types\/product"}],"wp:featuredmedia":[{"embeddable":true,"href":"https:\/\/meditex.ee\/lv\/wp-json\/wp\/v2\/media\/17774"}],"wp:attachment":[{"href":"https:\/\/meditex.ee\/lv\/wp-json\/wp\/v2\/media?parent=17770"}],"wp:term":[{"taxonomy":"product_brand","embeddable":true,"href":"https:\/\/meditex.ee\/lv\/wp-json\/wp\/v2\/product_brand?post=17770"},{"taxonomy":"product_cat","embeddable":true,"href":"https:\/\/meditex.ee\/lv\/wp-json\/wp\/v2\/product_cat?post=17770"},{"taxonomy":"product_tag","embeddable":true,"href":"https:\/\/meditex.ee\/lv\/wp-json\/wp\/v2\/product_tag?post=17770"}],"curies":[{"name":"wp","href":"https:\/\/api.w.org\/{rel}","templated":true}]}}