{"id":17660,"date":"2024-02-12T08:35:19","date_gmt":"2024-02-12T08:35:19","guid":{"rendered":"https:\/\/meditex.ee\/?post_type=product&#038;p=17660"},"modified":"2024-02-13T10:30:24","modified_gmt":"2024-02-13T10:30:24","slug":"nordicare-mirabelle","status":"publish","type":"product","link":"https:\/\/meditex.ee\/lv\/produkts\/nordicare-mirabelle\/","title":{"rendered":"NordiCare Mirabelle"},"content":{"rendered":"<div class=\"row\"  id=\"row-1441962871\">\n\n\t<div id=\"col-451001480\" class=\"col medium-4 small-12 large-4\"  >\n\t\t\t\t<div class=\"col-inner\"  >\n\t\t\t\n\t\t\t\n\t\t<\/div>\n\t\t\t\t\t<\/div>\n\n\t\n\n\t<div id=\"col-118100997\" class=\"col medium-4 small-12 large-4\"  >\n\t\t\t\t<div class=\"col-inner\"  >\n\t\t\t\n\t\t\t\n\t\t<\/div>\n\t\t\t\t\t<\/div>\n\n\t\n\n\t<div id=\"col-1433523155\" class=\"col medium-4 small-12 large-4\"  >\n\t\t\t\t<div class=\"col-inner text-right\"  >\n\t\t\t\n\t\t\t\n\t<div class=\"img has-hover x md-x lg-x y md-y lg-y\" id=\"image_1589245675\">\n\t\t\t\t\t\t\t\t<div class=\"img-inner dark\" >\n\t\t\t<img decoding=\"async\" width=\"488\" height=\"154\" src=\"https:\/\/meditex.ee\/wp-content\/uploads\/2020\/03\/nordicare_logo.png\" class=\"attachment-large size-large\" alt=\"\" \/>\t\t\t\t\t\t\n\t\t\t\t\t<\/div>\n\t\t\t\t\t\t\t\t\n<style>\n#image_1589245675 {\n  width: 55%;\n}\n<\/style>\n\t<\/div>\n\t\n\t\t<\/div>\n\t\t\t\t\t<\/div>\n\n\t\n<\/div>\n<div>Stabils bez\u0161uvju p\u0113coper\u0101cijas kr\u016b\u0161turis, kas izgatavots no \u012bpa\u0161i m\u012bksta materi\u0101la. Integr\u0113ta saspie\u0161ana da\u017e\u0101d\u0101s zon\u0101s. Paredz\u0113ts lieto\u0161anai rehabilit\u0101cij\u0101 p\u0113c kr\u016b\u0161u oper\u0101cijas un\/vai staru terapijas, kad ir v\u0113lama kompresija un atvieglojums, lai pan\u0101ktu labu dz\u012b\u0161anas procesu un samazin\u0101tu seromas un atdal\u012b\u0161an\u0101s risku.<\/div>\n<div>\u00a0<\/div>\n<div>Pla\u0161\u0101 s\u0101nu da\u013ca un atbalsto\u0161ais dizains nodro\u0161ina labu piegul\u0161anu un atbalstu. Integr\u0113ta kompresija da\u017e\u0101d\u0101s zon\u0101s veicina efekt\u012bvu dz\u012b\u0161anas procesu p\u0113c oper\u0101cijas. Kr\u016b\u0161turis ir piln\u012bgi bez\u0161uvju, ar\u012b zem kr\u016b\u0161u l\u012bnijas, kas padara produkta valk\u0101\u0161anu \u0113rtu un pat\u012bkamu \u0101dai. Ietver kabatas kr\u016b\u0161u formu, polster\u0113jumu vai prot\u0113\u017eu piel\u0101go\u0161anai.<\/div>\n<div>\u00a0<\/div>\n<div>Atbilst 1. kompresijas l\u012bmenim.<\/div>\n<div>\u00a0<\/div>\n<div><strong>Kop\u0161ana:<\/strong> Mazg\u0101t ve\u013casma\u0161\u012bn\u0101 60\u00b0C. Lai nodro\u0161in\u0101tu optim\u0101lu kr\u0101sas notur\u012bbu, ieteicams mazg\u0101t 40\u00b0C. Var \u017e\u0101v\u0113t ve\u013cas ma\u0161\u012bn\u0101 zem\u0101 temperat\u016br\u0101. Neizmantojiet balin\u0101t\u0101ju, hloru vai auduma m\u012bkstin\u0101t\u0101ju. Negludiniet. Ieteicams izmantot ve\u013cas maisi\u0146u.<\/div>\n<div>\u00a0<\/div>\n<div><strong>Kr\u0101sa:<\/strong> melna, balta.<\/div>\n<div>\u00a0<\/div>\n<div><strong>Izm\u0113ri:<\/strong> melns S-2XL, balts S-4XL<\/div>\n<div>\u00a0<\/div>\n<div>Izm\u0113ru tabula, kur Kr\u016bzes izm\u0113rs = groza izm\u0113rs<\/div>\n\t<div class=\"img has-hover x md-x lg-x y md-y lg-y\" id=\"image_2050228444\">\n\t\t\t\t\t\t\t\t<div class=\"img-inner dark\" >\n\t\t\t<img decoding=\"async\" width=\"442\" height=\"193\" src=\"https:\/\/meditex.ee\/wp-content\/uploads\/2024\/02\/storlekar_mirabelle.webp\" class=\"attachment-large size-large\" alt=\"\" \/>\t\t\t\t\t\t\n\t\t\t\t\t<\/div>\n\t\t\t\t\t\t\t\t\n<style>\n#image_2050228444 {\n  width: 50%;\n}\n<\/style>\n\t<\/div>\n\t\n\t<div id=\"gap-636908622\" class=\"gap-element clearfix\" style=\"display:block; height:auto;\">\n\t\t\n<style>\n#gap-636908622 {\n  padding-top: 30px;\n}\n<\/style>\n\t<\/div>\n\t\n<div class=\"row\"  id=\"row-1912967714\">\n\n\t<div id=\"col-1454103752\" class=\"col small-12 large-12\"  >\n\t\t\t\t<div class=\"col-inner\"  >\n\t\t\t\n\t\t\t\n<div class=\"video video-fit mb\" style=\"padding-top:56.25%;\"><p><iframe title=\"Nordicare Mirabelle Bra, instruction\" src=\"https:\/\/player.vimeo.com\/video\/336768811?dnt=1&amp;app_id=122963\" width=\"1020\" height=\"574\" frameborder=\"0\" allow=\"autoplay; fullscreen; picture-in-picture; clipboard-write; encrypted-media; web-share\" referrerpolicy=\"strict-origin-when-cross-origin\"><\/iframe><\/p>\n<\/div>\n\t<div id=\"gap-838132957\" class=\"gap-element clearfix\" style=\"display:block; height:auto;\">\n\t\t\n<style>\n#gap-838132957 {\n  padding-top: 30px;\n}\n<\/style>\n\t<\/div>\n\t\n<div><strong>Prot\u0113\u017eu kr\u016b\u0161turi ar vietu prot\u0113zei<\/strong><\/div>\n<div><\/div>\n<div>M\u016bsu m\u0113r\u0137is ir izgatavot apak\u0161ve\u013cu, kas lieliski der t\u0101s valk\u0101t\u0101jam. Mums ir ilggad\u0113ja pieredze produktu izstr\u0101d\u0113 sieviet\u0113m, kur\u0101m ir veiktas da\u017e\u0101da veida kr\u016b\u0161u oper\u0101cijas, piem\u0113ram, mastektomija, kr\u016b\u0161u samazin\u0101\u0161ana, kr\u016b\u0161u rekonstrukcija un kr\u016b\u0161u palielin\u0101\u0161ana. Ar r\u016bp\u012bgi p\u0101rdom\u0101tu dizainu un \u012bpa\u0161i atlas\u012btiem materi\u0101liem maksim\u0101lam komfortam m\u0113s esam rad\u012bju\u0161i apak\u0161ve\u013cu, kuru j\u016bs ar prieku valk\u0101siet.<\/div>\n<div><\/div>\n<div>M\u0113s saprotam, cik svar\u012bgi sieviet\u0113m ar kr\u016b\u0161u \u0137irur\u0123iju ir atrast kr\u016b\u0161turi, kas labi piegu\u013c, sniedz daudz atbalsta un ir \u0113rti valk\u0101jams. T\u0101p\u0113c m\u0113s lepojamies, ka pied\u0101v\u0101jam \u0161o stil\u012bgo un \u0113rto apak\u0161ve\u013cu tiem, kas lieto kr\u016b\u0161u implantus \u2013 vai pat tiem, kas tos vienk\u0101r\u0161i v\u0113las valk\u0101t zem dr\u0113b\u0113m.<\/div>\n\t\t<\/div>\n\t\t\t\t\t<\/div>\n\n\t\n<\/div>\n","protected":false},"excerpt":{"rendered":"<p style=\"text-align: left;\"><span style=\"font-size: 75%;\">P\u0113coper\u0101cijas kr\u016b\u0161turis, kas paredz\u0113ts lieto\u0161anai p\u0113c da\u017e\u0101da veida kr\u016b\u0161u oper\u0101cij\u0101m.<\/span><\/p>\n","protected":false},"featured_media":17694,"template":"","meta":[],"product_brand":[],"product_cat":[492],"product_tag":[567],"class_list":{"0":"post-17660","1":"product","2":"type-product","3":"status-publish","4":"has-post-thumbnail","6":"product_cat-pecoperaciju-krusturi","7":"product_tag-nordicare-lv","9":"first","10":"instock","11":"taxable","12":"shipping-taxable","13":"purchasable","14":"product-type-variable"},"yoast_head":"<!-- This site is optimized with the Yoast SEO plugin v27.3 - https:\/\/yoast.com\/product\/yoast-seo-wordpress\/ -->\n<title>\u0136irur\u0123iskais kr\u016b\u0161turis NordiCare Mirabelle - Meditex .ee<\/title>\n<meta name=\"description\" content=\"Stabils bez\u0161uvju p\u0113coper\u0101cijas kr\u016b\u0161turis, kas izgatavots no \u012bpa\u0161i m\u012bksta materi\u0101la. Paredz\u0113ts lieto\u0161anai rehabilit\u0101cij\u0101 p\u0113c kr\u016b\u0161u oper\u0101cijas.\" \/>\n<meta name=\"robots\" content=\"index, follow, max-snippet:-1, max-image-preview:large, max-video-preview:-1\" \/>\n<link rel=\"canonical\" href=\"https:\/\/meditex.ee\/lv\/produkts\/nordicare-mirabelle\/\" \/>\n<meta property=\"og:locale\" content=\"lv_LV\" \/>\n<meta property=\"og:type\" content=\"article\" \/>\n<meta property=\"og:title\" content=\"\u0136irur\u0123iskais kr\u016b\u0161turis NordiCare Mirabelle - Meditex .ee\" \/>\n<meta property=\"og:description\" content=\"Stabils bez\u0161uvju p\u0113coper\u0101cijas kr\u016b\u0161turis, kas izgatavots no \u012bpa\u0161i m\u012bksta materi\u0101la. Paredz\u0113ts lieto\u0161anai rehabilit\u0101cij\u0101 p\u0113c kr\u016b\u0161u oper\u0101cijas.\" \/>\n<meta property=\"og:url\" content=\"https:\/\/meditex.ee\/lv\/produkts\/nordicare-mirabelle\/\" \/>\n<meta property=\"og:site_name\" content=\"Meditex\" \/>\n<meta property=\"article:publisher\" content=\"https:\/\/www.facebook.com\/meditexepood\/\" \/>\n<meta property=\"article:modified_time\" content=\"2024-02-13T10:30:24+00:00\" \/>\n<meta property=\"og:image\" content=\"https:\/\/meditex.ee\/wp-content\/uploads\/2024\/02\/mirabelle_front_black.webp\" \/>\n\t<meta property=\"og:image:width\" content=\"500\" \/>\n\t<meta property=\"og:image:height\" content=\"500\" \/>\n\t<meta property=\"og:image:type\" content=\"image\/webp\" \/>\n<meta name=\"twitter:card\" content=\"summary_large_image\" \/>\n<meta name=\"twitter:label1\" content=\"Est. reading time\" \/>\n\t<meta name=\"twitter:data1\" content=\"2 minutes\" \/>\n<script type=\"application\/ld+json\" class=\"yoast-schema-graph\">{\"@context\":\"https:\\\/\\\/schema.org\",\"@graph\":[{\"@type\":\"WebPage\",\"@id\":\"https:\\\/\\\/meditex.ee\\\/lv\\\/produkts\\\/nordicare-mirabelle\\\/\",\"url\":\"https:\\\/\\\/meditex.ee\\\/lv\\\/produkts\\\/nordicare-mirabelle\\\/\",\"name\":\"\u0136irur\u0123iskais kr\u016b\u0161turis NordiCare Mirabelle - Meditex .ee\",\"isPartOf\":{\"@id\":\"https:\\\/\\\/meditex.ee\\\/en\\\/#website\"},\"primaryImageOfPage\":{\"@id\":\"https:\\\/\\\/meditex.ee\\\/lv\\\/produkts\\\/nordicare-mirabelle\\\/#primaryimage\"},\"image\":{\"@id\":\"https:\\\/\\\/meditex.ee\\\/lv\\\/produkts\\\/nordicare-mirabelle\\\/#primaryimage\"},\"thumbnailUrl\":\"https:\\\/\\\/meditex.ee\\\/wp-content\\\/uploads\\\/2024\\\/02\\\/mirabelle_front_black.webp\",\"datePublished\":\"2024-02-12T08:35:19+00:00\",\"dateModified\":\"2024-02-13T10:30:24+00:00\",\"description\":\"Stabils bez\u0161uvju p\u0113coper\u0101cijas kr\u016b\u0161turis, kas izgatavots no \u012bpa\u0161i m\u012bksta materi\u0101la. Paredz\u0113ts lieto\u0161anai rehabilit\u0101cij\u0101 p\u0113c kr\u016b\u0161u oper\u0101cijas.\",\"breadcrumb\":{\"@id\":\"https:\\\/\\\/meditex.ee\\\/lv\\\/produkts\\\/nordicare-mirabelle\\\/#breadcrumb\"},\"inLanguage\":\"lv-LV\",\"potentialAction\":[{\"@type\":\"ReadAction\",\"target\":[\"https:\\\/\\\/meditex.ee\\\/lv\\\/produkts\\\/nordicare-mirabelle\\\/\"]}]},{\"@type\":\"ImageObject\",\"inLanguage\":\"lv-LV\",\"@id\":\"https:\\\/\\\/meditex.ee\\\/lv\\\/produkts\\\/nordicare-mirabelle\\\/#primaryimage\",\"url\":\"https:\\\/\\\/meditex.ee\\\/wp-content\\\/uploads\\\/2024\\\/02\\\/mirabelle_front_black.webp\",\"contentUrl\":\"https:\\\/\\\/meditex.ee\\\/wp-content\\\/uploads\\\/2024\\\/02\\\/mirabelle_front_black.webp\",\"width\":500,\"height\":500,\"caption\":\"operatsioonij\u00f6rgne rinnahoidja\"},{\"@type\":\"BreadcrumbList\",\"@id\":\"https:\\\/\\\/meditex.ee\\\/lv\\\/produkts\\\/nordicare-mirabelle\\\/#breadcrumb\",\"itemListElement\":[{\"@type\":\"ListItem\",\"position\":1,\"name\":\"Home\",\"item\":\"https:\\\/\\\/meditex.ee\\\/lv\\\/\"},{\"@type\":\"ListItem\",\"position\":2,\"name\":\"Veikals\",\"item\":\"https:\\\/\\\/meditex.ee\\\/lv\\\/veikals\\\/\"},{\"@type\":\"ListItem\",\"position\":3,\"name\":\"NordiCare Mirabelle\"}]},{\"@type\":\"WebSite\",\"@id\":\"https:\\\/\\\/meditex.ee\\\/en\\\/#website\",\"url\":\"https:\\\/\\\/meditex.ee\\\/en\\\/\",\"name\":\"Meditex\",\"description\":\"\",\"publisher\":{\"@id\":\"https:\\\/\\\/meditex.ee\\\/en\\\/#organization\"},\"potentialAction\":[{\"@type\":\"SearchAction\",\"target\":{\"@type\":\"EntryPoint\",\"urlTemplate\":\"https:\\\/\\\/meditex.ee\\\/en\\\/?s={search_term_string}\"},\"query-input\":{\"@type\":\"PropertyValueSpecification\",\"valueRequired\":true,\"valueName\":\"search_term_string\"}}],\"inLanguage\":\"lv-LV\"},{\"@type\":\"Organization\",\"@id\":\"https:\\\/\\\/meditex.ee\\\/en\\\/#organization\",\"name\":\"Meditex\",\"url\":\"https:\\\/\\\/meditex.ee\\\/en\\\/\",\"logo\":{\"@type\":\"ImageObject\",\"inLanguage\":\"lv-LV\",\"@id\":\"https:\\\/\\\/meditex.ee\\\/en\\\/#\\\/schema\\\/logo\\\/image\\\/\",\"url\":\"https:\\\/\\\/meditex.ee\\\/wp-content\\\/uploads\\\/2018\\\/03\\\/mdtx_logo.png\",\"contentUrl\":\"https:\\\/\\\/meditex.ee\\\/wp-content\\\/uploads\\\/2018\\\/03\\\/mdtx_logo.png\",\"width\":669,\"height\":235,\"caption\":\"Meditex\"},\"image\":{\"@id\":\"https:\\\/\\\/meditex.ee\\\/en\\\/#\\\/schema\\\/logo\\\/image\\\/\"},\"sameAs\":[\"https:\\\/\\\/www.facebook.com\\\/meditexepood\\\/\"]}]}<\/script>\n<!-- \/ Yoast SEO plugin. -->","yoast_head_json":{"title":"\u0136irur\u0123iskais kr\u016b\u0161turis NordiCare Mirabelle - Meditex .ee","description":"Stabils bez\u0161uvju p\u0113coper\u0101cijas kr\u016b\u0161turis, kas izgatavots no \u012bpa\u0161i m\u012bksta materi\u0101la. Paredz\u0113ts lieto\u0161anai rehabilit\u0101cij\u0101 p\u0113c kr\u016b\u0161u oper\u0101cijas.","robots":{"index":"index","follow":"follow","max-snippet":"max-snippet:-1","max-image-preview":"max-image-preview:large","max-video-preview":"max-video-preview:-1"},"canonical":"https:\/\/meditex.ee\/lv\/produkts\/nordicare-mirabelle\/","og_locale":"lv_LV","og_type":"article","og_title":"\u0136irur\u0123iskais kr\u016b\u0161turis NordiCare Mirabelle - Meditex .ee","og_description":"Stabils bez\u0161uvju p\u0113coper\u0101cijas kr\u016b\u0161turis, kas izgatavots no \u012bpa\u0161i m\u012bksta materi\u0101la. Paredz\u0113ts lieto\u0161anai rehabilit\u0101cij\u0101 p\u0113c kr\u016b\u0161u oper\u0101cijas.","og_url":"https:\/\/meditex.ee\/lv\/produkts\/nordicare-mirabelle\/","og_site_name":"Meditex","article_publisher":"https:\/\/www.facebook.com\/meditexepood\/","article_modified_time":"2024-02-13T10:30:24+00:00","og_image":[{"width":500,"height":500,"url":"https:\/\/meditex.ee\/wp-content\/uploads\/2024\/02\/mirabelle_front_black.webp","type":"image\/webp"}],"twitter_card":"summary_large_image","twitter_misc":{"Est. reading time":"2 minutes"},"schema":{"@context":"https:\/\/schema.org","@graph":[{"@type":"WebPage","@id":"https:\/\/meditex.ee\/lv\/produkts\/nordicare-mirabelle\/","url":"https:\/\/meditex.ee\/lv\/produkts\/nordicare-mirabelle\/","name":"\u0136irur\u0123iskais kr\u016b\u0161turis NordiCare Mirabelle - Meditex .ee","isPartOf":{"@id":"https:\/\/meditex.ee\/en\/#website"},"primaryImageOfPage":{"@id":"https:\/\/meditex.ee\/lv\/produkts\/nordicare-mirabelle\/#primaryimage"},"image":{"@id":"https:\/\/meditex.ee\/lv\/produkts\/nordicare-mirabelle\/#primaryimage"},"thumbnailUrl":"https:\/\/meditex.ee\/wp-content\/uploads\/2024\/02\/mirabelle_front_black.webp","datePublished":"2024-02-12T08:35:19+00:00","dateModified":"2024-02-13T10:30:24+00:00","description":"Stabils bez\u0161uvju p\u0113coper\u0101cijas kr\u016b\u0161turis, kas izgatavots no \u012bpa\u0161i m\u012bksta materi\u0101la. Paredz\u0113ts lieto\u0161anai rehabilit\u0101cij\u0101 p\u0113c kr\u016b\u0161u oper\u0101cijas.","breadcrumb":{"@id":"https:\/\/meditex.ee\/lv\/produkts\/nordicare-mirabelle\/#breadcrumb"},"inLanguage":"lv-LV","potentialAction":[{"@type":"ReadAction","target":["https:\/\/meditex.ee\/lv\/produkts\/nordicare-mirabelle\/"]}]},{"@type":"ImageObject","inLanguage":"lv-LV","@id":"https:\/\/meditex.ee\/lv\/produkts\/nordicare-mirabelle\/#primaryimage","url":"https:\/\/meditex.ee\/wp-content\/uploads\/2024\/02\/mirabelle_front_black.webp","contentUrl":"https:\/\/meditex.ee\/wp-content\/uploads\/2024\/02\/mirabelle_front_black.webp","width":500,"height":500,"caption":"operatsioonij\u00f6rgne rinnahoidja"},{"@type":"BreadcrumbList","@id":"https:\/\/meditex.ee\/lv\/produkts\/nordicare-mirabelle\/#breadcrumb","itemListElement":[{"@type":"ListItem","position":1,"name":"Home","item":"https:\/\/meditex.ee\/lv\/"},{"@type":"ListItem","position":2,"name":"Veikals","item":"https:\/\/meditex.ee\/lv\/veikals\/"},{"@type":"ListItem","position":3,"name":"NordiCare Mirabelle"}]},{"@type":"WebSite","@id":"https:\/\/meditex.ee\/en\/#website","url":"https:\/\/meditex.ee\/en\/","name":"Meditex","description":"","publisher":{"@id":"https:\/\/meditex.ee\/en\/#organization"},"potentialAction":[{"@type":"SearchAction","target":{"@type":"EntryPoint","urlTemplate":"https:\/\/meditex.ee\/en\/?s={search_term_string}"},"query-input":{"@type":"PropertyValueSpecification","valueRequired":true,"valueName":"search_term_string"}}],"inLanguage":"lv-LV"},{"@type":"Organization","@id":"https:\/\/meditex.ee\/en\/#organization","name":"Meditex","url":"https:\/\/meditex.ee\/en\/","logo":{"@type":"ImageObject","inLanguage":"lv-LV","@id":"https:\/\/meditex.ee\/en\/#\/schema\/logo\/image\/","url":"https:\/\/meditex.ee\/wp-content\/uploads\/2018\/03\/mdtx_logo.png","contentUrl":"https:\/\/meditex.ee\/wp-content\/uploads\/2018\/03\/mdtx_logo.png","width":669,"height":235,"caption":"Meditex"},"image":{"@id":"https:\/\/meditex.ee\/en\/#\/schema\/logo\/image\/"},"sameAs":["https:\/\/www.facebook.com\/meditexepood\/"]}]}},"_links":{"self":[{"href":"https:\/\/meditex.ee\/lv\/wp-json\/wp\/v2\/product\/17660","targetHints":{"allow":["GET"]}}],"collection":[{"href":"https:\/\/meditex.ee\/lv\/wp-json\/wp\/v2\/product"}],"about":[{"href":"https:\/\/meditex.ee\/lv\/wp-json\/wp\/v2\/types\/product"}],"wp:featuredmedia":[{"embeddable":true,"href":"https:\/\/meditex.ee\/lv\/wp-json\/wp\/v2\/media\/17694"}],"wp:attachment":[{"href":"https:\/\/meditex.ee\/lv\/wp-json\/wp\/v2\/media?parent=17660"}],"wp:term":[{"taxonomy":"product_brand","embeddable":true,"href":"https:\/\/meditex.ee\/lv\/wp-json\/wp\/v2\/product_brand?post=17660"},{"taxonomy":"product_cat","embeddable":true,"href":"https:\/\/meditex.ee\/lv\/wp-json\/wp\/v2\/product_cat?post=17660"},{"taxonomy":"product_tag","embeddable":true,"href":"https:\/\/meditex.ee\/lv\/wp-json\/wp\/v2\/product_tag?post=17660"}],"curies":[{"name":"wp","href":"https:\/\/api.w.org\/{rel}","templated":true}]}}