{"id":17370,"date":"2023-10-03T08:22:57","date_gmt":"2023-10-03T08:23:02","guid":{"rendered":"https:\/\/meditex.ee\/?post_type=product&#038;p=17370"},"modified":"2024-01-05T08:20:28","modified_gmt":"2024-01-05T08:20:28","slug":"corsinel-maximum-viriesu-apaksvela-ar-augstu-apaksvelu-stomai-un-mandelem-kopeeri","status":"publish","type":"product","link":"https:\/\/meditex.ee\/lv\/produkts\/corsinel-maximum-viriesu-apaksvela-ar-augstu-apaksvelu-stomai-un-mandelem-kopeeri\/","title":{"rendered":"Corsinel josta ar atveri stomas maisi\u0146a ievieto\u0161anai"},"content":{"rendered":"<div class=\"row row-small align-bottom\"  id=\"row-119131921\">\n\n\t<div id=\"col-1170281793\" class=\"col medium-6 small-12 large-6\"  >\n\t\t\t\t<div class=\"col-inner\"  >\n\t\t\t\n\t\t\t\n\t<div class=\"img has-hover x md-x lg-x y md-y lg-y\" id=\"image_1671760536\">\n\t\t\t\t\t\t\t\t<div class=\"img-inner dark\" >\n\t\t\t<img decoding=\"async\" width=\"320\" height=\"320\" src=\"https:\/\/meditex.ee\/wp-content\/uploads\/2023\/04\/Maximum-Support-Icon.webp\" class=\"attachment-large size-large\" alt=\"maksimaalne tugi\" srcset=\"https:\/\/meditex.ee\/wp-content\/uploads\/2023\/04\/Maximum-Support-Icon.webp 320w, https:\/\/meditex.ee\/wp-content\/uploads\/2023\/04\/Maximum-Support-Icon-100x100.webp 100w, https:\/\/meditex.ee\/wp-content\/uploads\/2023\/04\/Maximum-Support-Icon-280x280.webp 280w\" sizes=\"(max-width: 320px) 100vw, 320px\" \/>\t\t\t\t\t\t\n\t\t\t\t\t<\/div>\n\t\t\t\t\t\t\t\t\n<style>\n#image_1671760536 {\n  width: 30%;\n}\n<\/style>\n\t<\/div>\n\t\n\t\t<\/div>\n\t\t\t\t\t<\/div>\n\n\t\n\n\t<div id=\"col-2077299860\" class=\"col medium-6 small-12 large-6\"  >\n\t\t\t\t<div class=\"col-inner text-right\"  >\n\t\t\t\n\t\t\t\n\t<div class=\"img has-hover x md-x lg-x y md-y lg-y\" id=\"image_1466700638\">\n\t\t\t\t\t\t\t\t<div class=\"img-inner dark\" >\n\t\t\t<img decoding=\"async\" width=\"1000\" height=\"285\" src=\"https:\/\/meditex.ee\/wp-content\/uploads\/2023\/04\/logo_86_11zon.jpg\" class=\"attachment-large size-large\" alt=\"\" srcset=\"https:\/\/meditex.ee\/wp-content\/uploads\/2023\/04\/logo_86_11zon.jpg 1000w, https:\/\/meditex.ee\/wp-content\/uploads\/2023\/04\/logo_86_11zon-510x145.jpg 510w, https:\/\/meditex.ee\/wp-content\/uploads\/2023\/04\/logo_86_11zon-800x228.jpg 800w, https:\/\/meditex.ee\/wp-content\/uploads\/2023\/04\/logo_86_11zon-768x219.jpg 768w\" sizes=\"(max-width: 1000px) 100vw, 1000px\" \/>\t\t\t\t\t\t\n\t\t\t\t\t<\/div>\n\t\t\t\t\t\t\t\t\n<style>\n#image_1466700638 {\n  width: 100%;\n}\n<\/style>\n\t<\/div>\n\t\n\t\t<\/div>\n\t\t\t\t\t<\/div>\n\n\t\n<\/div>\n<h3 style=\"text-align: left;\" data-fontsize=\"16\" data-lineheight=\"19\"><span style=\"color: #000000;\"><strong>Corsinel josta ar atveri stomas maisi\u0146a ievieto\u0161anai<\/strong><\/span><\/h3>\n<p style=\"text-align: left;\"><span style=\"color: #000000;\">Corsinel parastom\u0101l\u0101 josta ar maksim\u0101lu atbalstu \u013cauj lietot\u0101jam izgriezt caurumu stomas maisi\u0146a ievieto\u0161anai \u0113rt\u0101 viet\u0101.<\/span><\/p>\n<h4 style=\"text-align: left;\"><span style=\"color: #000000;\"><strong>Inform\u0101cija par produktu:<\/strong><\/span><\/h4>\n<ul>\n<li><span style=\"color: #000000;\">Maksim\u0101ls atbalsts e\u017eu uztur\u0113\u0161anai.<\/span><\/li>\n<li><span style=\"color: #000000;\">Unik\u0101li veidot\u0101 priek\u0161\u0113j\u0101 virsma nodro\u0161ina iesp\u0113ju izgriezt caurumu, lai piel\u0101gotu to individu\u0101lai stomas maisi\u0146a atra\u0161an\u0101s vietai, vienlaikus saglab\u0101jot spiedienu, lai kontrol\u0113tu songu.<\/span><\/li>\n<li><span style=\"color: #000000;\">Nodro\u0161ina diskr\u0113tumu un mazina sasprindzin\u0101jumu, nodro\u0161inot liel\u0101ku mobilit\u0101ti.<\/span><\/li>\n<li data-lineheight=\"19\" data-fontsize=\"16\"><span style=\"color: #000000;\">M\u012bksts, elpojo\u0161s, mitrumu izvado\u0161s un \u0101dai draudz\u012bgs materi\u0101ls nodro\u0161ina maksim\u0101lu komfortu.<\/span><\/li>\n<li><span style=\"color: #000000;\">Gaisu un mitrumu caurlaid\u012bgs, \u0101dai draudz\u012bgs materi\u0101ls.<\/span><\/li>\n<li data-lineheight=\"19\" data-fontsize=\"16\"><span style=\"color: #000000;\">Silikona pretsl\u012bd\u0113\u0161anas pl\u0101ksne.<\/span><\/li>\n<li><span style=\"color: #000000;\">Iek\u013cauta grie\u0161anas veidne.<\/span><\/li>\n<li><span style=\"color: #000000;\">Regul\u0113jama dro\u0161\u012bbas jostu aizdare priek\u0161pus\u0113.<\/span><\/li>\n<li>Augstums 21,5-28 cm atkar\u012bb\u0101 no izm\u0113ra.<\/li>\n<\/ul>\n\t<div id=\"gap-1801533289\" class=\"gap-element clearfix\" style=\"display:block; height:auto;\">\n\t\t\n<style>\n#gap-1801533289 {\n  padding-top: 30px;\n}\n<\/style>\n\t<\/div>\n\t\n<div class=\"row\"  id=\"row-663732217\">\n\n\t<div id=\"col-902959543\" class=\"col small-12 large-12\"  >\n\t\t\t\t<div class=\"col-inner\"  >\n\t\t\t\n\t\t\t\n<p style=\"text-align: left;\"><strong>Materi\u0101ls:<\/strong> 50% poliam\u012bds, 50% elast\u0101ns.<\/p>\n<p style=\"text-align: left;\"><strong>IZM\u0112RI:<\/strong><\/p>\n\t\t<\/div>\n\t\t\t\t\t<\/div>\n\n\t\n<\/div>\n<div class=\"row\"  id=\"row-2078156962\">\n\n\t<div id=\"col-325872777\" class=\"col medium-6 small-12 large-6\"  >\n\t\t\t\t<div class=\"col-inner\"  >\n\t\t\t\n\t\t\t\n\t<div class=\"img has-hover x md-x lg-x y md-y lg-y\" id=\"image_1991739856\">\n\t\t\t\t\t\t\t\t<div class=\"img-inner dark\" >\n\t\t\t<img decoding=\"async\" width=\"1020\" height=\"680\" src=\"https:\/\/meditex.ee\/wp-content\/uploads\/2023\/10\/SUURUS.webp\" class=\"attachment-large size-large\" alt=\"\" srcset=\"https:\/\/meditex.ee\/wp-content\/uploads\/2023\/10\/SUURUS.webp 1200w, https:\/\/meditex.ee\/wp-content\/uploads\/2023\/10\/SUURUS-600x400.webp 600w, https:\/\/meditex.ee\/wp-content\/uploads\/2023\/10\/SUURUS-768x512.webp 768w, https:\/\/meditex.ee\/wp-content\/uploads\/2023\/10\/SUURUS-510x340.webp 510w\" sizes=\"(max-width: 1020px) 100vw, 1020px\" \/>\t\t\t\t\t\t\n\t\t\t\t\t<\/div>\n\t\t\t\t\t\t\t\t\n<style>\n#image_1991739856 {\n  width: 80%;\n}\n<\/style>\n\t<\/div>\n\t\n\t\t<\/div>\n\t\t\t\t\t<\/div>\n\n\t\n\n\t<div id=\"col-1261918623\" class=\"col medium-5 small-12 large-5\"  >\n\t\t\t\t<div class=\"col-inner\"  >\n\t\t\t\n\t\t\t\n\t<div class=\"img has-hover x md-x lg-x y md-y lg-y\" id=\"image_1664060807\">\n\t\t\t\t\t\t\t\t<div class=\"img-inner dark\" >\n\t\t\t<img decoding=\"async\" width=\"480\" height=\"300\" src=\"https:\/\/meditex.ee\/wp-content\/uploads\/2023\/05\/Corsinel_Measuring-waitline_.webp\" class=\"attachment-large size-large\" alt=\"\" \/>\t\t\t\t\t\t\n\t\t\t\t\t<\/div>\n\t\t\t\t\t\t\t\t\n<style>\n#image_1664060807 {\n  width: 100%;\n}\n<\/style>\n\t<\/div>\n\t\n<p style=\"text-align: left;\"><span style=\"color: #000000;\">NB! Vienm\u0113r izm\u0113riet sevi, lai atrastu pareizo izm\u0113ru.<\/span><\/p>\n\t\t<\/div>\n\t\t\t\t\t<\/div>\n\n\t\n\n\t<div id=\"col-634293045\" class=\"col medium-4 small-12 large-4\"  >\n\t\t\t\t<div class=\"col-inner\"  >\n\t\t\t\n\t\t\t\n\t\t<\/div>\n\t\t\t\t\t<\/div>\n\n\t\n<\/div>\n<div class=\"row\"  id=\"row-1387139870\">\n\n\t<div id=\"col-1526536669\" class=\"col medium-4 small-12 large-4\"  >\n\t\t\t\t<div class=\"col-inner\"  >\n\t\t\t\n\t\t\t\n<p>Uztur\u0113\u0161ana:<\/p>\n\t<div class=\"img has-hover x md-x lg-x y md-y lg-y\" id=\"image_532721743\">\n\t\t\t\t\t\t\t\t<div class=\"img-inner dark\" >\n\t\t\t<img decoding=\"async\" width=\"800\" height=\"200\" src=\"https:\/\/meditex.ee\/wp-content\/uploads\/2023\/04\/hooldus_11zon.jpg\" class=\"attachment-large size-large\" alt=\"\" srcset=\"https:\/\/meditex.ee\/wp-content\/uploads\/2023\/04\/hooldus_11zon.jpg 800w, https:\/\/meditex.ee\/wp-content\/uploads\/2023\/04\/hooldus_11zon-510x128.jpg 510w, https:\/\/meditex.ee\/wp-content\/uploads\/2023\/04\/hooldus_11zon-768x192.jpg 768w\" sizes=\"(max-width: 800px) 100vw, 800px\" \/>\t\t\t\t\t\t\n\t\t\t\t\t<\/div>\n\t\t\t\t\t\t\t\t\n<style>\n#image_532721743 {\n  width: 100%;\n}\n<\/style>\n\t<\/div>\n\t\n\t\t<\/div>\n\t\t\t\t\t<\/div>\n\n\t\n<\/div>\n<div class=\"is-divider divider clearfix\" style=\"max-width:1100px;height:1px;background-color:rgb(0, 0, 0);\"><\/div>\n<p data-fontsize=\"16\" data-lineheight=\"19\">Vair\u0101k par Corsinel stomas un songa produktiem lasiet \u0161eit <a href=\"https:\/\/meditex.ee\/lv\/corsinel\/\">https:\/\/meditex.ee\/lv\/corsinel\/<\/a><\/p>\n<p data-fontsize=\"16\" data-lineheight=\"19\">Inform\u0101cija ra\u017eot\u0101ja t\u012bmek\u013ca vietn\u0113 <a href=\"https:\/\/t.ly\/UUC03\">https:\/\/t.ly\/UUC03<\/a><\/p>\n","protected":false},"excerpt":{"rendered":"<p style=\"text-align: left;\"><span style=\"font-size: 75%; color: #000000;\">Ar maksim\u0101lu atbalstu stomas jostas atv\u0113rumam.<\/span><\/p>\n","protected":false},"featured_media":17419,"template":"","meta":[],"product_brand":[],"product_cat":[499],"product_tag":[522,506],"class_list":{"0":"post-17370","1":"product","2":"type-product","3":"status-publish","4":"has-post-thumbnail","6":"product_cat-ostomijas-un-truces-jostas-un-apseji","7":"product_tag-corsinel-lv","8":"product_tag-maksimalais-atbalsts","10":"first","11":"instock","12":"taxable","13":"shipping-taxable","14":"purchasable","15":"product-type-variable"},"yoast_head":"<!-- This site is optimized with the Yoast SEO plugin v27.3 - https:\/\/yoast.com\/product\/yoast-seo-wordpress\/ -->\n<title>Corsinel josta ar atv\u0113rumu stomas maisi\u0146am - meditex.ee<\/title>\n<meta name=\"description\" content=\"Corsinel parastom\u0101l\u0101 josta ar maksim\u0101lu atbalstu \u013cauj lietot\u0101jam izgriezt caurumu stomas maisi\u0146a ievieto\u0161anai \u0113rt\u0101 viet\u0101.\" \/>\n<meta name=\"robots\" content=\"index, follow, max-snippet:-1, max-image-preview:large, max-video-preview:-1\" \/>\n<link rel=\"canonical\" href=\"https:\/\/meditex.ee\/lv\/produkts\/corsinel-maximum-viriesu-apaksvela-ar-augstu-apaksvelu-stomai-un-mandelem-kopeeri\/\" \/>\n<meta property=\"og:locale\" content=\"lv_LV\" \/>\n<meta property=\"og:type\" content=\"article\" \/>\n<meta property=\"og:title\" content=\"Corsinel josta ar atv\u0113rumu stomas maisi\u0146am - meditex.ee\" \/>\n<meta property=\"og:description\" content=\"Corsinel parastom\u0101l\u0101 josta ar maksim\u0101lu atbalstu \u013cauj lietot\u0101jam izgriezt caurumu stomas maisi\u0146a ievieto\u0161anai \u0113rt\u0101 viet\u0101.\" \/>\n<meta property=\"og:url\" content=\"https:\/\/meditex.ee\/lv\/produkts\/corsinel-maximum-viriesu-apaksvela-ar-augstu-apaksvelu-stomai-un-mandelem-kopeeri\/\" \/>\n<meta property=\"og:site_name\" content=\"Meditex\" \/>\n<meta property=\"article:publisher\" content=\"https:\/\/www.facebook.com\/meditexepood\/\" \/>\n<meta property=\"article:modified_time\" content=\"2024-01-05T08:20:28+00:00\" \/>\n<meta property=\"og:image\" content=\"https:\/\/meditex.ee\/wp-content\/uploads\/2023\/10\/3412_PANEL_FRONT.webp\" \/>\n\t<meta property=\"og:image:width\" content=\"2480\" \/>\n\t<meta property=\"og:image:height\" content=\"2480\" \/>\n\t<meta property=\"og:image:type\" content=\"image\/webp\" \/>\n<meta name=\"twitter:card\" content=\"summary_large_image\" \/>\n<meta name=\"twitter:label1\" content=\"Est. reading time\" \/>\n\t<meta name=\"twitter:data1\" content=\"2 minutes\" \/>\n<script type=\"application\/ld+json\" class=\"yoast-schema-graph\">{\"@context\":\"https:\\\/\\\/schema.org\",\"@graph\":[{\"@type\":\"WebPage\",\"@id\":\"https:\\\/\\\/meditex.ee\\\/lv\\\/produkts\\\/corsinel-maximum-viriesu-apaksvela-ar-augstu-apaksvelu-stomai-un-mandelem-kopeeri\\\/\",\"url\":\"https:\\\/\\\/meditex.ee\\\/lv\\\/produkts\\\/corsinel-maximum-viriesu-apaksvela-ar-augstu-apaksvelu-stomai-un-mandelem-kopeeri\\\/\",\"name\":\"Corsinel josta ar atv\u0113rumu stomas maisi\u0146am - meditex.ee\",\"isPartOf\":{\"@id\":\"https:\\\/\\\/meditex.ee\\\/en\\\/#website\"},\"primaryImageOfPage\":{\"@id\":\"https:\\\/\\\/meditex.ee\\\/lv\\\/produkts\\\/corsinel-maximum-viriesu-apaksvela-ar-augstu-apaksvelu-stomai-un-mandelem-kopeeri\\\/#primaryimage\"},\"image\":{\"@id\":\"https:\\\/\\\/meditex.ee\\\/lv\\\/produkts\\\/corsinel-maximum-viriesu-apaksvela-ar-augstu-apaksvelu-stomai-un-mandelem-kopeeri\\\/#primaryimage\"},\"thumbnailUrl\":\"https:\\\/\\\/meditex.ee\\\/wp-content\\\/uploads\\\/2023\\\/10\\\/3412_PANEL_FRONT.webp\",\"datePublished\":\"2023-10-03T08:23:02+00:00\",\"dateModified\":\"2024-01-05T08:20:28+00:00\",\"description\":\"Corsinel parastom\u0101l\u0101 josta ar maksim\u0101lu atbalstu \u013cauj lietot\u0101jam izgriezt caurumu stomas maisi\u0146a ievieto\u0161anai \u0113rt\u0101 viet\u0101.\",\"breadcrumb\":{\"@id\":\"https:\\\/\\\/meditex.ee\\\/lv\\\/produkts\\\/corsinel-maximum-viriesu-apaksvela-ar-augstu-apaksvelu-stomai-un-mandelem-kopeeri\\\/#breadcrumb\"},\"inLanguage\":\"lv-LV\",\"potentialAction\":[{\"@type\":\"ReadAction\",\"target\":[\"https:\\\/\\\/meditex.ee\\\/lv\\\/produkts\\\/corsinel-maximum-viriesu-apaksvela-ar-augstu-apaksvelu-stomai-un-mandelem-kopeeri\\\/\"]}]},{\"@type\":\"ImageObject\",\"inLanguage\":\"lv-LV\",\"@id\":\"https:\\\/\\\/meditex.ee\\\/lv\\\/produkts\\\/corsinel-maximum-viriesu-apaksvela-ar-augstu-apaksvelu-stomai-un-mandelem-kopeeri\\\/#primaryimage\",\"url\":\"https:\\\/\\\/meditex.ee\\\/wp-content\\\/uploads\\\/2023\\\/10\\\/3412_PANEL_FRONT.webp\",\"contentUrl\":\"https:\\\/\\\/meditex.ee\\\/wp-content\\\/uploads\\\/2023\\\/10\\\/3412_PANEL_FRONT.webp\",\"width\":2480,\"height\":2480},{\"@type\":\"BreadcrumbList\",\"@id\":\"https:\\\/\\\/meditex.ee\\\/lv\\\/produkts\\\/corsinel-maximum-viriesu-apaksvela-ar-augstu-apaksvelu-stomai-un-mandelem-kopeeri\\\/#breadcrumb\",\"itemListElement\":[{\"@type\":\"ListItem\",\"position\":1,\"name\":\"Home\",\"item\":\"https:\\\/\\\/meditex.ee\\\/lv\\\/\"},{\"@type\":\"ListItem\",\"position\":2,\"name\":\"Veikals\",\"item\":\"https:\\\/\\\/meditex.ee\\\/lv\\\/veikals\\\/\"},{\"@type\":\"ListItem\",\"position\":3,\"name\":\"Corsinel josta ar atveri stomas maisi\u0146a ievieto\u0161anai\"}]},{\"@type\":\"WebSite\",\"@id\":\"https:\\\/\\\/meditex.ee\\\/en\\\/#website\",\"url\":\"https:\\\/\\\/meditex.ee\\\/en\\\/\",\"name\":\"Meditex\",\"description\":\"\",\"publisher\":{\"@id\":\"https:\\\/\\\/meditex.ee\\\/en\\\/#organization\"},\"potentialAction\":[{\"@type\":\"SearchAction\",\"target\":{\"@type\":\"EntryPoint\",\"urlTemplate\":\"https:\\\/\\\/meditex.ee\\\/en\\\/?s={search_term_string}\"},\"query-input\":{\"@type\":\"PropertyValueSpecification\",\"valueRequired\":true,\"valueName\":\"search_term_string\"}}],\"inLanguage\":\"lv-LV\"},{\"@type\":\"Organization\",\"@id\":\"https:\\\/\\\/meditex.ee\\\/en\\\/#organization\",\"name\":\"Meditex\",\"url\":\"https:\\\/\\\/meditex.ee\\\/en\\\/\",\"logo\":{\"@type\":\"ImageObject\",\"inLanguage\":\"lv-LV\",\"@id\":\"https:\\\/\\\/meditex.ee\\\/en\\\/#\\\/schema\\\/logo\\\/image\\\/\",\"url\":\"https:\\\/\\\/meditex.ee\\\/wp-content\\\/uploads\\\/2018\\\/03\\\/mdtx_logo.png\",\"contentUrl\":\"https:\\\/\\\/meditex.ee\\\/wp-content\\\/uploads\\\/2018\\\/03\\\/mdtx_logo.png\",\"width\":669,\"height\":235,\"caption\":\"Meditex\"},\"image\":{\"@id\":\"https:\\\/\\\/meditex.ee\\\/en\\\/#\\\/schema\\\/logo\\\/image\\\/\"},\"sameAs\":[\"https:\\\/\\\/www.facebook.com\\\/meditexepood\\\/\"]}]}<\/script>\n<!-- \/ Yoast SEO plugin. -->","yoast_head_json":{"title":"Corsinel josta ar atv\u0113rumu stomas maisi\u0146am - meditex.ee","description":"Corsinel parastom\u0101l\u0101 josta ar maksim\u0101lu atbalstu \u013cauj lietot\u0101jam izgriezt caurumu stomas maisi\u0146a ievieto\u0161anai \u0113rt\u0101 viet\u0101.","robots":{"index":"index","follow":"follow","max-snippet":"max-snippet:-1","max-image-preview":"max-image-preview:large","max-video-preview":"max-video-preview:-1"},"canonical":"https:\/\/meditex.ee\/lv\/produkts\/corsinel-maximum-viriesu-apaksvela-ar-augstu-apaksvelu-stomai-un-mandelem-kopeeri\/","og_locale":"lv_LV","og_type":"article","og_title":"Corsinel josta ar atv\u0113rumu stomas maisi\u0146am - meditex.ee","og_description":"Corsinel parastom\u0101l\u0101 josta ar maksim\u0101lu atbalstu \u013cauj lietot\u0101jam izgriezt caurumu stomas maisi\u0146a ievieto\u0161anai \u0113rt\u0101 viet\u0101.","og_url":"https:\/\/meditex.ee\/lv\/produkts\/corsinel-maximum-viriesu-apaksvela-ar-augstu-apaksvelu-stomai-un-mandelem-kopeeri\/","og_site_name":"Meditex","article_publisher":"https:\/\/www.facebook.com\/meditexepood\/","article_modified_time":"2024-01-05T08:20:28+00:00","og_image":[{"width":2480,"height":2480,"url":"https:\/\/meditex.ee\/wp-content\/uploads\/2023\/10\/3412_PANEL_FRONT.webp","type":"image\/webp"}],"twitter_card":"summary_large_image","twitter_misc":{"Est. reading time":"2 minutes"},"schema":{"@context":"https:\/\/schema.org","@graph":[{"@type":"WebPage","@id":"https:\/\/meditex.ee\/lv\/produkts\/corsinel-maximum-viriesu-apaksvela-ar-augstu-apaksvelu-stomai-un-mandelem-kopeeri\/","url":"https:\/\/meditex.ee\/lv\/produkts\/corsinel-maximum-viriesu-apaksvela-ar-augstu-apaksvelu-stomai-un-mandelem-kopeeri\/","name":"Corsinel josta ar atv\u0113rumu stomas maisi\u0146am - meditex.ee","isPartOf":{"@id":"https:\/\/meditex.ee\/en\/#website"},"primaryImageOfPage":{"@id":"https:\/\/meditex.ee\/lv\/produkts\/corsinel-maximum-viriesu-apaksvela-ar-augstu-apaksvelu-stomai-un-mandelem-kopeeri\/#primaryimage"},"image":{"@id":"https:\/\/meditex.ee\/lv\/produkts\/corsinel-maximum-viriesu-apaksvela-ar-augstu-apaksvelu-stomai-un-mandelem-kopeeri\/#primaryimage"},"thumbnailUrl":"https:\/\/meditex.ee\/wp-content\/uploads\/2023\/10\/3412_PANEL_FRONT.webp","datePublished":"2023-10-03T08:23:02+00:00","dateModified":"2024-01-05T08:20:28+00:00","description":"Corsinel parastom\u0101l\u0101 josta ar maksim\u0101lu atbalstu \u013cauj lietot\u0101jam izgriezt caurumu stomas maisi\u0146a ievieto\u0161anai \u0113rt\u0101 viet\u0101.","breadcrumb":{"@id":"https:\/\/meditex.ee\/lv\/produkts\/corsinel-maximum-viriesu-apaksvela-ar-augstu-apaksvelu-stomai-un-mandelem-kopeeri\/#breadcrumb"},"inLanguage":"lv-LV","potentialAction":[{"@type":"ReadAction","target":["https:\/\/meditex.ee\/lv\/produkts\/corsinel-maximum-viriesu-apaksvela-ar-augstu-apaksvelu-stomai-un-mandelem-kopeeri\/"]}]},{"@type":"ImageObject","inLanguage":"lv-LV","@id":"https:\/\/meditex.ee\/lv\/produkts\/corsinel-maximum-viriesu-apaksvela-ar-augstu-apaksvelu-stomai-un-mandelem-kopeeri\/#primaryimage","url":"https:\/\/meditex.ee\/wp-content\/uploads\/2023\/10\/3412_PANEL_FRONT.webp","contentUrl":"https:\/\/meditex.ee\/wp-content\/uploads\/2023\/10\/3412_PANEL_FRONT.webp","width":2480,"height":2480},{"@type":"BreadcrumbList","@id":"https:\/\/meditex.ee\/lv\/produkts\/corsinel-maximum-viriesu-apaksvela-ar-augstu-apaksvelu-stomai-un-mandelem-kopeeri\/#breadcrumb","itemListElement":[{"@type":"ListItem","position":1,"name":"Home","item":"https:\/\/meditex.ee\/lv\/"},{"@type":"ListItem","position":2,"name":"Veikals","item":"https:\/\/meditex.ee\/lv\/veikals\/"},{"@type":"ListItem","position":3,"name":"Corsinel josta ar atveri stomas maisi\u0146a ievieto\u0161anai"}]},{"@type":"WebSite","@id":"https:\/\/meditex.ee\/en\/#website","url":"https:\/\/meditex.ee\/en\/","name":"Meditex","description":"","publisher":{"@id":"https:\/\/meditex.ee\/en\/#organization"},"potentialAction":[{"@type":"SearchAction","target":{"@type":"EntryPoint","urlTemplate":"https:\/\/meditex.ee\/en\/?s={search_term_string}"},"query-input":{"@type":"PropertyValueSpecification","valueRequired":true,"valueName":"search_term_string"}}],"inLanguage":"lv-LV"},{"@type":"Organization","@id":"https:\/\/meditex.ee\/en\/#organization","name":"Meditex","url":"https:\/\/meditex.ee\/en\/","logo":{"@type":"ImageObject","inLanguage":"lv-LV","@id":"https:\/\/meditex.ee\/en\/#\/schema\/logo\/image\/","url":"https:\/\/meditex.ee\/wp-content\/uploads\/2018\/03\/mdtx_logo.png","contentUrl":"https:\/\/meditex.ee\/wp-content\/uploads\/2018\/03\/mdtx_logo.png","width":669,"height":235,"caption":"Meditex"},"image":{"@id":"https:\/\/meditex.ee\/en\/#\/schema\/logo\/image\/"},"sameAs":["https:\/\/www.facebook.com\/meditexepood\/"]}]}},"_links":{"self":[{"href":"https:\/\/meditex.ee\/lv\/wp-json\/wp\/v2\/product\/17370","targetHints":{"allow":["GET"]}}],"collection":[{"href":"https:\/\/meditex.ee\/lv\/wp-json\/wp\/v2\/product"}],"about":[{"href":"https:\/\/meditex.ee\/lv\/wp-json\/wp\/v2\/types\/product"}],"wp:featuredmedia":[{"embeddable":true,"href":"https:\/\/meditex.ee\/lv\/wp-json\/wp\/v2\/media\/17419"}],"wp:attachment":[{"href":"https:\/\/meditex.ee\/lv\/wp-json\/wp\/v2\/media?parent=17370"}],"wp:term":[{"taxonomy":"product_brand","embeddable":true,"href":"https:\/\/meditex.ee\/lv\/wp-json\/wp\/v2\/product_brand?post=17370"},{"taxonomy":"product_cat","embeddable":true,"href":"https:\/\/meditex.ee\/lv\/wp-json\/wp\/v2\/product_cat?post=17370"},{"taxonomy":"product_tag","embeddable":true,"href":"https:\/\/meditex.ee\/lv\/wp-json\/wp\/v2\/product_tag?post=17370"}],"curies":[{"name":"wp","href":"https:\/\/api.w.org\/{rel}","templated":true}]}}