{"id":17077,"date":"2018-06-19T14:13:11","date_gmt":"2023-07-31T10:26:16","guid":{"rendered":"https:\/\/meditex.ee\/product\/krusu-siksnas-atbalsta-josta-ar-aukstuma-kompresijas-kabatam-un-pilnu-kakla-izgriezumu\/"},"modified":"2023-07-31T10:27:01","modified_gmt":"2023-07-31T10:27:01","slug":"louar-strap-suspender-compression-pockets-with-full-neck","status":"publish","type":"product","link":"https:\/\/meditex.ee\/lv\/produkts\/louar-strap-suspender-compression-pockets-with-full-neck\/","title":{"rendered":"Kr\u016b\u0161u siksnas atbalsta josta ar aukstuma kompresijas kabat\u0101m un pilnu kakla izgriezumu"},"content":{"rendered":"<div class=\"row\"  id=\"row-1475201291\">\n\n\t<div id=\"col-784912936\" class=\"col medium-6 small-12 large-6\"  >\n\t\t\t\t<div class=\"col-inner\"  >\n\t\t\t\n\t\t\t\n\t\t<\/div>\n\t\t\t\t\t<\/div>\n\n\t\n\n\t<div id=\"col-801313165\" class=\"col medium-6 small-12 large-6\"  >\n\t\t\t\t<div class=\"col-inner text-right\"  >\n\t\t\t\n\t\t\t\n\t<div class=\"img has-hover x md-x lg-x y md-y lg-y\" id=\"image_1079798889\">\n\t\t\t\t\t\t\t\t<div class=\"img-inner dark\" >\n\t\t\t<img decoding=\"async\" width=\"1020\" height=\"380\" src=\"https:\/\/meditex.ee\/wp-content\/uploads\/2018\/03\/Isavela-Logo-Transparent-1400x522.png\" class=\"attachment-large size-large\" alt=\"\" srcset=\"https:\/\/meditex.ee\/wp-content\/uploads\/2018\/03\/Isavela-Logo-Transparent-1400x522.png 1400w, https:\/\/meditex.ee\/wp-content\/uploads\/2018\/03\/Isavela-Logo-Transparent-510x190.png 510w, https:\/\/meditex.ee\/wp-content\/uploads\/2018\/03\/Isavela-Logo-Transparent-800x298.png 800w, https:\/\/meditex.ee\/wp-content\/uploads\/2018\/03\/Isavela-Logo-Transparent-768x286.png 768w, https:\/\/meditex.ee\/wp-content\/uploads\/2018\/03\/Isavela-Logo-Transparent-600x224.png 600w\" sizes=\"(max-width: 1020px) 100vw, 1020px\" \/>\t\t\t\t\t\t\n\t\t\t\t\t<\/div>\n\t\t\t\t\t\t\t\t\n<style>\n#image_1079798889 {\n  width: 40%;\n}\n<\/style>\n\t<\/div>\n\t\n\t\t<\/div>\n\t\t\t\t\t<\/div>\n\n\t\n<\/div>\n<p style=\"text-align: left;\"><span style=\"color: #000000;\">Sejas kompresijas ap\u0123\u0113rbi nodro\u0161ina papildu spiedienu p\u0113c zoda liposakcijas vai cit\u0101m sejas \u0137irur\u0123isk\u0101m proced\u016br\u0101m. Tie ir ide\u0101li piem\u0113roti kompresijas ap\u0123\u0113rbi sejai un kaklam, kam\u0113r atvese\u013cojaties p\u0113c kakla pacel\u0161anas vai zoda liposakcijas. Pareizi lietojot, tie pastiprina asinsriti \u0137irur\u0123isk\u0101s proced\u016bras viet\u0101. \u0160\u012bs dr\u0113bes samazina piet\u016bkumu, izvada kait\u012bgos \u0137erme\u0146a \u0161\u0137idrumus un pa\u0101trina dz\u012b\u0161anu. P\u0113k\u0161\u0146as kust\u012bbas gad\u012bjum\u0101 (piem\u0113ram, \u0161\u0137audot vai klepojot) sejas kompreses samazina diskomfortu.<\/span><\/p>\n<p style=\"text-align: left;\"><span style=\"color: #000000;\"><strong>\u012apa\u0161\u012bbas:<\/strong> UNISEX gluda sejas siksna ar zoda siksnu ar aug\u0161\u0113jo aizdari un piln\u012bgu atbalstu kaklam. \u0160\u012b sejas komprese darbojas k\u0101 \u017e\u0101v\u0113\u0161anas pal\u012bgl\u012bdzeklis, jo t\u0101 ir elpojo\u0161a un nesatur lateksu, un t\u0101s antibakteri\u0101l\u0101s \u012bpa\u0161\u012bbas nov\u0113r\u0161 smakas un bakt\u0113riju veido\u0161anos. Pieejams smil\u0161kr\u0101sas un meln\u0101 kr\u0101s\u0101.<\/span><\/p>\n<ul>\n<li style=\"text-align: left;\"><span style=\"color: #000000;\">Ide\u0101li piem\u0113rots p\u0113c sejas liftinga, kakla liftinga, liposakcijas (sejas, zoda, kakla), zoda un zoda palielin\u0101\u0161anas, genioplastikas un sejas implantiem.<\/span><\/li>\n<li style=\"text-align: left;\"><span style=\"color: #000000;\">Nodro\u0161ina sejas, zoda un kakla kompresiju un ir piem\u0113rots p\u0113c sejas liftinga, kakla liftinga un liposakcijas.  <\/span><\/li>\n<li style=\"text-align: left;\"><span style=\"color: #000000;\">Ar aukst\u0101s kompreses kabat\u0101m.<\/span><\/li>\n<li style=\"text-align: left;\"><span style=\"color: #000000;\">Uzlabo asinsriti, samazina piet\u016bkumu p\u0113c proced\u016bras, izvada no organisma potenci\u0101li kait\u012bgus \u0161\u0137idrumus, pa\u0101trina dz\u012b\u0161anu un \u013cauj pacientam \u0101tr\u0101k atgriezties ikdienas dz\u012bv\u0113.  <\/span><\/li>\n<li style=\"text-align: left;\"><span style=\"color: #000000;\">Tas ar\u012b atbalsta \u0137irur\u0123isk\u0101s iejauk\u0161an\u0101s vietas, nodro\u0161inot liel\u0101ku komfortu un pal\u012bdz \u0101dai lab\u0101k piel\u0101goties jaunaj\u0101m kont\u016br\u0101m.<\/span><\/li>\n<li style=\"text-align: left;\"><span style=\"color: #000000;\">\u0100rpus\u0113 aizmugur\u0113j\u0101 stiprin\u0101juma m\u012bkst\u0101 puse \u013cauj pareizi iestat\u012bt spiedienu un \u0113rtu atbalstu.  <\/span><\/li>\n<li style=\"text-align: left;\"><span style=\"color: #000000;\">\u0160o 22,8 cm siksnu veido tr\u012bs 7,6 cm pane\u013ci, kas nodro\u0161ina liel\u0101ku elast\u012bbu un piln\u012bgu atbalstu kaklam.<\/span><\/li>\n<li style=\"text-align: left;\"><span style=\"color: #000000;\">Ar \u0113rt\u0101m regul\u0113jam\u0101m kakla aizdares pog\u0101m, kas \u013cauj aus\u012bm b\u016bt br\u012bv\u0101m.  <\/span><\/li>\n<li style=\"text-align: left;\"><span style=\"color: #000000;\">Ar vid\u0113ja garuma galvas lenti un lieliski novietotu zoda siksnu, kas nodro\u0161ina past\u0101v\u012bgu spiedienu un atbalstu.<\/span><\/li>\n<li style=\"text-align: left;\"><span style=\"color: #000000;\">Izgatavots no elast\u012bga, neizs\u016bco\u0161a auduma dro\u0161\u0101kai kompresijai un veiktsp\u0113jai, pl\u012b\u0161a iek\u0161pus\u0113 un \u0113rts pret \u0101du. Turkl\u0101t materi\u0101lam ir struktur\u0101li raksti, kas nodro\u0161ina maksim\u0101lu atbalstu un saspie\u0161anu.<\/span><\/li>\n<li style=\"text-align: left;\"><span style=\"color: #000000;\">100% bez lateksa<\/span><\/li>\n<\/ul>\n\t<div class=\"img has-hover x md-x lg-x y md-y lg-y\" id=\"image_1058362225\">\n\t\t\t\t\t\t\t\t<div class=\"img-inner dark\" >\n\t\t\t<img decoding=\"async\" width=\"745\" height=\"800\" src=\"https:\/\/meditex.ee\/wp-content\/uploads\/2018\/03\/isvlmdd-745x800.png\" class=\"attachment-large size-large\" alt=\"\" srcset=\"https:\/\/meditex.ee\/wp-content\/uploads\/2018\/03\/isvlmdd-745x800.png 745w, https:\/\/meditex.ee\/wp-content\/uploads\/2018\/03\/isvlmdd-510x548.png 510w, https:\/\/meditex.ee\/wp-content\/uploads\/2018\/03\/isvlmdd-372x400.png 372w, https:\/\/meditex.ee\/wp-content\/uploads\/2018\/03\/isvlmdd-768x825.png 768w, https:\/\/meditex.ee\/wp-content\/uploads\/2018\/03\/isvlmdd-600x645.png 600w, https:\/\/meditex.ee\/wp-content\/uploads\/2018\/03\/isvlmdd.png 794w\" sizes=\"(max-width: 745px) 100vw, 745px\" \/>\t\t\t\t\t\t\n\t\t\t\t\t<\/div>\n\t\t\t\t\t\t\t\t\n<style>\n#image_1058362225 {\n  width: 60%;\n}\n<\/style>\n\t<\/div>\n\t\n","protected":false},"excerpt":{"rendered":"<p>Sejas kompresijas ap\u0123\u0113rbi nodro\u0161ina papildu spiedienu p\u0113c zoda liposakcijas vai cit\u0101m sejas \u0137irur\u0123isk\u0101m proced\u016br\u0101m. Tie ir ide\u0101li piem\u0113roti kompresijas ap\u0123\u0113rbi sejai un kaklam, kam\u0113r atvese\u013cojaties p\u0113c kakla pacel\u0161anas vai zoda liposakcijas. Pareizi lietojot, tie pastiprina asinsriti \u0137irur\u0123isk\u0101s proced\u016bras viet\u0101. \u0160\u012bs dr\u0113bes samazina piet\u016bkumu, izvada kait\u012bgos \u0137erme\u0146a \u0161\u0137idrumus un pa\u0101trina dz\u012b\u0161anu. P\u0113k\u0161\u0146as kust\u012bbas gad\u012bjum\u0101 (piem\u0113ram, \u0161\u0137audot [&#8230;]\n","protected":false},"featured_media":14900,"template":"","meta":[],"product_brand":[],"product_cat":[495],"product_tag":[523],"class_list":{"0":"post-17077","1":"product","2":"type-product","3":"status-publish","4":"has-post-thumbnail","6":"product_cat-galvas-parseji","7":"product_tag-isavela-lv","9":"first","10":"instock","11":"taxable","12":"shipping-taxable","13":"purchasable","14":"product-type-variable"},"yoast_head":"<!-- This site is optimized with the Yoast SEO plugin v27.3 - https:\/\/yoast.com\/product\/yoast-seo-wordpress\/ -->\n<title>P\u0113coper\u0101cijas galvassega ar kabat\u0101m aukstuma maisi\u0146iem<\/title>\n<meta name=\"description\" content=\"Ide\u0101li piem\u0113rots p\u0113c sejas liftinga, kakla liftinga, liposakcijas, zoda un zoda palielin\u0101\u0161anas, genioplastikas u. c.\" \/>\n<meta name=\"robots\" content=\"index, follow, max-snippet:-1, max-image-preview:large, max-video-preview:-1\" \/>\n<link rel=\"canonical\" href=\"https:\/\/meditex.ee\/lv\/product\/louar-strap-suspender-compression-pockets-with-full-neck\/\" \/>\n<meta property=\"og:locale\" content=\"lv_LV\" \/>\n<meta property=\"og:type\" content=\"article\" \/>\n<meta property=\"og:title\" content=\"P\u0113coper\u0101cijas galvassega ar kabat\u0101m aukstuma maisi\u0146iem\" \/>\n<meta property=\"og:description\" content=\"Ide\u0101li piem\u0113rots p\u0113c sejas liftinga, kakla liftinga, liposakcijas, zoda un zoda palielin\u0101\u0161anas, genioplastikas u. c.\" \/>\n<meta property=\"og:url\" content=\"https:\/\/meditex.ee\/lv\/product\/louar-strap-suspender-compression-pockets-with-full-neck\/\" \/>\n<meta property=\"og:site_name\" content=\"Meditex\" \/>\n<meta property=\"article:publisher\" content=\"https:\/\/www.facebook.com\/meditexepood\/\" \/>\n<meta property=\"article:modified_time\" content=\"2023-07-31T10:27:01+00:00\" \/>\n<meta property=\"og:image\" content=\"https:\/\/meditex.ee\/wp-content\/uploads\/2018\/06\/FA04-beige-compression-garment-garment-garments-browlift-lipoplasty-facelift-activseam-comprexxwear__42229.1495727500.1280.1280.jpg\" \/>\n\t<meta property=\"og:image:width\" content=\"1280\" \/>\n\t<meta property=\"og:image:height\" content=\"1280\" \/>\n\t<meta property=\"og:image:type\" content=\"image\/jpeg\" \/>\n<meta name=\"twitter:card\" content=\"summary_large_image\" \/>\n<meta name=\"twitter:label1\" content=\"Est. reading time\" \/>\n\t<meta name=\"twitter:data1\" content=\"2 minutes\" \/>\n<script type=\"application\/ld+json\" class=\"yoast-schema-graph\">{\"@context\":\"https:\\\/\\\/schema.org\",\"@graph\":[{\"@type\":\"WebPage\",\"@id\":\"https:\\\/\\\/meditex.ee\\\/lv\\\/product\\\/louar-strap-suspender-compression-pockets-with-full-neck\\\/\",\"url\":\"https:\\\/\\\/meditex.ee\\\/lv\\\/product\\\/louar-strap-suspender-compression-pockets-with-full-neck\\\/\",\"name\":\"P\u0113coper\u0101cijas galvassega ar kabat\u0101m aukstuma maisi\u0146iem\",\"isPartOf\":{\"@id\":\"https:\\\/\\\/meditex.ee\\\/en\\\/#website\"},\"primaryImageOfPage\":{\"@id\":\"https:\\\/\\\/meditex.ee\\\/lv\\\/product\\\/louar-strap-suspender-compression-pockets-with-full-neck\\\/#primaryimage\"},\"image\":{\"@id\":\"https:\\\/\\\/meditex.ee\\\/lv\\\/product\\\/louar-strap-suspender-compression-pockets-with-full-neck\\\/#primaryimage\"},\"thumbnailUrl\":\"https:\\\/\\\/meditex.ee\\\/wp-content\\\/uploads\\\/2018\\\/06\\\/FA04-beige-compression-garment-garment-garments-browlift-lipoplasty-facelift-activseam-comprexxwear__42229.1495727500.1280.1280.jpg\",\"datePublished\":\"2023-07-31T10:26:16+00:00\",\"dateModified\":\"2023-07-31T10:27:01+00:00\",\"description\":\"Ide\u0101li piem\u0113rots p\u0113c sejas liftinga, kakla liftinga, liposakcijas, zoda un zoda palielin\u0101\u0161anas, genioplastikas u. c.\",\"breadcrumb\":{\"@id\":\"https:\\\/\\\/meditex.ee\\\/lv\\\/product\\\/louar-strap-suspender-compression-pockets-with-full-neck\\\/#breadcrumb\"},\"inLanguage\":\"lv-LV\",\"potentialAction\":[{\"@type\":\"ReadAction\",\"target\":[\"https:\\\/\\\/meditex.ee\\\/lv\\\/product\\\/louar-strap-suspender-compression-pockets-with-full-neck\\\/\"]}]},{\"@type\":\"ImageObject\",\"inLanguage\":\"lv-LV\",\"@id\":\"https:\\\/\\\/meditex.ee\\\/lv\\\/product\\\/louar-strap-suspender-compression-pockets-with-full-neck\\\/#primaryimage\",\"url\":\"https:\\\/\\\/meditex.ee\\\/wp-content\\\/uploads\\\/2018\\\/06\\\/FA04-beige-compression-garment-garment-garments-browlift-lipoplasty-facelift-activseam-comprexxwear__42229.1495727500.1280.1280.jpg\",\"contentUrl\":\"https:\\\/\\\/meditex.ee\\\/wp-content\\\/uploads\\\/2018\\\/06\\\/FA04-beige-compression-garment-garment-garments-browlift-lipoplasty-facelift-activseam-comprexxwear__42229.1495727500.1280.1280.jpg\",\"width\":1280,\"height\":1280},{\"@type\":\"BreadcrumbList\",\"@id\":\"https:\\\/\\\/meditex.ee\\\/lv\\\/product\\\/louar-strap-suspender-compression-pockets-with-full-neck\\\/#breadcrumb\",\"itemListElement\":[{\"@type\":\"ListItem\",\"position\":1,\"name\":\"Home\",\"item\":\"https:\\\/\\\/meditex.ee\\\/lv\\\/\"},{\"@type\":\"ListItem\",\"position\":2,\"name\":\"Veikals\",\"item\":\"https:\\\/\\\/meditex.ee\\\/lv\\\/veikals\\\/\"},{\"@type\":\"ListItem\",\"position\":3,\"name\":\"Kr\u016b\u0161u siksnas atbalsta josta ar aukstuma kompresijas kabat\u0101m un pilnu kakla izgriezumu\"}]},{\"@type\":\"WebSite\",\"@id\":\"https:\\\/\\\/meditex.ee\\\/en\\\/#website\",\"url\":\"https:\\\/\\\/meditex.ee\\\/en\\\/\",\"name\":\"Meditex\",\"description\":\"\",\"publisher\":{\"@id\":\"https:\\\/\\\/meditex.ee\\\/en\\\/#organization\"},\"potentialAction\":[{\"@type\":\"SearchAction\",\"target\":{\"@type\":\"EntryPoint\",\"urlTemplate\":\"https:\\\/\\\/meditex.ee\\\/en\\\/?s={search_term_string}\"},\"query-input\":{\"@type\":\"PropertyValueSpecification\",\"valueRequired\":true,\"valueName\":\"search_term_string\"}}],\"inLanguage\":\"lv-LV\"},{\"@type\":\"Organization\",\"@id\":\"https:\\\/\\\/meditex.ee\\\/en\\\/#organization\",\"name\":\"Meditex\",\"url\":\"https:\\\/\\\/meditex.ee\\\/en\\\/\",\"logo\":{\"@type\":\"ImageObject\",\"inLanguage\":\"lv-LV\",\"@id\":\"https:\\\/\\\/meditex.ee\\\/en\\\/#\\\/schema\\\/logo\\\/image\\\/\",\"url\":\"https:\\\/\\\/meditex.ee\\\/wp-content\\\/uploads\\\/2018\\\/03\\\/mdtx_logo.png\",\"contentUrl\":\"https:\\\/\\\/meditex.ee\\\/wp-content\\\/uploads\\\/2018\\\/03\\\/mdtx_logo.png\",\"width\":669,\"height\":235,\"caption\":\"Meditex\"},\"image\":{\"@id\":\"https:\\\/\\\/meditex.ee\\\/en\\\/#\\\/schema\\\/logo\\\/image\\\/\"},\"sameAs\":[\"https:\\\/\\\/www.facebook.com\\\/meditexepood\\\/\"]}]}<\/script>\n<!-- \/ Yoast SEO plugin. -->","yoast_head_json":{"title":"P\u0113coper\u0101cijas galvassega ar kabat\u0101m aukstuma maisi\u0146iem","description":"Ide\u0101li piem\u0113rots p\u0113c sejas liftinga, kakla liftinga, liposakcijas, zoda un zoda palielin\u0101\u0161anas, genioplastikas u. c.","robots":{"index":"index","follow":"follow","max-snippet":"max-snippet:-1","max-image-preview":"max-image-preview:large","max-video-preview":"max-video-preview:-1"},"canonical":"https:\/\/meditex.ee\/lv\/product\/louar-strap-suspender-compression-pockets-with-full-neck\/","og_locale":"lv_LV","og_type":"article","og_title":"P\u0113coper\u0101cijas galvassega ar kabat\u0101m aukstuma maisi\u0146iem","og_description":"Ide\u0101li piem\u0113rots p\u0113c sejas liftinga, kakla liftinga, liposakcijas, zoda un zoda palielin\u0101\u0161anas, genioplastikas u. c.","og_url":"https:\/\/meditex.ee\/lv\/product\/louar-strap-suspender-compression-pockets-with-full-neck\/","og_site_name":"Meditex","article_publisher":"https:\/\/www.facebook.com\/meditexepood\/","article_modified_time":"2023-07-31T10:27:01+00:00","og_image":[{"width":1280,"height":1280,"url":"https:\/\/meditex.ee\/wp-content\/uploads\/2018\/06\/FA04-beige-compression-garment-garment-garments-browlift-lipoplasty-facelift-activseam-comprexxwear__42229.1495727500.1280.1280.jpg","type":"image\/jpeg"}],"twitter_card":"summary_large_image","twitter_misc":{"Est. reading time":"2 minutes"},"schema":{"@context":"https:\/\/schema.org","@graph":[{"@type":"WebPage","@id":"https:\/\/meditex.ee\/lv\/product\/louar-strap-suspender-compression-pockets-with-full-neck\/","url":"https:\/\/meditex.ee\/lv\/product\/louar-strap-suspender-compression-pockets-with-full-neck\/","name":"P\u0113coper\u0101cijas galvassega ar kabat\u0101m aukstuma maisi\u0146iem","isPartOf":{"@id":"https:\/\/meditex.ee\/en\/#website"},"primaryImageOfPage":{"@id":"https:\/\/meditex.ee\/lv\/product\/louar-strap-suspender-compression-pockets-with-full-neck\/#primaryimage"},"image":{"@id":"https:\/\/meditex.ee\/lv\/product\/louar-strap-suspender-compression-pockets-with-full-neck\/#primaryimage"},"thumbnailUrl":"https:\/\/meditex.ee\/wp-content\/uploads\/2018\/06\/FA04-beige-compression-garment-garment-garments-browlift-lipoplasty-facelift-activseam-comprexxwear__42229.1495727500.1280.1280.jpg","datePublished":"2023-07-31T10:26:16+00:00","dateModified":"2023-07-31T10:27:01+00:00","description":"Ide\u0101li piem\u0113rots p\u0113c sejas liftinga, kakla liftinga, liposakcijas, zoda un zoda palielin\u0101\u0161anas, genioplastikas u. c.","breadcrumb":{"@id":"https:\/\/meditex.ee\/lv\/product\/louar-strap-suspender-compression-pockets-with-full-neck\/#breadcrumb"},"inLanguage":"lv-LV","potentialAction":[{"@type":"ReadAction","target":["https:\/\/meditex.ee\/lv\/product\/louar-strap-suspender-compression-pockets-with-full-neck\/"]}]},{"@type":"ImageObject","inLanguage":"lv-LV","@id":"https:\/\/meditex.ee\/lv\/product\/louar-strap-suspender-compression-pockets-with-full-neck\/#primaryimage","url":"https:\/\/meditex.ee\/wp-content\/uploads\/2018\/06\/FA04-beige-compression-garment-garment-garments-browlift-lipoplasty-facelift-activseam-comprexxwear__42229.1495727500.1280.1280.jpg","contentUrl":"https:\/\/meditex.ee\/wp-content\/uploads\/2018\/06\/FA04-beige-compression-garment-garment-garments-browlift-lipoplasty-facelift-activseam-comprexxwear__42229.1495727500.1280.1280.jpg","width":1280,"height":1280},{"@type":"BreadcrumbList","@id":"https:\/\/meditex.ee\/lv\/product\/louar-strap-suspender-compression-pockets-with-full-neck\/#breadcrumb","itemListElement":[{"@type":"ListItem","position":1,"name":"Home","item":"https:\/\/meditex.ee\/lv\/"},{"@type":"ListItem","position":2,"name":"Veikals","item":"https:\/\/meditex.ee\/lv\/veikals\/"},{"@type":"ListItem","position":3,"name":"Kr\u016b\u0161u siksnas atbalsta josta ar aukstuma kompresijas kabat\u0101m un pilnu kakla izgriezumu"}]},{"@type":"WebSite","@id":"https:\/\/meditex.ee\/en\/#website","url":"https:\/\/meditex.ee\/en\/","name":"Meditex","description":"","publisher":{"@id":"https:\/\/meditex.ee\/en\/#organization"},"potentialAction":[{"@type":"SearchAction","target":{"@type":"EntryPoint","urlTemplate":"https:\/\/meditex.ee\/en\/?s={search_term_string}"},"query-input":{"@type":"PropertyValueSpecification","valueRequired":true,"valueName":"search_term_string"}}],"inLanguage":"lv-LV"},{"@type":"Organization","@id":"https:\/\/meditex.ee\/en\/#organization","name":"Meditex","url":"https:\/\/meditex.ee\/en\/","logo":{"@type":"ImageObject","inLanguage":"lv-LV","@id":"https:\/\/meditex.ee\/en\/#\/schema\/logo\/image\/","url":"https:\/\/meditex.ee\/wp-content\/uploads\/2018\/03\/mdtx_logo.png","contentUrl":"https:\/\/meditex.ee\/wp-content\/uploads\/2018\/03\/mdtx_logo.png","width":669,"height":235,"caption":"Meditex"},"image":{"@id":"https:\/\/meditex.ee\/en\/#\/schema\/logo\/image\/"},"sameAs":["https:\/\/www.facebook.com\/meditexepood\/"]}]}},"_links":{"self":[{"href":"https:\/\/meditex.ee\/lv\/wp-json\/wp\/v2\/product\/17077","targetHints":{"allow":["GET"]}}],"collection":[{"href":"https:\/\/meditex.ee\/lv\/wp-json\/wp\/v2\/product"}],"about":[{"href":"https:\/\/meditex.ee\/lv\/wp-json\/wp\/v2\/types\/product"}],"wp:featuredmedia":[{"embeddable":true,"href":"https:\/\/meditex.ee\/lv\/wp-json\/wp\/v2\/media\/14900"}],"wp:attachment":[{"href":"https:\/\/meditex.ee\/lv\/wp-json\/wp\/v2\/media?parent=17077"}],"wp:term":[{"taxonomy":"product_brand","embeddable":true,"href":"https:\/\/meditex.ee\/lv\/wp-json\/wp\/v2\/product_brand?post=17077"},{"taxonomy":"product_cat","embeddable":true,"href":"https:\/\/meditex.ee\/lv\/wp-json\/wp\/v2\/product_cat?post=17077"},{"taxonomy":"product_tag","embeddable":true,"href":"https:\/\/meditex.ee\/lv\/wp-json\/wp\/v2\/product_tag?post=17077"}],"curies":[{"name":"wp","href":"https:\/\/api.w.org\/{rel}","templated":true}]}}