{"id":17052,"date":"2021-08-02T13:07:43","date_gmt":"2023-07-31T10:25:36","guid":{"rendered":"https:\/\/meditex.ee\/product\/carepocket-urina-majas-aprupetajs\/"},"modified":"2026-04-04T08:30:05","modified_gmt":"2026-04-04T08:30:05","slug":"carepocket","status":"publish","type":"product","link":"https:\/\/meditex.ee\/lv\/produkts\/carepocket\/","title":{"rendered":"CarePocket\u2122 ur\u012bna m\u0101jas apr\u016bp\u0113t\u0101js"},"content":{"rendered":"<div class=\"row align-bottom\"  id=\"row-384576803\">\n\n\t<div id=\"col-1554883370\" class=\"col medium-4 small-12 large-4\"  >\n\t\t\t\t<div class=\"col-inner\"  >\n\t\t\t\n\t\t\t\n\t\t<\/div>\n\t\t\t\t\t<\/div>\n\n\t\n\n\t<div id=\"col-685951498\" class=\"col medium-4 small-12 large-4\"  >\n\t\t\t\t<div class=\"col-inner\"  >\n\t\t\t\n\t\t\t\n\t\t<\/div>\n\t\t\t\t\t<\/div>\n\n\t\n\n\t<div id=\"col-1135142486\" class=\"col medium-4 small-12 large-4\"  >\n\t\t\t\t<div class=\"col-inner text-right\"  >\n\t\t\t\n\t\t\t\n\t<div class=\"img has-hover x md-x lg-x y md-y lg-y\" id=\"image_227044343\">\n\t\t\t\t\t\t\t\t<div class=\"img-inner dark\" >\n\t\t\t<img decoding=\"async\" width=\"1020\" height=\"315\" src=\"https:\/\/meditex.ee\/wp-content\/uploads\/2018\/03\/CAREFIX_PAYOFF_4F-1400x433.png\" class=\"attachment-large size-large\" alt=\"\" srcset=\"https:\/\/meditex.ee\/wp-content\/uploads\/2018\/03\/CAREFIX_PAYOFF_4F-1400x433.png 1400w, https:\/\/meditex.ee\/wp-content\/uploads\/2018\/03\/CAREFIX_PAYOFF_4F-510x158.png 510w, https:\/\/meditex.ee\/wp-content\/uploads\/2018\/03\/CAREFIX_PAYOFF_4F-800x248.png 800w, https:\/\/meditex.ee\/wp-content\/uploads\/2018\/03\/CAREFIX_PAYOFF_4F-768x238.png 768w, https:\/\/meditex.ee\/wp-content\/uploads\/2018\/03\/CAREFIX_PAYOFF_4F-600x186.png 600w, https:\/\/meditex.ee\/wp-content\/uploads\/2018\/03\/CAREFIX_PAYOFF_4F.png 2038w\" sizes=\"(max-width: 1020px) 100vw, 1020px\" \/>\t\t\t\t\t\t\n\t\t\t\t\t<\/div>\n\t\t\t\t\t\t\t\t\n<style>\n#image_227044343 {\n  width: 50%;\n}\n<\/style>\n\t<\/div>\n\t\n\t\t<\/div>\n\t\t\t\t\t<\/div>\n\n\t\n<\/div>\n<p style=\"text-align: left;\"><span style=\"font-weight: 400; color: #000000;\">Carefix CarePocket\u2122 ur\u012bna maisi\u0146a tur\u0113t\u0101js uz p\u0113das nodro\u0161ina vienk\u0101r\u0161u un \u0113rtu ur\u012bna maisi\u0146a piestiprin\u0101\u0161anu.<\/span><\/p>\n<p style=\"text-align: left;\"><span style=\"font-weight: 400; color: #000000;\">Dz\u012bve ar pisu\u0101riem var b\u016btiski ietekm\u0113t lietot\u0101ja pa\u0161apzi\u0146u un mobilit\u0101ti. T\u0101p\u0113c ir \u013coti svar\u012bgi, lai soma b\u016btu dro\u0161i un diskr\u0113ti nostiprin\u0101ta. \u0160im nol\u016bkam ur\u012bna maisi\u0146iem ir izstr\u0101d\u0101ts izk\u0101rn\u012bjumu maisi\u0146u tur\u0113t\u0101js &#8211; <span style=\"color: #000000;\"><br \/>\n  <span style=\"font-weight: 400;\">CarePocket\u2122.<\/span><br \/>\n<\/span><\/span><\/p>\n<p style=\"text-align: left;\"><span style=\"font-weight: 400; color: #000000;\">Carefix CarePocket\u2122 ur\u012bna maisi\u0146a tur\u0113t\u0101ja priek\u0161roc\u012bbas:<\/span><\/p>\n<ul style=\"text-align: left;\">\n<li style=\"font-weight: 400;\" aria-level=\"1\"><span style=\"font-weight: 400; color: #000000;\">Laba alternat\u012bva k\u0101ju siksn\u0101m, jo t\u0101 balsta p\u0113du maisi\u0146a svaru, nov\u0113r\u0161ot t\u0101 &#8220;vilk\u0161anu&#8221;. Nodro\u0161ina dro\u0161\u012bbu un maksim\u0101lu komfortu.<\/span><\/li>\n<li style=\"font-weight: 400;\" aria-level=\"1\"><span style=\"font-weight: 400; color: #000000;\">Unik\u0101lais un elast\u012bgais k\u0101jbikses dizains \u013cauj to n\u0113s\u0101t uz apak\u0161stilba vai aug\u0161stilba, un taj\u0101 var ievietot l\u012bdz 750 ml ur\u012bna maisi\u0146a, neizmantojot k\u0101ju siksni\u0146as.<\/span><\/li>\n<li style=\"font-weight: 400;\" aria-level=\"1\"><span style=\"font-weight: 400; color: #000000;\">Izgatavots no \u0113rta un \u0101dai draudz\u012bga materi\u0101la, kas \u013cauj \u0101dai elpot un samazina sv\u012b\u0161anu.<\/span><\/li>\n<li style=\"font-weight: 400;\" aria-level=\"1\"><span style=\"font-weight: 400; color: #000000;\">Nesatur lateksu un ir pieejams S, M, L, XL izm\u0113ros.<\/span><\/li>\n<\/ul>\n<p style=\"text-align: left;\"><span style=\"color: #000000;\"><span style=\"font-weight: 400;\">Pestav <\/span><span style=\"font-weight: 400;\">60\u00b0C<\/span><\/span><\/p>\n<p style=\"text-align: left;\" data-fontsize=\"16\" data-lineheight=\"19\"><span style=\"color: #000000;\"><strong>APRAKSTS: <\/strong>Carefix CarePocket\u2122 ur\u012bna maisi\u0146a tur\u0113t\u0101js p\u0113dai  <span style=\"font-weight: 400;\">ir \u012bpa\u0161i izstr\u0101d\u0101ts, lai piestiprin\u0101tu ur\u012bna maisi\u0146u pie p\u0113das, nemainot valk\u0101t\u0101ja izskatu. Kad tas ir pilns, tas atbalsta pilnu ur\u012bna maisi\u0146u. \u0160\u0101d\u0101 veid\u0101 spiediens, kas nepiecie\u0161ams, lai notur\u0113tu somu viet\u0101, vienm\u0113r\u012bgi sadal\u0101s ap k\u0101ju, nevis koncentr\u0113jas div\u0101s \u0161aur\u0101s siksni\u0146\u0101s somas aug\u0161da\u013c\u0101 un apak\u0161da\u013c\u0101. \u0160\u0101da konstrukcija ne tikai samazina asinsvadu sa\u0161aurin\u0101\u0161anos un spiediena p\u0113das, bet ar\u012b nov\u0113r\u0161 maisi\u0146a kust\u012bbu un pal\u012bdz apsl\u0101p\u0113t nev\u0113lamas ska\u0146as, t\u0101d\u0113j\u0101di nodro\u0161inot diskr\u0113tumu.<\/span><\/span><\/p>\n<p><span style=\"font-weight: 400; color: #000000;\">Funkcijas:<\/span><\/p>\n<ul>\n<li style=\"font-weight: 400;\" aria-level=\"1\"><span style=\"font-weight: 400; color: #000000;\">Viegli lietojams<\/span><\/li>\n<li style=\"font-weight: 400;\" aria-level=\"1\"><span style=\"font-weight: 400; color: #000000;\">Dro\u0161a k\u0101jstarpes fiks\u0101cija optim\u0101lai atbalsta nodro\u0161in\u0101\u0161anai<\/span><\/li>\n<li style=\"font-weight: 400;\" aria-level=\"1\"><span style=\"font-weight: 400; color: #000000;\">Svars vienm\u0113r\u012bgi sadal\u0101s pa k\u0101ju<\/span><\/li>\n<li style=\"font-weight: 400;\" aria-level=\"1\"><span style=\"font-weight: 400; color: #000000;\">Pal\u012bdz samazin\u0101t nepat\u012bkamas ska\u0146as<\/span><\/li>\n<li style=\"font-weight: 400;\" aria-level=\"1\"><span style=\"font-weight: 400; color: #000000;\">Samazina spiediena \u010d\u016blu risku<\/span><\/li>\n<li style=\"font-weight: 400;\" aria-level=\"1\"><span style=\"font-weight: 400; color: #000000;\">Nodro\u0161ina papildu dro\u0161\u012bbu fizisko aktivit\u0101\u0161u laik\u0101<\/span><\/li>\n<li style=\"font-weight: 400;\" aria-level=\"1\"><span style=\"font-weight: 400; color: #000000;\">\u013boti m\u012bksts, elast\u012bgs un elpojo\u0161s materi\u0101ls, kas ir \u0113rts valk\u0101\u0161anai.<\/span><\/li>\n<li style=\"font-weight: 400;\" aria-level=\"1\"><span style=\"font-weight: 400; color: #000000;\">Vien\u0101di labi der gan kreisajai, gan labajai k\u0101jai<\/span><\/li>\n<li style=\"font-weight: 400;\" aria-level=\"1\"><span style=\"font-weight: 400; color: #000000;\">Iek\u0161\u0113j\u0101 kabat\u0101 ir gan atv\u0113rums laikapst\u0101k\u013cu maisi\u0146am, gan atv\u0113rums apak\u0161\u0113jam kr\u0101nam.<\/span><\/li>\n<li style=\"font-weight: 400;\" aria-level=\"1\"><span style=\"font-weight: 400; color: #000000;\">Ietilpst l\u012bdz 750 ml<\/span><\/li>\n<li style=\"font-weight: 400;\" aria-level=\"1\"><span style=\"font-weight: 400; color: #000000;\">Praktisks kr\u0101su kods izm\u0113ru noteik\u0161anai<\/span><\/li>\n<li style=\"font-weight: 400;\" aria-level=\"1\"><span style=\"font-weight: 400; color: #000000;\">Mazg\u0101jams 60\u00b0C temperat\u016br\u0101<\/span><\/li>\n<li style=\"font-weight: 400;\" aria-level=\"1\"><span style=\"font-weight: 400; color: #000000;\">Bez lateksa<\/span><\/li>\n<li style=\"font-weight: 400;\" aria-level=\"1\"><span style=\"font-weight: 400; color: #000000;\">Oeko-Tex sertific\u0113ts<\/span><\/li>\n<\/ul>\n<p style=\"text-align: left;\" data-fontsize=\"16\" data-lineheight=\"19\"><span style=\"color: #000000;\"><strong>SAST\u0100VS:<\/strong> <span style=\"font-weight: 400;\">Materi\u0101ls: 80% poliestera 20% elast\u0101na.<\/span><\/span><\/p>\n<p style=\"text-align: left;\"><strong><span style=\"color: #000000;\">IZM\u0112RU TABULA<\/span><\/strong><\/p>\n\t<div class=\"img has-hover x md-x lg-x y md-y lg-y\" id=\"image_758283446\">\n\t\t\t\t\t\t\t\t<div class=\"img-inner dark\" >\n\t\t\t<img decoding=\"async\" width=\"800\" height=\"300\" src=\"https:\/\/meditex.ee\/wp-content\/uploads\/2021\/08\/CarePocket-suurus.png\" class=\"attachment-large size-large\" alt=\"\" srcset=\"https:\/\/meditex.ee\/wp-content\/uploads\/2021\/08\/CarePocket-suurus.png 800w, https:\/\/meditex.ee\/wp-content\/uploads\/2021\/08\/CarePocket-suurus-510x191.png 510w, https:\/\/meditex.ee\/wp-content\/uploads\/2021\/08\/CarePocket-suurus-768x288.png 768w, https:\/\/meditex.ee\/wp-content\/uploads\/2021\/08\/CarePocket-suurus-600x225.png 600w\" sizes=\"(max-width: 800px) 100vw, 800px\" \/>\t\t\t\t\t\t\n\t\t\t\t\t<\/div>\n\t\t\t\t\t\t\t\t\n<style>\n#image_758283446 {\n  width: 65%;\n}\n<\/style>\n\t<\/div>\n\t\n<p>Inform\u0101cija ra\u017eot\u0101ja t\u012bmek\u013ca vietn\u0113: https: <a href=\"https:\/\/tytex.com\/products\/continence-care\/leg-bag-holders\/carepocket\">\/\/tytex.com\/products\/continence-care\/leg-bag-holders\/carepocket<\/a>.<\/p>\n","protected":false},"excerpt":{"rendered":"<p style=\"text-align: left;\">Ur\u012bn\u0113\u0161anas maisi\u0146a tur\u0113t\u0101js uz p\u0113das.<\/p>\n","protected":false},"featured_media":15522,"template":"","meta":[],"product_brand":[],"product_cat":[494],"product_tag":[521],"class_list":{"0":"post-17052","1":"product","2":"type-product","3":"status-publish","4":"has-post-thumbnail","6":"product_cat-papildu-produkti","7":"product_tag-carefix-lv","9":"first","10":"instock","11":"taxable","12":"shipping-taxable","13":"purchasable","14":"product-type-variable"},"yoast_head":"<!-- This site is optimized with the Yoast SEO plugin v27.3 - https:\/\/yoast.com\/product\/yoast-seo-wordpress\/ -->\n<title>Carefix CarePocket\u2122 ur\u012bna maisi\u0146a tur\u0113t\u0101js p\u0113dai - meditex.ee<\/title>\n<meta name=\"description\" content=\"Carefix CarePocket\u2122 ur\u012bna maisi\u0146a tur\u0113t\u0101js uz p\u0113das nodro\u0161ina vienk\u0101r\u0161u un \u0113rtu ur\u012bna maisi\u0146a piestiprin\u0101\u0161anu. Lieliska alternat\u012bva k\u0101ju siksn\u0101m.\" \/>\n<meta name=\"robots\" content=\"index, follow, max-snippet:-1, max-image-preview:large, max-video-preview:-1\" \/>\n<link rel=\"canonical\" href=\"https:\/\/meditex.ee\/lv\/product\/carepocket\/\" \/>\n<meta property=\"og:locale\" content=\"lv_LV\" \/>\n<meta property=\"og:type\" content=\"article\" \/>\n<meta property=\"og:title\" content=\"Carefix CarePocket\u2122 ur\u012bna maisi\u0146a tur\u0113t\u0101js p\u0113dai - meditex.ee\" \/>\n<meta property=\"og:description\" content=\"Carefix CarePocket\u2122 ur\u012bna maisi\u0146a tur\u0113t\u0101js uz p\u0113das nodro\u0161ina vienk\u0101r\u0161u un \u0113rtu ur\u012bna maisi\u0146a piestiprin\u0101\u0161anu. Lieliska alternat\u012bva k\u0101ju siksn\u0101m.\" \/>\n<meta property=\"og:url\" content=\"https:\/\/meditex.ee\/lv\/product\/carepocket\/\" \/>\n<meta property=\"og:site_name\" content=\"Meditex\" \/>\n<meta property=\"article:publisher\" content=\"https:\/\/www.facebook.com\/meditexepood\/\" \/>\n<meta property=\"article:modified_time\" content=\"2026-04-04T08:30:05+00:00\" \/>\n<meta property=\"og:image\" content=\"https:\/\/meditex.ee\/wp-content\/uploads\/2021\/08\/91L9idfOtYL._AC_SL1500_.jpg\" \/>\n\t<meta property=\"og:image:width\" content=\"1293\" \/>\n\t<meta property=\"og:image:height\" content=\"1500\" \/>\n\t<meta property=\"og:image:type\" content=\"image\/jpeg\" \/>\n<meta name=\"twitter:card\" content=\"summary_large_image\" \/>\n<meta name=\"twitter:label1\" content=\"Est. reading time\" \/>\n\t<meta name=\"twitter:data1\" content=\"2 minutes\" \/>\n<script type=\"application\/ld+json\" class=\"yoast-schema-graph\">{\"@context\":\"https:\\\/\\\/schema.org\",\"@graph\":[{\"@type\":\"WebPage\",\"@id\":\"https:\\\/\\\/meditex.ee\\\/lv\\\/product\\\/carepocket\\\/\",\"url\":\"https:\\\/\\\/meditex.ee\\\/lv\\\/product\\\/carepocket\\\/\",\"name\":\"Carefix CarePocket\u2122 ur\u012bna maisi\u0146a tur\u0113t\u0101js p\u0113dai - meditex.ee\",\"isPartOf\":{\"@id\":\"https:\\\/\\\/meditex.ee\\\/en\\\/#website\"},\"primaryImageOfPage\":{\"@id\":\"https:\\\/\\\/meditex.ee\\\/lv\\\/product\\\/carepocket\\\/#primaryimage\"},\"image\":{\"@id\":\"https:\\\/\\\/meditex.ee\\\/lv\\\/product\\\/carepocket\\\/#primaryimage\"},\"thumbnailUrl\":\"https:\\\/\\\/meditex.ee\\\/wp-content\\\/uploads\\\/2021\\\/08\\\/91L9idfOtYL._AC_SL1500_.jpg\",\"datePublished\":\"2023-07-31T10:25:36+00:00\",\"dateModified\":\"2026-04-04T08:30:05+00:00\",\"description\":\"Carefix CarePocket\u2122 ur\u012bna maisi\u0146a tur\u0113t\u0101js uz p\u0113das nodro\u0161ina vienk\u0101r\u0161u un \u0113rtu ur\u012bna maisi\u0146a piestiprin\u0101\u0161anu. Lieliska alternat\u012bva k\u0101ju siksn\u0101m.\",\"breadcrumb\":{\"@id\":\"https:\\\/\\\/meditex.ee\\\/lv\\\/product\\\/carepocket\\\/#breadcrumb\"},\"inLanguage\":\"lv-LV\",\"potentialAction\":[{\"@type\":\"ReadAction\",\"target\":[\"https:\\\/\\\/meditex.ee\\\/lv\\\/product\\\/carepocket\\\/\"]}]},{\"@type\":\"ImageObject\",\"inLanguage\":\"lv-LV\",\"@id\":\"https:\\\/\\\/meditex.ee\\\/lv\\\/product\\\/carepocket\\\/#primaryimage\",\"url\":\"https:\\\/\\\/meditex.ee\\\/wp-content\\\/uploads\\\/2021\\\/08\\\/91L9idfOtYL._AC_SL1500_.jpg\",\"contentUrl\":\"https:\\\/\\\/meditex.ee\\\/wp-content\\\/uploads\\\/2021\\\/08\\\/91L9idfOtYL._AC_SL1500_.jpg\",\"width\":1293,\"height\":1500},{\"@type\":\"BreadcrumbList\",\"@id\":\"https:\\\/\\\/meditex.ee\\\/lv\\\/product\\\/carepocket\\\/#breadcrumb\",\"itemListElement\":[{\"@type\":\"ListItem\",\"position\":1,\"name\":\"Home\",\"item\":\"https:\\\/\\\/meditex.ee\\\/lv\\\/\"},{\"@type\":\"ListItem\",\"position\":2,\"name\":\"Veikals\",\"item\":\"https:\\\/\\\/meditex.ee\\\/lv\\\/veikals\\\/\"},{\"@type\":\"ListItem\",\"position\":3,\"name\":\"CarePocket\u2122 ur\u012bna m\u0101jas apr\u016bp\u0113t\u0101js\"}]},{\"@type\":\"WebSite\",\"@id\":\"https:\\\/\\\/meditex.ee\\\/en\\\/#website\",\"url\":\"https:\\\/\\\/meditex.ee\\\/en\\\/\",\"name\":\"Meditex\",\"description\":\"\",\"publisher\":{\"@id\":\"https:\\\/\\\/meditex.ee\\\/en\\\/#organization\"},\"potentialAction\":[{\"@type\":\"SearchAction\",\"target\":{\"@type\":\"EntryPoint\",\"urlTemplate\":\"https:\\\/\\\/meditex.ee\\\/en\\\/?s={search_term_string}\"},\"query-input\":{\"@type\":\"PropertyValueSpecification\",\"valueRequired\":true,\"valueName\":\"search_term_string\"}}],\"inLanguage\":\"lv-LV\"},{\"@type\":\"Organization\",\"@id\":\"https:\\\/\\\/meditex.ee\\\/en\\\/#organization\",\"name\":\"Meditex\",\"url\":\"https:\\\/\\\/meditex.ee\\\/en\\\/\",\"logo\":{\"@type\":\"ImageObject\",\"inLanguage\":\"lv-LV\",\"@id\":\"https:\\\/\\\/meditex.ee\\\/en\\\/#\\\/schema\\\/logo\\\/image\\\/\",\"url\":\"https:\\\/\\\/meditex.ee\\\/wp-content\\\/uploads\\\/2018\\\/03\\\/mdtx_logo.png\",\"contentUrl\":\"https:\\\/\\\/meditex.ee\\\/wp-content\\\/uploads\\\/2018\\\/03\\\/mdtx_logo.png\",\"width\":669,\"height\":235,\"caption\":\"Meditex\"},\"image\":{\"@id\":\"https:\\\/\\\/meditex.ee\\\/en\\\/#\\\/schema\\\/logo\\\/image\\\/\"},\"sameAs\":[\"https:\\\/\\\/www.facebook.com\\\/meditexepood\\\/\"]}]}<\/script>\n<!-- \/ Yoast SEO plugin. -->","yoast_head_json":{"title":"Carefix CarePocket\u2122 ur\u012bna maisi\u0146a tur\u0113t\u0101js p\u0113dai - meditex.ee","description":"Carefix CarePocket\u2122 ur\u012bna maisi\u0146a tur\u0113t\u0101js uz p\u0113das nodro\u0161ina vienk\u0101r\u0161u un \u0113rtu ur\u012bna maisi\u0146a piestiprin\u0101\u0161anu. Lieliska alternat\u012bva k\u0101ju siksn\u0101m.","robots":{"index":"index","follow":"follow","max-snippet":"max-snippet:-1","max-image-preview":"max-image-preview:large","max-video-preview":"max-video-preview:-1"},"canonical":"https:\/\/meditex.ee\/lv\/product\/carepocket\/","og_locale":"lv_LV","og_type":"article","og_title":"Carefix CarePocket\u2122 ur\u012bna maisi\u0146a tur\u0113t\u0101js p\u0113dai - meditex.ee","og_description":"Carefix CarePocket\u2122 ur\u012bna maisi\u0146a tur\u0113t\u0101js uz p\u0113das nodro\u0161ina vienk\u0101r\u0161u un \u0113rtu ur\u012bna maisi\u0146a piestiprin\u0101\u0161anu. Lieliska alternat\u012bva k\u0101ju siksn\u0101m.","og_url":"https:\/\/meditex.ee\/lv\/product\/carepocket\/","og_site_name":"Meditex","article_publisher":"https:\/\/www.facebook.com\/meditexepood\/","article_modified_time":"2026-04-04T08:30:05+00:00","og_image":[{"width":1293,"height":1500,"url":"https:\/\/meditex.ee\/wp-content\/uploads\/2021\/08\/91L9idfOtYL._AC_SL1500_.jpg","type":"image\/jpeg"}],"twitter_card":"summary_large_image","twitter_misc":{"Est. reading time":"2 minutes"},"schema":{"@context":"https:\/\/schema.org","@graph":[{"@type":"WebPage","@id":"https:\/\/meditex.ee\/lv\/product\/carepocket\/","url":"https:\/\/meditex.ee\/lv\/product\/carepocket\/","name":"Carefix CarePocket\u2122 ur\u012bna maisi\u0146a tur\u0113t\u0101js p\u0113dai - meditex.ee","isPartOf":{"@id":"https:\/\/meditex.ee\/en\/#website"},"primaryImageOfPage":{"@id":"https:\/\/meditex.ee\/lv\/product\/carepocket\/#primaryimage"},"image":{"@id":"https:\/\/meditex.ee\/lv\/product\/carepocket\/#primaryimage"},"thumbnailUrl":"https:\/\/meditex.ee\/wp-content\/uploads\/2021\/08\/91L9idfOtYL._AC_SL1500_.jpg","datePublished":"2023-07-31T10:25:36+00:00","dateModified":"2026-04-04T08:30:05+00:00","description":"Carefix CarePocket\u2122 ur\u012bna maisi\u0146a tur\u0113t\u0101js uz p\u0113das nodro\u0161ina vienk\u0101r\u0161u un \u0113rtu ur\u012bna maisi\u0146a piestiprin\u0101\u0161anu. Lieliska alternat\u012bva k\u0101ju siksn\u0101m.","breadcrumb":{"@id":"https:\/\/meditex.ee\/lv\/product\/carepocket\/#breadcrumb"},"inLanguage":"lv-LV","potentialAction":[{"@type":"ReadAction","target":["https:\/\/meditex.ee\/lv\/product\/carepocket\/"]}]},{"@type":"ImageObject","inLanguage":"lv-LV","@id":"https:\/\/meditex.ee\/lv\/product\/carepocket\/#primaryimage","url":"https:\/\/meditex.ee\/wp-content\/uploads\/2021\/08\/91L9idfOtYL._AC_SL1500_.jpg","contentUrl":"https:\/\/meditex.ee\/wp-content\/uploads\/2021\/08\/91L9idfOtYL._AC_SL1500_.jpg","width":1293,"height":1500},{"@type":"BreadcrumbList","@id":"https:\/\/meditex.ee\/lv\/product\/carepocket\/#breadcrumb","itemListElement":[{"@type":"ListItem","position":1,"name":"Home","item":"https:\/\/meditex.ee\/lv\/"},{"@type":"ListItem","position":2,"name":"Veikals","item":"https:\/\/meditex.ee\/lv\/veikals\/"},{"@type":"ListItem","position":3,"name":"CarePocket\u2122 ur\u012bna m\u0101jas apr\u016bp\u0113t\u0101js"}]},{"@type":"WebSite","@id":"https:\/\/meditex.ee\/en\/#website","url":"https:\/\/meditex.ee\/en\/","name":"Meditex","description":"","publisher":{"@id":"https:\/\/meditex.ee\/en\/#organization"},"potentialAction":[{"@type":"SearchAction","target":{"@type":"EntryPoint","urlTemplate":"https:\/\/meditex.ee\/en\/?s={search_term_string}"},"query-input":{"@type":"PropertyValueSpecification","valueRequired":true,"valueName":"search_term_string"}}],"inLanguage":"lv-LV"},{"@type":"Organization","@id":"https:\/\/meditex.ee\/en\/#organization","name":"Meditex","url":"https:\/\/meditex.ee\/en\/","logo":{"@type":"ImageObject","inLanguage":"lv-LV","@id":"https:\/\/meditex.ee\/en\/#\/schema\/logo\/image\/","url":"https:\/\/meditex.ee\/wp-content\/uploads\/2018\/03\/mdtx_logo.png","contentUrl":"https:\/\/meditex.ee\/wp-content\/uploads\/2018\/03\/mdtx_logo.png","width":669,"height":235,"caption":"Meditex"},"image":{"@id":"https:\/\/meditex.ee\/en\/#\/schema\/logo\/image\/"},"sameAs":["https:\/\/www.facebook.com\/meditexepood\/"]}]}},"_links":{"self":[{"href":"https:\/\/meditex.ee\/lv\/wp-json\/wp\/v2\/product\/17052","targetHints":{"allow":["GET"]}}],"collection":[{"href":"https:\/\/meditex.ee\/lv\/wp-json\/wp\/v2\/product"}],"about":[{"href":"https:\/\/meditex.ee\/lv\/wp-json\/wp\/v2\/types\/product"}],"wp:featuredmedia":[{"embeddable":true,"href":"https:\/\/meditex.ee\/lv\/wp-json\/wp\/v2\/media\/15522"}],"wp:attachment":[{"href":"https:\/\/meditex.ee\/lv\/wp-json\/wp\/v2\/media?parent=17052"}],"wp:term":[{"taxonomy":"product_brand","embeddable":true,"href":"https:\/\/meditex.ee\/lv\/wp-json\/wp\/v2\/product_brand?post=17052"},{"taxonomy":"product_cat","embeddable":true,"href":"https:\/\/meditex.ee\/lv\/wp-json\/wp\/v2\/product_cat?post=17052"},{"taxonomy":"product_tag","embeddable":true,"href":"https:\/\/meditex.ee\/lv\/wp-json\/wp\/v2\/product_tag?post=17052"}],"curies":[{"name":"wp","href":"https:\/\/api.w.org\/{rel}","templated":true}]}}