{"id":17045,"date":"2021-03-29T15:16:06","date_gmt":"2023-07-31T10:25:34","guid":{"rendered":"https:\/\/meditex.ee\/product\/inkontinences-apaksvela-berniem-bodyguard-ultra\/"},"modified":"2025-08-03T08:27:43","modified_gmt":"2025-08-03T08:27:43","slug":"inkontinences-apaksvela-berniem-bernu-aizsargi-ultra","status":"publish","type":"product","link":"https:\/\/meditex.ee\/lv\/produkts\/inkontinences-apaksvela-berniem-bernu-aizsargi-ultra\/","title":{"rendered":"Inkontinences apak\u0161ve\u013ca b\u0113rniem Bodyguard Ultra"},"content":{"rendered":"<div class=\"row\"  id=\"row-879692770\">\n\n\t<div id=\"col-1199599712\" class=\"col medium-4 small-12 large-4\"  >\n\t\t\t\t<div class=\"col-inner text-left\"  >\n\t\t\t\n\t\t\t\n\t<div class=\"img has-hover x md-x lg-x y md-y lg-y\" id=\"image_2093043550\">\n\t\t\t\t\t\t\t\t<div class=\"img-inner dark\" >\n\t\t\t<img decoding=\"async\" width=\"129\" height=\"33\" src=\"https:\/\/meditex.ee\/wp-content\/uploads\/2020\/10\/tilk5.png\" class=\"attachment-large size-large\" alt=\"\" \/>\t\t\t\t\t\t\n\t\t\t\t\t<\/div>\n\t\t\t\t\t\t\t\t\n<style>\n#image_2093043550 {\n  width: 40%;\n}\n<\/style>\n\t<\/div>\n\t\n\t\t<\/div>\n\t\t\t\t\t<\/div>\n\n\t\n\n\t<div id=\"col-1349416893\" class=\"col medium-4 small-12 large-4\"  >\n\t\t\t\t<div class=\"col-inner text-center\"  >\n\t\t\t\n\t\t\t\n\t<div class=\"img has-hover x md-x lg-x y md-y lg-y\" id=\"image_1633328179\">\n\t\t\t\t\t\t\t\t<div class=\"img-inner dark\" >\n\t\t\t<img decoding=\"async\" width=\"500\" height=\"500\" src=\"https:\/\/meditex.ee\/wp-content\/uploads\/2020\/10\/unisex.png\" class=\"attachment-large size-large\" alt=\"\" srcset=\"https:\/\/meditex.ee\/wp-content\/uploads\/2020\/10\/unisex.png 500w, https:\/\/meditex.ee\/wp-content\/uploads\/2020\/10\/unisex-100x100.png 100w, https:\/\/meditex.ee\/wp-content\/uploads\/2020\/10\/unisex-400x400.png 400w, https:\/\/meditex.ee\/wp-content\/uploads\/2020\/10\/unisex-280x280.png 280w, https:\/\/meditex.ee\/wp-content\/uploads\/2020\/10\/unisex-300x300.png 300w\" sizes=\"(max-width: 500px) 100vw, 500px\" \/>\t\t\t\t\t\t\n\t\t\t\t\t<\/div>\n\t\t\t\t\t\t\t\t\n<style>\n#image_1633328179 {\n  width: 25%;\n}\n<\/style>\n\t<\/div>\n\t\n\t\t<\/div>\n\t\t\t\t\t<\/div>\n\n\t\n\n\t<div id=\"col-1165554305\" class=\"col medium-4 small-12 large-4\"  >\n\t\t\t\t<div class=\"col-inner text-right\"  >\n\t\t\t\n\t\t\t\n\t<div class=\"img has-hover x md-x lg-x y md-y lg-y\" id=\"image_565511303\">\n\t\t\t\t\t\t\t\t<div class=\"img-inner dark\" >\n\t\t\t<img decoding=\"async\" width=\"451\" height=\"112\" src=\"https:\/\/meditex.ee\/wp-content\/uploads\/2020\/10\/suprimalogo.png\" class=\"attachment-large size-large\" alt=\"\" \/>\t\t\t\t\t\t\n\t\t\t\t\t<\/div>\n\t\t\t\t\t\t\t\t\n<style>\n#image_565511303 {\n  width: 60%;\n}\n<\/style>\n\t<\/div>\n\t\n\t\t<\/div>\n\t\t\t\t\t<\/div>\n\n\t\n<\/div>\n<h3><strong><em>Bodyguard Ultra<\/em><\/strong><strong> nesatur\u0113\u0161anas apak\u0161bikses b\u0113rniem<\/strong><\/h3>\n<p><em>Suprima Bodyguard<\/em> apak\u0161bikses pied\u0101v\u0101 dro\u0161u aizsardz\u012bbu b\u0113rniem ar ur\u012bna un fek\u0101lo nesatur\u0113\u0161anu. No \u0101rpuses apak\u0161bikses izskat\u0101s k\u0101 parasta apak\u0161ve\u013ca, bet no iek\u0161puses t\u0101s ir \u013coti funkcion\u0101las. Kop\u0101 ar atbilsto\u0161u vienreizlietojamu ieliktni\u00a0piln\u012bb\u0101 mitruma necaurlaid\u012bgais apvalks nov\u0113r\u0161 nopl\u016bdes. Vienreizlietojamie ielikt\u0146i ir viegli ievietojami. Apak\u0161bikses var ar\u012b n\u0113s\u0101t virs auti\u0146biks\u012bt\u0113m.<\/p>\n<p>Sertific\u0113ts saska\u0146\u0101 ar <em>Oeko-Tex Standard 100<\/em>, elpojo\u0161s augsto tehnolo\u0123iju materi\u0101ls nesatur nek\u0101das b\u012bstamas vielas un pied\u0101v\u0101 augstu valk\u0101\u0161anas komforta pak\u0101pi. Tas noz\u012bm\u0113, ka j\u016bsu b\u0113rns var piedal\u012bties ikdienas aktivit\u0101t\u0113s un b\u016bt vienlaikus efekt\u012bvi aizsarg\u0101ts.<\/p>\n<p><strong>Materi\u0101ls:<\/strong>\u00a0100% elast\u012bga kokvilna, p\u0101rkl\u0101ts ar PU-membr\u0101nu un poliestera p\u0101rkl\u0101jumu<\/p>\n<div class=\"is-divider divider clearfix\" style=\"max-width:1110px;background-color:rgb(255, 255, 255);\"><\/div>\n<p style=\"text-align: left;\"><strong><span style=\"color: #000000;\">ROKASGR\u0100MATA:<\/span><\/strong><\/p>\n\t<div class=\"img has-hover x md-x lg-x y md-y lg-y\" id=\"image_121083869\">\n\t\t\t\t\t\t\t\t<div class=\"img-inner dark\" >\n\t\t\t<img decoding=\"async\" width=\"511\" height=\"416\" src=\"https:\/\/meditex.ee\/wp-content\/uploads\/2021\/12\/care-instructions-1256.jpg\" class=\"attachment-large size-large\" alt=\"\" srcset=\"https:\/\/meditex.ee\/wp-content\/uploads\/2021\/12\/care-instructions-1256.jpg 511w, https:\/\/meditex.ee\/wp-content\/uploads\/2021\/12\/care-instructions-1256-491x400.jpg 491w\" sizes=\"(max-width: 511px) 100vw, 511px\" \/>\t\t\t\t\t\t\n\t\t\t\t\t<\/div>\n\t\t\t\t\t\t\t\t\n<style>\n#image_121083869 {\n  width: 45%;\n}\n<\/style>\n\t<\/div>\n\t\n<div class=\"is-divider divider clearfix\" style=\"background-color:rgb(255, 255, 255);\"><\/div>\n<p>Inform\u0101cija ra\u017eot\u0101ja vietn\u0113 <a href=\"https:\/\/www.suprima-gmbh.de\/en\/incontinence-briefs\/2214\/bodyguard-brief-ultra-kids?c=151\">https:\/\/www.suprima-gmbh.de\/en\/incontinence-briefs\/2214\/bodyguard-brief-ultra-kids?c=151<\/a><\/p>\n<p>Par Suprima lasiet <a href=\"https:\/\/meditex.ee\/lv\/suprima\/\">\u0161eit<\/a><\/p>\n<div class=\"row\"  id=\"row-605988921\">\n\n\t<div id=\"col-791092589\" class=\"col small-12 large-12\"  >\n\t\t\t\t<div class=\"col-inner\"  >\n\t\t\t\n\t\t\t\n<div class=\"is-divider divider clearfix\" style=\"max-width:1100px;height:1px;\"><\/div>\n<div class=\"row\"  id=\"row-1575104324\">\n\n\t<div id=\"col-318436446\" class=\"col medium-8 small-12 large-8\"  >\n\t\t\t\t<div class=\"col-inner\"  >\n\t\t\t\n\t\t\t\n<h4 style=\"text-align: left;\">K\u0101p\u0113c vienreizlietojamo auti\u0146biks\u012b\u0161u viet\u0101 izmantot ve\u013cu, kas paredz\u0113ta nesatur\u0113\u0161anas gad\u012bjumiem.<\/h4>\n<p style=\"text-align: left;\"><span style=\"font-weight: 400;\">Viengabala bikses ir \u013coti popul\u0101ras. <\/span><span style=\"font-weight: 400;\">Ta\u010du katru reizi, kad ir j\u0101p\u0101r\u0123\u0113rbjas vienreizlietojam\u0101s biks\u0113s, ir j\u0101\u0123\u0113rbjas l\u012bdz apaviem, kas var b\u016bt gan nehigi\u0113niski, gan ne\u0113rti. \u012apa\u0161i publisk\u0101s viet\u0101s.<\/span><\/p>\n\t\t<\/div>\n\t\t\t\t\t<\/div>\n\n\t\n\n\t<div id=\"col-1595287125\" class=\"col medium-4 small-12 large-4\"  >\n\t\t\t\t<div class=\"col-inner text-center\"  >\n\t\t\t\n\t\t\t\n\t<div class=\"img has-hover x md-x lg-x y md-y lg-y\" id=\"image_1107577103\">\n\t\t\t\t\t\t\t\t<div class=\"img-inner dark\" >\n\t\t\t<img decoding=\"async\" width=\"500\" height=\"500\" src=\"https:\/\/meditex.ee\/wp-content\/uploads\/2021\/02\/disposable-pants.png\" class=\"attachment-large size-large\" alt=\"\" srcset=\"https:\/\/meditex.ee\/wp-content\/uploads\/2021\/02\/disposable-pants.png 500w, https:\/\/meditex.ee\/wp-content\/uploads\/2021\/02\/disposable-pants-100x100.png 100w, https:\/\/meditex.ee\/wp-content\/uploads\/2021\/02\/disposable-pants-400x400.png 400w, https:\/\/meditex.ee\/wp-content\/uploads\/2021\/02\/disposable-pants-280x280.png 280w, https:\/\/meditex.ee\/wp-content\/uploads\/2021\/02\/disposable-pants-300x300.png 300w\" sizes=\"(max-width: 500px) 100vw, 500px\" \/>\t\t\t\t\t\t\n\t\t\t\t\t<\/div>\n\t\t\t\t\t\t\t\t\n<style>\n#image_1107577103 {\n  width: 41%;\n}\n<\/style>\n\t<\/div>\n\t\n\t\t<\/div>\n\t\t\t\t\t<\/div>\n\n\t\n<\/div>\n<div class=\"row\"  id=\"row-1507235866\">\n\n\t<div id=\"col-382432417\" class=\"col medium-4 small-12 large-4\"  >\n\t\t\t\t<div class=\"col-inner text-center\"  >\n\t\t\t\n\t\t\t\n\t<div class=\"img has-hover x md-x lg-x y md-y lg-y\" id=\"image_1072059462\">\n\t\t\t\t\t\t\t\t<div class=\"img-inner dark\" >\n\t\t\t<img decoding=\"async\" width=\"800\" height=\"400\" src=\"https:\/\/meditex.ee\/wp-content\/uploads\/2021\/02\/suprima-lahendus.png\" class=\"attachment-large size-large\" alt=\"\" srcset=\"https:\/\/meditex.ee\/wp-content\/uploads\/2021\/02\/suprima-lahendus.png 800w, https:\/\/meditex.ee\/wp-content\/uploads\/2021\/02\/suprima-lahendus-510x255.png 510w, https:\/\/meditex.ee\/wp-content\/uploads\/2021\/02\/suprima-lahendus-768x384.png 768w, https:\/\/meditex.ee\/wp-content\/uploads\/2021\/02\/suprima-lahendus-600x300.png 600w\" sizes=\"(max-width: 800px) 100vw, 800px\" \/>\t\t\t\t\t\t\n\t\t\t\t\t<\/div>\n\t\t\t\t\t\t\t\t\n<style>\n#image_1072059462 {\n  width: 81%;\n}\n<\/style>\n\t<\/div>\n\t\n\t\t<\/div>\n\t\t\t\t\t<\/div>\n\n\t\n\n\t<div id=\"col-1121197982\" class=\"col medium-8 small-12 large-8\"  >\n\t\t\t\t<div class=\"col-inner\"  >\n\t\t\t\n\t\t\t\n<p style=\"text-align: left;\"><span style=\"font-weight: 400;\">Risin\u0101jums &#8211; k<\/span><span style=\"font-weight: 400;\">n\u0113s\u0101jot suprima apak\u0161ve\u013cu ar vienreizlietojamiem p\u0101rs\u0113jiem, j\u016bs main\u0101t tikai p\u0101rs\u0113jus.<\/span><\/p>\n<p style=\"text-align: left;\"><span style=\"font-weight: 400;\">P\u0101rs\u0113ji ir l\u0113t\u0101ki nek\u0101 vienreizlietojam\u0101s bikses. Turkl\u0101t kaklasaites rada maz\u0101k atkritumu nek\u0101 vienreizlietojam\u0101s bikses, un var teikt, ka t\u0101s ir videi draudz\u012bg\u0101ka ve\u013cas un kaklasaites kombin\u0101cija. <\/span><\/p>\n\t\t<\/div>\n\t\t\t\t\t<\/div>\n\n\t\n<\/div>\n<div class=\"row\"  id=\"row-1162078016\">\n\n\t<div id=\"col-65993285\" class=\"col small-12 large-12\"  >\n\t\t\t\t<div class=\"col-inner\"  >\n\t\t\t\n\t\t\t\n<p style=\"text-align: left;\"><span style=\"font-weight: 400;\">Nep\u0101rtrauktas mazg\u0101\u0161anas priek\u0161roc\u012bbas:<\/span><\/p>\n<p style=\"text-align: left;\"><b>Rentabls<\/b><span style=\"font-weight: 400;\">. Mazg\u0101jam\u0101s bikses kalpo ilgi, jo t\u0101s var mazg\u0101t vair\u0101kas reizes. Tas padara tos par rentablu un iztur\u012bgu risin\u0101jumu. S\u0101kotn\u0113j\u0101 pirkuma cena var \u0161\u0137ist d\u0101rga, ta\u010du ilgtermi\u0146\u0101 mazg\u0101jam\u0101s apak\u0161bikses ir l\u0113t\u0101kas nek\u0101 vienreizlietojam\u0101 aizsardz\u012bba.<\/span><\/p>\n<p style=\"text-align: left;\"><b>Diskr\u0113ts.<\/b><span style=\"font-weight: 400;\"> Mazg\u0101jam\u0101s inkontinences bikses ir pl\u0101n\u0101kas, kas noz\u012bm\u0113, ka t\u0101s bie\u017ei vien ir diskr\u0113t\u0101kas un maz\u0101k paman\u0101mas. Mazg\u0101jam\u0101m biks\u0113m nav auti\u0146biks\u012b\u0161u izskata, un t\u0101s ir veidotas t\u0101, lai izskat\u012btos k\u0101 parastas bikses.<\/span><\/p>\n<p style=\"text-align: left;\"><b>Izskats.<\/b><span style=\"font-weight: 400;\"> Mazg\u0101jam\u0101 apak\u0161ve\u013ca ir da\u017e\u0101da stila. Gan v\u012brie\u0161i, gan sievietes atrad\u012bs sev piem\u0113rotu modeli. Ir gan bokseri, gan parastas biks\u012btes.<\/span><\/p>\n\t\t<\/div>\n\t\t\t\t\t<\/div>\n\n\t\n<\/div>\n\t\t<\/div>\n\t\t\t\t\t<\/div>\n\n\t\n<\/div>\n","protected":false},"excerpt":{"rendered":"<p style=\"text-align: left;\"><span style=\"color: #000000; font-size: 75%;\">Inkontinences apak\u0161ve\u013ca b\u0113rniem.<\/span><\/p>\n<p><img decoding=\"async\" class=\"alignnone wp-image-10880 size-full\" src=\"https:\/\/meditex.ee\/wp-content\/uploads\/2020\/10\/tilk5.png\" alt=\"\" width=\"129\" height=\"33\" \/><\/p>\n<p>&nbsp;<\/p>\n","protected":false},"featured_media":15461,"template":"","meta":[],"product_brand":[],"product_cat":[496],"product_tag":[501,587,588],"class_list":{"0":"post-17045","1":"product","2":"type-product","3":"status-publish","4":"has-post-thumbnail","6":"product_cat-nesaturesanas-vela","7":"product_tag-berniem","8":"product_tag-suprima-lv","9":"product_tag-unisex-lv","11":"first","12":"instock","13":"taxable","14":"shipping-taxable","15":"purchasable","16":"product-type-variable"},"yoast_head":"<!-- This site is optimized with the Yoast SEO plugin v27.2 - https:\/\/yoast.com\/product\/yoast-seo-wordpress\/ -->\n<title>Inkontinences apak\u0161ve\u013ca b\u0113rniem Bodyguard Ultra<\/title>\n<meta name=\"description\" content=\"Gan z\u0113niem, gan meiten\u0113m paredz\u0113t\u0101 (viendzimuma) necaurlaid\u012bg\u0101 apak\u0161ve\u013ca nodro\u0161ina, ka tie, kas cie\u0161 no ur\u012bna nesatur\u0113\u0161anas, j\u016btas piln\u012bb\u0101 aizsarg\u0101ti.\" \/>\n<meta name=\"robots\" content=\"index, follow, max-snippet:-1, max-image-preview:large, max-video-preview:-1\" \/>\n<link rel=\"canonical\" href=\"https:\/\/meditex.ee\/lv\/produkts\/inkontinences-apaksvela-berniem-bernu-aizsargi-ultra\/\" \/>\n<meta property=\"og:locale\" content=\"lv_LV\" \/>\n<meta property=\"og:type\" content=\"article\" \/>\n<meta property=\"og:title\" content=\"Inkontinences apak\u0161ve\u013ca b\u0113rniem Bodyguard Ultra\" \/>\n<meta property=\"og:description\" content=\"Gan z\u0113niem, gan meiten\u0113m paredz\u0113t\u0101 (viendzimuma) necaurlaid\u012bg\u0101 apak\u0161ve\u013ca nodro\u0161ina, ka tie, kas cie\u0161 no ur\u012bna nesatur\u0113\u0161anas, j\u016btas piln\u012bb\u0101 aizsarg\u0101ti.\" \/>\n<meta property=\"og:url\" content=\"https:\/\/meditex.ee\/lv\/produkts\/inkontinences-apaksvela-berniem-bernu-aizsargi-ultra\/\" \/>\n<meta property=\"og:site_name\" content=\"Meditex\" \/>\n<meta property=\"article:publisher\" content=\"https:\/\/www.facebook.com\/meditexepood\/\" \/>\n<meta property=\"article:modified_time\" content=\"2025-08-03T08:27:43+00:00\" \/>\n<meta property=\"og:image\" content=\"https:\/\/meditex.ee\/wp-content\/uploads\/2021\/03\/suprima_8118_001_KIDS-716x800.jpg\" \/>\n\t<meta property=\"og:image:width\" content=\"716\" \/>\n\t<meta property=\"og:image:height\" content=\"800\" \/>\n\t<meta property=\"og:image:type\" content=\"image\/jpeg\" \/>\n<meta name=\"twitter:card\" content=\"summary_large_image\" \/>\n<meta name=\"twitter:label1\" content=\"Est. reading time\" \/>\n\t<meta name=\"twitter:data1\" content=\"2 minutes\" \/>\n<script type=\"application\/ld+json\" class=\"yoast-schema-graph\">{\"@context\":\"https:\/\/schema.org\",\"@graph\":[{\"@type\":\"WebPage\",\"@id\":\"https:\/\/meditex.ee\/lv\/produkts\/inkontinences-apaksvela-berniem-bernu-aizsargi-ultra\/\",\"url\":\"https:\/\/meditex.ee\/lv\/produkts\/inkontinences-apaksvela-berniem-bernu-aizsargi-ultra\/\",\"name\":\"Inkontinences apak\u0161ve\u013ca b\u0113rniem Bodyguard Ultra\",\"isPartOf\":{\"@id\":\"https:\/\/meditex.ee\/en\/#website\"},\"primaryImageOfPage\":{\"@id\":\"https:\/\/meditex.ee\/lv\/produkts\/inkontinences-apaksvela-berniem-bernu-aizsargi-ultra\/#primaryimage\"},\"image\":{\"@id\":\"https:\/\/meditex.ee\/lv\/produkts\/inkontinences-apaksvela-berniem-bernu-aizsargi-ultra\/#primaryimage\"},\"thumbnailUrl\":\"https:\/\/meditex.ee\/wp-content\/uploads\/2021\/03\/suprima_8118_001_KIDS.jpg\",\"datePublished\":\"2023-07-31T10:25:34+00:00\",\"dateModified\":\"2025-08-03T08:27:43+00:00\",\"description\":\"Gan z\u0113niem, gan meiten\u0113m paredz\u0113t\u0101 (viendzimuma) necaurlaid\u012bg\u0101 apak\u0161ve\u013ca nodro\u0161ina, ka tie, kas cie\u0161 no ur\u012bna nesatur\u0113\u0161anas, j\u016btas piln\u012bb\u0101 aizsarg\u0101ti.\",\"breadcrumb\":{\"@id\":\"https:\/\/meditex.ee\/lv\/produkts\/inkontinences-apaksvela-berniem-bernu-aizsargi-ultra\/#breadcrumb\"},\"inLanguage\":\"lv-LV\",\"potentialAction\":[{\"@type\":\"ReadAction\",\"target\":[\"https:\/\/meditex.ee\/lv\/produkts\/inkontinences-apaksvela-berniem-bernu-aizsargi-ultra\/\"]}]},{\"@type\":\"ImageObject\",\"inLanguage\":\"lv-LV\",\"@id\":\"https:\/\/meditex.ee\/lv\/produkts\/inkontinences-apaksvela-berniem-bernu-aizsargi-ultra\/#primaryimage\",\"url\":\"https:\/\/meditex.ee\/wp-content\/uploads\/2021\/03\/suprima_8118_001_KIDS.jpg\",\"contentUrl\":\"https:\/\/meditex.ee\/wp-content\/uploads\/2021\/03\/suprima_8118_001_KIDS.jpg\",\"width\":2114,\"height\":2362},{\"@type\":\"BreadcrumbList\",\"@id\":\"https:\/\/meditex.ee\/lv\/produkts\/inkontinences-apaksvela-berniem-bernu-aizsargi-ultra\/#breadcrumb\",\"itemListElement\":[{\"@type\":\"ListItem\",\"position\":1,\"name\":\"Home\",\"item\":\"https:\/\/meditex.ee\/lv\/\"},{\"@type\":\"ListItem\",\"position\":2,\"name\":\"Veikals\",\"item\":\"https:\/\/meditex.ee\/lv\/veikals\/\"},{\"@type\":\"ListItem\",\"position\":3,\"name\":\"Inkontinences apak\u0161ve\u013ca b\u0113rniem Bodyguard Ultra\"}]},{\"@type\":\"WebSite\",\"@id\":\"https:\/\/meditex.ee\/en\/#website\",\"url\":\"https:\/\/meditex.ee\/en\/\",\"name\":\"Meditex\",\"description\":\"\",\"publisher\":{\"@id\":\"https:\/\/meditex.ee\/en\/#organization\"},\"potentialAction\":[{\"@type\":\"SearchAction\",\"target\":{\"@type\":\"EntryPoint\",\"urlTemplate\":\"https:\/\/meditex.ee\/en\/?s={search_term_string}\"},\"query-input\":{\"@type\":\"PropertyValueSpecification\",\"valueRequired\":true,\"valueName\":\"search_term_string\"}}],\"inLanguage\":\"lv-LV\"},{\"@type\":\"Organization\",\"@id\":\"https:\/\/meditex.ee\/en\/#organization\",\"name\":\"Meditex\",\"url\":\"https:\/\/meditex.ee\/en\/\",\"logo\":{\"@type\":\"ImageObject\",\"inLanguage\":\"lv-LV\",\"@id\":\"https:\/\/meditex.ee\/en\/#\/schema\/logo\/image\/\",\"url\":\"https:\/\/meditex.ee\/wp-content\/uploads\/2018\/03\/mdtx_logo.png\",\"contentUrl\":\"https:\/\/meditex.ee\/wp-content\/uploads\/2018\/03\/mdtx_logo.png\",\"width\":669,\"height\":235,\"caption\":\"Meditex\"},\"image\":{\"@id\":\"https:\/\/meditex.ee\/en\/#\/schema\/logo\/image\/\"},\"sameAs\":[\"https:\/\/www.facebook.com\/meditexepood\/\"]}]}<\/script>\n<!-- \/ Yoast SEO plugin. -->","yoast_head_json":{"title":"Inkontinences apak\u0161ve\u013ca b\u0113rniem Bodyguard Ultra","description":"Gan z\u0113niem, gan meiten\u0113m paredz\u0113t\u0101 (viendzimuma) necaurlaid\u012bg\u0101 apak\u0161ve\u013ca nodro\u0161ina, ka tie, kas cie\u0161 no ur\u012bna nesatur\u0113\u0161anas, j\u016btas piln\u012bb\u0101 aizsarg\u0101ti.","robots":{"index":"index","follow":"follow","max-snippet":"max-snippet:-1","max-image-preview":"max-image-preview:large","max-video-preview":"max-video-preview:-1"},"canonical":"https:\/\/meditex.ee\/lv\/produkts\/inkontinences-apaksvela-berniem-bernu-aizsargi-ultra\/","og_locale":"lv_LV","og_type":"article","og_title":"Inkontinences apak\u0161ve\u013ca b\u0113rniem Bodyguard Ultra","og_description":"Gan z\u0113niem, gan meiten\u0113m paredz\u0113t\u0101 (viendzimuma) necaurlaid\u012bg\u0101 apak\u0161ve\u013ca nodro\u0161ina, ka tie, kas cie\u0161 no ur\u012bna nesatur\u0113\u0161anas, j\u016btas piln\u012bb\u0101 aizsarg\u0101ti.","og_url":"https:\/\/meditex.ee\/lv\/produkts\/inkontinences-apaksvela-berniem-bernu-aizsargi-ultra\/","og_site_name":"Meditex","article_publisher":"https:\/\/www.facebook.com\/meditexepood\/","article_modified_time":"2025-08-03T08:27:43+00:00","og_image":[{"width":716,"height":800,"url":"https:\/\/meditex.ee\/wp-content\/uploads\/2021\/03\/suprima_8118_001_KIDS-716x800.jpg","type":"image\/jpeg"}],"twitter_card":"summary_large_image","twitter_misc":{"Est. reading time":"2 minutes"},"schema":{"@context":"https:\/\/schema.org","@graph":[{"@type":"WebPage","@id":"https:\/\/meditex.ee\/lv\/produkts\/inkontinences-apaksvela-berniem-bernu-aizsargi-ultra\/","url":"https:\/\/meditex.ee\/lv\/produkts\/inkontinences-apaksvela-berniem-bernu-aizsargi-ultra\/","name":"Inkontinences apak\u0161ve\u013ca b\u0113rniem Bodyguard Ultra","isPartOf":{"@id":"https:\/\/meditex.ee\/en\/#website"},"primaryImageOfPage":{"@id":"https:\/\/meditex.ee\/lv\/produkts\/inkontinences-apaksvela-berniem-bernu-aizsargi-ultra\/#primaryimage"},"image":{"@id":"https:\/\/meditex.ee\/lv\/produkts\/inkontinences-apaksvela-berniem-bernu-aizsargi-ultra\/#primaryimage"},"thumbnailUrl":"https:\/\/meditex.ee\/wp-content\/uploads\/2021\/03\/suprima_8118_001_KIDS.jpg","datePublished":"2023-07-31T10:25:34+00:00","dateModified":"2025-08-03T08:27:43+00:00","description":"Gan z\u0113niem, gan meiten\u0113m paredz\u0113t\u0101 (viendzimuma) necaurlaid\u012bg\u0101 apak\u0161ve\u013ca nodro\u0161ina, ka tie, kas cie\u0161 no ur\u012bna nesatur\u0113\u0161anas, j\u016btas piln\u012bb\u0101 aizsarg\u0101ti.","breadcrumb":{"@id":"https:\/\/meditex.ee\/lv\/produkts\/inkontinences-apaksvela-berniem-bernu-aizsargi-ultra\/#breadcrumb"},"inLanguage":"lv-LV","potentialAction":[{"@type":"ReadAction","target":["https:\/\/meditex.ee\/lv\/produkts\/inkontinences-apaksvela-berniem-bernu-aizsargi-ultra\/"]}]},{"@type":"ImageObject","inLanguage":"lv-LV","@id":"https:\/\/meditex.ee\/lv\/produkts\/inkontinences-apaksvela-berniem-bernu-aizsargi-ultra\/#primaryimage","url":"https:\/\/meditex.ee\/wp-content\/uploads\/2021\/03\/suprima_8118_001_KIDS.jpg","contentUrl":"https:\/\/meditex.ee\/wp-content\/uploads\/2021\/03\/suprima_8118_001_KIDS.jpg","width":2114,"height":2362},{"@type":"BreadcrumbList","@id":"https:\/\/meditex.ee\/lv\/produkts\/inkontinences-apaksvela-berniem-bernu-aizsargi-ultra\/#breadcrumb","itemListElement":[{"@type":"ListItem","position":1,"name":"Home","item":"https:\/\/meditex.ee\/lv\/"},{"@type":"ListItem","position":2,"name":"Veikals","item":"https:\/\/meditex.ee\/lv\/veikals\/"},{"@type":"ListItem","position":3,"name":"Inkontinences apak\u0161ve\u013ca b\u0113rniem Bodyguard Ultra"}]},{"@type":"WebSite","@id":"https:\/\/meditex.ee\/en\/#website","url":"https:\/\/meditex.ee\/en\/","name":"Meditex","description":"","publisher":{"@id":"https:\/\/meditex.ee\/en\/#organization"},"potentialAction":[{"@type":"SearchAction","target":{"@type":"EntryPoint","urlTemplate":"https:\/\/meditex.ee\/en\/?s={search_term_string}"},"query-input":{"@type":"PropertyValueSpecification","valueRequired":true,"valueName":"search_term_string"}}],"inLanguage":"lv-LV"},{"@type":"Organization","@id":"https:\/\/meditex.ee\/en\/#organization","name":"Meditex","url":"https:\/\/meditex.ee\/en\/","logo":{"@type":"ImageObject","inLanguage":"lv-LV","@id":"https:\/\/meditex.ee\/en\/#\/schema\/logo\/image\/","url":"https:\/\/meditex.ee\/wp-content\/uploads\/2018\/03\/mdtx_logo.png","contentUrl":"https:\/\/meditex.ee\/wp-content\/uploads\/2018\/03\/mdtx_logo.png","width":669,"height":235,"caption":"Meditex"},"image":{"@id":"https:\/\/meditex.ee\/en\/#\/schema\/logo\/image\/"},"sameAs":["https:\/\/www.facebook.com\/meditexepood\/"]}]}},"_links":{"self":[{"href":"https:\/\/meditex.ee\/lv\/wp-json\/wp\/v2\/product\/17045","targetHints":{"allow":["GET"]}}],"collection":[{"href":"https:\/\/meditex.ee\/lv\/wp-json\/wp\/v2\/product"}],"about":[{"href":"https:\/\/meditex.ee\/lv\/wp-json\/wp\/v2\/types\/product"}],"wp:featuredmedia":[{"embeddable":true,"href":"https:\/\/meditex.ee\/lv\/wp-json\/wp\/v2\/media\/15461"}],"wp:attachment":[{"href":"https:\/\/meditex.ee\/lv\/wp-json\/wp\/v2\/media?parent=17045"}],"wp:term":[{"taxonomy":"product_brand","embeddable":true,"href":"https:\/\/meditex.ee\/lv\/wp-json\/wp\/v2\/product_brand?post=17045"},{"taxonomy":"product_cat","embeddable":true,"href":"https:\/\/meditex.ee\/lv\/wp-json\/wp\/v2\/product_cat?post=17045"},{"taxonomy":"product_tag","embeddable":true,"href":"https:\/\/meditex.ee\/lv\/wp-json\/wp\/v2\/product_tag?post=17045"}],"curies":[{"name":"wp","href":"https:\/\/api.w.org\/{rel}","templated":true}]}}