{"id":17042,"date":"2020-12-09T07:28:37","date_gmt":"2023-07-31T10:25:32","guid":{"rendered":"https:\/\/meditex.ee\/product\/mazgasana-pec-dzemdibam\/"},"modified":"2023-07-31T10:25:41","modified_gmt":"2023-07-31T10:25:41","slug":"piespiedu-mazgasana","status":"publish","type":"product","link":"https:\/\/meditex.ee\/lv\/produkts\/piespiedu-mazgasana\/","title":{"rendered":"Mazg\u0101\u0161ana p\u0113c dzemd\u012bb\u0101m"},"content":{"rendered":"<div class=\"row row-small align-bottom\"  id=\"row-1571560134\">\n\n\t<div id=\"col-60731855\" class=\"col medium-4 small-12 large-4\"  >\n\t\t\t\t<div class=\"col-inner text-left\"  >\n\t\t\t\n\t\t\t\n\t\t<\/div>\n\t\t\t\t\t<\/div>\n\n\t\n\n\t<div id=\"col-1654569238\" class=\"col medium-4 small-12 large-4\"  >\n\t\t\t\t<div class=\"col-inner\"  >\n\t\t\t\n\t\t\t\n\t\t<\/div>\n\t\t\t\t\t<\/div>\n\n\t\n\n\t<div id=\"col-1774378646\" class=\"col medium-4 small-12 large-4\"  >\n\t\t\t\t<div class=\"col-inner text-right\"  >\n\t\t\t\n\t\t\t\n\t<div class=\"img has-hover x md-x lg-x y md-y lg-y\" id=\"image_1881347155\">\n\t\t\t\t\t\t\t\t<div class=\"img-inner dark\" >\n\t\t\t<img decoding=\"async\" width=\"1020\" height=\"315\" src=\"https:\/\/meditex.ee\/wp-content\/uploads\/2018\/03\/CAREFIX_PAYOFF_4F-1400x433.png\" class=\"attachment-large size-large\" alt=\"\" srcset=\"https:\/\/meditex.ee\/wp-content\/uploads\/2018\/03\/CAREFIX_PAYOFF_4F-1400x433.png 1400w, https:\/\/meditex.ee\/wp-content\/uploads\/2018\/03\/CAREFIX_PAYOFF_4F-510x158.png 510w, https:\/\/meditex.ee\/wp-content\/uploads\/2018\/03\/CAREFIX_PAYOFF_4F-800x248.png 800w, https:\/\/meditex.ee\/wp-content\/uploads\/2018\/03\/CAREFIX_PAYOFF_4F-768x238.png 768w, https:\/\/meditex.ee\/wp-content\/uploads\/2018\/03\/CAREFIX_PAYOFF_4F-600x186.png 600w, https:\/\/meditex.ee\/wp-content\/uploads\/2018\/03\/CAREFIX_PAYOFF_4F.png 2038w\" sizes=\"(max-width: 1020px) 100vw, 1020px\" \/>\t\t\t\t\t\t\n\t\t\t\t\t<\/div>\n\t\t\t\t\t\t\t\t\n<style>\n#image_1881347155 {\n  width: 50%;\n}\n<\/style>\n\t<\/div>\n\t\n\t\t<\/div>\n\t\t\t\t\t<\/div>\n\n\t\n<\/div>\n<p><span style=\"color: #000000;\">P\u0113cdzemd\u012bbu apak\u0161ve\u013ca ir lieliska izv\u0113le p\u0113cdzemd\u012bbu asi\u0146o\u0161anas period\u0101.<\/span><\/p>\n<p><span style=\"color: #000000;\">Dro\u0161a aizsardz\u012bba un komforta saj\u016bta ir b\u016btiska jaunaj\u0101m m\u0101mi\u0146\u0101m p\u0113cdzemd\u012bbu asi\u0146o\u0161anas period\u0101, kad nepiecie\u0161ami da\u017e\u0101du izm\u0113ru p\u0101rs\u0113ji.<\/span><\/p>\n<p><span style=\"color: #000000;\">Jaunai m\u0101mi\u0146ai, visticam\u0101k, neb\u016bs apak\u0161ve\u013cas, kas der\u0113tu lielam p\u0101rsienam, un parasta apak\u0161ve\u013ca bie\u017ei vien nenodro\u0161ina diskr\u0113tu un dro\u0161u aizsardz\u012bbu, kas nepiecie\u0161ama, lai sieviete justos dro\u0161i parastu darb\u012bbu laik\u0101.<\/span><\/p>\n<p style=\"text-align: left;\"><span style=\"color: #000000;\">Liel\u0101k\u0101 da\u013ca sievie\u0161u ar\u012b nev\u0113las izmantot savu parasto apak\u0161ve\u013cu, kas var tikt saboj\u0101ta, ja t\u0101 nopl\u016bst.<\/span><\/p>\n<p style=\"text-align: left;\"><span style=\"color: #000000;\">Lai savienojums darbotos optim\u0101li, \u013coti svar\u012bga ir laba saite. Savienojums var b\u016bt lielisks, bet, ja tas nav pareizi nostiprin\u0101ts, tas main\u012bsies un nopl\u016bd\u012bs. Carefix p\u0113cdzemd\u012bbu apak\u0161ve\u013cai ir &#8220;fiks\u0101cijas zonas&#8221;, kas ir \u012bpa\u0161i austas apak\u0161biks\u012b\u0161u da\u013cas, kas pal\u012bdz pareizi nostiprin\u0101t p\u0101rs\u0113ju, lai tas paliktu sav\u0101 viet\u0101.<\/span><\/p>\n<p style=\"text-align: left;\"><span style=\"color: #000000;\">Pareiza un dro\u0161a p\u0101rsie\u0161anas fiks\u0101cija bie\u017ei vien noz\u012bm\u0113 ar\u012b to, ka p\u0101rsie\u0161anas izm\u0113rs, iesp\u0113jams, var tikt samazin\u0101ts, kas ne tikai uzlabo m\u0101tes diskr\u0113tumu un labsaj\u016btu, bet maz\u0101ki p\u0101rsie\u0161anas l\u012bdzek\u013ci noz\u012bm\u0113 ar\u012b maz\u0101k atkritumu un maz\u0101ku ietekmi uz vidi.<\/span><\/p>\n<p style=\"text-align: left;\" data-fontsize=\"16\" data-lineheight=\"19\"><span style=\"color: #000000;\"><strong>T\u012aKSTA MATERI\u0100LS: <\/strong>97 % poliestera, 3 % elast\u0101na.<\/span><\/p>\n<p style=\"text-align: left;\"><span style=\"color: #000000;\"><strong>IEZ\u012aMES:<\/strong><\/span><\/p>\n<div class=\"row align-middle\"  id=\"row-951244104\">\n\n\t<div id=\"col-879657661\" class=\"col small-12 large-12\"  >\n\t\t\t\t<div class=\"col-inner\"  >\n\t\t\t\n\t\t\t\n<p style=\"text-align: left;\"><span style=\"color: #000000;\"><img decoding=\"async\" class=\"alignnone wp-image-11889\" src=\"https:\/\/meditex.ee\/wp-content\/uploads\/2020\/12\/shaping_zones-400x400.png\" alt=\"\" width=\"76\" height=\"76\" srcset=\"https:\/\/meditex.ee\/wp-content\/uploads\/2020\/12\/shaping_zones-400x400.png 400w, https:\/\/meditex.ee\/wp-content\/uploads\/2020\/12\/shaping_zones-100x100.png 100w, https:\/\/meditex.ee\/wp-content\/uploads\/2020\/12\/shaping_zones-280x280.png 280w, https:\/\/meditex.ee\/wp-content\/uploads\/2020\/12\/shaping_zones-300x300.png 300w, https:\/\/meditex.ee\/wp-content\/uploads\/2020\/12\/shaping_zones.png 440w\" sizes=\"(max-width: 76px) 100vw, 76px\" \/>   <strong>Atbalsta zonas<\/strong> &#8211; <span style=\"font-size: 95%;\">fiks\u0101cijas zonas, kas pal\u012bdz saglab\u0101t saiti, t\u0101d\u0113j\u0101di samazinot nopl\u016bdes risku un optimiz\u0113jot komfortu un diskr\u0113tumu<\/span>.<\/span><\/p>\n<p style=\"text-align: left;\"><span style=\"color: #000000;\"><img decoding=\"async\" class=\"alignnone wp-image-11885\" src=\"https:\/\/meditex.ee\/wp-content\/uploads\/2020\/12\/breathability-280x280.png\" alt=\"\" width=\"76\" height=\"76\" srcset=\"https:\/\/meditex.ee\/wp-content\/uploads\/2020\/12\/breathability-280x280.png 280w, https:\/\/meditex.ee\/wp-content\/uploads\/2020\/12\/breathability-100x100.png 100w, https:\/\/meditex.ee\/wp-content\/uploads\/2020\/12\/breathability-401x400.png 401w, https:\/\/meditex.ee\/wp-content\/uploads\/2020\/12\/breathability-300x300.png 300w, https:\/\/meditex.ee\/wp-content\/uploads\/2020\/12\/breathability.png 441w\" sizes=\"(max-width: 76px) 100vw, 76px\" \/>   <strong>Elpojo\u0161s<\/strong> &#8211; <span style=\"font-size: 95%;\">uzlabo \u0101das draudz\u012bgumu un komfortu, jo tas nerada mitrumu<\/span>.<\/span><\/p>\n<p style=\"text-align: left;\"><span style=\"color: #000000;\"><img decoding=\"async\" class=\"alignnone wp-image-11881\" src=\"https:\/\/meditex.ee\/wp-content\/uploads\/2020\/12\/4-way_stretch-280x280.png\" alt=\"\" width=\"76\" height=\"76\" srcset=\"https:\/\/meditex.ee\/wp-content\/uploads\/2020\/12\/4-way_stretch-280x280.png 280w, https:\/\/meditex.ee\/wp-content\/uploads\/2020\/12\/4-way_stretch-100x100.png 100w, https:\/\/meditex.ee\/wp-content\/uploads\/2020\/12\/4-way_stretch-401x400.png 401w, https:\/\/meditex.ee\/wp-content\/uploads\/2020\/12\/4-way_stretch-300x300.png 300w, https:\/\/meditex.ee\/wp-content\/uploads\/2020\/12\/4-way_stretch.png 441w\" sizes=\"(max-width: 76px) 100vw, 76px\" \/>   <strong>4-virzienu stiep\u0161an\u0101s<\/strong> &#8211;  <span style=\"font-size: 95%;\">materi\u0101ls dabiski piel\u0101gojas un izple\u0161as \u0137ermenim. \u013boti svar\u012bgi saglab\u0101t komfortu un nemain\u012bgu atbalstu.<\/span><\/span><\/p>\n<p style=\"text-align: left;\"><span style=\"color: #000000;\"><img decoding=\"async\" class=\"alignnone wp-image-11877\" src=\"https:\/\/meditex.ee\/wp-content\/uploads\/2020\/12\/SeamlessNEW-280x280.png\" alt=\"\" width=\"76\" height=\"76\" srcset=\"https:\/\/meditex.ee\/wp-content\/uploads\/2020\/12\/SeamlessNEW-280x280.png 280w, https:\/\/meditex.ee\/wp-content\/uploads\/2020\/12\/SeamlessNEW-100x100.png 100w, https:\/\/meditex.ee\/wp-content\/uploads\/2020\/12\/SeamlessNEW-400x400.png 400w, https:\/\/meditex.ee\/wp-content\/uploads\/2020\/12\/SeamlessNEW-300x300.png 300w, https:\/\/meditex.ee\/wp-content\/uploads\/2020\/12\/SeamlessNEW.png 440w\" sizes=\"(max-width: 76px) 100vw, 76px\" \/>   <b>Bez\u0161uvju <\/b>&#8211;  <span style=\"font-size: 95%;\">nodro\u0161ina maksim\u0101lu vieglumu un komfortu \u0101dai. Izvair\u0101s no kairino\u0161\u0101m spiediena p\u0113d\u0101m un berzes.<\/span> <\/span><\/p>\n<p style=\"text-align: left;\"><span style=\"color: #000000;\"><img decoding=\"async\" class=\"alignnone wp-image-11873\" src=\"https:\/\/meditex.ee\/wp-content\/uploads\/2020\/12\/latex_free_zone-280x280.png\" alt=\"\" width=\"76\" height=\"76\" srcset=\"https:\/\/meditex.ee\/wp-content\/uploads\/2020\/12\/latex_free_zone-280x280.png 280w, https:\/\/meditex.ee\/wp-content\/uploads\/2020\/12\/latex_free_zone-100x100.png 100w, https:\/\/meditex.ee\/wp-content\/uploads\/2020\/12\/latex_free_zone-400x400.png 400w, https:\/\/meditex.ee\/wp-content\/uploads\/2020\/12\/latex_free_zone-300x300.png 300w, https:\/\/meditex.ee\/wp-content\/uploads\/2020\/12\/latex_free_zone.png 440w\" sizes=\"(max-width: 76px) 100vw, 76px\" \/>   <strong>Bez lateksa<\/strong><b> <\/b>&#8211;  <span style=\"font-size: 95%;\">lai nodro\u0161in\u0101tu optim\u0101lu \u0101dai draudz\u012bgu lieto\u0161anu. Produkts ir dro\u0161s.<\/span><\/span><\/p>\n\t\t<\/div>\n\t\t\t\t\t<\/div>\n\n\t\n<\/div>\n<h4><strong>IZM\u0112RI:<\/strong><\/h4>\n<div style=\"text-align: left;\"><span style=\"color: #000000;\">Izm\u0113riet gurnus vispla\u0161\u0101kaj\u0101 viet\u0101, k\u0101 par\u0101d\u012bts att\u0113l\u0101.<\/span><\/div>\n<div style=\"text-align: left;\"><span style=\"color: #000000;\">Izmantojiet zem\u0101k redzamo izm\u0113ru tabulu, lai atrastu j\u016bsu gurnu apk\u0101rtm\u0113ram atbilsto\u0161u jostas izm\u0113ru.<\/span><\/div>\n\t<div id=\"gap-1682932162\" class=\"gap-element clearfix\" style=\"display:block; height:auto;\">\n\t\t\n<style>\n#gap-1682932162 {\n  padding-top: 30px;\n}\n<\/style>\n\t<\/div>\n\t\n<div class=\"row\"  id=\"row-582853777\">\n\n\t<div id=\"col-407926187\" class=\"col medium-3 small-12 large-3\"  >\n\t\t\t\t<div class=\"col-inner\"  >\n\t\t\t\n\t\t\t\n\t<div class=\"img has-hover x md-x lg-x y md-y lg-y\" id=\"image_10571741\">\n\t\t\t\t\t\t\t\t<div class=\"img-inner dark\" >\n\t\t\t<img decoding=\"async\" width=\"296\" height=\"676\" src=\"https:\/\/meditex.ee\/wp-content\/uploads\/2020\/12\/Measure_hips.jpg\" class=\"attachment-large size-large\" alt=\"\" srcset=\"https:\/\/meditex.ee\/wp-content\/uploads\/2020\/12\/Measure_hips.jpg 296w, https:\/\/meditex.ee\/wp-content\/uploads\/2020\/12\/Measure_hips-175x400.jpg 175w\" sizes=\"(max-width: 296px) 100vw, 296px\" \/>\t\t\t\t\t\t\n\t\t\t\t\t<\/div>\n\t\t\t\t\t\t\t\t\n<style>\n#image_10571741 {\n  width: 70%;\n}\n<\/style>\n\t<\/div>\n\t\n\t\t<\/div>\n\t\t\t\t\t<\/div>\n\n\t\n\n\t<div id=\"col-1429183509\" class=\"col medium-9 small-12 large-9\"  >\n\t\t\t\t<div class=\"col-inner text-center\"  >\n\t\t\t\n\t\t\t\n\t<div id=\"gap-1337374052\" class=\"gap-element clearfix\" style=\"display:block; height:auto;\">\n\t\t\n<style>\n#gap-1337374052 {\n  padding-top: 80px;\n}\n<\/style>\n\t<\/div>\n\t\n\t<div class=\"img has-hover x md-x lg-x y md-y lg-y\" id=\"image_1655019615\">\n\t\t\t\t\t\t\t\t<div class=\"img-inner dark\" >\n\t\t\t<img decoding=\"async\" width=\"726\" height=\"157\" src=\"https:\/\/meditex.ee\/wp-content\/uploads\/2020\/12\/Carefix_Str_PostNatalBriefEST.png\" class=\"attachment-large size-large\" alt=\"\" srcset=\"https:\/\/meditex.ee\/wp-content\/uploads\/2020\/12\/Carefix_Str_PostNatalBriefEST.png 726w, https:\/\/meditex.ee\/wp-content\/uploads\/2020\/12\/Carefix_Str_PostNatalBriefEST-510x110.png 510w, https:\/\/meditex.ee\/wp-content\/uploads\/2020\/12\/Carefix_Str_PostNatalBriefEST-600x130.png 600w\" sizes=\"(max-width: 726px) 100vw, 726px\" \/>\t\t\t\t\t\t\n\t\t\t\t\t<\/div>\n\t\t\t\t\t\t\t\t\n<style>\n#image_1655019615 {\n  width: 100%;\n}\n<\/style>\n\t<\/div>\n\t\n\t\t<\/div>\n\t\t\t\t\t<\/div>\n\n\t\n<\/div>\n\t<div id=\"gap-708069643\" class=\"gap-element clearfix\" style=\"display:block; height:auto;\">\n\t\t\n<style>\n#gap-708069643 {\n  padding-top: 30px;\n}\n<\/style>\n\t<\/div>\n\t\n<p style=\"text-align: left;\"><span style=\"color: #000000;\"><strong>Gr\u016btniec\u012bbas un dzemd\u012bbu un p\u0113cdzemd\u012bbu produkti, kuros galven\u0101 uzman\u012bba piev\u0113rsta komfortam un funkcionalit\u0101tei.<\/strong><\/span><\/p>\n<p style=\"text-align: left;\"><span style=\"color: #000000;\"><span style=\"font-weight: 400;\">Carefix apak\u0161ve\u013ca gr\u016btniec\u0113m pied\u0101v\u0101 bez\u0161uvju un m\u012bkstu komfortu gr\u016btniec\u012bbas laik\u0101 un p\u0113c dzemd\u012bb\u0101m.<\/span><span style=\"font-weight: 400;\">  Gr\u016btniec\u012bbas un dzemd\u012bbu kop\u0161anas l\u012bdzek\u013ci ir r\u016bp\u012bgi izstr\u0101d\u0101ti, \u0146emot v\u0113r\u0101 sievietes \u0137ermeni, k\u0101 ar\u012b \u0137erme\u0146a izmai\u0146as un ar t\u0101m saist\u012bt\u0101s probl\u0113mas, ar kur\u0101m sievietes saskaras gr\u016btniec\u012bbas un p\u0113cdzemd\u012bbu period\u0101.<\/span><\/span><\/p>\n<p style=\"text-align: left;\"><span style=\"font-weight: 400; color: #000000;\">Carefix gr\u016btnie\u010du ve\u013cas mazg\u0101jam\u0101 ma\u0161\u012bna atbilst uz\u0146\u0113muma filozofijai par \u012bpa\u0161i \u0113rtiem un \u013coti funkcion\u0101liem produktiem.<\/span><\/p>\n<p style=\"text-align: left;\"><span style=\"font-weight: 400; color: #000000;\">Izstr\u0101d\u0101jumi ir izgatavoti no \u012bpa\u0161a poliam\u012bda (vai poliestera) un elast\u0101na mais\u012bjuma, kas tiem pie\u0161\u0137ir z\u012bdainu saj\u016btu un pievilc\u012bgu izskatu.<\/span><\/p>\n<p style=\"text-align: left;\"><span style=\"font-weight: 400; color: #000000;\">Poliam\u012bds nodro\u0161ina m\u012bkstu un gludu apdari, savuk\u0101rt elast\u0101ns nodro\u0161ina optim\u0101lu atbalstu un piegulumu. Rezult\u0101ts ir elpojo\u0161i, \u0101tri \u017e\u016bsto\u0161i izstr\u0101d\u0101jumi, kas piel\u0101gojas main\u012bgajai \u0137erme\u0146a formai, izple\u0161oties vai sarau\u0161oties.<\/span><\/p>\n<p style=\"text-align: left;\"><span style=\"color: #000000;\">Inform\u0101cija ra\u017eot\u0101ja t\u012bmek\u013ca vietn\u0113: https: <a href=\"https:\/\/tytex.com\/products\/maternity-care\/postnatal-briefs\">\/\/tytex.com\/products\/maternity-care\/postnatal-briefs<\/a>.<\/span><\/p>\n<p>Vair\u0101k par Tytex lasiet \u0161eit <a href=\"https:\/\/meditex.ee\/lv\/?page_id=16364\">https:\/\/meditex.ee\/tytex\/<\/a><\/p>\n","protected":false},"excerpt":{"rendered":"<p style=\"text-align: left;\"><span style=\"font-size: 75%; color: #000000;\">P\u0113cdzemd\u012bbu apak\u0161ve\u013ca jaunajai m\u0101mi\u0146ai. Iepakojum\u0101 4 gab.<\/span><\/p>\n","protected":false},"featured_media":15399,"template":"","meta":[],"product_brand":[],"product_cat":[497],"product_tag":[521],"class_list":{"0":"post-17042","1":"product","2":"type-product","3":"status-publish","4":"has-post-thumbnail","6":"product_cat-grutniecibas-un-dzemdibu-vela","7":"product_tag-carefix-lv","9":"first","10":"instock","11":"taxable","12":"shipping-taxable","13":"purchasable","14":"product-type-variable"},"yoast_head":"<!-- This site is optimized with the Yoast SEO plugin v27.3 - https:\/\/yoast.com\/product\/yoast-seo-wordpress\/ -->\n<title>P\u0113cdzemd\u012bbu mazg\u0101\u0161ana ar fiks\u0101cijas zon\u0101m - meditex.ee internetveikals<\/title>\n<meta name=\"description\" content=\"Carefix p\u0113cdzemd\u012bbu ve\u013cas mazg\u0101\u0161ana pal\u012bdz uzlabot m\u0101tes diskr\u0113tumu un labsaj\u016btu. \u0100dai maksim\u0101li draudz\u012bgs un \u0113rts.\" \/>\n<meta name=\"robots\" content=\"index, follow, max-snippet:-1, max-image-preview:large, max-video-preview:-1\" \/>\n<link rel=\"canonical\" href=\"https:\/\/meditex.ee\/lv\/product\/piespiedu-mazgasana\/\" \/>\n<meta property=\"og:locale\" content=\"lv_LV\" \/>\n<meta property=\"og:type\" content=\"article\" \/>\n<meta property=\"og:title\" content=\"P\u0113cdzemd\u012bbu mazg\u0101\u0161ana ar fiks\u0101cijas zon\u0101m - meditex.ee internetveikals\" \/>\n<meta property=\"og:description\" content=\"Carefix p\u0113cdzemd\u012bbu ve\u013cas mazg\u0101\u0161ana pal\u012bdz uzlabot m\u0101tes diskr\u0113tumu un labsaj\u016btu. \u0100dai maksim\u0101li draudz\u012bgs un \u0113rts.\" \/>\n<meta property=\"og:url\" content=\"https:\/\/meditex.ee\/lv\/product\/piespiedu-mazgasana\/\" \/>\n<meta property=\"og:site_name\" content=\"Meditex\" \/>\n<meta property=\"article:publisher\" content=\"https:\/\/www.facebook.com\/meditexepood\/\" \/>\n<meta property=\"article:modified_time\" content=\"2023-07-31T10:25:41+00:00\" \/>\n<meta property=\"og:image\" content=\"https:\/\/meditex.ee\/wp-content\/uploads\/2020\/12\/3246_front.jpg\" \/>\n\t<meta property=\"og:image:width\" content=\"500\" \/>\n\t<meta property=\"og:image:height\" content=\"500\" \/>\n\t<meta property=\"og:image:type\" content=\"image\/jpeg\" \/>\n<meta name=\"twitter:card\" content=\"summary_large_image\" \/>\n<meta name=\"twitter:label1\" content=\"Est. reading time\" \/>\n\t<meta name=\"twitter:data1\" content=\"3 minutes\" \/>\n<script type=\"application\/ld+json\" class=\"yoast-schema-graph\">{\"@context\":\"https:\\\/\\\/schema.org\",\"@graph\":[{\"@type\":\"WebPage\",\"@id\":\"https:\\\/\\\/meditex.ee\\\/lv\\\/product\\\/piespiedu-mazgasana\\\/\",\"url\":\"https:\\\/\\\/meditex.ee\\\/lv\\\/product\\\/piespiedu-mazgasana\\\/\",\"name\":\"P\u0113cdzemd\u012bbu mazg\u0101\u0161ana ar fiks\u0101cijas zon\u0101m - meditex.ee internetveikals\",\"isPartOf\":{\"@id\":\"https:\\\/\\\/meditex.ee\\\/en\\\/#website\"},\"primaryImageOfPage\":{\"@id\":\"https:\\\/\\\/meditex.ee\\\/lv\\\/product\\\/piespiedu-mazgasana\\\/#primaryimage\"},\"image\":{\"@id\":\"https:\\\/\\\/meditex.ee\\\/lv\\\/product\\\/piespiedu-mazgasana\\\/#primaryimage\"},\"thumbnailUrl\":\"https:\\\/\\\/meditex.ee\\\/wp-content\\\/uploads\\\/2020\\\/12\\\/3246_front.jpg\",\"datePublished\":\"2023-07-31T10:25:32+00:00\",\"dateModified\":\"2023-07-31T10:25:41+00:00\",\"description\":\"Carefix p\u0113cdzemd\u012bbu ve\u013cas mazg\u0101\u0161ana pal\u012bdz uzlabot m\u0101tes diskr\u0113tumu un labsaj\u016btu. \u0100dai maksim\u0101li draudz\u012bgs un \u0113rts.\",\"breadcrumb\":{\"@id\":\"https:\\\/\\\/meditex.ee\\\/lv\\\/product\\\/piespiedu-mazgasana\\\/#breadcrumb\"},\"inLanguage\":\"lv-LV\",\"potentialAction\":[{\"@type\":\"ReadAction\",\"target\":[\"https:\\\/\\\/meditex.ee\\\/lv\\\/product\\\/piespiedu-mazgasana\\\/\"]}]},{\"@type\":\"ImageObject\",\"inLanguage\":\"lv-LV\",\"@id\":\"https:\\\/\\\/meditex.ee\\\/lv\\\/product\\\/piespiedu-mazgasana\\\/#primaryimage\",\"url\":\"https:\\\/\\\/meditex.ee\\\/wp-content\\\/uploads\\\/2020\\\/12\\\/3246_front.jpg\",\"contentUrl\":\"https:\\\/\\\/meditex.ee\\\/wp-content\\\/uploads\\\/2020\\\/12\\\/3246_front.jpg\",\"width\":500,\"height\":500},{\"@type\":\"BreadcrumbList\",\"@id\":\"https:\\\/\\\/meditex.ee\\\/lv\\\/product\\\/piespiedu-mazgasana\\\/#breadcrumb\",\"itemListElement\":[{\"@type\":\"ListItem\",\"position\":1,\"name\":\"Home\",\"item\":\"https:\\\/\\\/meditex.ee\\\/lv\\\/\"},{\"@type\":\"ListItem\",\"position\":2,\"name\":\"Veikals\",\"item\":\"https:\\\/\\\/meditex.ee\\\/lv\\\/veikals\\\/\"},{\"@type\":\"ListItem\",\"position\":3,\"name\":\"Mazg\u0101\u0161ana p\u0113c dzemd\u012bb\u0101m\"}]},{\"@type\":\"WebSite\",\"@id\":\"https:\\\/\\\/meditex.ee\\\/en\\\/#website\",\"url\":\"https:\\\/\\\/meditex.ee\\\/en\\\/\",\"name\":\"Meditex\",\"description\":\"\",\"publisher\":{\"@id\":\"https:\\\/\\\/meditex.ee\\\/en\\\/#organization\"},\"potentialAction\":[{\"@type\":\"SearchAction\",\"target\":{\"@type\":\"EntryPoint\",\"urlTemplate\":\"https:\\\/\\\/meditex.ee\\\/en\\\/?s={search_term_string}\"},\"query-input\":{\"@type\":\"PropertyValueSpecification\",\"valueRequired\":true,\"valueName\":\"search_term_string\"}}],\"inLanguage\":\"lv-LV\"},{\"@type\":\"Organization\",\"@id\":\"https:\\\/\\\/meditex.ee\\\/en\\\/#organization\",\"name\":\"Meditex\",\"url\":\"https:\\\/\\\/meditex.ee\\\/en\\\/\",\"logo\":{\"@type\":\"ImageObject\",\"inLanguage\":\"lv-LV\",\"@id\":\"https:\\\/\\\/meditex.ee\\\/en\\\/#\\\/schema\\\/logo\\\/image\\\/\",\"url\":\"https:\\\/\\\/meditex.ee\\\/wp-content\\\/uploads\\\/2018\\\/03\\\/mdtx_logo.png\",\"contentUrl\":\"https:\\\/\\\/meditex.ee\\\/wp-content\\\/uploads\\\/2018\\\/03\\\/mdtx_logo.png\",\"width\":669,\"height\":235,\"caption\":\"Meditex\"},\"image\":{\"@id\":\"https:\\\/\\\/meditex.ee\\\/en\\\/#\\\/schema\\\/logo\\\/image\\\/\"},\"sameAs\":[\"https:\\\/\\\/www.facebook.com\\\/meditexepood\\\/\"]}]}<\/script>\n<!-- \/ Yoast SEO plugin. -->","yoast_head_json":{"title":"P\u0113cdzemd\u012bbu mazg\u0101\u0161ana ar fiks\u0101cijas zon\u0101m - meditex.ee internetveikals","description":"Carefix p\u0113cdzemd\u012bbu ve\u013cas mazg\u0101\u0161ana pal\u012bdz uzlabot m\u0101tes diskr\u0113tumu un labsaj\u016btu. \u0100dai maksim\u0101li draudz\u012bgs un \u0113rts.","robots":{"index":"index","follow":"follow","max-snippet":"max-snippet:-1","max-image-preview":"max-image-preview:large","max-video-preview":"max-video-preview:-1"},"canonical":"https:\/\/meditex.ee\/lv\/product\/piespiedu-mazgasana\/","og_locale":"lv_LV","og_type":"article","og_title":"P\u0113cdzemd\u012bbu mazg\u0101\u0161ana ar fiks\u0101cijas zon\u0101m - meditex.ee internetveikals","og_description":"Carefix p\u0113cdzemd\u012bbu ve\u013cas mazg\u0101\u0161ana pal\u012bdz uzlabot m\u0101tes diskr\u0113tumu un labsaj\u016btu. \u0100dai maksim\u0101li draudz\u012bgs un \u0113rts.","og_url":"https:\/\/meditex.ee\/lv\/product\/piespiedu-mazgasana\/","og_site_name":"Meditex","article_publisher":"https:\/\/www.facebook.com\/meditexepood\/","article_modified_time":"2023-07-31T10:25:41+00:00","og_image":[{"width":500,"height":500,"url":"https:\/\/meditex.ee\/wp-content\/uploads\/2020\/12\/3246_front.jpg","type":"image\/jpeg"}],"twitter_card":"summary_large_image","twitter_misc":{"Est. reading time":"3 minutes"},"schema":{"@context":"https:\/\/schema.org","@graph":[{"@type":"WebPage","@id":"https:\/\/meditex.ee\/lv\/product\/piespiedu-mazgasana\/","url":"https:\/\/meditex.ee\/lv\/product\/piespiedu-mazgasana\/","name":"P\u0113cdzemd\u012bbu mazg\u0101\u0161ana ar fiks\u0101cijas zon\u0101m - meditex.ee internetveikals","isPartOf":{"@id":"https:\/\/meditex.ee\/en\/#website"},"primaryImageOfPage":{"@id":"https:\/\/meditex.ee\/lv\/product\/piespiedu-mazgasana\/#primaryimage"},"image":{"@id":"https:\/\/meditex.ee\/lv\/product\/piespiedu-mazgasana\/#primaryimage"},"thumbnailUrl":"https:\/\/meditex.ee\/wp-content\/uploads\/2020\/12\/3246_front.jpg","datePublished":"2023-07-31T10:25:32+00:00","dateModified":"2023-07-31T10:25:41+00:00","description":"Carefix p\u0113cdzemd\u012bbu ve\u013cas mazg\u0101\u0161ana pal\u012bdz uzlabot m\u0101tes diskr\u0113tumu un labsaj\u016btu. \u0100dai maksim\u0101li draudz\u012bgs un \u0113rts.","breadcrumb":{"@id":"https:\/\/meditex.ee\/lv\/product\/piespiedu-mazgasana\/#breadcrumb"},"inLanguage":"lv-LV","potentialAction":[{"@type":"ReadAction","target":["https:\/\/meditex.ee\/lv\/product\/piespiedu-mazgasana\/"]}]},{"@type":"ImageObject","inLanguage":"lv-LV","@id":"https:\/\/meditex.ee\/lv\/product\/piespiedu-mazgasana\/#primaryimage","url":"https:\/\/meditex.ee\/wp-content\/uploads\/2020\/12\/3246_front.jpg","contentUrl":"https:\/\/meditex.ee\/wp-content\/uploads\/2020\/12\/3246_front.jpg","width":500,"height":500},{"@type":"BreadcrumbList","@id":"https:\/\/meditex.ee\/lv\/product\/piespiedu-mazgasana\/#breadcrumb","itemListElement":[{"@type":"ListItem","position":1,"name":"Home","item":"https:\/\/meditex.ee\/lv\/"},{"@type":"ListItem","position":2,"name":"Veikals","item":"https:\/\/meditex.ee\/lv\/veikals\/"},{"@type":"ListItem","position":3,"name":"Mazg\u0101\u0161ana p\u0113c dzemd\u012bb\u0101m"}]},{"@type":"WebSite","@id":"https:\/\/meditex.ee\/en\/#website","url":"https:\/\/meditex.ee\/en\/","name":"Meditex","description":"","publisher":{"@id":"https:\/\/meditex.ee\/en\/#organization"},"potentialAction":[{"@type":"SearchAction","target":{"@type":"EntryPoint","urlTemplate":"https:\/\/meditex.ee\/en\/?s={search_term_string}"},"query-input":{"@type":"PropertyValueSpecification","valueRequired":true,"valueName":"search_term_string"}}],"inLanguage":"lv-LV"},{"@type":"Organization","@id":"https:\/\/meditex.ee\/en\/#organization","name":"Meditex","url":"https:\/\/meditex.ee\/en\/","logo":{"@type":"ImageObject","inLanguage":"lv-LV","@id":"https:\/\/meditex.ee\/en\/#\/schema\/logo\/image\/","url":"https:\/\/meditex.ee\/wp-content\/uploads\/2018\/03\/mdtx_logo.png","contentUrl":"https:\/\/meditex.ee\/wp-content\/uploads\/2018\/03\/mdtx_logo.png","width":669,"height":235,"caption":"Meditex"},"image":{"@id":"https:\/\/meditex.ee\/en\/#\/schema\/logo\/image\/"},"sameAs":["https:\/\/www.facebook.com\/meditexepood\/"]}]}},"_links":{"self":[{"href":"https:\/\/meditex.ee\/lv\/wp-json\/wp\/v2\/product\/17042","targetHints":{"allow":["GET"]}}],"collection":[{"href":"https:\/\/meditex.ee\/lv\/wp-json\/wp\/v2\/product"}],"about":[{"href":"https:\/\/meditex.ee\/lv\/wp-json\/wp\/v2\/types\/product"}],"wp:featuredmedia":[{"embeddable":true,"href":"https:\/\/meditex.ee\/lv\/wp-json\/wp\/v2\/media\/15399"}],"wp:attachment":[{"href":"https:\/\/meditex.ee\/lv\/wp-json\/wp\/v2\/media?parent=17042"}],"wp:term":[{"taxonomy":"product_brand","embeddable":true,"href":"https:\/\/meditex.ee\/lv\/wp-json\/wp\/v2\/product_brand?post=17042"},{"taxonomy":"product_cat","embeddable":true,"href":"https:\/\/meditex.ee\/lv\/wp-json\/wp\/v2\/product_cat?post=17042"},{"taxonomy":"product_tag","embeddable":true,"href":"https:\/\/meditex.ee\/lv\/wp-json\/wp\/v2\/product_tag?post=17042"}],"curies":[{"name":"wp","href":"https:\/\/api.w.org\/{rel}","templated":true}]}}