{"id":17025,"date":"2021-12-07T12:43:58","date_gmt":"2023-07-31T10:25:31","guid":{"rendered":"https:\/\/meditex.ee\/product\/inkontinences-apaksvela-viriesiem-ar-iebuvetu-absorbejosu-spilventinu-bodyguard-light\/"},"modified":"2023-08-10T08:45:30","modified_gmt":"2023-08-10T08:45:30","slug":"bodyguard_light","status":"publish","type":"product","link":"https:\/\/meditex.ee\/lv\/produkts\/bodyguard_light\/","title":{"rendered":"Inkontinences apak\u0161ve\u013ca v\u012brie\u0161iem ar ieb\u016bv\u0113tu absorb\u0113jo\u0161u spilventi\u0146u Bodyguard-light"},"content":{"rendered":"<div class=\"row\"  id=\"row-961078776\">\n\n\t<div id=\"col-1115173752\" class=\"col medium-4 small-12 large-4\"  >\n\t\t\t\t<div class=\"col-inner text-left\"  >\n\t\t\t\n\t\t\t\n\t<div class=\"img has-hover x md-x lg-x y md-y lg-y\" id=\"image_1098155539\">\n\t\t\t\t\t\t\t\t<div class=\"img-inner dark\" >\n\t\t\t<img decoding=\"async\" width=\"140\" height=\"36\" src=\"https:\/\/meditex.ee\/wp-content\/uploads\/2020\/10\/tilk1.png\" class=\"attachment-large size-large\" alt=\"\" \/>\t\t\t\t\t\t\n\t\t\t\t\t<\/div>\n\t\t\t\t\t\t\t\t\n<style>\n#image_1098155539 {\n  width: 40%;\n}\n<\/style>\n\t<\/div>\n\t\n\t\t<\/div>\n\t\t\t\t\t<\/div>\n\n\t\n\n\t<div id=\"col-1053770151\" class=\"col medium-4 small-12 large-4\"  >\n\t\t\t\t<div class=\"col-inner text-center\"  >\n\t\t\t\n\t\t\t\n\t<div class=\"img has-hover x md-x lg-x y md-y lg-y\" id=\"image_522449339\">\n\t\t\t\t\t\t\t\t<div class=\"img-inner dark\" >\n\t\t\t<img decoding=\"async\" width=\"500\" height=\"500\" src=\"https:\/\/meditex.ee\/wp-content\/uploads\/2020\/10\/meeste.png\" class=\"attachment-large size-large\" alt=\"\" srcset=\"https:\/\/meditex.ee\/wp-content\/uploads\/2020\/10\/meeste.png 500w, https:\/\/meditex.ee\/wp-content\/uploads\/2020\/10\/meeste-100x100.png 100w, https:\/\/meditex.ee\/wp-content\/uploads\/2020\/10\/meeste-400x400.png 400w, https:\/\/meditex.ee\/wp-content\/uploads\/2020\/10\/meeste-280x280.png 280w, https:\/\/meditex.ee\/wp-content\/uploads\/2020\/10\/meeste-300x300.png 300w\" sizes=\"(max-width: 500px) 100vw, 500px\" \/>\t\t\t\t\t\t\n\t\t\t\t\t<\/div>\n\t\t\t\t\t\t\t\t\n<style>\n#image_522449339 {\n  width: 25%;\n}\n<\/style>\n\t<\/div>\n\t\n\t\t<\/div>\n\t\t\t\t\t<\/div>\n\n\t\n\n\t<div id=\"col-145882991\" class=\"col medium-4 small-12 large-4\"  >\n\t\t\t\t<div class=\"col-inner text-right\"  >\n\t\t\t\n\t\t\t\n\t<div class=\"img has-hover x md-x lg-x y md-y lg-y\" id=\"image_1649755542\">\n\t\t\t\t\t\t\t\t<div class=\"img-inner dark\" >\n\t\t\t<img decoding=\"async\" width=\"451\" height=\"112\" src=\"https:\/\/meditex.ee\/wp-content\/uploads\/2020\/10\/suprimalogo.png\" class=\"attachment-large size-large\" alt=\"\" \/>\t\t\t\t\t\t\n\t\t\t\t\t<\/div>\n\t\t\t\t\t\t\t\t\n<style>\n#image_1649755542 {\n  width: 60%;\n}\n<\/style>\n\t<\/div>\n\t\n\t\t<\/div>\n\t\t\t\t\t<\/div>\n\n\t\n<\/div>\n<h2><strong>Inkontinences mazg\u0101\u0161anas l\u012bdzeklis v\u012brie\u0161iem ar ieb\u016bv\u0113tu absorb\u0113jo\u0161u spilventi\u0146u<\/strong><\/h2>\n<h3><strong>Bodyguard light<\/strong><\/h3>\n<div>\u00a0<\/div>\n<div>Ba\u017eas piesaist\u012bt uzman\u012bbu ap\u0123\u0113rba smakas vai mitruma d\u0113\u013c bie\u017ei vien izraisa cilv\u0113ku ar ur\u012bnp\u016b\u0161\u013ca v\u0101jumu soci\u0101lo izol\u0101ciju. Pateicoties apak\u0161ve\u013cai suprima light incontinence, v\u012brie\u0161i var akt\u012bvi piedal\u012bties dz\u012bv\u0113. \u0160\u012b apak\u0161ve\u013ca ar ieb\u016bv\u0113tu absorb\u0113jo\u0161u spilventi\u0146u dro\u0161i uzs\u016bc l\u012bdz 150 ml \u0161\u0137idruma p\u0113curin\u0101cijas pil\u0113\u0161anas gad\u012bjum\u0101. Mitruma barjera nodro\u0161ina ar\u012b to, ka nekas nenok\u013c\u016bst uz ap\u0123\u0113rba.<\/div>\n<div>\u00a0<\/div>\n<div>\u0160\u012b apak\u0161ve\u013ca, kas paredz\u0113ta ur\u012bna nesatur\u0113\u0161anas gad\u012bjumiem, ir \u012bpa\u0161i piem\u0113rota v\u012brie\u0161iem, kuri cie\u0161 no p\u0113c ur\u012bna pil\u0113\u0161anas p\u0113c prostatas oper\u0101cijas. Antibakteri\u0101l\u0101 un smakas aizturo\u0161\u0101 higi\u0113nas zona nodro\u0161ina dro\u0161\u012bbas saj\u016btu. M\u012bkstais kokvilnas materi\u0101ls ir \u0113rts un pat\u012bkams \u0101dai.<\/div>\n<div>\u00a0<\/div>\n<ul>\n<li>Integr\u0113ts absorb\u0113jo\u0161s spilventi\u0146\u0161<\/li>\n<li>P\u0113c urin\u0101cijas pilin\u0101\u0161anas (piem\u0113ram, p\u0113c prostatas oper\u0101cijas).<\/li>\n<li>Absorbcija: 150 ml<\/li>\n<li>Antibakteri\u0101ls un smaku nom\u0101co\u0161s l\u012bdzeklis.<\/li>\n<\/ul>\n<div>\u00a0<\/div>\n<div><strong>Kr\u0101sa:<\/strong> balta<\/div>\n<div>\u00a0<\/div>\n<div><strong>Audums:<\/strong> 100% kokvilna ar absorb\u0113jo\u0161u oder\u0113jumu, PU mitruma barjeras p\u0101rkl\u0101jums.<\/div>\n<div>\u00a0<\/div>\n\t<div class=\"img has-hover x md-x lg-x y md-y lg-y\" id=\"image_1823794383\">\n\t\t\t\t\t\t\t\t<div class=\"img-inner dark\" >\n\t\t\t<img decoding=\"async\" width=\"1020\" height=\"304\" src=\"https:\/\/meditex.ee\/wp-content\/uploads\/2023\/08\/suuruste-tabel-lat.webp\" class=\"attachment-large size-large\" alt=\"\" srcset=\"https:\/\/meditex.ee\/wp-content\/uploads\/2023\/08\/suuruste-tabel-lat.webp 1107w, https:\/\/meditex.ee\/wp-content\/uploads\/2023\/08\/suuruste-tabel-lat-800x238.webp 800w, https:\/\/meditex.ee\/wp-content\/uploads\/2023\/08\/suuruste-tabel-lat-768x229.webp 768w, https:\/\/meditex.ee\/wp-content\/uploads\/2023\/08\/suuruste-tabel-lat-510x152.webp 510w\" sizes=\"(max-width: 1020px) 100vw, 1020px\" \/>\t\t\t\t\t\t\n\t\t\t\t\t<\/div>\n\t\t\t\t\t\t\t\t\n<style>\n#image_1823794383 {\n  width: 100%;\n}\n<\/style>\n\t<\/div>\n\t\n<div class=\"is-divider divider clearfix\" style=\"max-width:1110px;background-color:rgb(255, 255, 255);\"><\/div>\n<p style=\"text-align: left;\"><strong><span style=\"color: #000000;\">ROKASGR\u0100MATA:<\/span><\/strong><\/p>\n\t<div class=\"img has-hover x md-x lg-x y md-y lg-y\" id=\"image_598522985\">\n\t\t\t\t\t\t\t\t<div class=\"img-inner dark\" >\n\t\t\t<img decoding=\"async\" width=\"511\" height=\"416\" src=\"https:\/\/meditex.ee\/wp-content\/uploads\/2021\/12\/care-instructions-1256.jpg\" class=\"attachment-large size-large\" alt=\"\" srcset=\"https:\/\/meditex.ee\/wp-content\/uploads\/2021\/12\/care-instructions-1256.jpg 511w, https:\/\/meditex.ee\/wp-content\/uploads\/2021\/12\/care-instructions-1256-491x400.jpg 491w\" sizes=\"(max-width: 511px) 100vw, 511px\" \/>\t\t\t\t\t\t\n\t\t\t\t\t<\/div>\n\t\t\t\t\t\t\t\t\n<style>\n#image_598522985 {\n  width: 40%;\n}\n<\/style>\n\t<\/div>\n\t\n<div class=\"is-divider divider clearfix\" style=\"background-color:rgb(255, 255, 255);\"><\/div>\n<p style=\"text-align: left;\"><span style=\"color: #000000;\">Inform\u0101cija ra\u017eot\u0101ja vietn\u0113 <a href=\"https:\/\/www.suprima-gmbh.de\/inkontinenz-slips\/2028\/bodyguard-light-slip-mit-integrierter-saugeinlage?number=1256-001\">https:\/\/bit.ly\/3y408E8<\/a><\/span><\/p>\n<p>Par Suprima lasiet <a href=\"https:\/\/meditex.ee\/lv\/suprima\/\">\u0161eit<\/a><\/p>\n<div class=\"row\"  id=\"row-1546120454\">\n\n\t<div id=\"col-1667515749\" class=\"col small-12 large-12\"  >\n\t\t\t\t<div class=\"col-inner\"  >\n\t\t\t\n\t\t\t\n<div class=\"is-divider divider clearfix\" style=\"max-width:1100px;height:1px;\"><\/div>\n<div class=\"row\"  id=\"row-1156445420\">\n\n\t<div id=\"col-1581736684\" class=\"col medium-8 small-12 large-8\"  >\n\t\t\t\t<div class=\"col-inner\"  >\n\t\t\t\n\t\t\t\n<h4 style=\"text-align: left;\">K\u0101p\u0113c vienreizlietojamo auti\u0146biks\u012b\u0161u viet\u0101 izmantot ve\u013cu, kas paredz\u0113ta nesatur\u0113\u0161anas gad\u012bjumiem.<\/h4>\n<p style=\"text-align: left;\"><span style=\"font-weight: 400;\">Viengabala bikses ir \u013coti popul\u0101ras.  <\/span><span style=\"font-weight: 400;\">Ta\u010du katru reizi, kad ir j\u0101p\u0101r\u0123\u0113rbjas vienreizlietojam\u0101s biks\u0113s, ir j\u0101\u0123\u0113rbjas l\u012bdz apaviem, kas var b\u016bt gan nehigi\u0113niski, gan ne\u0113rti. \u012apa\u0161i publisk\u0101s viet\u0101s.<\/span><\/p>\n\t\t<\/div>\n\t\t\t\t\t<\/div>\n\n\t\n\n\t<div id=\"col-514797727\" class=\"col medium-4 small-12 large-4\"  >\n\t\t\t\t<div class=\"col-inner text-center\"  >\n\t\t\t\n\t\t\t\n\t<div class=\"img has-hover x md-x lg-x y md-y lg-y\" id=\"image_143017124\">\n\t\t\t\t\t\t\t\t<div class=\"img-inner dark\" >\n\t\t\t<img decoding=\"async\" width=\"500\" height=\"500\" src=\"https:\/\/meditex.ee\/wp-content\/uploads\/2021\/02\/disposable-pants.png\" class=\"attachment-large size-large\" alt=\"\" srcset=\"https:\/\/meditex.ee\/wp-content\/uploads\/2021\/02\/disposable-pants.png 500w, https:\/\/meditex.ee\/wp-content\/uploads\/2021\/02\/disposable-pants-100x100.png 100w, https:\/\/meditex.ee\/wp-content\/uploads\/2021\/02\/disposable-pants-400x400.png 400w, https:\/\/meditex.ee\/wp-content\/uploads\/2021\/02\/disposable-pants-280x280.png 280w, https:\/\/meditex.ee\/wp-content\/uploads\/2021\/02\/disposable-pants-300x300.png 300w\" sizes=\"(max-width: 500px) 100vw, 500px\" \/>\t\t\t\t\t\t\n\t\t\t\t\t<\/div>\n\t\t\t\t\t\t\t\t\n<style>\n#image_143017124 {\n  width: 41%;\n}\n<\/style>\n\t<\/div>\n\t\n\t\t<\/div>\n\t\t\t\t\t<\/div>\n\n\t\n<\/div>\n<div class=\"row\"  id=\"row-857722471\">\n\n\t<div id=\"col-528517574\" class=\"col medium-4 small-12 large-4\"  >\n\t\t\t\t<div class=\"col-inner text-center\"  >\n\t\t\t\n\t\t\t\n\t<div class=\"img has-hover x md-x lg-x y md-y lg-y\" id=\"image_1970024797\">\n\t\t\t\t\t\t\t\t<div class=\"img-inner dark\" >\n\t\t\t<img decoding=\"async\" width=\"800\" height=\"400\" src=\"https:\/\/meditex.ee\/wp-content\/uploads\/2021\/02\/suprima-lahendus.png\" class=\"attachment-large size-large\" alt=\"\" srcset=\"https:\/\/meditex.ee\/wp-content\/uploads\/2021\/02\/suprima-lahendus.png 800w, https:\/\/meditex.ee\/wp-content\/uploads\/2021\/02\/suprima-lahendus-510x255.png 510w, https:\/\/meditex.ee\/wp-content\/uploads\/2021\/02\/suprima-lahendus-768x384.png 768w, https:\/\/meditex.ee\/wp-content\/uploads\/2021\/02\/suprima-lahendus-600x300.png 600w\" sizes=\"(max-width: 800px) 100vw, 800px\" \/>\t\t\t\t\t\t\n\t\t\t\t\t<\/div>\n\t\t\t\t\t\t\t\t\n<style>\n#image_1970024797 {\n  width: 81%;\n}\n<\/style>\n\t<\/div>\n\t\n\t\t<\/div>\n\t\t\t\t\t<\/div>\n\n\t\n\n\t<div id=\"col-309326757\" class=\"col medium-8 small-12 large-8\"  >\n\t\t\t\t<div class=\"col-inner\"  >\n\t\t\t\n\t\t\t\n<p style=\"text-align: left;\"><span style=\"font-weight: 400;\">Risin\u0101jums &#8211; k<\/span><span style=\"font-weight: 400;\">n\u0113s\u0101jot suprima apak\u0161ve\u013cu ar vienreizlietojamiem p\u0101rs\u0113jiem, j\u016bs main\u0101t tikai p\u0101rs\u0113jus.<\/span><\/p>\n<p style=\"text-align: left;\"><span style=\"font-weight: 400;\">P\u0101rs\u0113ji ir l\u0113t\u0101ki nek\u0101 vienreizlietojam\u0101s bikses. Turkl\u0101t kaklasaites rada maz\u0101k atkritumu nek\u0101 vienreizlietojam\u0101s bikses, un var teikt, ka t\u0101s ir videi draudz\u012bg\u0101ka ve\u013cas un kaklasaites kombin\u0101cija.  <\/span><\/p>\n\t\t<\/div>\n\t\t\t\t\t<\/div>\n\n\t\n<\/div>\n<div class=\"row\"  id=\"row-448720443\">\n\n\t<div id=\"col-1002570313\" class=\"col small-12 large-12\"  >\n\t\t\t\t<div class=\"col-inner\"  >\n\t\t\t\n\t\t\t\n<p style=\"text-align: left;\"><span style=\"font-weight: 400;\">Nep\u0101rtrauktas mazg\u0101\u0161anas priek\u0161roc\u012bbas:<\/span><\/p>\n<p style=\"text-align: left;\"><b>Rentabls<\/b><span style=\"font-weight: 400;\">. Mazg\u0101jam\u0101s bikses kalpo ilgi, jo t\u0101s var mazg\u0101t vair\u0101kas reizes. Tas padara tos par rentablu un iztur\u012bgu risin\u0101jumu. S\u0101kotn\u0113j\u0101 pirkuma cena var \u0161\u0137ist d\u0101rga, ta\u010du ilgtermi\u0146\u0101 mazg\u0101jam\u0101s apak\u0161bikses ir l\u0113t\u0101kas nek\u0101 vienreizlietojam\u0101 aizsardz\u012bba.<\/span><\/p>\n<p style=\"text-align: left;\"><b>Diskr\u0113ts.<\/b><span style=\"font-weight: 400;\">  Mazg\u0101jam\u0101s inkontinences bikses ir pl\u0101n\u0101kas, kas noz\u012bm\u0113, ka t\u0101s bie\u017ei vien ir diskr\u0113t\u0101kas un maz\u0101k paman\u0101mas. Mazg\u0101jam\u0101m biks\u0113m nav auti\u0146biks\u012b\u0161u izskata, un t\u0101s ir veidotas t\u0101, lai izskat\u012btos k\u0101 parastas bikses.<\/span><\/p>\n<p style=\"text-align: left;\"><b>Izskats.<\/b><span style=\"font-weight: 400;\">  Mazg\u0101jam\u0101 apak\u0161ve\u013ca ir da\u017e\u0101da stila. Gan v\u012brie\u0161i, gan sievietes atrad\u012bs sev piem\u0113rotu modeli. Ir gan bokseri, gan parastas biks\u012btes.<\/span><\/p>\n\t\t<\/div>\n\t\t\t\t\t<\/div>\n\n\t\n<\/div>\n\t\t<\/div>\n\t\t\t\t\t<\/div>\n\n\t\n<\/div>\n","protected":false},"excerpt":{"rendered":"<p style=\"text-align: left;\"><span style=\"color: #000000; font-size: 75%;\">Inkontinences mazg\u0101\u0161anas l\u012bdzeklis v\u012brie\u0161iem ar ieb\u016bv\u0113tu absorb\u0113jo\u0161u spilventi\u0146u.<\/span><\/p>\n<p><img decoding=\"async\" class=\"alignnone wp-image-10971 size-full\" src=\"https:\/\/meditex.ee\/wp-content\/uploads\/2020\/10\/tilk1.png\" alt=\"\" width=\"140\" height=\"36\"><\/p>\n","protected":false},"featured_media":15537,"template":"","meta":[],"product_brand":[],"product_cat":[496],"product_tag":[587,507],"class_list":{"0":"post-17025","1":"product","2":"type-product","3":"status-publish","4":"has-post-thumbnail","6":"product_cat-nesaturesanas-vela","7":"product_tag-suprima-lv","8":"product_tag-viriesi","10":"first","11":"instock","12":"taxable","13":"shipping-taxable","14":"purchasable","15":"product-type-variable"},"yoast_head":"<!-- This site is optimized with the Yoast SEO plugin v27.3 - https:\/\/yoast.com\/product\/yoast-seo-wordpress\/ -->\n<title>Inkontinences apak\u0161ve\u013ca v\u012brie\u0161iem ar ieb\u016bv\u0113tu absorb\u0113jo\u0161u spilventi\u0146u Bodyguard-light<\/title>\n<meta name=\"description\" content=\"V\u012brie\u0161iem paredz\u0113t\u0101 apak\u0161ve\u013ca ar absorb\u0113jo\u0161u polster\u0113jumu nodro\u0161ina, ka v\u012brie\u0161i ar vieglu inkontinenci var bez probl\u0113m\u0101m piedal\u012bties ikdienas aktivit\u0101t\u0113s.\" \/>\n<meta name=\"robots\" content=\"index, follow, max-snippet:-1, max-image-preview:large, max-video-preview:-1\" \/>\n<link rel=\"canonical\" href=\"https:\/\/meditex.ee\/lv\/produkts\/bodyguard_light\/\" \/>\n<meta property=\"og:locale\" content=\"lv_LV\" \/>\n<meta property=\"og:type\" content=\"article\" \/>\n<meta property=\"og:title\" content=\"Inkontinences apak\u0161ve\u013ca v\u012brie\u0161iem ar ieb\u016bv\u0113tu absorb\u0113jo\u0161u spilventi\u0146u Bodyguard-light\" \/>\n<meta property=\"og:description\" content=\"V\u012brie\u0161iem paredz\u0113t\u0101 apak\u0161ve\u013ca ar absorb\u0113jo\u0161u polster\u0113jumu nodro\u0161ina, ka v\u012brie\u0161i ar vieglu inkontinenci var bez probl\u0113m\u0101m piedal\u012bties ikdienas aktivit\u0101t\u0113s.\" \/>\n<meta property=\"og:url\" content=\"https:\/\/meditex.ee\/lv\/produkts\/bodyguard_light\/\" \/>\n<meta property=\"og:site_name\" content=\"Meditex\" \/>\n<meta property=\"article:publisher\" content=\"https:\/\/www.facebook.com\/meditexepood\/\" \/>\n<meta property=\"article:modified_time\" content=\"2023-08-10T08:45:30+00:00\" \/>\n<meta property=\"og:image\" content=\"https:\/\/meditex.ee\/wp-content\/uploads\/2021\/12\/suprima_1256-001_H-2.jpg\" \/>\n\t<meta property=\"og:image:width\" content=\"1063\" \/>\n\t<meta property=\"og:image:height\" content=\"1063\" \/>\n\t<meta property=\"og:image:type\" content=\"image\/jpeg\" \/>\n<meta name=\"twitter:card\" content=\"summary_large_image\" \/>\n<meta name=\"twitter:label1\" content=\"Est. reading time\" \/>\n\t<meta name=\"twitter:data1\" content=\"3 minutes\" \/>\n<script type=\"application\/ld+json\" class=\"yoast-schema-graph\">{\"@context\":\"https:\\\/\\\/schema.org\",\"@graph\":[{\"@type\":\"WebPage\",\"@id\":\"https:\\\/\\\/meditex.ee\\\/lv\\\/produkts\\\/bodyguard_light\\\/\",\"url\":\"https:\\\/\\\/meditex.ee\\\/lv\\\/produkts\\\/bodyguard_light\\\/\",\"name\":\"Inkontinences apak\u0161ve\u013ca v\u012brie\u0161iem ar ieb\u016bv\u0113tu absorb\u0113jo\u0161u spilventi\u0146u Bodyguard-light\",\"isPartOf\":{\"@id\":\"https:\\\/\\\/meditex.ee\\\/en\\\/#website\"},\"primaryImageOfPage\":{\"@id\":\"https:\\\/\\\/meditex.ee\\\/lv\\\/produkts\\\/bodyguard_light\\\/#primaryimage\"},\"image\":{\"@id\":\"https:\\\/\\\/meditex.ee\\\/lv\\\/produkts\\\/bodyguard_light\\\/#primaryimage\"},\"thumbnailUrl\":\"https:\\\/\\\/meditex.ee\\\/wp-content\\\/uploads\\\/2021\\\/12\\\/suprima_1256-001_H-2.jpg\",\"datePublished\":\"2023-07-31T10:25:31+00:00\",\"dateModified\":\"2023-08-10T08:45:30+00:00\",\"description\":\"V\u012brie\u0161iem paredz\u0113t\u0101 apak\u0161ve\u013ca ar absorb\u0113jo\u0161u polster\u0113jumu nodro\u0161ina, ka v\u012brie\u0161i ar vieglu inkontinenci var bez probl\u0113m\u0101m piedal\u012bties ikdienas aktivit\u0101t\u0113s.\",\"breadcrumb\":{\"@id\":\"https:\\\/\\\/meditex.ee\\\/lv\\\/produkts\\\/bodyguard_light\\\/#breadcrumb\"},\"inLanguage\":\"lv-LV\",\"potentialAction\":[{\"@type\":\"ReadAction\",\"target\":[\"https:\\\/\\\/meditex.ee\\\/lv\\\/produkts\\\/bodyguard_light\\\/\"]}]},{\"@type\":\"ImageObject\",\"inLanguage\":\"lv-LV\",\"@id\":\"https:\\\/\\\/meditex.ee\\\/lv\\\/produkts\\\/bodyguard_light\\\/#primaryimage\",\"url\":\"https:\\\/\\\/meditex.ee\\\/wp-content\\\/uploads\\\/2021\\\/12\\\/suprima_1256-001_H-2.jpg\",\"contentUrl\":\"https:\\\/\\\/meditex.ee\\\/wp-content\\\/uploads\\\/2021\\\/12\\\/suprima_1256-001_H-2.jpg\",\"width\":1063,\"height\":1063},{\"@type\":\"BreadcrumbList\",\"@id\":\"https:\\\/\\\/meditex.ee\\\/lv\\\/produkts\\\/bodyguard_light\\\/#breadcrumb\",\"itemListElement\":[{\"@type\":\"ListItem\",\"position\":1,\"name\":\"Home\",\"item\":\"https:\\\/\\\/meditex.ee\\\/lv\\\/\"},{\"@type\":\"ListItem\",\"position\":2,\"name\":\"Veikals\",\"item\":\"https:\\\/\\\/meditex.ee\\\/lv\\\/veikals\\\/\"},{\"@type\":\"ListItem\",\"position\":3,\"name\":\"Inkontinences apak\u0161ve\u013ca v\u012brie\u0161iem ar ieb\u016bv\u0113tu absorb\u0113jo\u0161u spilventi\u0146u Bodyguard-light\"}]},{\"@type\":\"WebSite\",\"@id\":\"https:\\\/\\\/meditex.ee\\\/en\\\/#website\",\"url\":\"https:\\\/\\\/meditex.ee\\\/en\\\/\",\"name\":\"Meditex\",\"description\":\"\",\"publisher\":{\"@id\":\"https:\\\/\\\/meditex.ee\\\/en\\\/#organization\"},\"potentialAction\":[{\"@type\":\"SearchAction\",\"target\":{\"@type\":\"EntryPoint\",\"urlTemplate\":\"https:\\\/\\\/meditex.ee\\\/en\\\/?s={search_term_string}\"},\"query-input\":{\"@type\":\"PropertyValueSpecification\",\"valueRequired\":true,\"valueName\":\"search_term_string\"}}],\"inLanguage\":\"lv-LV\"},{\"@type\":\"Organization\",\"@id\":\"https:\\\/\\\/meditex.ee\\\/en\\\/#organization\",\"name\":\"Meditex\",\"url\":\"https:\\\/\\\/meditex.ee\\\/en\\\/\",\"logo\":{\"@type\":\"ImageObject\",\"inLanguage\":\"lv-LV\",\"@id\":\"https:\\\/\\\/meditex.ee\\\/en\\\/#\\\/schema\\\/logo\\\/image\\\/\",\"url\":\"https:\\\/\\\/meditex.ee\\\/wp-content\\\/uploads\\\/2018\\\/03\\\/mdtx_logo.png\",\"contentUrl\":\"https:\\\/\\\/meditex.ee\\\/wp-content\\\/uploads\\\/2018\\\/03\\\/mdtx_logo.png\",\"width\":669,\"height\":235,\"caption\":\"Meditex\"},\"image\":{\"@id\":\"https:\\\/\\\/meditex.ee\\\/en\\\/#\\\/schema\\\/logo\\\/image\\\/\"},\"sameAs\":[\"https:\\\/\\\/www.facebook.com\\\/meditexepood\\\/\"]}]}<\/script>\n<!-- \/ Yoast SEO plugin. -->","yoast_head_json":{"title":"Inkontinences apak\u0161ve\u013ca v\u012brie\u0161iem ar ieb\u016bv\u0113tu absorb\u0113jo\u0161u spilventi\u0146u Bodyguard-light","description":"V\u012brie\u0161iem paredz\u0113t\u0101 apak\u0161ve\u013ca ar absorb\u0113jo\u0161u polster\u0113jumu nodro\u0161ina, ka v\u012brie\u0161i ar vieglu inkontinenci var bez probl\u0113m\u0101m piedal\u012bties ikdienas aktivit\u0101t\u0113s.","robots":{"index":"index","follow":"follow","max-snippet":"max-snippet:-1","max-image-preview":"max-image-preview:large","max-video-preview":"max-video-preview:-1"},"canonical":"https:\/\/meditex.ee\/lv\/produkts\/bodyguard_light\/","og_locale":"lv_LV","og_type":"article","og_title":"Inkontinences apak\u0161ve\u013ca v\u012brie\u0161iem ar ieb\u016bv\u0113tu absorb\u0113jo\u0161u spilventi\u0146u Bodyguard-light","og_description":"V\u012brie\u0161iem paredz\u0113t\u0101 apak\u0161ve\u013ca ar absorb\u0113jo\u0161u polster\u0113jumu nodro\u0161ina, ka v\u012brie\u0161i ar vieglu inkontinenci var bez probl\u0113m\u0101m piedal\u012bties ikdienas aktivit\u0101t\u0113s.","og_url":"https:\/\/meditex.ee\/lv\/produkts\/bodyguard_light\/","og_site_name":"Meditex","article_publisher":"https:\/\/www.facebook.com\/meditexepood\/","article_modified_time":"2023-08-10T08:45:30+00:00","og_image":[{"width":1063,"height":1063,"url":"https:\/\/meditex.ee\/wp-content\/uploads\/2021\/12\/suprima_1256-001_H-2.jpg","type":"image\/jpeg"}],"twitter_card":"summary_large_image","twitter_misc":{"Est. reading time":"3 minutes"},"schema":{"@context":"https:\/\/schema.org","@graph":[{"@type":"WebPage","@id":"https:\/\/meditex.ee\/lv\/produkts\/bodyguard_light\/","url":"https:\/\/meditex.ee\/lv\/produkts\/bodyguard_light\/","name":"Inkontinences apak\u0161ve\u013ca v\u012brie\u0161iem ar ieb\u016bv\u0113tu absorb\u0113jo\u0161u spilventi\u0146u Bodyguard-light","isPartOf":{"@id":"https:\/\/meditex.ee\/en\/#website"},"primaryImageOfPage":{"@id":"https:\/\/meditex.ee\/lv\/produkts\/bodyguard_light\/#primaryimage"},"image":{"@id":"https:\/\/meditex.ee\/lv\/produkts\/bodyguard_light\/#primaryimage"},"thumbnailUrl":"https:\/\/meditex.ee\/wp-content\/uploads\/2021\/12\/suprima_1256-001_H-2.jpg","datePublished":"2023-07-31T10:25:31+00:00","dateModified":"2023-08-10T08:45:30+00:00","description":"V\u012brie\u0161iem paredz\u0113t\u0101 apak\u0161ve\u013ca ar absorb\u0113jo\u0161u polster\u0113jumu nodro\u0161ina, ka v\u012brie\u0161i ar vieglu inkontinenci var bez probl\u0113m\u0101m piedal\u012bties ikdienas aktivit\u0101t\u0113s.","breadcrumb":{"@id":"https:\/\/meditex.ee\/lv\/produkts\/bodyguard_light\/#breadcrumb"},"inLanguage":"lv-LV","potentialAction":[{"@type":"ReadAction","target":["https:\/\/meditex.ee\/lv\/produkts\/bodyguard_light\/"]}]},{"@type":"ImageObject","inLanguage":"lv-LV","@id":"https:\/\/meditex.ee\/lv\/produkts\/bodyguard_light\/#primaryimage","url":"https:\/\/meditex.ee\/wp-content\/uploads\/2021\/12\/suprima_1256-001_H-2.jpg","contentUrl":"https:\/\/meditex.ee\/wp-content\/uploads\/2021\/12\/suprima_1256-001_H-2.jpg","width":1063,"height":1063},{"@type":"BreadcrumbList","@id":"https:\/\/meditex.ee\/lv\/produkts\/bodyguard_light\/#breadcrumb","itemListElement":[{"@type":"ListItem","position":1,"name":"Home","item":"https:\/\/meditex.ee\/lv\/"},{"@type":"ListItem","position":2,"name":"Veikals","item":"https:\/\/meditex.ee\/lv\/veikals\/"},{"@type":"ListItem","position":3,"name":"Inkontinences apak\u0161ve\u013ca v\u012brie\u0161iem ar ieb\u016bv\u0113tu absorb\u0113jo\u0161u spilventi\u0146u Bodyguard-light"}]},{"@type":"WebSite","@id":"https:\/\/meditex.ee\/en\/#website","url":"https:\/\/meditex.ee\/en\/","name":"Meditex","description":"","publisher":{"@id":"https:\/\/meditex.ee\/en\/#organization"},"potentialAction":[{"@type":"SearchAction","target":{"@type":"EntryPoint","urlTemplate":"https:\/\/meditex.ee\/en\/?s={search_term_string}"},"query-input":{"@type":"PropertyValueSpecification","valueRequired":true,"valueName":"search_term_string"}}],"inLanguage":"lv-LV"},{"@type":"Organization","@id":"https:\/\/meditex.ee\/en\/#organization","name":"Meditex","url":"https:\/\/meditex.ee\/en\/","logo":{"@type":"ImageObject","inLanguage":"lv-LV","@id":"https:\/\/meditex.ee\/en\/#\/schema\/logo\/image\/","url":"https:\/\/meditex.ee\/wp-content\/uploads\/2018\/03\/mdtx_logo.png","contentUrl":"https:\/\/meditex.ee\/wp-content\/uploads\/2018\/03\/mdtx_logo.png","width":669,"height":235,"caption":"Meditex"},"image":{"@id":"https:\/\/meditex.ee\/en\/#\/schema\/logo\/image\/"},"sameAs":["https:\/\/www.facebook.com\/meditexepood\/"]}]}},"_links":{"self":[{"href":"https:\/\/meditex.ee\/lv\/wp-json\/wp\/v2\/product\/17025","targetHints":{"allow":["GET"]}}],"collection":[{"href":"https:\/\/meditex.ee\/lv\/wp-json\/wp\/v2\/product"}],"about":[{"href":"https:\/\/meditex.ee\/lv\/wp-json\/wp\/v2\/types\/product"}],"wp:featuredmedia":[{"embeddable":true,"href":"https:\/\/meditex.ee\/lv\/wp-json\/wp\/v2\/media\/15537"}],"wp:attachment":[{"href":"https:\/\/meditex.ee\/lv\/wp-json\/wp\/v2\/media?parent=17025"}],"wp:term":[{"taxonomy":"product_brand","embeddable":true,"href":"https:\/\/meditex.ee\/lv\/wp-json\/wp\/v2\/product_brand?post=17025"},{"taxonomy":"product_cat","embeddable":true,"href":"https:\/\/meditex.ee\/lv\/wp-json\/wp\/v2\/product_cat?post=17025"},{"taxonomy":"product_tag","embeddable":true,"href":"https:\/\/meditex.ee\/lv\/wp-json\/wp\/v2\/product_tag?post=17025"}],"curies":[{"name":"wp","href":"https:\/\/api.w.org\/{rel}","templated":true}]}}