{"id":17024,"date":"2020-12-08T06:39:38","date_gmt":"2023-07-31T10:25:31","guid":{"rendered":"https:\/\/meditex.ee\/product\/grutniecibas-atbalsta-josta\/"},"modified":"2025-05-07T16:36:20","modified_gmt":"2025-05-07T16:36:20","slug":"grutniecibas-konsultacijas","status":"publish","type":"product","link":"https:\/\/meditex.ee\/lv\/produkts\/grutniecibas-konsultacijas\/","title":{"rendered":"Gr\u016btniec\u012bbas atbalsta josta"},"content":{"rendered":"<div class=\"row row-small align-bottom\"  id=\"row-1348899059\">\n\n\t<div id=\"col-2142336854\" class=\"col medium-4 small-12 large-4\"  >\n\t\t\t\t<div class=\"col-inner text-left\"  >\n\t\t\t\n\t\t\t\n\t\t<\/div>\n\t\t\t\t\t<\/div>\n\n\t\n\n\t<div id=\"col-2020694306\" class=\"col medium-4 small-12 large-4\"  >\n\t\t\t\t<div class=\"col-inner\"  >\n\t\t\t\n\t\t\t\n\t\t<\/div>\n\t\t\t\t\t<\/div>\n\n\t\n\n\t<div id=\"col-1195184427\" class=\"col medium-4 small-12 large-4\"  >\n\t\t\t\t<div class=\"col-inner text-right\"  >\n\t\t\t\n\t\t\t\n\t<div class=\"img has-hover x md-x lg-x y md-y lg-y\" id=\"image_538492028\">\n\t\t\t\t\t\t\t\t<div class=\"img-inner dark\" >\n\t\t\t<img decoding=\"async\" width=\"1020\" height=\"315\" src=\"https:\/\/meditex.ee\/wp-content\/uploads\/2018\/03\/CAREFIX_PAYOFF_4F-1400x433.png\" class=\"attachment-large size-large\" alt=\"\" srcset=\"https:\/\/meditex.ee\/wp-content\/uploads\/2018\/03\/CAREFIX_PAYOFF_4F-1400x433.png 1400w, https:\/\/meditex.ee\/wp-content\/uploads\/2018\/03\/CAREFIX_PAYOFF_4F-510x158.png 510w, https:\/\/meditex.ee\/wp-content\/uploads\/2018\/03\/CAREFIX_PAYOFF_4F-800x248.png 800w, https:\/\/meditex.ee\/wp-content\/uploads\/2018\/03\/CAREFIX_PAYOFF_4F-768x238.png 768w, https:\/\/meditex.ee\/wp-content\/uploads\/2018\/03\/CAREFIX_PAYOFF_4F-600x186.png 600w, https:\/\/meditex.ee\/wp-content\/uploads\/2018\/03\/CAREFIX_PAYOFF_4F.png 2038w\" sizes=\"(max-width: 1020px) 100vw, 1020px\" \/>\t\t\t\t\t\t\n\t\t\t\t\t<\/div>\n\t\t\t\t\t\t\t\t\n<style>\n#image_538492028 {\n  width: 50%;\n}\n<\/style>\n\t<\/div>\n\t\n\t\t<\/div>\n\t\t\t\t\t<\/div>\n\n\t\n<\/div>\n<h3 style=\"text-align: left;\" data-fontsize=\"16\" data-lineheight=\"19\">Carefix gr\u016btniec\u012bbas atbalsta josta<\/h3>\n<p style=\"text-align: left;\" data-fontsize=\"16\" data-lineheight=\"19\"><span style=\"color: #000000;\">P\u0113d\u0113jos gr\u016btniec\u012bbas m\u0113ne\u0161os daudzas sievietes izj\u016bt vajadz\u012bbu p\u0113c papildu atbalsta un atvieglojuma v\u0113dera smaguma saj\u016btai. Gr\u016btnie\u010du atbalsta josta ne tikai balsta v\u0113deru, bet ar\u012b papla\u0161in\u0101s, v\u0113deram augot, vienm\u0113r nodro\u0161inot pareizo atbalstu.<\/span><\/p>\n<p style=\"text-align: left;\" data-fontsize=\"16\" data-lineheight=\"19\"><span style=\"color: #000000;\">Tas rada siltuma saj\u016btu, kas pal\u012bdz mazin\u0101t musku\u013cu un muguras s\u0101pes.<\/span><\/p>\n<p style=\"text-align: left;\" data-fontsize=\"16\" data-lineheight=\"19\"><span style=\"color: #000000;\">Gr\u016btnie\u010du atbalsta jostai ir trikot\u0101\u017eas atbalsts un gludas malas, kas nodro\u0161ina komfortu. Materi\u0101ls stiepjas \u010detros virzienos un izple\u0161as l\u012bdz ar augo\u0161o v\u0113deru, vienm\u0113r sniedzot pareizo atbalstu un neradot p\u0101r\u0101k cie\u0161u saj\u016btu.<\/span><\/p>\n<p style=\"text-align: left;\" data-fontsize=\"16\" data-lineheight=\"19\"><span style=\"color: #000000;\">Lieliskais gr\u016btnie\u010du atbalsta jostas dizains nodro\u0161ina, ka t\u0101 cie\u0161i piegu\u013c \u0137ermenim, kas v\u0113l vair\u0101k uzlabo komfortu un padara to \u013coti diskr\u0113tu valk\u0101\u0161anu.<\/span><\/p>\n<p style=\"text-align: left;\" data-fontsize=\"16\" data-lineheight=\"19\"><span style=\"color: #000000;\"><strong>T\u012aKSTA MATERI\u0100LS: <\/strong>91% poliam\u012bds, 9% elast\u0101ns.<\/span><\/p>\n<h4 style=\"text-align: left;\"><strong>IEZ\u012aMES:<\/strong><\/h4>\n<div class=\"row align-middle\"  id=\"row-1926086450\">\n\n\t<div id=\"col-1036480443\" class=\"col small-12 large-12\"  >\n\t\t\t\t<div class=\"col-inner\"  >\n\t\t\t\n\t\t\t\n<p style=\"text-align: left;\"><span style=\"color: #000000;\"><img decoding=\"async\" class=\"alignnone wp-image-11889\" src=\"https:\/\/meditex.ee\/wp-content\/uploads\/2020\/12\/shaping_zones-400x400.png\" alt=\"\" width=\"76\" height=\"76\" srcset=\"https:\/\/meditex.ee\/wp-content\/uploads\/2020\/12\/shaping_zones-400x400.png 400w, https:\/\/meditex.ee\/wp-content\/uploads\/2020\/12\/shaping_zones-100x100.png 100w, https:\/\/meditex.ee\/wp-content\/uploads\/2020\/12\/shaping_zones-280x280.png 280w, https:\/\/meditex.ee\/wp-content\/uploads\/2020\/12\/shaping_zones-300x300.png 300w, https:\/\/meditex.ee\/wp-content\/uploads\/2020\/12\/shaping_zones.png 440w\" sizes=\"(max-width: 76px) 100vw, 76px\" \/>   <strong>Atbalsta zonas<\/strong> &#8211; <span style=\"font-size: 95%;\">nodro\u0161ina v\u0113deram pareizo atbalstu pareizaj\u0101s viet\u0101s<\/span>.<\/span><\/p>\n<p style=\"text-align: left;\"><span style=\"color: #000000;\"><img decoding=\"async\" class=\"alignnone wp-image-11885\" src=\"https:\/\/meditex.ee\/wp-content\/uploads\/2020\/12\/breathability-280x280.png\" alt=\"\" width=\"76\" height=\"76\" srcset=\"https:\/\/meditex.ee\/wp-content\/uploads\/2020\/12\/breathability-280x280.png 280w, https:\/\/meditex.ee\/wp-content\/uploads\/2020\/12\/breathability-100x100.png 100w, https:\/\/meditex.ee\/wp-content\/uploads\/2020\/12\/breathability-401x400.png 401w, https:\/\/meditex.ee\/wp-content\/uploads\/2020\/12\/breathability-300x300.png 300w, https:\/\/meditex.ee\/wp-content\/uploads\/2020\/12\/breathability.png 441w\" sizes=\"(max-width: 76px) 100vw, 76px\" \/>   <strong>Elpojo\u0161s<\/strong> &#8211; <span style=\"font-size: 95%;\">uzlabo \u0101das draudz\u012bgumu un komfortu, jo tas nerada mitrumu<\/span>.<\/span><\/p>\n<p style=\"text-align: left;\"><span style=\"color: #000000;\"><img decoding=\"async\" class=\"alignnone wp-image-11881\" src=\"https:\/\/meditex.ee\/wp-content\/uploads\/2020\/12\/4-way_stretch-280x280.png\" alt=\"\" width=\"76\" height=\"76\" srcset=\"https:\/\/meditex.ee\/wp-content\/uploads\/2020\/12\/4-way_stretch-280x280.png 280w, https:\/\/meditex.ee\/wp-content\/uploads\/2020\/12\/4-way_stretch-100x100.png 100w, https:\/\/meditex.ee\/wp-content\/uploads\/2020\/12\/4-way_stretch-401x400.png 401w, https:\/\/meditex.ee\/wp-content\/uploads\/2020\/12\/4-way_stretch-300x300.png 300w, https:\/\/meditex.ee\/wp-content\/uploads\/2020\/12\/4-way_stretch.png 441w\" sizes=\"(max-width: 76px) 100vw, 76px\" \/>   <strong>4-virzienu stiep\u0161an\u0101s<\/strong> &#8211;  <span style=\"font-size: 95%;\">materi\u0101ls piel\u0101gojas un dabiski izple\u0161as ku\u0146\u0123\u012b. \u013boti svar\u012bgi saglab\u0101t komfortu un nemain\u012bgu atbalstu.<\/span><\/span><\/p>\n<p style=\"text-align: left;\"><span style=\"color: #000000;\"><img decoding=\"async\" class=\"alignnone wp-image-11877\" src=\"https:\/\/meditex.ee\/wp-content\/uploads\/2020\/12\/SeamlessNEW-280x280.png\" alt=\"\" width=\"76\" height=\"76\" srcset=\"https:\/\/meditex.ee\/wp-content\/uploads\/2020\/12\/SeamlessNEW-280x280.png 280w, https:\/\/meditex.ee\/wp-content\/uploads\/2020\/12\/SeamlessNEW-100x100.png 100w, https:\/\/meditex.ee\/wp-content\/uploads\/2020\/12\/SeamlessNEW-400x400.png 400w, https:\/\/meditex.ee\/wp-content\/uploads\/2020\/12\/SeamlessNEW-300x300.png 300w, https:\/\/meditex.ee\/wp-content\/uploads\/2020\/12\/SeamlessNEW.png 440w\" sizes=\"(max-width: 76px) 100vw, 76px\" \/>   <b>Bez\u0161uvju <\/b>&#8211;  <span style=\"font-size: 95%;\">nodro\u0161ina maksim\u0101lu vieglumu un komfortu \u0101dai. Izvair\u0101s no kairino\u0161\u0101m spiediena p\u0113d\u0101m un berzes.<\/span> <\/span><\/p>\n<p style=\"text-align: left;\"><span style=\"color: #000000;\"><img decoding=\"async\" class=\"alignnone wp-image-11873\" src=\"https:\/\/meditex.ee\/wp-content\/uploads\/2020\/12\/latex_free_zone-280x280.png\" alt=\"\" width=\"76\" height=\"76\" srcset=\"https:\/\/meditex.ee\/wp-content\/uploads\/2020\/12\/latex_free_zone-280x280.png 280w, https:\/\/meditex.ee\/wp-content\/uploads\/2020\/12\/latex_free_zone-100x100.png 100w, https:\/\/meditex.ee\/wp-content\/uploads\/2020\/12\/latex_free_zone-400x400.png 400w, https:\/\/meditex.ee\/wp-content\/uploads\/2020\/12\/latex_free_zone-300x300.png 300w, https:\/\/meditex.ee\/wp-content\/uploads\/2020\/12\/latex_free_zone.png 440w\" sizes=\"(max-width: 76px) 100vw, 76px\" \/>   <strong>Bez lateksa<\/strong><b> <\/b>&#8211;  <span style=\"font-size: 95%;\">lai nodro\u0161in\u0101tu optim\u0101lu \u0101dai draudz\u012bgu lieto\u0161anu. Produkts ir dro\u0161s.<\/span><\/span><\/p>\n\t\t<\/div>\n\t\t\t\t\t<\/div>\n\n\t\n<\/div>\n<h4><strong>IZM\u0112RI:<\/strong><\/h4>\n<div style=\"text-align: left;\"><span style=\"color: #000000;\">Izm\u0113riet gurnus vispla\u0161\u0101kaj\u0101 viet\u0101, k\u0101 par\u0101d\u012bts att\u0113l\u0101.<\/span><\/div>\n<div style=\"text-align: left;\"><span style=\"color: #000000;\">Izmantojiet zem\u0101k redzamo izm\u0113ru tabulu, lai atrastu j\u016bsu gurnu apk\u0101rtm\u0113ram atbilsto\u0161u jostas izm\u0113ru.<\/span><\/div>\n\t<div id=\"gap-1025851173\" class=\"gap-element clearfix\" style=\"display:block; height:auto;\">\n\t\t\n<style>\n#gap-1025851173 {\n  padding-top: 30px;\n}\n<\/style>\n\t<\/div>\n\t\n<div class=\"row\"  id=\"row-683582912\">\n\n\t<div id=\"col-96108198\" class=\"col medium-3 small-12 large-3\"  >\n\t\t\t\t<div class=\"col-inner\"  >\n\t\t\t\n\t\t\t\n\t<div class=\"img has-hover x md-x lg-x y md-y lg-y\" id=\"image_1978080487\">\n\t\t\t\t\t\t\t\t<div class=\"img-inner dark\" >\n\t\t\t<img decoding=\"async\" width=\"296\" height=\"676\" src=\"https:\/\/meditex.ee\/wp-content\/uploads\/2020\/12\/Measure_hips.jpg\" class=\"attachment-large size-large\" alt=\"\" srcset=\"https:\/\/meditex.ee\/wp-content\/uploads\/2020\/12\/Measure_hips.jpg 296w, https:\/\/meditex.ee\/wp-content\/uploads\/2020\/12\/Measure_hips-175x400.jpg 175w\" sizes=\"(max-width: 296px) 100vw, 296px\" \/>\t\t\t\t\t\t\n\t\t\t\t\t<\/div>\n\t\t\t\t\t\t\t\t\n<style>\n#image_1978080487 {\n  width: 70%;\n}\n<\/style>\n\t<\/div>\n\t\n\t\t<\/div>\n\t\t\t\t\t<\/div>\n\n\t\n\n\t<div id=\"col-1427045652\" class=\"col medium-9 small-12 large-9\"  >\n\t\t\t\t<div class=\"col-inner text-center\"  >\n\t\t\t\n\t\t\t\n\t<div id=\"gap-1600174196\" class=\"gap-element clearfix\" style=\"display:block; height:auto;\">\n\t\t\n<style>\n#gap-1600174196 {\n  padding-top: 50px;\n}\n<\/style>\n\t<\/div>\n\t\n\t<div class=\"img has-hover x md-x lg-x y md-y lg-y\" id=\"image_320802970\">\n\t\t\t\t\t\t\t\t<div class=\"img-inner dark\" >\n\t\t\t<img decoding=\"async\" width=\"726\" height=\"227\" src=\"https:\/\/meditex.ee\/wp-content\/uploads\/2020\/12\/Carefix_Str_Pregnancy_Support_Belt_BeltsEST.jpg\" class=\"attachment-large size-large\" alt=\"\" srcset=\"https:\/\/meditex.ee\/wp-content\/uploads\/2020\/12\/Carefix_Str_Pregnancy_Support_Belt_BeltsEST.jpg 726w, https:\/\/meditex.ee\/wp-content\/uploads\/2020\/12\/Carefix_Str_Pregnancy_Support_Belt_BeltsEST-510x159.jpg 510w, https:\/\/meditex.ee\/wp-content\/uploads\/2020\/12\/Carefix_Str_Pregnancy_Support_Belt_BeltsEST-600x188.jpg 600w\" sizes=\"(max-width: 726px) 100vw, 726px\" \/>\t\t\t\t\t\t\n\t\t\t\t\t<\/div>\n\t\t\t\t\t\t\t\t\n<style>\n#image_320802970 {\n  width: 100%;\n}\n<\/style>\n\t<\/div>\n\t\n\t\t<\/div>\n\t\t\t\t\t<\/div>\n\n\t\n<\/div>\n<p style=\"text-align: left;\"><span style=\"color: #000000;\"><strong>Gr\u016btniec\u012bbas un dzemd\u012bbu un p\u0113cdzemd\u012bbu produkti, kas koncentr\u0113jas uz komfortu un funkcionalit\u0101ti.<\/strong><\/span><\/p>\n<p style=\"text-align: left;\"><span style=\"color: #000000;\"><span style=\"font-weight: 400;\">Carefix apak\u0161ve\u013ca gr\u016btniec\u0113m pied\u0101v\u0101 bez\u0161uvju un m\u012bkstu komfortu gr\u016btniec\u012bbas laik\u0101 un p\u0113c dzemd\u012bb\u0101m.<\/span><span style=\"font-weight: 400;\">  Gr\u016btniec\u012bbas un dzemd\u012bbu kop\u0161anas l\u012bdzek\u013ci ir r\u016bp\u012bgi izstr\u0101d\u0101ti, \u0146emot v\u0113r\u0101 sievietes \u0137ermeni, k\u0101 ar\u012b \u0137erme\u0146a izmai\u0146as un ar t\u0101m saist\u012bt\u0101s probl\u0113mas, ar kur\u0101m sievietes saskaras gr\u016btniec\u012bbas un p\u0113cdzemd\u012bbu period\u0101.<\/span><\/span><\/p>\n<p style=\"text-align: left;\"><span style=\"font-weight: 400; color: #000000;\">Carefix gr\u016btnie\u010du ve\u013cas mazg\u0101jam\u0101 ma\u0161\u012bna atbilst uz\u0146\u0113muma filozofijai par \u012bpa\u0161i \u0113rtiem un \u013coti funkcion\u0101liem produktiem.<\/span><\/p>\n<p style=\"text-align: left;\"><span style=\"font-weight: 400; color: #000000;\">Izstr\u0101d\u0101jumi ir izgatavoti no \u012bpa\u0161a poliam\u012bda (vai poliestera) un elast\u0101na mais\u012bjuma, kas tiem pie\u0161\u0137ir z\u012bdainu saj\u016btu un pievilc\u012bgu izskatu.<\/span><\/p>\n<p style=\"text-align: left;\"><span style=\"font-weight: 400; color: #000000;\">Poliam\u012bds nodro\u0161ina m\u012bkstu un gludu apdari, savuk\u0101rt elast\u0101ns nodro\u0161ina optim\u0101lu atbalstu un piegulumu. Rezult\u0101ts ir elpojo\u0161i, \u0101tri \u017e\u016bsto\u0161i izstr\u0101d\u0101jumi, kas piel\u0101gojas main\u012bgajai \u0137erme\u0146a formai, izple\u0161oties vai sarau\u0161oties.<\/span><\/p>\n\t<div id=\"gap-1441701589\" class=\"gap-element clearfix\" style=\"display:block; height:auto;\">\n\t\t\n<style>\n#gap-1441701589 {\n  padding-top: 30px;\n}\n<\/style>\n\t<\/div>\n\t\n<p style=\"text-align: left;\"><span style=\"color: #000000;\">Inform\u0101cija ra\u017eot\u0101ja t\u012bmek\u013ca vietn\u0113:<\/span> <a href=\"https:\/\/tytex.com\/products\/maternity-care\/pregnancy-support-belt\">https:\/\/tytex.com\/products\/maternity-care\/pregnancy-support-belt<\/a><\/p>\n<p>Vair\u0101k par Tytex lasiet \u0161eit <a href=\"https:\/\/meditex.ee\/lv\/?page_id=16364\">https:\/\/meditex.ee\/tytex\/<\/a><\/p>\n","protected":false},"excerpt":{"rendered":"<p style=\"text-align: left;\"><span style=\"font-size: 85%; color: #000000;\">Gr\u016btniec\u012bbas atbalsta josta, kas atbalsta v\u0113deru un samazina smaguma saj\u016btu.<\/span><\/p>\n","protected":false},"featured_media":15381,"template":"","meta":[],"product_brand":[],"product_cat":[497],"product_tag":[521],"class_list":{"0":"post-17024","1":"product","2":"type-product","3":"status-publish","4":"has-post-thumbnail","6":"product_cat-grutniecibas-un-dzemdibu-vela","7":"product_tag-carefix-lv","9":"first","10":"instock","11":"taxable","12":"shipping-taxable","13":"purchasable","14":"product-type-variable"},"yoast_head":"<!-- This site is optimized with the Yoast SEO plugin v27.3 - https:\/\/yoast.com\/product\/yoast-seo-wordpress\/ -->\n<title>Gr\u016btniec\u012bbas atbalsta josta no \u010detrvirzienu elast\u012bga materi\u0101la.<\/title>\n<meta name=\"description\" content=\"P\u0113d\u0113jos gr\u016btniec\u012bbas m\u0113ne\u0161os daudzas sievietes izj\u016bt nepiecie\u0161am\u012bbu p\u0113c papildu atbalsta v\u0113deram. Dzemd\u012bbu atbalsta josta atbalsta v\u0113deru un samazina smagumu.\" \/>\n<meta name=\"robots\" content=\"index, follow, max-snippet:-1, max-image-preview:large, max-video-preview:-1\" \/>\n<link rel=\"canonical\" href=\"https:\/\/meditex.ee\/lv\/product\/grutniecibas-konsultacijas\/\" \/>\n<meta property=\"og:locale\" content=\"lv_LV\" \/>\n<meta property=\"og:type\" content=\"article\" \/>\n<meta property=\"og:title\" content=\"Gr\u016btniec\u012bbas atbalsta josta no \u010detrvirzienu elast\u012bga materi\u0101la.\" \/>\n<meta property=\"og:description\" content=\"P\u0113d\u0113jos gr\u016btniec\u012bbas m\u0113ne\u0161os daudzas sievietes izj\u016bt nepiecie\u0161am\u012bbu p\u0113c papildu atbalsta v\u0113deram. Dzemd\u012bbu atbalsta josta atbalsta v\u0113deru un samazina smagumu.\" \/>\n<meta property=\"og:url\" content=\"https:\/\/meditex.ee\/lv\/product\/grutniecibas-konsultacijas\/\" \/>\n<meta property=\"og:site_name\" content=\"Meditex\" \/>\n<meta property=\"article:publisher\" content=\"https:\/\/www.facebook.com\/meditexepood\/\" \/>\n<meta property=\"article:modified_time\" content=\"2025-05-07T16:36:20+00:00\" \/>\n<meta property=\"og:image\" content=\"https:\/\/meditex.ee\/wp-content\/uploads\/2020\/12\/3394_bl_3397_bl_3398_bl_front.jpg\" \/>\n\t<meta property=\"og:image:width\" content=\"390\" \/>\n\t<meta property=\"og:image:height\" content=\"390\" \/>\n\t<meta property=\"og:image:type\" content=\"image\/jpeg\" \/>\n<meta name=\"twitter:card\" content=\"summary_large_image\" \/>\n<meta name=\"twitter:label1\" content=\"Est. reading time\" \/>\n\t<meta name=\"twitter:data1\" content=\"3 minutes\" \/>\n<script type=\"application\/ld+json\" class=\"yoast-schema-graph\">{\"@context\":\"https:\\\/\\\/schema.org\",\"@graph\":[{\"@type\":\"WebPage\",\"@id\":\"https:\\\/\\\/meditex.ee\\\/lv\\\/product\\\/grutniecibas-konsultacijas\\\/\",\"url\":\"https:\\\/\\\/meditex.ee\\\/lv\\\/product\\\/grutniecibas-konsultacijas\\\/\",\"name\":\"Gr\u016btniec\u012bbas atbalsta josta no \u010detrvirzienu elast\u012bga materi\u0101la.\",\"isPartOf\":{\"@id\":\"https:\\\/\\\/meditex.ee\\\/en\\\/#website\"},\"primaryImageOfPage\":{\"@id\":\"https:\\\/\\\/meditex.ee\\\/lv\\\/product\\\/grutniecibas-konsultacijas\\\/#primaryimage\"},\"image\":{\"@id\":\"https:\\\/\\\/meditex.ee\\\/lv\\\/product\\\/grutniecibas-konsultacijas\\\/#primaryimage\"},\"thumbnailUrl\":\"https:\\\/\\\/meditex.ee\\\/wp-content\\\/uploads\\\/2020\\\/12\\\/3394_bl_3397_bl_3398_bl_front.jpg\",\"datePublished\":\"2023-07-31T10:25:31+00:00\",\"dateModified\":\"2025-05-07T16:36:20+00:00\",\"description\":\"P\u0113d\u0113jos gr\u016btniec\u012bbas m\u0113ne\u0161os daudzas sievietes izj\u016bt nepiecie\u0161am\u012bbu p\u0113c papildu atbalsta v\u0113deram. Dzemd\u012bbu atbalsta josta atbalsta v\u0113deru un samazina smagumu.\",\"breadcrumb\":{\"@id\":\"https:\\\/\\\/meditex.ee\\\/lv\\\/product\\\/grutniecibas-konsultacijas\\\/#breadcrumb\"},\"inLanguage\":\"lv-LV\",\"potentialAction\":[{\"@type\":\"ReadAction\",\"target\":[\"https:\\\/\\\/meditex.ee\\\/lv\\\/product\\\/grutniecibas-konsultacijas\\\/\"]}]},{\"@type\":\"ImageObject\",\"inLanguage\":\"lv-LV\",\"@id\":\"https:\\\/\\\/meditex.ee\\\/lv\\\/product\\\/grutniecibas-konsultacijas\\\/#primaryimage\",\"url\":\"https:\\\/\\\/meditex.ee\\\/wp-content\\\/uploads\\\/2020\\\/12\\\/3394_bl_3397_bl_3398_bl_front.jpg\",\"contentUrl\":\"https:\\\/\\\/meditex.ee\\\/wp-content\\\/uploads\\\/2020\\\/12\\\/3394_bl_3397_bl_3398_bl_front.jpg\",\"width\":390,\"height\":390},{\"@type\":\"BreadcrumbList\",\"@id\":\"https:\\\/\\\/meditex.ee\\\/lv\\\/product\\\/grutniecibas-konsultacijas\\\/#breadcrumb\",\"itemListElement\":[{\"@type\":\"ListItem\",\"position\":1,\"name\":\"Home\",\"item\":\"https:\\\/\\\/meditex.ee\\\/lv\\\/\"},{\"@type\":\"ListItem\",\"position\":2,\"name\":\"Veikals\",\"item\":\"https:\\\/\\\/meditex.ee\\\/lv\\\/veikals\\\/\"},{\"@type\":\"ListItem\",\"position\":3,\"name\":\"Gr\u016btniec\u012bbas atbalsta josta\"}]},{\"@type\":\"WebSite\",\"@id\":\"https:\\\/\\\/meditex.ee\\\/en\\\/#website\",\"url\":\"https:\\\/\\\/meditex.ee\\\/en\\\/\",\"name\":\"Meditex\",\"description\":\"\",\"publisher\":{\"@id\":\"https:\\\/\\\/meditex.ee\\\/en\\\/#organization\"},\"potentialAction\":[{\"@type\":\"SearchAction\",\"target\":{\"@type\":\"EntryPoint\",\"urlTemplate\":\"https:\\\/\\\/meditex.ee\\\/en\\\/?s={search_term_string}\"},\"query-input\":{\"@type\":\"PropertyValueSpecification\",\"valueRequired\":true,\"valueName\":\"search_term_string\"}}],\"inLanguage\":\"lv-LV\"},{\"@type\":\"Organization\",\"@id\":\"https:\\\/\\\/meditex.ee\\\/en\\\/#organization\",\"name\":\"Meditex\",\"url\":\"https:\\\/\\\/meditex.ee\\\/en\\\/\",\"logo\":{\"@type\":\"ImageObject\",\"inLanguage\":\"lv-LV\",\"@id\":\"https:\\\/\\\/meditex.ee\\\/en\\\/#\\\/schema\\\/logo\\\/image\\\/\",\"url\":\"https:\\\/\\\/meditex.ee\\\/wp-content\\\/uploads\\\/2018\\\/03\\\/mdtx_logo.png\",\"contentUrl\":\"https:\\\/\\\/meditex.ee\\\/wp-content\\\/uploads\\\/2018\\\/03\\\/mdtx_logo.png\",\"width\":669,\"height\":235,\"caption\":\"Meditex\"},\"image\":{\"@id\":\"https:\\\/\\\/meditex.ee\\\/en\\\/#\\\/schema\\\/logo\\\/image\\\/\"},\"sameAs\":[\"https:\\\/\\\/www.facebook.com\\\/meditexepood\\\/\"]}]}<\/script>\n<!-- \/ Yoast SEO plugin. -->","yoast_head_json":{"title":"Gr\u016btniec\u012bbas atbalsta josta no \u010detrvirzienu elast\u012bga materi\u0101la.","description":"P\u0113d\u0113jos gr\u016btniec\u012bbas m\u0113ne\u0161os daudzas sievietes izj\u016bt nepiecie\u0161am\u012bbu p\u0113c papildu atbalsta v\u0113deram. Dzemd\u012bbu atbalsta josta atbalsta v\u0113deru un samazina smagumu.","robots":{"index":"index","follow":"follow","max-snippet":"max-snippet:-1","max-image-preview":"max-image-preview:large","max-video-preview":"max-video-preview:-1"},"canonical":"https:\/\/meditex.ee\/lv\/product\/grutniecibas-konsultacijas\/","og_locale":"lv_LV","og_type":"article","og_title":"Gr\u016btniec\u012bbas atbalsta josta no \u010detrvirzienu elast\u012bga materi\u0101la.","og_description":"P\u0113d\u0113jos gr\u016btniec\u012bbas m\u0113ne\u0161os daudzas sievietes izj\u016bt nepiecie\u0161am\u012bbu p\u0113c papildu atbalsta v\u0113deram. Dzemd\u012bbu atbalsta josta atbalsta v\u0113deru un samazina smagumu.","og_url":"https:\/\/meditex.ee\/lv\/product\/grutniecibas-konsultacijas\/","og_site_name":"Meditex","article_publisher":"https:\/\/www.facebook.com\/meditexepood\/","article_modified_time":"2025-05-07T16:36:20+00:00","og_image":[{"width":390,"height":390,"url":"https:\/\/meditex.ee\/wp-content\/uploads\/2020\/12\/3394_bl_3397_bl_3398_bl_front.jpg","type":"image\/jpeg"}],"twitter_card":"summary_large_image","twitter_misc":{"Est. reading time":"3 minutes"},"schema":{"@context":"https:\/\/schema.org","@graph":[{"@type":"WebPage","@id":"https:\/\/meditex.ee\/lv\/product\/grutniecibas-konsultacijas\/","url":"https:\/\/meditex.ee\/lv\/product\/grutniecibas-konsultacijas\/","name":"Gr\u016btniec\u012bbas atbalsta josta no \u010detrvirzienu elast\u012bga materi\u0101la.","isPartOf":{"@id":"https:\/\/meditex.ee\/en\/#website"},"primaryImageOfPage":{"@id":"https:\/\/meditex.ee\/lv\/product\/grutniecibas-konsultacijas\/#primaryimage"},"image":{"@id":"https:\/\/meditex.ee\/lv\/product\/grutniecibas-konsultacijas\/#primaryimage"},"thumbnailUrl":"https:\/\/meditex.ee\/wp-content\/uploads\/2020\/12\/3394_bl_3397_bl_3398_bl_front.jpg","datePublished":"2023-07-31T10:25:31+00:00","dateModified":"2025-05-07T16:36:20+00:00","description":"P\u0113d\u0113jos gr\u016btniec\u012bbas m\u0113ne\u0161os daudzas sievietes izj\u016bt nepiecie\u0161am\u012bbu p\u0113c papildu atbalsta v\u0113deram. Dzemd\u012bbu atbalsta josta atbalsta v\u0113deru un samazina smagumu.","breadcrumb":{"@id":"https:\/\/meditex.ee\/lv\/product\/grutniecibas-konsultacijas\/#breadcrumb"},"inLanguage":"lv-LV","potentialAction":[{"@type":"ReadAction","target":["https:\/\/meditex.ee\/lv\/product\/grutniecibas-konsultacijas\/"]}]},{"@type":"ImageObject","inLanguage":"lv-LV","@id":"https:\/\/meditex.ee\/lv\/product\/grutniecibas-konsultacijas\/#primaryimage","url":"https:\/\/meditex.ee\/wp-content\/uploads\/2020\/12\/3394_bl_3397_bl_3398_bl_front.jpg","contentUrl":"https:\/\/meditex.ee\/wp-content\/uploads\/2020\/12\/3394_bl_3397_bl_3398_bl_front.jpg","width":390,"height":390},{"@type":"BreadcrumbList","@id":"https:\/\/meditex.ee\/lv\/product\/grutniecibas-konsultacijas\/#breadcrumb","itemListElement":[{"@type":"ListItem","position":1,"name":"Home","item":"https:\/\/meditex.ee\/lv\/"},{"@type":"ListItem","position":2,"name":"Veikals","item":"https:\/\/meditex.ee\/lv\/veikals\/"},{"@type":"ListItem","position":3,"name":"Gr\u016btniec\u012bbas atbalsta josta"}]},{"@type":"WebSite","@id":"https:\/\/meditex.ee\/en\/#website","url":"https:\/\/meditex.ee\/en\/","name":"Meditex","description":"","publisher":{"@id":"https:\/\/meditex.ee\/en\/#organization"},"potentialAction":[{"@type":"SearchAction","target":{"@type":"EntryPoint","urlTemplate":"https:\/\/meditex.ee\/en\/?s={search_term_string}"},"query-input":{"@type":"PropertyValueSpecification","valueRequired":true,"valueName":"search_term_string"}}],"inLanguage":"lv-LV"},{"@type":"Organization","@id":"https:\/\/meditex.ee\/en\/#organization","name":"Meditex","url":"https:\/\/meditex.ee\/en\/","logo":{"@type":"ImageObject","inLanguage":"lv-LV","@id":"https:\/\/meditex.ee\/en\/#\/schema\/logo\/image\/","url":"https:\/\/meditex.ee\/wp-content\/uploads\/2018\/03\/mdtx_logo.png","contentUrl":"https:\/\/meditex.ee\/wp-content\/uploads\/2018\/03\/mdtx_logo.png","width":669,"height":235,"caption":"Meditex"},"image":{"@id":"https:\/\/meditex.ee\/en\/#\/schema\/logo\/image\/"},"sameAs":["https:\/\/www.facebook.com\/meditexepood\/"]}]}},"_links":{"self":[{"href":"https:\/\/meditex.ee\/lv\/wp-json\/wp\/v2\/product\/17024","targetHints":{"allow":["GET"]}}],"collection":[{"href":"https:\/\/meditex.ee\/lv\/wp-json\/wp\/v2\/product"}],"about":[{"href":"https:\/\/meditex.ee\/lv\/wp-json\/wp\/v2\/types\/product"}],"wp:featuredmedia":[{"embeddable":true,"href":"https:\/\/meditex.ee\/lv\/wp-json\/wp\/v2\/media\/15381"}],"wp:attachment":[{"href":"https:\/\/meditex.ee\/lv\/wp-json\/wp\/v2\/media?parent=17024"}],"wp:term":[{"taxonomy":"product_brand","embeddable":true,"href":"https:\/\/meditex.ee\/lv\/wp-json\/wp\/v2\/product_brand?post=17024"},{"taxonomy":"product_cat","embeddable":true,"href":"https:\/\/meditex.ee\/lv\/wp-json\/wp\/v2\/product_cat?post=17024"},{"taxonomy":"product_tag","embeddable":true,"href":"https:\/\/meditex.ee\/lv\/wp-json\/wp\/v2\/product_tag?post=17024"}],"curies":[{"name":"wp","href":"https:\/\/api.w.org\/{rel}","templated":true}]}}