{"id":16916,"date":"2018-03-27T11:32:35","date_gmt":"2023-07-31T10:25:04","guid":{"rendered":"https:\/\/meditex.ee\/product\/carefix-uzpildes-spilventini\/"},"modified":"2023-08-26T09:24:31","modified_gmt":"2023-08-26T09:24:31","slug":"salokamie-spilveni","status":"publish","type":"product","link":"https:\/\/meditex.ee\/lv\/produkts\/salokamie-spilveni\/","title":{"rendered":"Carefix uzpildes spilventi\u0146i"},"content":{"rendered":"<div class=\"row align-bottom\"  id=\"row-1728076293\">\n\n\t<div id=\"col-1169668848\" class=\"col medium-4 small-12 large-4\"  >\n\t\t\t\t<div class=\"col-inner\"  >\n\t\t\t\n\t\t\t\n\t\t<\/div>\n\t\t\t\t\t<\/div>\n\n\t\n\n\t<div id=\"col-2040136732\" class=\"col medium-4 small-12 large-4\"  >\n\t\t\t\t<div class=\"col-inner\"  >\n\t\t\t\n\t\t\t\n\t\t<\/div>\n\t\t\t\t\t<\/div>\n\n\t\n\n\t<div id=\"col-154294570\" class=\"col medium-4 small-12 large-4\"  >\n\t\t\t\t<div class=\"col-inner text-right\"  >\n\t\t\t\n\t\t\t\n\t<div class=\"img has-hover x md-x lg-x y md-y lg-y\" id=\"image_798415049\">\n\t\t\t\t\t\t\t\t<div class=\"img-inner dark\" >\n\t\t\t<img decoding=\"async\" width=\"1020\" height=\"315\" src=\"https:\/\/meditex.ee\/wp-content\/uploads\/2018\/03\/CAREFIX_PAYOFF_4F-1400x433.png\" class=\"attachment-large size-large\" alt=\"\" srcset=\"https:\/\/meditex.ee\/wp-content\/uploads\/2018\/03\/CAREFIX_PAYOFF_4F-1400x433.png 1400w, https:\/\/meditex.ee\/wp-content\/uploads\/2018\/03\/CAREFIX_PAYOFF_4F-510x158.png 510w, https:\/\/meditex.ee\/wp-content\/uploads\/2018\/03\/CAREFIX_PAYOFF_4F-800x248.png 800w, https:\/\/meditex.ee\/wp-content\/uploads\/2018\/03\/CAREFIX_PAYOFF_4F-768x238.png 768w, https:\/\/meditex.ee\/wp-content\/uploads\/2018\/03\/CAREFIX_PAYOFF_4F-600x186.png 600w, https:\/\/meditex.ee\/wp-content\/uploads\/2018\/03\/CAREFIX_PAYOFF_4F.png 2038w\" sizes=\"(max-width: 1020px) 100vw, 1020px\" \/>\t\t\t\t\t\t\n\t\t\t\t\t<\/div>\n\t\t\t\t\t\t\t\t\n<style>\n#image_798415049 {\n  width: 50%;\n}\n<\/style>\n\t<\/div>\n\t\n\t\t<\/div>\n\t\t\t\t\t<\/div>\n\n\t\n<\/div>\n<p style=\"text-align: left;\" data-fontsize=\"16\" data-lineheight=\"19\"><span style=\"color: #000000;\"><strong>APRAKSTS: <\/strong>Carefix spilventi\u0146i ir paredz\u0113ti lieto\u0161anai kabatas kr\u016b\u0161turos, piem\u0113ram, <a style=\"color: #000000;\" href=\"https:\/\/meditex.ee\/lv\/?post_type=product&#038;p=15610\">Mary<\/a>, <a style=\"color: #000000;\" href=\"https:\/\/meditex.ee\/lv\/?post_type=product&#038;p=15869\">Sophia<\/a> vai <a style=\"color: #000000;\" href=\"https:\/\/meditex.ee\/lv\/?post_type=product&#038;p=15618\">Mindy<\/a>.<\/span><\/p>\n<p style=\"text-align: left;\" data-fontsize=\"16\" data-lineheight=\"19\"><span style=\"color: #000000;\">Spilveni ir pild\u012bti ar vieglu \u0161\u0137iedru, un to izm\u0113ru var main\u012bt, no\u0146emot vajadz\u012bgo \u0161\u0137iedras daudzumu.<\/span><\/p>\n<p data-fontsize=\"16\" data-lineheight=\"19\"><img decoding=\"async\" class=\"alignnone size-full wp-image-557\" src=\"https:\/\/meditex.ee\/wp-content\/uploads\/2018\/03\/carefix-breast-puffs.png\" alt=\"\" width=\"323\" height=\"157\"><\/p>\n<p style=\"text-align: left;\" data-fontsize=\"16\" data-lineheight=\"19\"><span style=\"color: #000000;\"><strong>SAST\u0100VS:<\/strong> 92% kokvilna, 8% elast\u0101ns.<\/span><\/p>\n","protected":false},"excerpt":{"rendered":"<p style=\"text-align: left;\" data-fontsize=\"16\" data-lineheight=\"19\"><span style=\"font-size: 75%; color: #000000;\">Medic\u012bnisk\u0101 ier\u012bce lieto\u0161anai p\u0113c kr\u016bts oper\u0101cijas, piem\u0113ram, lumpectomijas vai mastektomijas.<\/span><\/p>\n","protected":false},"featured_media":15196,"template":"","meta":[],"product_brand":[],"product_cat":[494],"product_tag":[521],"class_list":{"0":"post-16916","1":"product","2":"type-product","3":"status-publish","4":"has-post-thumbnail","6":"product_cat-papildu-produkti","7":"product_tag-carefix-lv","9":"first","10":"instock","11":"taxable","12":"shipping-taxable","13":"purchasable","14":"product-type-simple"},"yoast_head":"<!-- This site is optimized with the Yoast SEO plugin v27.3 - https:\/\/yoast.com\/product\/yoast-seo-wordpress\/ -->\n<title>Clarefix\u00ae kr\u016b\u0161u atbalsta spilventi\u0146i \/ pild\u012bjums%%% -% Meditex%.ee interneta veikals<\/title>\n<meta name=\"description\" content=\"Spilventi\u0146i ir paredz\u0113ti lieto\u0161anai kr\u016b\u0161tur\u012b\u0161os ar kabat\u0101m. Kr\u016bz\u012btes pild\u012bjuma lielumu var main\u012bt, no\u0146emot nepiecie\u0161amo \u0161\u0137iedras daudzumu.\" \/>\n<meta name=\"robots\" content=\"index, follow, max-snippet:-1, max-image-preview:large, max-video-preview:-1\" \/>\n<link rel=\"canonical\" href=\"https:\/\/meditex.ee\/lv\/produkts\/salokamie-spilveni\/\" \/>\n<meta property=\"og:locale\" content=\"lv_LV\" \/>\n<meta property=\"og:type\" content=\"article\" \/>\n<meta property=\"og:title\" content=\"Clarefix\u00ae kr\u016b\u0161u atbalsta spilventi\u0146i \/ pild\u012bjums%%% -% Meditex%.ee interneta veikals\" \/>\n<meta property=\"og:description\" content=\"Spilventi\u0146i ir paredz\u0113ti lieto\u0161anai kr\u016b\u0161tur\u012b\u0161os ar kabat\u0101m. Kr\u016bz\u012btes pild\u012bjuma lielumu var main\u012bt, no\u0146emot nepiecie\u0161amo \u0161\u0137iedras daudzumu.\" \/>\n<meta property=\"og:url\" content=\"https:\/\/meditex.ee\/lv\/produkts\/salokamie-spilveni\/\" \/>\n<meta property=\"og:site_name\" content=\"Meditex\" \/>\n<meta property=\"article:publisher\" content=\"https:\/\/www.facebook.com\/meditexepood\/\" \/>\n<meta property=\"article:modified_time\" content=\"2023-08-26T09:24:31+00:00\" \/>\n<meta property=\"og:image\" content=\"https:\/\/meditex.ee\/wp-content\/uploads\/2018\/03\/8108_puffs-for-marianne_white-background_adj-1.png\" \/>\n\t<meta property=\"og:image:width\" content=\"850\" \/>\n\t<meta property=\"og:image:height\" content=\"500\" \/>\n\t<meta property=\"og:image:type\" content=\"image\/png\" \/>\n<meta name=\"twitter:card\" content=\"summary_large_image\" \/>\n<script type=\"application\/ld+json\" class=\"yoast-schema-graph\">{\"@context\":\"https:\\\/\\\/schema.org\",\"@graph\":[{\"@type\":\"WebPage\",\"@id\":\"https:\\\/\\\/meditex.ee\\\/lv\\\/produkts\\\/salokamie-spilveni\\\/\",\"url\":\"https:\\\/\\\/meditex.ee\\\/lv\\\/produkts\\\/salokamie-spilveni\\\/\",\"name\":\"Clarefix\u00ae kr\u016b\u0161u atbalsta spilventi\u0146i \\\/ pild\u012bjums%%% -% Meditex%.ee interneta veikals\",\"isPartOf\":{\"@id\":\"https:\\\/\\\/meditex.ee\\\/en\\\/#website\"},\"primaryImageOfPage\":{\"@id\":\"https:\\\/\\\/meditex.ee\\\/lv\\\/produkts\\\/salokamie-spilveni\\\/#primaryimage\"},\"image\":{\"@id\":\"https:\\\/\\\/meditex.ee\\\/lv\\\/produkts\\\/salokamie-spilveni\\\/#primaryimage\"},\"thumbnailUrl\":\"https:\\\/\\\/meditex.ee\\\/wp-content\\\/uploads\\\/2018\\\/03\\\/8108_puffs-for-marianne_white-background_adj-1.png\",\"datePublished\":\"2023-07-31T10:25:04+00:00\",\"dateModified\":\"2023-08-26T09:24:31+00:00\",\"description\":\"Spilventi\u0146i ir paredz\u0113ti lieto\u0161anai kr\u016b\u0161tur\u012b\u0161os ar kabat\u0101m. Kr\u016bz\u012btes pild\u012bjuma lielumu var main\u012bt, no\u0146emot nepiecie\u0161amo \u0161\u0137iedras daudzumu.\",\"breadcrumb\":{\"@id\":\"https:\\\/\\\/meditex.ee\\\/lv\\\/produkts\\\/salokamie-spilveni\\\/#breadcrumb\"},\"inLanguage\":\"lv-LV\",\"potentialAction\":[{\"@type\":\"ReadAction\",\"target\":[\"https:\\\/\\\/meditex.ee\\\/lv\\\/produkts\\\/salokamie-spilveni\\\/\"]}]},{\"@type\":\"ImageObject\",\"inLanguage\":\"lv-LV\",\"@id\":\"https:\\\/\\\/meditex.ee\\\/lv\\\/produkts\\\/salokamie-spilveni\\\/#primaryimage\",\"url\":\"https:\\\/\\\/meditex.ee\\\/wp-content\\\/uploads\\\/2018\\\/03\\\/8108_puffs-for-marianne_white-background_adj-1.png\",\"contentUrl\":\"https:\\\/\\\/meditex.ee\\\/wp-content\\\/uploads\\\/2018\\\/03\\\/8108_puffs-for-marianne_white-background_adj-1.png\",\"width\":850,\"height\":500},{\"@type\":\"BreadcrumbList\",\"@id\":\"https:\\\/\\\/meditex.ee\\\/lv\\\/produkts\\\/salokamie-spilveni\\\/#breadcrumb\",\"itemListElement\":[{\"@type\":\"ListItem\",\"position\":1,\"name\":\"Home\",\"item\":\"https:\\\/\\\/meditex.ee\\\/lv\\\/\"},{\"@type\":\"ListItem\",\"position\":2,\"name\":\"Veikals\",\"item\":\"https:\\\/\\\/meditex.ee\\\/lv\\\/veikals\\\/\"},{\"@type\":\"ListItem\",\"position\":3,\"name\":\"Carefix uzpildes spilventi\u0146i\"}]},{\"@type\":\"WebSite\",\"@id\":\"https:\\\/\\\/meditex.ee\\\/en\\\/#website\",\"url\":\"https:\\\/\\\/meditex.ee\\\/en\\\/\",\"name\":\"Meditex\",\"description\":\"\",\"publisher\":{\"@id\":\"https:\\\/\\\/meditex.ee\\\/en\\\/#organization\"},\"potentialAction\":[{\"@type\":\"SearchAction\",\"target\":{\"@type\":\"EntryPoint\",\"urlTemplate\":\"https:\\\/\\\/meditex.ee\\\/en\\\/?s={search_term_string}\"},\"query-input\":{\"@type\":\"PropertyValueSpecification\",\"valueRequired\":true,\"valueName\":\"search_term_string\"}}],\"inLanguage\":\"lv-LV\"},{\"@type\":\"Organization\",\"@id\":\"https:\\\/\\\/meditex.ee\\\/en\\\/#organization\",\"name\":\"Meditex\",\"url\":\"https:\\\/\\\/meditex.ee\\\/en\\\/\",\"logo\":{\"@type\":\"ImageObject\",\"inLanguage\":\"lv-LV\",\"@id\":\"https:\\\/\\\/meditex.ee\\\/en\\\/#\\\/schema\\\/logo\\\/image\\\/\",\"url\":\"https:\\\/\\\/meditex.ee\\\/wp-content\\\/uploads\\\/2018\\\/03\\\/mdtx_logo.png\",\"contentUrl\":\"https:\\\/\\\/meditex.ee\\\/wp-content\\\/uploads\\\/2018\\\/03\\\/mdtx_logo.png\",\"width\":669,\"height\":235,\"caption\":\"Meditex\"},\"image\":{\"@id\":\"https:\\\/\\\/meditex.ee\\\/en\\\/#\\\/schema\\\/logo\\\/image\\\/\"},\"sameAs\":[\"https:\\\/\\\/www.facebook.com\\\/meditexepood\\\/\"]}]}<\/script>\n<!-- \/ Yoast SEO plugin. -->","yoast_head_json":{"title":"Clarefix\u00ae kr\u016b\u0161u atbalsta spilventi\u0146i \/ pild\u012bjums%%% -% Meditex%.ee interneta veikals","description":"Spilventi\u0146i ir paredz\u0113ti lieto\u0161anai kr\u016b\u0161tur\u012b\u0161os ar kabat\u0101m. Kr\u016bz\u012btes pild\u012bjuma lielumu var main\u012bt, no\u0146emot nepiecie\u0161amo \u0161\u0137iedras daudzumu.","robots":{"index":"index","follow":"follow","max-snippet":"max-snippet:-1","max-image-preview":"max-image-preview:large","max-video-preview":"max-video-preview:-1"},"canonical":"https:\/\/meditex.ee\/lv\/produkts\/salokamie-spilveni\/","og_locale":"lv_LV","og_type":"article","og_title":"Clarefix\u00ae kr\u016b\u0161u atbalsta spilventi\u0146i \/ pild\u012bjums%%% -% Meditex%.ee interneta veikals","og_description":"Spilventi\u0146i ir paredz\u0113ti lieto\u0161anai kr\u016b\u0161tur\u012b\u0161os ar kabat\u0101m. Kr\u016bz\u012btes pild\u012bjuma lielumu var main\u012bt, no\u0146emot nepiecie\u0161amo \u0161\u0137iedras daudzumu.","og_url":"https:\/\/meditex.ee\/lv\/produkts\/salokamie-spilveni\/","og_site_name":"Meditex","article_publisher":"https:\/\/www.facebook.com\/meditexepood\/","article_modified_time":"2023-08-26T09:24:31+00:00","og_image":[{"width":850,"height":500,"url":"https:\/\/meditex.ee\/wp-content\/uploads\/2018\/03\/8108_puffs-for-marianne_white-background_adj-1.png","type":"image\/png"}],"twitter_card":"summary_large_image","schema":{"@context":"https:\/\/schema.org","@graph":[{"@type":"WebPage","@id":"https:\/\/meditex.ee\/lv\/produkts\/salokamie-spilveni\/","url":"https:\/\/meditex.ee\/lv\/produkts\/salokamie-spilveni\/","name":"Clarefix\u00ae kr\u016b\u0161u atbalsta spilventi\u0146i \/ pild\u012bjums%%% -% Meditex%.ee interneta veikals","isPartOf":{"@id":"https:\/\/meditex.ee\/en\/#website"},"primaryImageOfPage":{"@id":"https:\/\/meditex.ee\/lv\/produkts\/salokamie-spilveni\/#primaryimage"},"image":{"@id":"https:\/\/meditex.ee\/lv\/produkts\/salokamie-spilveni\/#primaryimage"},"thumbnailUrl":"https:\/\/meditex.ee\/wp-content\/uploads\/2018\/03\/8108_puffs-for-marianne_white-background_adj-1.png","datePublished":"2023-07-31T10:25:04+00:00","dateModified":"2023-08-26T09:24:31+00:00","description":"Spilventi\u0146i ir paredz\u0113ti lieto\u0161anai kr\u016b\u0161tur\u012b\u0161os ar kabat\u0101m. Kr\u016bz\u012btes pild\u012bjuma lielumu var main\u012bt, no\u0146emot nepiecie\u0161amo \u0161\u0137iedras daudzumu.","breadcrumb":{"@id":"https:\/\/meditex.ee\/lv\/produkts\/salokamie-spilveni\/#breadcrumb"},"inLanguage":"lv-LV","potentialAction":[{"@type":"ReadAction","target":["https:\/\/meditex.ee\/lv\/produkts\/salokamie-spilveni\/"]}]},{"@type":"ImageObject","inLanguage":"lv-LV","@id":"https:\/\/meditex.ee\/lv\/produkts\/salokamie-spilveni\/#primaryimage","url":"https:\/\/meditex.ee\/wp-content\/uploads\/2018\/03\/8108_puffs-for-marianne_white-background_adj-1.png","contentUrl":"https:\/\/meditex.ee\/wp-content\/uploads\/2018\/03\/8108_puffs-for-marianne_white-background_adj-1.png","width":850,"height":500},{"@type":"BreadcrumbList","@id":"https:\/\/meditex.ee\/lv\/produkts\/salokamie-spilveni\/#breadcrumb","itemListElement":[{"@type":"ListItem","position":1,"name":"Home","item":"https:\/\/meditex.ee\/lv\/"},{"@type":"ListItem","position":2,"name":"Veikals","item":"https:\/\/meditex.ee\/lv\/veikals\/"},{"@type":"ListItem","position":3,"name":"Carefix uzpildes spilventi\u0146i"}]},{"@type":"WebSite","@id":"https:\/\/meditex.ee\/en\/#website","url":"https:\/\/meditex.ee\/en\/","name":"Meditex","description":"","publisher":{"@id":"https:\/\/meditex.ee\/en\/#organization"},"potentialAction":[{"@type":"SearchAction","target":{"@type":"EntryPoint","urlTemplate":"https:\/\/meditex.ee\/en\/?s={search_term_string}"},"query-input":{"@type":"PropertyValueSpecification","valueRequired":true,"valueName":"search_term_string"}}],"inLanguage":"lv-LV"},{"@type":"Organization","@id":"https:\/\/meditex.ee\/en\/#organization","name":"Meditex","url":"https:\/\/meditex.ee\/en\/","logo":{"@type":"ImageObject","inLanguage":"lv-LV","@id":"https:\/\/meditex.ee\/en\/#\/schema\/logo\/image\/","url":"https:\/\/meditex.ee\/wp-content\/uploads\/2018\/03\/mdtx_logo.png","contentUrl":"https:\/\/meditex.ee\/wp-content\/uploads\/2018\/03\/mdtx_logo.png","width":669,"height":235,"caption":"Meditex"},"image":{"@id":"https:\/\/meditex.ee\/en\/#\/schema\/logo\/image\/"},"sameAs":["https:\/\/www.facebook.com\/meditexepood\/"]}]}},"_links":{"self":[{"href":"https:\/\/meditex.ee\/lv\/wp-json\/wp\/v2\/product\/16916","targetHints":{"allow":["GET"]}}],"collection":[{"href":"https:\/\/meditex.ee\/lv\/wp-json\/wp\/v2\/product"}],"about":[{"href":"https:\/\/meditex.ee\/lv\/wp-json\/wp\/v2\/types\/product"}],"wp:featuredmedia":[{"embeddable":true,"href":"https:\/\/meditex.ee\/lv\/wp-json\/wp\/v2\/media\/15196"}],"wp:attachment":[{"href":"https:\/\/meditex.ee\/lv\/wp-json\/wp\/v2\/media?parent=16916"}],"wp:term":[{"taxonomy":"product_brand","embeddable":true,"href":"https:\/\/meditex.ee\/lv\/wp-json\/wp\/v2\/product_brand?post=16916"},{"taxonomy":"product_cat","embeddable":true,"href":"https:\/\/meditex.ee\/lv\/wp-json\/wp\/v2\/product_cat?post=16916"},{"taxonomy":"product_tag","embeddable":true,"href":"https:\/\/meditex.ee\/lv\/wp-json\/wp\/v2\/product_tag?post=16916"}],"curies":[{"name":"wp","href":"https:\/\/api.w.org\/{rel}","templated":true}]}}