{"id":16897,"date":"2020-09-18T17:56:06","date_gmt":"2023-07-31T10:24:59","guid":{"rendered":"https:\/\/meditex.ee\/product\/corsinel-stomasafe-classic\/"},"modified":"2023-11-26T21:40:34","modified_gmt":"2023-11-26T21:40:34","slug":"corsinel-stomasafe-classic","status":"publish","type":"product","link":"https:\/\/meditex.ee\/lv\/produkts\/corsinel-stomasafe-classic\/","title":{"rendered":"Corsinel StomaSafe Classic"},"content":{"rendered":"<div class=\"row\"  id=\"row-1094544189\">\n\n\t<div id=\"col-295191471\" class=\"col medium-4 small-12 large-4\"  >\n\t\t\t\t<div class=\"col-inner\"  >\n\t\t\t\n\t\t\t\n\t<div class=\"img has-hover x md-x lg-x y md-y lg-y\" id=\"image_118620666\">\n\t\t\t\t\t\t\t\t<div class=\"img-inner dark\" >\n\t\t\t<img decoding=\"async\" width=\"419\" height=\"417\" src=\"https:\/\/meditex.ee\/wp-content\/uploads\/2020\/09\/Corsinel-compression-level-icon_LIGHT.png\" class=\"attachment-large size-large\" alt=\"\" srcset=\"https:\/\/meditex.ee\/wp-content\/uploads\/2020\/09\/Corsinel-compression-level-icon_LIGHT.png 419w, https:\/\/meditex.ee\/wp-content\/uploads\/2020\/09\/Corsinel-compression-level-icon_LIGHT-100x100.png 100w, https:\/\/meditex.ee\/wp-content\/uploads\/2020\/09\/Corsinel-compression-level-icon_LIGHT-402x400.png 402w, https:\/\/meditex.ee\/wp-content\/uploads\/2020\/09\/Corsinel-compression-level-icon_LIGHT-280x280.png 280w, https:\/\/meditex.ee\/wp-content\/uploads\/2020\/09\/Corsinel-compression-level-icon_LIGHT-300x300.png 300w\" sizes=\"(max-width: 419px) 100vw, 419px\" \/>\t\t\t\t\t\t\n\t\t\t\t\t<\/div>\n\t\t\t\t\t\t\t\t\n<style>\n#image_118620666 {\n  width: 30%;\n}\n<\/style>\n\t<\/div>\n\t\n\t\t<\/div>\n\t\t\t\t\t<\/div>\n\n\t\n\n\t<div id=\"col-1385103132\" class=\"col medium-4 small-12 large-4\"  >\n\t\t\t\t<div class=\"col-inner\"  >\n\t\t\t\n\t\t\t\n\t\t<\/div>\n\t\t\t\t\t<\/div>\n\n\t\n\n\t<div id=\"col-1153976077\" class=\"col medium-4 small-12 large-4\"  >\n\t\t\t\t<div class=\"col-inner text-right\"  >\n\t\t\t\n\t\t\t\n\t<div class=\"img has-hover x md-x lg-x y md-y lg-y\" id=\"image_1267567647\">\n\t\t<a class=\"\" href=\"https:\/\/meditex.ee\/lv\/corsinel\/\" >\t\t\t\t\t\t<div class=\"img-inner dark\" >\n\t\t\t<img decoding=\"async\" width=\"1020\" height=\"274\" src=\"https:\/\/meditex.ee\/wp-content\/uploads\/2018\/03\/Corsinel_Live-as-you-like_200mm-1400x376.png\" class=\"attachment-large size-large\" alt=\"\" srcset=\"https:\/\/meditex.ee\/wp-content\/uploads\/2018\/03\/Corsinel_Live-as-you-like_200mm-1400x376.png 1400w, https:\/\/meditex.ee\/wp-content\/uploads\/2018\/03\/Corsinel_Live-as-you-like_200mm-510x137.png 510w, https:\/\/meditex.ee\/wp-content\/uploads\/2018\/03\/Corsinel_Live-as-you-like_200mm-800x215.png 800w, https:\/\/meditex.ee\/wp-content\/uploads\/2018\/03\/Corsinel_Live-as-you-like_200mm-768x206.png 768w, https:\/\/meditex.ee\/wp-content\/uploads\/2018\/03\/Corsinel_Live-as-you-like_200mm-600x161.png 600w\" sizes=\"(max-width: 1020px) 100vw, 1020px\" \/>\t\t\t\t\t\t\n\t\t\t\t\t<\/div>\n\t\t\t\t\t\t<\/a>\t\t\n<style>\n#image_1267567647 {\n  width: 50%;\n}\n<\/style>\n\t<\/div>\n\t\n\t\t<\/div>\n\t\t\t\t\t<\/div>\n\n\t\n<\/div>\n<h3><strong>StomaSafe Classic stomas josta ar vieglu atbalstu<\/strong><\/h3>\n<p style=\"text-align: left;\"><span style=\"font-weight: 400; color: #000000;\">Corsinel stomas jostas ar vieglu balstu nodro\u0161ina visu veidu stomas maisi\u0146u dro\u0161u nostiprin\u0101\u0161anu, \u013caujot lietot\u0101jam dz\u012bvot akt\u012bvu dz\u012bvi. Josta \u013cauj lietot\u0101jam justies p\u0101rliecin\u0101t\u0101k un dro\u0161\u0101k, zinot, ka soma visu dienu paliks sav\u0101 viet\u0101.<\/span><\/p>\n<p style=\"text-align: left;\"><span style=\"font-weight: 400; color: #000000;\">Vieglaj\u0101m stomas jost\u0101m ir divas versijas: StomaSafe Classic un <a href=\"https:\/\/meditex.ee\/lv\/toode\/corsinel-stomasafe-plus\/\">StomaSafe Plus<\/a> ar \u0161\u0101d\u0101m lielisk\u0101m \u012bpa\u0161\u012bb\u0101m:<\/span><\/p>\n<ul style=\"text-align: left;\">\n<li><span style=\"font-weight: 400; color: #000000;\">  Divsl\u0101\u0146u sist\u0113ma ar atveri iek\u0161\u0113j\u0101 sl\u0101n\u012b maisi\u0146a ievieto\u0161anai<\/span><\/li>\n<li><span style=\"font-weight: 400; color: #000000;\">  Viegl\u0101m l\u012bdz vid\u0113ji smag\u0101m sporta aktivit\u0101t\u0113m<\/span><\/li>\n<li><span style=\"font-weight: 400; color: #000000;\">  Pal\u012bdz samazin\u0101t somas rad\u012bto troksni<\/span><\/li>\n<li><span style=\"font-weight: 400; color: #000000;\">  Stomas maisi\u0146a dro\u0161a uzglab\u0101\u0161ana<\/span><\/li>\n<\/ul>\n<p style=\"text-align: left;\"><span style=\"font-weight: 400; color: #000000;\">Abas stomas jostas var valk\u0101t gan dien\u0101, gan nakt\u012b. <a href=\"https:\/\/meditex.ee\/lv\/toode\/corsinel-stomasafe-plus\/\">StomaSafe Plus<\/a> ir \u012bpa\u0161i piem\u0113rots akt\u012bvai dz\u012bvei vai sporto\u0161anai. T\u0101 ir veidota no m\u012bkstas mikro\u0161\u0137iedras maksim\u0101lam komfortam. Materi\u0101ls ir elpojo\u0161s un mitrumu caurlaid\u012bgs, t\u0101p\u0113c tas saglab\u0101 \u0101du sausu un \u013cauj tai elpot.<\/span><\/p>\n<p style=\"text-align: left;\"><span style=\"font-weight: 400; color: #000000;\">StomaSafe Classic stomas josta ir izgatavota no elast\u012bga materi\u0101la, kas nodro\u0161ina dro\u0161u stomas maisi\u0146a notur\u0113\u0161anu un ir \u012bpa\u0161i piem\u0113rota, ja nepiecie\u0161ams tikai viegls atbalsts.<\/span><\/p>\n<p style=\"text-align: left;\"><span style=\"color: #000000;\"><br \/>\n  <strong>APRAKSTS:<\/strong><br \/>\n<\/span> <span style=\"color: #000000;\">StomaSafe Classic ir m\u012bksta un elast\u012bga stomas josta ar vieglu atbalstu un iek\u0161\u0113ju kabatu, kas piem\u0113rota visu veidu stomas un dren\u0101\u017eas maisi\u0146u dro\u0161ai glab\u0101\u0161anai.<\/span><\/p>\n<p><span style=\"color: #000000;\"><strong>Funkcijas:<\/strong><\/span><\/p>\n<ul>\n<li style=\"text-align: left;\"><span style=\"color: #000000;\">Fiks\u0113 ostomas maisi\u0146u, pal\u012bdzot pacientam justies dro\u0161i un dro\u0161i.<\/span><\/li>\n<li style=\"text-align: left;\"><span style=\"color: #000000;\">Divsl\u0101\u0146u sist\u0113ma nodro\u0161ina, ka maisi\u0146\u0161 nesaskaras ar \u0101du.<\/span><\/li>\n<li style=\"text-align: left;\"><span style=\"color: #000000;\">Maisa p\u0101rsega funkcija, kas pal\u012bdz samazin\u0101t stomas rad\u012bto troksni.<\/span><\/li>\n<li style=\"text-align: left;\"><span style=\"color: #000000;\">M\u012bksts un elast\u012bgs materi\u0101ls &#8211; viegli uzvelkams un novelkams<\/span><\/li>\n<li style=\"text-align: left;\"><span style=\"color: #000000;\">Dro\u0161s un \u0113rts lieto\u0161anai nakt\u012b<\/span><\/li>\n<li style=\"text-align: left;\"><span style=\"color: #000000;\">Pestav<\/span><\/li>\n<li style=\"text-align: left;\"><span style=\"color: #000000;\">Nesatur lateksu<\/span><\/li>\n<\/ul>\n<p style=\"text-align: left;\"><span style=\"color: #000000;\"><strong>Izm\u0113ri: <\/strong>vienm\u0113r m\u0113riet no v\u0113dera plat\u0101k\u0101s da\u013cas.<\/span><\/p>\n<div class=\"row\"  id=\"row-48701303\">\n\n\t<div id=\"col-1243082172\" class=\"col medium-6 small-12 large-6\"  >\n\t\t\t\t<div class=\"col-inner\"  >\n\t\t\t\n\t\t\t\n\t<div class=\"img has-hover x md-x lg-x y md-y lg-y\" id=\"image_275750500\">\n\t\t\t\t\t\t\t\t<div class=\"img-inner dark\" >\n\t\t\t<img decoding=\"async\" width=\"1020\" height=\"305\" src=\"https:\/\/meditex.ee\/wp-content\/uploads\/2020\/10\/StomaSafe-Classic-medium-1400x419.jpg\" class=\"attachment-large size-large\" alt=\"\" srcset=\"https:\/\/meditex.ee\/wp-content\/uploads\/2020\/10\/StomaSafe-Classic-medium-1400x419.jpg 1400w, https:\/\/meditex.ee\/wp-content\/uploads\/2020\/10\/StomaSafe-Classic-medium-510x153.jpg 510w, https:\/\/meditex.ee\/wp-content\/uploads\/2020\/10\/StomaSafe-Classic-medium-800x240.jpg 800w, https:\/\/meditex.ee\/wp-content\/uploads\/2020\/10\/StomaSafe-Classic-medium-768x230.jpg 768w, https:\/\/meditex.ee\/wp-content\/uploads\/2020\/10\/StomaSafe-Classic-medium-600x180.jpg 600w, https:\/\/meditex.ee\/wp-content\/uploads\/2020\/10\/StomaSafe-Classic-medium.jpg 1463w\" sizes=\"(max-width: 1020px) 100vw, 1020px\" \/>\t\t\t\t\t\t\n\t\t\t\t\t<\/div>\n\t\t\t\t\t\t\t\t\n<style>\n#image_275750500 {\n  width: 100%;\n}\n<\/style>\n\t<\/div>\n\t\n\t\t<\/div>\n\t\t\t\t\t<\/div>\n\n\t\n\n\t<div id=\"col-884259232\" class=\"col medium-6 small-12 large-6\"  >\n\t\t\t\t<div class=\"col-inner\"  >\n\t\t\t\n\t\t\t\n\t\t<\/div>\n\t\t\t\t\t<\/div>\n\n\t\n<\/div>\n<div class=\"row row-small\" style=\"max-width:\" id=\"row-648630369\">\n\n\t<div id=\"col-764036105\" class=\"col medium-6 small-12 large-6\"  >\n\t\t\t\t<div class=\"col-inner\"  >\n\t\t\t\n\t\t\t\n\t<div class=\"img has-hover x md-x lg-x y md-y lg-y\" id=\"image_1808886112\">\n\t\t\t\t\t\t\t\t<div class=\"img-inner dark\" >\n\t\t\t<img decoding=\"async\" width=\"500\" height=\"200\" src=\"https:\/\/meditex.ee\/wp-content\/uploads\/2020\/10\/paigaldamine-1en.png\" class=\"attachment-large size-large\" alt=\"\" \/>\t\t\t\t\t\t\n\t\t\t\t\t<\/div>\n\t\t\t\t\t\t\t\t\n<style>\n#image_1808886112 {\n  width: 100%;\n}\n<\/style>\n\t<\/div>\n\t\n\t\t<\/div>\n\t\t\t\t\t<\/div>\n\n\t\n\n\t<div id=\"col-1842333702\" class=\"col medium-6 small-12 large-6\"  >\n\t\t\t\t<div class=\"col-inner\"  >\n\t\t\t\n\t\t\t\n\t<div class=\"img has-hover x md-x lg-x y md-y lg-y\" id=\"image_1484920985\">\n\t\t\t\t\t\t\t\t<div class=\"img-inner dark\" >\n\t\t\t<img decoding=\"async\" width=\"500\" height=\"200\" src=\"https:\/\/meditex.ee\/wp-content\/uploads\/2020\/10\/paigaldamine-2en.png\" class=\"attachment-large size-large\" alt=\"\" \/>\t\t\t\t\t\t\n\t\t\t\t\t<\/div>\n\t\t\t\t\t\t\t\t\n<style>\n#image_1484920985 {\n  width: 100%;\n}\n<\/style>\n\t<\/div>\n\t\n\t\t<\/div>\n\t\t\t\t\t<\/div>\n\n\t\n\n<style>\n#row-648630369 > .col > .col-inner {\n  padding: 0px 0px 0px 0px;\n}\n<\/style>\n<\/div>\n<div class=\"row row-small\"  id=\"row-1949187594\">\n\n\t<div id=\"col-1631933481\" class=\"col medium-6 small-12 large-6\"  >\n\t\t\t\t<div class=\"col-inner\"  >\n\t\t\t\n\t\t\t\n\t<div class=\"img has-hover x md-x lg-x y md-y lg-y\" id=\"image_2085921690\">\n\t\t\t\t\t\t\t\t<div class=\"img-inner dark\" >\n\t\t\t<img decoding=\"async\" width=\"500\" height=\"200\" src=\"https:\/\/meditex.ee\/wp-content\/uploads\/2020\/10\/paigaldamine-3en.png\" class=\"attachment-large size-large\" alt=\"\" \/>\t\t\t\t\t\t\n\t\t\t\t\t<\/div>\n\t\t\t\t\t\t\t\t\n<style>\n#image_2085921690 {\n  width: 100%;\n}\n<\/style>\n\t<\/div>\n\t\n\t\t<\/div>\n\t\t\t\t\t<\/div>\n\n\t\n\n\t<div id=\"col-37647525\" class=\"col medium-6 small-12 large-6\"  >\n\t\t\t\t<div class=\"col-inner\"  >\n\t\t\t\n\t\t\t\n\t<div class=\"img has-hover x md-x lg-x y md-y lg-y\" id=\"image_474738682\">\n\t\t\t\t\t\t\t\t<div class=\"img-inner dark\" >\n\t\t\t<img decoding=\"async\" width=\"500\" height=\"200\" src=\"https:\/\/meditex.ee\/wp-content\/uploads\/2020\/10\/paigaldamine-4en.png\" class=\"attachment-large size-large\" alt=\"\" \/>\t\t\t\t\t\t\n\t\t\t\t\t<\/div>\n\t\t\t\t\t\t\t\t\n<style>\n#image_474738682 {\n  width: 100%;\n}\n<\/style>\n\t<\/div>\n\t\n\t\t<\/div>\n\t\t\t\t\t<\/div>\n\n\t\n<\/div>\n<div class=\"is-divider divider clearfix\" style=\"background-color:rgb(255, 255, 255);\"><\/div>\n<p><span style=\"color: #000000;\"><strong>Inform\u0101cija ra\u017eot\u0101ja t\u012bmek\u013ca vietn\u0113:<\/strong> <a href=\"https:\/\/tytex.com\/products\/ostomy-hernia\/corsinel-belts-light-support\/stomasafe-classic\">https:\/\/tytex.com\/products\/ostomy-hernia\/corsinel-belts-light-support\/stomasafe-classic<\/a><\/span><\/p>\n<p style=\"text-align: left;\"><span style=\"color: #000000;\"><strong>Noder\u012bga las\u0101mviela:<\/strong> <a href=\"_wp_link_placeholder\" data-wplink-edit=\"true\">https:\/\/meditex.ee\/lv\/7-faktori-kas-nosaka-pareizo-stomas-un-dziesmu-izstradajuma-augstumu\/<\/a><\/span><\/p>\n","protected":false},"excerpt":{"rendered":"<p style=\"text-align: left;\"><span style=\"color: #282828; font-size: 75%;\">Viegla atbalsta josta.<\/span><\/p>\n","protected":false},"featured_media":15231,"template":"","meta":[],"product_brand":[],"product_cat":[499],"product_tag":[522,505],"class_list":{"0":"post-16897","1":"product","2":"type-product","3":"status-publish","4":"has-post-thumbnail","6":"product_cat-ostomijas-un-truces-jostas-un-apseji","7":"product_tag-corsinel-lv","8":"product_tag-viegls-atbalsts","10":"first","11":"instock","12":"taxable","13":"shipping-taxable","14":"purchasable","15":"product-type-variable"},"yoast_head":"<!-- This site is optimized with the Yoast SEO plugin v27.3 - https:\/\/yoast.com\/product\/yoast-seo-wordpress\/ -->\n<title>StomaSafe Classic stomas josta ar vieglu atbalstu - meditex.ee<\/title>\n<meta name=\"description\" content=\"StomaSafe Classic stomas josta ar vieglu atbalstu. M\u012bksta un elast\u012bga josta ar iek\u0161\u0113j\u0101m kabat\u0101m, kas \u013cauj dro\u0161i tur\u0113t visu veidu stomas un dren\u0101\u017eas maisi\u0146us.\" \/>\n<meta name=\"robots\" content=\"index, follow, max-snippet:-1, max-image-preview:large, max-video-preview:-1\" \/>\n<link rel=\"canonical\" href=\"https:\/\/meditex.ee\/lv\/produkts\/corsinel-stomasafe-classic\/\" \/>\n<meta property=\"og:locale\" content=\"lv_LV\" \/>\n<meta property=\"og:type\" content=\"article\" \/>\n<meta property=\"og:title\" content=\"StomaSafe Classic stomas josta ar vieglu atbalstu - meditex.ee\" \/>\n<meta property=\"og:description\" content=\"StomaSafe Classic stomas josta ar vieglu atbalstu. M\u012bksta un elast\u012bga josta ar iek\u0161\u0113j\u0101m kabat\u0101m, kas \u013cauj dro\u0161i tur\u0113t visu veidu stomas un dren\u0101\u017eas maisi\u0146us.\" \/>\n<meta property=\"og:url\" content=\"https:\/\/meditex.ee\/lv\/produkts\/corsinel-stomasafe-classic\/\" \/>\n<meta property=\"og:site_name\" content=\"Meditex\" \/>\n<meta property=\"article:publisher\" content=\"https:\/\/www.facebook.com\/meditexepood\/\" \/>\n<meta property=\"article:modified_time\" content=\"2023-11-26T21:40:34+00:00\" \/>\n<meta property=\"og:image\" content=\"https:\/\/meditex.ee\/wp-content\/uploads\/2020\/09\/STOMASAFE10-medium-removebg-preview.png\" \/>\n\t<meta property=\"og:image:width\" content=\"590\" \/>\n\t<meta property=\"og:image:height\" content=\"423\" \/>\n\t<meta property=\"og:image:type\" content=\"image\/png\" \/>\n<meta name=\"twitter:card\" content=\"summary_large_image\" \/>\n<meta name=\"twitter:label1\" content=\"Est. reading time\" \/>\n\t<meta name=\"twitter:data1\" content=\"2 minutes\" \/>\n<script type=\"application\/ld+json\" class=\"yoast-schema-graph\">{\"@context\":\"https:\\\/\\\/schema.org\",\"@graph\":[{\"@type\":\"WebPage\",\"@id\":\"https:\\\/\\\/meditex.ee\\\/lv\\\/produkts\\\/corsinel-stomasafe-classic\\\/\",\"url\":\"https:\\\/\\\/meditex.ee\\\/lv\\\/produkts\\\/corsinel-stomasafe-classic\\\/\",\"name\":\"StomaSafe Classic stomas josta ar vieglu atbalstu - meditex.ee\",\"isPartOf\":{\"@id\":\"https:\\\/\\\/meditex.ee\\\/en\\\/#website\"},\"primaryImageOfPage\":{\"@id\":\"https:\\\/\\\/meditex.ee\\\/lv\\\/produkts\\\/corsinel-stomasafe-classic\\\/#primaryimage\"},\"image\":{\"@id\":\"https:\\\/\\\/meditex.ee\\\/lv\\\/produkts\\\/corsinel-stomasafe-classic\\\/#primaryimage\"},\"thumbnailUrl\":\"https:\\\/\\\/meditex.ee\\\/wp-content\\\/uploads\\\/2020\\\/09\\\/STOMASAFE10-medium-removebg-preview.png\",\"datePublished\":\"2023-07-31T10:24:59+00:00\",\"dateModified\":\"2023-11-26T21:40:34+00:00\",\"description\":\"StomaSafe Classic stomas josta ar vieglu atbalstu. M\u012bksta un elast\u012bga josta ar iek\u0161\u0113j\u0101m kabat\u0101m, kas \u013cauj dro\u0161i tur\u0113t visu veidu stomas un dren\u0101\u017eas maisi\u0146us.\",\"breadcrumb\":{\"@id\":\"https:\\\/\\\/meditex.ee\\\/lv\\\/produkts\\\/corsinel-stomasafe-classic\\\/#breadcrumb\"},\"inLanguage\":\"lv-LV\",\"potentialAction\":[{\"@type\":\"ReadAction\",\"target\":[\"https:\\\/\\\/meditex.ee\\\/lv\\\/produkts\\\/corsinel-stomasafe-classic\\\/\"]}]},{\"@type\":\"ImageObject\",\"inLanguage\":\"lv-LV\",\"@id\":\"https:\\\/\\\/meditex.ee\\\/lv\\\/produkts\\\/corsinel-stomasafe-classic\\\/#primaryimage\",\"url\":\"https:\\\/\\\/meditex.ee\\\/wp-content\\\/uploads\\\/2020\\\/09\\\/STOMASAFE10-medium-removebg-preview.png\",\"contentUrl\":\"https:\\\/\\\/meditex.ee\\\/wp-content\\\/uploads\\\/2020\\\/09\\\/STOMASAFE10-medium-removebg-preview.png\",\"width\":590,\"height\":423},{\"@type\":\"BreadcrumbList\",\"@id\":\"https:\\\/\\\/meditex.ee\\\/lv\\\/produkts\\\/corsinel-stomasafe-classic\\\/#breadcrumb\",\"itemListElement\":[{\"@type\":\"ListItem\",\"position\":1,\"name\":\"Home\",\"item\":\"https:\\\/\\\/meditex.ee\\\/lv\\\/\"},{\"@type\":\"ListItem\",\"position\":2,\"name\":\"Veikals\",\"item\":\"https:\\\/\\\/meditex.ee\\\/lv\\\/veikals\\\/\"},{\"@type\":\"ListItem\",\"position\":3,\"name\":\"Corsinel StomaSafe Classic\"}]},{\"@type\":\"WebSite\",\"@id\":\"https:\\\/\\\/meditex.ee\\\/en\\\/#website\",\"url\":\"https:\\\/\\\/meditex.ee\\\/en\\\/\",\"name\":\"Meditex\",\"description\":\"\",\"publisher\":{\"@id\":\"https:\\\/\\\/meditex.ee\\\/en\\\/#organization\"},\"potentialAction\":[{\"@type\":\"SearchAction\",\"target\":{\"@type\":\"EntryPoint\",\"urlTemplate\":\"https:\\\/\\\/meditex.ee\\\/en\\\/?s={search_term_string}\"},\"query-input\":{\"@type\":\"PropertyValueSpecification\",\"valueRequired\":true,\"valueName\":\"search_term_string\"}}],\"inLanguage\":\"lv-LV\"},{\"@type\":\"Organization\",\"@id\":\"https:\\\/\\\/meditex.ee\\\/en\\\/#organization\",\"name\":\"Meditex\",\"url\":\"https:\\\/\\\/meditex.ee\\\/en\\\/\",\"logo\":{\"@type\":\"ImageObject\",\"inLanguage\":\"lv-LV\",\"@id\":\"https:\\\/\\\/meditex.ee\\\/en\\\/#\\\/schema\\\/logo\\\/image\\\/\",\"url\":\"https:\\\/\\\/meditex.ee\\\/wp-content\\\/uploads\\\/2018\\\/03\\\/mdtx_logo.png\",\"contentUrl\":\"https:\\\/\\\/meditex.ee\\\/wp-content\\\/uploads\\\/2018\\\/03\\\/mdtx_logo.png\",\"width\":669,\"height\":235,\"caption\":\"Meditex\"},\"image\":{\"@id\":\"https:\\\/\\\/meditex.ee\\\/en\\\/#\\\/schema\\\/logo\\\/image\\\/\"},\"sameAs\":[\"https:\\\/\\\/www.facebook.com\\\/meditexepood\\\/\"]}]}<\/script>\n<!-- \/ Yoast SEO plugin. -->","yoast_head_json":{"title":"StomaSafe Classic stomas josta ar vieglu atbalstu - meditex.ee","description":"StomaSafe Classic stomas josta ar vieglu atbalstu. M\u012bksta un elast\u012bga josta ar iek\u0161\u0113j\u0101m kabat\u0101m, kas \u013cauj dro\u0161i tur\u0113t visu veidu stomas un dren\u0101\u017eas maisi\u0146us.","robots":{"index":"index","follow":"follow","max-snippet":"max-snippet:-1","max-image-preview":"max-image-preview:large","max-video-preview":"max-video-preview:-1"},"canonical":"https:\/\/meditex.ee\/lv\/produkts\/corsinel-stomasafe-classic\/","og_locale":"lv_LV","og_type":"article","og_title":"StomaSafe Classic stomas josta ar vieglu atbalstu - meditex.ee","og_description":"StomaSafe Classic stomas josta ar vieglu atbalstu. M\u012bksta un elast\u012bga josta ar iek\u0161\u0113j\u0101m kabat\u0101m, kas \u013cauj dro\u0161i tur\u0113t visu veidu stomas un dren\u0101\u017eas maisi\u0146us.","og_url":"https:\/\/meditex.ee\/lv\/produkts\/corsinel-stomasafe-classic\/","og_site_name":"Meditex","article_publisher":"https:\/\/www.facebook.com\/meditexepood\/","article_modified_time":"2023-11-26T21:40:34+00:00","og_image":[{"width":590,"height":423,"url":"https:\/\/meditex.ee\/wp-content\/uploads\/2020\/09\/STOMASAFE10-medium-removebg-preview.png","type":"image\/png"}],"twitter_card":"summary_large_image","twitter_misc":{"Est. reading time":"2 minutes"},"schema":{"@context":"https:\/\/schema.org","@graph":[{"@type":"WebPage","@id":"https:\/\/meditex.ee\/lv\/produkts\/corsinel-stomasafe-classic\/","url":"https:\/\/meditex.ee\/lv\/produkts\/corsinel-stomasafe-classic\/","name":"StomaSafe Classic stomas josta ar vieglu atbalstu - meditex.ee","isPartOf":{"@id":"https:\/\/meditex.ee\/en\/#website"},"primaryImageOfPage":{"@id":"https:\/\/meditex.ee\/lv\/produkts\/corsinel-stomasafe-classic\/#primaryimage"},"image":{"@id":"https:\/\/meditex.ee\/lv\/produkts\/corsinel-stomasafe-classic\/#primaryimage"},"thumbnailUrl":"https:\/\/meditex.ee\/wp-content\/uploads\/2020\/09\/STOMASAFE10-medium-removebg-preview.png","datePublished":"2023-07-31T10:24:59+00:00","dateModified":"2023-11-26T21:40:34+00:00","description":"StomaSafe Classic stomas josta ar vieglu atbalstu. M\u012bksta un elast\u012bga josta ar iek\u0161\u0113j\u0101m kabat\u0101m, kas \u013cauj dro\u0161i tur\u0113t visu veidu stomas un dren\u0101\u017eas maisi\u0146us.","breadcrumb":{"@id":"https:\/\/meditex.ee\/lv\/produkts\/corsinel-stomasafe-classic\/#breadcrumb"},"inLanguage":"lv-LV","potentialAction":[{"@type":"ReadAction","target":["https:\/\/meditex.ee\/lv\/produkts\/corsinel-stomasafe-classic\/"]}]},{"@type":"ImageObject","inLanguage":"lv-LV","@id":"https:\/\/meditex.ee\/lv\/produkts\/corsinel-stomasafe-classic\/#primaryimage","url":"https:\/\/meditex.ee\/wp-content\/uploads\/2020\/09\/STOMASAFE10-medium-removebg-preview.png","contentUrl":"https:\/\/meditex.ee\/wp-content\/uploads\/2020\/09\/STOMASAFE10-medium-removebg-preview.png","width":590,"height":423},{"@type":"BreadcrumbList","@id":"https:\/\/meditex.ee\/lv\/produkts\/corsinel-stomasafe-classic\/#breadcrumb","itemListElement":[{"@type":"ListItem","position":1,"name":"Home","item":"https:\/\/meditex.ee\/lv\/"},{"@type":"ListItem","position":2,"name":"Veikals","item":"https:\/\/meditex.ee\/lv\/veikals\/"},{"@type":"ListItem","position":3,"name":"Corsinel StomaSafe Classic"}]},{"@type":"WebSite","@id":"https:\/\/meditex.ee\/en\/#website","url":"https:\/\/meditex.ee\/en\/","name":"Meditex","description":"","publisher":{"@id":"https:\/\/meditex.ee\/en\/#organization"},"potentialAction":[{"@type":"SearchAction","target":{"@type":"EntryPoint","urlTemplate":"https:\/\/meditex.ee\/en\/?s={search_term_string}"},"query-input":{"@type":"PropertyValueSpecification","valueRequired":true,"valueName":"search_term_string"}}],"inLanguage":"lv-LV"},{"@type":"Organization","@id":"https:\/\/meditex.ee\/en\/#organization","name":"Meditex","url":"https:\/\/meditex.ee\/en\/","logo":{"@type":"ImageObject","inLanguage":"lv-LV","@id":"https:\/\/meditex.ee\/en\/#\/schema\/logo\/image\/","url":"https:\/\/meditex.ee\/wp-content\/uploads\/2018\/03\/mdtx_logo.png","contentUrl":"https:\/\/meditex.ee\/wp-content\/uploads\/2018\/03\/mdtx_logo.png","width":669,"height":235,"caption":"Meditex"},"image":{"@id":"https:\/\/meditex.ee\/en\/#\/schema\/logo\/image\/"},"sameAs":["https:\/\/www.facebook.com\/meditexepood\/"]}]}},"_links":{"self":[{"href":"https:\/\/meditex.ee\/lv\/wp-json\/wp\/v2\/product\/16897","targetHints":{"allow":["GET"]}}],"collection":[{"href":"https:\/\/meditex.ee\/lv\/wp-json\/wp\/v2\/product"}],"about":[{"href":"https:\/\/meditex.ee\/lv\/wp-json\/wp\/v2\/types\/product"}],"wp:featuredmedia":[{"embeddable":true,"href":"https:\/\/meditex.ee\/lv\/wp-json\/wp\/v2\/media\/15231"}],"wp:attachment":[{"href":"https:\/\/meditex.ee\/lv\/wp-json\/wp\/v2\/media?parent=16897"}],"wp:term":[{"taxonomy":"product_brand","embeddable":true,"href":"https:\/\/meditex.ee\/lv\/wp-json\/wp\/v2\/product_brand?post=16897"},{"taxonomy":"product_cat","embeddable":true,"href":"https:\/\/meditex.ee\/lv\/wp-json\/wp\/v2\/product_cat?post=16897"},{"taxonomy":"product_tag","embeddable":true,"href":"https:\/\/meditex.ee\/lv\/wp-json\/wp\/v2\/product_tag?post=16897"}],"curies":[{"name":"wp","href":"https:\/\/api.w.org\/{rel}","templated":true}]}}