{"id":16861,"date":"2018-04-04T05:59:48","date_gmt":"2023-07-31T10:24:55","guid":{"rendered":"https:\/\/meditex.ee\/product\/corsinel-josta-15\/"},"modified":"2023-07-31T10:25:01","modified_gmt":"2023-07-31T10:25:01","slug":"voo15","status":"publish","type":"product","link":"https:\/\/meditex.ee\/lv\/produkts\/voo15\/","title":{"rendered":"Corsinel josta 15"},"content":{"rendered":"<div class=\"row row-small align-bottom\"  id=\"row-199559135\">\n\n\t<div id=\"col-1704773385\" class=\"col medium-4 small-12 large-4\"  >\n\t\t\t\t<div class=\"col-inner\"  >\n\t\t\t\n\t\t\t\n\t<div class=\"img has-hover x md-x lg-x y md-y lg-y\" id=\"image_1591370062\">\n\t\t\t\t\t\t\t\t<div class=\"img-inner dark\" >\n\t\t\t<img fetchpriority=\"high\" decoding=\"async\" width=\"419\" height=\"420\" src=\"https:\/\/meditex.ee\/wp-content\/uploads\/2018\/04\/Corsinel-compression-level-icon_MAXIMUM.png\" class=\"attachment-large size-large\" alt=\"\" srcset=\"https:\/\/meditex.ee\/wp-content\/uploads\/2018\/04\/Corsinel-compression-level-icon_MAXIMUM.png 419w, https:\/\/meditex.ee\/wp-content\/uploads\/2018\/04\/Corsinel-compression-level-icon_MAXIMUM-100x100.png 100w, https:\/\/meditex.ee\/wp-content\/uploads\/2018\/04\/Corsinel-compression-level-icon_MAXIMUM-280x280.png 280w, https:\/\/meditex.ee\/wp-content\/uploads\/2018\/04\/Corsinel-compression-level-icon_MAXIMUM-399x400.png 399w, https:\/\/meditex.ee\/wp-content\/uploads\/2018\/04\/Corsinel-compression-level-icon_MAXIMUM-300x300.png 300w\" sizes=\"(max-width: 419px) 100vw, 419px\" \/>\t\t\t\t\t\t\n\t\t\t\t\t<\/div>\n\t\t\t\t\t\t\t\t\n<style>\n#image_1591370062 {\n  width: 30%;\n}\n<\/style>\n\t<\/div>\n\t\n\t\t<\/div>\n\t\t\t\t\t<\/div>\n\n\t\n\n\t<div id=\"col-660030534\" class=\"col medium-4 small-12 large-4\"  >\n\t\t\t\t<div class=\"col-inner\"  >\n\t\t\t\n\t\t\t\n\t\t<\/div>\n\t\t\t\t\t<\/div>\n\n\t\n\n\t<div id=\"col-1964251919\" class=\"col medium-4 small-12 large-4\"  >\n\t\t\t\t<div class=\"col-inner text-right\"  >\n\t\t\t\n\t\t\t\n\t<div class=\"img has-hover x md-x lg-x y md-y lg-y\" id=\"image_665252003\">\n\t\t\t\t\t\t\t\t<div class=\"img-inner dark\" >\n\t\t\t<img decoding=\"async\" width=\"1020\" height=\"274\" src=\"https:\/\/meditex.ee\/wp-content\/uploads\/2018\/03\/Corsinel_Live-as-you-like_200mm-1400x376.png\" class=\"attachment-large size-large\" alt=\"\" srcset=\"https:\/\/meditex.ee\/wp-content\/uploads\/2018\/03\/Corsinel_Live-as-you-like_200mm-1400x376.png 1400w, https:\/\/meditex.ee\/wp-content\/uploads\/2018\/03\/Corsinel_Live-as-you-like_200mm-510x137.png 510w, https:\/\/meditex.ee\/wp-content\/uploads\/2018\/03\/Corsinel_Live-as-you-like_200mm-800x215.png 800w, https:\/\/meditex.ee\/wp-content\/uploads\/2018\/03\/Corsinel_Live-as-you-like_200mm-768x206.png 768w, https:\/\/meditex.ee\/wp-content\/uploads\/2018\/03\/Corsinel_Live-as-you-like_200mm-600x161.png 600w\" sizes=\"(max-width: 1020px) 100vw, 1020px\" \/>\t\t\t\t\t\t\n\t\t\t\t\t<\/div>\n\t\t\t\t\t\t\t\t\n<style>\n#image_665252003 {\n  width: 50%;\n}\n<\/style>\n\t<\/div>\n\t\n\t\t<\/div>\n\t\t\t\t\t<\/div>\n\n\t\n<\/div>\n<p style=\"text-align: left;\"><span style=\"color: #000000;\"><strong>KIRJELDUS:<\/strong>\u00a0Corsineli maksimaalse toega v\u00f6\u00f6 toetab ja kergendab parastomaalset, naba-, epigastraalset ja armisonga. V\u00f6\u00f6 pakub kergendust, leevendust, aitab liikumisel, neutraliseerib gravitatsiooni m\u00f5ju \u2013 see k\u00f5ik leevendab valu. Lisaks v\u00f5ib v\u00f6\u00f6 v\u00e4hendada stoomist tulenevat heli ja l\u00f5hna. V\u00f6\u00f6d saab kasutada ka songa ennetamiseks. V\u00f6\u00f6 on saadaval kolmes k\u00f5rguses: 15, 20 ja 26 cm. V\u00f6\u00f6 k\u00f5rguse ja kasutamise osas konsulteerige palun oma arsti v\u00f5i meditsiini\u00f5ega.<\/span><\/p>\n\t<div class=\"img has-hover x md-x lg-x y md-y lg-y\" id=\"image_1739378308\">\n\t\t\t\t\t\t\t\t<div class=\"img-inner dark\" >\n\t\t\t<img decoding=\"async\" width=\"406\" height=\"364\" src=\"https:\/\/meditex.ee\/wp-content\/uploads\/2018\/03\/pressure-on-parastomal-hernia_graph_E.png\" class=\"attachment-large size-large\" alt=\"\" \/>\t\t\t\t\t\t\n\t\t\t\t\t<\/div>\n\t\t\t\t\t\t\t\t\n<style>\n#image_1739378308 {\n  width: 40%;\n}\n<\/style>\n\t<\/div>\n\t\n<p style=\"text-align: left;\" data-lineheight=\"19\" data-fontsize=\"16\"><span style=\"color: #000000;\"><strong>Omadused:<\/strong><\/span><\/p>\n<ul>\n<li style=\"text-align: left;\">\n<p data-lineheight=\"19\" data-fontsize=\"16\"><span style=\"color: #000000;\">Maksimaalne tugi songa hoolduseks ning ennetuseks<\/span><\/p>\n<\/li>\n<li style=\"text-align: left;\">\n<p data-lineheight=\"19\" data-fontsize=\"16\"><span style=\"color: #000000;\">Pakub diskreetsust ning leevendab pitsitustunnet tagades suurema liikuvuse<\/span><\/p>\n<\/li>\n<li style=\"text-align: left;\">\n<p data-lineheight=\"19\" data-fontsize=\"16\"><span style=\"color: #000000;\">Pehme \u00f5hku ja niiskust l\u00e4bilaskev ning nahas\u00f5bralik materjal<\/span><\/p>\n<\/li>\n<li style=\"text-align: left;\">\n<p data-lineheight=\"19\" data-fontsize=\"16\"><span style=\"color: #000000;\">Annab sileda ja diskreetse tulemuse, nii julgustab see v\u00f5tma rohkem osa sotsiaalsest elust<\/span><\/p>\n<\/li>\n<li style=\"text-align: left;\">\n<p data-lineheight=\"19\" data-fontsize=\"16\"><span style=\"color: #000000;\">Neljasuunaliselt veniv materjal liikumisulatuse suurendamiseks<\/span><\/p>\n<\/li>\n<li style=\"text-align: left;\">\n<p data-lineheight=\"19\" data-fontsize=\"16\"><span style=\"color: #000000;\">Kergesti ligip\u00e4\u00e4setav tasku ning lai takjariba toe tugevuse reguleerimiseks<\/span><\/p>\n<\/li>\n<li style=\"text-align: left;\">\n<p data-lineheight=\"19\" data-fontsize=\"16\"><span style=\"color: #000000;\">\u00d5mblusteta disain optimaalseks nahas\u00f5bralikkuseks<\/span><\/p>\n<\/li>\n<li style=\"text-align: left;\">\n<p data-lineheight=\"19\" data-fontsize=\"16\"><span style=\"color: #000000;\">Silikoonist rullumisvastane v\u00e4rvel<\/span><\/p>\n<\/li>\n<li style=\"text-align: left;\">\n<p data-lineheight=\"19\" data-fontsize=\"16\"><span style=\"color: #000000;\">Pestav<\/span><\/p>\n<\/li>\n<li style=\"text-align: left;\">\n<p data-lineheight=\"19\" data-fontsize=\"16\"><span style=\"color: #000000;\">Ei sisalda lateksit<\/span><\/p>\n<\/li>\n<li style=\"text-align: left;\">\n<p data-lineheight=\"19\" data-fontsize=\"16\"><span style=\"color: #000000;\">24h kasutamiseks<\/span><\/p>\n<\/li>\n<\/ul>\n<p><span style=\"color: #000000; font-size: 14.4px;\">\u00a0<\/span><\/p>\n<div class=\"fusion-text\">\n<p style=\"text-align: left;\" data-lineheight=\"28\" data-fontsize=\"20\"><span style=\"color: #000000;\"><strong>Suurused:<\/strong><\/span><\/p>\n<\/div>\n<div class=\"row\"  id=\"row-185475043\">\n\n\t<div id=\"col-1640229424\" class=\"col medium-8 small-12 large-8\"  >\n\t\t\t\t<div class=\"col-inner\"  >\n\t\t\t\n\t\t\t\n\t<div class=\"img has-hover x md-x lg-x y md-y lg-y\" id=\"image_497845019\">\n\t\t\t\t\t\t\t\t<div class=\"img-inner dark\" >\n\t\t\t<img loading=\"lazy\" decoding=\"async\" width=\"472\" height=\"228\" src=\"https:\/\/meditex.ee\/wp-content\/uploads\/2018\/03\/Suurused.png\" class=\"attachment-large size-large\" alt=\"\" \/>\t\t\t\t\t\t\n\t\t\t\t\t<\/div>\n\t\t\t\t\t\t\t\t\n<style>\n#image_497845019 {\n  width: 100%;\n}\n<\/style>\n\t<\/div>\n\t\n<p style=\"text-align: left;\" data-lineheight=\"19\" data-fontsize=\"16\"><span style=\"color: #000000;\">Ja v\u0113laties liel\u0101ku atbalstu, izv\u0113lieties vienu ciparu zem\u0101ku, bet, ja v\u0113laties maz\u0101ku atbalstu, izv\u0113lieties vienu ciparu augst\u0101ku.<\/span><\/p>\n<p style=\"text-align: left;\" data-lineheight=\"19\" data-fontsize=\"16\"><span style=\"color: #000000;\">NB! Vienm\u0113r izm\u0113riet sevi, lai atrastu pareizo izm\u0113ru.<\/span><\/p>\n\t\t<\/div>\n\t\t\t\t\t<\/div>\n\n\t\n\n\t<div id=\"col-2086832583\" class=\"col medium-4 small-12 large-4\"  >\n\t\t\t\t<div class=\"col-inner\"  >\n\t\t\t\n\t\t\t\n\t\t<\/div>\n\t\t\t\t\t<\/div>\n\n\t\n<\/div>\n","protected":false},"excerpt":{"rendered":"<p style=\"text-align: left;\"><span style=\"font-size: 75%; color: #000000;\">Maksim\u0101ls atbalsts stomai un glieme\u017en\u012bcas jostai.<\/span><\/p>\n","protected":false},"featured_media":15215,"template":"","meta":[],"product_brand":[],"product_cat":[499],"product_tag":[522,506],"class_list":{"0":"post-16861","1":"product","2":"type-product","3":"status-publish","4":"has-post-thumbnail","6":"product_cat-ostomijas-un-truces-jostas-un-apseji","7":"product_tag-corsinel-lv","8":"product_tag-maksimalais-atbalsts","10":"first","11":"instock","12":"taxable","13":"shipping-taxable","14":"purchasable","15":"product-type-variable"},"yoast_head":"<!-- This site is optimized with the Yoast SEO plugin v27.4 - https:\/\/yoast.com\/product\/yoast-seo-wordpress\/ -->\n<title>Corsinel josta 15 - Meditex<\/title>\n<meta name=\"robots\" content=\"index, follow, max-snippet:-1, max-image-preview:large, max-video-preview:-1\" \/>\n<link rel=\"canonical\" href=\"https:\/\/meditex.ee\/lv\/produkts\/voo15\/\" \/>\n<meta property=\"og:locale\" content=\"lv_LV\" \/>\n<meta property=\"og:type\" content=\"article\" \/>\n<meta property=\"og:title\" content=\"Corsinel josta 15 - Meditex\" \/>\n<meta property=\"og:description\" content=\"Maksim\u0101ls atbalsts stomai un glieme\u017en\u012bcas jostai.\" \/>\n<meta property=\"og:url\" content=\"https:\/\/meditex.ee\/lv\/produkts\/voo15\/\" \/>\n<meta property=\"og:site_name\" content=\"Meditex\" \/>\n<meta property=\"article:publisher\" content=\"https:\/\/www.facebook.com\/meditexepood\/\" \/>\n<meta property=\"article:modified_time\" content=\"2023-07-31T10:25:01+00:00\" \/>\n<meta property=\"og:image\" content=\"https:\/\/meditex.ee\/wp-content\/uploads\/2018\/04\/Corsinel-Maxsupp-15.png\" \/>\n\t<meta property=\"og:image:width\" content=\"600\" \/>\n\t<meta property=\"og:image:height\" content=\"600\" \/>\n\t<meta property=\"og:image:type\" content=\"image\/png\" \/>\n<meta name=\"twitter:card\" content=\"summary_large_image\" \/>\n<meta name=\"twitter:label1\" content=\"Est. reading time\" \/>\n\t<meta name=\"twitter:data1\" content=\"1 minute\" \/>\n<script type=\"application\/ld+json\" class=\"yoast-schema-graph\">{\"@context\":\"https:\\\/\\\/schema.org\",\"@graph\":[{\"@type\":\"WebPage\",\"@id\":\"https:\\\/\\\/meditex.ee\\\/lv\\\/produkts\\\/voo15\\\/\",\"url\":\"https:\\\/\\\/meditex.ee\\\/lv\\\/produkts\\\/voo15\\\/\",\"name\":\"Corsinel josta 15 - Meditex\",\"isPartOf\":{\"@id\":\"https:\\\/\\\/meditex.ee\\\/en\\\/#website\"},\"primaryImageOfPage\":{\"@id\":\"https:\\\/\\\/meditex.ee\\\/lv\\\/produkts\\\/voo15\\\/#primaryimage\"},\"image\":{\"@id\":\"https:\\\/\\\/meditex.ee\\\/lv\\\/produkts\\\/voo15\\\/#primaryimage\"},\"thumbnailUrl\":\"https:\\\/\\\/meditex.ee\\\/wp-content\\\/uploads\\\/2018\\\/04\\\/Corsinel-Maxsupp-15.png\",\"datePublished\":\"2023-07-31T10:24:55+00:00\",\"dateModified\":\"2023-07-31T10:25:01+00:00\",\"breadcrumb\":{\"@id\":\"https:\\\/\\\/meditex.ee\\\/lv\\\/produkts\\\/voo15\\\/#breadcrumb\"},\"inLanguage\":\"lv-LV\",\"potentialAction\":[{\"@type\":\"ReadAction\",\"target\":[\"https:\\\/\\\/meditex.ee\\\/lv\\\/produkts\\\/voo15\\\/\"]}]},{\"@type\":\"ImageObject\",\"inLanguage\":\"lv-LV\",\"@id\":\"https:\\\/\\\/meditex.ee\\\/lv\\\/produkts\\\/voo15\\\/#primaryimage\",\"url\":\"https:\\\/\\\/meditex.ee\\\/wp-content\\\/uploads\\\/2018\\\/04\\\/Corsinel-Maxsupp-15.png\",\"contentUrl\":\"https:\\\/\\\/meditex.ee\\\/wp-content\\\/uploads\\\/2018\\\/04\\\/Corsinel-Maxsupp-15.png\",\"width\":600,\"height\":600},{\"@type\":\"BreadcrumbList\",\"@id\":\"https:\\\/\\\/meditex.ee\\\/lv\\\/produkts\\\/voo15\\\/#breadcrumb\",\"itemListElement\":[{\"@type\":\"ListItem\",\"position\":1,\"name\":\"Home\",\"item\":\"https:\\\/\\\/meditex.ee\\\/lv\\\/\"},{\"@type\":\"ListItem\",\"position\":2,\"name\":\"Veikals\",\"item\":\"https:\\\/\\\/meditex.ee\\\/lv\\\/veikals\\\/\"},{\"@type\":\"ListItem\",\"position\":3,\"name\":\"Corsinel josta 15\"}]},{\"@type\":\"WebSite\",\"@id\":\"https:\\\/\\\/meditex.ee\\\/en\\\/#website\",\"url\":\"https:\\\/\\\/meditex.ee\\\/en\\\/\",\"name\":\"Meditex\",\"description\":\"\",\"publisher\":{\"@id\":\"https:\\\/\\\/meditex.ee\\\/en\\\/#organization\"},\"potentialAction\":[{\"@type\":\"SearchAction\",\"target\":{\"@type\":\"EntryPoint\",\"urlTemplate\":\"https:\\\/\\\/meditex.ee\\\/en\\\/?s={search_term_string}\"},\"query-input\":{\"@type\":\"PropertyValueSpecification\",\"valueRequired\":true,\"valueName\":\"search_term_string\"}}],\"inLanguage\":\"lv-LV\"},{\"@type\":\"Organization\",\"@id\":\"https:\\\/\\\/meditex.ee\\\/en\\\/#organization\",\"name\":\"Meditex\",\"url\":\"https:\\\/\\\/meditex.ee\\\/en\\\/\",\"logo\":{\"@type\":\"ImageObject\",\"inLanguage\":\"lv-LV\",\"@id\":\"https:\\\/\\\/meditex.ee\\\/en\\\/#\\\/schema\\\/logo\\\/image\\\/\",\"url\":\"https:\\\/\\\/meditex.ee\\\/wp-content\\\/uploads\\\/2018\\\/03\\\/mdtx_logo.png\",\"contentUrl\":\"https:\\\/\\\/meditex.ee\\\/wp-content\\\/uploads\\\/2018\\\/03\\\/mdtx_logo.png\",\"width\":669,\"height\":235,\"caption\":\"Meditex\"},\"image\":{\"@id\":\"https:\\\/\\\/meditex.ee\\\/en\\\/#\\\/schema\\\/logo\\\/image\\\/\"},\"sameAs\":[\"https:\\\/\\\/www.facebook.com\\\/meditexepood\\\/\"]}]}<\/script>\n<!-- \/ Yoast SEO plugin. -->","yoast_head_json":{"title":"Corsinel josta 15 - Meditex","robots":{"index":"index","follow":"follow","max-snippet":"max-snippet:-1","max-image-preview":"max-image-preview:large","max-video-preview":"max-video-preview:-1"},"canonical":"https:\/\/meditex.ee\/lv\/produkts\/voo15\/","og_locale":"lv_LV","og_type":"article","og_title":"Corsinel josta 15 - Meditex","og_description":"Maksim\u0101ls atbalsts stomai un glieme\u017en\u012bcas jostai.","og_url":"https:\/\/meditex.ee\/lv\/produkts\/voo15\/","og_site_name":"Meditex","article_publisher":"https:\/\/www.facebook.com\/meditexepood\/","article_modified_time":"2023-07-31T10:25:01+00:00","og_image":[{"width":600,"height":600,"url":"https:\/\/meditex.ee\/wp-content\/uploads\/2018\/04\/Corsinel-Maxsupp-15.png","type":"image\/png"}],"twitter_card":"summary_large_image","twitter_misc":{"Est. reading time":"1 minute"},"schema":{"@context":"https:\/\/schema.org","@graph":[{"@type":"WebPage","@id":"https:\/\/meditex.ee\/lv\/produkts\/voo15\/","url":"https:\/\/meditex.ee\/lv\/produkts\/voo15\/","name":"Corsinel josta 15 - Meditex","isPartOf":{"@id":"https:\/\/meditex.ee\/en\/#website"},"primaryImageOfPage":{"@id":"https:\/\/meditex.ee\/lv\/produkts\/voo15\/#primaryimage"},"image":{"@id":"https:\/\/meditex.ee\/lv\/produkts\/voo15\/#primaryimage"},"thumbnailUrl":"https:\/\/meditex.ee\/wp-content\/uploads\/2018\/04\/Corsinel-Maxsupp-15.png","datePublished":"2023-07-31T10:24:55+00:00","dateModified":"2023-07-31T10:25:01+00:00","breadcrumb":{"@id":"https:\/\/meditex.ee\/lv\/produkts\/voo15\/#breadcrumb"},"inLanguage":"lv-LV","potentialAction":[{"@type":"ReadAction","target":["https:\/\/meditex.ee\/lv\/produkts\/voo15\/"]}]},{"@type":"ImageObject","inLanguage":"lv-LV","@id":"https:\/\/meditex.ee\/lv\/produkts\/voo15\/#primaryimage","url":"https:\/\/meditex.ee\/wp-content\/uploads\/2018\/04\/Corsinel-Maxsupp-15.png","contentUrl":"https:\/\/meditex.ee\/wp-content\/uploads\/2018\/04\/Corsinel-Maxsupp-15.png","width":600,"height":600},{"@type":"BreadcrumbList","@id":"https:\/\/meditex.ee\/lv\/produkts\/voo15\/#breadcrumb","itemListElement":[{"@type":"ListItem","position":1,"name":"Home","item":"https:\/\/meditex.ee\/lv\/"},{"@type":"ListItem","position":2,"name":"Veikals","item":"https:\/\/meditex.ee\/lv\/veikals\/"},{"@type":"ListItem","position":3,"name":"Corsinel josta 15"}]},{"@type":"WebSite","@id":"https:\/\/meditex.ee\/en\/#website","url":"https:\/\/meditex.ee\/en\/","name":"Meditex","description":"","publisher":{"@id":"https:\/\/meditex.ee\/en\/#organization"},"potentialAction":[{"@type":"SearchAction","target":{"@type":"EntryPoint","urlTemplate":"https:\/\/meditex.ee\/en\/?s={search_term_string}"},"query-input":{"@type":"PropertyValueSpecification","valueRequired":true,"valueName":"search_term_string"}}],"inLanguage":"lv-LV"},{"@type":"Organization","@id":"https:\/\/meditex.ee\/en\/#organization","name":"Meditex","url":"https:\/\/meditex.ee\/en\/","logo":{"@type":"ImageObject","inLanguage":"lv-LV","@id":"https:\/\/meditex.ee\/en\/#\/schema\/logo\/image\/","url":"https:\/\/meditex.ee\/wp-content\/uploads\/2018\/03\/mdtx_logo.png","contentUrl":"https:\/\/meditex.ee\/wp-content\/uploads\/2018\/03\/mdtx_logo.png","width":669,"height":235,"caption":"Meditex"},"image":{"@id":"https:\/\/meditex.ee\/en\/#\/schema\/logo\/image\/"},"sameAs":["https:\/\/www.facebook.com\/meditexepood\/"]}]}},"_links":{"self":[{"href":"https:\/\/meditex.ee\/lv\/wp-json\/wp\/v2\/product\/16861","targetHints":{"allow":["GET"]}}],"collection":[{"href":"https:\/\/meditex.ee\/lv\/wp-json\/wp\/v2\/product"}],"about":[{"href":"https:\/\/meditex.ee\/lv\/wp-json\/wp\/v2\/types\/product"}],"wp:featuredmedia":[{"embeddable":true,"href":"https:\/\/meditex.ee\/lv\/wp-json\/wp\/v2\/media\/15215"}],"wp:attachment":[{"href":"https:\/\/meditex.ee\/lv\/wp-json\/wp\/v2\/media?parent=16861"}],"wp:term":[{"taxonomy":"product_brand","embeddable":true,"href":"https:\/\/meditex.ee\/lv\/wp-json\/wp\/v2\/product_brand?post=16861"},{"taxonomy":"product_cat","embeddable":true,"href":"https:\/\/meditex.ee\/lv\/wp-json\/wp\/v2\/product_cat?post=16861"},{"taxonomy":"product_tag","embeddable":true,"href":"https:\/\/meditex.ee\/lv\/wp-json\/wp\/v2\/product_tag?post=16861"}],"curies":[{"name":"wp","href":"https:\/\/api.w.org\/{rel}","templated":true}]}}