{"id":16836,"date":"2020-10-13T10:52:20","date_gmt":"2023-07-31T10:24:53","guid":{"rendered":"https:\/\/meditex.ee\/product\/inkontinences-apaksvela-pvc\/"},"modified":"2023-08-10T12:03:33","modified_gmt":"2023-08-10T12:03:33","slug":"inkontinences-apaksvela-pvc","status":"publish","type":"product","link":"https:\/\/meditex.ee\/lv\/produkts\/inkontinences-apaksvela-pvc\/","title":{"rendered":"Inkontinences apak\u0161ve\u013ca, PVC"},"content":{"rendered":"<div class=\"row\"  id=\"row-458014299\">\n\n\t<div id=\"col-1704000652\" class=\"col medium-4 small-12 large-4\"  >\n\t\t\t\t<div class=\"col-inner text-left\"  >\n\t\t\t\n\t\t\t\n\t<div class=\"img has-hover x md-x lg-x y md-y lg-y\" id=\"image_1423590283\">\n\t\t\t\t\t\t\t\t<div class=\"img-inner dark\" >\n\t\t\t<img decoding=\"async\" width=\"129\" height=\"33\" src=\"https:\/\/meditex.ee\/wp-content\/uploads\/2020\/10\/tilk5.png\" class=\"attachment-large size-large\" alt=\"\" \/>\t\t\t\t\t\t\n\t\t\t\t\t<\/div>\n\t\t\t\t\t\t\t\t\n<style>\n#image_1423590283 {\n  width: 40%;\n}\n<\/style>\n\t<\/div>\n\t\n\t\t<\/div>\n\t\t\t\t\t<\/div>\n\n\t\n\n\t<div id=\"col-1197902382\" class=\"col medium-4 small-12 large-4\"  >\n\t\t\t\t<div class=\"col-inner text-center\"  >\n\t\t\t\n\t\t\t\n\t<div class=\"img has-hover x md-x lg-x y md-y lg-y\" id=\"image_1228959765\">\n\t\t\t\t\t\t\t\t<div class=\"img-inner dark\" >\n\t\t\t<img decoding=\"async\" width=\"500\" height=\"500\" src=\"https:\/\/meditex.ee\/wp-content\/uploads\/2020\/10\/unisex.png\" class=\"attachment-large size-large\" alt=\"\" srcset=\"https:\/\/meditex.ee\/wp-content\/uploads\/2020\/10\/unisex.png 500w, https:\/\/meditex.ee\/wp-content\/uploads\/2020\/10\/unisex-100x100.png 100w, https:\/\/meditex.ee\/wp-content\/uploads\/2020\/10\/unisex-400x400.png 400w, https:\/\/meditex.ee\/wp-content\/uploads\/2020\/10\/unisex-280x280.png 280w, https:\/\/meditex.ee\/wp-content\/uploads\/2020\/10\/unisex-300x300.png 300w\" sizes=\"(max-width: 500px) 100vw, 500px\" \/>\t\t\t\t\t\t\n\t\t\t\t\t<\/div>\n\t\t\t\t\t\t\t\t\n<style>\n#image_1228959765 {\n  width: 25%;\n}\n<\/style>\n\t<\/div>\n\t\n\t\t<\/div>\n\t\t\t\t\t<\/div>\n\n\t\n\n\t<div id=\"col-2106132190\" class=\"col medium-4 small-12 large-4\"  >\n\t\t\t\t<div class=\"col-inner text-right\"  >\n\t\t\t\n\t\t\t\n\t<div class=\"img has-hover x md-x lg-x y md-y lg-y\" id=\"image_1520879201\">\n\t\t\t\t\t\t\t\t<div class=\"img-inner dark\" >\n\t\t\t<img decoding=\"async\" width=\"451\" height=\"112\" src=\"https:\/\/meditex.ee\/wp-content\/uploads\/2020\/10\/suprimalogo.png\" class=\"attachment-large size-large\" alt=\"\" \/>\t\t\t\t\t\t\n\t\t\t\t\t<\/div>\n\t\t\t\t\t\t\t\t\n<style>\n#image_1520879201 {\n  width: 60%;\n}\n<\/style>\n\t<\/div>\n\t\n\t\t<\/div>\n\t\t\t\t\t<\/div>\n\n\t\n<\/div>\n<h2><strong><em>PVC<\/em><\/strong><strong> nesatur\u0113\u0161anas apak\u0161bikses<\/strong><\/h2>\n<p><em>Suprima<\/em> <em>PVC<\/em> apak\u0161bikses pied\u0101v\u0101 dro\u0161u aizsardz\u012bbu pret \u0161\u0137idrumu nopl\u016bdi, k\u0101 ar\u012b papildus augstu valk\u0101\u0161anas komforta pak\u0101pi.<\/p>\n<p>M\u012bkst\u0101, plat\u0101 un elast\u012bg\u0101 jostasvieta un k\u0101ju da\u013ca nodro\u0161ina dro\u0161\u012bbu un pat\u012bkamu valk\u0101\u0161anas komfortu. Apak\u0161bikses ir piem\u0113rotas pacientiem ar smagu ur\u012bna un fek\u0101lo nesatur\u0113\u0161anu.<\/p>\n<p>Var valk\u0101t virs vienreizlietojam\u0101m apak\u0161biks\u0113m, liel\u0101kiem ielikt\u0146iem un auti\u0146biks\u012bt\u0113m. Var mazg\u0101t augst\u0101 temperat\u016br\u0101 un piem\u0113rots ve\u013cas \u017e\u0101v\u0113\u0161anai.<\/p>\n<p style=\"text-align: left;\"><span style=\"color: #000000;\"><strong>Materi\u0101ls:<\/strong> 100% PVC.<\/span><\/p>\n\t<div class=\"img has-hover x md-x lg-x y md-y lg-y\" id=\"image_1953403419\">\n\t\t\t\t\t\t\t\t<div class=\"img-inner dark\" >\n\t\t\t<img decoding=\"async\" width=\"1020\" height=\"304\" src=\"https:\/\/meditex.ee\/wp-content\/uploads\/2023\/08\/suuruste-tabel-lat.webp\" class=\"attachment-large size-large\" alt=\"\" srcset=\"https:\/\/meditex.ee\/wp-content\/uploads\/2023\/08\/suuruste-tabel-lat.webp 1107w, https:\/\/meditex.ee\/wp-content\/uploads\/2023\/08\/suuruste-tabel-lat-800x238.webp 800w, https:\/\/meditex.ee\/wp-content\/uploads\/2023\/08\/suuruste-tabel-lat-768x229.webp 768w, https:\/\/meditex.ee\/wp-content\/uploads\/2023\/08\/suuruste-tabel-lat-510x152.webp 510w\" sizes=\"(max-width: 1020px) 100vw, 1020px\" \/>\t\t\t\t\t\t\n\t\t\t\t\t<\/div>\n\t\t\t\t\t\t\t\t\n<style>\n#image_1953403419 {\n  width: 100%;\n}\n<\/style>\n\t<\/div>\n\t\n<div class=\"is-divider divider clearfix\" style=\"max-width:1110px;background-color:rgb(255, 255, 255);\"><\/div>\n<p style=\"text-align: left;\"><strong><span style=\"color: #000000;\">ROKASGR\u0100MATA:<\/span><\/strong><\/p>\n\t<div class=\"img has-hover x md-x lg-x y md-y lg-y\" id=\"image_576700477\">\n\t\t\t\t\t\t\t\t<div class=\"img-inner dark\" >\n\t\t\t<img decoding=\"async\" width=\"468\" height=\"475\" src=\"https:\/\/meditex.ee\/wp-content\/uploads\/2023\/08\/1218.webp\" class=\"attachment-large size-large\" alt=\"\" srcset=\"https:\/\/meditex.ee\/wp-content\/uploads\/2023\/08\/1218.webp 468w, https:\/\/meditex.ee\/wp-content\/uploads\/2023\/08\/1218-394x400.webp 394w, https:\/\/meditex.ee\/wp-content\/uploads\/2023\/08\/1218-100x100.webp 100w\" sizes=\"(max-width: 468px) 100vw, 468px\" \/>\t\t\t\t\t\t\n\t\t\t\t\t<\/div>\n\t\t\t\t\t\t\t\t\n<style>\n#image_576700477 {\n  width: 45%;\n}\n<\/style>\n\t<\/div>\n\t\n\t<div id=\"gap-1857846574\" class=\"gap-element clearfix\" style=\"display:block; height:auto;\">\n\t\t\n<style>\n#gap-1857846574 {\n  padding-top: 30px;\n}\n<\/style>\n\t<\/div>\n\t\n<p>Sader\u012bgie\u00a0<a href=\"https:\/\/www.tena.lv\/\">TENA<\/a>\u00a0produkti: Proskin Pants, Normal, Maxi, Slip, Flex.<\/p>\n<p>Inform\u0101cija ra\u017eot\u0101ja vietn\u0113 <a href=\"https:\/\/www.suprima-gmbh.de\/inkontinenz-slips\/2017\/pvc-slip-schlupfform\">https:\/\/www.suprima-gmbh.de\/inkontinenz-slips\/2017\/pvc-slip-schlupfform<\/a><\/p>\n<p>Par Suprima lasiet\u00a0<a href=\"https:\/\/meditex.ee\/lv\/suprima\/\">\u0161eit<\/a><\/p>\n<div class=\"row\"  id=\"row-1319016081\">\n\n\t<div id=\"col-1402372071\" class=\"col small-12 large-12\"  >\n\t\t\t\t<div class=\"col-inner\"  >\n\t\t\t\n\t\t\t\n<div class=\"is-divider divider clearfix\" style=\"max-width:1100px;height:1px;\"><\/div>\n<div class=\"row\"  id=\"row-104875749\">\n\n\t<div id=\"col-1833763234\" class=\"col medium-8 small-12 large-8\"  >\n\t\t\t\t<div class=\"col-inner\"  >\n\t\t\t\n\t\t\t\n<h4 style=\"text-align: left;\">K\u0101p\u0113c vienreizlietojamo auti\u0146biks\u012b\u0161u viet\u0101 izmantot ve\u013cu, kas paredz\u0113ta nesatur\u0113\u0161anas gad\u012bjumiem.<\/h4>\n<p style=\"text-align: left;\"><span style=\"font-weight: 400;\">Viengabala bikses ir \u013coti popul\u0101ras. <\/span><span style=\"font-weight: 400;\">Ta\u010du katru reizi, kad ir j\u0101p\u0101r\u0123\u0113rbjas vienreizlietojam\u0101s biks\u0113s, ir j\u0101\u0123\u0113rbjas l\u012bdz apaviem, kas var b\u016bt gan nehigi\u0113niski, gan ne\u0113rti. \u012apa\u0161i publisk\u0101s viet\u0101s.<\/span><\/p>\n\t\t<\/div>\n\t\t\t\t\t<\/div>\n\n\t\n\n\t<div id=\"col-1160306523\" class=\"col medium-4 small-12 large-4\"  >\n\t\t\t\t<div class=\"col-inner text-center\"  >\n\t\t\t\n\t\t\t\n\t<div class=\"img has-hover x md-x lg-x y md-y lg-y\" id=\"image_1709305184\">\n\t\t\t\t\t\t\t\t<div class=\"img-inner dark\" >\n\t\t\t<img decoding=\"async\" width=\"500\" height=\"500\" src=\"https:\/\/meditex.ee\/wp-content\/uploads\/2021\/02\/disposable-pants.png\" class=\"attachment-large size-large\" alt=\"\" srcset=\"https:\/\/meditex.ee\/wp-content\/uploads\/2021\/02\/disposable-pants.png 500w, https:\/\/meditex.ee\/wp-content\/uploads\/2021\/02\/disposable-pants-100x100.png 100w, https:\/\/meditex.ee\/wp-content\/uploads\/2021\/02\/disposable-pants-400x400.png 400w, https:\/\/meditex.ee\/wp-content\/uploads\/2021\/02\/disposable-pants-280x280.png 280w, https:\/\/meditex.ee\/wp-content\/uploads\/2021\/02\/disposable-pants-300x300.png 300w\" sizes=\"(max-width: 500px) 100vw, 500px\" \/>\t\t\t\t\t\t\n\t\t\t\t\t<\/div>\n\t\t\t\t\t\t\t\t\n<style>\n#image_1709305184 {\n  width: 41%;\n}\n<\/style>\n\t<\/div>\n\t\n\t\t<\/div>\n\t\t\t\t\t<\/div>\n\n\t\n<\/div>\n<div class=\"row\"  id=\"row-790033137\">\n\n\t<div id=\"col-2133988544\" class=\"col medium-4 small-12 large-4\"  >\n\t\t\t\t<div class=\"col-inner text-center\"  >\n\t\t\t\n\t\t\t\n\t<div class=\"img has-hover x md-x lg-x y md-y lg-y\" id=\"image_367440349\">\n\t\t\t\t\t\t\t\t<div class=\"img-inner dark\" >\n\t\t\t<img decoding=\"async\" width=\"800\" height=\"400\" src=\"https:\/\/meditex.ee\/wp-content\/uploads\/2021\/02\/suprima-lahendus.png\" class=\"attachment-large size-large\" alt=\"\" srcset=\"https:\/\/meditex.ee\/wp-content\/uploads\/2021\/02\/suprima-lahendus.png 800w, https:\/\/meditex.ee\/wp-content\/uploads\/2021\/02\/suprima-lahendus-510x255.png 510w, https:\/\/meditex.ee\/wp-content\/uploads\/2021\/02\/suprima-lahendus-768x384.png 768w, https:\/\/meditex.ee\/wp-content\/uploads\/2021\/02\/suprima-lahendus-600x300.png 600w\" sizes=\"(max-width: 800px) 100vw, 800px\" \/>\t\t\t\t\t\t\n\t\t\t\t\t<\/div>\n\t\t\t\t\t\t\t\t\n<style>\n#image_367440349 {\n  width: 81%;\n}\n<\/style>\n\t<\/div>\n\t\n\t\t<\/div>\n\t\t\t\t\t<\/div>\n\n\t\n\n\t<div id=\"col-1750715506\" class=\"col medium-8 small-12 large-8\"  >\n\t\t\t\t<div class=\"col-inner\"  >\n\t\t\t\n\t\t\t\n<p style=\"text-align: left;\"><span style=\"font-weight: 400;\">Risin\u0101jums &#8211; k<\/span><span style=\"font-weight: 400;\">n\u0113s\u0101jot suprima apak\u0161ve\u013cu ar vienreizlietojamiem p\u0101rs\u0113jiem, j\u016bs main\u0101t tikai p\u0101rs\u0113jus.<\/span><\/p>\n<p style=\"text-align: left;\"><span style=\"font-weight: 400;\">P\u0101rs\u0113ji ir l\u0113t\u0101ki nek\u0101 vienreizlietojam\u0101s bikses. Turkl\u0101t kaklasaites rada maz\u0101k atkritumu nek\u0101 vienreizlietojam\u0101s bikses, un var teikt, ka t\u0101s ir videi draudz\u012bg\u0101ka ve\u013cas un kaklasaites kombin\u0101cija. <\/span><\/p>\n\t\t<\/div>\n\t\t\t\t\t<\/div>\n\n\t\n<\/div>\n<div class=\"row\"  id=\"row-662320639\">\n\n\t<div id=\"col-2003830101\" class=\"col small-12 large-12\"  >\n\t\t\t\t<div class=\"col-inner\"  >\n\t\t\t\n\t\t\t\n<p style=\"text-align: left;\"><span style=\"font-weight: 400;\">Nep\u0101rtrauktas mazg\u0101\u0161anas priek\u0161roc\u012bbas:<\/span><\/p>\n<p style=\"text-align: left;\"><b>Rentabls<\/b><span style=\"font-weight: 400;\">. Mazg\u0101jam\u0101s bikses kalpo ilgi, jo t\u0101s var mazg\u0101t vair\u0101kas reizes. Tas padara tos par rentablu un iztur\u012bgu risin\u0101jumu. S\u0101kotn\u0113j\u0101 pirkuma cena var \u0161\u0137ist d\u0101rga, ta\u010du ilgtermi\u0146\u0101 mazg\u0101jam\u0101s apak\u0161bikses ir l\u0113t\u0101kas nek\u0101 vienreizlietojam\u0101 aizsardz\u012bba.<\/span><\/p>\n<p style=\"text-align: left;\"><b>Diskr\u0113ts.<\/b><span style=\"font-weight: 400;\"> Mazg\u0101jam\u0101s inkontinences bikses ir pl\u0101n\u0101kas, kas noz\u012bm\u0113, ka t\u0101s bie\u017ei vien ir diskr\u0113t\u0101kas un maz\u0101k paman\u0101mas. Mazg\u0101jam\u0101m biks\u0113m nav auti\u0146biks\u012b\u0161u izskata, un t\u0101s ir veidotas t\u0101, lai izskat\u012btos k\u0101 parastas bikses.<\/span><\/p>\n<p style=\"text-align: left;\"><b>Izskats.<\/b><span style=\"font-weight: 400;\"> Mazg\u0101jam\u0101 apak\u0161ve\u013ca ir da\u017e\u0101da stila. Gan v\u012brie\u0161i, gan sievietes atrad\u012bs sev piem\u0113rotu modeli. Ir gan bokseri, gan parastas biks\u012btes.<\/span><\/p>\n\t\t<\/div>\n\t\t\t\t\t<\/div>\n\n\t\n<\/div>\n\t\t<\/div>\n\t\t\t\t\t<\/div>\n\n\t\n<\/div>\n","protected":false},"excerpt":{"rendered":"<p style=\"text-align: left;\"><span style=\"color: #000000; font-size: 75%;\">Sievie\u0161u un v\u012brie\u0161u apak\u0161ve\u013ca nesatur\u0113\u0161anas gad\u012bjum\u0101.<\/span><\/p>\n<p><img decoding=\"async\" class=\"size-full wp-image-10880 alignleft\" src=\"https:\/\/meditex.ee\/wp-content\/uploads\/2020\/10\/tilk5.png\" alt=\"\" width=\"129\" height=\"33\" \/><\/p>\n<p>&nbsp;<\/p>\n","protected":false},"featured_media":15256,"template":"","meta":[],"product_brand":[],"product_cat":[496],"product_tag":[587,588],"class_list":{"0":"post-16836","1":"product","2":"type-product","3":"status-publish","4":"has-post-thumbnail","6":"product_cat-nesaturesanas-vela","7":"product_tag-suprima-lv","8":"product_tag-unisex-lv","10":"first","11":"instock","12":"taxable","13":"shipping-taxable","14":"purchasable","15":"product-type-variable"},"yoast_head":"<!-- This site is optimized with the Yoast SEO plugin v27.2 - https:\/\/yoast.com\/product\/yoast-seo-wordpress\/ -->\n<title>Inkontinences apak\u0161ve\u013ca, PVC unisex<\/title>\n<meta name=\"description\" content=\"Suprima uzvelkam\u0101 PVC apak\u0161ve\u013ca nodro\u0161ina ne tikai lielisku valk\u0101\u0161anas komfortu, bet ar\u012b uzticamu aizsardz\u012bbu pret \u0161\u0137idrumu nopl\u016bdi.\" \/>\n<meta name=\"robots\" content=\"index, follow, max-snippet:-1, max-image-preview:large, max-video-preview:-1\" \/>\n<link rel=\"canonical\" href=\"https:\/\/meditex.ee\/lv\/produkts\/inkontinences-apaksvela-pvc\/\" \/>\n<meta property=\"og:locale\" content=\"lv_LV\" \/>\n<meta property=\"og:type\" content=\"article\" \/>\n<meta property=\"og:title\" content=\"Inkontinences apak\u0161ve\u013ca, PVC unisex\" \/>\n<meta property=\"og:description\" content=\"Suprima uzvelkam\u0101 PVC apak\u0161ve\u013ca nodro\u0161ina ne tikai lielisku valk\u0101\u0161anas komfortu, bet ar\u012b uzticamu aizsardz\u012bbu pret \u0161\u0137idrumu nopl\u016bdi.\" \/>\n<meta property=\"og:url\" content=\"https:\/\/meditex.ee\/lv\/produkts\/inkontinences-apaksvela-pvc\/\" \/>\n<meta property=\"og:site_name\" content=\"Meditex\" \/>\n<meta property=\"article:publisher\" content=\"https:\/\/www.facebook.com\/meditexepood\/\" \/>\n<meta property=\"article:modified_time\" content=\"2023-08-10T12:03:33+00:00\" \/>\n<meta property=\"og:image\" content=\"https:\/\/meditex.ee\/wp-content\/uploads\/2020\/10\/suprima_1218-009_D-2.jpg\" \/>\n\t<meta property=\"og:image:width\" content=\"1063\" \/>\n\t<meta property=\"og:image:height\" content=\"1417\" \/>\n\t<meta property=\"og:image:type\" content=\"image\/jpeg\" \/>\n<meta name=\"twitter:card\" content=\"summary_large_image\" \/>\n<meta name=\"twitter:label1\" content=\"Est. reading time\" \/>\n\t<meta name=\"twitter:data1\" content=\"2 minutes\" \/>\n<script type=\"application\/ld+json\" class=\"yoast-schema-graph\">{\"@context\":\"https:\/\/schema.org\",\"@graph\":[{\"@type\":\"WebPage\",\"@id\":\"https:\/\/meditex.ee\/lv\/produkts\/inkontinences-apaksvela-pvc\/\",\"url\":\"https:\/\/meditex.ee\/lv\/produkts\/inkontinences-apaksvela-pvc\/\",\"name\":\"Inkontinences apak\u0161ve\u013ca, PVC unisex\",\"isPartOf\":{\"@id\":\"https:\/\/meditex.ee\/en\/#website\"},\"primaryImageOfPage\":{\"@id\":\"https:\/\/meditex.ee\/lv\/produkts\/inkontinences-apaksvela-pvc\/#primaryimage\"},\"image\":{\"@id\":\"https:\/\/meditex.ee\/lv\/produkts\/inkontinences-apaksvela-pvc\/#primaryimage\"},\"thumbnailUrl\":\"https:\/\/meditex.ee\/wp-content\/uploads\/2020\/10\/suprima_1218-009_D-2.jpg\",\"datePublished\":\"2023-07-31T10:24:53+00:00\",\"dateModified\":\"2023-08-10T12:03:33+00:00\",\"description\":\"Suprima uzvelkam\u0101 PVC apak\u0161ve\u013ca nodro\u0161ina ne tikai lielisku valk\u0101\u0161anas komfortu, bet ar\u012b uzticamu aizsardz\u012bbu pret \u0161\u0137idrumu nopl\u016bdi.\",\"breadcrumb\":{\"@id\":\"https:\/\/meditex.ee\/lv\/produkts\/inkontinences-apaksvela-pvc\/#breadcrumb\"},\"inLanguage\":\"lv-LV\",\"potentialAction\":[{\"@type\":\"ReadAction\",\"target\":[\"https:\/\/meditex.ee\/lv\/produkts\/inkontinences-apaksvela-pvc\/\"]}]},{\"@type\":\"ImageObject\",\"inLanguage\":\"lv-LV\",\"@id\":\"https:\/\/meditex.ee\/lv\/produkts\/inkontinences-apaksvela-pvc\/#primaryimage\",\"url\":\"https:\/\/meditex.ee\/wp-content\/uploads\/2020\/10\/suprima_1218-009_D-2.jpg\",\"contentUrl\":\"https:\/\/meditex.ee\/wp-content\/uploads\/2020\/10\/suprima_1218-009_D-2.jpg\",\"width\":1063,\"height\":1417},{\"@type\":\"BreadcrumbList\",\"@id\":\"https:\/\/meditex.ee\/lv\/produkts\/inkontinences-apaksvela-pvc\/#breadcrumb\",\"itemListElement\":[{\"@type\":\"ListItem\",\"position\":1,\"name\":\"Home\",\"item\":\"https:\/\/meditex.ee\/lv\/\"},{\"@type\":\"ListItem\",\"position\":2,\"name\":\"Veikals\",\"item\":\"https:\/\/meditex.ee\/lv\/veikals\/\"},{\"@type\":\"ListItem\",\"position\":3,\"name\":\"Inkontinences apak\u0161ve\u013ca, PVC\"}]},{\"@type\":\"WebSite\",\"@id\":\"https:\/\/meditex.ee\/en\/#website\",\"url\":\"https:\/\/meditex.ee\/en\/\",\"name\":\"Meditex\",\"description\":\"\",\"publisher\":{\"@id\":\"https:\/\/meditex.ee\/en\/#organization\"},\"potentialAction\":[{\"@type\":\"SearchAction\",\"target\":{\"@type\":\"EntryPoint\",\"urlTemplate\":\"https:\/\/meditex.ee\/en\/?s={search_term_string}\"},\"query-input\":{\"@type\":\"PropertyValueSpecification\",\"valueRequired\":true,\"valueName\":\"search_term_string\"}}],\"inLanguage\":\"lv-LV\"},{\"@type\":\"Organization\",\"@id\":\"https:\/\/meditex.ee\/en\/#organization\",\"name\":\"Meditex\",\"url\":\"https:\/\/meditex.ee\/en\/\",\"logo\":{\"@type\":\"ImageObject\",\"inLanguage\":\"lv-LV\",\"@id\":\"https:\/\/meditex.ee\/en\/#\/schema\/logo\/image\/\",\"url\":\"https:\/\/meditex.ee\/wp-content\/uploads\/2018\/03\/mdtx_logo.png\",\"contentUrl\":\"https:\/\/meditex.ee\/wp-content\/uploads\/2018\/03\/mdtx_logo.png\",\"width\":669,\"height\":235,\"caption\":\"Meditex\"},\"image\":{\"@id\":\"https:\/\/meditex.ee\/en\/#\/schema\/logo\/image\/\"},\"sameAs\":[\"https:\/\/www.facebook.com\/meditexepood\/\"]}]}<\/script>\n<!-- \/ Yoast SEO plugin. -->","yoast_head_json":{"title":"Inkontinences apak\u0161ve\u013ca, PVC unisex","description":"Suprima uzvelkam\u0101 PVC apak\u0161ve\u013ca nodro\u0161ina ne tikai lielisku valk\u0101\u0161anas komfortu, bet ar\u012b uzticamu aizsardz\u012bbu pret \u0161\u0137idrumu nopl\u016bdi.","robots":{"index":"index","follow":"follow","max-snippet":"max-snippet:-1","max-image-preview":"max-image-preview:large","max-video-preview":"max-video-preview:-1"},"canonical":"https:\/\/meditex.ee\/lv\/produkts\/inkontinences-apaksvela-pvc\/","og_locale":"lv_LV","og_type":"article","og_title":"Inkontinences apak\u0161ve\u013ca, PVC unisex","og_description":"Suprima uzvelkam\u0101 PVC apak\u0161ve\u013ca nodro\u0161ina ne tikai lielisku valk\u0101\u0161anas komfortu, bet ar\u012b uzticamu aizsardz\u012bbu pret \u0161\u0137idrumu nopl\u016bdi.","og_url":"https:\/\/meditex.ee\/lv\/produkts\/inkontinences-apaksvela-pvc\/","og_site_name":"Meditex","article_publisher":"https:\/\/www.facebook.com\/meditexepood\/","article_modified_time":"2023-08-10T12:03:33+00:00","og_image":[{"width":1063,"height":1417,"url":"https:\/\/meditex.ee\/wp-content\/uploads\/2020\/10\/suprima_1218-009_D-2.jpg","type":"image\/jpeg"}],"twitter_card":"summary_large_image","twitter_misc":{"Est. reading time":"2 minutes"},"schema":{"@context":"https:\/\/schema.org","@graph":[{"@type":"WebPage","@id":"https:\/\/meditex.ee\/lv\/produkts\/inkontinences-apaksvela-pvc\/","url":"https:\/\/meditex.ee\/lv\/produkts\/inkontinences-apaksvela-pvc\/","name":"Inkontinences apak\u0161ve\u013ca, PVC unisex","isPartOf":{"@id":"https:\/\/meditex.ee\/en\/#website"},"primaryImageOfPage":{"@id":"https:\/\/meditex.ee\/lv\/produkts\/inkontinences-apaksvela-pvc\/#primaryimage"},"image":{"@id":"https:\/\/meditex.ee\/lv\/produkts\/inkontinences-apaksvela-pvc\/#primaryimage"},"thumbnailUrl":"https:\/\/meditex.ee\/wp-content\/uploads\/2020\/10\/suprima_1218-009_D-2.jpg","datePublished":"2023-07-31T10:24:53+00:00","dateModified":"2023-08-10T12:03:33+00:00","description":"Suprima uzvelkam\u0101 PVC apak\u0161ve\u013ca nodro\u0161ina ne tikai lielisku valk\u0101\u0161anas komfortu, bet ar\u012b uzticamu aizsardz\u012bbu pret \u0161\u0137idrumu nopl\u016bdi.","breadcrumb":{"@id":"https:\/\/meditex.ee\/lv\/produkts\/inkontinences-apaksvela-pvc\/#breadcrumb"},"inLanguage":"lv-LV","potentialAction":[{"@type":"ReadAction","target":["https:\/\/meditex.ee\/lv\/produkts\/inkontinences-apaksvela-pvc\/"]}]},{"@type":"ImageObject","inLanguage":"lv-LV","@id":"https:\/\/meditex.ee\/lv\/produkts\/inkontinences-apaksvela-pvc\/#primaryimage","url":"https:\/\/meditex.ee\/wp-content\/uploads\/2020\/10\/suprima_1218-009_D-2.jpg","contentUrl":"https:\/\/meditex.ee\/wp-content\/uploads\/2020\/10\/suprima_1218-009_D-2.jpg","width":1063,"height":1417},{"@type":"BreadcrumbList","@id":"https:\/\/meditex.ee\/lv\/produkts\/inkontinences-apaksvela-pvc\/#breadcrumb","itemListElement":[{"@type":"ListItem","position":1,"name":"Home","item":"https:\/\/meditex.ee\/lv\/"},{"@type":"ListItem","position":2,"name":"Veikals","item":"https:\/\/meditex.ee\/lv\/veikals\/"},{"@type":"ListItem","position":3,"name":"Inkontinences apak\u0161ve\u013ca, PVC"}]},{"@type":"WebSite","@id":"https:\/\/meditex.ee\/en\/#website","url":"https:\/\/meditex.ee\/en\/","name":"Meditex","description":"","publisher":{"@id":"https:\/\/meditex.ee\/en\/#organization"},"potentialAction":[{"@type":"SearchAction","target":{"@type":"EntryPoint","urlTemplate":"https:\/\/meditex.ee\/en\/?s={search_term_string}"},"query-input":{"@type":"PropertyValueSpecification","valueRequired":true,"valueName":"search_term_string"}}],"inLanguage":"lv-LV"},{"@type":"Organization","@id":"https:\/\/meditex.ee\/en\/#organization","name":"Meditex","url":"https:\/\/meditex.ee\/en\/","logo":{"@type":"ImageObject","inLanguage":"lv-LV","@id":"https:\/\/meditex.ee\/en\/#\/schema\/logo\/image\/","url":"https:\/\/meditex.ee\/wp-content\/uploads\/2018\/03\/mdtx_logo.png","contentUrl":"https:\/\/meditex.ee\/wp-content\/uploads\/2018\/03\/mdtx_logo.png","width":669,"height":235,"caption":"Meditex"},"image":{"@id":"https:\/\/meditex.ee\/en\/#\/schema\/logo\/image\/"},"sameAs":["https:\/\/www.facebook.com\/meditexepood\/"]}]}},"_links":{"self":[{"href":"https:\/\/meditex.ee\/lv\/wp-json\/wp\/v2\/product\/16836","targetHints":{"allow":["GET"]}}],"collection":[{"href":"https:\/\/meditex.ee\/lv\/wp-json\/wp\/v2\/product"}],"about":[{"href":"https:\/\/meditex.ee\/lv\/wp-json\/wp\/v2\/types\/product"}],"wp:featuredmedia":[{"embeddable":true,"href":"https:\/\/meditex.ee\/lv\/wp-json\/wp\/v2\/media\/15256"}],"wp:attachment":[{"href":"https:\/\/meditex.ee\/lv\/wp-json\/wp\/v2\/media?parent=16836"}],"wp:term":[{"taxonomy":"product_brand","embeddable":true,"href":"https:\/\/meditex.ee\/lv\/wp-json\/wp\/v2\/product_brand?post=16836"},{"taxonomy":"product_cat","embeddable":true,"href":"https:\/\/meditex.ee\/lv\/wp-json\/wp\/v2\/product_cat?post=16836"},{"taxonomy":"product_tag","embeddable":true,"href":"https:\/\/meditex.ee\/lv\/wp-json\/wp\/v2\/product_tag?post=16836"}],"curies":[{"name":"wp","href":"https:\/\/api.w.org\/{rel}","templated":true}]}}