{"id":16835,"date":"2018-04-03T09:14:08","date_gmt":"2018-04-03T09:14:08","guid":{"rendered":"https:\/\/meditex.ee\/product\/carefix-implantu-stabilizacijas-josta\/"},"modified":"2025-11-20T15:07:37","modified_gmt":"2025-11-20T15:07:37","slug":"stabilizacijas-josta","status":"publish","type":"product","link":"https:\/\/meditex.ee\/lv\/produkts\/stabilizacijas-josta\/","title":{"rendered":"Carefix implanta stabiliz\u0101cijas josta"},"content":{"rendered":"<div class=\"row align-bottom\"  id=\"row-1910172524\">\n\n\t<div id=\"col-252541586\" class=\"col medium-4 small-12 large-4\"  >\n\t\t\t\t<div class=\"col-inner\"  >\n\t\t\t\n\t\t\t\n\t\t<\/div>\n\t\t\t\t\t<\/div>\n\n\t\n\n\t<div id=\"col-940373315\" class=\"col medium-4 small-12 large-4\"  >\n\t\t\t\t<div class=\"col-inner\"  >\n\t\t\t\n\t\t\t\n\t\t<\/div>\n\t\t\t\t\t<\/div>\n\n\t\n\n\t<div id=\"col-1845926307\" class=\"col medium-4 small-12 large-4\"  >\n\t\t\t\t<div class=\"col-inner text-right\"  >\n\t\t\t\n\t\t\t\n\t<div class=\"img has-hover x md-x lg-x y md-y lg-y\" id=\"image_445970976\">\n\t\t\t\t\t\t\t\t<div class=\"img-inner dark\" >\n\t\t\t<img decoding=\"async\" width=\"1020\" height=\"315\" src=\"https:\/\/meditex.ee\/wp-content\/uploads\/2018\/03\/CAREFIX_PAYOFF_4F-1400x433.png\" class=\"attachment-large size-large\" alt=\"\" srcset=\"https:\/\/meditex.ee\/wp-content\/uploads\/2018\/03\/CAREFIX_PAYOFF_4F-1400x433.png 1400w, https:\/\/meditex.ee\/wp-content\/uploads\/2018\/03\/CAREFIX_PAYOFF_4F-510x158.png 510w, https:\/\/meditex.ee\/wp-content\/uploads\/2018\/03\/CAREFIX_PAYOFF_4F-800x248.png 800w, https:\/\/meditex.ee\/wp-content\/uploads\/2018\/03\/CAREFIX_PAYOFF_4F-768x238.png 768w, https:\/\/meditex.ee\/wp-content\/uploads\/2018\/03\/CAREFIX_PAYOFF_4F-600x186.png 600w, https:\/\/meditex.ee\/wp-content\/uploads\/2018\/03\/CAREFIX_PAYOFF_4F.png 2038w\" sizes=\"(max-width: 1020px) 100vw, 1020px\" \/>\t\t\t\t\t\t\n\t\t\t\t\t<\/div>\n\t\t\t\t\t\t\t\t\n<style>\n#image_445970976 {\n  width: 50%;\n}\n<\/style>\n\t<\/div>\n\t\n\t\t<\/div>\n\t\t\t\t\t<\/div>\n\n\t\n<\/div>\n<p><span style=\"font-size: 105%;\"><strong>APRAKSTS:<\/strong><\/span> Implanta stabiliz\u0101cijas josta ir paredz\u0113ta kr\u016b\u0161u implantu stabiliz\u0113\u0161anai un pozicion\u0113\u0161anai p\u0113c kr\u016b\u0161u palielin\u0101\u0161anas. Regul\u0113jama priek\u0161\u0113j\u0101 <em>Velcro<\/em> tipa\u00a0aizdare, kas izstr\u0101d\u0101ta no m\u012bksta, elpojo\u0161a materi\u0101la. Nodro\u0161ina nevainojamu l\u012bdzsvaru starp komfortu un kompresiju. Implanta stabiliz\u0101cijas jostu ir viegli uzlikt un piel\u0101got vien\u0101 izm\u0113r\u0101.<\/p>\n<p><span style=\"font-size: 105%;\"><strong>SAST\u0100VS:<\/strong><\/span> 62% Poliam\u012bds, 29% Viskoze, 9 % Elast\u0101ns<\/p>\n<p class=\"western\" style=\"text-align: left;\"><span style=\"font-size: 105%; color: #000000;\"><strong><span style=\"font-family: Arial, serif;\">IZM\u0112RS:<\/span><\/strong><span style=\"font-family: Arial, serif;\">\u00a090X9,5 \u0441\u043c<\/span><\/span><\/p>\n<p class=\"western\" style=\"text-align: left;\"><span style=\"color: #333399; font-size: 105%;\"><strong><span style=\"font-family: Arial, serif;\">SADER\u012aGI PRODUKTI:<\/span><\/strong><\/span><\/p>\n<div class=\"row row-full-width align-equal align-center\"  id=\"row-369951575\">\n\n\t<div id=\"col-1984250038\" class=\"col medium-3 small-6 large-3\"  >\n\t\t\t\t<div class=\"col-inner text-center\"  >\n\t\t\t\n\t\t\t\n\t<div class=\"box has-hover   has-hover box-text-bottom\" >\n\n\t\t<div class=\"box-image\" >\n\t\t\t<a href=\"https:\/\/meditex.ee\/product\/ava\/\" >\t\t\t<div class=\"\" >\n\t\t\t\t<img decoding=\"async\" width=\"600\" height=\"767\" src=\"https:\/\/meditex.ee\/wp-content\/uploads\/2018\/03\/ava_3444_wh_front_100.jpg\" class=\"attachment- size-\" alt=\"\" srcset=\"https:\/\/meditex.ee\/wp-content\/uploads\/2018\/03\/ava_3444_wh_front_100.jpg 600w, https:\/\/meditex.ee\/wp-content\/uploads\/2018\/03\/ava_3444_wh_front_100-510x652.jpg 510w, https:\/\/meditex.ee\/wp-content\/uploads\/2018\/03\/ava_3444_wh_front_100-313x400.jpg 313w\" sizes=\"(max-width: 600px) 100vw, 600px\" \/>\t\t\t\t\t\t\t\t\t\t\t<\/div>\n\t\t\t<\/a>\t\t<\/div>\n\n\t\t<div class=\"box-text text-center\" >\n\t\t\t<div class=\"box-text-inner\">\n\t\t\t\t\n<h3 style=\"text-align: center;\"><a href=\"https:\/\/meditex.ee\/lv\/?post_type=product&amp;p=15583\"><span style=\"color: #000000;\">AVA<\/span><\/a><\/h3>\n\t\t\t<\/div>\n\t\t<\/div>\n\t<\/div>\n\t\n\t\t<\/div>\n\t\t\t\t\t<\/div>\n\n\t\n\n\t<div id=\"col-1571098957\" class=\"col medium-3 small-6 large-3\"  >\n\t\t\t\t<div class=\"col-inner text-center\"  >\n\t\t\t\n\t\t\t\n\t<div class=\"box has-hover   has-hover box-text-bottom\" >\n\n\t\t<div class=\"box-image\" >\n\t\t\t<a href=\"https:\/\/meditex.ee\/product\/alice\/\" >\t\t\t<div class=\"\" >\n\t\t\t\t<img decoding=\"async\" width=\"400\" height=\"532\" src=\"https:\/\/meditex.ee\/wp-content\/uploads\/2018\/04\/alice_3291_bl_front_100-400x532.jpg\" class=\"attachment- size-\" alt=\"\" srcset=\"https:\/\/meditex.ee\/wp-content\/uploads\/2018\/04\/alice_3291_bl_front_100-400x532.jpg 400w, https:\/\/meditex.ee\/wp-content\/uploads\/2018\/04\/alice_3291_bl_front_100-400x532-301x400.jpg 301w\" sizes=\"(max-width: 400px) 100vw, 400px\" \/>\t\t\t\t\t\t\t\t\t\t\t<\/div>\n\t\t\t<\/a>\t\t<\/div>\n\n\t\t<div class=\"box-text text-center\" >\n\t\t\t<div class=\"box-text-inner\">\n\t\t\t\t\n<h3 style=\"text-align: center;\"><a href=\"https:\/\/meditex.ee\/lv\/?post_type=product&amp;p=15564\"><span style=\"color: #000000;\">ALICE<\/span><\/a><\/h3>\n\t\t\t<\/div>\n\t\t<\/div>\n\t<\/div>\n\t\n\t\t<\/div>\n\t\t\t\t\t<\/div>\n\n\t\n\n\t<div id=\"col-691423990\" class=\"col medium-3 small-6 large-3\"  >\n\t\t\t\t<div class=\"col-inner text-center\"  >\n\t\t\t\n\t\t\t\n\t<div class=\"box has-hover   has-hover box-text-bottom\" >\n\n\t\t<div class=\"box-image\" >\n\t\t\t<a href=\"https:\/\/meditex.ee\/product\/mary\/\" >\t\t\t<div class=\"\" >\n\t\t\t\t<img decoding=\"async\" width=\"600\" height=\"767\" src=\"https:\/\/meditex.ee\/wp-content\/uploads\/2018\/03\/mary_3343_wh2_front_100.jpg\" class=\"attachment- size-\" alt=\"\" srcset=\"https:\/\/meditex.ee\/wp-content\/uploads\/2018\/03\/mary_3343_wh2_front_100.jpg 600w, https:\/\/meditex.ee\/wp-content\/uploads\/2018\/03\/mary_3343_wh2_front_100-510x652.jpg 510w, https:\/\/meditex.ee\/wp-content\/uploads\/2018\/03\/mary_3343_wh2_front_100-313x400.jpg 313w\" sizes=\"(max-width: 600px) 100vw, 600px\" \/>\t\t\t\t\t\t\t\t\t\t\t<\/div>\n\t\t\t<\/a>\t\t<\/div>\n\n\t\t<div class=\"box-text text-center\" >\n\t\t\t<div class=\"box-text-inner\">\n\t\t\t\t\n<h3 style=\"text-align: center;\"><a href=\"https:\/\/meditex.ee\/lv\/?post_type=product&amp;p=15610\"><span style=\"color: #000000;\">MARY<\/span><\/a><\/h3>\n\t\t\t<\/div>\n\t\t<\/div>\n\t<\/div>\n\t\n\t\t<\/div>\n\t\t\t\t\t<\/div>\n\n\t\n\n\t<div id=\"col-298832379\" class=\"col medium-3 small-6 large-3\"  >\n\t\t\t\t<div class=\"col-inner text-center\"  >\n\t\t\t\n\t\t\t\n\t<div class=\"box has-hover   has-hover box-text-bottom\" >\n\n\t\t<div class=\"box-image\" >\n\t\t\t<a href=\"https:\/\/meditex.ee\/product\/bella\/\" >\t\t\t<div class=\"\" >\n\t\t\t\t<img decoding=\"async\" width=\"600\" height=\"767\" src=\"https:\/\/meditex.ee\/wp-content\/uploads\/2018\/04\/bella_3212_wh_front_100.jpg\" class=\"attachment- size-\" alt=\"\" srcset=\"https:\/\/meditex.ee\/wp-content\/uploads\/2018\/04\/bella_3212_wh_front_100.jpg 600w, https:\/\/meditex.ee\/wp-content\/uploads\/2018\/04\/bella_3212_wh_front_100-510x652.jpg 510w, https:\/\/meditex.ee\/wp-content\/uploads\/2018\/04\/bella_3212_wh_front_100-313x400.jpg 313w\" sizes=\"(max-width: 600px) 100vw, 600px\" \/>\t\t\t\t\t\t\t\t\t\t\t<\/div>\n\t\t\t<\/a>\t\t<\/div>\n\n\t\t<div class=\"box-text text-center\" >\n\t\t\t<div class=\"box-text-inner\">\n\t\t\t\t\n<h3 style=\"text-align: center;\"><a href=\"https:\/\/meditex.ee\/lv\/?post_type=product&amp;p=15594\"><span style=\"color: #000000;\">BELLA<\/span><\/a><\/h3>\n\t\t\t<\/div>\n\t\t<\/div>\n\t<\/div>\n\t\n\t\t<\/div>\n\t\t\t\t\t<\/div>\n\n\t\n<\/div>\n","protected":false},"excerpt":{"rendered":"<p style=\"text-align: left;\" align=\"justify\"><span style=\"color: #000000; font-size: 75%;\"><span style=\"font-family: HelveticaNeueLT Std Lt, sans-serif;\">Kr\u016b\u0161u implantu stabiliz\u0101cijai un pozicion\u0113\u0161anai, lai ieg\u016btu optim\u0101lus \u0137irur\u0123iskus rezult\u0101tus un elegantas formas kr\u016btis.<\/span><\/span><\/p>\n","protected":false},"featured_media":14481,"template":"","meta":[],"product_brand":[],"product_cat":[357],"product_tag":[93],"class_list":{"0":"post-16835","1":"product","2":"type-product","3":"status-publish","4":"has-post-thumbnail","6":"product_cat-lisatooted","7":"product_tag-carefix","9":"first","10":"instock","11":"taxable","12":"shipping-taxable","13":"purchasable","14":"product-type-variable","15":"has-default-attributes"},"yoast_head":"<!-- This site is optimized with the Yoast SEO plugin v27.3 - https:\/\/yoast.com\/product\/yoast-seo-wordpress\/ -->\n<title>%%%%%%%Carefix implanta stabiliz\u0101cijas josta<\/title>\n<meta name=\"description\" content=\"Lai stabiliz\u0113tu kr\u016b\u0161u implantus p\u0113c kr\u016b\u0161u palielin\u0101\u0161anas. Ar regul\u0113jamu \u017eaketes aizdares stiprin\u0101jumu un izgatavota no m\u012bksta, elpojo\u0161a materi\u0101la.\" \/>\n<meta name=\"robots\" content=\"index, follow, max-snippet:-1, max-image-preview:large, max-video-preview:-1\" \/>\n<link rel=\"canonical\" href=\"https:\/\/meditex.ee\/toode\/stabiliseeriv-voo\/\" \/>\n<meta property=\"og:locale\" content=\"lv_LV\" \/>\n<meta property=\"og:type\" content=\"article\" \/>\n<meta property=\"og:title\" content=\"%%%%%%%Carefix implanta stabiliz\u0101cijas josta\" \/>\n<meta property=\"og:description\" content=\"Lai stabiliz\u0113tu kr\u016b\u0161u implantus p\u0113c kr\u016b\u0161u palielin\u0101\u0161anas. Ar regul\u0113jamu \u017eaketes aizdares stiprin\u0101jumu un izgatavota no m\u012bksta, elpojo\u0161a materi\u0101la.\" \/>\n<meta property=\"og:url\" content=\"https:\/\/meditex.ee\/toode\/stabiliseeriv-voo\/\" \/>\n<meta property=\"og:site_name\" content=\"Meditex\" \/>\n<meta property=\"article:publisher\" content=\"https:\/\/www.facebook.com\/meditexepood\/\" \/>\n<meta property=\"article:modified_time\" content=\"2025-11-20T15:07:37+00:00\" \/>\n<meta property=\"og:image\" content=\"https:\/\/meditex.ee\/wp-content\/uploads\/2018\/04\/isb_8113_black_front_100.jpg\" \/>\n\t<meta property=\"og:image:width\" content=\"600\" \/>\n\t<meta property=\"og:image:height\" content=\"639\" \/>\n\t<meta property=\"og:image:type\" content=\"image\/jpeg\" \/>\n<meta name=\"twitter:card\" content=\"summary_large_image\" \/>\n<meta name=\"twitter:label1\" content=\"Est. reading time\" \/>\n\t<meta name=\"twitter:data1\" content=\"1 minute\" \/>\n<script type=\"application\/ld+json\" class=\"yoast-schema-graph\">{\"@context\":\"https:\\\/\\\/schema.org\",\"@graph\":[{\"@type\":\"WebPage\",\"@id\":\"https:\\\/\\\/meditex.ee\\\/toode\\\/stabiliseeriv-voo\\\/\",\"url\":\"https:\\\/\\\/meditex.ee\\\/toode\\\/stabiliseeriv-voo\\\/\",\"name\":\"%%%%%%%Carefix implanta stabiliz\u0101cijas josta\",\"isPartOf\":{\"@id\":\"https:\\\/\\\/meditex.ee\\\/en\\\/#website\"},\"primaryImageOfPage\":{\"@id\":\"https:\\\/\\\/meditex.ee\\\/toode\\\/stabiliseeriv-voo\\\/#primaryimage\"},\"image\":{\"@id\":\"https:\\\/\\\/meditex.ee\\\/toode\\\/stabiliseeriv-voo\\\/#primaryimage\"},\"thumbnailUrl\":\"https:\\\/\\\/meditex.ee\\\/wp-content\\\/uploads\\\/2018\\\/04\\\/isb_8113_black_front_100.jpg\",\"datePublished\":\"2018-04-03T09:14:08+00:00\",\"dateModified\":\"2025-11-20T15:07:37+00:00\",\"description\":\"Lai stabiliz\u0113tu kr\u016b\u0161u implantus p\u0113c kr\u016b\u0161u palielin\u0101\u0161anas. Ar regul\u0113jamu \u017eaketes aizdares stiprin\u0101jumu un izgatavota no m\u012bksta, elpojo\u0161a materi\u0101la.\",\"breadcrumb\":{\"@id\":\"https:\\\/\\\/meditex.ee\\\/toode\\\/stabiliseeriv-voo\\\/#breadcrumb\"},\"inLanguage\":\"lv-LV\",\"potentialAction\":[{\"@type\":\"ReadAction\",\"target\":[\"https:\\\/\\\/meditex.ee\\\/toode\\\/stabiliseeriv-voo\\\/\"]}]},{\"@type\":\"ImageObject\",\"inLanguage\":\"lv-LV\",\"@id\":\"https:\\\/\\\/meditex.ee\\\/toode\\\/stabiliseeriv-voo\\\/#primaryimage\",\"url\":\"https:\\\/\\\/meditex.ee\\\/wp-content\\\/uploads\\\/2018\\\/04\\\/isb_8113_black_front_100.jpg\",\"contentUrl\":\"https:\\\/\\\/meditex.ee\\\/wp-content\\\/uploads\\\/2018\\\/04\\\/isb_8113_black_front_100.jpg\",\"width\":600,\"height\":639,\"caption\":\"P\u00e4rast rinnaimplantaatide paigaldust taastumiseks kasutatav stabiliseeriv v\u00f6\u00f6.\"},{\"@type\":\"BreadcrumbList\",\"@id\":\"https:\\\/\\\/meditex.ee\\\/toode\\\/stabiliseeriv-voo\\\/#breadcrumb\",\"itemListElement\":[{\"@type\":\"ListItem\",\"position\":1,\"name\":\"Home\",\"item\":\"https:\\\/\\\/meditex.ee\\\/lv\\\/\"},{\"@type\":\"ListItem\",\"position\":2,\"name\":\"Veikals\",\"item\":\"https:\\\/\\\/meditex.ee\\\/lv\\\/veikals\\\/\"},{\"@type\":\"ListItem\",\"position\":3,\"name\":\"Carefix implanta stabiliz\u0101cijas josta\"}]},{\"@type\":\"WebSite\",\"@id\":\"https:\\\/\\\/meditex.ee\\\/en\\\/#website\",\"url\":\"https:\\\/\\\/meditex.ee\\\/en\\\/\",\"name\":\"Meditex\",\"description\":\"\",\"publisher\":{\"@id\":\"https:\\\/\\\/meditex.ee\\\/en\\\/#organization\"},\"potentialAction\":[{\"@type\":\"SearchAction\",\"target\":{\"@type\":\"EntryPoint\",\"urlTemplate\":\"https:\\\/\\\/meditex.ee\\\/en\\\/?s={search_term_string}\"},\"query-input\":{\"@type\":\"PropertyValueSpecification\",\"valueRequired\":true,\"valueName\":\"search_term_string\"}}],\"inLanguage\":\"lv-LV\"},{\"@type\":\"Organization\",\"@id\":\"https:\\\/\\\/meditex.ee\\\/en\\\/#organization\",\"name\":\"Meditex\",\"url\":\"https:\\\/\\\/meditex.ee\\\/en\\\/\",\"logo\":{\"@type\":\"ImageObject\",\"inLanguage\":\"lv-LV\",\"@id\":\"https:\\\/\\\/meditex.ee\\\/en\\\/#\\\/schema\\\/logo\\\/image\\\/\",\"url\":\"https:\\\/\\\/meditex.ee\\\/wp-content\\\/uploads\\\/2018\\\/03\\\/mdtx_logo.png\",\"contentUrl\":\"https:\\\/\\\/meditex.ee\\\/wp-content\\\/uploads\\\/2018\\\/03\\\/mdtx_logo.png\",\"width\":669,\"height\":235,\"caption\":\"Meditex\"},\"image\":{\"@id\":\"https:\\\/\\\/meditex.ee\\\/en\\\/#\\\/schema\\\/logo\\\/image\\\/\"},\"sameAs\":[\"https:\\\/\\\/www.facebook.com\\\/meditexepood\\\/\"]}]}<\/script>\n<!-- \/ Yoast SEO plugin. -->","yoast_head_json":{"title":"%%%%%%%Carefix implanta stabiliz\u0101cijas josta","description":"Lai stabiliz\u0113tu kr\u016b\u0161u implantus p\u0113c kr\u016b\u0161u palielin\u0101\u0161anas. Ar regul\u0113jamu \u017eaketes aizdares stiprin\u0101jumu un izgatavota no m\u012bksta, elpojo\u0161a materi\u0101la.","robots":{"index":"index","follow":"follow","max-snippet":"max-snippet:-1","max-image-preview":"max-image-preview:large","max-video-preview":"max-video-preview:-1"},"canonical":"https:\/\/meditex.ee\/toode\/stabiliseeriv-voo\/","og_locale":"lv_LV","og_type":"article","og_title":"%%%%%%%Carefix implanta stabiliz\u0101cijas josta","og_description":"Lai stabiliz\u0113tu kr\u016b\u0161u implantus p\u0113c kr\u016b\u0161u palielin\u0101\u0161anas. Ar regul\u0113jamu \u017eaketes aizdares stiprin\u0101jumu un izgatavota no m\u012bksta, elpojo\u0161a materi\u0101la.","og_url":"https:\/\/meditex.ee\/toode\/stabiliseeriv-voo\/","og_site_name":"Meditex","article_publisher":"https:\/\/www.facebook.com\/meditexepood\/","article_modified_time":"2025-11-20T15:07:37+00:00","og_image":[{"width":600,"height":639,"url":"https:\/\/meditex.ee\/wp-content\/uploads\/2018\/04\/isb_8113_black_front_100.jpg","type":"image\/jpeg"}],"twitter_card":"summary_large_image","twitter_misc":{"Est. reading time":"1 minute"},"schema":{"@context":"https:\/\/schema.org","@graph":[{"@type":"WebPage","@id":"https:\/\/meditex.ee\/toode\/stabiliseeriv-voo\/","url":"https:\/\/meditex.ee\/toode\/stabiliseeriv-voo\/","name":"%%%%%%%Carefix implanta stabiliz\u0101cijas josta","isPartOf":{"@id":"https:\/\/meditex.ee\/en\/#website"},"primaryImageOfPage":{"@id":"https:\/\/meditex.ee\/toode\/stabiliseeriv-voo\/#primaryimage"},"image":{"@id":"https:\/\/meditex.ee\/toode\/stabiliseeriv-voo\/#primaryimage"},"thumbnailUrl":"https:\/\/meditex.ee\/wp-content\/uploads\/2018\/04\/isb_8113_black_front_100.jpg","datePublished":"2018-04-03T09:14:08+00:00","dateModified":"2025-11-20T15:07:37+00:00","description":"Lai stabiliz\u0113tu kr\u016b\u0161u implantus p\u0113c kr\u016b\u0161u palielin\u0101\u0161anas. Ar regul\u0113jamu \u017eaketes aizdares stiprin\u0101jumu un izgatavota no m\u012bksta, elpojo\u0161a materi\u0101la.","breadcrumb":{"@id":"https:\/\/meditex.ee\/toode\/stabiliseeriv-voo\/#breadcrumb"},"inLanguage":"lv-LV","potentialAction":[{"@type":"ReadAction","target":["https:\/\/meditex.ee\/toode\/stabiliseeriv-voo\/"]}]},{"@type":"ImageObject","inLanguage":"lv-LV","@id":"https:\/\/meditex.ee\/toode\/stabiliseeriv-voo\/#primaryimage","url":"https:\/\/meditex.ee\/wp-content\/uploads\/2018\/04\/isb_8113_black_front_100.jpg","contentUrl":"https:\/\/meditex.ee\/wp-content\/uploads\/2018\/04\/isb_8113_black_front_100.jpg","width":600,"height":639,"caption":"P\u00e4rast rinnaimplantaatide paigaldust taastumiseks kasutatav stabiliseeriv v\u00f6\u00f6."},{"@type":"BreadcrumbList","@id":"https:\/\/meditex.ee\/toode\/stabiliseeriv-voo\/#breadcrumb","itemListElement":[{"@type":"ListItem","position":1,"name":"Home","item":"https:\/\/meditex.ee\/lv\/"},{"@type":"ListItem","position":2,"name":"Veikals","item":"https:\/\/meditex.ee\/lv\/veikals\/"},{"@type":"ListItem","position":3,"name":"Carefix implanta stabiliz\u0101cijas josta"}]},{"@type":"WebSite","@id":"https:\/\/meditex.ee\/en\/#website","url":"https:\/\/meditex.ee\/en\/","name":"Meditex","description":"","publisher":{"@id":"https:\/\/meditex.ee\/en\/#organization"},"potentialAction":[{"@type":"SearchAction","target":{"@type":"EntryPoint","urlTemplate":"https:\/\/meditex.ee\/en\/?s={search_term_string}"},"query-input":{"@type":"PropertyValueSpecification","valueRequired":true,"valueName":"search_term_string"}}],"inLanguage":"lv-LV"},{"@type":"Organization","@id":"https:\/\/meditex.ee\/en\/#organization","name":"Meditex","url":"https:\/\/meditex.ee\/en\/","logo":{"@type":"ImageObject","inLanguage":"lv-LV","@id":"https:\/\/meditex.ee\/en\/#\/schema\/logo\/image\/","url":"https:\/\/meditex.ee\/wp-content\/uploads\/2018\/03\/mdtx_logo.png","contentUrl":"https:\/\/meditex.ee\/wp-content\/uploads\/2018\/03\/mdtx_logo.png","width":669,"height":235,"caption":"Meditex"},"image":{"@id":"https:\/\/meditex.ee\/en\/#\/schema\/logo\/image\/"},"sameAs":["https:\/\/www.facebook.com\/meditexepood\/"]}]}},"_links":{"self":[{"href":"https:\/\/meditex.ee\/lv\/wp-json\/wp\/v2\/product\/16835","targetHints":{"allow":["GET"]}}],"collection":[{"href":"https:\/\/meditex.ee\/lv\/wp-json\/wp\/v2\/product"}],"about":[{"href":"https:\/\/meditex.ee\/lv\/wp-json\/wp\/v2\/types\/product"}],"wp:featuredmedia":[{"embeddable":true,"href":"https:\/\/meditex.ee\/lv\/wp-json\/wp\/v2\/media\/14481"}],"wp:attachment":[{"href":"https:\/\/meditex.ee\/lv\/wp-json\/wp\/v2\/media?parent=16835"}],"wp:term":[{"taxonomy":"product_brand","embeddable":true,"href":"https:\/\/meditex.ee\/lv\/wp-json\/wp\/v2\/product_brand?post=16835"},{"taxonomy":"product_cat","embeddable":true,"href":"https:\/\/meditex.ee\/lv\/wp-json\/wp\/v2\/product_cat?post=16835"},{"taxonomy":"product_tag","embeddable":true,"href":"https:\/\/meditex.ee\/lv\/wp-json\/wp\/v2\/product_tag?post=16835"}],"curies":[{"name":"wp","href":"https:\/\/api.w.org\/{rel}","templated":true}]}}