{"id":16145,"date":"2023-04-28T09:26:17","date_gmt":"2023-04-28T09:26:24","guid":{"rendered":"https:\/\/meditex.ee\/?post_type=product&#038;p=16145"},"modified":"2023-08-08T08:27:45","modified_gmt":"2023-08-08T08:27:45","slug":"corsinel-maximum-viriesu-stomas-un-songas-apaksvela","status":"publish","type":"product","link":"https:\/\/meditex.ee\/lv\/produkts\/corsinel-maximum-viriesu-stomas-un-songas-apaksvela\/","title":{"rendered":"Corsinel Maximum v\u012brie\u0161u apak\u0161ve\u013ca ar augstu apak\u0161ve\u013cu stomai un mandel\u0113m"},"content":{"rendered":"<div class=\"row row-small align-bottom\"  id=\"row-800348539\">\n\n\t<div id=\"col-227019544\" class=\"col medium-6 small-12 large-6\"  >\n\t\t\t\t<div class=\"col-inner\"  >\n\t\t\t\n\t\t\t\n\t<div class=\"img has-hover x md-x lg-x y md-y lg-y\" id=\"image_557447722\">\n\t\t\t\t\t\t\t\t<div class=\"img-inner dark\" >\n\t\t\t<img decoding=\"async\" width=\"320\" height=\"320\" src=\"https:\/\/meditex.ee\/wp-content\/uploads\/2023\/04\/Maximum-Support-Icon.webp\" class=\"attachment-large size-large\" alt=\"maksimaalne tugi\" srcset=\"https:\/\/meditex.ee\/wp-content\/uploads\/2023\/04\/Maximum-Support-Icon.webp 320w, https:\/\/meditex.ee\/wp-content\/uploads\/2023\/04\/Maximum-Support-Icon-100x100.webp 100w, https:\/\/meditex.ee\/wp-content\/uploads\/2023\/04\/Maximum-Support-Icon-280x280.webp 280w\" sizes=\"(max-width: 320px) 100vw, 320px\" \/>\t\t\t\t\t\t\n\t\t\t\t\t<\/div>\n\t\t\t\t\t\t\t\t\n<style>\n#image_557447722 {\n  width: 30%;\n}\n<\/style>\n\t<\/div>\n\t\n\t\t<\/div>\n\t\t\t\t\t<\/div>\n\n\t\n\n\t<div id=\"col-835292320\" class=\"col medium-6 small-12 large-6\"  >\n\t\t\t\t<div class=\"col-inner text-right\"  >\n\t\t\t\n\t\t\t\n\t<div class=\"img has-hover x md-x lg-x y md-y lg-y\" id=\"image_1421867235\">\n\t\t\t\t\t\t\t\t<div class=\"img-inner dark\" >\n\t\t\t<img decoding=\"async\" width=\"1000\" height=\"285\" src=\"https:\/\/meditex.ee\/wp-content\/uploads\/2023\/04\/logo_86_11zon.jpg\" class=\"attachment-large size-large\" alt=\"\" srcset=\"https:\/\/meditex.ee\/wp-content\/uploads\/2023\/04\/logo_86_11zon.jpg 1000w, https:\/\/meditex.ee\/wp-content\/uploads\/2023\/04\/logo_86_11zon-510x145.jpg 510w, https:\/\/meditex.ee\/wp-content\/uploads\/2023\/04\/logo_86_11zon-800x228.jpg 800w, https:\/\/meditex.ee\/wp-content\/uploads\/2023\/04\/logo_86_11zon-768x219.jpg 768w\" sizes=\"(max-width: 1000px) 100vw, 1000px\" \/>\t\t\t\t\t\t\n\t\t\t\t\t<\/div>\n\t\t\t\t\t\t\t\t\n<style>\n#image_1421867235 {\n  width: 100%;\n}\n<\/style>\n\t<\/div>\n\t\n\t\t<\/div>\n\t\t\t\t\t<\/div>\n\n\t\n<\/div>\n<h3 style=\"text-align: left;\" data-fontsize=\"16\" data-lineheight=\"19\"><span style=\"color: #000000;\"><strong>Corsinel Maximum v\u012brie\u0161u apak\u0161ve\u013ca ar stomu un s\u0113kliniekiem<\/strong><\/span><\/h3>\n<p style=\"text-align: left;\"><span style=\"color: #000000;\">Corsinel maksim\u0101l\u0101 atbalsta mazg\u0101\u0161ana ir paredz\u0113ta, lai fiks\u0113tu stomas maisi\u0146u un\/vai atbalst\u012btu v\u0113derpl\u0113vi, lai nov\u0113rstu v\u0113dera satura izspie\u0161anu un notur\u0113tu samazin\u0101to v\u0113derpl\u0113vi v\u0113dera dobum\u0101.<\/span><\/p>\n<p style=\"text-align: left;\"><span style=\"color: #000000;\">Paredz\u0113ts p\u0113coperat\u012bvai lieto\u0161anai kolostomijas, ileostomijas vai urostomijas gad\u012bjum\u0101. Ar\u012b parastom\u0101lo vai citu v\u0113dera dobuma probl\u0113mu \u0101rst\u0113\u0161anai.<\/span><\/p>\n<p style=\"text-align: left;\"><span style=\"color: #000000;\">Paredz\u0113ts lieto\u0161anai gan ar 1, gan 2da\u013c\u012bg\u0101m sist\u0113m\u0101m.<\/span><\/p>\n<h4 style=\"text-align: left;\"><span style=\"color: #000000;\"><strong>Inform\u0101cija par produktu:<\/strong><\/span><\/h4>\n<ul style=\"text-align: left;\">\n<li><span style=\"color: #000000;\">Ide\u0101li piem\u0113rots lieto\u0161anai zem krekla, lai l\u012bdz minimumam samazin\u0101tu pa\u0161a ve\u013cas, stomas maisi\u0146a vai krekla redzam\u012bbu.<\/span><\/li>\n<li><span style=\"color: #000000;\">Apak\u0161ve\u013ca ir paredz\u0113ta ikdienas nep\u0101rtrauktai lieto\u0161anai m\u0101jas vai darba vajadz\u012bb\u0101m, k\u0101 ar\u012b hobijiem vai sportam.<\/span><\/li>\n<li><span style=\"color: #000000;\">Izskat\u0101s k\u0101 parasta apak\u0161ve\u013ca.<\/span><\/li>\n<li><span style=\"color: #000000;\">Maksim\u0101l\u0101 atbalsta ve\u013ca ir paredz\u0113ta songa apr\u016bpei, kad ir v\u0113lams un v\u0113lams maksim\u0101ls atbalsts un kompresija.<\/span><\/li>\n<li><span style=\"color: #000000;\">Var valk\u0101t visu dienu un, ja ir v\u0113l\u0113\u0161an\u0101s un panesam\u012bba, ar\u012b nakt\u012b.<\/span><\/li>\n<li><span style=\"color: #000000;\">Parastom\u0101l\u0101 dziesma pacientam var rad\u012bt papildu diskomfortu, piem\u0113ram, nopl\u016bdi, s\u0101pes, zarnu kust\u012bbas, kust\u012bbu trauc\u0113jumus.<\/span><\/li>\n<li><span style=\"color: #000000;\">Diskomforta saj\u016bta v\u0113der\u0101 var izrais\u012bt iev\u0113rojamas s\u0101pes un diskomfortu, un mazg\u0101\u0161ana ar maksim\u0101lu atbalstu var nov\u0113rst un atvieglot \u0161o diskomfortu.<\/span><\/li>\n<li><span style=\"color: #000000;\">K\u0101ju da\u013ca ir \u0161\u016bta no kokvilnas frot\u0113.<\/span><\/li>\n<li><span style=\"color: #000000;\">Ad\u012bts vien\u0101 gabal\u0101, t\u0101p\u0113c nav trauc\u0113jo\u0161u v\u012b\u013cu.<\/span><\/li>\n<\/ul>\n<p style=\"text-align: left;\"><span style=\"color: #000000;\"><em>Augstais modelis ir \u012bpa\u0161i piem\u0113rots stomai vai stomai, kas atrodas pie nabas vai virs t\u0101s.<\/em><\/span><\/p>\n<h4 style=\"text-align: left;\" data-fontsize=\"16\" data-lineheight=\"19\"><span style=\"color: #000000;\"><strong>Visp\u0101r\u012bgas \u012bpa\u0161\u012bbas:<\/strong><\/span><\/h4>\n<ul style=\"text-align: left;\">\n<li style=\"text-align: left;\">4 virzienu pagarin\u0101\u0161ana: liel\u0101ka kust\u012bbu br\u012bv\u012bba un atbilsto\u0161s atbalsts.<\/li>\n<li>Elpojo\u0161s: caurlaid\u012bgs gaisam un uzs\u016bco\u0161s mitrumu.<\/li>\n<li>Bez \u0161uv\u0113m: ve\u013ca ir ad\u012bta vien\u0101 gabal\u0101.<\/li>\n<\/ul>\n<h4 style=\"text-align: left;\"><strong>\u012apa\u0161as \u012bpa\u0161\u012bbas:<\/strong><\/h4>\n<ul>\n<li style=\"text-align: left;\">Stingri aust\u0101 aug\u0161\u0113j\u0101 da\u013ca atbalsta jostas un v\u0113dera musku\u013cus.<\/li>\n<li style=\"text-align: left;\">Izgatavots no m\u012bksta un \u0113rta materi\u0101la.<\/li>\n<li style=\"text-align: left;\">Apak\u0161da\u013ca ir izgatavota no m\u012bksta elast\u012bga trikot\u0101\u017eas materi\u0101la, kas atvieglo uzvilk\u0161anu un novilk\u0161anu.<\/li>\n<li style=\"text-align: left;\">Silikona pretsl\u012bdes raksts jostasviet\u0101, kas notur ve\u013cu sav\u0101 viet\u0101.<\/li>\n<li style=\"text-align: left;\">Veicina harmonisk\u0101ku \u0137erme\u0146a kont\u016bru veido\u0161anu.<\/li>\n<li style=\"text-align: left;\">Stomas maiss ir dro\u0161i nostiprin\u0101ts fiziskas aktivit\u0101tes laik\u0101.<\/li>\n<li style=\"text-align: left;\">Atvieglo songa rad\u012bto &#8220;krat\u012b\u0161anas&#8221; saj\u016btu.<\/li>\n<\/ul>\n\t<div id=\"gap-539839781\" class=\"gap-element clearfix\" style=\"display:block; height:auto;\">\n\t\t\n<style>\n#gap-539839781 {\n  padding-top: 30px;\n}\n<\/style>\n\t<\/div>\n\t\n<div class=\"row\"  id=\"row-1063782664\">\n\n\t<div id=\"col-879979570\" class=\"col small-12 large-12\"  >\n\t\t\t\t<div class=\"col-inner\"  >\n\t\t\t\n\t\t\t\n<p style=\"text-align: left;\"><strong>Materi\u0101ls:<\/strong> 70% poliam\u012bds, 30% elast\u0101ns.<\/p>\n<p style=\"text-align: left;\"><strong>IZM\u0112RI:<\/strong><\/p>\n\t\t<\/div>\n\t\t\t\t\t<\/div>\n\n\t\n<\/div>\n<div class=\"row\"  id=\"row-1005250782\">\n\n\t<div id=\"col-919683864\" class=\"col medium-6 small-12 large-6\"  >\n\t\t\t\t<div class=\"col-inner\"  >\n\t\t\t\n\t\t\t\n\t<div class=\"img has-hover x md-x lg-x y md-y lg-y\" id=\"image_994863395\">\n\t\t\t\t\t\t\t\t<div class=\"img-inner dark\" >\n\t\t\t<img decoding=\"async\" width=\"1020\" height=\"680\" src=\"https:\/\/meditex.ee\/wp-content\/uploads\/2023\/06\/Corsinel-size-guide-max-sup.webp\" class=\"attachment-large size-large\" alt=\"\" srcset=\"https:\/\/meditex.ee\/wp-content\/uploads\/2023\/06\/Corsinel-size-guide-max-sup.webp 1200w, https:\/\/meditex.ee\/wp-content\/uploads\/2023\/06\/Corsinel-size-guide-max-sup-510x340.webp 510w, https:\/\/meditex.ee\/wp-content\/uploads\/2023\/06\/Corsinel-size-guide-max-sup-600x400.webp 600w, https:\/\/meditex.ee\/wp-content\/uploads\/2023\/06\/Corsinel-size-guide-max-sup-768x512.webp 768w\" sizes=\"(max-width: 1020px) 100vw, 1020px\" \/>\t\t\t\t\t\t\n\t\t\t\t\t<\/div>\n\t\t\t\t\t\t\t\t\n<style>\n#image_994863395 {\n  width: 80%;\n}\n<\/style>\n\t<\/div>\n\t\n\t\t<\/div>\n\t\t\t\t\t<\/div>\n\n\t\n\n\t<div id=\"col-592157653\" class=\"col medium-5 small-12 large-5\"  >\n\t\t\t\t<div class=\"col-inner\"  >\n\t\t\t\n\t\t\t\n\t<div class=\"img has-hover x md-x lg-x y md-y lg-y\" id=\"image_189703045\">\n\t\t\t\t\t\t\t\t<div class=\"img-inner dark\" >\n\t\t\t<img decoding=\"async\" width=\"480\" height=\"300\" src=\"https:\/\/meditex.ee\/wp-content\/uploads\/2023\/05\/Corsinel_Measuring-waitline_.webp\" class=\"attachment-large size-large\" alt=\"\" \/>\t\t\t\t\t\t\n\t\t\t\t\t<\/div>\n\t\t\t\t\t\t\t\t\n<style>\n#image_189703045 {\n  width: 100%;\n}\n<\/style>\n\t<\/div>\n\t\n<p style=\"text-align: left;\"><span style=\"color: #000000;\">NB! Vienm\u0113r izm\u0113riet sevi, lai atrastu pareizo izm\u0113ru.<\/span><\/p>\n\t\t<\/div>\n\t\t\t\t\t<\/div>\n\n\t\n\n\t<div id=\"col-1220065998\" class=\"col medium-4 small-12 large-4\"  >\n\t\t\t\t<div class=\"col-inner\"  >\n\t\t\t\n\t\t\t\n\t\t<\/div>\n\t\t\t\t\t<\/div>\n\n\t\n<\/div>\n<div class=\"row\"  id=\"row-1141627553\">\n\n\t<div id=\"col-343959096\" class=\"col medium-4 small-12 large-4\"  >\n\t\t\t\t<div class=\"col-inner\"  >\n\t\t\t\n\t\t\t\n<p>Uztur\u0113\u0161ana:<\/p>\n\t<div class=\"img has-hover x md-x lg-x y md-y lg-y\" id=\"image_1758728274\">\n\t\t\t\t\t\t\t\t<div class=\"img-inner dark\" >\n\t\t\t<img decoding=\"async\" width=\"800\" height=\"200\" src=\"https:\/\/meditex.ee\/wp-content\/uploads\/2023\/04\/hooldus_11zon.jpg\" class=\"attachment-large size-large\" alt=\"\" srcset=\"https:\/\/meditex.ee\/wp-content\/uploads\/2023\/04\/hooldus_11zon.jpg 800w, https:\/\/meditex.ee\/wp-content\/uploads\/2023\/04\/hooldus_11zon-510x128.jpg 510w, https:\/\/meditex.ee\/wp-content\/uploads\/2023\/04\/hooldus_11zon-768x192.jpg 768w\" sizes=\"(max-width: 800px) 100vw, 800px\" \/>\t\t\t\t\t\t\n\t\t\t\t\t<\/div>\n\t\t\t\t\t\t\t\t\n<style>\n#image_1758728274 {\n  width: 100%;\n}\n<\/style>\n\t<\/div>\n\t\n\t\t<\/div>\n\t\t\t\t\t<\/div>\n\n\t\n<\/div>\n<div class=\"is-divider divider clearfix\" style=\"max-width:1100px;height:1px;background-color:rgb(0, 0, 0);\"><\/div>\n<p data-fontsize=\"16\" data-lineheight=\"19\">Vair\u0101k par Corsinel stomas un songa produktiem lasiet \u0161eit <a href=\"https:\/\/meditex.ee\/lv\/corsinel\/\">https:\/\/meditex.ee\/corsinel\/<\/a>.<\/p>\n<p data-fontsize=\"16\" data-lineheight=\"19\">Inform\u0101cija ra\u017eot\u0101ja t\u012bmek\u013ca vietn\u0113 <a href=\"https:\/\/t.ly\/Dio6\">https:\/\/t.ly\/Dio6<\/a><\/p>\n","protected":false},"excerpt":{"rendered":"<p style=\"text-align: left;\"><span style=\"font-size: 75%; color: #000000;\">Stomas un mande\u013cu mazg\u0101\u0161anas l\u012bdzeklis v\u012brie\u0161iem ar maksim\u0101lu atbalstu.<\/span><\/p>\n","protected":false},"featured_media":16153,"template":"","meta":[],"product_brand":[],"product_cat":[498],"product_tag":[522,506],"class_list":{"0":"post-16145","1":"product","2":"type-product","3":"status-publish","4":"has-post-thumbnail","6":"product_cat-ostomijas-un-truces-apaksvela","7":"product_tag-corsinel-lv","8":"product_tag-maksimalais-atbalsts","10":"first","11":"instock","12":"taxable","13":"shipping-taxable","14":"purchasable","15":"product-type-variable"},"yoast_head":"<!-- This site is optimized with the Yoast SEO plugin v27.3 - https:\/\/yoast.com\/product\/yoast-seo-wordpress\/ -->\n<title>Corsinel Maximum v\u012brie\u0161u apak\u0161ve\u013ca stomai un mandel\u0113m - meditex.ee<\/title>\n<meta name=\"description\" content=\"Corsinel Maksim\u0101lais maksim\u0101lais atbalsts V\u012brie\u0161u apak\u0161ve\u013ca ar stomu un labij\u0101m ir ide\u0101li piem\u0113rota lieto\u0161anai ar kolostomiju, ileostomiju, urostomiju vai labirintu.\" \/>\n<meta name=\"robots\" content=\"index, follow, max-snippet:-1, max-image-preview:large, max-video-preview:-1\" \/>\n<link rel=\"canonical\" href=\"https:\/\/meditex.ee\/lv\/produkts\/corsinel-maximum-viriesu-stomas-un-songas-apaksvela\/\" \/>\n<meta property=\"og:locale\" content=\"lv_LV\" \/>\n<meta property=\"og:type\" content=\"article\" \/>\n<meta property=\"og:title\" content=\"Corsinel Maximum v\u012brie\u0161u apak\u0161ve\u013ca stomai un mandel\u0113m - meditex.ee\" \/>\n<meta property=\"og:description\" content=\"Corsinel Maksim\u0101lais maksim\u0101lais atbalsts V\u012brie\u0161u apak\u0161ve\u013ca ar stomu un labij\u0101m ir ide\u0101li piem\u0113rota lieto\u0161anai ar kolostomiju, ileostomiju, urostomiju vai labirintu.\" \/>\n<meta property=\"og:url\" content=\"https:\/\/meditex.ee\/lv\/produkts\/corsinel-maximum-viriesu-stomas-un-songas-apaksvela\/\" \/>\n<meta property=\"og:site_name\" content=\"Meditex\" \/>\n<meta property=\"article:publisher\" content=\"https:\/\/www.facebook.com\/meditexepood\/\" \/>\n<meta property=\"article:modified_time\" content=\"2023-08-08T08:27:45+00:00\" \/>\n<meta property=\"og:image\" content=\"https:\/\/meditex.ee\/wp-content\/uploads\/2023\/04\/3841A-200_1_11zon.jpg\" \/>\n\t<meta property=\"og:image:width\" content=\"1500\" \/>\n\t<meta property=\"og:image:height\" content=\"1500\" \/>\n\t<meta property=\"og:image:type\" content=\"image\/jpeg\" \/>\n<meta name=\"twitter:card\" content=\"summary_large_image\" \/>\n<meta name=\"twitter:label1\" content=\"Est. reading time\" \/>\n\t<meta name=\"twitter:data1\" content=\"2 minutes\" \/>\n<script type=\"application\/ld+json\" class=\"yoast-schema-graph\">{\"@context\":\"https:\\\/\\\/schema.org\",\"@graph\":[{\"@type\":\"WebPage\",\"@id\":\"https:\\\/\\\/meditex.ee\\\/lv\\\/produkts\\\/corsinel-maximum-viriesu-stomas-un-songas-apaksvela\\\/\",\"url\":\"https:\\\/\\\/meditex.ee\\\/lv\\\/produkts\\\/corsinel-maximum-viriesu-stomas-un-songas-apaksvela\\\/\",\"name\":\"Corsinel Maximum v\u012brie\u0161u apak\u0161ve\u013ca stomai un mandel\u0113m - meditex.ee\",\"isPartOf\":{\"@id\":\"https:\\\/\\\/meditex.ee\\\/en\\\/#website\"},\"primaryImageOfPage\":{\"@id\":\"https:\\\/\\\/meditex.ee\\\/lv\\\/produkts\\\/corsinel-maximum-viriesu-stomas-un-songas-apaksvela\\\/#primaryimage\"},\"image\":{\"@id\":\"https:\\\/\\\/meditex.ee\\\/lv\\\/produkts\\\/corsinel-maximum-viriesu-stomas-un-songas-apaksvela\\\/#primaryimage\"},\"thumbnailUrl\":\"https:\\\/\\\/meditex.ee\\\/wp-content\\\/uploads\\\/2023\\\/04\\\/3841A-200_1_11zon.jpg\",\"datePublished\":\"2023-04-28T09:26:24+00:00\",\"dateModified\":\"2023-08-08T08:27:45+00:00\",\"description\":\"Corsinel Maksim\u0101lais maksim\u0101lais atbalsts V\u012brie\u0161u apak\u0161ve\u013ca ar stomu un labij\u0101m ir ide\u0101li piem\u0113rota lieto\u0161anai ar kolostomiju, ileostomiju, urostomiju vai labirintu.\",\"breadcrumb\":{\"@id\":\"https:\\\/\\\/meditex.ee\\\/lv\\\/produkts\\\/corsinel-maximum-viriesu-stomas-un-songas-apaksvela\\\/#breadcrumb\"},\"inLanguage\":\"lv-LV\",\"potentialAction\":[{\"@type\":\"ReadAction\",\"target\":[\"https:\\\/\\\/meditex.ee\\\/lv\\\/produkts\\\/corsinel-maximum-viriesu-stomas-un-songas-apaksvela\\\/\"]}]},{\"@type\":\"ImageObject\",\"inLanguage\":\"lv-LV\",\"@id\":\"https:\\\/\\\/meditex.ee\\\/lv\\\/produkts\\\/corsinel-maximum-viriesu-stomas-un-songas-apaksvela\\\/#primaryimage\",\"url\":\"https:\\\/\\\/meditex.ee\\\/wp-content\\\/uploads\\\/2023\\\/04\\\/3841A-200_1_11zon.jpg\",\"contentUrl\":\"https:\\\/\\\/meditex.ee\\\/wp-content\\\/uploads\\\/2023\\\/04\\\/3841A-200_1_11zon.jpg\",\"width\":1500,\"height\":1500,\"caption\":\"meeste bokser maksimaalse toega\"},{\"@type\":\"BreadcrumbList\",\"@id\":\"https:\\\/\\\/meditex.ee\\\/lv\\\/produkts\\\/corsinel-maximum-viriesu-stomas-un-songas-apaksvela\\\/#breadcrumb\",\"itemListElement\":[{\"@type\":\"ListItem\",\"position\":1,\"name\":\"Home\",\"item\":\"https:\\\/\\\/meditex.ee\\\/lv\\\/\"},{\"@type\":\"ListItem\",\"position\":2,\"name\":\"Veikals\",\"item\":\"https:\\\/\\\/meditex.ee\\\/lv\\\/veikals\\\/\"},{\"@type\":\"ListItem\",\"position\":3,\"name\":\"Corsinel Maximum v\u012brie\u0161u apak\u0161ve\u013ca ar augstu apak\u0161ve\u013cu stomai un mandel\u0113m\"}]},{\"@type\":\"WebSite\",\"@id\":\"https:\\\/\\\/meditex.ee\\\/en\\\/#website\",\"url\":\"https:\\\/\\\/meditex.ee\\\/en\\\/\",\"name\":\"Meditex\",\"description\":\"\",\"publisher\":{\"@id\":\"https:\\\/\\\/meditex.ee\\\/en\\\/#organization\"},\"potentialAction\":[{\"@type\":\"SearchAction\",\"target\":{\"@type\":\"EntryPoint\",\"urlTemplate\":\"https:\\\/\\\/meditex.ee\\\/en\\\/?s={search_term_string}\"},\"query-input\":{\"@type\":\"PropertyValueSpecification\",\"valueRequired\":true,\"valueName\":\"search_term_string\"}}],\"inLanguage\":\"lv-LV\"},{\"@type\":\"Organization\",\"@id\":\"https:\\\/\\\/meditex.ee\\\/en\\\/#organization\",\"name\":\"Meditex\",\"url\":\"https:\\\/\\\/meditex.ee\\\/en\\\/\",\"logo\":{\"@type\":\"ImageObject\",\"inLanguage\":\"lv-LV\",\"@id\":\"https:\\\/\\\/meditex.ee\\\/en\\\/#\\\/schema\\\/logo\\\/image\\\/\",\"url\":\"https:\\\/\\\/meditex.ee\\\/wp-content\\\/uploads\\\/2018\\\/03\\\/mdtx_logo.png\",\"contentUrl\":\"https:\\\/\\\/meditex.ee\\\/wp-content\\\/uploads\\\/2018\\\/03\\\/mdtx_logo.png\",\"width\":669,\"height\":235,\"caption\":\"Meditex\"},\"image\":{\"@id\":\"https:\\\/\\\/meditex.ee\\\/en\\\/#\\\/schema\\\/logo\\\/image\\\/\"},\"sameAs\":[\"https:\\\/\\\/www.facebook.com\\\/meditexepood\\\/\"]}]}<\/script>\n<!-- \/ Yoast SEO plugin. -->","yoast_head_json":{"title":"Corsinel Maximum v\u012brie\u0161u apak\u0161ve\u013ca stomai un mandel\u0113m - meditex.ee","description":"Corsinel Maksim\u0101lais maksim\u0101lais atbalsts V\u012brie\u0161u apak\u0161ve\u013ca ar stomu un labij\u0101m ir ide\u0101li piem\u0113rota lieto\u0161anai ar kolostomiju, ileostomiju, urostomiju vai labirintu.","robots":{"index":"index","follow":"follow","max-snippet":"max-snippet:-1","max-image-preview":"max-image-preview:large","max-video-preview":"max-video-preview:-1"},"canonical":"https:\/\/meditex.ee\/lv\/produkts\/corsinel-maximum-viriesu-stomas-un-songas-apaksvela\/","og_locale":"lv_LV","og_type":"article","og_title":"Corsinel Maximum v\u012brie\u0161u apak\u0161ve\u013ca stomai un mandel\u0113m - meditex.ee","og_description":"Corsinel Maksim\u0101lais maksim\u0101lais atbalsts V\u012brie\u0161u apak\u0161ve\u013ca ar stomu un labij\u0101m ir ide\u0101li piem\u0113rota lieto\u0161anai ar kolostomiju, ileostomiju, urostomiju vai labirintu.","og_url":"https:\/\/meditex.ee\/lv\/produkts\/corsinel-maximum-viriesu-stomas-un-songas-apaksvela\/","og_site_name":"Meditex","article_publisher":"https:\/\/www.facebook.com\/meditexepood\/","article_modified_time":"2023-08-08T08:27:45+00:00","og_image":[{"width":1500,"height":1500,"url":"https:\/\/meditex.ee\/wp-content\/uploads\/2023\/04\/3841A-200_1_11zon.jpg","type":"image\/jpeg"}],"twitter_card":"summary_large_image","twitter_misc":{"Est. reading time":"2 minutes"},"schema":{"@context":"https:\/\/schema.org","@graph":[{"@type":"WebPage","@id":"https:\/\/meditex.ee\/lv\/produkts\/corsinel-maximum-viriesu-stomas-un-songas-apaksvela\/","url":"https:\/\/meditex.ee\/lv\/produkts\/corsinel-maximum-viriesu-stomas-un-songas-apaksvela\/","name":"Corsinel Maximum v\u012brie\u0161u apak\u0161ve\u013ca stomai un mandel\u0113m - meditex.ee","isPartOf":{"@id":"https:\/\/meditex.ee\/en\/#website"},"primaryImageOfPage":{"@id":"https:\/\/meditex.ee\/lv\/produkts\/corsinel-maximum-viriesu-stomas-un-songas-apaksvela\/#primaryimage"},"image":{"@id":"https:\/\/meditex.ee\/lv\/produkts\/corsinel-maximum-viriesu-stomas-un-songas-apaksvela\/#primaryimage"},"thumbnailUrl":"https:\/\/meditex.ee\/wp-content\/uploads\/2023\/04\/3841A-200_1_11zon.jpg","datePublished":"2023-04-28T09:26:24+00:00","dateModified":"2023-08-08T08:27:45+00:00","description":"Corsinel Maksim\u0101lais maksim\u0101lais atbalsts V\u012brie\u0161u apak\u0161ve\u013ca ar stomu un labij\u0101m ir ide\u0101li piem\u0113rota lieto\u0161anai ar kolostomiju, ileostomiju, urostomiju vai labirintu.","breadcrumb":{"@id":"https:\/\/meditex.ee\/lv\/produkts\/corsinel-maximum-viriesu-stomas-un-songas-apaksvela\/#breadcrumb"},"inLanguage":"lv-LV","potentialAction":[{"@type":"ReadAction","target":["https:\/\/meditex.ee\/lv\/produkts\/corsinel-maximum-viriesu-stomas-un-songas-apaksvela\/"]}]},{"@type":"ImageObject","inLanguage":"lv-LV","@id":"https:\/\/meditex.ee\/lv\/produkts\/corsinel-maximum-viriesu-stomas-un-songas-apaksvela\/#primaryimage","url":"https:\/\/meditex.ee\/wp-content\/uploads\/2023\/04\/3841A-200_1_11zon.jpg","contentUrl":"https:\/\/meditex.ee\/wp-content\/uploads\/2023\/04\/3841A-200_1_11zon.jpg","width":1500,"height":1500,"caption":"meeste bokser maksimaalse toega"},{"@type":"BreadcrumbList","@id":"https:\/\/meditex.ee\/lv\/produkts\/corsinel-maximum-viriesu-stomas-un-songas-apaksvela\/#breadcrumb","itemListElement":[{"@type":"ListItem","position":1,"name":"Home","item":"https:\/\/meditex.ee\/lv\/"},{"@type":"ListItem","position":2,"name":"Veikals","item":"https:\/\/meditex.ee\/lv\/veikals\/"},{"@type":"ListItem","position":3,"name":"Corsinel Maximum v\u012brie\u0161u apak\u0161ve\u013ca ar augstu apak\u0161ve\u013cu stomai un mandel\u0113m"}]},{"@type":"WebSite","@id":"https:\/\/meditex.ee\/en\/#website","url":"https:\/\/meditex.ee\/en\/","name":"Meditex","description":"","publisher":{"@id":"https:\/\/meditex.ee\/en\/#organization"},"potentialAction":[{"@type":"SearchAction","target":{"@type":"EntryPoint","urlTemplate":"https:\/\/meditex.ee\/en\/?s={search_term_string}"},"query-input":{"@type":"PropertyValueSpecification","valueRequired":true,"valueName":"search_term_string"}}],"inLanguage":"lv-LV"},{"@type":"Organization","@id":"https:\/\/meditex.ee\/en\/#organization","name":"Meditex","url":"https:\/\/meditex.ee\/en\/","logo":{"@type":"ImageObject","inLanguage":"lv-LV","@id":"https:\/\/meditex.ee\/en\/#\/schema\/logo\/image\/","url":"https:\/\/meditex.ee\/wp-content\/uploads\/2018\/03\/mdtx_logo.png","contentUrl":"https:\/\/meditex.ee\/wp-content\/uploads\/2018\/03\/mdtx_logo.png","width":669,"height":235,"caption":"Meditex"},"image":{"@id":"https:\/\/meditex.ee\/en\/#\/schema\/logo\/image\/"},"sameAs":["https:\/\/www.facebook.com\/meditexepood\/"]}]}},"_links":{"self":[{"href":"https:\/\/meditex.ee\/lv\/wp-json\/wp\/v2\/product\/16145","targetHints":{"allow":["GET"]}}],"collection":[{"href":"https:\/\/meditex.ee\/lv\/wp-json\/wp\/v2\/product"}],"about":[{"href":"https:\/\/meditex.ee\/lv\/wp-json\/wp\/v2\/types\/product"}],"wp:featuredmedia":[{"embeddable":true,"href":"https:\/\/meditex.ee\/lv\/wp-json\/wp\/v2\/media\/16153"}],"wp:attachment":[{"href":"https:\/\/meditex.ee\/lv\/wp-json\/wp\/v2\/media?parent=16145"}],"wp:term":[{"taxonomy":"product_brand","embeddable":true,"href":"https:\/\/meditex.ee\/lv\/wp-json\/wp\/v2\/product_brand?post=16145"},{"taxonomy":"product_cat","embeddable":true,"href":"https:\/\/meditex.ee\/lv\/wp-json\/wp\/v2\/product_cat?post=16145"},{"taxonomy":"product_tag","embeddable":true,"href":"https:\/\/meditex.ee\/lv\/wp-json\/wp\/v2\/product_tag?post=16145"}],"curies":[{"name":"wp","href":"https:\/\/api.w.org\/{rel}","templated":true}]}}