{"id":15907,"date":"2018-04-04T08:40:13","date_gmt":"2023-08-08T08:12:11","guid":{"rendered":"https:\/\/meditex.ee\/?post_type=product&#038;p=15907"},"modified":"2023-08-08T08:26:21","modified_gmt":"2023-08-08T08:26:21","slug":"corsinel-regular-viriesu-augstbikses","status":"publish","type":"product","link":"https:\/\/meditex.ee\/lv\/produkts\/corsinel-regular-viriesu-augstbikses\/","title":{"rendered":"Corsinel Regular v\u012brie\u0161u augstbikses"},"content":{"rendered":"<div class=\"row row-small align-bottom\"  id=\"row-1691643209\">\n\n\t<div id=\"col-1353954716\" class=\"col medium-4 small-12 large-4\"  >\n\t\t\t\t<div class=\"col-inner\"  >\n\t\t\t\n\t\t\t\n\t<div class=\"img has-hover x md-x lg-x y md-y lg-y\" id=\"image_1734679404\">\n\t\t\t\t\t\t\t\t<div class=\"img-inner dark\" >\n\t\t\t<img decoding=\"async\" width=\"419\" height=\"420\" src=\"https:\/\/meditex.ee\/wp-content\/uploads\/2018\/03\/Corsinel-compression-level-icon_MEDIUM.png\" class=\"attachment-large size-large\" alt=\"\" srcset=\"https:\/\/meditex.ee\/wp-content\/uploads\/2018\/03\/Corsinel-compression-level-icon_MEDIUM.png 419w, https:\/\/meditex.ee\/wp-content\/uploads\/2018\/03\/Corsinel-compression-level-icon_MEDIUM-100x100.png 100w, https:\/\/meditex.ee\/wp-content\/uploads\/2018\/03\/Corsinel-compression-level-icon_MEDIUM-280x280.png 280w, https:\/\/meditex.ee\/wp-content\/uploads\/2018\/03\/Corsinel-compression-level-icon_MEDIUM-399x400.png 399w, https:\/\/meditex.ee\/wp-content\/uploads\/2018\/03\/Corsinel-compression-level-icon_MEDIUM-300x300.png 300w\" sizes=\"(max-width: 419px) 100vw, 419px\" \/>\t\t\t\t\t\t\n\t\t\t\t\t<\/div>\n\t\t\t\t\t\t\t\t\n<style>\n#image_1734679404 {\n  width: 30%;\n}\n<\/style>\n\t<\/div>\n\t\n\t\t<\/div>\n\t\t\t\t\t<\/div>\n\n\t\n\n\t<div id=\"col-65766994\" class=\"col medium-4 small-12 large-4\"  >\n\t\t\t\t<div class=\"col-inner\"  >\n\t\t\t\n\t\t\t\n\t\t<\/div>\n\t\t\t\t\t<\/div>\n\n\t\n\n\t<div id=\"col-1484801286\" class=\"col medium-4 small-12 large-4\"  >\n\t\t\t\t<div class=\"col-inner text-right\"  >\n\t\t\t\n\t\t\t\n\t<div class=\"img has-hover x md-x lg-x y md-y lg-y\" id=\"image_1205091189\">\n\t\t\t\t\t\t\t\t<div class=\"img-inner dark\" >\n\t\t\t<img decoding=\"async\" width=\"1020\" height=\"274\" src=\"https:\/\/meditex.ee\/wp-content\/uploads\/2018\/03\/Corsinel_Live-as-you-like_200mm-1400x376.png\" class=\"attachment-large size-large\" alt=\"\" srcset=\"https:\/\/meditex.ee\/wp-content\/uploads\/2018\/03\/Corsinel_Live-as-you-like_200mm-1400x376.png 1400w, https:\/\/meditex.ee\/wp-content\/uploads\/2018\/03\/Corsinel_Live-as-you-like_200mm-510x137.png 510w, https:\/\/meditex.ee\/wp-content\/uploads\/2018\/03\/Corsinel_Live-as-you-like_200mm-800x215.png 800w, https:\/\/meditex.ee\/wp-content\/uploads\/2018\/03\/Corsinel_Live-as-you-like_200mm-768x206.png 768w, https:\/\/meditex.ee\/wp-content\/uploads\/2018\/03\/Corsinel_Live-as-you-like_200mm-600x161.png 600w\" sizes=\"(max-width: 1020px) 100vw, 1020px\" \/>\t\t\t\t\t\t\n\t\t\t\t\t<\/div>\n\t\t\t\t\t\t\t\t\n<style>\n#image_1205091189 {\n  width: 50%;\n}\n<\/style>\n\t<\/div>\n\t\n\t\t<\/div>\n\t\t\t\t\t<\/div>\n\n\t\n<\/div>\n<p>Corsinel Regular ostomijas un tr\u016bces atbalsta apak\u0161ve\u013ca ir izstr\u0101d\u0101ta, lai sniegtu lietot\u0101jiem atbalstu, lai optim\u0101li fiks\u0113tu un atbalst\u012btu ostomijas maisi\u0146u. Turkl\u0101t Corsinel Regular apak\u0161ve\u013ca atbalsta ar\u012b v\u0113dera tr\u016bces, ja pietiek ar atbilsto\u0161u atbalstu vai ja nav priek\u0161roka vai nav pie\u013caujams augsts atbalsts. Ja nepiecie\u0161ams, apak\u0161ve\u013ca var kalpot ar\u012b k\u0101 nakts ap\u0123\u0113rbs.<\/p>\n<p>Gan sievie\u0161u, gan v\u012brie\u0161u mode\u013ci ir veidoti k\u0101 parasta apak\u0161ve\u013ca un ir \u013coti \u0113rti un diskr\u0113ti lieto\u0161an\u0101. Valk\u0101jot apak\u0161ve\u013cu katru dienu, nogurdino\u0161as aktivit\u0101tes k\u013c\u016bst viegl\u0101k veicamas. Apak\u0161ve\u013ca ar\u012b uzlabo gludu izskatu, sniedzot r\u012bc\u012bbas br\u012bv\u012bbu un mudinot piedal\u012bties sabiedriskaj\u0101 dz\u012bv\u0113.<\/p>\n<p>Corsinel Regular ostomijas un tr\u016bces atbalsta apak\u0161ve\u013cas stipr\u0101 aug\u0161da\u013ca atbalsta maisi\u0146u un\/vai tr\u016bci. Apak\u0161da\u013ca ir no m\u012bkst\u0101ka materi\u0101la, kas atvieglo ap\u0123\u0113rba uzvilk\u0161anu un novilk\u0161anu.<\/p>\n<p>Corsinel Regular ostomijas un tr\u016bces atbalsta apak\u0161ve\u013cai ir 4 virzienu stiep\u0161an\u0101s, kas noz\u012bm\u0113, ka t\u0101 vienm\u0113r lieliski piel\u0101gosies \u0137erme\u0146a kont\u016br\u0101m un nodro\u0161in\u0101s perfektu piegul\u0161anu. Apak\u0161ve\u013ca ir izgatavota no \u0101dai draudz\u012bga un lateksu nesaturo\u0161a materi\u0101la, lai nov\u0113rstu aler\u0123iskas reakcijas, aps\u0101rtumu vai \u0101das kairin\u0101jumu kopum\u0101.<\/p>\n<h3 data-fontsize=\"16\" data-lineheight=\"19\"><strong>Corsinel Regular v\u012brie\u0161u ostomijas un tr\u016bces apak\u0161ve\u013ca<\/strong><\/h3>\n<p><em>Corsinel<\/em> augstbikses ir \u012bpa\u0161i izstr\u0101d\u0101tas, lai nodro\u0161in\u0101tu papildu fiks\u0101ciju un atbalstu ostomijas somai. <em>Corsinel<\/em> augstbikses atbalsta un mazina ar\u012b parastom\u0101lo tr\u016bci, nabas tr\u016bci, epigastrisko tr\u016bci vai v\u0113dera r\u0113tas tr\u016bci. Bikses atbalsts sniedz remdino\u0161u atvieglojumu saj\u016btu, atbalsta mobilit\u0101ti, nov\u0113r\u0161 smaguma saj\u016btu, mazina s\u0101pes. Bikses var ar\u012b mazin\u0101t tr\u016bces att\u012bst\u012bbas risku. Ieteikumiem par bikses augstumu un lieto\u0161anu, l\u016bdzu, konsult\u0113jieties ar \u0101rstu vai apr\u016bp\u0113t\u0101ju.<\/p>\n<h4 style=\"text-align: left;\" data-fontsize=\"16\" data-lineheight=\"19\"><span style=\"color: #000000;\"><strong>\u012apa\u0161\u012bbas:<\/strong><\/span><\/h4>\n<ul>\n<li style=\"text-align: left;\">\n<p data-fontsize=\"16\" data-lineheight=\"19\"><em>Corsinel<\/em> iztur\u012bg\u0101 augstbikses aug\u0161da\u013ca atbalsta ostomijas somu un \/ vai tr\u016bci, savuk\u0101rt, apak\u0161da\u013ca, kas ir no m\u012bkst\u0101ka materi\u0101la, padara ap\u0123\u0113rbu viegli uzvelkamu un novelkamu<\/p>\n<\/li>\n<li style=\"text-align: left;\">\n<p data-fontsize=\"16\" data-lineheight=\"19\">Izstr\u0101d\u0101ta k\u0101 parasta apak\u0161ve\u013ca<\/p>\n<\/li>\n<li style=\"text-align: left;\">\n<p data-fontsize=\"16\" data-lineheight=\"19\">Nodro\u0161ina vienm\u0113r\u012bgu un diskr\u0113tu izskatu un veicina soci\u0101l\u0101s aktivit\u0101tes<\/p>\n<\/li>\n<li style=\"text-align: left;\">\n<p data-fontsize=\"16\" data-lineheight=\"19\">Gaisa, mitruma caurlaid\u012bgs un \u0101dai saudz\u012bgs materi\u0101ls<\/p>\n<\/li>\n<li style=\"text-align: left;\">\n<p data-fontsize=\"16\" data-lineheight=\"19\">4-virzienu elast\u012bgums uzlabot\u0101kai kust\u012bbas br\u012bv\u012bbai un piegul\u0161anas atbalstam<\/p>\n<\/li>\n<li style=\"text-align: left;\">\n<p data-fontsize=\"16\" data-lineheight=\"19\">Bez\u0161uvju ad\u012bjuma dizains optim\u0101lai \u0101das saudz\u0113\u0161anai<\/p>\n<\/li>\n<li style=\"text-align: left;\">\n<p data-fontsize=\"16\" data-lineheight=\"19\">Mazg\u0101jams<\/p>\n<\/li>\n<li style=\"text-align: left;\">\n<p data-fontsize=\"16\" data-lineheight=\"19\">Nesatur lateksu<\/p>\n<\/li>\n<li style=\"text-align: left;\">\n<p data-fontsize=\"16\" data-lineheight=\"19\">24 stundu lieto\u0161anai<\/p>\n<\/li>\n<\/ul>\n<p>IZM\u0112RI:<\/p>\n<div class=\"row\"  id=\"row-1889192969\">\n\n\t<div id=\"col-147243472\" class=\"col medium-8 small-12 large-8\"  >\n\t\t\t\t<div class=\"col-inner\"  >\n\t\t\t\n\t\t\t\n\t<div class=\"img has-hover x md-x lg-x y md-y lg-y\" id=\"image_1469416907\">\n\t\t\t\t\t\t\t\t<div class=\"img-inner dark\" >\n\t\t\t<img decoding=\"async\" width=\"556\" height=\"261\" src=\"https:\/\/meditex.ee\/wp-content\/uploads\/2023\/08\/meeste-suurus-regular.webp\" class=\"attachment-large size-large\" alt=\"\" srcset=\"https:\/\/meditex.ee\/wp-content\/uploads\/2023\/08\/meeste-suurus-regular.webp 556w, https:\/\/meditex.ee\/wp-content\/uploads\/2023\/08\/meeste-suurus-regular-510x239.webp 510w\" sizes=\"(max-width: 556px) 100vw, 556px\" \/>\t\t\t\t\t\t\n\t\t\t\t\t<\/div>\n\t\t\t\t\t\t\t\t\n<style>\n#image_1469416907 {\n  width: 80%;\n}\n<\/style>\n\t<\/div>\n\t\n\t\t<\/div>\n\t\t\t\t\t<\/div>\n\n\t\n\n\t<div id=\"col-1364879003\" class=\"col medium-4 small-12 large-4\"  >\n\t\t\t\t<div class=\"col-inner\"  >\n\t\t\t\n\t\t\t\n\t<div class=\"img has-hover x md-x lg-x y md-y lg-y\" id=\"image_1105011216\">\n\t\t\t\t\t\t\t\t<div class=\"img-inner dark\" >\n\t\t\t<img decoding=\"async\" width=\"480\" height=\"300\" src=\"https:\/\/meditex.ee\/wp-content\/uploads\/2023\/05\/Corsinel_Measuring-waitline_.webp\" class=\"attachment-large size-large\" alt=\"\" \/>\t\t\t\t\t\t\n\t\t\t\t\t<\/div>\n\t\t\t\t\t\t\t\t\n<style>\n#image_1105011216 {\n  width: 100%;\n}\n<\/style>\n\t<\/div>\n\t\n\t\t<\/div>\n\t\t\t\t\t<\/div>\n\n\t\n<\/div>\n<p>PIEZ\u012aME: Liel\u0101kam atbalstam, samaziniet izm\u0113ru par vienu izm\u0113ru, savuk\u0101rt, lai ieg\u016btu maz\u0101ku atbalstu, palieliniet izm\u0113ru par vienu izm\u0113ru.<\/p>\n<p>SVAR\u012aGI: Vienm\u0113r izm\u0113riet sevi, lai noskaidrotu pareizo izm\u0113ru.<\/p>\n<p data-fontsize=\"16\" data-lineheight=\"19\">Lasiet \u0161eit par Corsinel ostomijas un tr\u016bces produktiem <a href=\"https:\/\/meditex.ee\/lv\/corsinel\/\">https:\/\/meditex.ee\/corsinel\/<\/a><\/p>\n<p data-fontsize=\"16\" data-lineheight=\"19\">Inform\u0101cija ra\u017eot\u0101ja vietn\u0113 <a href=\"https:\/\/www.corsinel.com\/en\/product\/353251-01-01-1mb\">https:\/\/www.corsinel.com\/en\/product\/353251-01-01-1mb<\/a><\/p>\n","protected":false},"excerpt":{"rendered":"<p><span style=\"font-size: 85%;\">Vid\u0113ja atbalsta v\u012brie\u0161u ostomijas un tr\u016bces apak\u0161ve\u013ca.<\/span><\/p>\n","protected":false},"featured_media":15203,"template":"","meta":[],"product_brand":[],"product_cat":[498],"product_tag":[522,508],"class_list":{"0":"post-15907","1":"product","2":"type-product","3":"status-publish","4":"has-post-thumbnail","6":"product_cat-ostomijas-un-truces-apaksvela","7":"product_tag-corsinel-lv","8":"product_tag-merens-atbalsts","10":"first","11":"instock","12":"taxable","13":"shipping-taxable","14":"purchasable","15":"product-type-variable"},"yoast_head":"<!-- This site is optimized with the Yoast SEO plugin v27.3 - https:\/\/yoast.com\/product\/yoast-seo-wordpress\/ -->\n<title>Corsinel Regular v\u012brie\u0161u ostomijas un tr\u016bces apak\u0161ve\u013ca<\/title>\n<meta name=\"description\" content=\"Corsinel augstbikses atbalsta un mazina ar\u012b parastom\u0101lo tr\u016bci, nabas tr\u016bci, epigastrisko tr\u016bci vai v\u0113dera r\u0113tas tr\u016bci.\" \/>\n<meta name=\"robots\" content=\"index, follow, max-snippet:-1, max-image-preview:large, max-video-preview:-1\" \/>\n<link rel=\"canonical\" href=\"https:\/\/meditex.ee\/lv\/produkts\/corsinel-regular-viriesu-augstbikses\/\" \/>\n<meta property=\"og:locale\" content=\"lv_LV\" \/>\n<meta property=\"og:type\" content=\"article\" \/>\n<meta property=\"og:title\" content=\"Corsinel Regular v\u012brie\u0161u ostomijas un tr\u016bces apak\u0161ve\u013ca\" \/>\n<meta property=\"og:description\" content=\"Corsinel augstbikses atbalsta un mazina ar\u012b parastom\u0101lo tr\u016bci, nabas tr\u016bci, epigastrisko tr\u016bci vai v\u0113dera r\u0113tas tr\u016bci.\" \/>\n<meta property=\"og:url\" content=\"https:\/\/meditex.ee\/lv\/produkts\/corsinel-regular-viriesu-augstbikses\/\" \/>\n<meta property=\"og:site_name\" content=\"Meditex\" \/>\n<meta property=\"article:publisher\" content=\"https:\/\/www.facebook.com\/meditexepood\/\" \/>\n<meta property=\"article:modified_time\" content=\"2023-08-08T08:26:21+00:00\" \/>\n<meta property=\"og:image\" content=\"https:\/\/meditex.ee\/wp-content\/uploads\/2018\/04\/Corsinel-meeste-k\u00f5rge.png\" \/>\n\t<meta property=\"og:image:width\" content=\"800\" \/>\n\t<meta property=\"og:image:height\" content=\"800\" \/>\n\t<meta property=\"og:image:type\" content=\"image\/png\" \/>\n<meta name=\"twitter:card\" content=\"summary_large_image\" \/>\n<meta name=\"twitter:label1\" content=\"Est. reading time\" \/>\n\t<meta name=\"twitter:data1\" content=\"2 minutes\" \/>\n<script type=\"application\/ld+json\" class=\"yoast-schema-graph\">{\"@context\":\"https:\\\/\\\/schema.org\",\"@graph\":[{\"@type\":\"WebPage\",\"@id\":\"https:\\\/\\\/meditex.ee\\\/lv\\\/produkts\\\/corsinel-regular-viriesu-augstbikses\\\/\",\"url\":\"https:\\\/\\\/meditex.ee\\\/lv\\\/produkts\\\/corsinel-regular-viriesu-augstbikses\\\/\",\"name\":\"Corsinel Regular v\u012brie\u0161u ostomijas un tr\u016bces apak\u0161ve\u013ca\",\"isPartOf\":{\"@id\":\"https:\\\/\\\/meditex.ee\\\/en\\\/#website\"},\"primaryImageOfPage\":{\"@id\":\"https:\\\/\\\/meditex.ee\\\/lv\\\/produkts\\\/corsinel-regular-viriesu-augstbikses\\\/#primaryimage\"},\"image\":{\"@id\":\"https:\\\/\\\/meditex.ee\\\/lv\\\/produkts\\\/corsinel-regular-viriesu-augstbikses\\\/#primaryimage\"},\"thumbnailUrl\":\"https:\\\/\\\/meditex.ee\\\/wp-content\\\/uploads\\\/2018\\\/04\\\/Corsinel-meeste-k\u00f5rge.png\",\"datePublished\":\"2023-08-08T08:12:11+00:00\",\"dateModified\":\"2023-08-08T08:26:21+00:00\",\"description\":\"Corsinel augstbikses atbalsta un mazina ar\u012b parastom\u0101lo tr\u016bci, nabas tr\u016bci, epigastrisko tr\u016bci vai v\u0113dera r\u0113tas tr\u016bci.\",\"breadcrumb\":{\"@id\":\"https:\\\/\\\/meditex.ee\\\/lv\\\/produkts\\\/corsinel-regular-viriesu-augstbikses\\\/#breadcrumb\"},\"inLanguage\":\"lv-LV\",\"potentialAction\":[{\"@type\":\"ReadAction\",\"target\":[\"https:\\\/\\\/meditex.ee\\\/lv\\\/produkts\\\/corsinel-regular-viriesu-augstbikses\\\/\"]}]},{\"@type\":\"ImageObject\",\"inLanguage\":\"lv-LV\",\"@id\":\"https:\\\/\\\/meditex.ee\\\/lv\\\/produkts\\\/corsinel-regular-viriesu-augstbikses\\\/#primaryimage\",\"url\":\"https:\\\/\\\/meditex.ee\\\/wp-content\\\/uploads\\\/2018\\\/04\\\/Corsinel-meeste-k\u00f5rge.png\",\"contentUrl\":\"https:\\\/\\\/meditex.ee\\\/wp-content\\\/uploads\\\/2018\\\/04\\\/Corsinel-meeste-k\u00f5rge.png\",\"width\":800,\"height\":800},{\"@type\":\"BreadcrumbList\",\"@id\":\"https:\\\/\\\/meditex.ee\\\/lv\\\/produkts\\\/corsinel-regular-viriesu-augstbikses\\\/#breadcrumb\",\"itemListElement\":[{\"@type\":\"ListItem\",\"position\":1,\"name\":\"Home\",\"item\":\"https:\\\/\\\/meditex.ee\\\/lv\\\/\"},{\"@type\":\"ListItem\",\"position\":2,\"name\":\"Veikals\",\"item\":\"https:\\\/\\\/meditex.ee\\\/lv\\\/veikals\\\/\"},{\"@type\":\"ListItem\",\"position\":3,\"name\":\"Corsinel Regular v\u012brie\u0161u augstbikses\"}]},{\"@type\":\"WebSite\",\"@id\":\"https:\\\/\\\/meditex.ee\\\/en\\\/#website\",\"url\":\"https:\\\/\\\/meditex.ee\\\/en\\\/\",\"name\":\"Meditex\",\"description\":\"\",\"publisher\":{\"@id\":\"https:\\\/\\\/meditex.ee\\\/en\\\/#organization\"},\"potentialAction\":[{\"@type\":\"SearchAction\",\"target\":{\"@type\":\"EntryPoint\",\"urlTemplate\":\"https:\\\/\\\/meditex.ee\\\/en\\\/?s={search_term_string}\"},\"query-input\":{\"@type\":\"PropertyValueSpecification\",\"valueRequired\":true,\"valueName\":\"search_term_string\"}}],\"inLanguage\":\"lv-LV\"},{\"@type\":\"Organization\",\"@id\":\"https:\\\/\\\/meditex.ee\\\/en\\\/#organization\",\"name\":\"Meditex\",\"url\":\"https:\\\/\\\/meditex.ee\\\/en\\\/\",\"logo\":{\"@type\":\"ImageObject\",\"inLanguage\":\"lv-LV\",\"@id\":\"https:\\\/\\\/meditex.ee\\\/en\\\/#\\\/schema\\\/logo\\\/image\\\/\",\"url\":\"https:\\\/\\\/meditex.ee\\\/wp-content\\\/uploads\\\/2018\\\/03\\\/mdtx_logo.png\",\"contentUrl\":\"https:\\\/\\\/meditex.ee\\\/wp-content\\\/uploads\\\/2018\\\/03\\\/mdtx_logo.png\",\"width\":669,\"height\":235,\"caption\":\"Meditex\"},\"image\":{\"@id\":\"https:\\\/\\\/meditex.ee\\\/en\\\/#\\\/schema\\\/logo\\\/image\\\/\"},\"sameAs\":[\"https:\\\/\\\/www.facebook.com\\\/meditexepood\\\/\"]}]}<\/script>\n<!-- \/ Yoast SEO plugin. -->","yoast_head_json":{"title":"Corsinel Regular v\u012brie\u0161u ostomijas un tr\u016bces apak\u0161ve\u013ca","description":"Corsinel augstbikses atbalsta un mazina ar\u012b parastom\u0101lo tr\u016bci, nabas tr\u016bci, epigastrisko tr\u016bci vai v\u0113dera r\u0113tas tr\u016bci.","robots":{"index":"index","follow":"follow","max-snippet":"max-snippet:-1","max-image-preview":"max-image-preview:large","max-video-preview":"max-video-preview:-1"},"canonical":"https:\/\/meditex.ee\/lv\/produkts\/corsinel-regular-viriesu-augstbikses\/","og_locale":"lv_LV","og_type":"article","og_title":"Corsinel Regular v\u012brie\u0161u ostomijas un tr\u016bces apak\u0161ve\u013ca","og_description":"Corsinel augstbikses atbalsta un mazina ar\u012b parastom\u0101lo tr\u016bci, nabas tr\u016bci, epigastrisko tr\u016bci vai v\u0113dera r\u0113tas tr\u016bci.","og_url":"https:\/\/meditex.ee\/lv\/produkts\/corsinel-regular-viriesu-augstbikses\/","og_site_name":"Meditex","article_publisher":"https:\/\/www.facebook.com\/meditexepood\/","article_modified_time":"2023-08-08T08:26:21+00:00","og_image":[{"width":800,"height":800,"url":"https:\/\/meditex.ee\/wp-content\/uploads\/2018\/04\/Corsinel-meeste-k\u00f5rge.png","type":"image\/png"}],"twitter_card":"summary_large_image","twitter_misc":{"Est. reading time":"2 minutes"},"schema":{"@context":"https:\/\/schema.org","@graph":[{"@type":"WebPage","@id":"https:\/\/meditex.ee\/lv\/produkts\/corsinel-regular-viriesu-augstbikses\/","url":"https:\/\/meditex.ee\/lv\/produkts\/corsinel-regular-viriesu-augstbikses\/","name":"Corsinel Regular v\u012brie\u0161u ostomijas un tr\u016bces apak\u0161ve\u013ca","isPartOf":{"@id":"https:\/\/meditex.ee\/en\/#website"},"primaryImageOfPage":{"@id":"https:\/\/meditex.ee\/lv\/produkts\/corsinel-regular-viriesu-augstbikses\/#primaryimage"},"image":{"@id":"https:\/\/meditex.ee\/lv\/produkts\/corsinel-regular-viriesu-augstbikses\/#primaryimage"},"thumbnailUrl":"https:\/\/meditex.ee\/wp-content\/uploads\/2018\/04\/Corsinel-meeste-k\u00f5rge.png","datePublished":"2023-08-08T08:12:11+00:00","dateModified":"2023-08-08T08:26:21+00:00","description":"Corsinel augstbikses atbalsta un mazina ar\u012b parastom\u0101lo tr\u016bci, nabas tr\u016bci, epigastrisko tr\u016bci vai v\u0113dera r\u0113tas tr\u016bci.","breadcrumb":{"@id":"https:\/\/meditex.ee\/lv\/produkts\/corsinel-regular-viriesu-augstbikses\/#breadcrumb"},"inLanguage":"lv-LV","potentialAction":[{"@type":"ReadAction","target":["https:\/\/meditex.ee\/lv\/produkts\/corsinel-regular-viriesu-augstbikses\/"]}]},{"@type":"ImageObject","inLanguage":"lv-LV","@id":"https:\/\/meditex.ee\/lv\/produkts\/corsinel-regular-viriesu-augstbikses\/#primaryimage","url":"https:\/\/meditex.ee\/wp-content\/uploads\/2018\/04\/Corsinel-meeste-k\u00f5rge.png","contentUrl":"https:\/\/meditex.ee\/wp-content\/uploads\/2018\/04\/Corsinel-meeste-k\u00f5rge.png","width":800,"height":800},{"@type":"BreadcrumbList","@id":"https:\/\/meditex.ee\/lv\/produkts\/corsinel-regular-viriesu-augstbikses\/#breadcrumb","itemListElement":[{"@type":"ListItem","position":1,"name":"Home","item":"https:\/\/meditex.ee\/lv\/"},{"@type":"ListItem","position":2,"name":"Veikals","item":"https:\/\/meditex.ee\/lv\/veikals\/"},{"@type":"ListItem","position":3,"name":"Corsinel Regular v\u012brie\u0161u augstbikses"}]},{"@type":"WebSite","@id":"https:\/\/meditex.ee\/en\/#website","url":"https:\/\/meditex.ee\/en\/","name":"Meditex","description":"","publisher":{"@id":"https:\/\/meditex.ee\/en\/#organization"},"potentialAction":[{"@type":"SearchAction","target":{"@type":"EntryPoint","urlTemplate":"https:\/\/meditex.ee\/en\/?s={search_term_string}"},"query-input":{"@type":"PropertyValueSpecification","valueRequired":true,"valueName":"search_term_string"}}],"inLanguage":"lv-LV"},{"@type":"Organization","@id":"https:\/\/meditex.ee\/en\/#organization","name":"Meditex","url":"https:\/\/meditex.ee\/en\/","logo":{"@type":"ImageObject","inLanguage":"lv-LV","@id":"https:\/\/meditex.ee\/en\/#\/schema\/logo\/image\/","url":"https:\/\/meditex.ee\/wp-content\/uploads\/2018\/03\/mdtx_logo.png","contentUrl":"https:\/\/meditex.ee\/wp-content\/uploads\/2018\/03\/mdtx_logo.png","width":669,"height":235,"caption":"Meditex"},"image":{"@id":"https:\/\/meditex.ee\/en\/#\/schema\/logo\/image\/"},"sameAs":["https:\/\/www.facebook.com\/meditexepood\/"]}]}},"_links":{"self":[{"href":"https:\/\/meditex.ee\/lv\/wp-json\/wp\/v2\/product\/15907","targetHints":{"allow":["GET"]}}],"collection":[{"href":"https:\/\/meditex.ee\/lv\/wp-json\/wp\/v2\/product"}],"about":[{"href":"https:\/\/meditex.ee\/lv\/wp-json\/wp\/v2\/types\/product"}],"wp:featuredmedia":[{"embeddable":true,"href":"https:\/\/meditex.ee\/lv\/wp-json\/wp\/v2\/media\/15203"}],"wp:attachment":[{"href":"https:\/\/meditex.ee\/lv\/wp-json\/wp\/v2\/media?parent=15907"}],"wp:term":[{"taxonomy":"product_brand","embeddable":true,"href":"https:\/\/meditex.ee\/lv\/wp-json\/wp\/v2\/product_brand?post=15907"},{"taxonomy":"product_cat","embeddable":true,"href":"https:\/\/meditex.ee\/lv\/wp-json\/wp\/v2\/product_cat?post=15907"},{"taxonomy":"product_tag","embeddable":true,"href":"https:\/\/meditex.ee\/lv\/wp-json\/wp\/v2\/product_tag?post=15907"}],"curies":[{"name":"wp","href":"https:\/\/api.w.org\/{rel}","templated":true}]}}