{"id":15887,"date":"2020-03-05T09:52:09","date_gmt":"2023-07-31T11:08:18","guid":{"rendered":"https:\/\/meditex.ee\/?post_type=product&#038;p=15887"},"modified":"2023-07-31T11:08:20","modified_gmt":"2023-07-31T11:08:20","slug":"nordicare-saga","status":"publish","type":"product","link":"https:\/\/meditex.ee\/lv\/produkts\/nordicare-saga\/","title":{"rendered":"NordiCare Saga"},"content":{"rendered":"<div class=\"row\"  id=\"row-2092779056\">\n\n\t<div id=\"col-642350339\" class=\"col medium-4 small-12 large-4\"  >\n\t\t\t\t<div class=\"col-inner\"  >\n\t\t\t\n\t\t\t\n\t\t<\/div>\n\t\t\t\t\t<\/div>\n\n\t\n\n\t<div id=\"col-1183994938\" class=\"col medium-4 small-12 large-4\"  >\n\t\t\t\t<div class=\"col-inner\"  >\n\t\t\t\n\t\t\t\n\t\t<\/div>\n\t\t\t\t\t<\/div>\n\n\t\n\n\t<div id=\"col-533300859\" class=\"col medium-4 small-12 large-4\"  >\n\t\t\t\t<div class=\"col-inner text-right\"  >\n\t\t\t\n\t\t\t\n\t<div class=\"img has-hover x md-x lg-x y md-y lg-y\" id=\"image_1979341553\">\n\t\t\t\t\t\t\t\t<div class=\"img-inner dark\" >\n\t\t\t<img decoding=\"async\" width=\"488\" height=\"154\" src=\"https:\/\/meditex.ee\/wp-content\/uploads\/2020\/03\/nordicare_logo.png\" class=\"attachment-large size-large\" alt=\"\" \/>\t\t\t\t\t\t\n\t\t\t\t\t<\/div>\n\t\t\t\t\t\t\t\t\n<style>\n#image_1979341553 {\n  width: 55%;\n}\n<\/style>\n\t<\/div>\n\t\n\t\t<\/div>\n\t\t\t\t\t<\/div>\n\n\t\n<\/div>\n<p>Iztur\u012bgs un \u0113rts kr\u016b\u0161turis ar kr\u0101\u0161\u0146\u0101m me\u017e\u0123\u012bn\u0113m. Lieliski piegu\u013co\u0161s un ide\u0101ls atbalsts ar\u012b liel\u0101k\u0101m kr\u016bt\u012bm. Platas polster\u0113tas plecu lencas un kabata no ab\u0101m pus\u0113m prot\u0113\u017eu ievieto\u0161anai \/ nostiprin\u0101\u0161anai. Lieliski piem\u0113rots sieviet\u0113m, kuras izmanto va\u013c\u012bgas prot\u0113zes \/ ielikt\u0146us.\u00a0Var izmantot ar\u012b kr\u016b\u0161u pacel\u0161anai vai nolai\u0161anai, jo kr\u016b\u0161turis nodro\u0161ina labu atbalstu.<\/p>\n<p><strong>Kr\u0101sa:<\/strong> balta<\/p>\n<p class=\"Standard\" style=\"text-align: left;\"><span style=\"font-size: 11pt; color: #000000;\"><strong>Izm\u0113ri:<\/strong> 80\u2013105 A, 75\u2013105 B, C, D, E.<\/span><\/p>\n<p style=\"text-align: left;\">Piez\u012bme! Ja \u0161obr\u012bd mekl\u0113tais izm\u0113rs veikal\u0101 nav pieejams, l\u016bdzu, ar mums sazinieties.<\/p>\n<div class=\"is-divider divider clearfix\" style=\"max-width:1100px;background-color:rgb(0, 0, 0);\"><\/div>\n<div class=\"row\"  id=\"row-181074829\">\n\n\t<div id=\"col-291655177\" class=\"col small-12 large-12\"  >\n\t\t\t\t<div class=\"col-inner\"  >\n\t\t\t\n\t\t\t\n<p><strong>Protez\u0113\u0161anas kr\u016b\u0161turis ar vietu kr\u016b\u0161u prot\u0113z\u0113m<\/strong><\/p>\n<p>M\u016bsu m\u0113r\u0137is ir izgatavot tie\u0161i Jums piem\u0113rotu apak\u0161ve\u013cu. Mums ir liela pieredze, izstr\u0101d\u0101jot produktus sieviet\u0113m, kur\u0101m ir veiktas da\u017e\u0101da veida kr\u016b\u0161u oper\u0101cijas, piem\u0113ram, kr\u016b\u0161u mastektomija, kr\u016b\u0161u samazin\u0101\u0161ana, atjauno\u0161ana vai t\u0101s palielin\u0101\u0161ana. Ar r\u016bp\u012bgi izstr\u0101d\u0101tiem dizainiem un \u012bpa\u0161i izv\u0113l\u0113tiem materi\u0101liem, lai nodro\u0161in\u0101tu maksim\u0101lu komfortu, esam izveidoju\u0161i apak\u0161ve\u013cu, ko labpr\u0101t n\u0113s\u0101siet.<\/p>\n<p>M\u0113s saprotam, cik svar\u012bgi sieviet\u0113m, kur\u0101m veikta kr\u016b\u0161u oper\u0101cija, ir atrast kr\u016b\u0161turi, kas labi iegu\u013cas, nodro\u0161ina pietiekamu atbalstu un ir ar\u012b \u0113rti n\u0113s\u0101jams. \u0160im nol\u016bkam esam lepni pied\u0101v\u0101t \u0161o stil\u012bgo un \u0113rto apak\u0161ve\u013cu sieviet\u0113m, kuras izmanto kr\u016b\u0161u prot\u0113zes \u2014 vai pat t\u0101m, kuras vienk\u0101r\u0161i v\u0113las to nes\u0101t zem ap\u0123\u0113rba.<\/p>\n\t\t<\/div>\n\t\t\t\t\t<\/div>\n\n\t\n<\/div>\n","protected":false},"excerpt":{"rendered":"<p data-pm-slice=\"1 1 []\"><span style=\"font-size: 85%;\">Sp\u0113c\u012bgs un \u0113rts protez\u0113\u0161anas kr\u016b\u0161turis ar skaist\u0101m me\u017e\u0123\u012bn\u0113m.<\/span><\/p>\n","protected":false},"featured_media":15200,"template":"","meta":[],"product_brand":[],"product_cat":[492],"product_tag":[567],"class_list":{"0":"post-15887","1":"product","2":"type-product","3":"status-publish","4":"has-post-thumbnail","6":"product_cat-pecoperaciju-krusturi","7":"product_tag-nordicare-lv","9":"first","10":"instock","11":"taxable","12":"shipping-taxable","13":"purchasable","14":"product-type-variable"},"yoast_head":"<!-- This site is optimized with the Yoast SEO plugin v27.3 - https:\/\/yoast.com\/product\/yoast-seo-wordpress\/ -->\n<title>NordiCare Saga<\/title>\n<meta name=\"description\" content=\"NordiCare Saga ir iztur\u012bgs un \u0113rts kr\u016b\u0161turis ar kr\u0101\u0161\u0146\u0101m me\u017e\u0123\u012bn\u0113m. Lieliski piegu\u013co\u0161s un ide\u0101ls atbalsts ar\u012b liel\u0101k\u0101m kr\u016bt\u012bm.\" \/>\n<meta name=\"robots\" content=\"index, follow, max-snippet:-1, max-image-preview:large, max-video-preview:-1\" \/>\n<link rel=\"canonical\" href=\"https:\/\/meditex.ee\/lv\/product\/nordicare-saga\/\" \/>\n<meta property=\"og:locale\" content=\"lv_LV\" \/>\n<meta property=\"og:type\" content=\"article\" \/>\n<meta property=\"og:title\" content=\"NordiCare Saga\" \/>\n<meta property=\"og:description\" content=\"NordiCare Saga ir iztur\u012bgs un \u0113rts kr\u016b\u0161turis ar kr\u0101\u0161\u0146\u0101m me\u017e\u0123\u012bn\u0113m. Lieliski piegu\u013co\u0161s un ide\u0101ls atbalsts ar\u012b liel\u0101k\u0101m kr\u016bt\u012bm.\" \/>\n<meta property=\"og:url\" content=\"https:\/\/meditex.ee\/lv\/product\/nordicare-saga\/\" \/>\n<meta property=\"og:site_name\" content=\"Meditex\" \/>\n<meta property=\"article:publisher\" content=\"https:\/\/www.facebook.com\/meditexepood\/\" \/>\n<meta property=\"article:modified_time\" content=\"2023-07-31T11:08:20+00:00\" \/>\n<meta property=\"og:image\" content=\"https:\/\/meditex.ee\/wp-content\/uploads\/2020\/03\/NordiCare-Saga.png\" \/>\n\t<meta property=\"og:image:width\" content=\"500\" \/>\n\t<meta property=\"og:image:height\" content=\"600\" \/>\n\t<meta property=\"og:image:type\" content=\"image\/png\" \/>\n<meta name=\"twitter:card\" content=\"summary_large_image\" \/>\n<meta name=\"twitter:label1\" content=\"Est. reading time\" \/>\n\t<meta name=\"twitter:data1\" content=\"2 minutes\" \/>\n<script type=\"application\/ld+json\" class=\"yoast-schema-graph\">{\"@context\":\"https:\\\/\\\/schema.org\",\"@graph\":[{\"@type\":\"WebPage\",\"@id\":\"https:\\\/\\\/meditex.ee\\\/lv\\\/product\\\/nordicare-saga\\\/\",\"url\":\"https:\\\/\\\/meditex.ee\\\/lv\\\/product\\\/nordicare-saga\\\/\",\"name\":\"NordiCare Saga\",\"isPartOf\":{\"@id\":\"https:\\\/\\\/meditex.ee\\\/en\\\/#website\"},\"primaryImageOfPage\":{\"@id\":\"https:\\\/\\\/meditex.ee\\\/lv\\\/product\\\/nordicare-saga\\\/#primaryimage\"},\"image\":{\"@id\":\"https:\\\/\\\/meditex.ee\\\/lv\\\/product\\\/nordicare-saga\\\/#primaryimage\"},\"thumbnailUrl\":\"https:\\\/\\\/meditex.ee\\\/wp-content\\\/uploads\\\/2020\\\/03\\\/NordiCare-Saga.png\",\"datePublished\":\"2023-07-31T11:08:18+00:00\",\"dateModified\":\"2023-07-31T11:08:20+00:00\",\"description\":\"NordiCare Saga ir iztur\u012bgs un \u0113rts kr\u016b\u0161turis ar kr\u0101\u0161\u0146\u0101m me\u017e\u0123\u012bn\u0113m. Lieliski piegu\u013co\u0161s un ide\u0101ls atbalsts ar\u012b liel\u0101k\u0101m kr\u016bt\u012bm.\",\"breadcrumb\":{\"@id\":\"https:\\\/\\\/meditex.ee\\\/lv\\\/product\\\/nordicare-saga\\\/#breadcrumb\"},\"inLanguage\":\"lv-LV\",\"potentialAction\":[{\"@type\":\"ReadAction\",\"target\":[\"https:\\\/\\\/meditex.ee\\\/lv\\\/product\\\/nordicare-saga\\\/\"]}]},{\"@type\":\"ImageObject\",\"inLanguage\":\"lv-LV\",\"@id\":\"https:\\\/\\\/meditex.ee\\\/lv\\\/product\\\/nordicare-saga\\\/#primaryimage\",\"url\":\"https:\\\/\\\/meditex.ee\\\/wp-content\\\/uploads\\\/2020\\\/03\\\/NordiCare-Saga.png\",\"contentUrl\":\"https:\\\/\\\/meditex.ee\\\/wp-content\\\/uploads\\\/2020\\\/03\\\/NordiCare-Saga.png\",\"width\":500,\"height\":600},{\"@type\":\"BreadcrumbList\",\"@id\":\"https:\\\/\\\/meditex.ee\\\/lv\\\/product\\\/nordicare-saga\\\/#breadcrumb\",\"itemListElement\":[{\"@type\":\"ListItem\",\"position\":1,\"name\":\"Home\",\"item\":\"https:\\\/\\\/meditex.ee\\\/lv\\\/\"},{\"@type\":\"ListItem\",\"position\":2,\"name\":\"Veikals\",\"item\":\"https:\\\/\\\/meditex.ee\\\/lv\\\/veikals\\\/\"},{\"@type\":\"ListItem\",\"position\":3,\"name\":\"NordiCare Saga\"}]},{\"@type\":\"WebSite\",\"@id\":\"https:\\\/\\\/meditex.ee\\\/en\\\/#website\",\"url\":\"https:\\\/\\\/meditex.ee\\\/en\\\/\",\"name\":\"Meditex\",\"description\":\"\",\"publisher\":{\"@id\":\"https:\\\/\\\/meditex.ee\\\/en\\\/#organization\"},\"potentialAction\":[{\"@type\":\"SearchAction\",\"target\":{\"@type\":\"EntryPoint\",\"urlTemplate\":\"https:\\\/\\\/meditex.ee\\\/en\\\/?s={search_term_string}\"},\"query-input\":{\"@type\":\"PropertyValueSpecification\",\"valueRequired\":true,\"valueName\":\"search_term_string\"}}],\"inLanguage\":\"lv-LV\"},{\"@type\":\"Organization\",\"@id\":\"https:\\\/\\\/meditex.ee\\\/en\\\/#organization\",\"name\":\"Meditex\",\"url\":\"https:\\\/\\\/meditex.ee\\\/en\\\/\",\"logo\":{\"@type\":\"ImageObject\",\"inLanguage\":\"lv-LV\",\"@id\":\"https:\\\/\\\/meditex.ee\\\/en\\\/#\\\/schema\\\/logo\\\/image\\\/\",\"url\":\"https:\\\/\\\/meditex.ee\\\/wp-content\\\/uploads\\\/2018\\\/03\\\/mdtx_logo.png\",\"contentUrl\":\"https:\\\/\\\/meditex.ee\\\/wp-content\\\/uploads\\\/2018\\\/03\\\/mdtx_logo.png\",\"width\":669,\"height\":235,\"caption\":\"Meditex\"},\"image\":{\"@id\":\"https:\\\/\\\/meditex.ee\\\/en\\\/#\\\/schema\\\/logo\\\/image\\\/\"},\"sameAs\":[\"https:\\\/\\\/www.facebook.com\\\/meditexepood\\\/\"]}]}<\/script>\n<!-- \/ Yoast SEO plugin. -->","yoast_head_json":{"title":"NordiCare Saga","description":"NordiCare Saga ir iztur\u012bgs un \u0113rts kr\u016b\u0161turis ar kr\u0101\u0161\u0146\u0101m me\u017e\u0123\u012bn\u0113m. Lieliski piegu\u013co\u0161s un ide\u0101ls atbalsts ar\u012b liel\u0101k\u0101m kr\u016bt\u012bm.","robots":{"index":"index","follow":"follow","max-snippet":"max-snippet:-1","max-image-preview":"max-image-preview:large","max-video-preview":"max-video-preview:-1"},"canonical":"https:\/\/meditex.ee\/lv\/product\/nordicare-saga\/","og_locale":"lv_LV","og_type":"article","og_title":"NordiCare Saga","og_description":"NordiCare Saga ir iztur\u012bgs un \u0113rts kr\u016b\u0161turis ar kr\u0101\u0161\u0146\u0101m me\u017e\u0123\u012bn\u0113m. Lieliski piegu\u013co\u0161s un ide\u0101ls atbalsts ar\u012b liel\u0101k\u0101m kr\u016bt\u012bm.","og_url":"https:\/\/meditex.ee\/lv\/product\/nordicare-saga\/","og_site_name":"Meditex","article_publisher":"https:\/\/www.facebook.com\/meditexepood\/","article_modified_time":"2023-07-31T11:08:20+00:00","og_image":[{"width":500,"height":600,"url":"https:\/\/meditex.ee\/wp-content\/uploads\/2020\/03\/NordiCare-Saga.png","type":"image\/png"}],"twitter_card":"summary_large_image","twitter_misc":{"Est. reading time":"2 minutes"},"schema":{"@context":"https:\/\/schema.org","@graph":[{"@type":"WebPage","@id":"https:\/\/meditex.ee\/lv\/product\/nordicare-saga\/","url":"https:\/\/meditex.ee\/lv\/product\/nordicare-saga\/","name":"NordiCare Saga","isPartOf":{"@id":"https:\/\/meditex.ee\/en\/#website"},"primaryImageOfPage":{"@id":"https:\/\/meditex.ee\/lv\/product\/nordicare-saga\/#primaryimage"},"image":{"@id":"https:\/\/meditex.ee\/lv\/product\/nordicare-saga\/#primaryimage"},"thumbnailUrl":"https:\/\/meditex.ee\/wp-content\/uploads\/2020\/03\/NordiCare-Saga.png","datePublished":"2023-07-31T11:08:18+00:00","dateModified":"2023-07-31T11:08:20+00:00","description":"NordiCare Saga ir iztur\u012bgs un \u0113rts kr\u016b\u0161turis ar kr\u0101\u0161\u0146\u0101m me\u017e\u0123\u012bn\u0113m. Lieliski piegu\u013co\u0161s un ide\u0101ls atbalsts ar\u012b liel\u0101k\u0101m kr\u016bt\u012bm.","breadcrumb":{"@id":"https:\/\/meditex.ee\/lv\/product\/nordicare-saga\/#breadcrumb"},"inLanguage":"lv-LV","potentialAction":[{"@type":"ReadAction","target":["https:\/\/meditex.ee\/lv\/product\/nordicare-saga\/"]}]},{"@type":"ImageObject","inLanguage":"lv-LV","@id":"https:\/\/meditex.ee\/lv\/product\/nordicare-saga\/#primaryimage","url":"https:\/\/meditex.ee\/wp-content\/uploads\/2020\/03\/NordiCare-Saga.png","contentUrl":"https:\/\/meditex.ee\/wp-content\/uploads\/2020\/03\/NordiCare-Saga.png","width":500,"height":600},{"@type":"BreadcrumbList","@id":"https:\/\/meditex.ee\/lv\/product\/nordicare-saga\/#breadcrumb","itemListElement":[{"@type":"ListItem","position":1,"name":"Home","item":"https:\/\/meditex.ee\/lv\/"},{"@type":"ListItem","position":2,"name":"Veikals","item":"https:\/\/meditex.ee\/lv\/veikals\/"},{"@type":"ListItem","position":3,"name":"NordiCare Saga"}]},{"@type":"WebSite","@id":"https:\/\/meditex.ee\/en\/#website","url":"https:\/\/meditex.ee\/en\/","name":"Meditex","description":"","publisher":{"@id":"https:\/\/meditex.ee\/en\/#organization"},"potentialAction":[{"@type":"SearchAction","target":{"@type":"EntryPoint","urlTemplate":"https:\/\/meditex.ee\/en\/?s={search_term_string}"},"query-input":{"@type":"PropertyValueSpecification","valueRequired":true,"valueName":"search_term_string"}}],"inLanguage":"lv-LV"},{"@type":"Organization","@id":"https:\/\/meditex.ee\/en\/#organization","name":"Meditex","url":"https:\/\/meditex.ee\/en\/","logo":{"@type":"ImageObject","inLanguage":"lv-LV","@id":"https:\/\/meditex.ee\/en\/#\/schema\/logo\/image\/","url":"https:\/\/meditex.ee\/wp-content\/uploads\/2018\/03\/mdtx_logo.png","contentUrl":"https:\/\/meditex.ee\/wp-content\/uploads\/2018\/03\/mdtx_logo.png","width":669,"height":235,"caption":"Meditex"},"image":{"@id":"https:\/\/meditex.ee\/en\/#\/schema\/logo\/image\/"},"sameAs":["https:\/\/www.facebook.com\/meditexepood\/"]}]}},"_links":{"self":[{"href":"https:\/\/meditex.ee\/lv\/wp-json\/wp\/v2\/product\/15887","targetHints":{"allow":["GET"]}}],"collection":[{"href":"https:\/\/meditex.ee\/lv\/wp-json\/wp\/v2\/product"}],"about":[{"href":"https:\/\/meditex.ee\/lv\/wp-json\/wp\/v2\/types\/product"}],"wp:featuredmedia":[{"embeddable":true,"href":"https:\/\/meditex.ee\/lv\/wp-json\/wp\/v2\/media\/15200"}],"wp:attachment":[{"href":"https:\/\/meditex.ee\/lv\/wp-json\/wp\/v2\/media?parent=15887"}],"wp:term":[{"taxonomy":"product_brand","embeddable":true,"href":"https:\/\/meditex.ee\/lv\/wp-json\/wp\/v2\/product_brand?post=15887"},{"taxonomy":"product_cat","embeddable":true,"href":"https:\/\/meditex.ee\/lv\/wp-json\/wp\/v2\/product_cat?post=15887"},{"taxonomy":"product_tag","embeddable":true,"href":"https:\/\/meditex.ee\/lv\/wp-json\/wp\/v2\/product_tag?post=15887"}],"curies":[{"name":"wp","href":"https:\/\/api.w.org\/{rel}","templated":true}]}}