{"id":15882,"date":"2020-03-05T10:33:33","date_gmt":"2023-07-31T11:07:19","guid":{"rendered":"https:\/\/meditex.ee\/?post_type=product&#038;p=15882"},"modified":"2023-07-31T11:07:22","modified_gmt":"2023-07-31T11:07:22","slug":"nordicare-sandra","status":"publish","type":"product","link":"https:\/\/meditex.ee\/lv\/produkts\/nordicare-sandra\/","title":{"rendered":"NordiCare Sandra"},"content":{"rendered":"<div class=\"row\"  id=\"row-1292872309\">\n\n\t<div id=\"col-599256454\" class=\"col medium-4 small-12 large-4\"  >\n\t\t\t\t<div class=\"col-inner\"  >\n\t\t\t\n\t\t\t\n\t\t<\/div>\n\t\t\t\t\t<\/div>\n\n\t\n\n\t<div id=\"col-1251119159\" class=\"col medium-4 small-12 large-4\"  >\n\t\t\t\t<div class=\"col-inner\"  >\n\t\t\t\n\t\t\t\n\t\t<\/div>\n\t\t\t\t\t<\/div>\n\n\t\n\n\t<div id=\"col-805779602\" class=\"col medium-4 small-12 large-4\"  >\n\t\t\t\t<div class=\"col-inner text-right\"  >\n\t\t\t\n\t\t\t\n\t<div class=\"img has-hover x md-x lg-x y md-y lg-y\" id=\"image_1833483473\">\n\t\t\t\t\t\t\t\t<div class=\"img-inner dark\" >\n\t\t\t<img decoding=\"async\" width=\"488\" height=\"154\" src=\"https:\/\/meditex.ee\/wp-content\/uploads\/2020\/03\/nordicare_logo.png\" class=\"attachment-large size-large\" alt=\"\" \/>\t\t\t\t\t\t\n\t\t\t\t\t<\/div>\n\t\t\t\t\t\t\t\t\n<style>\n#image_1833483473 {\n  width: 55%;\n}\n<\/style>\n\t<\/div>\n\t\n\t\t<\/div>\n\t\t\t\t\t<\/div>\n\n\t\n<\/div>\n<p>Stingrs un \u0113rts bez\u0161uvju p\u0113coper\u0101cijas \/ protez\u0113\u0161anas kr\u016b\u0161turis. Stil\u012bgs dizains ar dzi\u013cu kakla izgriezumu. Piem\u0113rots lieto\u0161anai, kad veikta kr\u016b\u0161u oper\u0101cija, jo austais, \u012bpa\u0161i m\u012bkstais materi\u0101ls aizsarg\u0101 maigu un jut\u012bgu \u0101du. Piem\u0113rots ar\u012b k\u0101 otr\u0101s pak\u0101pes kr\u016b\u0161turis p\u0113c oper\u0101cijas vai k\u0101 m\u012bksts protez\u0113\u0161anas kr\u016b\u0161turis.<\/p>\n<p>Kr\u0101sa: melna.<\/p>\n<p>Izm\u0113ri:\u00a0maz\u0101s b\u013codi\u0146as (A-C) S-2XL un liel\u0101s b\u013codi\u0146as(D-F) S-2XL.<\/p>\n<p>Piez\u012bme! Ja \u0161obr\u012bd mekl\u0113tais izm\u0113rs veikal\u0101 nav pieejams, l\u016bdzu, ar mums sazinieties.<\/p>\n<p style=\"text-align: left;\">Izm\u0113ru tabula, kur Cup Size = groza izm\u0113rs<\/p>\n\t<div class=\"img has-hover x md-x lg-x y md-y lg-y\" id=\"image_854191799\">\n\t\t\t\t\t\t\t\t<div class=\"img-inner dark\" >\n\t\t\t<img decoding=\"async\" width=\"500\" height=\"177\" src=\"https:\/\/meditex.ee\/wp-content\/uploads\/2020\/03\/unnamed.png\" class=\"attachment-large size-large\" alt=\"\" \/>\t\t\t\t\t\t\n\t\t\t\t\t<\/div>\n\t\t\t\t\t\t\t\t\n<style>\n#image_854191799 {\n  width: 50%;\n}\n<\/style>\n\t<\/div>\n\t\n\t<div id=\"gap-1830073296\" class=\"gap-element clearfix\" style=\"display:block; height:auto;\">\n\t\t\n<style>\n#gap-1830073296 {\n  padding-top: 30px;\n}\n<\/style>\n\t<\/div>\n\t\n<div class=\"row\"  id=\"row-1528908848\">\n\n\t<div id=\"col-611269472\" class=\"col small-12 large-12\"  >\n\t\t\t\t<div class=\"col-inner\"  >\n\t\t\t\n\t\t\t\n<p><strong>Protez\u0113\u0161anas kr\u016b\u0161turis ar vietu kr\u016b\u0161u prot\u0113z\u0113m<\/strong><\/p>\n<p>M\u016bsu m\u0113r\u0137is ir izgatavot tie\u0161i Jums piem\u0113rotu apak\u0161ve\u013cu. Mums ir liela pieredze, izstr\u0101d\u0101jot produktus sieviet\u0113m, kur\u0101m ir veiktas da\u017e\u0101da veida kr\u016b\u0161u oper\u0101cijas, piem\u0113ram, kr\u016b\u0161u mastektomija, kr\u016b\u0161u samazin\u0101\u0161ana, atjauno\u0161ana vai t\u0101s palielin\u0101\u0161ana. Ar r\u016bp\u012bgi izstr\u0101d\u0101tiem dizainiem un \u012bpa\u0161i izv\u0113l\u0113tiem materi\u0101liem, lai nodro\u0161in\u0101tu maksim\u0101lu komfortu, esam izveidoju\u0161i apak\u0161ve\u013cu, ko labpr\u0101t n\u0113s\u0101siet.<\/p>\n<p>M\u0113s saprotam, cik svar\u012bgi sieviet\u0113m, kur\u0101m veikta kr\u016b\u0161u oper\u0101cija, ir atrast kr\u016b\u0161turi, kas labi iegu\u013cas, nodro\u0161ina pietiekamu atbalstu un ir ar\u012b \u0113rti n\u0113s\u0101jams. \u0160im nol\u016bkam esam lepni pied\u0101v\u0101t \u0161o stil\u012bgo un \u0113rto apak\u0161ve\u013cu sieviet\u0113m, kuras izmanto kr\u016b\u0161u prot\u0113zes \u2014 vai pat t\u0101m, kuras vienk\u0101r\u0161i v\u0113las to nes\u0101t zem ap\u0123\u0113rba.<\/p>\n\t\t<\/div>\n\t\t\t\t\t<\/div>\n\n\t\n<\/div>\n","protected":false},"excerpt":{"rendered":"<p style=\"text-align: left;\"><span style=\"font-size: 85%;\">Stingrs un \u0113rts bez\u0161uvju p\u0113coper\u0101cijas \/ protez\u0113\u0161anas kr\u016b\u0161turis.<\/span><\/p>\n","protected":false},"featured_media":15199,"template":"","meta":[],"product_brand":[],"product_cat":[492],"product_tag":[567],"class_list":{"0":"post-15882","1":"product","2":"type-product","3":"status-publish","4":"has-post-thumbnail","6":"product_cat-pecoperaciju-krusturi","7":"product_tag-nordicare-lv","9":"first","10":"instock","11":"taxable","12":"shipping-taxable","13":"purchasable","14":"product-type-variable"},"yoast_head":"<!-- This site is optimized with the Yoast SEO plugin v27.3 - https:\/\/yoast.com\/product\/yoast-seo-wordpress\/ -->\n<title>NordiCare Sandra p\u0113coper\u0101cijas \/ protez\u0113\u0161anas kr\u016b\u0161turis<\/title>\n<meta name=\"description\" content=\"NordiCare Sandra - stingrs un \u0113rts bez\u0161uvju p\u0113coper\u0101cijas \/ protez\u0113\u0161anas kr\u016b\u0161turis. Stil\u012bgs dizains ar dzi\u013cu kakla izgriezumu.\" \/>\n<meta name=\"robots\" content=\"index, follow, max-snippet:-1, max-image-preview:large, max-video-preview:-1\" \/>\n<link rel=\"canonical\" href=\"https:\/\/meditex.ee\/lv\/product\/nordicare-sandra\/\" \/>\n<meta property=\"og:locale\" content=\"lv_LV\" \/>\n<meta property=\"og:type\" content=\"article\" \/>\n<meta property=\"og:title\" content=\"NordiCare Sandra p\u0113coper\u0101cijas \/ protez\u0113\u0161anas kr\u016b\u0161turis\" \/>\n<meta property=\"og:description\" content=\"NordiCare Sandra - stingrs un \u0113rts bez\u0161uvju p\u0113coper\u0101cijas \/ protez\u0113\u0161anas kr\u016b\u0161turis. Stil\u012bgs dizains ar dzi\u013cu kakla izgriezumu.\" \/>\n<meta property=\"og:url\" content=\"https:\/\/meditex.ee\/lv\/product\/nordicare-sandra\/\" \/>\n<meta property=\"og:site_name\" content=\"Meditex\" \/>\n<meta property=\"article:publisher\" content=\"https:\/\/www.facebook.com\/meditexepood\/\" \/>\n<meta property=\"article:modified_time\" content=\"2023-07-31T11:07:22+00:00\" \/>\n<meta property=\"og:image\" content=\"https:\/\/meditex.ee\/wp-content\/uploads\/2020\/03\/NordiCare-Sandra.png\" \/>\n\t<meta property=\"og:image:width\" content=\"500\" \/>\n\t<meta property=\"og:image:height\" content=\"600\" \/>\n\t<meta property=\"og:image:type\" content=\"image\/png\" \/>\n<meta name=\"twitter:card\" content=\"summary_large_image\" \/>\n<meta name=\"twitter:label1\" content=\"Est. reading time\" \/>\n\t<meta name=\"twitter:data1\" content=\"2 minutes\" \/>\n<script type=\"application\/ld+json\" class=\"yoast-schema-graph\">{\"@context\":\"https:\\\/\\\/schema.org\",\"@graph\":[{\"@type\":\"WebPage\",\"@id\":\"https:\\\/\\\/meditex.ee\\\/lv\\\/product\\\/nordicare-sandra\\\/\",\"url\":\"https:\\\/\\\/meditex.ee\\\/lv\\\/product\\\/nordicare-sandra\\\/\",\"name\":\"NordiCare Sandra p\u0113coper\u0101cijas \\\/ protez\u0113\u0161anas kr\u016b\u0161turis\",\"isPartOf\":{\"@id\":\"https:\\\/\\\/meditex.ee\\\/en\\\/#website\"},\"primaryImageOfPage\":{\"@id\":\"https:\\\/\\\/meditex.ee\\\/lv\\\/product\\\/nordicare-sandra\\\/#primaryimage\"},\"image\":{\"@id\":\"https:\\\/\\\/meditex.ee\\\/lv\\\/product\\\/nordicare-sandra\\\/#primaryimage\"},\"thumbnailUrl\":\"https:\\\/\\\/meditex.ee\\\/wp-content\\\/uploads\\\/2020\\\/03\\\/NordiCare-Sandra.png\",\"datePublished\":\"2023-07-31T11:07:19+00:00\",\"dateModified\":\"2023-07-31T11:07:22+00:00\",\"description\":\"NordiCare Sandra - stingrs un \u0113rts bez\u0161uvju p\u0113coper\u0101cijas \\\/ protez\u0113\u0161anas kr\u016b\u0161turis. Stil\u012bgs dizains ar dzi\u013cu kakla izgriezumu.\",\"breadcrumb\":{\"@id\":\"https:\\\/\\\/meditex.ee\\\/lv\\\/product\\\/nordicare-sandra\\\/#breadcrumb\"},\"inLanguage\":\"lv-LV\",\"potentialAction\":[{\"@type\":\"ReadAction\",\"target\":[\"https:\\\/\\\/meditex.ee\\\/lv\\\/product\\\/nordicare-sandra\\\/\"]}]},{\"@type\":\"ImageObject\",\"inLanguage\":\"lv-LV\",\"@id\":\"https:\\\/\\\/meditex.ee\\\/lv\\\/product\\\/nordicare-sandra\\\/#primaryimage\",\"url\":\"https:\\\/\\\/meditex.ee\\\/wp-content\\\/uploads\\\/2020\\\/03\\\/NordiCare-Sandra.png\",\"contentUrl\":\"https:\\\/\\\/meditex.ee\\\/wp-content\\\/uploads\\\/2020\\\/03\\\/NordiCare-Sandra.png\",\"width\":500,\"height\":600},{\"@type\":\"BreadcrumbList\",\"@id\":\"https:\\\/\\\/meditex.ee\\\/lv\\\/product\\\/nordicare-sandra\\\/#breadcrumb\",\"itemListElement\":[{\"@type\":\"ListItem\",\"position\":1,\"name\":\"Home\",\"item\":\"https:\\\/\\\/meditex.ee\\\/lv\\\/\"},{\"@type\":\"ListItem\",\"position\":2,\"name\":\"Veikals\",\"item\":\"https:\\\/\\\/meditex.ee\\\/lv\\\/veikals\\\/\"},{\"@type\":\"ListItem\",\"position\":3,\"name\":\"NordiCare Sandra\"}]},{\"@type\":\"WebSite\",\"@id\":\"https:\\\/\\\/meditex.ee\\\/en\\\/#website\",\"url\":\"https:\\\/\\\/meditex.ee\\\/en\\\/\",\"name\":\"Meditex\",\"description\":\"\",\"publisher\":{\"@id\":\"https:\\\/\\\/meditex.ee\\\/en\\\/#organization\"},\"potentialAction\":[{\"@type\":\"SearchAction\",\"target\":{\"@type\":\"EntryPoint\",\"urlTemplate\":\"https:\\\/\\\/meditex.ee\\\/en\\\/?s={search_term_string}\"},\"query-input\":{\"@type\":\"PropertyValueSpecification\",\"valueRequired\":true,\"valueName\":\"search_term_string\"}}],\"inLanguage\":\"lv-LV\"},{\"@type\":\"Organization\",\"@id\":\"https:\\\/\\\/meditex.ee\\\/en\\\/#organization\",\"name\":\"Meditex\",\"url\":\"https:\\\/\\\/meditex.ee\\\/en\\\/\",\"logo\":{\"@type\":\"ImageObject\",\"inLanguage\":\"lv-LV\",\"@id\":\"https:\\\/\\\/meditex.ee\\\/en\\\/#\\\/schema\\\/logo\\\/image\\\/\",\"url\":\"https:\\\/\\\/meditex.ee\\\/wp-content\\\/uploads\\\/2018\\\/03\\\/mdtx_logo.png\",\"contentUrl\":\"https:\\\/\\\/meditex.ee\\\/wp-content\\\/uploads\\\/2018\\\/03\\\/mdtx_logo.png\",\"width\":669,\"height\":235,\"caption\":\"Meditex\"},\"image\":{\"@id\":\"https:\\\/\\\/meditex.ee\\\/en\\\/#\\\/schema\\\/logo\\\/image\\\/\"},\"sameAs\":[\"https:\\\/\\\/www.facebook.com\\\/meditexepood\\\/\"]}]}<\/script>\n<!-- \/ Yoast SEO plugin. -->","yoast_head_json":{"title":"NordiCare Sandra p\u0113coper\u0101cijas \/ protez\u0113\u0161anas kr\u016b\u0161turis","description":"NordiCare Sandra - stingrs un \u0113rts bez\u0161uvju p\u0113coper\u0101cijas \/ protez\u0113\u0161anas kr\u016b\u0161turis. Stil\u012bgs dizains ar dzi\u013cu kakla izgriezumu.","robots":{"index":"index","follow":"follow","max-snippet":"max-snippet:-1","max-image-preview":"max-image-preview:large","max-video-preview":"max-video-preview:-1"},"canonical":"https:\/\/meditex.ee\/lv\/product\/nordicare-sandra\/","og_locale":"lv_LV","og_type":"article","og_title":"NordiCare Sandra p\u0113coper\u0101cijas \/ protez\u0113\u0161anas kr\u016b\u0161turis","og_description":"NordiCare Sandra - stingrs un \u0113rts bez\u0161uvju p\u0113coper\u0101cijas \/ protez\u0113\u0161anas kr\u016b\u0161turis. Stil\u012bgs dizains ar dzi\u013cu kakla izgriezumu.","og_url":"https:\/\/meditex.ee\/lv\/product\/nordicare-sandra\/","og_site_name":"Meditex","article_publisher":"https:\/\/www.facebook.com\/meditexepood\/","article_modified_time":"2023-07-31T11:07:22+00:00","og_image":[{"width":500,"height":600,"url":"https:\/\/meditex.ee\/wp-content\/uploads\/2020\/03\/NordiCare-Sandra.png","type":"image\/png"}],"twitter_card":"summary_large_image","twitter_misc":{"Est. reading time":"2 minutes"},"schema":{"@context":"https:\/\/schema.org","@graph":[{"@type":"WebPage","@id":"https:\/\/meditex.ee\/lv\/product\/nordicare-sandra\/","url":"https:\/\/meditex.ee\/lv\/product\/nordicare-sandra\/","name":"NordiCare Sandra p\u0113coper\u0101cijas \/ protez\u0113\u0161anas kr\u016b\u0161turis","isPartOf":{"@id":"https:\/\/meditex.ee\/en\/#website"},"primaryImageOfPage":{"@id":"https:\/\/meditex.ee\/lv\/product\/nordicare-sandra\/#primaryimage"},"image":{"@id":"https:\/\/meditex.ee\/lv\/product\/nordicare-sandra\/#primaryimage"},"thumbnailUrl":"https:\/\/meditex.ee\/wp-content\/uploads\/2020\/03\/NordiCare-Sandra.png","datePublished":"2023-07-31T11:07:19+00:00","dateModified":"2023-07-31T11:07:22+00:00","description":"NordiCare Sandra - stingrs un \u0113rts bez\u0161uvju p\u0113coper\u0101cijas \/ protez\u0113\u0161anas kr\u016b\u0161turis. Stil\u012bgs dizains ar dzi\u013cu kakla izgriezumu.","breadcrumb":{"@id":"https:\/\/meditex.ee\/lv\/product\/nordicare-sandra\/#breadcrumb"},"inLanguage":"lv-LV","potentialAction":[{"@type":"ReadAction","target":["https:\/\/meditex.ee\/lv\/product\/nordicare-sandra\/"]}]},{"@type":"ImageObject","inLanguage":"lv-LV","@id":"https:\/\/meditex.ee\/lv\/product\/nordicare-sandra\/#primaryimage","url":"https:\/\/meditex.ee\/wp-content\/uploads\/2020\/03\/NordiCare-Sandra.png","contentUrl":"https:\/\/meditex.ee\/wp-content\/uploads\/2020\/03\/NordiCare-Sandra.png","width":500,"height":600},{"@type":"BreadcrumbList","@id":"https:\/\/meditex.ee\/lv\/product\/nordicare-sandra\/#breadcrumb","itemListElement":[{"@type":"ListItem","position":1,"name":"Home","item":"https:\/\/meditex.ee\/lv\/"},{"@type":"ListItem","position":2,"name":"Veikals","item":"https:\/\/meditex.ee\/lv\/veikals\/"},{"@type":"ListItem","position":3,"name":"NordiCare Sandra"}]},{"@type":"WebSite","@id":"https:\/\/meditex.ee\/en\/#website","url":"https:\/\/meditex.ee\/en\/","name":"Meditex","description":"","publisher":{"@id":"https:\/\/meditex.ee\/en\/#organization"},"potentialAction":[{"@type":"SearchAction","target":{"@type":"EntryPoint","urlTemplate":"https:\/\/meditex.ee\/en\/?s={search_term_string}"},"query-input":{"@type":"PropertyValueSpecification","valueRequired":true,"valueName":"search_term_string"}}],"inLanguage":"lv-LV"},{"@type":"Organization","@id":"https:\/\/meditex.ee\/en\/#organization","name":"Meditex","url":"https:\/\/meditex.ee\/en\/","logo":{"@type":"ImageObject","inLanguage":"lv-LV","@id":"https:\/\/meditex.ee\/en\/#\/schema\/logo\/image\/","url":"https:\/\/meditex.ee\/wp-content\/uploads\/2018\/03\/mdtx_logo.png","contentUrl":"https:\/\/meditex.ee\/wp-content\/uploads\/2018\/03\/mdtx_logo.png","width":669,"height":235,"caption":"Meditex"},"image":{"@id":"https:\/\/meditex.ee\/en\/#\/schema\/logo\/image\/"},"sameAs":["https:\/\/www.facebook.com\/meditexepood\/"]}]}},"_links":{"self":[{"href":"https:\/\/meditex.ee\/lv\/wp-json\/wp\/v2\/product\/15882","targetHints":{"allow":["GET"]}}],"collection":[{"href":"https:\/\/meditex.ee\/lv\/wp-json\/wp\/v2\/product"}],"about":[{"href":"https:\/\/meditex.ee\/lv\/wp-json\/wp\/v2\/types\/product"}],"wp:featuredmedia":[{"embeddable":true,"href":"https:\/\/meditex.ee\/lv\/wp-json\/wp\/v2\/media\/15199"}],"wp:attachment":[{"href":"https:\/\/meditex.ee\/lv\/wp-json\/wp\/v2\/media?parent=15882"}],"wp:term":[{"taxonomy":"product_brand","embeddable":true,"href":"https:\/\/meditex.ee\/lv\/wp-json\/wp\/v2\/product_brand?post=15882"},{"taxonomy":"product_cat","embeddable":true,"href":"https:\/\/meditex.ee\/lv\/wp-json\/wp\/v2\/product_cat?post=15882"},{"taxonomy":"product_tag","embeddable":true,"href":"https:\/\/meditex.ee\/lv\/wp-json\/wp\/v2\/product_tag?post=15882"}],"curies":[{"name":"wp","href":"https:\/\/api.w.org\/{rel}","templated":true}]}}