{"id":15875,"date":"2022-02-21T10:22:01","date_gmt":"2023-07-31T11:06:25","guid":{"rendered":"https:\/\/meditex.ee\/?post_type=product&#038;p=15875"},"modified":"2025-06-06T11:46:32","modified_gmt":"2025-06-06T11:46:32","slug":"carefix-bree","status":"publish","type":"product","link":"https:\/\/meditex.ee\/lv\/produkts\/carefix-bree\/","title":{"rendered":"Carefix Bree"},"content":{"rendered":"<div class=\"row row-small align-bottom\"  id=\"row-663264120\">\n\n\t<div id=\"col-538455682\" class=\"col medium-4 small-12 large-4\"  >\n\t\t\t\t<div class=\"col-inner text-left\"  >\n\t\t\t\n\t\t\t\n<h3>KOMPRESIJAS L\u012aMENIS 2 &#8211; SP\u0112C\u012aGS<\/h3>\n\t\t<\/div>\n\t\t\t\t\t<\/div>\n\n\t\n\n\t<div id=\"col-19269149\" class=\"col medium-4 small-12 large-4\"  >\n\t\t\t\t<div class=\"col-inner\"  >\n\t\t\t\n\t\t\t\n\t\t<\/div>\n\t\t\t\t\t<\/div>\n\n\t\n\n\t<div id=\"col-8711851\" class=\"col medium-4 small-12 large-4\"  >\n\t\t\t\t<div class=\"col-inner text-right\"  >\n\t\t\t\n\t\t\t\n\t<div class=\"img has-hover x md-x lg-x y md-y lg-y\" id=\"image_1982562510\">\n\t\t\t\t\t\t\t\t<div class=\"img-inner dark\" >\n\t\t\t<img decoding=\"async\" width=\"1020\" height=\"315\" src=\"https:\/\/meditex.ee\/wp-content\/uploads\/2018\/03\/CAREFIX_PAYOFF_4F-1400x433.png\" class=\"attachment-large size-large\" alt=\"\" srcset=\"https:\/\/meditex.ee\/wp-content\/uploads\/2018\/03\/CAREFIX_PAYOFF_4F-1400x433.png 1400w, https:\/\/meditex.ee\/wp-content\/uploads\/2018\/03\/CAREFIX_PAYOFF_4F-510x158.png 510w, https:\/\/meditex.ee\/wp-content\/uploads\/2018\/03\/CAREFIX_PAYOFF_4F-800x248.png 800w, https:\/\/meditex.ee\/wp-content\/uploads\/2018\/03\/CAREFIX_PAYOFF_4F-768x238.png 768w, https:\/\/meditex.ee\/wp-content\/uploads\/2018\/03\/CAREFIX_PAYOFF_4F-600x186.png 600w, https:\/\/meditex.ee\/wp-content\/uploads\/2018\/03\/CAREFIX_PAYOFF_4F.png 2038w\" sizes=\"(max-width: 1020px) 100vw, 1020px\" \/>\t\t\t\t\t\t\n\t\t\t\t\t<\/div>\n\t\t\t\t\t\t\t\t\n<style>\n#image_1982562510 {\n  width: 50%;\n}\n<\/style>\n\t<\/div>\n\t\n\t\t<\/div>\n\t\t\t\t\t<\/div>\n\n\t\n<\/div>\n<h2 data-fontsize=\"16\" data-lineheight=\"19\">Carefix Bree p\u0113coper\u0101cijas kr\u016b\u0161turis<\/h2>\n<p style=\"text-align: left;\" data-fontsize=\"16\" data-lineheight=\"19\"><span style=\"color: #000000;\"><strong>APRAKSTS:<\/strong> <span style=\"font-weight: 400;\">Bree ir \u012bpa\u0161i izstr\u0101d\u0101ts lieto\u0161anai p\u0113c oper\u0101cijas. Divas rindas \u0101\u0137\u012b\u0161u aizdares un regul\u0113jamas plecu siksni\u0146as noz\u012bm\u0113, ka varat piel\u0101got kr\u016b\u0161turis tie\u0161i t\u0101, k\u0101 v\u0113laties. Gudrs 4 virzienu elast\u012bgs audums papildu komfortam. Aproce ir veidota ar integr\u0113t\u0101m spiediena zon\u0101m, lai nodro\u0161in\u0101tu pareizu atbalstu.<\/span><\/span><\/p>\n<p data-fontsize=\"16\" data-lineheight=\"19\"><span style=\"font-weight: 400; color: #000000;\">Bez\u0161uvju konstrukcija nodro\u0161ina, ka br\u016bces un r\u0113tas zona netiek pak\u013cauta spiedienam. Turkl\u0101t m\u0113s v\u0113lamies, lai Bree lietot\u0101ji justu, ka vi\u0146i valk\u0101 funkcion\u0101lu, \u0113rtu un vienlaikus pieejamu kr\u016b\u0161turi.<\/span><\/p>\n<p data-fontsize=\"16\" data-lineheight=\"19\"><span style=\"font-weight: 400; color: #000000;\">M\u0113s ievies\u0101m visas jau piemin\u0113t\u0101s unik\u0101l\u0101s \u012bpa\u0161\u012bbas, kas atrodamas tikai Tytex augsto tehnolo\u0123iju medic\u012bniskajos ap\u0123\u0113rbos, k\u0101 ar\u012b main\u012bj\u0101m izm\u0113ru noteik\u0161anas procesu, lai Bree b\u016btu nepiecie\u0161ami tikai pieci izm\u0113ri, kas aptver 65-120 cm apk\u0101rtm\u0113ru un AA-E groza izm\u0113ru.<\/span><\/p>\n<p style=\"text-align: left;\" data-fontsize=\"16\" data-lineheight=\"19\"><span style=\"color: #000000;\"><strong>T\u012aKSTA MATERI\u0100LS: <\/strong>89% poliam\u012bds, 11% elast\u0101ns.<\/span><\/p>\n<a href=\"https:\/\/meditex.ee\/lv\/ka-merit-carefix\/\" class=\"button primary is-underline expand\" >\n\t\t<span>\u0160eit lasiet, k\u0101 izv\u0113l\u0113ties pareizo izm\u0113ru<\/span>\n\t<\/a>\n\n\t<div class=\"box has-hover   has-hover box-text-bottom\" >\n\n\t\t<div class=\"box-image\" >\n\t\t\t\t\t\t<div class=\"\" >\n\t\t\t\t\t\t\t\t\t\t\t\t\t\t\t<\/div>\n\t\t\t\t\t<\/div>\n\n\t\t<div class=\"box-text text-center\" >\n\t\t\t<div class=\"box-text-inner\">\n\t\t\t\t\n\t<div class=\"img has-hover x md-x lg-x y md-y lg-y\" id=\"image_236262593\">\n\t\t\t\t\t\t\t\t<div class=\"img-inner dark\" >\n\t\t\t<img decoding=\"async\" width=\"1020\" height=\"308\" src=\"https:\/\/meditex.ee\/wp-content\/uploads\/2022\/02\/Size-guide-1400x423.jpg\" class=\"attachment-large size-large\" alt=\"\" srcset=\"https:\/\/meditex.ee\/wp-content\/uploads\/2022\/02\/Size-guide-1400x423.jpg 1400w, https:\/\/meditex.ee\/wp-content\/uploads\/2022\/02\/Size-guide-510x154.jpg 510w, https:\/\/meditex.ee\/wp-content\/uploads\/2022\/02\/Size-guide-800x242.jpg 800w, https:\/\/meditex.ee\/wp-content\/uploads\/2022\/02\/Size-guide-768x232.jpg 768w, https:\/\/meditex.ee\/wp-content\/uploads\/2022\/02\/Size-guide-1536x465.jpg 1536w, https:\/\/meditex.ee\/wp-content\/uploads\/2022\/02\/Size-guide-600x181.jpg 600w, https:\/\/meditex.ee\/wp-content\/uploads\/2022\/02\/Size-guide.jpg 1726w\" sizes=\"(max-width: 1020px) 100vw, 1020px\" \/>\t\t\t\t\t\t\n\t\t\t\t\t<\/div>\n\t\t\t\t\t\t\t\t\n<style>\n#image_236262593 {\n  width: 100%;\n}\n<\/style>\n\t<\/div>\n\t\n<p style=\"text-align: left;\">PIEZ\u012aME. Nesal\u012bdziniet Carefix kr\u016b\u0161turi ar parastiem kr\u016b\u0161turi. T\u0101 k\u0101 Carefix kr\u016b\u0161turi ir paredz\u0113ti atbalsta un kompresijas nodro\u0161in\u0101\u0161anai, tiem ir j\u0101b\u016bt cie\u0161i piegu\u013co\u0161iem, un tie var \u0161\u0137ist mazi.<\/p>\n\t\t\t<\/div>\n\t\t<\/div>\n\t<\/div>\n\t\n\t<div class=\"box has-hover   has-hover box-text-bottom\" >\n\n\t\t<div class=\"box-image\" >\n\t\t\t\t\t\t<div class=\"\" >\n\t\t\t\t<img decoding=\"async\" width=\"1197\" height=\"687\" src=\"https:\/\/meditex.ee\/wp-content\/uploads\/2022\/02\/Bree-tugitsoonid.jpg\" class=\"attachment- size-\" alt=\"\" srcset=\"https:\/\/meditex.ee\/wp-content\/uploads\/2022\/02\/Bree-tugitsoonid.jpg 1197w, https:\/\/meditex.ee\/wp-content\/uploads\/2022\/02\/Bree-tugitsoonid-510x293.jpg 510w, https:\/\/meditex.ee\/wp-content\/uploads\/2022\/02\/Bree-tugitsoonid-697x400.jpg 697w, https:\/\/meditex.ee\/wp-content\/uploads\/2022\/02\/Bree-tugitsoonid-768x441.jpg 768w, https:\/\/meditex.ee\/wp-content\/uploads\/2022\/02\/Bree-tugitsoonid-600x344.jpg 600w\" sizes=\"(max-width: 1197px) 100vw, 1197px\" \/>\t\t\t\t\t\t\t\t\t\t\t<\/div>\n\t\t\t\t\t<\/div>\n\n\t\t<div class=\"box-text text-center\" >\n\t\t\t<div class=\"box-text-inner\">\n\t\t\t\t\n<p style=\"text-align: left;\"><span style=\"color: #e14d43;\">SASPIE\u0160ANAS ZONAS, KUR NR. 1 NOR\u0100DA UZ VISSP\u0112C\u012aG\u0100KO SASPIE\u0160ANU.<\/span><\/p>\n\t\t\t<\/div>\n\t\t<\/div>\n\t<\/div>\n\t\n<p style=\"text-align: left;\"><span style=\"font-weight: 400;\">Auduma strukt\u016bru da\u017e\u0101d\u0101s kompresijas un atbalsta zon\u0101s vienm\u0113r nosaka atbilsto\u0161i \u0137irurgu un medm\u0101su v\u0113lm\u0113m un ieteikumiem, k\u0101 ar\u012b zonas atra\u0161an\u0101s vietai un lielumam.<\/span><\/p>\n<p style=\"text-align: left;\"><span style=\"font-weight: 400;\">Visu Carefix kr\u016b\u0161turi\u0146u da\u017e\u0101du mode\u013cu kompresijas un atbalsta zonas ir p\u0101rbaud\u012btas ar re\u0101liem pacientiem. Katrs kr\u016b\u0161turu modelis ir p\u0101rbaud\u012bts attiec\u012bb\u0101 uz indik\u0101cij\u0101m, medic\u012bnisko veiktsp\u0113ju un komfortu. Kopum\u0101 tas noz\u012bm\u0113, ka \u0161uves strukt\u016bra, katras kompresijas un atbalsta zonas izvietojums un izm\u0113rs tiek r\u016bp\u012bgi izv\u0113l\u0113ti atbilsto\u0161i \u0137irurgu, medic\u012bnas m\u0101su un gala lietot\u0101ju ieteikumiem un v\u0113lm\u0113m.<\/span><\/p>\n<p style=\"text-align: left;\"><span style=\"font-weight: 400;\">Katrs kr\u016b\u0161turis ir balst\u012bts uz da\u017e\u0101du zonu kombin\u0101ciju:<\/span><\/p>\n<ul style=\"text-align: left;\">\n<li><span style=\"font-weight: 400;\">  lietot\u0101ju testi (testa-retesta metode).<\/span><\/li>\n<li><span style=\"font-weight: 400;\">  unik\u0101la un cie\u0161a sadarb\u012bba ar vesel\u012bbas apr\u016bpes speci\u0101listiem, parasti \u0137irurgiem un medic\u012bnas m\u0101s\u0101m.<\/span><\/li>\n<\/ul>\n<p style=\"text-align: left;\"><span style=\"font-weight: 400;\">Ir p\u0101rbaud\u012btas daudzas kombin\u0101cijas, lai kr\u016b\u0161turi b\u016btu prec\u012bzi saska\u0146oti un lab\u0101kie sav\u0101 klas\u0113 gan attiec\u012bb\u0101 uz piem\u0113rot\u012bbu un komfortu (lietot\u0101jiem), gan kl\u012bnisko un medic\u012bnisko veiktsp\u0113ju (profesion\u0101lais aspekts).<\/span><\/p>\n<p style=\"text-align: left;\"><span style=\"font-weight: 400;\">Lielisks kompresijas un atbalsta zonu apvienojums, \u0146emot v\u0113r\u0101 medic\u012bnas ekspertu un lietot\u0101ju ieteikumus, padara katru kr\u016b\u0161turu modeli unik\u0101lu.<\/span><\/p>\n\t<div id=\"gap-1610778786\" class=\"gap-element clearfix\" style=\"display:block; height:auto;\">\n\t\t\n<style>\n#gap-1610778786 {\n  padding-top: 30px;\n}\n<\/style>\n\t<\/div>\n\t\n<p style=\"text-align: left;\">inform\u0101ciju ra\u017eot\u0101ja t\u012bmek\u013ca vietn\u0113 (ang\u013cu valod\u0101) <a href=\"https:\/\/shorturl.at\/CKMOV\">https:\/\/shorturl.at\/CKMOV<\/a>.<\/p>\n<p>Vair\u0101k par kr\u016b\u0161turi\u0146u Carefix \u012bpa\u0161\u012bb\u0101m lasiet \u0161eit <a href=\"https:\/\/meditex.ee\/lv\/carefix\/\">https:\/\/meditex.ee\/carefix\/<\/a>.<\/p>\n","protected":false},"excerpt":{"rendered":"<p style=\"text-align: left;\" data-fontsize=\"16\" data-lineheight=\"19\"><span style=\"font-size: 75%; color: #000000;\">P\u0113coper\u0101cijas kr\u016b\u0161turis.<\/span><\/p>\n","protected":false},"featured_media":15560,"template":"","meta":[],"product_brand":[],"product_cat":[492],"product_tag":[521],"class_list":{"0":"post-15875","1":"product","2":"type-product","3":"status-publish","4":"has-post-thumbnail","6":"product_cat-pecoperaciju-krusturi","7":"product_tag-carefix-lv","9":"first","10":"instock","11":"taxable","12":"shipping-taxable","13":"purchasable","14":"product-type-variable"},"yoast_head":"<!-- This site is optimized with the Yoast SEO plugin v27.3 - https:\/\/yoast.com\/product\/yoast-seo-wordpress\/ -->\n<title>Carefix\u00ae Bree p\u0113coper\u0101cijas kr\u016b\u0161turis % -% %<\/title>\n<meta name=\"description\" content=\"Carefix\u00ae Bree p\u0113coper\u0101cijas kr\u016b\u0161turis ir \u012bpa\u0161i izstr\u0101d\u0101ts lieto\u0161anai p\u0113c oper\u0101cijas. Jaun\u0101kais mode\u013cu kl\u0101sta modelis.\" \/>\n<meta name=\"robots\" content=\"index, follow, max-snippet:-1, max-image-preview:large, max-video-preview:-1\" \/>\n<link rel=\"canonical\" href=\"https:\/\/meditex.ee\/lv\/produkts\/carefix-bree\/\" \/>\n<meta property=\"og:locale\" content=\"lv_LV\" \/>\n<meta property=\"og:type\" content=\"article\" \/>\n<meta property=\"og:title\" content=\"Carefix\u00ae Bree p\u0113coper\u0101cijas kr\u016b\u0161turis % -% %\" \/>\n<meta property=\"og:description\" content=\"Carefix\u00ae Bree p\u0113coper\u0101cijas kr\u016b\u0161turis ir \u012bpa\u0161i izstr\u0101d\u0101ts lieto\u0161anai p\u0113c oper\u0101cijas. Jaun\u0101kais mode\u013cu kl\u0101sta modelis.\" \/>\n<meta property=\"og:url\" content=\"https:\/\/meditex.ee\/lv\/produkts\/carefix-bree\/\" \/>\n<meta property=\"og:site_name\" content=\"Meditex\" \/>\n<meta property=\"article:publisher\" content=\"https:\/\/www.facebook.com\/meditexepood\/\" \/>\n<meta property=\"article:modified_time\" content=\"2025-06-06T11:46:32+00:00\" \/>\n<meta property=\"og:image\" content=\"https:\/\/meditex.ee\/wp-content\/uploads\/2022\/02\/Bree-1.jpg\" \/>\n\t<meta property=\"og:image:width\" content=\"2542\" \/>\n\t<meta property=\"og:image:height\" content=\"3543\" \/>\n\t<meta property=\"og:image:type\" content=\"image\/jpeg\" \/>\n<meta name=\"twitter:card\" content=\"summary_large_image\" \/>\n<meta name=\"twitter:label1\" content=\"Est. reading time\" \/>\n\t<meta name=\"twitter:data1\" content=\"3 minutes\" \/>\n<script type=\"application\/ld+json\" class=\"yoast-schema-graph\">{\"@context\":\"https:\\\/\\\/schema.org\",\"@graph\":[{\"@type\":\"WebPage\",\"@id\":\"https:\\\/\\\/meditex.ee\\\/lv\\\/produkts\\\/carefix-bree\\\/\",\"url\":\"https:\\\/\\\/meditex.ee\\\/lv\\\/produkts\\\/carefix-bree\\\/\",\"name\":\"Carefix\u00ae Bree p\u0113coper\u0101cijas kr\u016b\u0161turis % -% %\",\"isPartOf\":{\"@id\":\"https:\\\/\\\/meditex.ee\\\/en\\\/#website\"},\"primaryImageOfPage\":{\"@id\":\"https:\\\/\\\/meditex.ee\\\/lv\\\/produkts\\\/carefix-bree\\\/#primaryimage\"},\"image\":{\"@id\":\"https:\\\/\\\/meditex.ee\\\/lv\\\/produkts\\\/carefix-bree\\\/#primaryimage\"},\"thumbnailUrl\":\"https:\\\/\\\/meditex.ee\\\/wp-content\\\/uploads\\\/2022\\\/02\\\/Bree-1.jpg\",\"datePublished\":\"2023-07-31T11:06:25+00:00\",\"dateModified\":\"2025-06-06T11:46:32+00:00\",\"description\":\"Carefix\u00ae Bree p\u0113coper\u0101cijas kr\u016b\u0161turis ir \u012bpa\u0161i izstr\u0101d\u0101ts lieto\u0161anai p\u0113c oper\u0101cijas. Jaun\u0101kais mode\u013cu kl\u0101sta modelis.\",\"breadcrumb\":{\"@id\":\"https:\\\/\\\/meditex.ee\\\/lv\\\/produkts\\\/carefix-bree\\\/#breadcrumb\"},\"inLanguage\":\"lv-LV\",\"potentialAction\":[{\"@type\":\"ReadAction\",\"target\":[\"https:\\\/\\\/meditex.ee\\\/lv\\\/produkts\\\/carefix-bree\\\/\"]}]},{\"@type\":\"ImageObject\",\"inLanguage\":\"lv-LV\",\"@id\":\"https:\\\/\\\/meditex.ee\\\/lv\\\/produkts\\\/carefix-bree\\\/#primaryimage\",\"url\":\"https:\\\/\\\/meditex.ee\\\/wp-content\\\/uploads\\\/2022\\\/02\\\/Bree-1.jpg\",\"contentUrl\":\"https:\\\/\\\/meditex.ee\\\/wp-content\\\/uploads\\\/2022\\\/02\\\/Bree-1.jpg\",\"width\":2542,\"height\":3543},{\"@type\":\"BreadcrumbList\",\"@id\":\"https:\\\/\\\/meditex.ee\\\/lv\\\/produkts\\\/carefix-bree\\\/#breadcrumb\",\"itemListElement\":[{\"@type\":\"ListItem\",\"position\":1,\"name\":\"Home\",\"item\":\"https:\\\/\\\/meditex.ee\\\/lv\\\/\"},{\"@type\":\"ListItem\",\"position\":2,\"name\":\"Veikals\",\"item\":\"https:\\\/\\\/meditex.ee\\\/lv\\\/veikals\\\/\"},{\"@type\":\"ListItem\",\"position\":3,\"name\":\"Carefix Bree\"}]},{\"@type\":\"WebSite\",\"@id\":\"https:\\\/\\\/meditex.ee\\\/en\\\/#website\",\"url\":\"https:\\\/\\\/meditex.ee\\\/en\\\/\",\"name\":\"Meditex\",\"description\":\"\",\"publisher\":{\"@id\":\"https:\\\/\\\/meditex.ee\\\/en\\\/#organization\"},\"potentialAction\":[{\"@type\":\"SearchAction\",\"target\":{\"@type\":\"EntryPoint\",\"urlTemplate\":\"https:\\\/\\\/meditex.ee\\\/en\\\/?s={search_term_string}\"},\"query-input\":{\"@type\":\"PropertyValueSpecification\",\"valueRequired\":true,\"valueName\":\"search_term_string\"}}],\"inLanguage\":\"lv-LV\"},{\"@type\":\"Organization\",\"@id\":\"https:\\\/\\\/meditex.ee\\\/en\\\/#organization\",\"name\":\"Meditex\",\"url\":\"https:\\\/\\\/meditex.ee\\\/en\\\/\",\"logo\":{\"@type\":\"ImageObject\",\"inLanguage\":\"lv-LV\",\"@id\":\"https:\\\/\\\/meditex.ee\\\/en\\\/#\\\/schema\\\/logo\\\/image\\\/\",\"url\":\"https:\\\/\\\/meditex.ee\\\/wp-content\\\/uploads\\\/2018\\\/03\\\/mdtx_logo.png\",\"contentUrl\":\"https:\\\/\\\/meditex.ee\\\/wp-content\\\/uploads\\\/2018\\\/03\\\/mdtx_logo.png\",\"width\":669,\"height\":235,\"caption\":\"Meditex\"},\"image\":{\"@id\":\"https:\\\/\\\/meditex.ee\\\/en\\\/#\\\/schema\\\/logo\\\/image\\\/\"},\"sameAs\":[\"https:\\\/\\\/www.facebook.com\\\/meditexepood\\\/\"]}]}<\/script>\n<!-- \/ Yoast SEO plugin. -->","yoast_head_json":{"title":"Carefix\u00ae Bree p\u0113coper\u0101cijas kr\u016b\u0161turis % -% %","description":"Carefix\u00ae Bree p\u0113coper\u0101cijas kr\u016b\u0161turis ir \u012bpa\u0161i izstr\u0101d\u0101ts lieto\u0161anai p\u0113c oper\u0101cijas. Jaun\u0101kais mode\u013cu kl\u0101sta modelis.","robots":{"index":"index","follow":"follow","max-snippet":"max-snippet:-1","max-image-preview":"max-image-preview:large","max-video-preview":"max-video-preview:-1"},"canonical":"https:\/\/meditex.ee\/lv\/produkts\/carefix-bree\/","og_locale":"lv_LV","og_type":"article","og_title":"Carefix\u00ae Bree p\u0113coper\u0101cijas kr\u016b\u0161turis % -% %","og_description":"Carefix\u00ae Bree p\u0113coper\u0101cijas kr\u016b\u0161turis ir \u012bpa\u0161i izstr\u0101d\u0101ts lieto\u0161anai p\u0113c oper\u0101cijas. Jaun\u0101kais mode\u013cu kl\u0101sta modelis.","og_url":"https:\/\/meditex.ee\/lv\/produkts\/carefix-bree\/","og_site_name":"Meditex","article_publisher":"https:\/\/www.facebook.com\/meditexepood\/","article_modified_time":"2025-06-06T11:46:32+00:00","og_image":[{"width":2542,"height":3543,"url":"https:\/\/meditex.ee\/wp-content\/uploads\/2022\/02\/Bree-1.jpg","type":"image\/jpeg"}],"twitter_card":"summary_large_image","twitter_misc":{"Est. reading time":"3 minutes"},"schema":{"@context":"https:\/\/schema.org","@graph":[{"@type":"WebPage","@id":"https:\/\/meditex.ee\/lv\/produkts\/carefix-bree\/","url":"https:\/\/meditex.ee\/lv\/produkts\/carefix-bree\/","name":"Carefix\u00ae Bree p\u0113coper\u0101cijas kr\u016b\u0161turis % -% %","isPartOf":{"@id":"https:\/\/meditex.ee\/en\/#website"},"primaryImageOfPage":{"@id":"https:\/\/meditex.ee\/lv\/produkts\/carefix-bree\/#primaryimage"},"image":{"@id":"https:\/\/meditex.ee\/lv\/produkts\/carefix-bree\/#primaryimage"},"thumbnailUrl":"https:\/\/meditex.ee\/wp-content\/uploads\/2022\/02\/Bree-1.jpg","datePublished":"2023-07-31T11:06:25+00:00","dateModified":"2025-06-06T11:46:32+00:00","description":"Carefix\u00ae Bree p\u0113coper\u0101cijas kr\u016b\u0161turis ir \u012bpa\u0161i izstr\u0101d\u0101ts lieto\u0161anai p\u0113c oper\u0101cijas. Jaun\u0101kais mode\u013cu kl\u0101sta modelis.","breadcrumb":{"@id":"https:\/\/meditex.ee\/lv\/produkts\/carefix-bree\/#breadcrumb"},"inLanguage":"lv-LV","potentialAction":[{"@type":"ReadAction","target":["https:\/\/meditex.ee\/lv\/produkts\/carefix-bree\/"]}]},{"@type":"ImageObject","inLanguage":"lv-LV","@id":"https:\/\/meditex.ee\/lv\/produkts\/carefix-bree\/#primaryimage","url":"https:\/\/meditex.ee\/wp-content\/uploads\/2022\/02\/Bree-1.jpg","contentUrl":"https:\/\/meditex.ee\/wp-content\/uploads\/2022\/02\/Bree-1.jpg","width":2542,"height":3543},{"@type":"BreadcrumbList","@id":"https:\/\/meditex.ee\/lv\/produkts\/carefix-bree\/#breadcrumb","itemListElement":[{"@type":"ListItem","position":1,"name":"Home","item":"https:\/\/meditex.ee\/lv\/"},{"@type":"ListItem","position":2,"name":"Veikals","item":"https:\/\/meditex.ee\/lv\/veikals\/"},{"@type":"ListItem","position":3,"name":"Carefix Bree"}]},{"@type":"WebSite","@id":"https:\/\/meditex.ee\/en\/#website","url":"https:\/\/meditex.ee\/en\/","name":"Meditex","description":"","publisher":{"@id":"https:\/\/meditex.ee\/en\/#organization"},"potentialAction":[{"@type":"SearchAction","target":{"@type":"EntryPoint","urlTemplate":"https:\/\/meditex.ee\/en\/?s={search_term_string}"},"query-input":{"@type":"PropertyValueSpecification","valueRequired":true,"valueName":"search_term_string"}}],"inLanguage":"lv-LV"},{"@type":"Organization","@id":"https:\/\/meditex.ee\/en\/#organization","name":"Meditex","url":"https:\/\/meditex.ee\/en\/","logo":{"@type":"ImageObject","inLanguage":"lv-LV","@id":"https:\/\/meditex.ee\/en\/#\/schema\/logo\/image\/","url":"https:\/\/meditex.ee\/wp-content\/uploads\/2018\/03\/mdtx_logo.png","contentUrl":"https:\/\/meditex.ee\/wp-content\/uploads\/2018\/03\/mdtx_logo.png","width":669,"height":235,"caption":"Meditex"},"image":{"@id":"https:\/\/meditex.ee\/en\/#\/schema\/logo\/image\/"},"sameAs":["https:\/\/www.facebook.com\/meditexepood\/"]}]}},"_links":{"self":[{"href":"https:\/\/meditex.ee\/lv\/wp-json\/wp\/v2\/product\/15875","targetHints":{"allow":["GET"]}}],"collection":[{"href":"https:\/\/meditex.ee\/lv\/wp-json\/wp\/v2\/product"}],"about":[{"href":"https:\/\/meditex.ee\/lv\/wp-json\/wp\/v2\/types\/product"}],"wp:featuredmedia":[{"embeddable":true,"href":"https:\/\/meditex.ee\/lv\/wp-json\/wp\/v2\/media\/15560"}],"wp:attachment":[{"href":"https:\/\/meditex.ee\/lv\/wp-json\/wp\/v2\/media?parent=15875"}],"wp:term":[{"taxonomy":"product_brand","embeddable":true,"href":"https:\/\/meditex.ee\/lv\/wp-json\/wp\/v2\/product_brand?post=15875"},{"taxonomy":"product_cat","embeddable":true,"href":"https:\/\/meditex.ee\/lv\/wp-json\/wp\/v2\/product_cat?post=15875"},{"taxonomy":"product_tag","embeddable":true,"href":"https:\/\/meditex.ee\/lv\/wp-json\/wp\/v2\/product_tag?post=15875"}],"curies":[{"name":"wp","href":"https:\/\/api.w.org\/{rel}","templated":true}]}}