{"id":15618,"date":"2018-04-03T08:27:10","date_gmt":"2023-07-31T11:06:52","guid":{"rendered":"https:\/\/meditex.ee\/?post_type=product&#038;p=15618"},"modified":"2023-07-31T11:06:54","modified_gmt":"2023-07-31T11:06:54","slug":"carefix-mindy","status":"publish","type":"product","link":"https:\/\/meditex.ee\/lv\/produkts\/carefix-mindy\/","title":{"rendered":"Carefix Mindy"},"content":{"rendered":"<div class=\"row align-bottom\"  id=\"row-2067413081\">\n\n\t<div id=\"col-510613121\" class=\"col medium-5 small-12 large-5\"  >\n\t\t\t\t<div class=\"col-inner text-left\"  >\n\t\t\t\n\t\t\t\n<h3>KOMPRESIJAS L\u012aMENIS \u2013 3. M\u0112RENS<\/h3>\n\t\t<\/div>\n\t\t\t\t\t<\/div>\n\n\t\n\n\t<div id=\"col-1021864958\" class=\"col medium-3 small-12 large-3\"  >\n\t\t\t\t<div class=\"col-inner\"  >\n\t\t\t\n\t\t\t\n\t\t<\/div>\n\t\t\t\t\t<\/div>\n\n\t\n\n\t<div id=\"col-2065262337\" class=\"col medium-4 small-12 large-4\"  >\n\t\t\t\t<div class=\"col-inner text-right\"  >\n\t\t\t\n\t\t\t\n\t<div class=\"img has-hover x md-x lg-x y md-y lg-y\" id=\"image_702537459\">\n\t\t\t\t\t\t\t\t<div class=\"img-inner dark\" >\n\t\t\t<img decoding=\"async\" width=\"1020\" height=\"315\" src=\"https:\/\/meditex.ee\/wp-content\/uploads\/2018\/03\/CAREFIX_PAYOFF_4F-1400x433.png\" class=\"attachment-large size-large\" alt=\"\" srcset=\"https:\/\/meditex.ee\/wp-content\/uploads\/2018\/03\/CAREFIX_PAYOFF_4F-1400x433.png 1400w, https:\/\/meditex.ee\/wp-content\/uploads\/2018\/03\/CAREFIX_PAYOFF_4F-510x158.png 510w, https:\/\/meditex.ee\/wp-content\/uploads\/2018\/03\/CAREFIX_PAYOFF_4F-800x248.png 800w, https:\/\/meditex.ee\/wp-content\/uploads\/2018\/03\/CAREFIX_PAYOFF_4F-768x238.png 768w, https:\/\/meditex.ee\/wp-content\/uploads\/2018\/03\/CAREFIX_PAYOFF_4F-600x186.png 600w, https:\/\/meditex.ee\/wp-content\/uploads\/2018\/03\/CAREFIX_PAYOFF_4F.png 2038w\" sizes=\"(max-width: 1020px) 100vw, 1020px\" \/>\t\t\t\t\t\t\n\t\t\t\t\t<\/div>\n\t\t\t\t\t\t\t\t\n<style>\n#image_702537459 {\n  width: 40%;\n}\n<\/style>\n\t<\/div>\n\t\n\t\t<\/div>\n\t\t\t\t\t<\/div>\n\n\t\n<\/div>\n<p><strong>APRAKSTS:<\/strong> <em>Mindy<\/em> kr\u016b\u0161turim ir integr\u0113tas atbalsta un kompresijas zonas, lai ieg\u016btu vislab\u0101ko \u0137irur\u0123isko rezult\u0101tu. Divpus\u0113jas kabatas <em>Carefix<\/em> kr\u016b\u0161u spilventi\u0146iem. Nodro\u0161ina optim\u0101lu komfortu un saudz\u012bgumu \u0101dai.<\/p>\n<p><em>Mindy<\/em> kr\u016b\u0161turis nodro\u0161ina oper\u0101cijas zonas aizsardz\u012bbu, k\u0101 ar\u012b atbalstu un kompresiju, uzlabojot lab\u0101ku r\u0113tu izskatu un samazinot t\u016bskas un p\u0113coper\u0101cijas komplik\u0101ciju risku.<\/p>\n<p>100% bez\u0161uvju dizains palielina lietot\u0101ja komfortu un nov\u0113r\u0161 spiediena punktus un audu kairin\u0101jumu, nodro\u0161inot maksim\u0101lu saudz\u012bgumu \u0101dai.<\/p>\n<p><em>Mindy<\/em> kr\u016b\u0161turis ir \u0113rti n\u0113s\u0101jams, kad \u0101da ir maiga un jut\u012bga.<\/p>\n<p>\u0160o kr\u016b\u0161turi lietot\u0101jam ieteicams n\u0113s\u0101t, kad ir atg\u016bta piln\u012bga mobilit\u0101te un sp\u0113jas aizlikt rokas aiz muguras bez s\u0101p\u0113m vai neievainojot br\u016bci.<\/p>\n<p><strong>SAST\u0100VS:<\/strong> 91% Poliam\u012bds, 9% Elast\u0101ns<\/p>\n<a href=\"https:\/\/meditex.ee\/lv\/ka-merit-carefix\/\" class=\"button primary is-underline expand\" >\n\t\t<span>LASI \u0160EIT, K\u0100 IZV\u0112L\u0112TIES PAREIZO IZM\u0112RU<\/span>\n\t<\/a>\n\n\t<div class=\"img has-hover x md-x lg-x y md-y lg-y\" id=\"image_1739402031\">\n\t\t\t\t\t\t\t\t<div class=\"img-inner dark\" >\n\t\t\t<img decoding=\"async\" width=\"1020\" height=\"281\" src=\"https:\/\/meditex.ee\/wp-content\/uploads\/2018\/03\/carefix-bra-sizechart_anna_alice_mindy_red-1200x331.jpg\" class=\"attachment-large size-large\" alt=\"\" srcset=\"https:\/\/meditex.ee\/wp-content\/uploads\/2018\/03\/carefix-bra-sizechart_anna_alice_mindy_red-1200x331.jpg 1200w, https:\/\/meditex.ee\/wp-content\/uploads\/2018\/03\/carefix-bra-sizechart_anna_alice_mindy_red-1200x331-510x141.jpg 510w, https:\/\/meditex.ee\/wp-content\/uploads\/2018\/03\/carefix-bra-sizechart_anna_alice_mindy_red-1200x331-800x221.jpg 800w, https:\/\/meditex.ee\/wp-content\/uploads\/2018\/03\/carefix-bra-sizechart_anna_alice_mindy_red-1200x331-768x212.jpg 768w, https:\/\/meditex.ee\/wp-content\/uploads\/2018\/03\/carefix-bra-sizechart_anna_alice_mindy_red-1200x331-600x166.jpg 600w\" sizes=\"(max-width: 1020px) 100vw, 1020px\" \/>\t\t\t\t\t\t\n\t\t\t\t\t<\/div>\n\t\t\t\t\t\t\t\t\n<style>\n#image_1739402031 {\n  width: 100%;\n}\n<\/style>\n\t<\/div>\n\t\n\t<div id=\"gap-1773984367\" class=\"gap-element clearfix\" style=\"display:block; height:auto;\">\n\t\t\n<style>\n#gap-1773984367 {\n  padding-top: 30px;\n}\n<\/style>\n\t<\/div>\n\t\n<p style=\"text-align: left;\">Vair\u0101k par Carefix kr\u016b\u0161tura \u012bpa\u0161\u012bb\u0101m lasi \u0161eit <a href=\"https:\/\/meditex.ee\/lv\/carefix\/\">https:\/\/meditex.ee\/lv\/carefix\/<\/a><\/p>\n","protected":false},"excerpt":{"rendered":"<p><span style=\"font-size: 75%;\">Medic\u012bniskais kr\u016b\u0161turis n\u0113s\u0101\u0161anai p\u0113c kr\u016b\u0161u oper\u0101cijas, kad tiek atg\u016bta piln\u012bga mobilit\u0101te. Ar kabat\u0101m <em>Carefix<\/em> kr\u016b\u0161u spilventi\u0146iem (spilventi\u0146i nav iek\u013cauti).<\/span><\/p>\n","protected":false},"featured_media":15492,"template":"","meta":[],"product_brand":[],"product_cat":[492],"product_tag":[521],"class_list":{"0":"post-15618","1":"product","2":"type-product","3":"status-publish","4":"has-post-thumbnail","6":"product_cat-pecoperaciju-krusturi","7":"product_tag-carefix-lv","9":"first","10":"instock","11":"taxable","12":"shipping-taxable","13":"purchasable","14":"product-type-variable"},"yoast_head":"<!-- This site is optimized with the Yoast SEO plugin v27.3 - https:\/\/yoast.com\/product\/yoast-seo-wordpress\/ -->\n<title>Carefix Mindy - Meditex<\/title>\n<meta name=\"description\" content=\"Mindy kr\u016b\u0161turis nodro\u0161ina oper\u0101cijas zonas aizsardz\u012bbu, k\u0101 ar\u012b atbalstu un kompresiju, uzlabojot lab\u0101ku r\u0113tu izskatu un samazinot t\u016bskas un p\u0113coper\u0101cijas komplik\u0101ciju risku.\" \/>\n<meta name=\"robots\" content=\"index, follow, max-snippet:-1, max-image-preview:large, max-video-preview:-1\" \/>\n<link rel=\"canonical\" href=\"https:\/\/meditex.ee\/lv\/product\/carefix-mindy\/\" \/>\n<meta property=\"og:locale\" content=\"lv_LV\" \/>\n<meta property=\"og:type\" content=\"article\" \/>\n<meta property=\"og:title\" content=\"Carefix Mindy - Meditex\" \/>\n<meta property=\"og:description\" content=\"Mindy kr\u016b\u0161turis nodro\u0161ina oper\u0101cijas zonas aizsardz\u012bbu, k\u0101 ar\u012b atbalstu un kompresiju, uzlabojot lab\u0101ku r\u0113tu izskatu un samazinot t\u016bskas un p\u0113coper\u0101cijas komplik\u0101ciju risku.\" \/>\n<meta property=\"og:url\" content=\"https:\/\/meditex.ee\/lv\/product\/carefix-mindy\/\" \/>\n<meta property=\"og:site_name\" content=\"Meditex\" \/>\n<meta property=\"article:publisher\" content=\"https:\/\/www.facebook.com\/meditexepood\/\" \/>\n<meta property=\"article:modified_time\" content=\"2023-07-31T11:06:54+00:00\" \/>\n<meta property=\"og:image\" content=\"https:\/\/meditex.ee\/wp-content\/uploads\/2018\/04\/Mindy_3227_BL_Front_300-medium.jpg\" \/>\n\t<meta property=\"og:image:width\" content=\"1252\" \/>\n\t<meta property=\"og:image:height\" content=\"1600\" \/>\n\t<meta property=\"og:image:type\" content=\"image\/jpeg\" \/>\n<meta name=\"twitter:card\" content=\"summary_large_image\" \/>\n<meta name=\"twitter:label1\" content=\"Est. reading time\" \/>\n\t<meta name=\"twitter:data1\" content=\"1 minute\" \/>\n<script type=\"application\/ld+json\" class=\"yoast-schema-graph\">{\"@context\":\"https:\\\/\\\/schema.org\",\"@graph\":[{\"@type\":\"WebPage\",\"@id\":\"https:\\\/\\\/meditex.ee\\\/lv\\\/product\\\/carefix-mindy\\\/\",\"url\":\"https:\\\/\\\/meditex.ee\\\/lv\\\/product\\\/carefix-mindy\\\/\",\"name\":\"Carefix Mindy - Meditex\",\"isPartOf\":{\"@id\":\"https:\\\/\\\/meditex.ee\\\/en\\\/#website\"},\"primaryImageOfPage\":{\"@id\":\"https:\\\/\\\/meditex.ee\\\/lv\\\/product\\\/carefix-mindy\\\/#primaryimage\"},\"image\":{\"@id\":\"https:\\\/\\\/meditex.ee\\\/lv\\\/product\\\/carefix-mindy\\\/#primaryimage\"},\"thumbnailUrl\":\"https:\\\/\\\/meditex.ee\\\/wp-content\\\/uploads\\\/2018\\\/04\\\/Mindy_3227_BL_Front_300-medium.jpg\",\"datePublished\":\"2023-07-31T11:06:52+00:00\",\"dateModified\":\"2023-07-31T11:06:54+00:00\",\"description\":\"Mindy kr\u016b\u0161turis nodro\u0161ina oper\u0101cijas zonas aizsardz\u012bbu, k\u0101 ar\u012b atbalstu un kompresiju, uzlabojot lab\u0101ku r\u0113tu izskatu un samazinot t\u016bskas un p\u0113coper\u0101cijas komplik\u0101ciju risku.\",\"breadcrumb\":{\"@id\":\"https:\\\/\\\/meditex.ee\\\/lv\\\/product\\\/carefix-mindy\\\/#breadcrumb\"},\"inLanguage\":\"lv-LV\",\"potentialAction\":[{\"@type\":\"ReadAction\",\"target\":[\"https:\\\/\\\/meditex.ee\\\/lv\\\/product\\\/carefix-mindy\\\/\"]}]},{\"@type\":\"ImageObject\",\"inLanguage\":\"lv-LV\",\"@id\":\"https:\\\/\\\/meditex.ee\\\/lv\\\/product\\\/carefix-mindy\\\/#primaryimage\",\"url\":\"https:\\\/\\\/meditex.ee\\\/wp-content\\\/uploads\\\/2018\\\/04\\\/Mindy_3227_BL_Front_300-medium.jpg\",\"contentUrl\":\"https:\\\/\\\/meditex.ee\\\/wp-content\\\/uploads\\\/2018\\\/04\\\/Mindy_3227_BL_Front_300-medium.jpg\",\"width\":1252,\"height\":1600},{\"@type\":\"BreadcrumbList\",\"@id\":\"https:\\\/\\\/meditex.ee\\\/lv\\\/product\\\/carefix-mindy\\\/#breadcrumb\",\"itemListElement\":[{\"@type\":\"ListItem\",\"position\":1,\"name\":\"Home\",\"item\":\"https:\\\/\\\/meditex.ee\\\/lv\\\/\"},{\"@type\":\"ListItem\",\"position\":2,\"name\":\"Veikals\",\"item\":\"https:\\\/\\\/meditex.ee\\\/lv\\\/veikals\\\/\"},{\"@type\":\"ListItem\",\"position\":3,\"name\":\"Carefix Mindy\"}]},{\"@type\":\"WebSite\",\"@id\":\"https:\\\/\\\/meditex.ee\\\/en\\\/#website\",\"url\":\"https:\\\/\\\/meditex.ee\\\/en\\\/\",\"name\":\"Meditex\",\"description\":\"\",\"publisher\":{\"@id\":\"https:\\\/\\\/meditex.ee\\\/en\\\/#organization\"},\"potentialAction\":[{\"@type\":\"SearchAction\",\"target\":{\"@type\":\"EntryPoint\",\"urlTemplate\":\"https:\\\/\\\/meditex.ee\\\/en\\\/?s={search_term_string}\"},\"query-input\":{\"@type\":\"PropertyValueSpecification\",\"valueRequired\":true,\"valueName\":\"search_term_string\"}}],\"inLanguage\":\"lv-LV\"},{\"@type\":\"Organization\",\"@id\":\"https:\\\/\\\/meditex.ee\\\/en\\\/#organization\",\"name\":\"Meditex\",\"url\":\"https:\\\/\\\/meditex.ee\\\/en\\\/\",\"logo\":{\"@type\":\"ImageObject\",\"inLanguage\":\"lv-LV\",\"@id\":\"https:\\\/\\\/meditex.ee\\\/en\\\/#\\\/schema\\\/logo\\\/image\\\/\",\"url\":\"https:\\\/\\\/meditex.ee\\\/wp-content\\\/uploads\\\/2018\\\/03\\\/mdtx_logo.png\",\"contentUrl\":\"https:\\\/\\\/meditex.ee\\\/wp-content\\\/uploads\\\/2018\\\/03\\\/mdtx_logo.png\",\"width\":669,\"height\":235,\"caption\":\"Meditex\"},\"image\":{\"@id\":\"https:\\\/\\\/meditex.ee\\\/en\\\/#\\\/schema\\\/logo\\\/image\\\/\"},\"sameAs\":[\"https:\\\/\\\/www.facebook.com\\\/meditexepood\\\/\"]}]}<\/script>\n<!-- \/ Yoast SEO plugin. -->","yoast_head_json":{"title":"Carefix Mindy - Meditex","description":"Mindy kr\u016b\u0161turis nodro\u0161ina oper\u0101cijas zonas aizsardz\u012bbu, k\u0101 ar\u012b atbalstu un kompresiju, uzlabojot lab\u0101ku r\u0113tu izskatu un samazinot t\u016bskas un p\u0113coper\u0101cijas komplik\u0101ciju risku.","robots":{"index":"index","follow":"follow","max-snippet":"max-snippet:-1","max-image-preview":"max-image-preview:large","max-video-preview":"max-video-preview:-1"},"canonical":"https:\/\/meditex.ee\/lv\/product\/carefix-mindy\/","og_locale":"lv_LV","og_type":"article","og_title":"Carefix Mindy - Meditex","og_description":"Mindy kr\u016b\u0161turis nodro\u0161ina oper\u0101cijas zonas aizsardz\u012bbu, k\u0101 ar\u012b atbalstu un kompresiju, uzlabojot lab\u0101ku r\u0113tu izskatu un samazinot t\u016bskas un p\u0113coper\u0101cijas komplik\u0101ciju risku.","og_url":"https:\/\/meditex.ee\/lv\/product\/carefix-mindy\/","og_site_name":"Meditex","article_publisher":"https:\/\/www.facebook.com\/meditexepood\/","article_modified_time":"2023-07-31T11:06:54+00:00","og_image":[{"width":1252,"height":1600,"url":"https:\/\/meditex.ee\/wp-content\/uploads\/2018\/04\/Mindy_3227_BL_Front_300-medium.jpg","type":"image\/jpeg"}],"twitter_card":"summary_large_image","twitter_misc":{"Est. reading time":"1 minute"},"schema":{"@context":"https:\/\/schema.org","@graph":[{"@type":"WebPage","@id":"https:\/\/meditex.ee\/lv\/product\/carefix-mindy\/","url":"https:\/\/meditex.ee\/lv\/product\/carefix-mindy\/","name":"Carefix Mindy - Meditex","isPartOf":{"@id":"https:\/\/meditex.ee\/en\/#website"},"primaryImageOfPage":{"@id":"https:\/\/meditex.ee\/lv\/product\/carefix-mindy\/#primaryimage"},"image":{"@id":"https:\/\/meditex.ee\/lv\/product\/carefix-mindy\/#primaryimage"},"thumbnailUrl":"https:\/\/meditex.ee\/wp-content\/uploads\/2018\/04\/Mindy_3227_BL_Front_300-medium.jpg","datePublished":"2023-07-31T11:06:52+00:00","dateModified":"2023-07-31T11:06:54+00:00","description":"Mindy kr\u016b\u0161turis nodro\u0161ina oper\u0101cijas zonas aizsardz\u012bbu, k\u0101 ar\u012b atbalstu un kompresiju, uzlabojot lab\u0101ku r\u0113tu izskatu un samazinot t\u016bskas un p\u0113coper\u0101cijas komplik\u0101ciju risku.","breadcrumb":{"@id":"https:\/\/meditex.ee\/lv\/product\/carefix-mindy\/#breadcrumb"},"inLanguage":"lv-LV","potentialAction":[{"@type":"ReadAction","target":["https:\/\/meditex.ee\/lv\/product\/carefix-mindy\/"]}]},{"@type":"ImageObject","inLanguage":"lv-LV","@id":"https:\/\/meditex.ee\/lv\/product\/carefix-mindy\/#primaryimage","url":"https:\/\/meditex.ee\/wp-content\/uploads\/2018\/04\/Mindy_3227_BL_Front_300-medium.jpg","contentUrl":"https:\/\/meditex.ee\/wp-content\/uploads\/2018\/04\/Mindy_3227_BL_Front_300-medium.jpg","width":1252,"height":1600},{"@type":"BreadcrumbList","@id":"https:\/\/meditex.ee\/lv\/product\/carefix-mindy\/#breadcrumb","itemListElement":[{"@type":"ListItem","position":1,"name":"Home","item":"https:\/\/meditex.ee\/lv\/"},{"@type":"ListItem","position":2,"name":"Veikals","item":"https:\/\/meditex.ee\/lv\/veikals\/"},{"@type":"ListItem","position":3,"name":"Carefix Mindy"}]},{"@type":"WebSite","@id":"https:\/\/meditex.ee\/en\/#website","url":"https:\/\/meditex.ee\/en\/","name":"Meditex","description":"","publisher":{"@id":"https:\/\/meditex.ee\/en\/#organization"},"potentialAction":[{"@type":"SearchAction","target":{"@type":"EntryPoint","urlTemplate":"https:\/\/meditex.ee\/en\/?s={search_term_string}"},"query-input":{"@type":"PropertyValueSpecification","valueRequired":true,"valueName":"search_term_string"}}],"inLanguage":"lv-LV"},{"@type":"Organization","@id":"https:\/\/meditex.ee\/en\/#organization","name":"Meditex","url":"https:\/\/meditex.ee\/en\/","logo":{"@type":"ImageObject","inLanguage":"lv-LV","@id":"https:\/\/meditex.ee\/en\/#\/schema\/logo\/image\/","url":"https:\/\/meditex.ee\/wp-content\/uploads\/2018\/03\/mdtx_logo.png","contentUrl":"https:\/\/meditex.ee\/wp-content\/uploads\/2018\/03\/mdtx_logo.png","width":669,"height":235,"caption":"Meditex"},"image":{"@id":"https:\/\/meditex.ee\/en\/#\/schema\/logo\/image\/"},"sameAs":["https:\/\/www.facebook.com\/meditexepood\/"]}]}},"_links":{"self":[{"href":"https:\/\/meditex.ee\/lv\/wp-json\/wp\/v2\/product\/15618","targetHints":{"allow":["GET"]}}],"collection":[{"href":"https:\/\/meditex.ee\/lv\/wp-json\/wp\/v2\/product"}],"about":[{"href":"https:\/\/meditex.ee\/lv\/wp-json\/wp\/v2\/types\/product"}],"wp:featuredmedia":[{"embeddable":true,"href":"https:\/\/meditex.ee\/lv\/wp-json\/wp\/v2\/media\/15492"}],"wp:attachment":[{"href":"https:\/\/meditex.ee\/lv\/wp-json\/wp\/v2\/media?parent=15618"}],"wp:term":[{"taxonomy":"product_brand","embeddable":true,"href":"https:\/\/meditex.ee\/lv\/wp-json\/wp\/v2\/product_brand?post=15618"},{"taxonomy":"product_cat","embeddable":true,"href":"https:\/\/meditex.ee\/lv\/wp-json\/wp\/v2\/product_cat?post=15618"},{"taxonomy":"product_tag","embeddable":true,"href":"https:\/\/meditex.ee\/lv\/wp-json\/wp\/v2\/product_tag?post=15618"}],"curies":[{"name":"wp","href":"https:\/\/api.w.org\/{rel}","templated":true}]}}