{"id":15594,"date":"2018-04-01T11:20:59","date_gmt":"2023-07-31T11:10:08","guid":{"rendered":"https:\/\/meditex.ee\/?post_type=product&#038;p=15594"},"modified":"2026-02-21T14:21:20","modified_gmt":"2026-02-21T14:21:20","slug":"bella","status":"publish","type":"product","link":"https:\/\/meditex.ee\/lv\/produkts\/bella\/","title":{"rendered":"Carefix Bella"},"content":{"rendered":"<div class=\"row align-bottom\"  id=\"row-106507042\">\n\n\t<div id=\"col-1814948723\" class=\"col medium-5 small-12 large-5\"  >\n\t\t\t\t<div class=\"col-inner text-left\"  >\n\t\t\t\n\t\t\t\n<h3>KOMPRESIJAS L\u012aMENIS 3 &#8211; VID\u0112JAIS<\/h3>\n\t\t<\/div>\n\t\t\t\t\t<\/div>\n\n\t\n\n\t<div id=\"col-1676618948\" class=\"col medium-3 small-12 large-3\"  >\n\t\t\t\t<div class=\"col-inner\"  >\n\t\t\t\n\t\t\t\n\t\t<\/div>\n\t\t\t\t\t<\/div>\n\n\t\n\n\t<div id=\"col-412053260\" class=\"col medium-4 small-12 large-4\"  >\n\t\t\t\t<div class=\"col-inner text-right\"  >\n\t\t\t\n\t\t\t\n\t<div class=\"img has-hover x md-x lg-x y md-y lg-y\" id=\"image_279072412\">\n\t\t\t\t\t\t\t\t<div class=\"img-inner dark\" >\n\t\t\t<img decoding=\"async\" width=\"1020\" height=\"315\" src=\"https:\/\/meditex.ee\/wp-content\/uploads\/2018\/03\/CAREFIX_PAYOFF_4F-1400x433.png\" class=\"attachment-large size-large\" alt=\"\" srcset=\"https:\/\/meditex.ee\/wp-content\/uploads\/2018\/03\/CAREFIX_PAYOFF_4F-1400x433.png 1400w, https:\/\/meditex.ee\/wp-content\/uploads\/2018\/03\/CAREFIX_PAYOFF_4F-510x158.png 510w, https:\/\/meditex.ee\/wp-content\/uploads\/2018\/03\/CAREFIX_PAYOFF_4F-800x248.png 800w, https:\/\/meditex.ee\/wp-content\/uploads\/2018\/03\/CAREFIX_PAYOFF_4F-768x238.png 768w, https:\/\/meditex.ee\/wp-content\/uploads\/2018\/03\/CAREFIX_PAYOFF_4F-600x186.png 600w, https:\/\/meditex.ee\/wp-content\/uploads\/2018\/03\/CAREFIX_PAYOFF_4F.png 2038w\" sizes=\"(max-width: 1020px) 100vw, 1020px\" \/>\t\t\t\t\t\t\n\t\t\t\t\t<\/div>\n\t\t\t\t\t\t\t\t\n<style>\n#image_279072412 {\n  width: 40%;\n}\n<\/style>\n\t<\/div>\n\t\n\t\t<\/div>\n\t\t\t\t\t<\/div>\n\n\t\n<\/div>\n<p style=\"text-align: left;\" data-lineheight=\"19\" data-fontsize=\"16\"><span style=\"color: #000000;\"><strong>APRAKSTS:<\/strong> Bella kr\u016b\u0161tur\u012btim ir integr\u0113tas kompresijas zonas, kas nodro\u0161ina lab\u0101kos \u0137irur\u0123iskos rezult\u0101tus, k\u0101 ar\u012b optim\u0101lu komfortu un draudz\u012bgumu pret \u0101du.<\/span><\/p>\n<p style=\"text-align: left;\" data-lineheight=\"19\" data-fontsize=\"16\"><span style=\"color: #000000;\">Bella kr\u016b\u0161turis ir paredz\u0113ts p\u0113c kr\u016bts oper\u0101cijas, kad \u0101da ir maiga un jut\u012bga un ir nepiecie\u0161ams atbalsts un kompresija.<\/span><\/p>\n<p style=\"text-align: left;\" data-lineheight=\"19\" data-fontsize=\"16\"><span style=\"color: #000000;\">Kr\u016b\u0161turis pal\u012bdz veicin\u0101t br\u016b\u010du dz\u012b\u0161anu un aizsardz\u012bbu, samazinot piet\u016bkuma un p\u0113coper\u0101cijas komplik\u0101ciju risku.<\/span><\/p>\n<p style=\"text-align: left;\" data-lineheight=\"19\" data-fontsize=\"16\"><span style=\"color: #000000;\">Bella ir apr\u012bkota ar divu rindu \u0101\u0137a stiprin\u0101jumu, kas \u013cauj regul\u0113t kompresijas l\u012bmeni. Turkl\u0101t kr\u016b\u0161tur\u012btim ir pla\u0161as plecu lenc\u012btes, kas nodro\u0161ina optim\u0101lu atbalstu un komfortu.<\/span><\/p>\n<p style=\"text-align: left;\" data-lineheight=\"19\" data-fontsize=\"16\"><span style=\"color: #000000;\">100 % bez\u0161uvju audums uzlabo lieto\u0161anas komfortu, nov\u0113r\u0161 spiediena punktus un audu kairin\u0101jumu, t\u0101d\u0113j\u0101di nodro\u0161inot \u0101dai draudz\u012bgu lieto\u0161anu.<\/span><\/p>\n<p style=\"text-align: left;\" data-lineheight=\"19\" data-fontsize=\"16\"><span style=\"color: #000000;\"><strong>T\u012aKSTA MATERI\u0100LS:<\/strong> 91% poliam\u012bds, 9% elast\u0101ns.<\/span><\/p>\n<a href=\"https:\/\/meditex.ee\/lv\/ka-merit-carefix\/\" class=\"button primary is-underline expand\" >\n\t\t<span>PAREIZ\u0100 IZM\u0112RA IZV\u0112LE<\/span>\n\t<\/a>\n\n\t<div class=\"img has-hover x md-x lg-x y md-y lg-y\" id=\"image_1828746424\">\n\t\t\t\t\t\t\t\t<div class=\"img-inner dark\" >\n\t\t\t<img decoding=\"async\" width=\"1020\" height=\"281\" src=\"https:\/\/meditex.ee\/wp-content\/uploads\/2018\/03\/carefix-bra-sizechart_bella_size_red-1400x386.jpg\" class=\"attachment-large size-large\" alt=\"\" srcset=\"https:\/\/meditex.ee\/wp-content\/uploads\/2018\/03\/carefix-bra-sizechart_bella_size_red-1400x386.jpg 1400w, https:\/\/meditex.ee\/wp-content\/uploads\/2018\/03\/carefix-bra-sizechart_bella_size_red-510x141.jpg 510w, https:\/\/meditex.ee\/wp-content\/uploads\/2018\/03\/carefix-bra-sizechart_bella_size_red-800x220.jpg 800w, https:\/\/meditex.ee\/wp-content\/uploads\/2018\/03\/carefix-bra-sizechart_bella_size_red-768x212.jpg 768w, https:\/\/meditex.ee\/wp-content\/uploads\/2018\/03\/carefix-bra-sizechart_bella_size_red-600x165.jpg 600w, https:\/\/meditex.ee\/wp-content\/uploads\/2018\/03\/carefix-bra-sizechart_bella_size_red.jpg 1713w\" sizes=\"(max-width: 1020px) 100vw, 1020px\" \/>\t\t\t\t\t\t\n\t\t\t\t\t<\/div>\n\t\t\t\t\t\t\t\t\n<style>\n#image_1828746424 {\n  width: 100%;\n}\n<\/style>\n\t<\/div>\n\t\n<p style=\"text-align: left;\">PIEZ\u012aME. Nesal\u012bdziniet Carefix kr\u016b\u0161turi ar parastiem kr\u016b\u0161turi. T\u0101 k\u0101 Carefix kr\u016b\u0161turi ir paredz\u0113ti atbalsta un kompresijas nodro\u0161in\u0101\u0161anai, tiem ir j\u0101b\u016bt cie\u0161i piegu\u013co\u0161iem, un tie var \u0161\u0137ist mazi.<\/p>\n\t<div class=\"box has-hover   has-hover box-text-bottom\" >\n\n\t\t<div class=\"box-image\" >\n\t\t\t\t\t\t<div class=\"\" >\n\t\t\t\t<img decoding=\"async\" width=\"900\" height=\"472\" src=\"https:\/\/meditex.ee\/wp-content\/uploads\/2018\/03\/bella_front-back.png\" class=\"attachment- size-\" alt=\"\" srcset=\"https:\/\/meditex.ee\/wp-content\/uploads\/2018\/03\/bella_front-back.png 900w, https:\/\/meditex.ee\/wp-content\/uploads\/2018\/03\/bella_front-back-510x267.png 510w, https:\/\/meditex.ee\/wp-content\/uploads\/2018\/03\/bella_front-back-763x400.png 763w, https:\/\/meditex.ee\/wp-content\/uploads\/2018\/03\/bella_front-back-768x403.png 768w, https:\/\/meditex.ee\/wp-content\/uploads\/2018\/03\/bella_front-back-600x315.png 600w\" sizes=\"(max-width: 900px) 100vw, 900px\" \/>\t\t\t\t\t\t\t\t\t\t\t<\/div>\n\t\t\t\t\t<\/div>\n\n\t\t<div class=\"box-text text-center\" >\n\t\t\t<div class=\"box-text-inner\">\n\t\t\t\t\n<p style=\"text-align: left;\"><span style=\"color: #e14d43;\">SASPIE\u0160ANAS ZONAS, KUR NR. 1 NOR\u0100DA UZ VISSP\u0112C\u012aG\u0100KO SASPIE\u0160ANU.<\/span><\/p>\n\t\t\t<\/div>\n\t\t<\/div>\n\t<\/div>\n\t\n<p style=\"text-align: left;\"><span style=\"font-weight: 400;\">Auduma strukt\u016bru da\u017e\u0101d\u0101s kompresijas un atbalsta zon\u0101s vienm\u0113r nosaka atbilsto\u0161i \u0137irurgu un medm\u0101su v\u0113lm\u0113m un ieteikumiem, k\u0101 ar\u012b zonas atra\u0161an\u0101s vietai un lielumam.<\/span><\/p>\n<p style=\"text-align: left;\"><span style=\"font-weight: 400;\">Visu Carefix kr\u016b\u0161turi\u0146u da\u017e\u0101du mode\u013cu kompresijas un atbalsta zonas ir p\u0101rbaud\u012btas ar re\u0101liem pacientiem. Katrs kr\u016b\u0161turu modelis ir p\u0101rbaud\u012bts attiec\u012bb\u0101 uz indik\u0101cij\u0101m, medic\u012bnisko veiktsp\u0113ju un komfortu. Kopum\u0101 tas noz\u012bm\u0113, ka \u0161uves strukt\u016bra, katras kompresijas un atbalsta zonas izvietojums un izm\u0113rs tiek r\u016bp\u012bgi izv\u0113l\u0113ti atbilsto\u0161i \u0137irurgu, medic\u012bnas m\u0101su un gala lietot\u0101ju ieteikumiem un v\u0113lm\u0113m.<\/span><\/p>\n<p style=\"text-align: left;\"><span style=\"font-weight: 400;\">Katrs kr\u016b\u0161turis ir balst\u012bts uz da\u017e\u0101du zonu kombin\u0101ciju:<\/span><\/p>\n<ul style=\"text-align: left;\">\n<li><span style=\"font-weight: 400;\">  lietot\u0101ju testi (testa-retesta metode).<\/span><\/li>\n<li><span style=\"font-weight: 400;\">  unik\u0101la un cie\u0161a sadarb\u012bba ar vesel\u012bbas apr\u016bpes speci\u0101listiem, parasti \u0137irurgiem un medic\u012bnas m\u0101s\u0101m.<\/span><\/li>\n<\/ul>\n<p style=\"text-align: left;\"><span style=\"font-weight: 400;\">Ir p\u0101rbaud\u012btas daudzas kombin\u0101cijas, lai kr\u016b\u0161turi b\u016btu prec\u012bzi saska\u0146oti un lab\u0101kie sav\u0101 klas\u0113 gan attiec\u012bb\u0101 uz piem\u0113rot\u012bbu un komfortu (lietot\u0101jiem), gan kl\u012bnisko un medic\u012bnisko veiktsp\u0113ju (profesion\u0101lais aspekts).<\/span><\/p>\n<p style=\"text-align: left;\"><span style=\"font-weight: 400;\">Lielisks kompresijas un atbalsta zonu apvienojums, \u0146emot v\u0113r\u0101 medic\u012bnas ekspertu un lietot\u0101ju ieteikumus, padara katru kr\u016b\u0161turu modeli unik\u0101lu.<\/span><\/p>\n\t<div id=\"gap-1139399689\" class=\"gap-element clearfix\" style=\"display:block; height:auto;\">\n\t\t\n<style>\n#gap-1139399689 {\n  padding-top: 30px;\n}\n<\/style>\n\t<\/div>\n\t\n<p style=\"text-align: left;\">Inform\u0101cija ra\u017eot\u0101ja t\u012bmek\u013ca vietn\u0113 (ang\u013cu valod\u0101) <a href=\"https:\/\/shorturl.at\/izA47\">https:\/\/shorturl.at\/izA47<\/a><\/p>\n<p>Vair\u0101k par kr\u016b\u0161turi\u0146u Carefix \u012bpa\u0161\u012bb\u0101m lasiet \u0161eit <a href=\"https:\/\/meditex.ee\/lv\/carefix\/\">https:\/\/meditex.ee\/carefix\/<\/a>.<\/p>\n","protected":false},"excerpt":{"rendered":"<p style=\"text-align: left;\"><span style=\"color: #000000; font-size: 75%;\">Medic\u012bnisk\u0101 ier\u012bce lieto\u0161anai p\u0113c kr\u016bts oper\u0101cijas.<\/span><\/p>\n","protected":false},"featured_media":15475,"template":"","meta":[],"product_brand":[],"product_cat":[492],"product_tag":[521],"class_list":{"0":"post-15594","1":"product","2":"type-product","3":"status-publish","4":"has-post-thumbnail","6":"product_cat-pecoperaciju-krusturi","7":"product_tag-carefix-lv","9":"first","10":"instock","11":"taxable","12":"shipping-taxable","13":"purchasable","14":"product-type-variable"},"yoast_head":"<!-- This site is optimized with the Yoast SEO plugin v27.3 - https:\/\/yoast.com\/product\/yoast-seo-wordpress\/ -->\n<title>Carefix\u00ae Bella ir ar plat\u0101m plecu siksn\u0101m un 100% bez\u0161uvju % -% %<\/title>\n<meta name=\"description\" content=\"Carefix\u00ae Bella kr\u016b\u0161tur\u012btim ir integr\u0113tas kompresijas zonas, kas nodro\u0161ina vislab\u0101ko \u0137irur\u0123isko rezult\u0101tu. \u0100dai draudz\u012bga un atbalsto\u0161a.\" \/>\n<meta name=\"robots\" content=\"index, follow, max-snippet:-1, max-image-preview:large, max-video-preview:-1\" \/>\n<link rel=\"canonical\" href=\"https:\/\/meditex.ee\/lv\/produkts\/bella\/\" \/>\n<meta property=\"og:locale\" content=\"lv_LV\" \/>\n<meta property=\"og:type\" content=\"article\" \/>\n<meta property=\"og:title\" content=\"Carefix\u00ae Bella ir ar plat\u0101m plecu siksn\u0101m un 100% bez\u0161uvju % -% %\" \/>\n<meta property=\"og:description\" content=\"Carefix\u00ae Bella kr\u016b\u0161tur\u012btim ir integr\u0113tas kompresijas zonas, kas nodro\u0161ina vislab\u0101ko \u0137irur\u0123isko rezult\u0101tu. \u0100dai draudz\u012bga un atbalsto\u0161a.\" \/>\n<meta property=\"og:url\" content=\"https:\/\/meditex.ee\/lv\/produkts\/bella\/\" \/>\n<meta property=\"og:site_name\" content=\"Meditex\" \/>\n<meta property=\"article:publisher\" content=\"https:\/\/www.facebook.com\/meditexepood\/\" \/>\n<meta property=\"article:modified_time\" content=\"2026-02-21T14:21:20+00:00\" \/>\n<meta property=\"og:image\" content=\"https:\/\/meditex.ee\/wp-content\/uploads\/2018\/04\/Bella_3212_WH_Front_300_cropped-medium.jpg\" \/>\n\t<meta property=\"og:image:width\" content=\"1252\" \/>\n\t<meta property=\"og:image:height\" content=\"1600\" \/>\n\t<meta property=\"og:image:type\" content=\"image\/jpeg\" \/>\n<meta name=\"twitter:card\" content=\"summary_large_image\" \/>\n<meta name=\"twitter:label1\" content=\"Est. reading time\" \/>\n\t<meta name=\"twitter:data1\" content=\"2 minutes\" \/>\n<script type=\"application\/ld+json\" class=\"yoast-schema-graph\">{\"@context\":\"https:\\\/\\\/schema.org\",\"@graph\":[{\"@type\":\"WebPage\",\"@id\":\"https:\\\/\\\/meditex.ee\\\/lv\\\/produkts\\\/bella\\\/\",\"url\":\"https:\\\/\\\/meditex.ee\\\/lv\\\/produkts\\\/bella\\\/\",\"name\":\"Carefix\u00ae Bella ir ar plat\u0101m plecu siksn\u0101m un 100% bez\u0161uvju % -% %\",\"isPartOf\":{\"@id\":\"https:\\\/\\\/meditex.ee\\\/en\\\/#website\"},\"primaryImageOfPage\":{\"@id\":\"https:\\\/\\\/meditex.ee\\\/lv\\\/produkts\\\/bella\\\/#primaryimage\"},\"image\":{\"@id\":\"https:\\\/\\\/meditex.ee\\\/lv\\\/produkts\\\/bella\\\/#primaryimage\"},\"thumbnailUrl\":\"https:\\\/\\\/meditex.ee\\\/wp-content\\\/uploads\\\/2018\\\/04\\\/Bella_3212_WH_Front_300_cropped-medium.jpg\",\"datePublished\":\"2023-07-31T11:10:08+00:00\",\"dateModified\":\"2026-02-21T14:21:20+00:00\",\"description\":\"Carefix\u00ae Bella kr\u016b\u0161tur\u012btim ir integr\u0113tas kompresijas zonas, kas nodro\u0161ina vislab\u0101ko \u0137irur\u0123isko rezult\u0101tu. \u0100dai draudz\u012bga un atbalsto\u0161a.\",\"breadcrumb\":{\"@id\":\"https:\\\/\\\/meditex.ee\\\/lv\\\/produkts\\\/bella\\\/#breadcrumb\"},\"inLanguage\":\"lv-LV\",\"potentialAction\":[{\"@type\":\"ReadAction\",\"target\":[\"https:\\\/\\\/meditex.ee\\\/lv\\\/produkts\\\/bella\\\/\"]}]},{\"@type\":\"ImageObject\",\"inLanguage\":\"lv-LV\",\"@id\":\"https:\\\/\\\/meditex.ee\\\/lv\\\/produkts\\\/bella\\\/#primaryimage\",\"url\":\"https:\\\/\\\/meditex.ee\\\/wp-content\\\/uploads\\\/2018\\\/04\\\/Bella_3212_WH_Front_300_cropped-medium.jpg\",\"contentUrl\":\"https:\\\/\\\/meditex.ee\\\/wp-content\\\/uploads\\\/2018\\\/04\\\/Bella_3212_WH_Front_300_cropped-medium.jpg\",\"width\":1252,\"height\":1600},{\"@type\":\"BreadcrumbList\",\"@id\":\"https:\\\/\\\/meditex.ee\\\/lv\\\/produkts\\\/bella\\\/#breadcrumb\",\"itemListElement\":[{\"@type\":\"ListItem\",\"position\":1,\"name\":\"Home\",\"item\":\"https:\\\/\\\/meditex.ee\\\/lv\\\/\"},{\"@type\":\"ListItem\",\"position\":2,\"name\":\"Veikals\",\"item\":\"https:\\\/\\\/meditex.ee\\\/lv\\\/veikals\\\/\"},{\"@type\":\"ListItem\",\"position\":3,\"name\":\"Carefix Bella\"}]},{\"@type\":\"WebSite\",\"@id\":\"https:\\\/\\\/meditex.ee\\\/en\\\/#website\",\"url\":\"https:\\\/\\\/meditex.ee\\\/en\\\/\",\"name\":\"Meditex\",\"description\":\"\",\"publisher\":{\"@id\":\"https:\\\/\\\/meditex.ee\\\/en\\\/#organization\"},\"potentialAction\":[{\"@type\":\"SearchAction\",\"target\":{\"@type\":\"EntryPoint\",\"urlTemplate\":\"https:\\\/\\\/meditex.ee\\\/en\\\/?s={search_term_string}\"},\"query-input\":{\"@type\":\"PropertyValueSpecification\",\"valueRequired\":true,\"valueName\":\"search_term_string\"}}],\"inLanguage\":\"lv-LV\"},{\"@type\":\"Organization\",\"@id\":\"https:\\\/\\\/meditex.ee\\\/en\\\/#organization\",\"name\":\"Meditex\",\"url\":\"https:\\\/\\\/meditex.ee\\\/en\\\/\",\"logo\":{\"@type\":\"ImageObject\",\"inLanguage\":\"lv-LV\",\"@id\":\"https:\\\/\\\/meditex.ee\\\/en\\\/#\\\/schema\\\/logo\\\/image\\\/\",\"url\":\"https:\\\/\\\/meditex.ee\\\/wp-content\\\/uploads\\\/2018\\\/03\\\/mdtx_logo.png\",\"contentUrl\":\"https:\\\/\\\/meditex.ee\\\/wp-content\\\/uploads\\\/2018\\\/03\\\/mdtx_logo.png\",\"width\":669,\"height\":235,\"caption\":\"Meditex\"},\"image\":{\"@id\":\"https:\\\/\\\/meditex.ee\\\/en\\\/#\\\/schema\\\/logo\\\/image\\\/\"},\"sameAs\":[\"https:\\\/\\\/www.facebook.com\\\/meditexepood\\\/\"]}]}<\/script>\n<!-- \/ Yoast SEO plugin. -->","yoast_head_json":{"title":"Carefix\u00ae Bella ir ar plat\u0101m plecu siksn\u0101m un 100% bez\u0161uvju % -% %","description":"Carefix\u00ae Bella kr\u016b\u0161tur\u012btim ir integr\u0113tas kompresijas zonas, kas nodro\u0161ina vislab\u0101ko \u0137irur\u0123isko rezult\u0101tu. \u0100dai draudz\u012bga un atbalsto\u0161a.","robots":{"index":"index","follow":"follow","max-snippet":"max-snippet:-1","max-image-preview":"max-image-preview:large","max-video-preview":"max-video-preview:-1"},"canonical":"https:\/\/meditex.ee\/lv\/produkts\/bella\/","og_locale":"lv_LV","og_type":"article","og_title":"Carefix\u00ae Bella ir ar plat\u0101m plecu siksn\u0101m un 100% bez\u0161uvju % -% %","og_description":"Carefix\u00ae Bella kr\u016b\u0161tur\u012btim ir integr\u0113tas kompresijas zonas, kas nodro\u0161ina vislab\u0101ko \u0137irur\u0123isko rezult\u0101tu. \u0100dai draudz\u012bga un atbalsto\u0161a.","og_url":"https:\/\/meditex.ee\/lv\/produkts\/bella\/","og_site_name":"Meditex","article_publisher":"https:\/\/www.facebook.com\/meditexepood\/","article_modified_time":"2026-02-21T14:21:20+00:00","og_image":[{"width":1252,"height":1600,"url":"https:\/\/meditex.ee\/wp-content\/uploads\/2018\/04\/Bella_3212_WH_Front_300_cropped-medium.jpg","type":"image\/jpeg"}],"twitter_card":"summary_large_image","twitter_misc":{"Est. reading time":"2 minutes"},"schema":{"@context":"https:\/\/schema.org","@graph":[{"@type":"WebPage","@id":"https:\/\/meditex.ee\/lv\/produkts\/bella\/","url":"https:\/\/meditex.ee\/lv\/produkts\/bella\/","name":"Carefix\u00ae Bella ir ar plat\u0101m plecu siksn\u0101m un 100% bez\u0161uvju % -% %","isPartOf":{"@id":"https:\/\/meditex.ee\/en\/#website"},"primaryImageOfPage":{"@id":"https:\/\/meditex.ee\/lv\/produkts\/bella\/#primaryimage"},"image":{"@id":"https:\/\/meditex.ee\/lv\/produkts\/bella\/#primaryimage"},"thumbnailUrl":"https:\/\/meditex.ee\/wp-content\/uploads\/2018\/04\/Bella_3212_WH_Front_300_cropped-medium.jpg","datePublished":"2023-07-31T11:10:08+00:00","dateModified":"2026-02-21T14:21:20+00:00","description":"Carefix\u00ae Bella kr\u016b\u0161tur\u012btim ir integr\u0113tas kompresijas zonas, kas nodro\u0161ina vislab\u0101ko \u0137irur\u0123isko rezult\u0101tu. \u0100dai draudz\u012bga un atbalsto\u0161a.","breadcrumb":{"@id":"https:\/\/meditex.ee\/lv\/produkts\/bella\/#breadcrumb"},"inLanguage":"lv-LV","potentialAction":[{"@type":"ReadAction","target":["https:\/\/meditex.ee\/lv\/produkts\/bella\/"]}]},{"@type":"ImageObject","inLanguage":"lv-LV","@id":"https:\/\/meditex.ee\/lv\/produkts\/bella\/#primaryimage","url":"https:\/\/meditex.ee\/wp-content\/uploads\/2018\/04\/Bella_3212_WH_Front_300_cropped-medium.jpg","contentUrl":"https:\/\/meditex.ee\/wp-content\/uploads\/2018\/04\/Bella_3212_WH_Front_300_cropped-medium.jpg","width":1252,"height":1600},{"@type":"BreadcrumbList","@id":"https:\/\/meditex.ee\/lv\/produkts\/bella\/#breadcrumb","itemListElement":[{"@type":"ListItem","position":1,"name":"Home","item":"https:\/\/meditex.ee\/lv\/"},{"@type":"ListItem","position":2,"name":"Veikals","item":"https:\/\/meditex.ee\/lv\/veikals\/"},{"@type":"ListItem","position":3,"name":"Carefix Bella"}]},{"@type":"WebSite","@id":"https:\/\/meditex.ee\/en\/#website","url":"https:\/\/meditex.ee\/en\/","name":"Meditex","description":"","publisher":{"@id":"https:\/\/meditex.ee\/en\/#organization"},"potentialAction":[{"@type":"SearchAction","target":{"@type":"EntryPoint","urlTemplate":"https:\/\/meditex.ee\/en\/?s={search_term_string}"},"query-input":{"@type":"PropertyValueSpecification","valueRequired":true,"valueName":"search_term_string"}}],"inLanguage":"lv-LV"},{"@type":"Organization","@id":"https:\/\/meditex.ee\/en\/#organization","name":"Meditex","url":"https:\/\/meditex.ee\/en\/","logo":{"@type":"ImageObject","inLanguage":"lv-LV","@id":"https:\/\/meditex.ee\/en\/#\/schema\/logo\/image\/","url":"https:\/\/meditex.ee\/wp-content\/uploads\/2018\/03\/mdtx_logo.png","contentUrl":"https:\/\/meditex.ee\/wp-content\/uploads\/2018\/03\/mdtx_logo.png","width":669,"height":235,"caption":"Meditex"},"image":{"@id":"https:\/\/meditex.ee\/en\/#\/schema\/logo\/image\/"},"sameAs":["https:\/\/www.facebook.com\/meditexepood\/"]}]}},"_links":{"self":[{"href":"https:\/\/meditex.ee\/lv\/wp-json\/wp\/v2\/product\/15594","targetHints":{"allow":["GET"]}}],"collection":[{"href":"https:\/\/meditex.ee\/lv\/wp-json\/wp\/v2\/product"}],"about":[{"href":"https:\/\/meditex.ee\/lv\/wp-json\/wp\/v2\/types\/product"}],"wp:featuredmedia":[{"embeddable":true,"href":"https:\/\/meditex.ee\/lv\/wp-json\/wp\/v2\/media\/15475"}],"wp:attachment":[{"href":"https:\/\/meditex.ee\/lv\/wp-json\/wp\/v2\/media?parent=15594"}],"wp:term":[{"taxonomy":"product_brand","embeddable":true,"href":"https:\/\/meditex.ee\/lv\/wp-json\/wp\/v2\/product_brand?post=15594"},{"taxonomy":"product_cat","embeddable":true,"href":"https:\/\/meditex.ee\/lv\/wp-json\/wp\/v2\/product_cat?post=15594"},{"taxonomy":"product_tag","embeddable":true,"href":"https:\/\/meditex.ee\/lv\/wp-json\/wp\/v2\/product_tag?post=15594"}],"curies":[{"name":"wp","href":"https:\/\/api.w.org\/{rel}","templated":true}]}}