{"id":16551,"date":"2023-07-31T10:23:43","date_gmt":"2023-07-31T10:23:43","guid":{"rendered":"https:\/\/meditex.ee\/7-faktori-kas-nosaka-pareizo-stomas-un-dziesmu-izstradajuma-augstumu\/"},"modified":"2023-08-08T08:33:18","modified_gmt":"2023-08-08T08:33:18","slug":"7-faktori-kas-nosaka-pareizo-stomas-un-dziesmu-izstradajuma-augstumu","status":"publish","type":"page","link":"https:\/\/meditex.ee\/lv\/7-faktori-kas-nosaka-pareizo-stomas-un-dziesmu-izstradajuma-augstumu\/","title":{"rendered":"7 faktori, kas nosaka pareizo stomas un dziesmu izstr\u0101d\u0101juma augstumu."},"content":{"rendered":"\n\t<div class=\"img has-hover x md-x lg-x y md-y lg-y\" id=\"image_1902860408\">\n\t\t\t\t\t\t\t\t<div class=\"img-inner dark\" >\n\t\t\t<img decoding=\"async\" width=\"1020\" height=\"250\" src=\"https:\/\/meditex.ee\/wp-content\/uploads\/2019\/07\/GetImage.png\" class=\"attachment-large size-large\" alt=\"\" srcset=\"https:\/\/meditex.ee\/wp-content\/uploads\/2019\/07\/GetImage.png 1170w, https:\/\/meditex.ee\/wp-content\/uploads\/2019\/07\/GetImage-510x125.png 510w, https:\/\/meditex.ee\/wp-content\/uploads\/2019\/07\/GetImage-800x196.png 800w, https:\/\/meditex.ee\/wp-content\/uploads\/2019\/07\/GetImage-768x188.png 768w, https:\/\/meditex.ee\/wp-content\/uploads\/2019\/07\/GetImage-600x147.png 600w\" sizes=\"(max-width: 1020px) 100vw, 1020px\" \/>\t\t\t\t\t\t\n\t\t\t\t\t<\/div>\n\t\t\t\t\t\t\t\t\n<style>\n#image_1902860408 {\n  width: 100%;\n}\n<\/style>\n\t<\/div>\n\t\n\n<div class=\"is-divider divider clearfix\" style=\"background-color:rgb(255, 255, 255);\"><\/div>\n\n<h2><b>7 faktori, kas nosaka pareizu stomas un dziesmu izstr\u0101d\u0101juma augstumu.<\/b><\/h2>\n<div class=\"is-divider divider clearfix\" style=\"background-color:rgb(255, 255, 255);\"><\/div>\n\n<p style=\"text-align: left;\"><span style=\"color: #000000;\">M\u016bsu pied\u0101v\u0101tais Corsinel stomas un diafragmas maksim\u0101l\u0101s atbalsta apak\u0161ve\u013cas, jostu un caurul\u012b\u0161u kl\u0101sts ir da\u017e\u0101da augstuma, un mums bie\u017ei jaut\u0101, k\u0101du augstumu izmantot. L\u016bk, m\u016bsu ieteikumi. Lai noteiktu pareizo augstumu, ieteicams \u0146emt v\u0113r\u0101 septi\u0146us turpm\u0101k uzskait\u012btos faktorus.<\/span><\/p>\n<p style=\"text-align: left;\"><strong><span style=\"color: #000000;\">1. Songa atra\u0161an\u0101s vieta<\/span><\/strong><\/p>\n<p style=\"text-align: left;\"><span style=\"color: #000000;\">Songa atra\u0161an\u0101s vietai ir svar\u012bga noz\u012bme, lai ieteiktu augstumu. Princip\u0101 dziesma var atrasties jebkur\u0101 viet\u0101 uz v\u0113dera. Ja dziesma atrodas v\u0113dera aug\u0161da\u013c\u0101, zemais ve\u013cas audekls var nepietiekami nosegt dziesmu. \u0160aj\u0101 gad\u012bjum\u0101 ir nepiecie\u0161ams augsta l\u012bme\u0146a produkts. Tom\u0113r, ja dziesma atrodas v\u0113dera apak\u0161\u0113j\u0101 da\u013c\u0101, zems produkts var to piln\u012bb\u0101 nosegt.<\/span><\/p>\n<p style=\"text-align: left;\"><strong><span style=\"color: #000000;\">2. Songa izm\u0113rs<\/span><\/strong><\/p>\n<p style=\"text-align: left;\"><span style=\"color: #000000;\">J\u0101izv\u0113rt\u0113 sv\u0101rku izm\u0113rs, lai p\u0101rliecin\u0101tos, ka ap\u0123\u0113rba augstums nodro\u0161ina piln\u012bgu p\u0101rkl\u0101jumu. Ja ap\u0123\u0113rbs piln\u012bb\u0101 nenosedz gurnus, da\u013c\u0113ji z\u016bd ap\u0123\u0113rba atbalsto\u0161\u0101 funkcija, un ap\u0123\u0113rbs var b\u016bt ar\u012b ne\u0113rts. Ja apak\u0161ve\u013ca ar zemu piegriezumu vai 15 vai 20 cm augsta josta\/caurule nesedz visu apak\u0161ve\u013cas augstumu, ieteicams izv\u0113l\u0113ties augst\u0101ku izstr\u0101d\u0101jumu.<\/span><\/p>\n<p style=\"text-align: left;\"><strong><span style=\"color: #000000;\">3. Korpusa augstums<\/span><\/strong><\/p>\n<p style=\"text-align: left;\"><span style=\"color: #000000;\">Ja \u0137ermenis ir sal\u012bdzino\u0161i \u012bss, m\u0113rot no kr\u016bt\u012bm l\u012bdz gurniem, zems apak\u0161ve\u013ca vai 15 un 20 cm caurules un jostas var piln\u012bb\u0101 nosegt \u0137ermeni. Kam\u0113r augsts stumbrs un v\u0113dera aug\u0161da\u013ca var b\u016bt piem\u0113rota augstai songa.<\/span>  produkti.<\/p>\n<div class=\"row\"  id=\"row-1788108413\">\n\n\n\t<div id=\"col-871070240\" class=\"col medium-6 small-12 large-6\"  >\n\t\t\t\t<div class=\"col-inner\"  >\n\t\t\t\n\t\t\t\n\n<p style=\"text-align: left;\"><strong><span style=\"color: #000000;\">4. \u0136erme\u0146a forma &#8211; pl\u0101na vai kupla<\/span><\/strong><\/p>\n<p style=\"text-align: left;\"><span style=\"color: #000000;\">T\u0101 k\u0101 mums visiem ir at\u0161\u0137ir\u012bgas \u0137erme\u0146a formas, ar\u012b ieteicamais augums ir atkar\u012bgs no \u0137erme\u0146a individu\u0101l\u0101 nov\u0113rt\u0113juma. Da\u017ei cilv\u0113ki ir tievi, citi &#8211; aptaukoju\u0161ies, un aptauko\u0161an\u0101s var b\u016bt no vieglas l\u012bdz smagas. Turkl\u0101t j\u0101\u0146em v\u0113r\u0101 ar\u012b taukaudu sadal\u012bjums. Da\u017eiem cilv\u0113kiem taukaudi atrodas virs viduk\u013ca, ap v\u0113deru, bet citiem &#8211; ap gurniem un aug\u0161stilbiem, zem viduk\u013ca. \u0160\u0101das \u0137erme\u0146a formas bie\u017ei tiek d\u0113v\u0113tas par \u0101bolu vai bumbieru formas.<\/span><\/p>\n<p style=\"text-align: left;\"><span style=\"color: #000000;\">Cilv\u0113ki ar \u0101bolu fig\u016bru bie\u017ei izv\u0113las valk\u0101t ap\u0123\u0113rbu, kas aizsedz liel\u0101ko da\u013cu vai visu v\u0113dera da\u013cu. Ja izstr\u0101d\u0101juma mala atrodas \u0101bolu formas v\u0113dera vid\u016b, t\u0101 var justies \u013coti ne\u0113rti, rad\u012bt spiediena p\u0113das un var sl\u012bd\u0113t uz aug\u0161u vai uz leju.<\/span><\/p>\n\n\t\t<\/div>\n\t\t\t\t\t<\/div>\n\n\t\n\n\t<div id=\"col-355162928\" class=\"col medium-6 small-12 large-6\"  >\n\t\t\t\t<div class=\"col-inner\"  >\n\t\t\t\n\t\t\t\n\n<div class=\"is-divider divider clearfix\" style=\"background-color:rgb(255, 255, 255);\"><\/div>\n\n\t<div class=\"img has-hover x md-x lg-x y md-y lg-y\" id=\"image_337701951\">\n\t\t\t\t\t\t\t\t<div class=\"img-inner dark\" >\n\t\t\t<img decoding=\"async\" width=\"283\" height=\"166\" src=\"https:\/\/meditex.ee\/wp-content\/uploads\/2019\/07\/Apple_Pear-shape.png\" class=\"attachment-large size-large\" alt=\"\" \/>\t\t\t\t\t\t\n\t\t\t\t\t<\/div>\n\t\t\t\t\t\t\t\t\n<style>\n#image_337701951 {\n  width: 100%;\n}\n<\/style>\n\t<\/div>\n\t\n\n\n\t\t<\/div>\n\t\t\t\t\t<\/div>\n\n\t\n\n<\/div>\n<p style=\"text-align: left;\"><strong><span style=\"color: #000000;\">5. Jostas iztur\u012bba<\/span><\/strong><\/p>\n<p style=\"text-align: left;\"><span style=\"color: #000000;\">Lai nodro\u0161in\u0101tu optim\u0101lu atbalstu, jostai vai caurul\u012btei j\u0101b\u016bt stingri piestiprin\u0101tai, ta\u010du t\u0101 nedr\u012bkst b\u016bt k\u0101 ne\u0113rta, \u0161aura josla ap v\u0113deru. Ja josta vai tuba j\u016btas p\u0101r\u0101k cie\u0161i un ir sp\u0113c\u012bga piet\u016bkums, kairin\u0101jums un diskomforts uz \u0101das aug\u0161\u0113j\u0101s un apak\u0161\u0113j\u0101s da\u013cas, ieteicams izmantot augst\u0101ku versiju un liel\u0101ku numuru.<\/span><\/p>\n<p style=\"text-align: left;\"><strong><span style=\"color: #000000;\">6. Malu sloksn\u012b\u0161u novietojums<\/span><\/strong><\/p>\n<p style=\"text-align: left;\"><span style=\"color: #000000;\">Apmales (kr\u0101su) lentes nov\u0113r\u0161 apak\u0161ve\u013cas vai jostas\/caurul\u012btes savilk\u0161anos, un ir svar\u012bgi, lai malas b\u016btu \u0113rti piegulo\u0161as un nerad\u012btu krokas vai ievilkumus uz \u0101das. Ja josta vai tuba j\u016btas ne\u0113rti, var tikt ieteikts augst\u0101ks izstr\u0101d\u0101jums vai liel\u0101ks izm\u0113rs.<\/span><\/p>\n<p style=\"text-align: left;\"><strong><span style=\"color: #000000;\">7. \u0112rt\u012bbas<\/span><\/strong><\/p>\n<p style=\"text-align: left;\"><span style=\"color: #000000;\">Neatkar\u012bgi no izstr\u0101d\u0101juma augstuma, tam ir j\u0101b\u016bt \u0113rti valk\u0101jamam. Lai nodro\u0161in\u0101tu optim\u0101lu atbalstu, tam, protams, j\u0101b\u016bt cie\u0161i nostiprin\u0101tam, ta\u010du tas nedr\u012bkst rad\u012bt spiediena p\u0113das vai aps\u0101rtumu, s\u0101pes vai diskomfortu. Ja izstr\u0101d\u0101jumu valk\u0101t ir ne\u0113rti, iesp\u0113jams, ir v\u0113rts izm\u0113\u0123in\u0101t citu izm\u0113ru un\/vai augstumu.<\/span><\/p>\n<p> <\/p>\n<p><span style=\"font-size: 75%; color: #000000;\">Avots: https: <a href=\"https:\/\/tytex.com\/finding-the-right-height-of-the-ostomy-garment\">\/\/tytex.com\/finding-the-right-height-of-the-ostomy-garment<\/a><\/span><\/p>\n<div class=\"social-icons share-icons share-row relative full-width text-right icon-style-fill\" ><a href=\"whatsapp:\/\/send?text=7%20faktori%2C%20kas%20nosaka%20pareizo%20stomas%20un%20dziesmu%20izstr%C4%81d%C4%81juma%20augstumu. - https:\/\/meditex.ee\/lv\/7-faktori-kas-nosaka-pareizo-stomas-un-dziesmu-izstradajuma-augstumu\/\" data-action=\"share\/whatsapp\/share\" class=\"icon primary button circle tooltip whatsapp show-for-medium\" title=\"Share on WhatsApp\" aria-label=\"Share on WhatsApp\"><i class=\"icon-whatsapp\" aria-hidden=\"true\"><\/i><\/a><a href=\"https:\/\/www.facebook.com\/sharer.php?u=https:\/\/meditex.ee\/lv\/7-faktori-kas-nosaka-pareizo-stomas-un-dziesmu-izstradajuma-augstumu\/\" data-label=\"Facebook\" onclick=\"window.open(this.href,this.title,'width=500,height=500,top=300px,left=300px'); return false;\" target=\"_blank\" class=\"icon primary button circle tooltip facebook\" title=\"Share on Facebook\" aria-label=\"Share on Facebook\" rel=\"noopener nofollow\"><i class=\"icon-facebook\" aria-hidden=\"true\"><\/i><\/a><a href=\"https:\/\/twitter.com\/share?url=https:\/\/meditex.ee\/lv\/7-faktori-kas-nosaka-pareizo-stomas-un-dziesmu-izstradajuma-augstumu\/\" onclick=\"window.open(this.href,this.title,'width=500,height=500,top=300px,left=300px'); return false;\" target=\"_blank\" class=\"icon primary button circle tooltip twitter\" title=\"Share on Twitter\" aria-label=\"Share on Twitter\" rel=\"noopener nofollow\"><i class=\"icon-twitter\" aria-hidden=\"true\"><\/i><\/a><a href=\"mailto:?subject=7%20faktori%2C%20kas%20nosaka%20pareizo%20stomas%20un%20dziesmu%20izstr%C4%81d%C4%81juma%20augstumu.&body=Check%20this%20out%3A%20https%3A%2F%2Fmeditex.ee%2Flv%2F7-faktori-kas-nosaka-pareizo-stomas-un-dziesmu-izstradajuma-augstumu%2F\" class=\"icon primary button circle tooltip email\" title=\"Email to a Friend\" aria-label=\"Email to a Friend\" rel=\"nofollow\"><i class=\"icon-envelop\" aria-hidden=\"true\"><\/i><\/a><a href=\"https:\/\/pinterest.com\/pin\/create\/button?url=https:\/\/meditex.ee\/lv\/7-faktori-kas-nosaka-pareizo-stomas-un-dziesmu-izstradajuma-augstumu\/&media&description=7%20faktori%2C%20kas%20nosaka%20pareizo%20stomas%20un%20dziesmu%20izstr%C4%81d%C4%81juma%20augstumu.\" onclick=\"window.open(this.href,this.title,'width=500,height=500,top=300px,left=300px'); return false;\" target=\"_blank\" class=\"icon primary button circle tooltip pinterest\" title=\"Pin on Pinterest\" aria-label=\"Pin on Pinterest\" rel=\"noopener nofollow\"><i class=\"icon-pinterest\" aria-hidden=\"true\"><\/i><\/a><a href=\"https:\/\/www.linkedin.com\/shareArticle?mini=true&url=https:\/\/meditex.ee\/lv\/7-faktori-kas-nosaka-pareizo-stomas-un-dziesmu-izstradajuma-augstumu\/&title=7%20faktori%2C%20kas%20nosaka%20pareizo%20stomas%20un%20dziesmu%20izstr%C4%81d%C4%81juma%20augstumu.\" onclick=\"window.open(this.href,this.title,'width=500,height=500,top=300px,left=300px'); return false;\" target=\"_blank\" class=\"icon primary button circle tooltip linkedin\" title=\"Share on LinkedIn\" aria-label=\"Share on LinkedIn\" rel=\"noopener nofollow\"><i class=\"icon-linkedin\" aria-hidden=\"true\"><\/i><\/a><\/div>\n\n<div class=\"is-divider divider clearfix\" style=\"background-color:rgb(255, 255, 255);\"><\/div>\n\n<a href=\"https:\/\/meditex.ee\/pood\/\" class=\"button primary expand\" >\n\t\t<span>Atrodiet savu produktu \u0161eit<\/span>\n\t<\/a>\n\n","protected":false},"excerpt":{"rendered":"<p>7 faktori, kas nosaka pareizu stomas un dziesmu izstr\u0101d\u0101juma augstumu. M\u016bsu pied\u0101v\u0101tais Corsinel stomas un diafragmas maksim\u0101l\u0101s atbalsta apak\u0161ve\u013cas, jostu un caurul\u012b\u0161u kl\u0101sts ir da\u017e\u0101da augstuma, un mums bie\u017ei jaut\u0101, k\u0101du augstumu izmantot. L\u016bk, m\u016bsu ieteikumi. Lai noteiktu pareizo augstumu, ieteicams \u0146emt v\u0113r\u0101 septi\u0146us turpm\u0101k uzskait\u012btos faktorus. 1. Songa atra\u0161an\u0101s vieta Songa atra\u0161an\u0101s vietai ir [&#8230;]\n","protected":false},"author":1,"featured_media":0,"parent":0,"menu_order":0,"comment_status":"closed","ping_status":"closed","template":"","meta":{"footnotes":""},"class_list":["post-16551","page","type-page","status-publish","hentry"],"yoast_head":"<!-- This site is optimized with the Yoast SEO plugin v27.3 - https:\/\/yoast.com\/product\/yoast-seo-wordpress\/ -->\n<title>7 faktori, kas nosaka pareizo stomas un dziesmu izstr\u0101d\u0101juma augstumu. - Meditex<\/title>\n<meta name=\"description\" content=\"M\u016bsu apak\u0161ve\u013cas, jostu un caurul\u012b\u0161u ar maksim\u0101lu atbalstu Corsinel stomai un diafragmai kl\u0101sts aptver da\u017e\u0101dus augstumus.\" \/>\n<meta name=\"robots\" content=\"index, follow, max-snippet:-1, max-image-preview:large, max-video-preview:-1\" \/>\n<link rel=\"canonical\" href=\"https:\/\/meditex.ee\/lv\/7-faktori-kas-nosaka-pareizo-stomas-un-dziesmu-izstradajuma-augstumu\/\" \/>\n<meta property=\"og:locale\" content=\"lv_LV\" \/>\n<meta property=\"og:type\" content=\"article\" \/>\n<meta property=\"og:title\" content=\"7 faktori, kas nosaka pareizo stomas un dziesmu izstr\u0101d\u0101juma augstumu. - Meditex\" \/>\n<meta property=\"og:description\" content=\"M\u016bsu apak\u0161ve\u013cas, jostu un caurul\u012b\u0161u ar maksim\u0101lu atbalstu Corsinel stomai un diafragmai kl\u0101sts aptver da\u017e\u0101dus augstumus.\" \/>\n<meta property=\"og:url\" content=\"https:\/\/meditex.ee\/lv\/7-faktori-kas-nosaka-pareizo-stomas-un-dziesmu-izstradajuma-augstumu\/\" \/>\n<meta property=\"og:site_name\" content=\"Meditex\" \/>\n<meta property=\"article:publisher\" content=\"https:\/\/www.facebook.com\/meditexepood\/\" \/>\n<meta property=\"article:modified_time\" content=\"2023-08-08T08:33:18+00:00\" \/>\n<meta name=\"twitter:card\" content=\"summary_large_image\" \/>\n<meta name=\"twitter:label1\" content=\"Est. reading time\" \/>\n\t<meta name=\"twitter:data1\" content=\"3 minutes\" \/>\n<script type=\"application\/ld+json\" class=\"yoast-schema-graph\">{\"@context\":\"https:\\\/\\\/schema.org\",\"@graph\":[{\"@type\":\"WebPage\",\"@id\":\"https:\\\/\\\/meditex.ee\\\/lv\\\/7-faktori-kas-nosaka-pareizo-stomas-un-dziesmu-izstradajuma-augstumu\\\/\",\"url\":\"https:\\\/\\\/meditex.ee\\\/lv\\\/7-faktori-kas-nosaka-pareizo-stomas-un-dziesmu-izstradajuma-augstumu\\\/\",\"name\":\"7 faktori, kas nosaka pareizo stomas un dziesmu izstr\u0101d\u0101juma augstumu. - Meditex\",\"isPartOf\":{\"@id\":\"https:\\\/\\\/meditex.ee\\\/en\\\/#website\"},\"datePublished\":\"2023-07-31T10:23:43+00:00\",\"dateModified\":\"2023-08-08T08:33:18+00:00\",\"description\":\"M\u016bsu apak\u0161ve\u013cas, jostu un caurul\u012b\u0161u ar maksim\u0101lu atbalstu Corsinel stomai un diafragmai kl\u0101sts aptver da\u017e\u0101dus augstumus.\",\"breadcrumb\":{\"@id\":\"https:\\\/\\\/meditex.ee\\\/lv\\\/7-faktori-kas-nosaka-pareizo-stomas-un-dziesmu-izstradajuma-augstumu\\\/#breadcrumb\"},\"inLanguage\":\"lv-LV\",\"potentialAction\":[{\"@type\":\"ReadAction\",\"target\":[\"https:\\\/\\\/meditex.ee\\\/lv\\\/7-faktori-kas-nosaka-pareizo-stomas-un-dziesmu-izstradajuma-augstumu\\\/\"]}]},{\"@type\":\"BreadcrumbList\",\"@id\":\"https:\\\/\\\/meditex.ee\\\/lv\\\/7-faktori-kas-nosaka-pareizo-stomas-un-dziesmu-izstradajuma-augstumu\\\/#breadcrumb\",\"itemListElement\":[{\"@type\":\"ListItem\",\"position\":1,\"name\":\"Home\",\"item\":\"https:\\\/\\\/meditex.ee\\\/lv\\\/\"},{\"@type\":\"ListItem\",\"position\":2,\"name\":\"7 faktori, kas nosaka pareizo stomas un dziesmu izstr\u0101d\u0101juma augstumu.\"}]},{\"@type\":\"WebSite\",\"@id\":\"https:\\\/\\\/meditex.ee\\\/en\\\/#website\",\"url\":\"https:\\\/\\\/meditex.ee\\\/en\\\/\",\"name\":\"Meditex\",\"description\":\"\",\"publisher\":{\"@id\":\"https:\\\/\\\/meditex.ee\\\/en\\\/#organization\"},\"potentialAction\":[{\"@type\":\"SearchAction\",\"target\":{\"@type\":\"EntryPoint\",\"urlTemplate\":\"https:\\\/\\\/meditex.ee\\\/en\\\/?s={search_term_string}\"},\"query-input\":{\"@type\":\"PropertyValueSpecification\",\"valueRequired\":true,\"valueName\":\"search_term_string\"}}],\"inLanguage\":\"lv-LV\"},{\"@type\":\"Organization\",\"@id\":\"https:\\\/\\\/meditex.ee\\\/en\\\/#organization\",\"name\":\"Meditex\",\"url\":\"https:\\\/\\\/meditex.ee\\\/en\\\/\",\"logo\":{\"@type\":\"ImageObject\",\"inLanguage\":\"lv-LV\",\"@id\":\"https:\\\/\\\/meditex.ee\\\/en\\\/#\\\/schema\\\/logo\\\/image\\\/\",\"url\":\"https:\\\/\\\/meditex.ee\\\/wp-content\\\/uploads\\\/2018\\\/03\\\/mdtx_logo.png\",\"contentUrl\":\"https:\\\/\\\/meditex.ee\\\/wp-content\\\/uploads\\\/2018\\\/03\\\/mdtx_logo.png\",\"width\":669,\"height\":235,\"caption\":\"Meditex\"},\"image\":{\"@id\":\"https:\\\/\\\/meditex.ee\\\/en\\\/#\\\/schema\\\/logo\\\/image\\\/\"},\"sameAs\":[\"https:\\\/\\\/www.facebook.com\\\/meditexepood\\\/\"]}]}<\/script>\n<!-- \/ Yoast SEO plugin. -->","yoast_head_json":{"title":"7 faktori, kas nosaka pareizo stomas un dziesmu izstr\u0101d\u0101juma augstumu. - Meditex","description":"M\u016bsu apak\u0161ve\u013cas, jostu un caurul\u012b\u0161u ar maksim\u0101lu atbalstu Corsinel stomai un diafragmai kl\u0101sts aptver da\u017e\u0101dus augstumus.","robots":{"index":"index","follow":"follow","max-snippet":"max-snippet:-1","max-image-preview":"max-image-preview:large","max-video-preview":"max-video-preview:-1"},"canonical":"https:\/\/meditex.ee\/lv\/7-faktori-kas-nosaka-pareizo-stomas-un-dziesmu-izstradajuma-augstumu\/","og_locale":"lv_LV","og_type":"article","og_title":"7 faktori, kas nosaka pareizo stomas un dziesmu izstr\u0101d\u0101juma augstumu. - Meditex","og_description":"M\u016bsu apak\u0161ve\u013cas, jostu un caurul\u012b\u0161u ar maksim\u0101lu atbalstu Corsinel stomai un diafragmai kl\u0101sts aptver da\u017e\u0101dus augstumus.","og_url":"https:\/\/meditex.ee\/lv\/7-faktori-kas-nosaka-pareizo-stomas-un-dziesmu-izstradajuma-augstumu\/","og_site_name":"Meditex","article_publisher":"https:\/\/www.facebook.com\/meditexepood\/","article_modified_time":"2023-08-08T08:33:18+00:00","twitter_card":"summary_large_image","twitter_misc":{"Est. reading time":"3 minutes"},"schema":{"@context":"https:\/\/schema.org","@graph":[{"@type":"WebPage","@id":"https:\/\/meditex.ee\/lv\/7-faktori-kas-nosaka-pareizo-stomas-un-dziesmu-izstradajuma-augstumu\/","url":"https:\/\/meditex.ee\/lv\/7-faktori-kas-nosaka-pareizo-stomas-un-dziesmu-izstradajuma-augstumu\/","name":"7 faktori, kas nosaka pareizo stomas un dziesmu izstr\u0101d\u0101juma augstumu. - Meditex","isPartOf":{"@id":"https:\/\/meditex.ee\/en\/#website"},"datePublished":"2023-07-31T10:23:43+00:00","dateModified":"2023-08-08T08:33:18+00:00","description":"M\u016bsu apak\u0161ve\u013cas, jostu un caurul\u012b\u0161u ar maksim\u0101lu atbalstu Corsinel stomai un diafragmai kl\u0101sts aptver da\u017e\u0101dus augstumus.","breadcrumb":{"@id":"https:\/\/meditex.ee\/lv\/7-faktori-kas-nosaka-pareizo-stomas-un-dziesmu-izstradajuma-augstumu\/#breadcrumb"},"inLanguage":"lv-LV","potentialAction":[{"@type":"ReadAction","target":["https:\/\/meditex.ee\/lv\/7-faktori-kas-nosaka-pareizo-stomas-un-dziesmu-izstradajuma-augstumu\/"]}]},{"@type":"BreadcrumbList","@id":"https:\/\/meditex.ee\/lv\/7-faktori-kas-nosaka-pareizo-stomas-un-dziesmu-izstradajuma-augstumu\/#breadcrumb","itemListElement":[{"@type":"ListItem","position":1,"name":"Home","item":"https:\/\/meditex.ee\/lv\/"},{"@type":"ListItem","position":2,"name":"7 faktori, kas nosaka pareizo stomas un dziesmu izstr\u0101d\u0101juma augstumu."}]},{"@type":"WebSite","@id":"https:\/\/meditex.ee\/en\/#website","url":"https:\/\/meditex.ee\/en\/","name":"Meditex","description":"","publisher":{"@id":"https:\/\/meditex.ee\/en\/#organization"},"potentialAction":[{"@type":"SearchAction","target":{"@type":"EntryPoint","urlTemplate":"https:\/\/meditex.ee\/en\/?s={search_term_string}"},"query-input":{"@type":"PropertyValueSpecification","valueRequired":true,"valueName":"search_term_string"}}],"inLanguage":"lv-LV"},{"@type":"Organization","@id":"https:\/\/meditex.ee\/en\/#organization","name":"Meditex","url":"https:\/\/meditex.ee\/en\/","logo":{"@type":"ImageObject","inLanguage":"lv-LV","@id":"https:\/\/meditex.ee\/en\/#\/schema\/logo\/image\/","url":"https:\/\/meditex.ee\/wp-content\/uploads\/2018\/03\/mdtx_logo.png","contentUrl":"https:\/\/meditex.ee\/wp-content\/uploads\/2018\/03\/mdtx_logo.png","width":669,"height":235,"caption":"Meditex"},"image":{"@id":"https:\/\/meditex.ee\/en\/#\/schema\/logo\/image\/"},"sameAs":["https:\/\/www.facebook.com\/meditexepood\/"]}]}},"_links":{"self":[{"href":"https:\/\/meditex.ee\/lv\/wp-json\/wp\/v2\/pages\/16551","targetHints":{"allow":["GET"]}}],"collection":[{"href":"https:\/\/meditex.ee\/lv\/wp-json\/wp\/v2\/pages"}],"about":[{"href":"https:\/\/meditex.ee\/lv\/wp-json\/wp\/v2\/types\/page"}],"author":[{"embeddable":true,"href":"https:\/\/meditex.ee\/lv\/wp-json\/wp\/v2\/users\/1"}],"replies":[{"embeddable":true,"href":"https:\/\/meditex.ee\/lv\/wp-json\/wp\/v2\/comments?post=16551"}],"version-history":[{"count":0,"href":"https:\/\/meditex.ee\/lv\/wp-json\/wp\/v2\/pages\/16551\/revisions"}],"wp:attachment":[{"href":"https:\/\/meditex.ee\/lv\/wp-json\/wp\/v2\/media?parent=16551"}],"curies":[{"name":"wp","href":"https:\/\/api.w.org\/{rel}","templated":true}]}}