{"id":16499,"date":"2023-07-31T10:23:37","date_gmt":"2023-07-31T10:23:37","guid":{"rendered":"https:\/\/meditex.ee\/nordicare\/"},"modified":"2023-07-31T10:23:38","modified_gmt":"2023-07-31T10:23:38","slug":"nordicare","status":"publish","type":"page","link":"https:\/\/meditex.ee\/lv\/nordicare\/","title":{"rendered":"NordiCare"},"content":{"rendered":"\n\t<div id=\"gap-2011650591\" class=\"gap-element clearfix\" style=\"display:block; height:auto;\">\n\t\t\n<style>\n#gap-2011650591 {\n  padding-top: 30px;\n}\n<\/style>\n\t<\/div>\n\t\n\n<div class=\"row\"  id=\"row-1470900378\">\n\n\n\t<div id=\"col-1189787987\" class=\"col medium-6 small-12 large-6\"  >\n\t\t\t\t<div class=\"col-inner\"  >\n\t\t\t\n\t\t\t\n\n<p><img decoding=\"async\" class=\"alignnone wp-image-9962\" src=\"https:\/\/meditex.ee\/wp-content\/uploads\/2020\/03\/nordicare_logo.png\" alt=\"\" width=\"193\" height=\"61\"\/><\/p>\n<p class=\"Standard\" style=\"text-align: left;\"><span style=\"font-size: 11pt; color: #000000;\">NordiCare ir Zviedrijas vado\u0161ais medic\u012bnas tehnolo\u0123iju uz\u0146\u0113mums, kas pied\u0101v\u0101 vesel\u012bbas apr\u016bpes un rehabilit\u0101cijas pakalpojumus klientiem vis\u0101s Zieme\u013cvalst\u012bs. M\u0113s izstr\u0101d\u0101jam un pied\u0101v\u0101jam tirg\u016b r\u016bp\u012bgi atlas\u012btus produktus un risin\u0101jumus. M\u016bsu v\u012bzija ir rad\u012bt produktus un risin\u0101jumus, kas m\u016bsu klientiem rada pievienoto v\u0113rt\u012bbu.<\/span><\/p>\n<p class=\"Standard\" style=\"text-align: left;\"><strong><span style=\"font-size: 11pt; color: #000000;\">Uzlabota vesel\u012bbas ekonomika<\/span><\/strong><\/p>\n<p class=\"Standard\" style=\"text-align: left;\"><span style=\"font-size: 11pt; color: #000000;\">M\u016bsdien\u0101s vesel\u012bbas apr\u016bpe saskaras ar aizvien liel\u0101ku izaicin\u0101jumu &#8211; rast rentablus risin\u0101jumus, lai nodro\u0161in\u0101tu lab\u0101ku un laikietilp\u012bg\u0101ku apr\u016bpi un rehabilit\u0101ciju. Viens no sp\u0113c\u012bg\u0101kajiem NordiCare dzin\u0113jsp\u0113kiem ir rast risin\u0101jumus \u0161im izaicin\u0101jumam.<\/span><\/p>\n\n\t\t<\/div>\n\t\t\t\t\t<\/div>\n\n\t\n\n\t<div id=\"col-42635205\" class=\"col medium-6 small-12 large-6\"  >\n\t\t\t\t<div class=\"col-inner\"  >\n\t\t\t\n\t\t\t\n\n\t<div class=\"img has-hover x md-x lg-x y md-y lg-y\" id=\"image_984007991\">\n\t\t\t\t\t\t\t\t<div class=\"img-inner dark\" >\n\t\t\t<img fetchpriority=\"high\" decoding=\"async\" width=\"494\" height=\"386\" src=\"https:\/\/meditex.ee\/wp-content\/uploads\/2020\/03\/nordicare.jpg\" class=\"attachment-large size-large\" alt=\"\" \/>\t\t\t\t\t\t\n\t\t\t\t\t<\/div>\n\t\t\t\t\t\t\t\t\n<style>\n#image_984007991 {\n  width: 100%;\n}\n<\/style>\n\t<\/div>\n\t\n\n\n\t\t<\/div>\n\t\t\t\t\t<\/div>\n\n\t\n\n<\/div>\n<div class=\"row\"  id=\"row-1554773841\">\n\n\n\t<div id=\"col-1640930427\" class=\"col medium-5 small-12 large-5\"  >\n\t\t\t\t<div class=\"col-inner\"  >\n\t\t\t\n\t\t\t\n\n\t<div class=\"img has-hover x md-x lg-x y md-y lg-y\" id=\"image_1501492877\">\n\t\t\t\t\t\t\t\t<div class=\"img-inner dark\" >\n\t\t\t<img decoding=\"async\" width=\"494\" height=\"303\" src=\"https:\/\/meditex.ee\/wp-content\/uploads\/2020\/03\/tooted.png\" class=\"attachment-large size-large\" alt=\"\" \/>\t\t\t\t\t\t\n\t\t\t\t\t<\/div>\n\t\t\t\t\t\t\t\t\n<style>\n#image_1501492877 {\n  width: 80%;\n}\n<\/style>\n\t<\/div>\n\t\n\n\n\t\t<\/div>\n\t\t\t\t\t<\/div>\n\n\t\n\n\t<div id=\"col-2072216269\" class=\"col medium-7 small-12 large-7\"  >\n\t\t\t\t<div class=\"col-inner\"  >\n\t\t\t\n\t\t\t\n\n<p class=\"Standard\" style=\"text-align: left;\"><strong><span style=\"font-size: 11pt; color: #000000;\">Uz cilv\u0113ku orient\u0113ts dizains<\/span><\/strong><\/p>\n<p class=\"Standard\" style=\"text-align: left;\"><span style=\"font-size: 11pt; color: #000000;\">NordiCare produktu izstr\u0101des pamat\u0101 ir funkcionalit\u0101te un lieto\u0161anas \u0113rtums &#8211; m\u016bsu m\u0113r\u0137is ir izstr\u0101d\u0101t funkcion\u0101lus produktus ar pievilc\u012bgu dizainu, kas atvieglo ikdienas dz\u012bvi gan lietot\u0101jiem, gan vesel\u012bbas apr\u016bpes speci\u0101listiem. M\u0113s to saucam par uz cilv\u0113kiem orient\u0113tu dizainu.<\/span><\/p>\n\n\t\t<\/div>\n\t\t\t\t\t<\/div>\n\n\t\n\n<\/div>\n<p class=\"Standard\" style=\"text-align: left;\"><strong><span style=\"font-size: 11pt; color: #000000;\">R\u016bp\u012bgi atlas\u012bti<\/span><\/strong><\/p>\n<p class=\"Standard\" style=\"text-align: left;\"><span style=\"font-size: 11pt; color: #000000;\">NordiCare produktu kl\u0101sts ir izstr\u0101d\u0101ts, \u0146emot v\u0113r\u0101 m\u016bsu klientu vajadz\u012bbas. Lai nodro\u0161in\u0101tu lab\u0101kos risin\u0101jumus un augst\u0101ko kvalit\u0101ti, m\u0113s sadarbojamies ar izv\u0113l\u0113tiem starptautiski vado\u0161ajiem materi\u0101lu ra\u017eot\u0101jiem un izgatavot\u0101jiem. Produktu kl\u0101sts nep\u0101rtraukti att\u012bst\u0101s, un partneru izv\u0113le ir vismaz tikpat svar\u012bga k\u0101 vi\u0146u pa\u0161u dizaina un izstr\u0101des darbs. Izv\u0113loties NordiCare produktus, klientiem vienm\u0113r j\u0101b\u016bt p\u0101rliecin\u0101tiem par to kvalit\u0101ti, funkcionalit\u0101ti un ietekmi uz vidi. M\u0113s to saucam par r\u016bp\u012bgi atlas\u012btu.<\/span><\/p>\n<div class=\"row\"  id=\"row-2056799752\">\n\n\n\t<div id=\"col-739962432\" class=\"col medium-6 small-12 large-6\"  >\n\t\t\t\t<div class=\"col-inner\"  >\n\t\t\t\n\t\t\t\n\n<p class=\"Standard\" style=\"text-align: left;\"><strong><span style=\"font-size: 11pt; color: #000000;\">V\u0113sture un klienti<\/span><\/strong><\/p>\n<p class=\"Standard\" style=\"text-align: left;\"><span style=\"font-size: 11pt; color: #000000;\">NordiCare tika dibin\u0101ta 2004. gad\u0101. un ir dizaina un inov\u0101ciju uz\u0146\u0113muma Carlia Consulting AB meitasuz\u0146\u0113mums. Uz\u0146\u0113mumu vada izpilddirektore Hel\u0113na Petersa (Helena Peters), kura 1994. gad\u0101 bija iesaist\u012bta ar\u012b Carlia Consulting AB dibin\u0101\u0161an\u0101. in. NordiCare pa\u0161laik ir nedaudz vair\u0101k nek\u0101 2000 klientu, tostarp valsts universit\u0101tes slimn\u012bcas un priv\u0101tie vesel\u012bbas apr\u016bpes pakalpojumu sniedz\u0113ji vis\u0101 Zieme\u013cvalst\u012bs.<\/span><\/p>\n\n\t\t<\/div>\n\t\t\t\t\t<\/div>\n\n\t\n\n\t<div id=\"col-1569831919\" class=\"col medium-6 small-12 large-6\"  >\n\t\t\t\t<div class=\"col-inner\"  >\n\t\t\t\n\t\t\t\n\n\t<div class=\"img has-hover x md-x lg-x y md-y lg-y\" id=\"image_1706861779\">\n\t\t\t\t\t\t\t\t<div class=\"img-inner dark\" >\n\t\t\t<img loading=\"lazy\" decoding=\"async\" width=\"1020\" height=\"377\" src=\"https:\/\/meditex.ee\/wp-content\/uploads\/2020\/03\/unnamed-1400x518.jpg\" class=\"attachment-large size-large\" alt=\"\" srcset=\"https:\/\/meditex.ee\/wp-content\/uploads\/2020\/03\/unnamed-1400x518.jpg 1400w, https:\/\/meditex.ee\/wp-content\/uploads\/2020\/03\/unnamed-510x189.jpg 510w, https:\/\/meditex.ee\/wp-content\/uploads\/2020\/03\/unnamed-800x296.jpg 800w, https:\/\/meditex.ee\/wp-content\/uploads\/2020\/03\/unnamed-768x284.jpg 768w, https:\/\/meditex.ee\/wp-content\/uploads\/2020\/03\/unnamed-600x222.jpg 600w, https:\/\/meditex.ee\/wp-content\/uploads\/2020\/03\/unnamed.jpg 1500w\" sizes=\"(max-width: 1020px) 100vw, 1020px\" \/>\t\t\t\t\t\t\n\t\t\t\t\t<\/div>\n\t\t\t\t\t\t\t\t\n<style>\n#image_1706861779 {\n  width: 100%;\n}\n<\/style>\n\t<\/div>\n\t\n\n\n\t\t<\/div>\n\t\t\t\t\t<\/div>\n\n\t\n\n<\/div>\n<p class=\"Standard\" style=\"text-align: left;\"><strong><span style=\"font-size: 11pt; color: #000000;\">Zviedrijas Medtech biedrs<\/span><\/strong><\/p>\n<p class=\"Standard\" style=\"text-align: left;\"><span style=\"font-size: 11pt; color: #000000;\">NordiCare ir Zviedrijas Medtech biedrs kop\u0161 2015. gada. uz priek\u0161u. Sweden Medtech ir medic\u012bnas tehnolo\u0123iju nozares organiz\u0101cija. Patlaban taj\u0101 ir aptuveni 170 dal\u012bbnieku, kas veido gandr\u012bz 90 % Zviedrijas medic\u012bnas tehnolo\u0123iju tirgus.<\/span><\/p>\n<p><img loading=\"lazy\" decoding=\"async\" class=\" wp-image-10096 alignright\" src=\"https:\/\/meditex.ee\/wp-content\/uploads\/2020\/03\/swedish_medtech_logo.png\" alt=\"\" width=\"152\" height=\"74\"\/><\/p>\n","protected":false},"excerpt":{"rendered":"<p>R\u016bp\u012bgi atlas\u012bti NordiCare produktu kl\u0101sts ir izstr\u0101d\u0101ts, \u0146emot v\u0113r\u0101 m\u016bsu klientu vajadz\u012bbas. Lai nodro\u0161in\u0101tu lab\u0101kos risin\u0101jumus un augst\u0101ko kvalit\u0101ti, m\u0113s sadarbojamies ar izv\u0113l\u0113tiem starptautiski vado\u0161ajiem materi\u0101lu ra\u017eot\u0101jiem un izgatavot\u0101jiem. Produktu kl\u0101sts nep\u0101rtraukti att\u012bst\u0101s, un partneru izv\u0113le ir vismaz tikpat svar\u012bga k\u0101 vi\u0146u pa\u0161u dizaina un izstr\u0101des darbs. Izv\u0113loties NordiCare produktus, klientiem vienm\u0113r j\u0101b\u016bt p\u0101rliecin\u0101tiem par [&#8230;]\n","protected":false},"author":1,"featured_media":0,"parent":0,"menu_order":0,"comment_status":"closed","ping_status":"closed","template":"","meta":{"footnotes":""},"class_list":["post-16499","page","type-page","status-publish","hentry"],"yoast_head":"<!-- This site is optimized with the Yoast SEO plugin v27.4 - https:\/\/yoast.com\/product\/yoast-seo-wordpress\/ -->\n<title>NordiCare - Meditex<\/title>\n<meta name=\"robots\" content=\"index, follow, max-snippet:-1, max-image-preview:large, max-video-preview:-1\" \/>\n<link rel=\"canonical\" href=\"https:\/\/meditex.ee\/lv\/nordicare\/\" \/>\n<meta property=\"og:locale\" content=\"lv_LV\" \/>\n<meta property=\"og:type\" content=\"article\" \/>\n<meta property=\"og:title\" content=\"NordiCare - Meditex\" \/>\n<meta property=\"og:description\" content=\"R\u016bp\u012bgi atlas\u012bti NordiCare produktu kl\u0101sts ir izstr\u0101d\u0101ts, \u0146emot v\u0113r\u0101 m\u016bsu klientu vajadz\u012bbas. Lai nodro\u0161in\u0101tu lab\u0101kos risin\u0101jumus un augst\u0101ko kvalit\u0101ti, m\u0113s sadarbojamies ar izv\u0113l\u0113tiem starptautiski vado\u0161ajiem materi\u0101lu ra\u017eot\u0101jiem un izgatavot\u0101jiem. Produktu kl\u0101sts nep\u0101rtraukti att\u012bst\u0101s, un partneru izv\u0113le ir vismaz tikpat svar\u012bga k\u0101 vi\u0146u pa\u0161u dizaina un izstr\u0101des darbs. Izv\u0113loties NordiCare produktus, klientiem vienm\u0113r j\u0101b\u016bt p\u0101rliecin\u0101tiem par [...]\" \/>\n<meta property=\"og:url\" content=\"https:\/\/meditex.ee\/lv\/nordicare\/\" \/>\n<meta property=\"og:site_name\" content=\"Meditex\" \/>\n<meta property=\"article:publisher\" content=\"https:\/\/www.facebook.com\/meditexepood\/\" \/>\n<meta property=\"article:modified_time\" content=\"2023-07-31T10:23:38+00:00\" \/>\n<meta property=\"og:image\" content=\"https:\/\/meditex.ee\/wp-content\/uploads\/2020\/03\/nordicare_logo.png\" \/>\n<meta name=\"twitter:card\" content=\"summary_large_image\" \/>\n<meta name=\"twitter:label1\" content=\"Est. reading time\" \/>\n\t<meta name=\"twitter:data1\" content=\"2 minutes\" \/>\n<script type=\"application\/ld+json\" class=\"yoast-schema-graph\">{\"@context\":\"https:\\\/\\\/schema.org\",\"@graph\":[{\"@type\":\"WebPage\",\"@id\":\"https:\\\/\\\/meditex.ee\\\/lv\\\/nordicare\\\/\",\"url\":\"https:\\\/\\\/meditex.ee\\\/lv\\\/nordicare\\\/\",\"name\":\"NordiCare - Meditex\",\"isPartOf\":{\"@id\":\"https:\\\/\\\/meditex.ee\\\/en\\\/#website\"},\"primaryImageOfPage\":{\"@id\":\"https:\\\/\\\/meditex.ee\\\/lv\\\/nordicare\\\/#primaryimage\"},\"image\":{\"@id\":\"https:\\\/\\\/meditex.ee\\\/lv\\\/nordicare\\\/#primaryimage\"},\"thumbnailUrl\":\"https:\\\/\\\/meditex.ee\\\/wp-content\\\/uploads\\\/2020\\\/03\\\/nordicare_logo.png\",\"datePublished\":\"2023-07-31T10:23:37+00:00\",\"dateModified\":\"2023-07-31T10:23:38+00:00\",\"breadcrumb\":{\"@id\":\"https:\\\/\\\/meditex.ee\\\/lv\\\/nordicare\\\/#breadcrumb\"},\"inLanguage\":\"lv-LV\",\"potentialAction\":[{\"@type\":\"ReadAction\",\"target\":[\"https:\\\/\\\/meditex.ee\\\/lv\\\/nordicare\\\/\"]}]},{\"@type\":\"ImageObject\",\"inLanguage\":\"lv-LV\",\"@id\":\"https:\\\/\\\/meditex.ee\\\/lv\\\/nordicare\\\/#primaryimage\",\"url\":\"https:\\\/\\\/meditex.ee\\\/wp-content\\\/uploads\\\/2020\\\/03\\\/nordicare_logo.png\",\"contentUrl\":\"https:\\\/\\\/meditex.ee\\\/wp-content\\\/uploads\\\/2020\\\/03\\\/nordicare_logo.png\"},{\"@type\":\"BreadcrumbList\",\"@id\":\"https:\\\/\\\/meditex.ee\\\/lv\\\/nordicare\\\/#breadcrumb\",\"itemListElement\":[{\"@type\":\"ListItem\",\"position\":1,\"name\":\"Home\",\"item\":\"https:\\\/\\\/meditex.ee\\\/lv\\\/\"},{\"@type\":\"ListItem\",\"position\":2,\"name\":\"NordiCare\"}]},{\"@type\":\"WebSite\",\"@id\":\"https:\\\/\\\/meditex.ee\\\/en\\\/#website\",\"url\":\"https:\\\/\\\/meditex.ee\\\/en\\\/\",\"name\":\"Meditex\",\"description\":\"\",\"publisher\":{\"@id\":\"https:\\\/\\\/meditex.ee\\\/en\\\/#organization\"},\"potentialAction\":[{\"@type\":\"SearchAction\",\"target\":{\"@type\":\"EntryPoint\",\"urlTemplate\":\"https:\\\/\\\/meditex.ee\\\/en\\\/?s={search_term_string}\"},\"query-input\":{\"@type\":\"PropertyValueSpecification\",\"valueRequired\":true,\"valueName\":\"search_term_string\"}}],\"inLanguage\":\"lv-LV\"},{\"@type\":\"Organization\",\"@id\":\"https:\\\/\\\/meditex.ee\\\/en\\\/#organization\",\"name\":\"Meditex\",\"url\":\"https:\\\/\\\/meditex.ee\\\/en\\\/\",\"logo\":{\"@type\":\"ImageObject\",\"inLanguage\":\"lv-LV\",\"@id\":\"https:\\\/\\\/meditex.ee\\\/en\\\/#\\\/schema\\\/logo\\\/image\\\/\",\"url\":\"https:\\\/\\\/meditex.ee\\\/wp-content\\\/uploads\\\/2018\\\/03\\\/mdtx_logo.png\",\"contentUrl\":\"https:\\\/\\\/meditex.ee\\\/wp-content\\\/uploads\\\/2018\\\/03\\\/mdtx_logo.png\",\"width\":669,\"height\":235,\"caption\":\"Meditex\"},\"image\":{\"@id\":\"https:\\\/\\\/meditex.ee\\\/en\\\/#\\\/schema\\\/logo\\\/image\\\/\"},\"sameAs\":[\"https:\\\/\\\/www.facebook.com\\\/meditexepood\\\/\"]}]}<\/script>\n<!-- \/ Yoast SEO plugin. -->","yoast_head_json":{"title":"NordiCare - Meditex","robots":{"index":"index","follow":"follow","max-snippet":"max-snippet:-1","max-image-preview":"max-image-preview:large","max-video-preview":"max-video-preview:-1"},"canonical":"https:\/\/meditex.ee\/lv\/nordicare\/","og_locale":"lv_LV","og_type":"article","og_title":"NordiCare - Meditex","og_description":"R\u016bp\u012bgi atlas\u012bti NordiCare produktu kl\u0101sts ir izstr\u0101d\u0101ts, \u0146emot v\u0113r\u0101 m\u016bsu klientu vajadz\u012bbas. Lai nodro\u0161in\u0101tu lab\u0101kos risin\u0101jumus un augst\u0101ko kvalit\u0101ti, m\u0113s sadarbojamies ar izv\u0113l\u0113tiem starptautiski vado\u0161ajiem materi\u0101lu ra\u017eot\u0101jiem un izgatavot\u0101jiem. Produktu kl\u0101sts nep\u0101rtraukti att\u012bst\u0101s, un partneru izv\u0113le ir vismaz tikpat svar\u012bga k\u0101 vi\u0146u pa\u0161u dizaina un izstr\u0101des darbs. Izv\u0113loties NordiCare produktus, klientiem vienm\u0113r j\u0101b\u016bt p\u0101rliecin\u0101tiem par [...]","og_url":"https:\/\/meditex.ee\/lv\/nordicare\/","og_site_name":"Meditex","article_publisher":"https:\/\/www.facebook.com\/meditexepood\/","article_modified_time":"2023-07-31T10:23:38+00:00","og_image":[{"url":"https:\/\/meditex.ee\/wp-content\/uploads\/2020\/03\/nordicare_logo.png","type":"","width":"","height":""}],"twitter_card":"summary_large_image","twitter_misc":{"Est. reading time":"2 minutes"},"schema":{"@context":"https:\/\/schema.org","@graph":[{"@type":"WebPage","@id":"https:\/\/meditex.ee\/lv\/nordicare\/","url":"https:\/\/meditex.ee\/lv\/nordicare\/","name":"NordiCare - Meditex","isPartOf":{"@id":"https:\/\/meditex.ee\/en\/#website"},"primaryImageOfPage":{"@id":"https:\/\/meditex.ee\/lv\/nordicare\/#primaryimage"},"image":{"@id":"https:\/\/meditex.ee\/lv\/nordicare\/#primaryimage"},"thumbnailUrl":"https:\/\/meditex.ee\/wp-content\/uploads\/2020\/03\/nordicare_logo.png","datePublished":"2023-07-31T10:23:37+00:00","dateModified":"2023-07-31T10:23:38+00:00","breadcrumb":{"@id":"https:\/\/meditex.ee\/lv\/nordicare\/#breadcrumb"},"inLanguage":"lv-LV","potentialAction":[{"@type":"ReadAction","target":["https:\/\/meditex.ee\/lv\/nordicare\/"]}]},{"@type":"ImageObject","inLanguage":"lv-LV","@id":"https:\/\/meditex.ee\/lv\/nordicare\/#primaryimage","url":"https:\/\/meditex.ee\/wp-content\/uploads\/2020\/03\/nordicare_logo.png","contentUrl":"https:\/\/meditex.ee\/wp-content\/uploads\/2020\/03\/nordicare_logo.png"},{"@type":"BreadcrumbList","@id":"https:\/\/meditex.ee\/lv\/nordicare\/#breadcrumb","itemListElement":[{"@type":"ListItem","position":1,"name":"Home","item":"https:\/\/meditex.ee\/lv\/"},{"@type":"ListItem","position":2,"name":"NordiCare"}]},{"@type":"WebSite","@id":"https:\/\/meditex.ee\/en\/#website","url":"https:\/\/meditex.ee\/en\/","name":"Meditex","description":"","publisher":{"@id":"https:\/\/meditex.ee\/en\/#organization"},"potentialAction":[{"@type":"SearchAction","target":{"@type":"EntryPoint","urlTemplate":"https:\/\/meditex.ee\/en\/?s={search_term_string}"},"query-input":{"@type":"PropertyValueSpecification","valueRequired":true,"valueName":"search_term_string"}}],"inLanguage":"lv-LV"},{"@type":"Organization","@id":"https:\/\/meditex.ee\/en\/#organization","name":"Meditex","url":"https:\/\/meditex.ee\/en\/","logo":{"@type":"ImageObject","inLanguage":"lv-LV","@id":"https:\/\/meditex.ee\/en\/#\/schema\/logo\/image\/","url":"https:\/\/meditex.ee\/wp-content\/uploads\/2018\/03\/mdtx_logo.png","contentUrl":"https:\/\/meditex.ee\/wp-content\/uploads\/2018\/03\/mdtx_logo.png","width":669,"height":235,"caption":"Meditex"},"image":{"@id":"https:\/\/meditex.ee\/en\/#\/schema\/logo\/image\/"},"sameAs":["https:\/\/www.facebook.com\/meditexepood\/"]}]}},"_links":{"self":[{"href":"https:\/\/meditex.ee\/lv\/wp-json\/wp\/v2\/pages\/16499","targetHints":{"allow":["GET"]}}],"collection":[{"href":"https:\/\/meditex.ee\/lv\/wp-json\/wp\/v2\/pages"}],"about":[{"href":"https:\/\/meditex.ee\/lv\/wp-json\/wp\/v2\/types\/page"}],"author":[{"embeddable":true,"href":"https:\/\/meditex.ee\/lv\/wp-json\/wp\/v2\/users\/1"}],"replies":[{"embeddable":true,"href":"https:\/\/meditex.ee\/lv\/wp-json\/wp\/v2\/comments?post=16499"}],"version-history":[{"count":0,"href":"https:\/\/meditex.ee\/lv\/wp-json\/wp\/v2\/pages\/16499\/revisions"}],"wp:attachment":[{"href":"https:\/\/meditex.ee\/lv\/wp-json\/wp\/v2\/media?parent=16499"}],"curies":[{"name":"wp","href":"https:\/\/api.w.org\/{rel}","templated":true}]}}