{"id":16475,"date":"2023-07-31T09:48:46","date_gmt":"2023-07-31T09:48:46","guid":{"rendered":"https:\/\/meditex.ee\/corsinel\/"},"modified":"2023-08-01T11:41:40","modified_gmt":"2023-08-01T11:41:40","slug":"corsinel","status":"publish","type":"page","link":"https:\/\/meditex.ee\/lv\/corsinel\/","title":{"rendered":"Corsinel"},"content":{"rendered":"\n<div class=\"text-center\"><div class=\"is-divider divider clearfix\" style=\"background-color:rgb(255, 255, 255);\"><\/div><\/div>\n\n<div class=\"row\"  id=\"row-1623875431\">\n\n\n\t<div id=\"col-413619832\" class=\"col medium-6 small-12 large-6\"  >\n\t\t\t\t<div class=\"col-inner\"  >\n\t\t\t\n\t\t\t\n\n<h1><span style=\"color: #000080;\">STOMAS UN MANDE\u013bU IZSTR\u0100D\u0100JUMI<\/span><\/h1>\n\n\t\t<\/div>\n\t\t\t\t\t<\/div>\n\n\t\n\n\t<div id=\"col-83694820\" class=\"col medium-6 small-12 large-6\"  >\n\t\t\t\t<div class=\"col-inner text-right\"  >\n\t\t\t\n\t\t\t\n\n\t<div class=\"img has-hover x md-x lg-x y md-y lg-y\" id=\"image_2071189841\">\n\t\t\t\t\t\t\t\t<div class=\"img-inner dark\" >\n\t\t\t<img decoding=\"async\" width=\"800\" height=\"215\" src=\"https:\/\/meditex.ee\/wp-content\/uploads\/2018\/03\/Corsinel_Live-as-you-like_200mm-800x215.png\" class=\"attachment-medium size-medium\" alt=\"\" srcset=\"https:\/\/meditex.ee\/wp-content\/uploads\/2018\/03\/Corsinel_Live-as-you-like_200mm-800x215.png 800w, https:\/\/meditex.ee\/wp-content\/uploads\/2018\/03\/Corsinel_Live-as-you-like_200mm-510x137.png 510w, https:\/\/meditex.ee\/wp-content\/uploads\/2018\/03\/Corsinel_Live-as-you-like_200mm-768x206.png 768w, https:\/\/meditex.ee\/wp-content\/uploads\/2018\/03\/Corsinel_Live-as-you-like_200mm-1400x376.png 1400w, https:\/\/meditex.ee\/wp-content\/uploads\/2018\/03\/Corsinel_Live-as-you-like_200mm-600x161.png 600w\" sizes=\"(max-width: 800px) 100vw, 800px\" \/>\t\t\t\t\t\t\n\t\t\t\t\t<\/div>\n\t\t\t\t\t\t\t\t\n<style>\n#image_2071189841 {\n  width: 65%;\n}\n<\/style>\n\t<\/div>\n\t\n\n\n\t\t<\/div>\n\t\t\t\t\t<\/div>\n\n\t\n\n<\/div>\n<div class=\"fusion-text\">\n<p>Dz\u012bve ar stomu \u013coti ietekm\u0113 cilv\u0113ka ikdienas dz\u012bvi. T\u0101 izaicina cilv\u0113ka soci\u0101lo dz\u012bvi, \u0137erme\u0146a formu un pa\u0161cie\u0146as izj\u016btu.<\/p>\n<p>V\u0113dera oper\u0101cija, kur\u0101 tiek iegriezts lielais v\u0113dera muskulis, var palielin\u0101t tr\u016bces ieg\u016b\u0161anas risku. Rezult\u0101t\u0101 rodas daudz ne\u0113rt\u012bbu: ostomijas produkta nepiem\u0113rot\u012bba, nopl\u016bdes risks, nedabiska \u0137erme\u0146a formas un izskats, diskomforts, s\u0101pes un spiediena saj\u016bta utt. Ar vai bez oper\u0101cijas \u0161im tipiskajam st\u0101voklim nepiecie\u0161ama \u012bpa\u0161a uzman\u012bba un atbalsts.<\/p>\n<p>Lai pal\u012bdz\u0113tu jums dz\u012bvot t\u0101du dz\u012bvi, k\u0101du v\u0113laties, esam izstr\u0101d\u0101ju\u0161i uzticamus produktus tr\u016b\u010du profilaksei un stomas un tr\u016b\u010du apr\u016bpei. M\u016bsu <em>Corsinel<\/em> produkti ir izstr\u0101d\u0101ti cie\u0161\u0101 sadarb\u012bb\u0101 ar \u0101rstiem, apr\u016bp\u0113t\u0101jiem un ostom\u0101tiem, lai vienm\u0113r nodro\u0161in\u0101tu vislab\u0101ko rezult\u0101tu, komfortu un visaugst\u0101ko kvalit\u0101ti.<\/p>\n<p>M\u0113s p\u0101rliecin\u0101mies un paturam pr\u0101t\u0101 individu\u0101lo \u0137erme\u0146a anatomiju, kad izstr\u0101d\u0101jam <em>Corsinel<\/em> ostomijas produktus. M\u016bsu produktiem ir j\u0101b\u016bt atbilsto\u0161iem, lai rad\u012btu at\u0161\u0137ir\u012bbas un tiktu n\u0113s\u0101ti. T\u0101p\u0113c <em>Corsinel<\/em> ostomijas apr\u016bpes produkti ir izgatavoti no 4-virzienu elast\u012bga materi\u0101la, kas vienm\u0113r piel\u0101gojas konkr\u0113t\u0101m \u0137erme\u0146a kont\u016br\u0101m. Unik\u0101l\u0101 elast\u012bba ar\u012b nodro\u0161ina, lai <em>Corsinel<\/em> ostomijas produkti atbalst\u012btu stomu vai tr\u016bci, netrauc\u0113jot stomas pl\u016bsmu.<\/p>\n<p>T\u0101 k\u0101 labi zin\u0101m, ka <em>Corsinel<\/em> produkti bie\u017ei tiks n\u0113s\u0101ti visas dienas garum\u0101 un, iesp\u0113jams, ar\u012b nakt\u012b, elpojo\u0161ie produkti izstr\u0101d\u0101ti, paturot pr\u0101t\u0101 \u0113rtumu. M\u0113s v\u0113lamies, lai m\u016bsu ostomijas apr\u016bpes produkti b\u016btu pal\u012bgl\u012bdzek\u013ci, lai risin\u0101tu un atvieglotu probl\u0113mas j\u016bsu ikdienas dz\u012bv\u0113.<\/p>\n<\/div>\n<p><strong>Da\u017e\u0101das vajadz\u012bbas \u2013 da\u017e\u0101di atbalsta l\u012bme\u0146i<\/strong><\/p>\n<div class=\"fusion-text\">\n<p>T\u0101 k\u0101 atbalsta un kompresijas nepiecie\u0161am\u012bba katram indiv\u012bdam ir at\u0161\u0137ir\u012bga, <em>Corsinel<\/em> produkti ir sadal\u012bti tr\u012bs diapazonos atkar\u012bb\u0101 no atbalsta: viegla, m\u0113rena, augsta.<\/p>\n<\/div>\n<div class=\"text-center\"><div class=\"is-divider divider clearfix\" style=\"background-color:rgb(255, 255, 255);\"><\/div><\/div>\n\n<div class=\"row\"  id=\"row-1587335821\">\n\n\n\t<div id=\"col-1373254495\" class=\"col medium-4 small-12 large-4\"  >\n\t\t\t\t<div class=\"col-inner text-center\"  >\n\t\t\t\n\t\t\t\n\n<h3>Viegls atbalsts<\/h3>\n\n\t<div class=\"img has-hover x md-x lg-x y md-y lg-y\" id=\"image_1788631525\">\n\t\t\t\t\t\t\t\t<div class=\"img-inner dark\" >\n\t\t\t<img decoding=\"async\" width=\"402\" height=\"400\" src=\"https:\/\/meditex.ee\/wp-content\/uploads\/2018\/03\/Corsinel-compression-level-icon_LIGHT-402x400.png\" class=\"attachment-medium size-medium\" alt=\"\" srcset=\"https:\/\/meditex.ee\/wp-content\/uploads\/2018\/03\/Corsinel-compression-level-icon_LIGHT-402x400.png 402w, https:\/\/meditex.ee\/wp-content\/uploads\/2018\/03\/Corsinel-compression-level-icon_LIGHT-100x100.png 100w, https:\/\/meditex.ee\/wp-content\/uploads\/2018\/03\/Corsinel-compression-level-icon_LIGHT-280x280.png 280w, https:\/\/meditex.ee\/wp-content\/uploads\/2018\/03\/Corsinel-compression-level-icon_LIGHT-300x300.png 300w, https:\/\/meditex.ee\/wp-content\/uploads\/2018\/03\/Corsinel-compression-level-icon_LIGHT.png 419w\" sizes=\"(max-width: 402px) 100vw, 402px\" \/>\t\t\t\t\t\t\n\t\t\t\t\t<\/div>\n\t\t\t\t\t\t\t\t\n<style>\n#image_1788631525 {\n  width: 45%;\n}\n<\/style>\n\t<\/div>\n\t\n\n\n\t\t<\/div>\n\t\t\t\t\t<\/div>\n\n\t\n\n\t<div id=\"col-310586431\" class=\"col medium-8 small-12 large-8\"  >\n\t\t\t\t<div class=\"col-inner\"  >\n\t\t\t\n\t\t\t\n\n<p>Produkti ar vieglu atbalstu ir paredz\u0113ti ostomijas somas fiks\u0101cijai un vieglam atbalstam (bez tr\u016bces \u0101rst\u0113\u0161anas\/profilakses).<\/p>\n<ul>\n<li>Var n\u0113s\u0101t gan dien\u0101, gan nakt\u012b.<\/li>\n<li>Nodro\u0161ina diskr\u0113tumu, radot gludu izskatu un ir \u013coti noder\u012bgi, veicot ikdienas aktivit\u0101tes.<\/li>\n<li>M\u012bksts, elpojo\u0161s un elast\u012bgs materi\u0101ls optim\u0101lam komfortam.<\/li>\n<\/ul>\n\n\t\t<\/div>\n\t\t\t\t\t<\/div>\n\n\t\n\n<\/div>\n<div class=\"text-center\"><div class=\"is-divider divider clearfix\" style=\"background-color:rgb(255, 255, 255);\"><\/div><\/div>\n\n<div class=\"row\"  id=\"row-889483521\">\n\n\n\t<div id=\"col-1430817212\" class=\"col medium-4 small-12 large-4\"  >\n\t\t\t\t<div class=\"col-inner text-center\"  >\n\t\t\t\n\t\t\t\n\n<div class=\"is-divider divider clearfix\" style=\"margin-top:30px;margin-bottom:30px;background-color:rgb(255, 255, 255);\"><\/div>\n\n<h3>Vid\u0113js atbalsts<\/h3>\n\n\t<div class=\"img has-hover x md-x lg-x y md-y lg-y\" id=\"image_214025423\">\n\t\t\t\t\t\t\t\t<div class=\"img-inner dark\" >\n\t\t\t<img decoding=\"async\" width=\"399\" height=\"400\" src=\"https:\/\/meditex.ee\/wp-content\/uploads\/2018\/03\/Corsinel-compression-level-icon_MEDIUM-1-399x400.png\" class=\"attachment-medium size-medium\" alt=\"\" srcset=\"https:\/\/meditex.ee\/wp-content\/uploads\/2018\/03\/Corsinel-compression-level-icon_MEDIUM-1-399x400.png 399w, https:\/\/meditex.ee\/wp-content\/uploads\/2018\/03\/Corsinel-compression-level-icon_MEDIUM-1-100x100.png 100w, https:\/\/meditex.ee\/wp-content\/uploads\/2018\/03\/Corsinel-compression-level-icon_MEDIUM-1-280x280.png 280w, https:\/\/meditex.ee\/wp-content\/uploads\/2018\/03\/Corsinel-compression-level-icon_MEDIUM-1-300x300.png 300w, https:\/\/meditex.ee\/wp-content\/uploads\/2018\/03\/Corsinel-compression-level-icon_MEDIUM-1.png 419w\" sizes=\"(max-width: 399px) 100vw, 399px\" \/>\t\t\t\t\t\t\n\t\t\t\t\t<\/div>\n\t\t\t\t\t\t\t\t\n<style>\n#image_214025423 {\n  width: 45%;\n}\n<\/style>\n\t<\/div>\n\t\n\n\n\t\t<\/div>\n\t\t\t\t\t<\/div>\n\n\t\n\n\t<div id=\"col-1084842402\" class=\"col medium-8 small-12 large-8\"  >\n\t\t\t\t<div class=\"col-inner\"  >\n\t\t\t\n\t\t\t\n\n<p>Produkti ar m\u0113renu atbalstu ir paredz\u0113ti ostomijas somas papildu fiks\u0101cijai un atbalstam, k\u0101 ar\u012b tr\u016bces \u0101rst\u0113\u0161anai un profilaksei.<\/p>\n<ul>\n<li>Piem\u0113rots, ja lietot\u0101jam nepiecie\u0161ama diskr\u0113tums un papildu atbalsts ostomijas somai smagu fizisko aktivit\u0101\u0161u laik\u0101.<\/li>\n<li>Alternat\u012bva gan tr\u016bces \u0101rst\u0113\u0161anai, gan profilaksei, ja nav ieteicams augsts atbalsts vai ja nav pacie\u0161ams \u013coti augsts atbalsts.<\/li>\n<li>Var n\u0113s\u0101t gan dien\u0101, gan nakt\u012b.<\/li>\n<li>Izskat\u0101s k\u0101 parasta apak\u0161ve\u013ca, bet ar iestr\u0101d\u0101tu papildu atbalstu tr\u016bces\/stomas zon\u0101, lai nodro\u0161in\u0101tu diskr\u0113tumu, neierobe\u017eojot stomas pl\u016bsmu un neizraisot nopl\u016bdi.<\/li>\n<li>M\u012bksts, bez\u0161uvju, elpojo\u0161s un elast\u012bgs materi\u0101ls optim\u0101lam komfortam.<\/li>\n<\/ul>\n\n\t\t<\/div>\n\t\t\t\t\t<\/div>\n\n\t\n\n<\/div>\n<div class=\"text-center\"><div class=\"is-divider divider clearfix\" style=\"background-color:rgb(255, 255, 255);\"><\/div><\/div>\n\n<div class=\"row\"  id=\"row-2093562043\">\n\n\n\t<div id=\"col-685880105\" class=\"col medium-4 small-12 large-4\"  >\n\t\t\t\t<div class=\"col-inner text-center\"  >\n\t\t\t\n\t\t\t\n\n<h3>Maksim\u0101lais atbalsts<\/h3>\n\n\t<div class=\"img has-hover x md-x lg-x y md-y lg-y\" id=\"image_655890613\">\n\t\t\t\t\t\t\t\t<div class=\"img-inner dark\" >\n\t\t\t<img decoding=\"async\" width=\"399\" height=\"400\" src=\"https:\/\/meditex.ee\/wp-content\/uploads\/2018\/03\/Corsinel-compression-level-icon_MAXIMUM-399x400.png\" class=\"attachment-medium size-medium\" alt=\"\" srcset=\"https:\/\/meditex.ee\/wp-content\/uploads\/2018\/03\/Corsinel-compression-level-icon_MAXIMUM-399x400.png 399w, https:\/\/meditex.ee\/wp-content\/uploads\/2018\/03\/Corsinel-compression-level-icon_MAXIMUM-100x100.png 100w, https:\/\/meditex.ee\/wp-content\/uploads\/2018\/03\/Corsinel-compression-level-icon_MAXIMUM-280x280.png 280w, https:\/\/meditex.ee\/wp-content\/uploads\/2018\/03\/Corsinel-compression-level-icon_MAXIMUM-300x300.png 300w, https:\/\/meditex.ee\/wp-content\/uploads\/2018\/03\/Corsinel-compression-level-icon_MAXIMUM.png 419w\" sizes=\"(max-width: 399px) 100vw, 399px\" \/>\t\t\t\t\t\t\n\t\t\t\t\t<\/div>\n\t\t\t\t\t\t\t\t\n<style>\n#image_655890613 {\n  width: 45%;\n}\n<\/style>\n\t<\/div>\n\t\n\n\n\t\t<\/div>\n\t\t\t\t\t<\/div>\n\n\t\n\n\t<div id=\"col-1867337558\" class=\"col medium-8 small-12 large-8\"  >\n\t\t\t\t<div class=\"col-inner\"  >\n\t\t\t\n\t\t\t\n\n<p>Produkti ar augstu atbalstu ir paredz\u0113ti tr\u016bces \u0101rst\u0113\u0161anai un profilaksei, kad ir ieteicams vai v\u0113lams maksim\u0101ls atbalsts un kompresija.<\/p>\n<ul>\n<li>Parasti pirm\u0101 izv\u0113le tr\u016bces \u0101rst\u0113\u0161anai vai profilaksei, jo \u0161ie produkti sniedz lab\u0101ku atbalstu, neierobe\u017eojot stomas pl\u016bsmu vai neizraisot nopl\u016bdi. Ja lietot\u0101js nevar paciest maksim\u0101lu atbalstu, alternat\u012bvi var\u0113tu b\u016bt produkti ar m\u0113renu atbalstu.<\/li>\n<li>Var n\u0113s\u0101t visu dienu. Ar\u012b nakt\u012b, ja v\u0113laties.<\/li>\n<li>M\u012bksts, bez\u0161uvju, elpojo\u0161s un elast\u012bgs materi\u0101ls optim\u0101lam komfortam.<\/li>\n<\/ul>\n\n\t\t<\/div>\n\t\t\t\t\t<\/div>\n\n\t\n\n<\/div>\n<div class=\"text-center\"><div class=\"is-divider divider clearfix\" style=\"background-color:rgb(255, 255, 255);\"><\/div><\/div>\n\n<div class=\"row\"  id=\"row-801646120\">\n\n\n\t<div id=\"col-170707539\" class=\"col medium-4 small-12 large-4\"  >\n\t\t\t\t<div class=\"col-inner text-center\"  >\n\t\t\t\n\t\t\t\n\n\t<div class=\"img has-hover x md-x lg-x y md-y lg-y\" id=\"image_1845204925\">\n\t\t\t\t\t\t\t\t<div class=\"img-inner dark\" >\n\t\t\t<img decoding=\"async\" width=\"320\" height=\"167\" src=\"https:\/\/meditex.ee\/wp-content\/uploads\/2018\/03\/STA100_Label_RGB_EN_6234-7001.jpg\" class=\"attachment-medium size-medium\" alt=\"\" \/>\t\t\t\t\t\t\n\t\t\t\t\t<\/div>\n\t\t\t\t\t\t\t\t\n<style>\n#image_1845204925 {\n  width: 100%;\n}\n<\/style>\n\t<\/div>\n\t\n\n\n\t\t<\/div>\n\t\t\t\t\t<\/div>\n\n\t\n\n\t<div id=\"col-440932387\" class=\"col medium-8 small-12 large-8\"  >\n\t\t\t\t<div class=\"col-inner\"  >\n\t\t\t\n\t\t\t\n\n<div class=\"fusion-text\">\n<p><em>Tytex<\/em> ir <em>Oeko-Tex Standard 100<\/em> sertifik\u0101ts apliecina, ka visi m\u016bsu produkti nesatur kait\u012bgas vielas.<\/p>\n<p>Bez tam uz\u0146\u0113mumam ir \u0161\u0101di sertifik\u0101ti: <em>CE<\/em> (I klase), <em>ISO 9001, ISO 13485, ISO 14001, SEDEX, FDA<\/em> (ASV), <em>SFDA<\/em> (\u0136\u012bna), <em>PZN<\/em> (V\u0101cija), <em>Hilfsmittel<\/em> (V\u0101cija), <em>MiGel<\/em> (Austrija), <em>e-mediat<\/em> (\u0160veice).<\/p>\n<\/div>\n\n\t\t<\/div>\n\t\t\t\t\t<\/div>\n\n\t\n\n<\/div>\n<div class=\"text-center\"><div class=\"is-divider divider clearfix\" style=\"background-color:rgb(255, 255, 255);\"><\/div><\/div>\n\n<a href=\"https:\/\/meditex.ee\/lv\/veikals\/\" class=\"button primary is-bevel box-shadow-3 box-shadow-5-hover expand\" style=\"border-radius:8px;\">\n\t<i class=\"icon-shopping-cart\" aria-hidden=\"true\"><\/i>\t<span>Veikals<\/span>\n\t<\/a>\n\n\n\n","protected":false},"excerpt":{"rendered":"","protected":false},"author":1,"featured_media":0,"parent":0,"menu_order":0,"comment_status":"closed","ping_status":"closed","template":"","meta":{"footnotes":""},"class_list":["post-16475","page","type-page","status-publish","hentry"],"yoast_head":"<!-- This site is optimized with the Yoast SEO plugin v27.3 - https:\/\/yoast.com\/product\/yoast-seo-wordpress\/ -->\n<title>%Corsinel stoma un songa produkti%-% % .ee interneta veikals<\/title>\n<meta name=\"description\" content=\"Lai pal\u012bdz\u0113tu jums dz\u012bvot t\u0101, k\u0101 v\u0113laties, ir izstr\u0101d\u0101ti uzticami produkti stomas un strutu profilaksei un apr\u016bpei.\" \/>\n<meta name=\"robots\" content=\"index, follow, max-snippet:-1, max-image-preview:large, max-video-preview:-1\" \/>\n<link rel=\"canonical\" href=\"https:\/\/meditex.ee\/lv\/corsinel\/\" \/>\n<meta property=\"og:locale\" content=\"lv_LV\" \/>\n<meta property=\"og:type\" content=\"article\" \/>\n<meta property=\"og:title\" content=\"%Corsinel stoma un songa produkti%-% % .ee interneta veikals\" \/>\n<meta property=\"og:description\" content=\"Lai pal\u012bdz\u0113tu jums dz\u012bvot t\u0101, k\u0101 v\u0113laties, ir izstr\u0101d\u0101ti uzticami produkti stomas un strutu profilaksei un apr\u016bpei.\" \/>\n<meta property=\"og:url\" content=\"https:\/\/meditex.ee\/lv\/corsinel\/\" \/>\n<meta property=\"og:site_name\" content=\"Meditex\" \/>\n<meta property=\"article:publisher\" content=\"https:\/\/www.facebook.com\/meditexepood\/\" \/>\n<meta property=\"article:modified_time\" content=\"2023-08-01T11:41:40+00:00\" \/>\n<meta name=\"twitter:card\" content=\"summary_large_image\" \/>\n<meta name=\"twitter:label1\" content=\"Est. reading time\" \/>\n\t<meta name=\"twitter:data1\" content=\"4 minutes\" \/>\n<script type=\"application\/ld+json\" class=\"yoast-schema-graph\">{\"@context\":\"https:\\\/\\\/schema.org\",\"@graph\":[{\"@type\":\"WebPage\",\"@id\":\"https:\\\/\\\/meditex.ee\\\/lv\\\/corsinel\\\/\",\"url\":\"https:\\\/\\\/meditex.ee\\\/lv\\\/corsinel\\\/\",\"name\":\"%Corsinel stoma un songa produkti%-% % .ee interneta veikals\",\"isPartOf\":{\"@id\":\"https:\\\/\\\/meditex.ee\\\/en\\\/#website\"},\"datePublished\":\"2023-07-31T09:48:46+00:00\",\"dateModified\":\"2023-08-01T11:41:40+00:00\",\"description\":\"Lai pal\u012bdz\u0113tu jums dz\u012bvot t\u0101, k\u0101 v\u0113laties, ir izstr\u0101d\u0101ti uzticami produkti stomas un strutu profilaksei un apr\u016bpei.\",\"breadcrumb\":{\"@id\":\"https:\\\/\\\/meditex.ee\\\/lv\\\/corsinel\\\/#breadcrumb\"},\"inLanguage\":\"lv-LV\",\"potentialAction\":[{\"@type\":\"ReadAction\",\"target\":[\"https:\\\/\\\/meditex.ee\\\/lv\\\/corsinel\\\/\"]}]},{\"@type\":\"BreadcrumbList\",\"@id\":\"https:\\\/\\\/meditex.ee\\\/lv\\\/corsinel\\\/#breadcrumb\",\"itemListElement\":[{\"@type\":\"ListItem\",\"position\":1,\"name\":\"Home\",\"item\":\"https:\\\/\\\/meditex.ee\\\/lv\\\/\"},{\"@type\":\"ListItem\",\"position\":2,\"name\":\"Corsinel\"}]},{\"@type\":\"WebSite\",\"@id\":\"https:\\\/\\\/meditex.ee\\\/en\\\/#website\",\"url\":\"https:\\\/\\\/meditex.ee\\\/en\\\/\",\"name\":\"Meditex\",\"description\":\"\",\"publisher\":{\"@id\":\"https:\\\/\\\/meditex.ee\\\/en\\\/#organization\"},\"potentialAction\":[{\"@type\":\"SearchAction\",\"target\":{\"@type\":\"EntryPoint\",\"urlTemplate\":\"https:\\\/\\\/meditex.ee\\\/en\\\/?s={search_term_string}\"},\"query-input\":{\"@type\":\"PropertyValueSpecification\",\"valueRequired\":true,\"valueName\":\"search_term_string\"}}],\"inLanguage\":\"lv-LV\"},{\"@type\":\"Organization\",\"@id\":\"https:\\\/\\\/meditex.ee\\\/en\\\/#organization\",\"name\":\"Meditex\",\"url\":\"https:\\\/\\\/meditex.ee\\\/en\\\/\",\"logo\":{\"@type\":\"ImageObject\",\"inLanguage\":\"lv-LV\",\"@id\":\"https:\\\/\\\/meditex.ee\\\/en\\\/#\\\/schema\\\/logo\\\/image\\\/\",\"url\":\"https:\\\/\\\/meditex.ee\\\/wp-content\\\/uploads\\\/2018\\\/03\\\/mdtx_logo.png\",\"contentUrl\":\"https:\\\/\\\/meditex.ee\\\/wp-content\\\/uploads\\\/2018\\\/03\\\/mdtx_logo.png\",\"width\":669,\"height\":235,\"caption\":\"Meditex\"},\"image\":{\"@id\":\"https:\\\/\\\/meditex.ee\\\/en\\\/#\\\/schema\\\/logo\\\/image\\\/\"},\"sameAs\":[\"https:\\\/\\\/www.facebook.com\\\/meditexepood\\\/\"]}]}<\/script>\n<!-- \/ Yoast SEO plugin. -->","yoast_head_json":{"title":"%Corsinel stoma un songa produkti%-% % .ee interneta veikals","description":"Lai pal\u012bdz\u0113tu jums dz\u012bvot t\u0101, k\u0101 v\u0113laties, ir izstr\u0101d\u0101ti uzticami produkti stomas un strutu profilaksei un apr\u016bpei.","robots":{"index":"index","follow":"follow","max-snippet":"max-snippet:-1","max-image-preview":"max-image-preview:large","max-video-preview":"max-video-preview:-1"},"canonical":"https:\/\/meditex.ee\/lv\/corsinel\/","og_locale":"lv_LV","og_type":"article","og_title":"%Corsinel stoma un songa produkti%-% % .ee interneta veikals","og_description":"Lai pal\u012bdz\u0113tu jums dz\u012bvot t\u0101, k\u0101 v\u0113laties, ir izstr\u0101d\u0101ti uzticami produkti stomas un strutu profilaksei un apr\u016bpei.","og_url":"https:\/\/meditex.ee\/lv\/corsinel\/","og_site_name":"Meditex","article_publisher":"https:\/\/www.facebook.com\/meditexepood\/","article_modified_time":"2023-08-01T11:41:40+00:00","twitter_card":"summary_large_image","twitter_misc":{"Est. reading time":"4 minutes"},"schema":{"@context":"https:\/\/schema.org","@graph":[{"@type":"WebPage","@id":"https:\/\/meditex.ee\/lv\/corsinel\/","url":"https:\/\/meditex.ee\/lv\/corsinel\/","name":"%Corsinel stoma un songa produkti%-% % .ee interneta veikals","isPartOf":{"@id":"https:\/\/meditex.ee\/en\/#website"},"datePublished":"2023-07-31T09:48:46+00:00","dateModified":"2023-08-01T11:41:40+00:00","description":"Lai pal\u012bdz\u0113tu jums dz\u012bvot t\u0101, k\u0101 v\u0113laties, ir izstr\u0101d\u0101ti uzticami produkti stomas un strutu profilaksei un apr\u016bpei.","breadcrumb":{"@id":"https:\/\/meditex.ee\/lv\/corsinel\/#breadcrumb"},"inLanguage":"lv-LV","potentialAction":[{"@type":"ReadAction","target":["https:\/\/meditex.ee\/lv\/corsinel\/"]}]},{"@type":"BreadcrumbList","@id":"https:\/\/meditex.ee\/lv\/corsinel\/#breadcrumb","itemListElement":[{"@type":"ListItem","position":1,"name":"Home","item":"https:\/\/meditex.ee\/lv\/"},{"@type":"ListItem","position":2,"name":"Corsinel"}]},{"@type":"WebSite","@id":"https:\/\/meditex.ee\/en\/#website","url":"https:\/\/meditex.ee\/en\/","name":"Meditex","description":"","publisher":{"@id":"https:\/\/meditex.ee\/en\/#organization"},"potentialAction":[{"@type":"SearchAction","target":{"@type":"EntryPoint","urlTemplate":"https:\/\/meditex.ee\/en\/?s={search_term_string}"},"query-input":{"@type":"PropertyValueSpecification","valueRequired":true,"valueName":"search_term_string"}}],"inLanguage":"lv-LV"},{"@type":"Organization","@id":"https:\/\/meditex.ee\/en\/#organization","name":"Meditex","url":"https:\/\/meditex.ee\/en\/","logo":{"@type":"ImageObject","inLanguage":"lv-LV","@id":"https:\/\/meditex.ee\/en\/#\/schema\/logo\/image\/","url":"https:\/\/meditex.ee\/wp-content\/uploads\/2018\/03\/mdtx_logo.png","contentUrl":"https:\/\/meditex.ee\/wp-content\/uploads\/2018\/03\/mdtx_logo.png","width":669,"height":235,"caption":"Meditex"},"image":{"@id":"https:\/\/meditex.ee\/en\/#\/schema\/logo\/image\/"},"sameAs":["https:\/\/www.facebook.com\/meditexepood\/"]}]}},"_links":{"self":[{"href":"https:\/\/meditex.ee\/lv\/wp-json\/wp\/v2\/pages\/16475","targetHints":{"allow":["GET"]}}],"collection":[{"href":"https:\/\/meditex.ee\/lv\/wp-json\/wp\/v2\/pages"}],"about":[{"href":"https:\/\/meditex.ee\/lv\/wp-json\/wp\/v2\/types\/page"}],"author":[{"embeddable":true,"href":"https:\/\/meditex.ee\/lv\/wp-json\/wp\/v2\/users\/1"}],"replies":[{"embeddable":true,"href":"https:\/\/meditex.ee\/lv\/wp-json\/wp\/v2\/comments?post=16475"}],"version-history":[{"count":0,"href":"https:\/\/meditex.ee\/lv\/wp-json\/wp\/v2\/pages\/16475\/revisions"}],"wp:attachment":[{"href":"https:\/\/meditex.ee\/lv\/wp-json\/wp\/v2\/media?parent=16475"}],"curies":[{"name":"wp","href":"https:\/\/api.w.org\/{rel}","templated":true}]}}