{"id":16472,"date":"2023-07-31T09:48:45","date_gmt":"2023-07-31T09:48:45","guid":{"rendered":"https:\/\/meditex.ee\/atbalsta-zonas\/"},"modified":"2023-07-31T09:48:46","modified_gmt":"2023-07-31T09:48:46","slug":"atbalsta-zonas","status":"publish","type":"page","link":"https:\/\/meditex.ee\/lv\/atbalsta-zonas\/","title":{"rendered":"Atbalsta zonas"},"content":{"rendered":"\n\t<div class=\"img has-hover x md-x lg-x y md-y lg-y\" id=\"image_400521044\">\n\t\t\t\t\t\t\t\t<div class=\"img-inner dark\" >\n\t\t\t<img fetchpriority=\"high\" decoding=\"async\" width=\"1020\" height=\"250\" src=\"https:\/\/meditex.ee\/wp-content\/uploads\/2018\/03\/Carefix-Compression-Bra-2_banner-1400x343.jpg\" class=\"attachment-large size-large\" alt=\"\" srcset=\"https:\/\/meditex.ee\/wp-content\/uploads\/2018\/03\/Carefix-Compression-Bra-2_banner-1400x343.jpg 1400w, https:\/\/meditex.ee\/wp-content\/uploads\/2018\/03\/Carefix-Compression-Bra-2_banner-510x125.jpg 510w, https:\/\/meditex.ee\/wp-content\/uploads\/2018\/03\/Carefix-Compression-Bra-2_banner-800x196.jpg 800w, https:\/\/meditex.ee\/wp-content\/uploads\/2018\/03\/Carefix-Compression-Bra-2_banner-768x188.jpg 768w, https:\/\/meditex.ee\/wp-content\/uploads\/2018\/03\/Carefix-Compression-Bra-2_banner-600x147.jpg 600w, https:\/\/meditex.ee\/wp-content\/uploads\/2018\/03\/Carefix-Compression-Bra-2_banner.jpg 2000w\" sizes=\"(max-width: 1020px) 100vw, 1020px\" \/>\t\t\t\t\t\t\n\t\t\t\t\t<\/div>\n\t\t\t\t\t\t\t\t\n<style>\n#image_400521044 {\n  width: 100%;\n}\n<\/style>\n\t<\/div>\n\t\n\n<div class=\"is-divider divider clearfix\" style=\"background-color:rgb(255, 255, 255);\"><\/div>\n\n<h3 style=\"text-align: left;\"><strong><span style=\"font-size: 110%; color: #000080;\">Atbalsta zonu noz\u012bme p\u0113coper\u0101cijas kr\u016b\u0161turos<\/span><\/strong><\/h3>\n<div class=\"is-divider divider clearfix\" style=\"height:1px;background-color:rgb(255, 255, 255);\"><\/div>\n\n<p style=\"text-align: left;\"><strong><span style=\"font-size: 105%;\">Ir zin\u0101ms, ka m\u0113r\u0137tiec\u012bga br\u016bces un p\u0113coper\u0101cijas piet\u016bku\u0161o audu kompresija uzlabo p\u0113coper\u0101cijas dz\u012b\u0161anas procesu, samazina infekcijas risku un pal\u012bdz izveidot skaist\u0101ku r\u0113tu.<\/span><\/strong><\/p>\n<p style=\"text-align: left;\"><strong><span style=\"font-size: 105%;\">Tytex p\u0113coper\u0101cijas kr\u016b\u0161turi ir izstr\u0101d\u0101ti t\u0101, lai nodro\u0161in\u0101tu nepiecie\u0161amo kompresiju un atbalstu tie\u0161i tur, kur tas nepiecie\u0161ams. To pan\u0101k, izstr\u0101d\u0101jumos iestr\u0101d\u0101jot t\u0101 saukt\u0101s m\u0113r\u0137tiec\u012bg\u0101s kompresijas zonas.<\/span><\/strong><\/p>\n<p style=\"text-align: left;\"><span style=\"color: #282828;\">\u0160\u012bs zonas ir \u012bpa\u0161i izstr\u0101d\u0101tas katram produktam, pamatojoties uz medic\u012bnisk\u0101m indik\u0101cij\u0101m. Nodro\u0161inot m\u0113r\u0137tiec\u012bgu kompresiju un atbalstu, \u0161ie kr\u016b\u0161turi nostiprina un atbalsta kr\u016btis p\u0113c oper\u0101cijas. Turkl\u0101t tie ar\u012b rada optim\u0101lus apst\u0101k\u013cus br\u016b\u010du dz\u012b\u0161anai un s\u0101pju mazin\u0101\u0161anai, kas savuk\u0101rt palielina komfortu un \u0101tr\u0101ku atvese\u013co\u0161anos.<\/span><\/p>\n<p style=\"text-align: left;\"><span style=\"color: #282828;\">Pamatojoties uz m\u016bsu pieredzi un medic\u012bniskaj\u0101m zin\u0101\u0161an\u0101m \u0161aj\u0101 jom\u0101, m\u0113s prec\u012bzi zin\u0101m, kad nepiecie\u0161ama kompresija un atbalsts.<\/span><\/p>\n<p style=\"text-align: left;\"><span style=\"color: #282828;\">Turkl\u0101t kr\u016b\u0161turu s\u0101nos un aizmugur\u0113 ir kompresijas un atbalsta zonas, kas nodro\u0161ina atbalstu un uzlabo st\u0101ju, mazinot p\u0113coper\u0101cijas kakla, plecu un muguras s\u0101pes, nesamazinot kust\u012bgumu.<\/span><\/p>\n<p style=\"text-align: left;\"><span style=\"color: #282828;\">\u0160\u012b zin\u0101t\u012bba tiek izmantota katru reizi, kad tiek izstr\u0101d\u0101ts jauns kr\u016b\u0161turis.<\/span><\/p>\n<p style=\"text-align: left;\"><span style=\"font-size: large; color: #282828;\"><b>Carefix kr\u016b\u0161turi ir ar da\u017e\u0101du auduma strukt\u016bru.<\/b><\/span><\/p>\n<p style=\"text-align: left;\"><span style=\"color: #282828;\">Katram kr\u016b\u0161tur\u012btim ir piln\u012bgi unik\u0101la au\u0161anas strukt\u016bra. To ilustr\u0113\u0161anai tiek izmantotas da\u017e\u0101das kr\u0101sas. Kr\u0101sas ar skait\u013ciem no 1 l\u012bdz 6 nor\u0101da auduma elast\u012bbu, t. i., aust\u0101s strukt\u016bras sp\u0113ju saspiesties un atbalst\u012bt:<\/span><\/p>\n<ul style=\"text-align: left;\">\n<li>\n<p><span style=\"color: #282828;\">Jo maz\u0101ks skaitlis, jo maz\u0101k elast\u012bga ir pinuma strukt\u016bra. T\u0101 rezult\u0101t\u0101 kr\u016b\u0161tur\u012b\u0161a spiediena zonas ir stipras un stabilas, kad tas ir nepiecie\u0161ams. \u012as\u0101k sakot &#8211; sp\u0113c\u012bga pinuma strukt\u016bra ir kompresija.<\/span><\/p>\n<\/li>\n<li>\n<p><span style=\"color: #282828;\">Jo liel\u0101ks skaitlis, jo elast\u012bg\u0101ka ir auduma pinuma strukt\u016bra, kas \u013cauj audumam nodro\u0161in\u0101t nepiecie\u0161amo atbalstu un kust\u012bbu br\u012bv\u012bbu, t. i., va\u013c\u012bg\u0101ka pinuma strukt\u016bra nodro\u0161ina atbalstu un elast\u012bbu.<\/span><\/p>\n<\/li>\n<\/ul>\n<p style=\"text-align: left;\"><span style=\"color: #282828;\">Starp stingr\u0101m pinuma strukt\u016br\u0101m un br\u012bv\u0101m pinuma strukt\u016br\u0101m ir t\u0101 saukt\u0101s p\u0101rejas pinuma strukt\u016bras. Tie ir b\u016btiska ikviena kr\u016b\u0161tur\u012b\u0161a sast\u0101vda\u013ca, lai palielin\u0101tu komfortu un veidotu gludu \u0137erme\u0146a profilu.<\/span><\/p>\n<p style=\"text-align: left;\"><span style=\"color: #282828;\">Tehnolo\u0123iju un au\u0161anas strukt\u016bras ilustr\u0101cijas sauc par Tytex Zonetch.<\/span><span style=\"color: #333333;\">\n  <span style=\"font-family: Liberation Serif, serif;\">\n    <span style=\"font-size: medium;\">\u00ae.<\/span>\n  <\/span>\n<\/span><\/p>\n<p style=\"text-align: left;\"><span style=\"color: #282828;\">Da\u017e\u0101d\u0101s atbalsta zonas sauc ar\u012b par kompresijas un atbalsta zon\u0101m:<\/span><\/p>\n\t<div class=\"img has-hover x md-x lg-x y md-y lg-y\" id=\"image_1672126583\">\n\t\t\t\t\t\t\t\t<div class=\"img-inner dark\" >\n\t\t\t<img decoding=\"async\" width=\"1020\" height=\"328\" src=\"https:\/\/meditex.ee\/wp-content\/uploads\/2018\/03\/Compression-Support-Zones-Overview_est.png\" class=\"attachment-large size-large\" alt=\"\" srcset=\"https:\/\/meditex.ee\/wp-content\/uploads\/2018\/03\/Compression-Support-Zones-Overview_est.png 1247w, https:\/\/meditex.ee\/wp-content\/uploads\/2018\/03\/Compression-Support-Zones-Overview_est-510x164.png 510w, https:\/\/meditex.ee\/wp-content\/uploads\/2018\/03\/Compression-Support-Zones-Overview_est-800x257.png 800w, https:\/\/meditex.ee\/wp-content\/uploads\/2018\/03\/Compression-Support-Zones-Overview_est-768x247.png 768w, https:\/\/meditex.ee\/wp-content\/uploads\/2018\/03\/Compression-Support-Zones-Overview_est-600x193.png 600w\" sizes=\"(max-width: 1020px) 100vw, 1020px\" \/>\t\t\t\t\t\t\n\t\t\t\t\t<\/div>\n\t\t\t\t\t\t\t\t\n<style>\n#image_1672126583 {\n  width: 80%;\n}\n<\/style>\n\t<\/div>\n\t\n\n<p><span style=\"color: #282828;\">\u0145emiet v\u0113r\u0101, ka zonas kr\u0101sa uz viena kr\u016b\u0161tur\u012b\u0161a ne vienm\u0113r sakr\u012bt ar zonas kr\u0101su uz cita kr\u016b\u0161tur\u012b\u0161a, jo vienas un t\u0101s pa\u0161as kr\u0101sas zonas auduma strukt\u016bra da\u017e\u0101dos kr\u016b\u0161tur\u012b\u0161os var at\u0161\u0137irties.<\/span><\/p>\n<p><span style=\"color: #282828;\">Katram kr\u016b\u0161tur\u012btim ir savs ZoneTech<span style=\"font-family: Liberation Serif, serif;\">\n  <span style=\"font-size: medium;\">\u00ae <\/span>\n<\/span>z\u012bm\u0113jums un apraksts. Zem\u0101k ir redzams Marijas kr\u016b\u0161tur\u012b\u0161a z\u012bm\u0113juma piem\u0113rs. L\u012bdz\u012bga grafika ir pieejama katram atsevi\u0161\u0137am kr\u016b\u0161tur\u012btim.<\/span><\/p>\n\t<div class=\"img has-hover x md-x lg-x y md-y lg-y\" id=\"image_1039359396\">\n\t\t\t\t\t\t\t\t<div class=\"img-inner dark\" >\n\t\t\t<img decoding=\"async\" width=\"599\" height=\"800\" src=\"https:\/\/meditex.ee\/wp-content\/uploads\/2018\/03\/Mary_crop_est-599x800.png\" class=\"attachment-large size-large\" alt=\"\" srcset=\"https:\/\/meditex.ee\/wp-content\/uploads\/2018\/03\/Mary_crop_est-599x800.png 599w, https:\/\/meditex.ee\/wp-content\/uploads\/2018\/03\/Mary_crop_est-510x682.png 510w, https:\/\/meditex.ee\/wp-content\/uploads\/2018\/03\/Mary_crop_est-299x400.png 299w, https:\/\/meditex.ee\/wp-content\/uploads\/2018\/03\/Mary_crop_est-600x802.png 600w, https:\/\/meditex.ee\/wp-content\/uploads\/2018\/03\/Mary_crop_est.png 734w\" sizes=\"(max-width: 599px) 100vw, 599px\" \/>\t\t\t\t\t\t\n\t\t\t\t\t<\/div>\n\t\t\t\t\t\t\t\t\n<style>\n#image_1039359396 {\n  width: 80%;\n}\n<\/style>\n\t<\/div>\n\t\n\n<p style=\"text-align: left;\"><span style=\"font-size: 120%; color: #282828;\"><strong>P\u0101rbaud\u012bt\u0101 veiktsp\u0113ja.<\/strong><\/span><\/p>\n<p style=\"text-align: left;\"><span style=\"color: #282828;\">Da\u017e\u0101du kompresijas un atbalsta zonu pinuma strukt\u016bru vienm\u0113r nosaka \u0137irurgu un medm\u0101su v\u0113lmes un ieteikumi, k\u0101 ar\u012b zonas atra\u0161an\u0101s vieta un katras zonas lielums.<\/span><\/p>\n<p style=\"text-align: left;\"><span style=\"color: #282828;\">Visas Carefix kr\u016b\u0161turi kompresijas un atbalsta zonas ir p\u0101rbaud\u012btas ar pacientiem, kuri var lietot katru kr\u016b\u0161turi. Tas noz\u012bm\u0113, ka katrs kr\u016b\u0161turis ir p\u0101rbaud\u012bts, lai noteiktu indik\u0101cijas, medic\u012bniskos r\u0101d\u012bt\u0101jus un valk\u0101\u0161anas komfortu. Kopum\u0101 tas noz\u012bm\u0113, ka \u0161uves strukt\u016bra, visas kompresijas un atbalsta zonu atra\u0161an\u0101s vietas un to izm\u0113ri ir r\u016bp\u012bgi izv\u0113l\u0113ti, pamatojoties uz \u0137irurgu, medic\u012bnas m\u0101su un gala lietot\u0101ju ieteikumiem un v\u0113lm\u0113m.<\/span><\/p>\n<div class=\"row\"  id=\"row-391697744\">\n\n\n\t<div id=\"col-236572576\" class=\"col small-12 large-12\"  >\n\t\t\t\t<div class=\"col-inner\"  >\n\t\t\t\n\t\t\t\n\n<div class=\"is-divider divider clearfix\" style=\"height:1px;background-color:rgba(255, 255, 255, 0);\"><\/div>\n\n<p style=\"padding-left: 30px;\"><span style=\"color: #ffffff;\">Da\u017e\u0101du zonu kombin\u0101cija katr\u0101 kr\u016b\u0161turu model\u012b ir balst\u012bta uz lietot\u0101ju test\u0113\u0161anu (&#8220;izm\u0113\u0123in\u0101jumu un k\u013c\u016bdu&#8221; metode) un cie\u0161u sadarb\u012bbu ar medic\u012bnas speci\u0101listiem. Ir veiktas daudzas da\u017e\u0101das kombin\u0101cijas, lai nodro\u0161in\u0101tu, ka kr\u016b\u0161turis, kas tiks laists tirg\u016b, ir prec\u012bzi izstr\u0101d\u0101ts, augst\u0101k\u0101s kvalit\u0101tes produkts, kas ir gan medic\u012bniski funkcion\u0101ls, gan \u0113rts valk\u0101\u0161anai.<\/span><\/p>\n<div class=\"is-divider divider clearfix\" style=\"height:1px;background-color:rgba(255, 255, 255, 0);\"><\/div>\n\n\n\t\t<\/div>\n\t\t\t\t\t<\/div>\n\n\t\n\n\n<style>\n#row-391697744 > .col > .col-inner {\n  background-color: rgb(34, 25, 97);\n}\n<\/style>\n<\/div>\n<p style=\"text-align: left;\"><span style=\"color: #282828;\">Lielisks kompresijas un atbalsta zonu apvienojums, k\u0101 ar\u012b \u012bpa\u0161s pielietojums un medic\u012bnas speci\u0101listu un lietot\u0101ju ieteikumi padara katru kr\u016b\u0161turi unik\u0101lu.<\/span><\/p>\n<p style=\"text-align: left;\"><a href=\"https:\/\/tytex.com\/products\/post-surgery\/post-surgical-bras\/the-importance-of-compression-and-support-zones\"><span style=\"color: #000080;\">Avots.<\/span><\/a><\/p>\n<div class=\"social-icons share-icons share-row relative full-width text-right icon-style-fill\" ><a href=\"whatsapp:\/\/send?text=Atbalsta%20zonas - https:\/\/meditex.ee\/lv\/atbalsta-zonas\/\" data-action=\"share\/whatsapp\/share\" class=\"icon primary button circle tooltip whatsapp show-for-medium\" title=\"Share on WhatsApp\" aria-label=\"Share on WhatsApp\"><i class=\"icon-whatsapp\" aria-hidden=\"true\"><\/i><\/a><a href=\"https:\/\/www.facebook.com\/sharer.php?u=https:\/\/meditex.ee\/lv\/atbalsta-zonas\/\" data-label=\"Facebook\" onclick=\"window.open(this.href,this.title,'width=500,height=500,top=300px,left=300px'); return false;\" target=\"_blank\" class=\"icon primary button circle tooltip facebook\" title=\"Share on Facebook\" aria-label=\"Share on Facebook\" rel=\"noopener nofollow\"><i class=\"icon-facebook\" aria-hidden=\"true\"><\/i><\/a><a href=\"https:\/\/twitter.com\/share?url=https:\/\/meditex.ee\/lv\/atbalsta-zonas\/\" onclick=\"window.open(this.href,this.title,'width=500,height=500,top=300px,left=300px'); return false;\" target=\"_blank\" class=\"icon primary button circle tooltip twitter\" title=\"Share on Twitter\" aria-label=\"Share on Twitter\" rel=\"noopener nofollow\"><i class=\"icon-twitter\" aria-hidden=\"true\"><\/i><\/a><a href=\"mailto:?subject=Atbalsta%20zonas&body=Check%20this%20out%3A%20https%3A%2F%2Fmeditex.ee%2Flv%2Fatbalsta-zonas%2F\" class=\"icon primary button circle tooltip email\" title=\"Email to a Friend\" aria-label=\"Email to a Friend\" rel=\"nofollow\"><i class=\"icon-envelop\" aria-hidden=\"true\"><\/i><\/a><a href=\"https:\/\/pinterest.com\/pin\/create\/button?url=https:\/\/meditex.ee\/lv\/atbalsta-zonas\/&media&description=Atbalsta%20zonas\" onclick=\"window.open(this.href,this.title,'width=500,height=500,top=300px,left=300px'); return false;\" target=\"_blank\" class=\"icon primary button circle tooltip pinterest\" title=\"Pin on Pinterest\" aria-label=\"Pin on Pinterest\" rel=\"noopener nofollow\"><i class=\"icon-pinterest\" aria-hidden=\"true\"><\/i><\/a><a href=\"https:\/\/www.linkedin.com\/shareArticle?mini=true&url=https:\/\/meditex.ee\/lv\/atbalsta-zonas\/&title=Atbalsta%20zonas\" onclick=\"window.open(this.href,this.title,'width=500,height=500,top=300px,left=300px'); return false;\" target=\"_blank\" class=\"icon primary button circle tooltip linkedin\" title=\"Share on LinkedIn\" aria-label=\"Share on LinkedIn\" rel=\"noopener nofollow\"><i class=\"icon-linkedin\" aria-hidden=\"true\"><\/i><\/a><\/div>\n","protected":false},"excerpt":{"rendered":"<p>Atbalsta zonu noz\u012bme p\u0113coper\u0101cijas kr\u016b\u0161turos Ir zin\u0101ms, ka m\u0113r\u0137tiec\u012bga br\u016bces un p\u0113coper\u0101cijas piet\u016bku\u0161o audu kompresija uzlabo p\u0113coper\u0101cijas dz\u012b\u0161anas procesu, samazina infekcijas risku un pal\u012bdz izveidot skaist\u0101ku r\u0113tu. Tytex p\u0113coper\u0101cijas kr\u016b\u0161turi ir izstr\u0101d\u0101ti t\u0101, lai nodro\u0161in\u0101tu nepiecie\u0161amo kompresiju un atbalstu tie\u0161i tur, kur tas nepiecie\u0161ams. To pan\u0101k, izstr\u0101d\u0101jumos iestr\u0101d\u0101jot t\u0101 saukt\u0101s m\u0113r\u0137tiec\u012bg\u0101s kompresijas zonas. \u0160\u012bs zonas [&#8230;]\n","protected":false},"author":1,"featured_media":0,"parent":0,"menu_order":0,"comment_status":"closed","ping_status":"closed","template":"","meta":{"footnotes":""},"class_list":["post-16472","page","type-page","status-publish","hentry"],"yoast_head":"<!-- This site is optimized with the Yoast SEO plugin v27.4 - https:\/\/yoast.com\/product\/yoast-seo-wordpress\/ -->\n<title>Atbalsta zonas - Meditex<\/title>\n<meta name=\"robots\" content=\"index, follow, max-snippet:-1, max-image-preview:large, max-video-preview:-1\" \/>\n<link rel=\"canonical\" href=\"https:\/\/meditex.ee\/lv\/atbalsta-zonas\/\" \/>\n<meta property=\"og:locale\" content=\"lv_LV\" \/>\n<meta property=\"og:type\" content=\"article\" \/>\n<meta property=\"og:title\" content=\"P\u0113coper\u0101cijas kr\u016b\u0161turis atbalsta zonas un to noz\u012bme.\" \/>\n<meta property=\"og:description\" content=\"Carefix kr\u016b\u0161turi ir izstr\u0101d\u0101ti t\u0101, lai nodro\u0161in\u0101tu nepiecie\u0161amo kompresiju un atbalstu tie\u0161i tur, kur tas nepiecie\u0161ams.\" \/>\n<meta property=\"og:url\" content=\"https:\/\/meditex.ee\/lv\/atbalsta-zonas\/\" \/>\n<meta property=\"og:site_name\" content=\"Meditex\" \/>\n<meta property=\"article:publisher\" content=\"https:\/\/www.facebook.com\/meditexepood\/\" \/>\n<meta property=\"article:modified_time\" content=\"2023-07-31T09:48:46+00:00\" \/>\n<meta property=\"og:image\" content=\"https:\/\/meditex.ee\/wp-content\/uploads\/2020\/08\/Carefix-Compression-Bra-2_banner.jpg\" \/>\n<meta name=\"twitter:card\" content=\"summary_large_image\" \/>\n<meta name=\"twitter:label1\" content=\"Est. reading time\" \/>\n\t<meta name=\"twitter:data1\" content=\"4 minutes\" \/>\n<script type=\"application\/ld+json\" class=\"yoast-schema-graph\">{\"@context\":\"https:\\\/\\\/schema.org\",\"@graph\":[{\"@type\":\"WebPage\",\"@id\":\"https:\\\/\\\/meditex.ee\\\/lv\\\/atbalsta-zonas\\\/\",\"url\":\"https:\\\/\\\/meditex.ee\\\/lv\\\/atbalsta-zonas\\\/\",\"name\":\"Atbalsta zonas - Meditex\",\"isPartOf\":{\"@id\":\"https:\\\/\\\/meditex.ee\\\/en\\\/#website\"},\"datePublished\":\"2023-07-31T09:48:45+00:00\",\"dateModified\":\"2023-07-31T09:48:46+00:00\",\"breadcrumb\":{\"@id\":\"https:\\\/\\\/meditex.ee\\\/lv\\\/atbalsta-zonas\\\/#breadcrumb\"},\"inLanguage\":\"lv-LV\",\"potentialAction\":[{\"@type\":\"ReadAction\",\"target\":[\"https:\\\/\\\/meditex.ee\\\/lv\\\/atbalsta-zonas\\\/\"]}]},{\"@type\":\"BreadcrumbList\",\"@id\":\"https:\\\/\\\/meditex.ee\\\/lv\\\/atbalsta-zonas\\\/#breadcrumb\",\"itemListElement\":[{\"@type\":\"ListItem\",\"position\":1,\"name\":\"Home\",\"item\":\"https:\\\/\\\/meditex.ee\\\/lv\\\/\"},{\"@type\":\"ListItem\",\"position\":2,\"name\":\"Atbalsta zonas\"}]},{\"@type\":\"WebSite\",\"@id\":\"https:\\\/\\\/meditex.ee\\\/en\\\/#website\",\"url\":\"https:\\\/\\\/meditex.ee\\\/en\\\/\",\"name\":\"Meditex\",\"description\":\"\",\"publisher\":{\"@id\":\"https:\\\/\\\/meditex.ee\\\/en\\\/#organization\"},\"potentialAction\":[{\"@type\":\"SearchAction\",\"target\":{\"@type\":\"EntryPoint\",\"urlTemplate\":\"https:\\\/\\\/meditex.ee\\\/en\\\/?s={search_term_string}\"},\"query-input\":{\"@type\":\"PropertyValueSpecification\",\"valueRequired\":true,\"valueName\":\"search_term_string\"}}],\"inLanguage\":\"lv-LV\"},{\"@type\":\"Organization\",\"@id\":\"https:\\\/\\\/meditex.ee\\\/en\\\/#organization\",\"name\":\"Meditex\",\"url\":\"https:\\\/\\\/meditex.ee\\\/en\\\/\",\"logo\":{\"@type\":\"ImageObject\",\"inLanguage\":\"lv-LV\",\"@id\":\"https:\\\/\\\/meditex.ee\\\/en\\\/#\\\/schema\\\/logo\\\/image\\\/\",\"url\":\"https:\\\/\\\/meditex.ee\\\/wp-content\\\/uploads\\\/2018\\\/03\\\/mdtx_logo.png\",\"contentUrl\":\"https:\\\/\\\/meditex.ee\\\/wp-content\\\/uploads\\\/2018\\\/03\\\/mdtx_logo.png\",\"width\":669,\"height\":235,\"caption\":\"Meditex\"},\"image\":{\"@id\":\"https:\\\/\\\/meditex.ee\\\/en\\\/#\\\/schema\\\/logo\\\/image\\\/\"},\"sameAs\":[\"https:\\\/\\\/www.facebook.com\\\/meditexepood\\\/\"]}]}<\/script>\n<!-- \/ Yoast SEO plugin. -->","yoast_head_json":{"title":"Atbalsta zonas - Meditex","robots":{"index":"index","follow":"follow","max-snippet":"max-snippet:-1","max-image-preview":"max-image-preview:large","max-video-preview":"max-video-preview:-1"},"canonical":"https:\/\/meditex.ee\/lv\/atbalsta-zonas\/","og_locale":"lv_LV","og_type":"article","og_title":"P\u0113coper\u0101cijas kr\u016b\u0161turis atbalsta zonas un to noz\u012bme.","og_description":"Carefix kr\u016b\u0161turi ir izstr\u0101d\u0101ti t\u0101, lai nodro\u0161in\u0101tu nepiecie\u0161amo kompresiju un atbalstu tie\u0161i tur, kur tas nepiecie\u0161ams.","og_url":"https:\/\/meditex.ee\/lv\/atbalsta-zonas\/","og_site_name":"Meditex","article_publisher":"https:\/\/www.facebook.com\/meditexepood\/","article_modified_time":"2023-07-31T09:48:46+00:00","og_image":[{"url":"https:\/\/meditex.ee\/wp-content\/uploads\/2020\/08\/Carefix-Compression-Bra-2_banner.jpg","type":"","width":"","height":""}],"twitter_card":"summary_large_image","twitter_misc":{"Est. reading time":"4 minutes"},"schema":{"@context":"https:\/\/schema.org","@graph":[{"@type":"WebPage","@id":"https:\/\/meditex.ee\/lv\/atbalsta-zonas\/","url":"https:\/\/meditex.ee\/lv\/atbalsta-zonas\/","name":"Atbalsta zonas - Meditex","isPartOf":{"@id":"https:\/\/meditex.ee\/en\/#website"},"datePublished":"2023-07-31T09:48:45+00:00","dateModified":"2023-07-31T09:48:46+00:00","breadcrumb":{"@id":"https:\/\/meditex.ee\/lv\/atbalsta-zonas\/#breadcrumb"},"inLanguage":"lv-LV","potentialAction":[{"@type":"ReadAction","target":["https:\/\/meditex.ee\/lv\/atbalsta-zonas\/"]}]},{"@type":"BreadcrumbList","@id":"https:\/\/meditex.ee\/lv\/atbalsta-zonas\/#breadcrumb","itemListElement":[{"@type":"ListItem","position":1,"name":"Home","item":"https:\/\/meditex.ee\/lv\/"},{"@type":"ListItem","position":2,"name":"Atbalsta zonas"}]},{"@type":"WebSite","@id":"https:\/\/meditex.ee\/en\/#website","url":"https:\/\/meditex.ee\/en\/","name":"Meditex","description":"","publisher":{"@id":"https:\/\/meditex.ee\/en\/#organization"},"potentialAction":[{"@type":"SearchAction","target":{"@type":"EntryPoint","urlTemplate":"https:\/\/meditex.ee\/en\/?s={search_term_string}"},"query-input":{"@type":"PropertyValueSpecification","valueRequired":true,"valueName":"search_term_string"}}],"inLanguage":"lv-LV"},{"@type":"Organization","@id":"https:\/\/meditex.ee\/en\/#organization","name":"Meditex","url":"https:\/\/meditex.ee\/en\/","logo":{"@type":"ImageObject","inLanguage":"lv-LV","@id":"https:\/\/meditex.ee\/en\/#\/schema\/logo\/image\/","url":"https:\/\/meditex.ee\/wp-content\/uploads\/2018\/03\/mdtx_logo.png","contentUrl":"https:\/\/meditex.ee\/wp-content\/uploads\/2018\/03\/mdtx_logo.png","width":669,"height":235,"caption":"Meditex"},"image":{"@id":"https:\/\/meditex.ee\/en\/#\/schema\/logo\/image\/"},"sameAs":["https:\/\/www.facebook.com\/meditexepood\/"]}]}},"_links":{"self":[{"href":"https:\/\/meditex.ee\/lv\/wp-json\/wp\/v2\/pages\/16472","targetHints":{"allow":["GET"]}}],"collection":[{"href":"https:\/\/meditex.ee\/lv\/wp-json\/wp\/v2\/pages"}],"about":[{"href":"https:\/\/meditex.ee\/lv\/wp-json\/wp\/v2\/types\/page"}],"author":[{"embeddable":true,"href":"https:\/\/meditex.ee\/lv\/wp-json\/wp\/v2\/users\/1"}],"replies":[{"embeddable":true,"href":"https:\/\/meditex.ee\/lv\/wp-json\/wp\/v2\/comments?post=16472"}],"version-history":[{"count":0,"href":"https:\/\/meditex.ee\/lv\/wp-json\/wp\/v2\/pages\/16472\/revisions"}],"wp:attachment":[{"href":"https:\/\/meditex.ee\/lv\/wp-json\/wp\/v2\/media?parent=16472"}],"curies":[{"name":"wp","href":"https:\/\/api.w.org\/{rel}","templated":true}]}}