{"id":16451,"date":"2023-07-31T09:48:39","date_gmt":"2023-07-31T09:48:39","guid":{"rendered":"https:\/\/meditex.ee\/isavela\/"},"modified":"2023-08-01T11:03:24","modified_gmt":"2023-08-01T11:03:24","slug":"isavela","status":"publish","type":"page","link":"https:\/\/meditex.ee\/lv\/isavela\/","title":{"rendered":"Isavela"},"content":{"rendered":"\n<div class=\"row\"  id=\"row-478444326\">\n\n\n\t<div id=\"col-1653838772\" class=\"col medium-6 small-12 large-6\"  >\n\t\t\t\t<div class=\"col-inner\"  >\n\t\t\t\n\t\t\t\n\n<div class=\"is-divider divider clearfix\" style=\"background-color:rgb(255, 255, 255);\"><\/div>\n\n<h2><span style=\"color: #000080;\">KOMPRESIJAS AP\u0122\u0112RBS<\/span><\/h2>\n\n\n\t\t<\/div>\n\t\t\t\t\t<\/div>\n\n\t\n\n\t<div id=\"col-1319203853\" class=\"col medium-6 small-12 large-6\"  >\n\t\t\t\t<div class=\"col-inner text-right\"  >\n\t\t\t\n\t\t\t\n\n\t<div class=\"img has-hover x md-x lg-x y md-y lg-y\" id=\"image_293086961\">\n\t\t\t\t\t\t\t\t<div class=\"img-inner dark\" >\n\t\t\t<img decoding=\"async\" width=\"486\" height=\"199\" src=\"https:\/\/meditex.ee\/wp-content\/uploads\/2020\/10\/isavela_logo-1.png\" class=\"attachment-large size-large\" alt=\"\" \/>\t\t\t\t\t\t\n\t\t\t\t\t<\/div>\n\t\t\t\t\t\t\t\t\n<style>\n#image_293086961 {\n  width: 60%;\n}\n<\/style>\n\t<\/div>\n\t\n\n\n\t\t<\/div>\n\t\t\t\t\t<\/div>\n\n\t\n\n<\/div>\n<p style=\"text-align: left;\">Isavela Enterprises, Inc. tika dibin\u0101ta 2008.\u00a0gad\u0101, pateicoties piepras\u012bjumam p\u0113c augstas kvalit\u0101tes, ta\u010du pie\u0146emam\u0101m cen\u0101m kompresijas ap\u0123\u0113rbiem, kas izgatavoti no iztur\u012bga ASV auduma.<\/p>\n<div class=\"row\"  id=\"row-1771316449\">\n\n\n\t<div id=\"col-1806334356\" class=\"col medium-6 small-12 large-6\"  >\n\t\t\t\t<div class=\"col-inner\"  >\n\t\t\t\n\t\t\t\n\n<p style=\"text-align: left;\"><span style=\"color: #000000;\">Desmit veiksm\u012bgu gadu laik\u0101 Isavela ir k\u013cuvusi par pasaules vado\u0161o spiedien\u0123\u0113rbu ra\u017eot\u0101ju. Augsto tehnolo\u0123iju audums ir ra\u017eots Amerik\u0101. Uz\u0146\u0113muma izstr\u0101d\u0101tais Comprexxwear\u00ae audums ir ar atbilsto\u0161u kompresijas pak\u0101pi.<\/span><\/p>\n<p style=\"text-align: left;\"><span style=\"color: #000000;\">Isavela kompresijas ap\u0123\u0113rbi ir \u012bpa\u0161i izstr\u0101d\u0101ti un \u012bpa\u0161i veidoti ar kompresijas pane\u013ciem, lai pal\u012bdz\u0113tu samazin\u0101t asi\u0146o\u0161anu un piet\u016bkumu gan t\u016bl\u012bt p\u0113c \u0137irur\u0123iskas proced\u016bras, gan dz\u012b\u0161anas procesa laik\u0101.  <\/span><\/p>\n\n\t\t<\/div>\n\t\t\t\t\t<\/div>\n\n\t\n\n\t<div id=\"col-1221321153\" class=\"col medium-6 small-12 large-6\"  >\n\t\t\t\t<div class=\"col-inner text-center\"  >\n\t\t\t\n\t\t\t\n\n\t<div class=\"img has-hover x md-x lg-x y md-y lg-y\" id=\"image_1727657762\">\n\t\t\t\t\t\t\t\t<div class=\"img-inner dark\" >\n\t\t\t<img decoding=\"async\" width=\"640\" height=\"427\" src=\"https:\/\/meditex.ee\/wp-content\/uploads\/2018\/03\/isavela-compression-garments-manufacturing-technology-autonesting-setting-rules.jpg\" class=\"attachment-large size-large\" alt=\"\" srcset=\"https:\/\/meditex.ee\/wp-content\/uploads\/2018\/03\/isavela-compression-garments-manufacturing-technology-autonesting-setting-rules.jpg 640w, https:\/\/meditex.ee\/wp-content\/uploads\/2018\/03\/isavela-compression-garments-manufacturing-technology-autonesting-setting-rules-510x340.jpg 510w, https:\/\/meditex.ee\/wp-content\/uploads\/2018\/03\/isavela-compression-garments-manufacturing-technology-autonesting-setting-rules-600x400.jpg 600w\" sizes=\"(max-width: 640px) 100vw, 640px\" \/>\t\t\t\t\t\t\n\t\t\t\t\t<\/div>\n\t\t\t\t\t\t\t\t\n<style>\n#image_1727657762 {\n  width: 70%;\n}\n<\/style>\n\t<\/div>\n\t\n\n\n\t\t<\/div>\n\t\t\t\t\t<\/div>\n\n\t\n\n<\/div>\n<div class=\"row\"  id=\"row-695346917\">\n\n\n\t<div id=\"col-1404396514\" class=\"col medium-6 small-12 large-6\"  >\n\t\t\t\t<div class=\"col-inner text-center\"  >\n\t\t\t\n\t\t\t\n\n<div class=\"is-divider divider clearfix\" style=\"height:20px;background-color:rgb(255, 255, 255);\"><\/div>\n\n\t<div class=\"img has-hover x md-x lg-x y md-y lg-y\" id=\"image_226878118\">\n\t\t\t\t\t\t\t\t<div class=\"img-inner dark\" >\n\t\t\t<img decoding=\"async\" width=\"640\" height=\"427\" src=\"https:\/\/meditex.ee\/wp-content\/uploads\/2018\/03\/isavela-compression-garments-manufacturing-technology-cutter-automation-closeup.jpg\" class=\"attachment-large size-large\" alt=\"\" srcset=\"https:\/\/meditex.ee\/wp-content\/uploads\/2018\/03\/isavela-compression-garments-manufacturing-technology-cutter-automation-closeup.jpg 640w, https:\/\/meditex.ee\/wp-content\/uploads\/2018\/03\/isavela-compression-garments-manufacturing-technology-cutter-automation-closeup-510x340.jpg 510w, https:\/\/meditex.ee\/wp-content\/uploads\/2018\/03\/isavela-compression-garments-manufacturing-technology-cutter-automation-closeup-600x400.jpg 600w\" sizes=\"(max-width: 640px) 100vw, 640px\" \/>\t\t\t\t\t\t\n\t\t\t\t\t<\/div>\n\t\t\t\t\t\t\t\t\n<style>\n#image_226878118 {\n  width: 80%;\n}\n<\/style>\n\t<\/div>\n\t\n\n\n\t\t<\/div>\n\t\t\t\t\t<\/div>\n\n\t\n\n\t<div id=\"col-1575804076\" class=\"col medium-6 small-12 large-6\"  >\n\t\t\t\t<div class=\"col-inner\"  >\n\t\t\t\n\t\t\t\n\n<p style=\"text-align: left;\"><span style=\"color: #000000;\">Comprexxwear\u00ae surverie ir k\u0101 otra \u0101da, tikai lab\u0101ka, t\u0101p\u0113c to var \u0113rti valk\u0101t katru dienu vai l\u012bdz br\u012bdim, kad to iesaka \u0137irurgs. Isavela elpojo\u0161s un m\u012bksts s\u0113rfot\u0101ju ap\u0123\u0113rbs saglab\u0101 v\u0113sumu un sausumu. Turkl\u0101t t\u0101m ir pretsviedru apstr\u0101de, lai saglab\u0101tu svaigumu.<\/span><\/p>\n<p style=\"text-align: left;\"><span style=\"color: #000000;\">Isavela dr\u0113bes ir ide\u0101li piem\u0113rotas lieto\u0161anai:<\/span><\/p>\n<p style=\"text-align: left;\"><span style=\"color: #000000;\">-p\u0113c oper\u0101cijas<\/span><\/p>\n<p style=\"text-align: left;\"><span style=\"color: #000000;\">-gr\u016btniec\u012bbas laik\u0101<\/span><\/p>\n<p style=\"text-align: left;\"><span style=\"color: #000000;\">-p\u0113c dzemd\u012bb\u0101m<\/span><\/p>\n<p style=\"text-align: left;\"><span style=\"color: #000000;\">-k\u0101 kori\u0123\u0113jo\u0161ie audumi<\/span><\/p>\n<p style=\"text-align: left;\"><span style=\"color: #000000;\">-uz plastmasas pl\u016bksnu virspus\u0113<\/span><\/p>\n\n\t\t<\/div>\n\t\t\t\t\t<\/div>\n\n\t\n\n<\/div>\n<p style=\"text-align: left;\">Isavela ap\u0123\u0113rbs pied\u0101v\u0101 komfortu, pa\u0161p\u0101rliecin\u0101t\u012bbu un optim\u0101lus apst\u0101k\u013cus atvese\u013co\u0161an\u0101s period\u0101.<\/p>\n<div class=\"row\"  id=\"row-1896206764\">\n\n\n\t<div id=\"col-371154793\" class=\"col small-12 large-12\"  >\n\t\t\t\t<div class=\"col-inner\"  >\n\t\t\t\n\t\t\t\n\n\t<div class=\"img has-hover x md-x lg-x y md-y lg-y\" id=\"image_2727990\">\n\t\t\t\t\t\t\t\t<div class=\"img-inner dark\" >\n\t\t\t<img decoding=\"async\" width=\"683\" height=\"400\" src=\"https:\/\/meditex.ee\/wp-content\/uploads\/2020\/10\/isavela-683x400.png\" class=\"attachment-medium size-medium\" alt=\"\" srcset=\"https:\/\/meditex.ee\/wp-content\/uploads\/2020\/10\/isavela-683x400.png 683w, https:\/\/meditex.ee\/wp-content\/uploads\/2020\/10\/isavela-510x299.png 510w, https:\/\/meditex.ee\/wp-content\/uploads\/2020\/10\/isavela-768x450.png 768w, https:\/\/meditex.ee\/wp-content\/uploads\/2020\/10\/isavela-600x351.png 600w, https:\/\/meditex.ee\/wp-content\/uploads\/2020\/10\/isavela.png 1170w\" sizes=\"(max-width: 683px) 100vw, 683px\" \/>\t\t\t\t\t\t\n\t\t\t\t\t<\/div>\n\t\t\t\t\t\t\t\t\n<style>\n#image_2727990 {\n  width: 100%;\n}\n<\/style>\n\t<\/div>\n\t\n\n\n\t\t<\/div>\n\t\t\t\t\t<\/div>\n\n\t\n\n<\/div>\n<div class=\"text-center\"><div class=\"is-divider divider clearfix\" style=\"background-color:rgb(255, 255, 255);\"><\/div><\/div>\n\n<a href=\"http:\/\/meditex.ee\/shop\" class=\"button primary is-bevel box-shadow-3 box-shadow-5-hover expand\" style=\"border-radius:8px;\">\n\t<i class=\"icon-shopping-cart\" aria-hidden=\"true\"><\/i>\t<span>Veikals veikal\u0101<\/span>\n\t<\/a>\n\n\n\n","protected":false},"excerpt":{"rendered":"","protected":false},"author":1,"featured_media":0,"parent":0,"menu_order":0,"comment_status":"closed","ping_status":"closed","template":"","meta":{"footnotes":""},"class_list":["post-16451","page","type-page","status-publish","hentry"],"yoast_head":"<!-- This site is optimized with the Yoast SEO plugin v27.3 - https:\/\/yoast.com\/product\/yoast-seo-wordpress\/ -->\n<title>Isavela - Meditex<\/title>\n<meta name=\"robots\" content=\"index, follow, max-snippet:-1, max-image-preview:large, max-video-preview:-1\" \/>\n<link rel=\"canonical\" href=\"https:\/\/meditex.ee\/lv\/isavela\/\" \/>\n<meta property=\"og:locale\" content=\"lv_LV\" \/>\n<meta property=\"og:type\" content=\"article\" \/>\n<meta property=\"og:title\" content=\"Isavela - Meditex\" \/>\n<meta property=\"og:url\" content=\"https:\/\/meditex.ee\/lv\/isavela\/\" \/>\n<meta property=\"og:site_name\" content=\"Meditex\" \/>\n<meta property=\"article:publisher\" content=\"https:\/\/www.facebook.com\/meditexepood\/\" \/>\n<meta property=\"article:modified_time\" content=\"2023-08-01T11:03:24+00:00\" \/>\n<meta name=\"twitter:card\" content=\"summary_large_image\" \/>\n<meta name=\"twitter:label1\" content=\"Est. reading time\" \/>\n\t<meta name=\"twitter:data1\" content=\"2 minutes\" \/>\n<script type=\"application\/ld+json\" class=\"yoast-schema-graph\">{\"@context\":\"https:\\\/\\\/schema.org\",\"@graph\":[{\"@type\":\"WebPage\",\"@id\":\"https:\\\/\\\/meditex.ee\\\/lv\\\/isavela\\\/\",\"url\":\"https:\\\/\\\/meditex.ee\\\/lv\\\/isavela\\\/\",\"name\":\"Isavela - Meditex\",\"isPartOf\":{\"@id\":\"https:\\\/\\\/meditex.ee\\\/en\\\/#website\"},\"datePublished\":\"2023-07-31T09:48:39+00:00\",\"dateModified\":\"2023-08-01T11:03:24+00:00\",\"breadcrumb\":{\"@id\":\"https:\\\/\\\/meditex.ee\\\/lv\\\/isavela\\\/#breadcrumb\"},\"inLanguage\":\"lv-LV\",\"potentialAction\":[{\"@type\":\"ReadAction\",\"target\":[\"https:\\\/\\\/meditex.ee\\\/lv\\\/isavela\\\/\"]}]},{\"@type\":\"BreadcrumbList\",\"@id\":\"https:\\\/\\\/meditex.ee\\\/lv\\\/isavela\\\/#breadcrumb\",\"itemListElement\":[{\"@type\":\"ListItem\",\"position\":1,\"name\":\"Home\",\"item\":\"https:\\\/\\\/meditex.ee\\\/lv\\\/\"},{\"@type\":\"ListItem\",\"position\":2,\"name\":\"Isavela\"}]},{\"@type\":\"WebSite\",\"@id\":\"https:\\\/\\\/meditex.ee\\\/en\\\/#website\",\"url\":\"https:\\\/\\\/meditex.ee\\\/en\\\/\",\"name\":\"Meditex\",\"description\":\"\",\"publisher\":{\"@id\":\"https:\\\/\\\/meditex.ee\\\/en\\\/#organization\"},\"potentialAction\":[{\"@type\":\"SearchAction\",\"target\":{\"@type\":\"EntryPoint\",\"urlTemplate\":\"https:\\\/\\\/meditex.ee\\\/en\\\/?s={search_term_string}\"},\"query-input\":{\"@type\":\"PropertyValueSpecification\",\"valueRequired\":true,\"valueName\":\"search_term_string\"}}],\"inLanguage\":\"lv-LV\"},{\"@type\":\"Organization\",\"@id\":\"https:\\\/\\\/meditex.ee\\\/en\\\/#organization\",\"name\":\"Meditex\",\"url\":\"https:\\\/\\\/meditex.ee\\\/en\\\/\",\"logo\":{\"@type\":\"ImageObject\",\"inLanguage\":\"lv-LV\",\"@id\":\"https:\\\/\\\/meditex.ee\\\/en\\\/#\\\/schema\\\/logo\\\/image\\\/\",\"url\":\"https:\\\/\\\/meditex.ee\\\/wp-content\\\/uploads\\\/2018\\\/03\\\/mdtx_logo.png\",\"contentUrl\":\"https:\\\/\\\/meditex.ee\\\/wp-content\\\/uploads\\\/2018\\\/03\\\/mdtx_logo.png\",\"width\":669,\"height\":235,\"caption\":\"Meditex\"},\"image\":{\"@id\":\"https:\\\/\\\/meditex.ee\\\/en\\\/#\\\/schema\\\/logo\\\/image\\\/\"},\"sameAs\":[\"https:\\\/\\\/www.facebook.com\\\/meditexepood\\\/\"]}]}<\/script>\n<!-- \/ Yoast SEO plugin. -->","yoast_head_json":{"title":"Isavela - Meditex","robots":{"index":"index","follow":"follow","max-snippet":"max-snippet:-1","max-image-preview":"max-image-preview:large","max-video-preview":"max-video-preview:-1"},"canonical":"https:\/\/meditex.ee\/lv\/isavela\/","og_locale":"lv_LV","og_type":"article","og_title":"Isavela - Meditex","og_url":"https:\/\/meditex.ee\/lv\/isavela\/","og_site_name":"Meditex","article_publisher":"https:\/\/www.facebook.com\/meditexepood\/","article_modified_time":"2023-08-01T11:03:24+00:00","twitter_card":"summary_large_image","twitter_misc":{"Est. reading time":"2 minutes"},"schema":{"@context":"https:\/\/schema.org","@graph":[{"@type":"WebPage","@id":"https:\/\/meditex.ee\/lv\/isavela\/","url":"https:\/\/meditex.ee\/lv\/isavela\/","name":"Isavela - Meditex","isPartOf":{"@id":"https:\/\/meditex.ee\/en\/#website"},"datePublished":"2023-07-31T09:48:39+00:00","dateModified":"2023-08-01T11:03:24+00:00","breadcrumb":{"@id":"https:\/\/meditex.ee\/lv\/isavela\/#breadcrumb"},"inLanguage":"lv-LV","potentialAction":[{"@type":"ReadAction","target":["https:\/\/meditex.ee\/lv\/isavela\/"]}]},{"@type":"BreadcrumbList","@id":"https:\/\/meditex.ee\/lv\/isavela\/#breadcrumb","itemListElement":[{"@type":"ListItem","position":1,"name":"Home","item":"https:\/\/meditex.ee\/lv\/"},{"@type":"ListItem","position":2,"name":"Isavela"}]},{"@type":"WebSite","@id":"https:\/\/meditex.ee\/en\/#website","url":"https:\/\/meditex.ee\/en\/","name":"Meditex","description":"","publisher":{"@id":"https:\/\/meditex.ee\/en\/#organization"},"potentialAction":[{"@type":"SearchAction","target":{"@type":"EntryPoint","urlTemplate":"https:\/\/meditex.ee\/en\/?s={search_term_string}"},"query-input":{"@type":"PropertyValueSpecification","valueRequired":true,"valueName":"search_term_string"}}],"inLanguage":"lv-LV"},{"@type":"Organization","@id":"https:\/\/meditex.ee\/en\/#organization","name":"Meditex","url":"https:\/\/meditex.ee\/en\/","logo":{"@type":"ImageObject","inLanguage":"lv-LV","@id":"https:\/\/meditex.ee\/en\/#\/schema\/logo\/image\/","url":"https:\/\/meditex.ee\/wp-content\/uploads\/2018\/03\/mdtx_logo.png","contentUrl":"https:\/\/meditex.ee\/wp-content\/uploads\/2018\/03\/mdtx_logo.png","width":669,"height":235,"caption":"Meditex"},"image":{"@id":"https:\/\/meditex.ee\/en\/#\/schema\/logo\/image\/"},"sameAs":["https:\/\/www.facebook.com\/meditexepood\/"]}]}},"_links":{"self":[{"href":"https:\/\/meditex.ee\/lv\/wp-json\/wp\/v2\/pages\/16451","targetHints":{"allow":["GET"]}}],"collection":[{"href":"https:\/\/meditex.ee\/lv\/wp-json\/wp\/v2\/pages"}],"about":[{"href":"https:\/\/meditex.ee\/lv\/wp-json\/wp\/v2\/types\/page"}],"author":[{"embeddable":true,"href":"https:\/\/meditex.ee\/lv\/wp-json\/wp\/v2\/users\/1"}],"replies":[{"embeddable":true,"href":"https:\/\/meditex.ee\/lv\/wp-json\/wp\/v2\/comments?post=16451"}],"version-history":[{"count":0,"href":"https:\/\/meditex.ee\/lv\/wp-json\/wp\/v2\/pages\/16451\/revisions"}],"wp:attachment":[{"href":"https:\/\/meditex.ee\/lv\/wp-json\/wp\/v2\/media?parent=16451"}],"curies":[{"name":"wp","href":"https:\/\/api.w.org\/{rel}","templated":true}]}}