{"id":16428,"date":"2023-07-31T09:48:33","date_gmt":"2023-07-31T09:48:33","guid":{"rendered":"https:\/\/meditex.ee\/noteikumi-un-nosacijumi\/"},"modified":"2023-07-31T10:55:10","modified_gmt":"2023-07-31T10:55:10","slug":"noteikumi-un-nosacijumi","status":"publish","type":"page","link":"https:\/\/meditex.ee\/lv\/noteikumi-un-nosacijumi\/","title":{"rendered":"Noteikumi un nosac\u012bjumi"},"content":{"rendered":"\n<h4 style=\"text-align: left;\"><span style=\"color: #000000;\"><strong>VISP\u0100R\u012aGIE NOSAC\u012aJUMI<\/strong><\/span><\/h4>\n<p style=\"text-align: left;\"><span style=\"color: #000000;\">Interneta veikala meditex.ee (turpm\u0101k tekst\u0101 &#8211; Interneta veikals) \u012bpa\u0161nieks ir O\u00dc Scabo (re\u0123istr\u0101cijas kods 14316126), kura juridisk\u0101 adrese ir Nurme tn 5a, 75501, Saku, Harjumaa. E-pasts <a style=\"color: #000000;\" href=\"mailto:info@scabo.ee\">info@scabo.ee<\/a>, t\u0101lrunis +372 514 8131.<\/span><\/p>\n<p style=\"text-align: left;\"><span style=\"color: #000000;\"><strong>P\u0101rdo\u0161anas l\u012bguma sp\u0113k\u0101 esam\u012bba, komerci\u0101l\u0101 inform\u0101cija un inform\u0101cija par cenu  <\/strong><\/span><\/p>\n<p style=\"text-align: left;\"><span style=\"color: #000000;\">Pirk\u0161anas noteikumi un nosac\u012bjumi attiecas uz pre\u010du ieg\u0101di no Interneta veikala. Interneta veikal\u0101 p\u0101rdoto produktu cenas ir nor\u0101d\u012btas pie produktiem. Pieg\u0101des maksa tiek pieskait\u012bta cenai. Pieg\u0101des maksa ir atkar\u012bga no pirc\u0113ja atra\u0161an\u0101s vietas un pieg\u0101des veida. Pieg\u0101des maksa pirc\u0113jam tiks uzr\u0101d\u012bta, kad tiks sagatavota kv\u012bts. Inform\u0101cija par prec\u0113m ir sniegta tie\u0161saistes veikal\u0101 tie\u0161i pie prec\u0113m.<\/span><\/p>\n<p style=\"text-align: left;\"><span style=\"color: #000000;\"><strong>Pas\u016bt\u012bjuma iesnieg\u0161ana<\/strong><\/span><\/p>\n<p style=\"text-align: left;\"><span style=\"color: #000000;\">Lai veiktu pas\u016bt\u012bjumu, jums ir j\u0101pievieno v\u0113lamie produkti iepirkumu groz\u0101. Lai veiktu pas\u016bt\u012bjumu, ir j\u0101aizpilda nepiecie\u0161amie lauki un j\u0101izv\u0113las atbilsto\u0161ais pieg\u0101des veids. P\u0113c tam ekr\u0101n\u0101 tiks par\u0101d\u012bta maksas summa, kuru var samaks\u0101t ar bankas p\u0101rskait\u012bjumu vai citu maks\u0101jumu veidu. L\u012bgums st\u0101jas sp\u0113k\u0101 no dienas, kad internetveikala nor\u0113\u0137inu kont\u0101 ir sa\u0146emta pien\u0101ko\u0161\u0101 summa. Ja pas\u016bt\u012bt\u0101s preces nevar pieg\u0101d\u0101t pieg\u0101des termi\u0146a beig\u0101m vai k\u0101da cita iemesla d\u0113\u013c, pirc\u0113js tiks inform\u0113ts p\u0113c iesp\u0113jas \u0101tr\u0101k, un samaks\u0101t\u0101 nauda (ieskaitot pieg\u0101des izmaksas) tiks atmaks\u0101ta nekav\u0113joties, bet ne v\u0113l\u0101k k\u0101 14 dienu laik\u0101 p\u0113c pazi\u0146ojuma sa\u0146em\u0161anas.<\/span><\/p>\n<p style=\"text-align: left;\"><span style=\"color: #000000;\">Visas veikal\u0101 nor\u0101d\u012bt\u0101s cenas ir nor\u0101d\u012btas eiro (\u20ac) un ietver PVN.<\/span><\/p>\n<p style=\"text-align: left;\"><span style=\"color: #000000;\"><strong>Pieg\u0101de uz<\/strong><\/span><\/p>\n<p style=\"text-align: left;\"><span style=\"color: #000000;\">Preces tiek s\u016bt\u012btas uz Igauniju, Latviju, Lietuvu, Somiju. Pieg\u0101des izmaksas sedz pirc\u0113js, un atbilsto\u0161\u0101 inform\u0101cija par cenu tiek par\u0101d\u012bta kop\u0101 ar pieg\u0101des metodi. S\u016bt\u012bjumi Igaunijas teritorij\u0101 parasti ierodas pirc\u0113ja nor\u0101d\u012btaj\u0101 galam\u0113r\u0137\u012b 2-5 darba dienu laik\u0101 no p\u0101rdo\u0161anas l\u012bguma sp\u0113k\u0101 st\u0101\u0161an\u0101s dienas. \u0100rpus Igaunijas pieg\u0101de notiks 7 kalend\u0101ro dienu laik\u0101. Iz\u0146\u0113muma gad\u012bjumos jums ir ties\u012bbas sa\u0146emt preces pieg\u0101di 45 kalend\u0101ro dienu laik\u0101.<\/span><\/p>\n<p style=\"text-align: left;\"><span style=\"color: #000000;\"><strong>Atteikuma ties\u012bbas<\/strong><\/span><\/p>\n<p style=\"text-align: left;\"><span style=\"color: #000000;\">P\u0113c pas\u016bt\u012bjuma sa\u0146em\u0161anas pirc\u0113jam ir ties\u012bbas atteikties no e-l\u012bguma 14 dienu laik\u0101.<\/span><\/p>\n<p style=\"text-align: left;\"><span style=\"color: #000000;\">Atteikuma ties\u012bbas nav sp\u0113k\u0101, ja pirc\u0113js ir juridiska persona.<\/span><\/p>\n<p style=\"text-align: left;\"><span style=\"color: #000000;\">Lai izmantotu 14 dienu atteikuma ties\u012bbas, pas\u016bt\u012bt\u0101s preces nedr\u012bkst izmantot nek\u0101d\u0101 cit\u0101 veid\u0101, iz\u0146emot to, kas nepiecie\u0161ams, lai p\u0101rliecin\u0101tos par pre\u010du raksturu, \u012bpa\u0161\u012bb\u0101m un darb\u012bbu, t\u0101pat k\u0101 tas ir at\u013cauts, test\u0113jot preces fizisk\u0101 veikal\u0101.<\/span><\/p>\n<p style=\"text-align: left;\"><span style=\"color: #000000;\">Ja preces ir izmantotas citiem m\u0113r\u0137iem, kas nav nepiecie\u0161ami, lai p\u0101rliecin\u0101tos par pre\u010du raksturu, \u012bpa\u0161\u012bb\u0101m un darb\u012bbu, vai ja prec\u0113m ir lieto\u0161anas vai nolietojuma paz\u012bmes, Interneta veikalam ir ties\u012bbas samazin\u0101t atmaks\u0101jamo maksu atbilsto\u0161i pre\u010du v\u0113rt\u012bbas samazin\u0101jumam.<\/span><\/p>\n<p style=\"text-align: left;\"><span style=\"color: #000000;\">Lai atgrieztu preces, jums ir j\u0101iesniedz atteikuma veidlapa, kuras veidlapa ir atrodama vietn\u0113. <em><a style=\"color: #000000;\" href=\"https:\/\/www.riigiteataja.ee\/aktilisa\/1030\/1201\/4001\/JM_m41_lisa1.pdf\">\u0161eit<\/a> <\/em>un nos\u016bt\u012bt to uz <a style=\"color: #000000;\" href=\"mailto:info@meditex.ee\">info@meditex.ee<\/a> 14 dienu laik\u0101 p\u0113c pre\u010du sa\u0146em\u0161anas.<\/span><\/p>\n<p style=\"text-align: left;\"><span style=\"color: #000000;\">Pre\u010du atgrie\u0161anas izmaksas sedz pirc\u0113js, ja vien pre\u010du atgrie\u0161anas iemesls nav tas, ka t\u0101s neatbilst pas\u016bt\u012btaj\u0101m (piem\u0113ram, t\u0101s ir nepareizas vai boj\u0101tas).<\/span><\/p>\n<p style=\"text-align: left;\"><span style=\"color: #000000;\">Pirc\u0113jam preces ir j\u0101atdod atpaka\u013c 14 dienu laik\u0101 no pieteikuma datuma vai j\u0101iesniedz pier\u0101d\u012bjums, ka vi\u0146\u0161 \u0161aj\u0101 termi\u0146\u0101 t\u0101s ir nodevis p\u0101rvad\u0101t\u0101jam.<\/span><\/p>\n<p style=\"text-align: left;\"><span style=\"color: #000000;\">Sa\u0146emot atgriezt\u0101s preces, interneta veikals nekav\u0113joties, bet ne v\u0113l\u0101k k\u0101 14 dienu laik\u0101 p\u0113c atteikuma sa\u0146em\u0161anas, atmaks\u0101 pirc\u0113jam visus no pirc\u0113ja sa\u0146emtos maks\u0101jumus saska\u0146\u0101 ar l\u012bgumu.<\/span><\/p>\n<p style=\"text-align: left;\"><span style=\"color: #000000;\">Interneta veikals var atteikties atmaks\u0101t naudu, kam\u0113r tas nav sa\u0146\u0113mis preces, uz kur\u0101m attiecas l\u012bgums, vai kam\u0113r pirc\u0113js nav iesniedzis pier\u0101d\u012bjumus, ka vi\u0146\u0161 ir nos\u016bt\u012bjis preces atpaka\u013c, atkar\u012bb\u0101 no t\u0101, kas notiek agr\u0101k.<\/span><\/p>\n<p style=\"text-align: left;\"><span style=\"color: #000000;\">Ja pirc\u0113js ir nep\u0101rprotami izv\u0113l\u0113jies pieg\u0101des veidu, kas nav visl\u0113t\u0101kais pieg\u0101des veids, ko pied\u0101v\u0101 Interneta veikals, Interneta veikalam nav pien\u0101kuma atl\u012bdzin\u0101t pat\u0113r\u0113t\u0101jam izmaksas, kas p\u0101rsniedz parast\u0101 pieg\u0101des veida izmaksas.<\/span><\/p>\n<p style=\"text-align: left;\"><span style=\"color: #000000;\">Interneta veikalam ir ties\u012bbas atteikties no p\u0101rdo\u0161anas un piepras\u012bt no pirc\u0113ja atgriezt preces, ja k\u013c\u016bdas d\u0113\u013c pre\u010du cena interneta veikal\u0101 ir nor\u0101d\u012bta iev\u0113rojami zem\u0101ka par pre\u010du tirgus cenu.<\/span><\/p>\n<p style=\"text-align: left;\"><span style=\"color: #000000;\"><strong>Ties\u012bbas iesniegt s\u016bdz\u012bbu<\/strong><\/span><\/p>\n<p style=\"text-align: left;\"><span style=\"color: #000000;\">Interneta veikals ir atbild\u012bgs par pirc\u0113jam p\u0101rdoto pre\u010du neatbilst\u012bbu vai defektu, kas jau past\u0101v\u0113ja pieg\u0101des br\u012bd\u012b un kas izpaud\u012bsies ne v\u0113l\u0101k k\u0101 divu gadu laik\u0101 p\u0113c pre\u010du pieg\u0101des pirc\u0113jam. Pirmajos se\u0161os m\u0113ne\u0161os p\u0113c pre\u010du pieg\u0101des pirc\u0113jam tiek uzskat\u012bts, ka defekts ir past\u0101v\u0113jis pieg\u0101des br\u012bd\u012b. Interneta veikala pien\u0101kums ir atsp\u0113kot \u0161o pie\u0146\u0113mumu.<\/span><\/p>\n<p style=\"text-align: left;\"><span style=\"color: #000000;\">Defekta gad\u012bjum\u0101 pirc\u0113jam ir ties\u012bbas ne v\u0113l\u0101k k\u0101 divu m\u0113ne\u0161u laik\u0101 sazin\u0101ties ar interneta veikalu, nos\u016btot e-pastu uz <a style=\"color: #000000;\" href=\"mailto:info@meditex.ee\">info@meditex.ee<\/a> vai zvanot pa t\u0101lruni +372 514 8131.<\/span><\/p>\n<p style=\"text-align: left;\"><span style=\"color: #000000;\">Interneta veikals nav atbild\u012bgs par defektiem, kas radu\u0161ies p\u0113c pre\u010du pieg\u0101des pirc\u0113jam.<\/span><\/p>\n<p style=\"text-align: left;\"><span style=\"color: #000000;\">Ja no Interneta veikala ieg\u0101d\u0101taj\u0101m prec\u0113m ir defekts, par kuru ir atbild\u012bgs Interneta veikals, Interneta veikals labos vai nomain\u012bs boj\u0101t\u0101s preces. Ja preci nav iesp\u0113jams salabot vai aizst\u0101t, interneta veikals atmaks\u0101 pirc\u0113jam visas ar p\u0101rdo\u0161anas l\u012bgumu saist\u012bt\u0101s izmaksas.<\/span><\/p>\n<p style=\"text-align: left;\"><span style=\"color: #000000;\">Interneta veikals 15 dienu laik\u0101 atbild\u0113s uz pat\u0113r\u0113t\u0101ja s\u016bdz\u012bbu rakstiski vai t\u0101d\u0101 form\u0101t\u0101, ko var atveidot rakstiski.<\/span><\/p>\n<p style=\"text-align: left;\"><span style=\"color: #000000;\"><strong>Tie\u0161\u0101 tirgved\u012bba un personas datu apstr\u0101de<\/strong><\/span><\/p>\n<p style=\"text-align: left;\"><span style=\"color: #000000;\">Interneta veikals izmanto pirc\u0113ja ievad\u012btos personas datus (tostarp v\u0101rdu, uzv\u0101rdu, t\u0101lru\u0146a numuru, adresi, e-pasta adresi, bankas rekviz\u012btus) tikai pas\u016bt\u012bjuma apstr\u0101dei un pre\u010du nos\u016bt\u012b\u0161anai pirc\u0113jam. Interneta veikals p\u0101rs\u016bta personas datus transporta uz\u0146\u0113mumiem, lai pieg\u0101d\u0101tu preces.<\/span><\/p>\n<p style=\"text-align: left;\"><span style=\"color: #000000;\">Interneta veikals nos\u016bta jaunumus un pied\u0101v\u0101jumus uz pirc\u0113ja e-pasta adresi tikai tad, ja pirc\u0113js ir izteicis v\u0113lmi tos sa\u0146emt, ievadot savu e-pasta adresi t\u012bmek\u013ca vietn\u0113 un nor\u0101d\u012bjis savu v\u0113lmi sa\u0146emt tie\u0161\u0101 pasta pazi\u0146ojumus.<\/span><\/p>\n<p style=\"text-align: left;\"><span style=\"color: #000000;\">Pirc\u0113js jebkur\u0101 laik\u0101 var atteikties no pied\u0101v\u0101jumu un bi\u013cetenu sa\u0146em\u0161anas pa e-pastu, pazi\u0146ojot mums par to pa e-pastu vai izpildot nor\u0101d\u012bjumus e-past\u0101, kur\u0101 ir pied\u0101v\u0101jumi.<\/span><\/p>\n<p style=\"text-align: left;\"><span style=\"color: #000000;\"><strong>Str\u012bdu iz\u0161\u0137ir\u0161ana<\/strong><\/span><\/p>\n<p style=\"text-align: left;\"><span style=\"color: #000000;\">Ja pirc\u0113jam ir k\u0101das s\u016bdz\u012bbas par Interneta veikalu, t\u0101s j\u0101nos\u016bta pa e-pastu uz <a style=\"color: #000000;\" href=\"mailto:info@meditex.ee\">info@meditex.ee<\/a> vai pa t\u0101lruni +372 514 8131.<\/span><\/p>\n<p style=\"text-align: left;\"><span style=\"color: #000000;\">Ja pirc\u0113js un interneta veikals nesp\u0113j atrisin\u0101t str\u012bdu, vienojoties, pirc\u0113js var v\u0113rsties Pat\u0113r\u0113t\u0101ju str\u012bdu komisij\u0101. Iepaz\u012bties ar proced\u016bras nosac\u012bjumiem un iesniegt pieteikumu var. <a style=\"color: #000000;\" href=\"https:\/\/www.tarbijakaitseamet.ee\/et\/tarbijavaidluste-komisjon\">\n  <em>\u0161eit<\/em>\n<\/a>. Pat\u0113r\u0113t\u0101ju str\u012bdu komiteja ir kompetenta risin\u0101t str\u012bdus, kas izriet no l\u012bguma, kas nosl\u0113gts starp pirc\u0113ju un Interneta veikalu. Komisijai nav j\u0101maks\u0101 par pirc\u0113ja s\u016bdz\u012bbas izskat\u012b\u0161anu.<\/span><\/p>\n<p style=\"text-align: left;\"><span style=\"color: #000000;\">Pirc\u0113js var v\u0113rsties Eiropas Savien\u012bbas pat\u0113r\u0113t\u0101ju str\u012bdu iz\u0161\u0137ir\u0161anas platform\u0101. <a style=\"color: #000000;\" href=\"https:\/\/ec.europa.eu\/consumers\/odr\/main\/index.cfm?event=main.home.chooseLanguage\">\n  <em>\u0161eit.<\/em>\n<\/a><\/span><\/p>\n<p style=\"text-align: left;\" align=\"left\"> <\/p>\n","protected":false},"excerpt":{"rendered":"<p>VISP\u0100R\u012aGIE NOSAC\u012aJUMI Interneta veikala meditex.ee (turpm\u0101k tekst\u0101 &#8211; Interneta veikals) \u012bpa\u0161nieks ir O\u00dc Scabo (re\u0123istr\u0101cijas kods 14316126), kura juridisk\u0101 adrese ir Nurme tn 5a, 75501, Saku, Harjumaa. E-pasts info@scabo.ee, t\u0101lrunis +372 514 8131. P\u0101rdo\u0161anas l\u012bguma sp\u0113k\u0101 esam\u012bba, komerci\u0101l\u0101 inform\u0101cija un inform\u0101cija par cenu Pirk\u0161anas noteikumi un nosac\u012bjumi attiecas uz pre\u010du ieg\u0101di no Interneta veikala. Interneta [&#8230;]\n","protected":false},"author":1,"featured_media":0,"parent":0,"menu_order":0,"comment_status":"closed","ping_status":"closed","template":"","meta":{"footnotes":""},"class_list":["post-16428","page","type-page","status-publish","hentry"],"yoast_head":"<!-- This site is optimized with the Yoast SEO plugin v27.3 - https:\/\/yoast.com\/product\/yoast-seo-wordpress\/ -->\n<title>Noteikumi un nosac\u012bjumi - Meditex<\/title>\n<meta name=\"robots\" content=\"noindex, nofollow\" \/>\n<meta property=\"og:locale\" content=\"lv_LV\" \/>\n<meta property=\"og:type\" content=\"article\" \/>\n<meta property=\"og:title\" content=\"Noteikumi un nosac\u012bjumi - Meditex\" \/>\n<meta property=\"og:description\" content=\"VISP\u0100R\u012aGIE NOSAC\u012aJUMI Interneta veikala meditex.ee (turpm\u0101k tekst\u0101 &#8211; Interneta veikals) \u012bpa\u0161nieks ir O\u00dc Scabo (re\u0123istr\u0101cijas kods 14316126), kura juridisk\u0101 adrese ir Nurme tn 5a, 75501, Saku, Harjumaa. E-pasts info@scabo.ee, t\u0101lrunis +372 514 8131. P\u0101rdo\u0161anas l\u012bguma sp\u0113k\u0101 esam\u012bba, komerci\u0101l\u0101 inform\u0101cija un inform\u0101cija par cenu Pirk\u0161anas noteikumi un nosac\u012bjumi attiecas uz pre\u010du ieg\u0101di no Interneta veikala. Interneta [...]\" \/>\n<meta property=\"og:url\" content=\"https:\/\/meditex.ee\/lv\/noteikumi-un-nosacijumi\/\" \/>\n<meta property=\"og:site_name\" content=\"Meditex\" \/>\n<meta property=\"article:publisher\" content=\"https:\/\/www.facebook.com\/meditexepood\/\" \/>\n<meta property=\"article:modified_time\" content=\"2023-07-31T10:55:10+00:00\" \/>\n<meta name=\"twitter:card\" content=\"summary_large_image\" \/>\n<meta name=\"twitter:label1\" content=\"Est. reading time\" \/>\n\t<meta name=\"twitter:data1\" content=\"5 minutes\" \/>\n<script type=\"application\/ld+json\" class=\"yoast-schema-graph\">{\"@context\":\"https:\\\/\\\/schema.org\",\"@graph\":[{\"@type\":\"WebPage\",\"@id\":\"https:\\\/\\\/meditex.ee\\\/lv\\\/noteikumi-un-nosacijumi\\\/\",\"url\":\"https:\\\/\\\/meditex.ee\\\/lv\\\/noteikumi-un-nosacijumi\\\/\",\"name\":\"Noteikumi un nosac\u012bjumi - Meditex\",\"isPartOf\":{\"@id\":\"https:\\\/\\\/meditex.ee\\\/en\\\/#website\"},\"datePublished\":\"2023-07-31T09:48:33+00:00\",\"dateModified\":\"2023-07-31T10:55:10+00:00\",\"breadcrumb\":{\"@id\":\"https:\\\/\\\/meditex.ee\\\/lv\\\/noteikumi-un-nosacijumi\\\/#breadcrumb\"},\"inLanguage\":\"lv-LV\",\"potentialAction\":[{\"@type\":\"ReadAction\",\"target\":[\"https:\\\/\\\/meditex.ee\\\/lv\\\/noteikumi-un-nosacijumi\\\/\"]}]},{\"@type\":\"BreadcrumbList\",\"@id\":\"https:\\\/\\\/meditex.ee\\\/lv\\\/noteikumi-un-nosacijumi\\\/#breadcrumb\",\"itemListElement\":[{\"@type\":\"ListItem\",\"position\":1,\"name\":\"Home\",\"item\":\"https:\\\/\\\/meditex.ee\\\/lv\\\/\"},{\"@type\":\"ListItem\",\"position\":2,\"name\":\"Noteikumi un nosac\u012bjumi\"}]},{\"@type\":\"WebSite\",\"@id\":\"https:\\\/\\\/meditex.ee\\\/en\\\/#website\",\"url\":\"https:\\\/\\\/meditex.ee\\\/en\\\/\",\"name\":\"Meditex\",\"description\":\"\",\"publisher\":{\"@id\":\"https:\\\/\\\/meditex.ee\\\/en\\\/#organization\"},\"potentialAction\":[{\"@type\":\"SearchAction\",\"target\":{\"@type\":\"EntryPoint\",\"urlTemplate\":\"https:\\\/\\\/meditex.ee\\\/en\\\/?s={search_term_string}\"},\"query-input\":{\"@type\":\"PropertyValueSpecification\",\"valueRequired\":true,\"valueName\":\"search_term_string\"}}],\"inLanguage\":\"lv-LV\"},{\"@type\":\"Organization\",\"@id\":\"https:\\\/\\\/meditex.ee\\\/en\\\/#organization\",\"name\":\"Meditex\",\"url\":\"https:\\\/\\\/meditex.ee\\\/en\\\/\",\"logo\":{\"@type\":\"ImageObject\",\"inLanguage\":\"lv-LV\",\"@id\":\"https:\\\/\\\/meditex.ee\\\/en\\\/#\\\/schema\\\/logo\\\/image\\\/\",\"url\":\"https:\\\/\\\/meditex.ee\\\/wp-content\\\/uploads\\\/2018\\\/03\\\/mdtx_logo.png\",\"contentUrl\":\"https:\\\/\\\/meditex.ee\\\/wp-content\\\/uploads\\\/2018\\\/03\\\/mdtx_logo.png\",\"width\":669,\"height\":235,\"caption\":\"Meditex\"},\"image\":{\"@id\":\"https:\\\/\\\/meditex.ee\\\/en\\\/#\\\/schema\\\/logo\\\/image\\\/\"},\"sameAs\":[\"https:\\\/\\\/www.facebook.com\\\/meditexepood\\\/\"]}]}<\/script>\n<!-- \/ Yoast SEO plugin. -->","yoast_head_json":{"title":"Noteikumi un nosac\u012bjumi - Meditex","robots":{"index":"noindex","follow":"nofollow"},"og_locale":"lv_LV","og_type":"article","og_title":"Noteikumi un nosac\u012bjumi - Meditex","og_description":"VISP\u0100R\u012aGIE NOSAC\u012aJUMI Interneta veikala meditex.ee (turpm\u0101k tekst\u0101 &#8211; Interneta veikals) \u012bpa\u0161nieks ir O\u00dc Scabo (re\u0123istr\u0101cijas kods 14316126), kura juridisk\u0101 adrese ir Nurme tn 5a, 75501, Saku, Harjumaa. E-pasts info@scabo.ee, t\u0101lrunis +372 514 8131. P\u0101rdo\u0161anas l\u012bguma sp\u0113k\u0101 esam\u012bba, komerci\u0101l\u0101 inform\u0101cija un inform\u0101cija par cenu Pirk\u0161anas noteikumi un nosac\u012bjumi attiecas uz pre\u010du ieg\u0101di no Interneta veikala. Interneta [...]","og_url":"https:\/\/meditex.ee\/lv\/noteikumi-un-nosacijumi\/","og_site_name":"Meditex","article_publisher":"https:\/\/www.facebook.com\/meditexepood\/","article_modified_time":"2023-07-31T10:55:10+00:00","twitter_card":"summary_large_image","twitter_misc":{"Est. reading time":"5 minutes"},"schema":{"@context":"https:\/\/schema.org","@graph":[{"@type":"WebPage","@id":"https:\/\/meditex.ee\/lv\/noteikumi-un-nosacijumi\/","url":"https:\/\/meditex.ee\/lv\/noteikumi-un-nosacijumi\/","name":"Noteikumi un nosac\u012bjumi - Meditex","isPartOf":{"@id":"https:\/\/meditex.ee\/en\/#website"},"datePublished":"2023-07-31T09:48:33+00:00","dateModified":"2023-07-31T10:55:10+00:00","breadcrumb":{"@id":"https:\/\/meditex.ee\/lv\/noteikumi-un-nosacijumi\/#breadcrumb"},"inLanguage":"lv-LV","potentialAction":[{"@type":"ReadAction","target":["https:\/\/meditex.ee\/lv\/noteikumi-un-nosacijumi\/"]}]},{"@type":"BreadcrumbList","@id":"https:\/\/meditex.ee\/lv\/noteikumi-un-nosacijumi\/#breadcrumb","itemListElement":[{"@type":"ListItem","position":1,"name":"Home","item":"https:\/\/meditex.ee\/lv\/"},{"@type":"ListItem","position":2,"name":"Noteikumi un nosac\u012bjumi"}]},{"@type":"WebSite","@id":"https:\/\/meditex.ee\/en\/#website","url":"https:\/\/meditex.ee\/en\/","name":"Meditex","description":"","publisher":{"@id":"https:\/\/meditex.ee\/en\/#organization"},"potentialAction":[{"@type":"SearchAction","target":{"@type":"EntryPoint","urlTemplate":"https:\/\/meditex.ee\/en\/?s={search_term_string}"},"query-input":{"@type":"PropertyValueSpecification","valueRequired":true,"valueName":"search_term_string"}}],"inLanguage":"lv-LV"},{"@type":"Organization","@id":"https:\/\/meditex.ee\/en\/#organization","name":"Meditex","url":"https:\/\/meditex.ee\/en\/","logo":{"@type":"ImageObject","inLanguage":"lv-LV","@id":"https:\/\/meditex.ee\/en\/#\/schema\/logo\/image\/","url":"https:\/\/meditex.ee\/wp-content\/uploads\/2018\/03\/mdtx_logo.png","contentUrl":"https:\/\/meditex.ee\/wp-content\/uploads\/2018\/03\/mdtx_logo.png","width":669,"height":235,"caption":"Meditex"},"image":{"@id":"https:\/\/meditex.ee\/en\/#\/schema\/logo\/image\/"},"sameAs":["https:\/\/www.facebook.com\/meditexepood\/"]}]}},"_links":{"self":[{"href":"https:\/\/meditex.ee\/lv\/wp-json\/wp\/v2\/pages\/16428","targetHints":{"allow":["GET"]}}],"collection":[{"href":"https:\/\/meditex.ee\/lv\/wp-json\/wp\/v2\/pages"}],"about":[{"href":"https:\/\/meditex.ee\/lv\/wp-json\/wp\/v2\/types\/page"}],"author":[{"embeddable":true,"href":"https:\/\/meditex.ee\/lv\/wp-json\/wp\/v2\/users\/1"}],"replies":[{"embeddable":true,"href":"https:\/\/meditex.ee\/lv\/wp-json\/wp\/v2\/comments?post=16428"}],"version-history":[{"count":0,"href":"https:\/\/meditex.ee\/lv\/wp-json\/wp\/v2\/pages\/16428\/revisions"}],"wp:attachment":[{"href":"https:\/\/meditex.ee\/lv\/wp-json\/wp\/v2\/media?parent=16428"}],"curies":[{"name":"wp","href":"https:\/\/api.w.org\/{rel}","templated":true}]}}