{"id":16406,"date":"2023-07-31T09:48:26","date_gmt":"2023-07-31T09:48:26","guid":{"rendered":"https:\/\/meditex.ee\/4-virzienu\/"},"modified":"2023-07-31T09:48:27","modified_gmt":"2023-07-31T09:48:27","slug":"4-virzienu","status":"publish","type":"page","link":"https:\/\/meditex.ee\/lv\/4-virzienu\/","title":{"rendered":"4 virzienu"},"content":{"rendered":"\n<div class=\"text-center\"><div class=\"is-divider divider clearfix\" style=\"max-width:1100px;height:1px;\"><\/div><\/div>\n\n<div class=\"row\"  id=\"row-975941278\">\n\n\n\t<div id=\"col-1388260592\" class=\"col medium-4 small-12 large-4\"  >\n\t\t\t\t<div class=\"col-inner\"  >\n\t\t\t\n\t\t\t\n\n\n\t\t<\/div>\n\t\t\t\t\t<\/div>\n\n\t\n\n\t<div id=\"col-2119383863\" class=\"col medium-4 small-12 large-4\"  >\n\t\t\t\t<div class=\"col-inner\"  >\n\t\t\t\n\t\t\t\n\n\n\t\t<\/div>\n\t\t\t\t\t<\/div>\n\n\t\n\n\t<div id=\"col-1841205282\" class=\"col medium-4 small-12 large-4\"  >\n\t\t\t\t<div class=\"col-inner text-right\"  >\n\t\t\t\n\t\t\t\n\n\t<div class=\"img has-hover x md-x lg-x y md-y lg-y\" id=\"image_1837403717\">\n\t\t\t\t\t\t\t\t<div class=\"img-inner dark\" >\n\t\t\t<img fetchpriority=\"high\" decoding=\"async\" width=\"1020\" height=\"315\" src=\"https:\/\/meditex.ee\/wp-content\/uploads\/2018\/03\/CAREFIX_PAYOFF_4F-1400x433.png\" class=\"attachment-large size-large\" alt=\"\" srcset=\"https:\/\/meditex.ee\/wp-content\/uploads\/2018\/03\/CAREFIX_PAYOFF_4F-1400x433.png 1400w, https:\/\/meditex.ee\/wp-content\/uploads\/2018\/03\/CAREFIX_PAYOFF_4F-510x158.png 510w, https:\/\/meditex.ee\/wp-content\/uploads\/2018\/03\/CAREFIX_PAYOFF_4F-800x248.png 800w, https:\/\/meditex.ee\/wp-content\/uploads\/2018\/03\/CAREFIX_PAYOFF_4F-768x238.png 768w, https:\/\/meditex.ee\/wp-content\/uploads\/2018\/03\/CAREFIX_PAYOFF_4F-600x186.png 600w, https:\/\/meditex.ee\/wp-content\/uploads\/2018\/03\/CAREFIX_PAYOFF_4F.png 2038w\" sizes=\"(max-width: 1020px) 100vw, 1020px\" \/>\t\t\t\t\t\t\n\t\t\t\t\t<\/div>\n\t\t\t\t\t\t\t\t\n<style>\n#image_1837403717 {\n  width: 80%;\n}\n<\/style>\n\t<\/div>\n\t\n\n\n\t\t<\/div>\n\t\t\t\t\t<\/div>\n\n\t\n\n<\/div>\n<div class=\"is-divider divider clearfix\" style=\"background-color:rgb(255, 255, 255);\"><\/div>\n\n<h3 style=\"text-align: left;\"><strong>\n  <span style=\"color: #000080;\">K\u0101p\u0113c grozs stiepjas \u010detros virzienos <\/span>\n<\/strong><strong>\n  <span style=\"color: #000080;\">uz p\u0113coper\u0101cijas kr\u016b\u0161turis <\/span>\n<\/strong><strong>\n  <span style=\"color: #000080;\">lab\u0101k nek\u0101 iepriek\u0161 veidots grozs?<\/span>\n<\/strong><\/h3>\n<div class=\"is-divider divider clearfix\" style=\"background-color:rgb(255, 255, 255);\"><\/div>\n\n<div class=\"row\"  id=\"row-820751562\">\n\n\n\t<div id=\"col-1804359195\" class=\"col medium-6 small-12 large-6\"  >\n\t\t\t\t<div class=\"col-inner\"  >\n\t\t\t\n\t\t\t\n\n<div class=\"is-divider divider clearfix\" style=\"margin-top:25px;margin-bottom:25px;background-color:rgb(255, 255, 255);\"><\/div>\n\n<p style=\"text-align: left;\"><span style=\"font-size: 105%;\"><strong><span style=\"color: #000000;\">Bie\u017ei rodas jaut\u0101jums, k\u0101p\u0113c p\u0113coper\u0101cijas kr\u016b\u0161turis, kas izgatavots no \u010detrvirzienu elast\u012bga materi\u0101la, ir lab\u0101ks nek\u0101 iepriek\u0161 veidots grozu kr\u016b\u0161turis.<\/span><\/strong><\/span><\/p>\n<p style=\"text-align: left;\"><span style=\"font-size: 105%;\"><strong><span style=\"color: #000000;\">Probl\u0113ma rodas t\u0101p\u0113c, ka tiek uzskat\u012bts, ka iepriek\u0161 veidota kr\u016b\u0161tase ir \u012bpa\u0161i veidota kr\u016btij, kas atvese\u013cojas p\u0113c oper\u0101cijas, un t\u0101p\u0113c tai vajadz\u0113tu b\u016bt \u0113rt\u0101kai un nodro\u0161in\u0101t lab\u0101ku atbalstu nek\u0101 kr\u016b\u0161tasei, kas cie\u0161i piegu\u013c kr\u016btij un spie\u017e uz to.<\/span><\/strong><\/span><\/p>\n<p style=\"text-align: left;\"><span style=\"font-size: 105%;\"><strong><span style=\"color: #000000;\">Tas nav taisn\u012bba vair\u0101ku iemeslu d\u0113\u013c.<\/span><\/strong><\/span><\/p>\n\n\t\t<\/div>\n\t\t\t\t\t<\/div>\n\n\t\n\n\t<div id=\"col-784539158\" class=\"col medium-6 small-12 large-6\"  >\n\t\t\t\t<div class=\"col-inner text-center\"  >\n\t\t\t\n\t\t\t\n\n<div class=\"is-divider divider clearfix\" style=\"height:1px;background-color:rgb(255, 255, 255);\"><\/div>\n\n\t<div class=\"img has-hover x md-x lg-x y md-y lg-y\" id=\"image_1109393967\">\n\t\t\t\t\t\t\t\t<div class=\"img-inner dark\" >\n\t\t\t<img decoding=\"async\" width=\"420\" height=\"400\" src=\"https:\/\/meditex.ee\/wp-content\/uploads\/2018\/03\/ZoneTech-bra-4-way-stretch_150dpi_3-420x400.png\" class=\"attachment-medium size-medium\" alt=\"\" \/>\t\t\t\t\t\t\n\t\t\t\t\t<\/div>\n\t\t\t\t\t\t\t\t\n<style>\n#image_1109393967 {\n  width: 60%;\n}\n<\/style>\n\t<\/div>\n\t\n\n\n\t\t<\/div>\n\t\t\t\t\t<\/div>\n\n\t\n\n<\/div>\n<div class=\"text-center\"><div class=\"is-divider divider clearfix\" style=\"max-width:1100px;height:1px;\"><\/div><\/div>\n\n<div class=\"row\"  id=\"row-2138450586\">\n\n\n\t<div id=\"col-337203312\" class=\"col medium-6 small-12 large-6\"  >\n\t\t\t\t<div class=\"col-inner text-center\"  >\n\t\t\t\n\t\t\t\n\n<div class=\"is-divider divider clearfix\" style=\"margin-top:40px;margin-bottom:40px;background-color:rgb(255, 255, 255);\"><\/div>\n\n\t<div class=\"img has-hover x md-x lg-x y md-y lg-y\" id=\"image_1216648547\">\n\t\t\t\t\t\t\t\t<div class=\"img-inner dark\" >\n\t\t\t<img decoding=\"async\" width=\"346\" height=\"400\" src=\"https:\/\/meditex.ee\/wp-content\/uploads\/2018\/03\/Carefix-bra_expandability_cropped-346x400.png\" class=\"attachment-medium size-medium\" alt=\"\" srcset=\"https:\/\/meditex.ee\/wp-content\/uploads\/2018\/03\/Carefix-bra_expandability_cropped-346x400.png 346w, https:\/\/meditex.ee\/wp-content\/uploads\/2018\/03\/Carefix-bra_expandability_cropped.png 457w\" sizes=\"(max-width: 346px) 100vw, 346px\" \/>\t\t\t\t\t\t\n\t\t\t\t\t<\/div>\n\t\t\t\t\t\t\t\t\n<style>\n#image_1216648547 {\n  width: 55%;\n}\n<\/style>\n\t<\/div>\n\t\n\n\n\t\t<\/div>\n\t\t\t\t\t<\/div>\n\n\t\n\n\t<div id=\"col-1168721300\" class=\"col medium-6 small-12 large-6\"  >\n\t\t\t\t<div class=\"col-inner\"  >\n\t\t\t\n\t\t\t\n\n<h3 style=\"text-align: left;\"><span style=\"color: #000000;\">P\u0113coper\u0101cijas piet\u016bkums ir m\u0113r\u0137tiec\u012bgs<\/span><\/h3>\n<p style=\"text-align: left;\"><span style=\"color: #000000;\">Lai sasniegtu lab\u0101ko \u0137irur\u0123isko rezult\u0101tu, samazin\u0101tu infekcijas risku un veicin\u0101tu dz\u012b\u0161anas procesu, ir nepiecie\u0161ama atbilsto\u0161a kompresija. e. spiediena l\u012bmenis &#8211; ne p\u0101r\u0101k augsts, ne p\u0101r\u0101k zems. P\u0113coper\u0101cijas kr\u016b\u0161turi, kas izgatavoti no \u010detrvirzienu elast\u012bga materi\u0101la, nodro\u0161ina pietiekamu atbalstu un kompresiju, lai samazin\u0101tu p\u0113coper\u0101cijas piet\u016bkumu un asins un \u0161\u0137idruma uzkr\u0101\u0161anos. Tas ir t\u0101p\u0113c, ka materi\u0101ls, kas stiepjas \u010detros virzienos, izple\u0161as un saraujas l\u012bdz ar kr\u016bti. Ja p\u0113coper\u0101cijas zona ir piet\u016bku\u0161as, kr\u016b\u0161turis palielin\u0101sies l\u012bdz ar to. Kad piet\u016bkums mazin\u0101s, materi\u0101ls saraujas, nodro\u0161inot, ka kr\u016b\u0161u grozs optim\u0101li atbilst kr\u016bts izm\u0113ram vis\u0101 atvese\u013co\u0161an\u0101s period\u0101.<\/span><\/p>\n<p><span style=\"color: #000000;\">T\u0101d\u0113j\u0101di kompresijas l\u012bmenis paliek nemain\u012bgs, kas nav iesp\u0113jams iepriek\u0161 veidota v\u0101ci\u0146a gad\u012bjum\u0101, kad materi\u0101ls ir pl\u0101n\u0101ks un caursp\u012bd\u012bg\u0101ks stiep\u0161anas un kars\u0113\u0161anas d\u0113\u013c, kas nepiecie\u0161ama, lai izveidotu formu. Uzkars\u0113jot un stiepjot, tiek boj\u0101ta materi\u0101la tekst\u016bra un samazin\u0101ta t\u0101 sp\u0113ja izstiepties un sarauties. Tas noz\u012bm\u0113, ka materi\u0101ls nepie\u013cauj p\u0113coper\u0101cijas piet\u016bkumu un t\u0101 samazin\u0101\u0161anos t\u0101, k\u0101 tas notiek ar \u010detrvirzienu stiepes materi\u0101lu.<\/span><\/p>\n\n\t\t<\/div>\n\t\t\t\t\t<\/div>\n\n\t\n\n<\/div>\n<h3 style=\"text-align: left;\"><strong><span style=\"color: #000000;\">Atvese\u013co\u0161an\u0101s period\u0101 ir svar\u012bgs p\u0113coper\u0101cijas komforts.<\/span><\/strong><\/h3>\n<p style=\"text-align: left;\"><span style=\"color: #000000;\">\u010cetrvirzienu elast\u012bg\u0101 materi\u0101la sp\u0113ja izplesties un sarauties ir \u012bpa\u0161i svar\u012bga pacienta labsaj\u016btai un komfortam, jo tas nodro\u0161ina lab\u0101ku kr\u016b\u0161u atbalstu vis\u0101 atvese\u013co\u0161an\u0101s period\u0101. Optim\u0101ls atbalsts ir b\u016btisks efekt\u012bvai atvese\u013co\u0161anai, jo tas mazina s\u0101pes, diskomfortu un uzlabo mobilit\u0101ti. Ja kr\u016b\u0161turis labi piegu\u013c un ir \u0113rts valk\u0101\u0161an\u0101, tas, visticam\u0101k, tiks valk\u0101ts ilg\u0101ku laiku un atbilsto\u0161i ieteikumiem.<\/span><\/p>\n<p style=\"text-align: left;\"><span style=\"color: #000000;\">Iepriek\u0161 sagatavotu b\u016bru gad\u012bjum\u0101 form\u0113\u0161anas proces\u0101 tiek zaud\u0113ts materi\u0101la atbalsts un elast\u012bba.<\/span><\/p>\n<div class=\"row\"  id=\"row-166296502\">\n\n\n\t<div id=\"col-3569785\" class=\"col medium-7 small-12 large-7\"  >\n\t\t\t\t<div class=\"col-inner\"  >\n\t\t\t\n\t\t\t\n\n<h3 style=\"text-align: left;\">Tiek \u0146emti v\u0113r\u0101 da\u017e\u0101di kr\u016b\u0161u izm\u0113ri un formas.<\/h3>\n<p style=\"text-align: left;\"><span style=\"color: #000000;\">Piet\u016bkums un samazin\u0101\u0161an\u0101s p\u0113coper\u0101cijas period\u0101 ir kr\u016b\u0161u izm\u0113ra izmai\u0146u rezult\u0101ts. \u010cetrpus\u0113j\u0101 materi\u0101la kr\u016b\u0161turis ir piem\u0113rots \u0161im korpusam ar da\u017e\u0101diem grozu izm\u0113riem. Tas noz\u012bm\u0113, ka daudzos gad\u012bjumos ir nepiecie\u0161ams tikai viens kr\u016b\u0161turis. Iepriek\u0161 sagatavoti grozi, kas form\u0113\u0161anas proces\u0101 ir k\u013cuvu\u0161i stingri (nav papla\u0161in\u0101mi), pied\u0101v\u0101 tikai vienu grozu izm\u0113ru, un t\u0101p\u0113c nav iesp\u0113jama to da\u017e\u0101d\u012bba.<\/span><\/p>\n<p style=\"text-align: left;\"><span style=\"color: #000000;\">Turkl\u0101t \u010detrst\u016braina izstiep\u0161ana ir \u012bpa\u0161i svar\u012bga gad\u012bjumos, kad oper\u0113ta tikai viena kr\u016bts. Vienas kr\u016bts oper\u0101cijas gad\u012bjum\u0101 liel\u0101ka izm\u0113ra kr\u016b\u0161u iesp\u0113ja ir liela priek\u0161roc\u012bba, jo kr\u016b\u0161turis joproj\u0101m nodro\u0161ina atbalstu un kompresiju \u0101rst\u0113tajai kr\u016btij, k\u0101 ar\u012b atbalstu un vietu visai kr\u016btij. Lietojot iepriek\u0161 noform\u0113tu kr\u016b\u0161turi, kr\u016b\u0161turi nenodro\u0161ina pietiekamu kompresiju vis\u0101 p\u0113coper\u0101cijas period\u0101, kas palielina infekcijas risku un negat\u012bvi ietekm\u0113 kop\u0113jo dz\u012b\u0161anas procesu.<\/span><\/p>\n\n\t\t<\/div>\n\t\t\t\t\t<\/div>\n\n\t\n\n\t<div id=\"col-550044723\" class=\"col medium-5 small-12 large-5\"  >\n\t\t\t\t<div class=\"col-inner text-center\"  >\n\t\t\t\n\t\t\t\n\n<div class=\"is-divider divider clearfix\" style=\"margin-top:30px;margin-bottom:30px;background-color:rgb(255, 255, 255);\"><\/div>\n\n\t<div class=\"img has-hover x md-x lg-x y md-y lg-y\" id=\"image_326747843\">\n\t\t\t\t\t\t\t\t<div class=\"img-inner dark\" >\n\t\t\t<img loading=\"lazy\" decoding=\"async\" width=\"345\" height=\"400\" src=\"https:\/\/meditex.ee\/wp-content\/uploads\/2018\/03\/Carefix-bra_single-breast_cropped-345x400.png\" class=\"attachment-medium size-medium\" alt=\"\" srcset=\"https:\/\/meditex.ee\/wp-content\/uploads\/2018\/03\/Carefix-bra_single-breast_cropped-345x400.png 345w, https:\/\/meditex.ee\/wp-content\/uploads\/2018\/03\/Carefix-bra_single-breast_cropped.png 476w\" sizes=\"(max-width: 345px) 100vw, 345px\" \/>\t\t\t\t\t\t\n\t\t\t\t\t<\/div>\n\t\t\t\t\t\t\t\t\n<style>\n#image_326747843 {\n  width: 50%;\n}\n<\/style>\n\t<\/div>\n\t\n\n\n\t\t<\/div>\n\t\t\t\t\t<\/div>\n\n\t\n\n<\/div>\n<p style=\"text-align: left;\"><span style=\"color: #000000;\">Nosl\u0113gum\u0101 j\u0101secina, ka iepriek\u0161 veidotas kr\u016b\u0161u kr\u016b\u0161turi ir piem\u0113roti tikai noteikt\u0101m kr\u016b\u0161u anatomij\u0101m, jo materi\u0101ls nesp\u0113j piel\u0101goties konkr\u0113tai kr\u016b\u0161u kont\u016brai. Taj\u0101 pa\u0161\u0101 laik\u0101 \u010detrvirzienu elast\u012bgais materi\u0101ls padara kr\u016b\u0161turi piem\u0113rotu visu formu un izm\u0113ru kr\u016bt\u012bm, jo elast\u012bgais materi\u0101ls vienm\u0113r piegu\u013c kr\u016bt\u012bm.<\/span><\/p>\n<h3 style=\"text-align: left;\"><span style=\"color: #000000;\">L\u016bk, pier\u0101d\u012bjums: redzama at\u0161\u0137ir\u012bba materi\u0101lu veiktsp\u0113j\u0101.<\/span><\/h3>\n<p style=\"text-align: left;\"><span style=\"color: #000000;\">Ja vienu un to pa\u0161u materi\u0101lu apl\u016bkojat mikroskop\u0101 pirms un p\u0113c form\u0113\u0161anas, \u013coti skaidri redzama materi\u0101la deform\u0101cija.<\/span><\/p>\n<div class=\"row\"  id=\"row-720867967\">\n\n\n\t<div id=\"col-105082244\" class=\"col medium-6 small-12 large-6\"  >\n\t\t\t\t<div class=\"col-inner\"  >\n\t\t\t\n\t\t\t\n\n<h4>Nav veidots<\/h4>\n\t<div class=\"img has-hover x md-x lg-x y md-y lg-y\" id=\"image_726317646\">\n\t\t\t\t\t\t\t\t<div class=\"img-inner dark\" >\n\t\t\t<img loading=\"lazy\" decoding=\"async\" width=\"311\" height=\"234\" src=\"https:\/\/meditex.ee\/wp-content\/uploads\/2018\/03\/Non-moulded.png\" class=\"attachment-large size-large\" alt=\"\" \/>\t\t\t\t\t\t\n\t\t\t\t\t<\/div>\n\t\t\t\t\t\t\t\t\n<style>\n#image_726317646 {\n  width: 60%;\n}\n<\/style>\n\t<\/div>\n\t\n\n<p style=\"text-align: left;\"><span style=\"color: #000000;\">\u0112ze\u013ci ir tuvu viens otram abos virzienos &#8211; gan horizont\u0101li, gan vertik\u0101li. Tas saglab\u0101 gan elast\u012bbu, gan pagarin\u0101jumu.<\/span><\/p>\n\n\t\t<\/div>\n\t\t\t\t\t<\/div>\n\n\t\n\n\t<div id=\"col-1097522376\" class=\"col medium-6 small-12 large-6\"  >\n\t\t\t\t<div class=\"col-inner\"  >\n\t\t\t\n\t\t\t\n\n<h3>Iz\u0146emts no<\/h3>\n\t<div class=\"img has-hover x md-x lg-x y md-y lg-y\" id=\"image_1787549630\">\n\t\t\t\t\t\t\t\t<div class=\"img-inner dark\" >\n\t\t\t<img loading=\"lazy\" decoding=\"async\" width=\"311\" height=\"235\" src=\"https:\/\/meditex.ee\/wp-content\/uploads\/2018\/03\/Moulded.png\" class=\"attachment-large size-large\" alt=\"\" \/>\t\t\t\t\t\t\n\t\t\t\t\t<\/div>\n\t\t\t\t\t\t\t\t\n<style>\n#image_1787549630 {\n  width: 60%;\n}\n<\/style>\n\t<\/div>\n\t\n\n<p style=\"text-align: left;\"><span style=\"color: #000000;\">\u0112ze\u013ci ir erod\u0113ti abos virzienos &#8211; gan horizont\u0101li, gan vertik\u0101li. Materi\u0101ls ir iepriek\u0161 izstiepts, t\u0101p\u0113c t\u0101 tekst\u016bra ir boj\u0101ta un pagarin\u0101jums samazin\u0101ts.<\/span><\/p>\n\n\t\t<\/div>\n\t\t\t\t\t<\/div>\n\n\t\n\n<\/div>\n<h3 style=\"text-align: left;\"><span style=\"color: #000000;\">Kopsavilkums<\/span><\/h3>\n<p style=\"text-align: left;\"><span style=\"color: #000000;\">T\u0101tad, ja audums ir iepriek\u0161 veidots, tas deform\u0113jas un zaud\u0113 sp\u0113ju piel\u0101goties \u0137erme\u0146a formai.<\/span><\/p>\n<p> <\/p>\n<p style=\"text-align: left;\"><span style=\"color: #000000;\">Autors: Heidi Vang Hagelskj\u00e6r, medic\u012bnas m\u0101sa un Tytex medic\u012bnas izstr\u0101d\u0101jumu produktu vad\u012bt\u0101ja.<\/span><\/p>\n<p style=\"text-align: left;\"><span style=\"color: #0000ff;\"><a style=\"color: #0000ff;\" href=\"https:\/\/tytex.com\/products\/post-surgery\/post-surgical-bras\/4-way-stretch-vs-moulded-cups\">Avots no<\/a><\/span><\/p>\n<div class=\"social-icons share-icons share-row relative full-width text-right icon-style-fill\" style=\"font-size:80%\"><a href=\"whatsapp:\/\/send?text=4%20virzienu - https:\/\/meditex.ee\/lv\/4-virzienu\/\" data-action=\"share\/whatsapp\/share\" class=\"icon primary button circle tooltip whatsapp show-for-medium\" title=\"Share on WhatsApp\" aria-label=\"Share on WhatsApp\"><i class=\"icon-whatsapp\" aria-hidden=\"true\"><\/i><\/a><a href=\"https:\/\/www.facebook.com\/sharer.php?u=https:\/\/meditex.ee\/lv\/4-virzienu\/\" data-label=\"Facebook\" onclick=\"window.open(this.href,this.title,'width=500,height=500,top=300px,left=300px'); return false;\" target=\"_blank\" class=\"icon primary button circle tooltip facebook\" title=\"Share on Facebook\" aria-label=\"Share on Facebook\" rel=\"noopener nofollow\"><i class=\"icon-facebook\" aria-hidden=\"true\"><\/i><\/a><a href=\"https:\/\/twitter.com\/share?url=https:\/\/meditex.ee\/lv\/4-virzienu\/\" onclick=\"window.open(this.href,this.title,'width=500,height=500,top=300px,left=300px'); return false;\" target=\"_blank\" class=\"icon primary button circle tooltip twitter\" title=\"Share on Twitter\" aria-label=\"Share on Twitter\" rel=\"noopener nofollow\"><i class=\"icon-twitter\" aria-hidden=\"true\"><\/i><\/a><a href=\"mailto:?subject=4%20virzienu&body=Check%20this%20out%3A%20https%3A%2F%2Fmeditex.ee%2Flv%2F4-virzienu%2F\" class=\"icon primary button circle tooltip email\" title=\"Email to a Friend\" aria-label=\"Email to a Friend\" rel=\"nofollow\"><i class=\"icon-envelop\" aria-hidden=\"true\"><\/i><\/a><a href=\"https:\/\/pinterest.com\/pin\/create\/button?url=https:\/\/meditex.ee\/lv\/4-virzienu\/&media&description=4%20virzienu\" onclick=\"window.open(this.href,this.title,'width=500,height=500,top=300px,left=300px'); return false;\" target=\"_blank\" class=\"icon primary button circle tooltip pinterest\" title=\"Pin on Pinterest\" aria-label=\"Pin on Pinterest\" rel=\"noopener nofollow\"><i class=\"icon-pinterest\" aria-hidden=\"true\"><\/i><\/a><a href=\"https:\/\/www.linkedin.com\/shareArticle?mini=true&url=https:\/\/meditex.ee\/lv\/4-virzienu\/&title=4%20virzienu\" onclick=\"window.open(this.href,this.title,'width=500,height=500,top=300px,left=300px'); return false;\" target=\"_blank\" class=\"icon primary button circle tooltip linkedin\" title=\"Share on LinkedIn\" aria-label=\"Share on LinkedIn\" rel=\"noopener nofollow\"><i class=\"icon-linkedin\" aria-hidden=\"true\"><\/i><\/a><\/div>\n","protected":false},"excerpt":{"rendered":"<p>K\u0101p\u0113c grozs stiepjas \u010detros virzienos uz p\u0113coper\u0101cijas kr\u016b\u0161turis lab\u0101k nek\u0101 iepriek\u0161 veidots grozs? Atvese\u013co\u0161an\u0101s period\u0101 ir svar\u012bgs p\u0113coper\u0101cijas komforts. \u010cetrvirzienu elast\u012bg\u0101 materi\u0101la sp\u0113ja izplesties un sarauties ir \u012bpa\u0161i svar\u012bga pacienta labsaj\u016btai un komfortam, jo tas nodro\u0161ina lab\u0101ku kr\u016b\u0161u atbalstu vis\u0101 atvese\u013co\u0161an\u0101s period\u0101. Optim\u0101ls atbalsts ir b\u016btisks efekt\u012bvai atvese\u013co\u0161anai, jo tas mazina s\u0101pes, diskomfortu un uzlabo [&#8230;]\n","protected":false},"author":1,"featured_media":0,"parent":0,"menu_order":0,"comment_status":"closed","ping_status":"closed","template":"","meta":{"footnotes":""},"class_list":["post-16406","page","type-page","status-publish","hentry"],"yoast_head":"<!-- This site is optimized with the Yoast SEO plugin v27.4 - https:\/\/yoast.com\/product\/yoast-seo-wordpress\/ -->\n<title>%4 virzienu Izstiept\u0101 groza priek\u0161roc\u012bbas % -% Meditex% .ee e-veikala vietne<\/title>\n<meta name=\"description\" content=\"P\u0113coper\u0101cijas kr\u016b\u0161turi, kas izgatavoti no \u010detrvirzienu elast\u012bga materi\u0101la, nodro\u0161ina pietiekamu atbalstu un kompresiju.\" \/>\n<meta name=\"robots\" content=\"index, follow, max-snippet:-1, max-image-preview:large, max-video-preview:-1\" \/>\n<link rel=\"canonical\" href=\"https:\/\/meditex.ee\/lv\/4-virzienu\/\" \/>\n<meta property=\"og:locale\" content=\"lv_LV\" \/>\n<meta property=\"og:type\" content=\"article\" \/>\n<meta property=\"og:title\" content=\"%4 virzienu Izstiept\u0101 groza priek\u0161roc\u012bbas % -% Meditex% .ee e-veikala vietne\" \/>\n<meta property=\"og:description\" content=\"P\u0113coper\u0101cijas kr\u016b\u0161turi, kas izgatavoti no \u010detrvirzienu elast\u012bga materi\u0101la, nodro\u0161ina pietiekamu atbalstu un kompresiju.\" \/>\n<meta property=\"og:url\" content=\"https:\/\/meditex.ee\/lv\/4-virzienu\/\" \/>\n<meta property=\"og:site_name\" content=\"Meditex\" \/>\n<meta property=\"article:publisher\" content=\"https:\/\/www.facebook.com\/meditexepood\/\" \/>\n<meta property=\"article:modified_time\" content=\"2023-07-31T09:48:27+00:00\" \/>\n<meta name=\"twitter:card\" content=\"summary_large_image\" \/>\n<meta name=\"twitter:label1\" content=\"Est. reading time\" \/>\n\t<meta name=\"twitter:data1\" content=\"5 minutes\" \/>\n<script type=\"application\/ld+json\" class=\"yoast-schema-graph\">{\"@context\":\"https:\\\/\\\/schema.org\",\"@graph\":[{\"@type\":\"WebPage\",\"@id\":\"https:\\\/\\\/meditex.ee\\\/lv\\\/4-virzienu\\\/\",\"url\":\"https:\\\/\\\/meditex.ee\\\/lv\\\/4-virzienu\\\/\",\"name\":\"%4 virzienu Izstiept\u0101 groza priek\u0161roc\u012bbas % -% Meditex% .ee e-veikala vietne\",\"isPartOf\":{\"@id\":\"https:\\\/\\\/meditex.ee\\\/en\\\/#website\"},\"datePublished\":\"2023-07-31T09:48:26+00:00\",\"dateModified\":\"2023-07-31T09:48:27+00:00\",\"description\":\"P\u0113coper\u0101cijas kr\u016b\u0161turi, kas izgatavoti no \u010detrvirzienu elast\u012bga materi\u0101la, nodro\u0161ina pietiekamu atbalstu un kompresiju.\",\"breadcrumb\":{\"@id\":\"https:\\\/\\\/meditex.ee\\\/lv\\\/4-virzienu\\\/#breadcrumb\"},\"inLanguage\":\"lv-LV\",\"potentialAction\":[{\"@type\":\"ReadAction\",\"target\":[\"https:\\\/\\\/meditex.ee\\\/lv\\\/4-virzienu\\\/\"]}]},{\"@type\":\"BreadcrumbList\",\"@id\":\"https:\\\/\\\/meditex.ee\\\/lv\\\/4-virzienu\\\/#breadcrumb\",\"itemListElement\":[{\"@type\":\"ListItem\",\"position\":1,\"name\":\"Home\",\"item\":\"https:\\\/\\\/meditex.ee\\\/lv\\\/\"},{\"@type\":\"ListItem\",\"position\":2,\"name\":\"4 virzienu\"}]},{\"@type\":\"WebSite\",\"@id\":\"https:\\\/\\\/meditex.ee\\\/en\\\/#website\",\"url\":\"https:\\\/\\\/meditex.ee\\\/en\\\/\",\"name\":\"Meditex\",\"description\":\"\",\"publisher\":{\"@id\":\"https:\\\/\\\/meditex.ee\\\/en\\\/#organization\"},\"potentialAction\":[{\"@type\":\"SearchAction\",\"target\":{\"@type\":\"EntryPoint\",\"urlTemplate\":\"https:\\\/\\\/meditex.ee\\\/en\\\/?s={search_term_string}\"},\"query-input\":{\"@type\":\"PropertyValueSpecification\",\"valueRequired\":true,\"valueName\":\"search_term_string\"}}],\"inLanguage\":\"lv-LV\"},{\"@type\":\"Organization\",\"@id\":\"https:\\\/\\\/meditex.ee\\\/en\\\/#organization\",\"name\":\"Meditex\",\"url\":\"https:\\\/\\\/meditex.ee\\\/en\\\/\",\"logo\":{\"@type\":\"ImageObject\",\"inLanguage\":\"lv-LV\",\"@id\":\"https:\\\/\\\/meditex.ee\\\/en\\\/#\\\/schema\\\/logo\\\/image\\\/\",\"url\":\"https:\\\/\\\/meditex.ee\\\/wp-content\\\/uploads\\\/2018\\\/03\\\/mdtx_logo.png\",\"contentUrl\":\"https:\\\/\\\/meditex.ee\\\/wp-content\\\/uploads\\\/2018\\\/03\\\/mdtx_logo.png\",\"width\":669,\"height\":235,\"caption\":\"Meditex\"},\"image\":{\"@id\":\"https:\\\/\\\/meditex.ee\\\/en\\\/#\\\/schema\\\/logo\\\/image\\\/\"},\"sameAs\":[\"https:\\\/\\\/www.facebook.com\\\/meditexepood\\\/\"]}]}<\/script>\n<!-- \/ Yoast SEO plugin. -->","yoast_head_json":{"title":"%4 virzienu Izstiept\u0101 groza priek\u0161roc\u012bbas % -% Meditex% .ee e-veikala vietne","description":"P\u0113coper\u0101cijas kr\u016b\u0161turi, kas izgatavoti no \u010detrvirzienu elast\u012bga materi\u0101la, nodro\u0161ina pietiekamu atbalstu un kompresiju.","robots":{"index":"index","follow":"follow","max-snippet":"max-snippet:-1","max-image-preview":"max-image-preview:large","max-video-preview":"max-video-preview:-1"},"canonical":"https:\/\/meditex.ee\/lv\/4-virzienu\/","og_locale":"lv_LV","og_type":"article","og_title":"%4 virzienu Izstiept\u0101 groza priek\u0161roc\u012bbas % -% Meditex% .ee e-veikala vietne","og_description":"P\u0113coper\u0101cijas kr\u016b\u0161turi, kas izgatavoti no \u010detrvirzienu elast\u012bga materi\u0101la, nodro\u0161ina pietiekamu atbalstu un kompresiju.","og_url":"https:\/\/meditex.ee\/lv\/4-virzienu\/","og_site_name":"Meditex","article_publisher":"https:\/\/www.facebook.com\/meditexepood\/","article_modified_time":"2023-07-31T09:48:27+00:00","twitter_card":"summary_large_image","twitter_misc":{"Est. reading time":"5 minutes"},"schema":{"@context":"https:\/\/schema.org","@graph":[{"@type":"WebPage","@id":"https:\/\/meditex.ee\/lv\/4-virzienu\/","url":"https:\/\/meditex.ee\/lv\/4-virzienu\/","name":"%4 virzienu Izstiept\u0101 groza priek\u0161roc\u012bbas % -% Meditex% .ee e-veikala vietne","isPartOf":{"@id":"https:\/\/meditex.ee\/en\/#website"},"datePublished":"2023-07-31T09:48:26+00:00","dateModified":"2023-07-31T09:48:27+00:00","description":"P\u0113coper\u0101cijas kr\u016b\u0161turi, kas izgatavoti no \u010detrvirzienu elast\u012bga materi\u0101la, nodro\u0161ina pietiekamu atbalstu un kompresiju.","breadcrumb":{"@id":"https:\/\/meditex.ee\/lv\/4-virzienu\/#breadcrumb"},"inLanguage":"lv-LV","potentialAction":[{"@type":"ReadAction","target":["https:\/\/meditex.ee\/lv\/4-virzienu\/"]}]},{"@type":"BreadcrumbList","@id":"https:\/\/meditex.ee\/lv\/4-virzienu\/#breadcrumb","itemListElement":[{"@type":"ListItem","position":1,"name":"Home","item":"https:\/\/meditex.ee\/lv\/"},{"@type":"ListItem","position":2,"name":"4 virzienu"}]},{"@type":"WebSite","@id":"https:\/\/meditex.ee\/en\/#website","url":"https:\/\/meditex.ee\/en\/","name":"Meditex","description":"","publisher":{"@id":"https:\/\/meditex.ee\/en\/#organization"},"potentialAction":[{"@type":"SearchAction","target":{"@type":"EntryPoint","urlTemplate":"https:\/\/meditex.ee\/en\/?s={search_term_string}"},"query-input":{"@type":"PropertyValueSpecification","valueRequired":true,"valueName":"search_term_string"}}],"inLanguage":"lv-LV"},{"@type":"Organization","@id":"https:\/\/meditex.ee\/en\/#organization","name":"Meditex","url":"https:\/\/meditex.ee\/en\/","logo":{"@type":"ImageObject","inLanguage":"lv-LV","@id":"https:\/\/meditex.ee\/en\/#\/schema\/logo\/image\/","url":"https:\/\/meditex.ee\/wp-content\/uploads\/2018\/03\/mdtx_logo.png","contentUrl":"https:\/\/meditex.ee\/wp-content\/uploads\/2018\/03\/mdtx_logo.png","width":669,"height":235,"caption":"Meditex"},"image":{"@id":"https:\/\/meditex.ee\/en\/#\/schema\/logo\/image\/"},"sameAs":["https:\/\/www.facebook.com\/meditexepood\/"]}]}},"_links":{"self":[{"href":"https:\/\/meditex.ee\/lv\/wp-json\/wp\/v2\/pages\/16406","targetHints":{"allow":["GET"]}}],"collection":[{"href":"https:\/\/meditex.ee\/lv\/wp-json\/wp\/v2\/pages"}],"about":[{"href":"https:\/\/meditex.ee\/lv\/wp-json\/wp\/v2\/types\/page"}],"author":[{"embeddable":true,"href":"https:\/\/meditex.ee\/lv\/wp-json\/wp\/v2\/users\/1"}],"replies":[{"embeddable":true,"href":"https:\/\/meditex.ee\/lv\/wp-json\/wp\/v2\/comments?post=16406"}],"version-history":[{"count":0,"href":"https:\/\/meditex.ee\/lv\/wp-json\/wp\/v2\/pages\/16406\/revisions"}],"wp:attachment":[{"href":"https:\/\/meditex.ee\/lv\/wp-json\/wp\/v2\/media?parent=16406"}],"curies":[{"name":"wp","href":"https:\/\/api.w.org\/{rel}","templated":true}]}}