{"id":16364,"date":"2023-07-31T09:48:15","date_gmt":"2023-07-31T09:48:15","guid":{"rendered":"https:\/\/meditex.ee\/tytex\/"},"modified":"2023-07-31T09:48:17","modified_gmt":"2023-07-31T09:48:17","slug":"tytex","status":"publish","type":"page","link":"https:\/\/meditex.ee\/lv\/tytex\/","title":{"rendered":"Tytex"},"content":{"rendered":"\t<div class=\"img has-hover x md-x lg-x y md-y lg-y\" id=\"image_1165293621\">\n\t\t\t\t\t\t\t\t<div class=\"img-inner dark\" >\n\t\t\t<img decoding=\"async\" width=\"1020\" height=\"250\" src=\"https:\/\/meditex.ee\/wp-content\/uploads\/2018\/03\/top_Proven-technologies-1400x343.jpg\" class=\"attachment-large size-large\" alt=\"\" srcset=\"https:\/\/meditex.ee\/wp-content\/uploads\/2018\/03\/top_Proven-technologies-1400x343.jpg 1400w, https:\/\/meditex.ee\/wp-content\/uploads\/2018\/03\/top_Proven-technologies-510x125.jpg 510w, https:\/\/meditex.ee\/wp-content\/uploads\/2018\/03\/top_Proven-technologies-800x196.jpg 800w, https:\/\/meditex.ee\/wp-content\/uploads\/2018\/03\/top_Proven-technologies-768x188.jpg 768w, https:\/\/meditex.ee\/wp-content\/uploads\/2018\/03\/top_Proven-technologies-1536x376.jpg 1536w, https:\/\/meditex.ee\/wp-content\/uploads\/2018\/03\/top_Proven-technologies-600x147.jpg 600w, https:\/\/meditex.ee\/wp-content\/uploads\/2018\/03\/top_Proven-technologies.jpg 2000w\" sizes=\"(max-width: 1020px) 100vw, 1020px\" \/>\t\t\t\t\t\t\n\t\t\t\t\t<\/div>\n\t\t\t\t\t\t\t\t\n<style>\n#image_1165293621 {\n  width: 100%;\n}\n<\/style>\n\t<\/div>\n\t\n<div class=\"is-divider divider clearfix\" style=\"background-color:rgb(255, 255, 255);\"><\/div>\n<h1 style=\"text-align: left;\"><span style=\"color: #000080;\">Tytex ra\u017eo\u0161an\u0101 izmantot\u0101 tehnolo\u0123ija<\/span><\/h1>\n<div class=\"is-divider divider clearfix\" style=\"background-color:rgb(255, 255, 255);\"><\/div>\n<p style=\"text-align: left;\" data-fontsize=\"16\" data-lineheight=\"19\"><span style=\"color: #000000;\"><span class=\"TextRun SCXW214365372\" lang=\"ET-EE\" xml:lang=\"ET-EE\"><span class=\"SpellingError SCXW214365372\">Tytexi<\/span><span class=\"NormalTextRun SCXW214365372\"> tehnolo\u0123iju platforma ir <\/span> <\/span><span class=\"TextRun SCXW214365372\" lang=\"ET-EE\" xml:lang=\"ET-EE\"><span class=\"NormalTextRun SCXW214365372\">koncentr\u0113jas uz velku un audu tehnolo\u0123ij\u0101m. T\u0101 rezult\u0101t\u0101 tiek izgatavoti pusfabrik\u0101ti un audumi, kas piegu\u013c \u0137ermenim.<\/span><\/span><\/span><\/p>\n<p style=\"text-align: left;\" data-fontsize=\"16\" data-lineheight=\"19\"><span style=\"color: #000000;\"><span class=\"TextRun SCXW143183666\" lang=\"ET-EE\"><br \/>\n  <span class=\"NormalTextRun SCXW143183666\">Ikdien\u0101 tiek str\u0101d\u0101ts pie \u0161o meto\u017eu pilnveido\u0161anas visos ra\u017eotajos medic\u012bniskajos tekstilizstr\u0101d\u0101jumos, k\u0101 rezult\u0101t\u0101. <\/span><br \/>\n<\/span><span class=\"TextRun SCXW143183666\" lang=\"ET-EE\"><br \/>\n  <span class=\"NormalTextRun SCXW143183666\">visi uz\u0146\u0113muma portfolio produkti atbilst \u010detriem atsl\u0113gas v\u0101rdiem:<\/span><br \/>\n<\/span><\/span><\/p>\n<div class=\"row\"  id=\"row-1769774121\">\n\n\t<div id=\"col-1048828844\" class=\"col medium-5 small-12 large-5\"  >\n\t\t\t\t<div class=\"col-inner text-center\"  >\n\t\t\t\n\t\t\t\n<div class=\"is-divider divider clearfix\" style=\"background-color:rgb(255, 255, 255);\"><\/div>\n\t<div class=\"img has-hover x md-x lg-x y md-y lg-y\" id=\"image_335380773\">\n\t\t\t\t\t\t\t\t<div class=\"img-inner dark\" >\n\t\t\t<img decoding=\"async\" width=\"90\" height=\"90\" src=\"https:\/\/meditex.ee\/wp-content\/uploads\/2018\/03\/4-way-stretch-90x90.png\" class=\"attachment-medium size-medium\" alt=\"\" \/>\t\t\t\t\t\t\n\t\t\t\t\t<\/div>\n\t\t\t\t\t\t\t\t\n<style>\n#image_335380773 {\n  width: 25%;\n}\n<\/style>\n\t<\/div>\n\t\n\t\t<\/div>\n\t\t\t\t\t<\/div>\n\n\t\n\n\t<div id=\"col-2019597047\" class=\"col medium-6 small-12 large-6\"  >\n\t\t\t\t<div class=\"col-inner\"  >\n\t\t\t\n\t\t\t\n<h3 data-fontsize=\"20\" data-lineheight=\"28\"><span style=\"color: #000080;\"><b>4 virzienu stiep\u0161an\u0101s<\/b><\/span><\/h3>\n<p style=\"text-align: left;\" data-fontsize=\"16\" data-lineheight=\"19\"><span style=\"color: #000000;\">Materi\u0101ls dabiski piel\u0101gojas pacienta \u0137erme\u0146a kont\u016br\u0101m.  <\/span><\/p>\n<p style=\"text-align: left;\" data-fontsize=\"16\" data-lineheight=\"19\"><span style=\"color: #000000;\">\u0160\u012b \u012bpa\u0161\u012bba ir \u013coti svar\u012bga medic\u012bniskajam tekstilmateri\u0101lam, jo t\u0101 nodro\u0161ina, ka izstr\u0101d\u0101jumam ir atbilsto\u0161a kompresija, kas nepiecie\u0161ama atvese\u013co\u0161anai. Tas nodro\u0161ina ar\u012b vislab\u0101ko iesp\u0113jamo komfortu ilgsto\u0161ai valk\u0101\u0161anai.<\/span><\/p>\n\t\t<\/div>\n\t\t\t\t\t<\/div>\n\n\t\n<\/div>\n<div class=\"row\"  id=\"row-1855760640\">\n\n\t<div id=\"col-1928867283\" class=\"col medium-5 small-12 large-5\"  >\n\t\t\t\t<div class=\"col-inner text-center\"  >\n\t\t\t\n\t\t\t\n<div class=\"is-divider divider clearfix\" style=\"background-color:rgb(255, 255, 255);\"><\/div>\n\t<div class=\"img has-hover x md-x lg-x y md-y lg-y\" id=\"image_431249656\">\n\t\t\t\t\t\t\t\t<div class=\"img-inner dark\" >\n\t\t\t<img decoding=\"async\" width=\"90\" height=\"90\" src=\"https:\/\/meditex.ee\/wp-content\/uploads\/2018\/03\/Real-seamless-90x90.png\" class=\"attachment-medium size-medium\" alt=\"\" \/>\t\t\t\t\t\t\n\t\t\t\t\t<\/div>\n\t\t\t\t\t\t\t\t\n<style>\n#image_431249656 {\n  width: 25%;\n}\n<\/style>\n\t<\/div>\n\t\n\t\t<\/div>\n\t\t\t\t\t<\/div>\n\n\t\n\n\t<div id=\"col-1718751869\" class=\"col medium-6 small-12 large-6\"  >\n\t\t\t\t<div class=\"col-inner\"  >\n\t\t\t\n\t\t\t\n<h3 style=\"text-align: left;\" data-fontsize=\"20\" data-lineheight=\"28\"><span style=\"color: #000080;\"><b>\u00d5mbl<\/b><b>ad\u012b\u0161ana bez durv\u012bm<\/b><\/span><\/h3>\n<p style=\"text-align: left;\" data-fontsize=\"16\" data-lineheight=\"19\"><span style=\"color: #000000;\">Optim\u0101lai atvese\u013co\u0161anai oper\u0113tajai zonai ir nepiecie\u0161ama atp\u016bta. T\u0101p\u0113c visi izstr\u0101d\u0101jumi ir izstr\u0101d\u0101ti t\u0101, lai br\u016b\u010du, r\u0113tu vai citu kritisko zonu zon\u0101 netiktu izmantotas \u0161uves. Tas nodro\u0161ina maksim\u0101lu saudz\u012bgumu \u0101dai un nov\u0113r\u0161 spiediena p\u0113das un \u0101das un t\u0101s audu kairin\u0101jumu.  <\/span><\/p>\n<p style=\"text-align: left;\" data-fontsize=\"16\" data-lineheight=\"19\"><span style=\"color: #000000;\">Citiem v\u0101rdiem sakot, 100% bez\u0161uvju au\u0161ana noz\u012bm\u0113 \u0101tr\u0101ku dz\u012b\u0161anu, maz\u0101k r\u0113tas un liel\u0101ku pacienta komfortu.<\/span><\/p>\n\t\t<\/div>\n\t\t\t\t\t<\/div>\n\n\t\n<\/div>\n<div class=\"row\"  id=\"row-1874344175\">\n\n\t<div id=\"col-1019181687\" class=\"col medium-5 small-12 large-5\"  >\n\t\t\t\t<div class=\"col-inner text-center\"  >\n\t\t\t\n\t\t\t\n<div class=\"is-divider divider clearfix\" style=\"background-color:rgb(255, 255, 255);\"><\/div>\n\t<div class=\"img has-hover x md-x lg-x y md-y lg-y\" id=\"image_105878689\">\n\t\t\t\t\t\t\t\t<div class=\"img-inner dark\" >\n\t\t\t<img decoding=\"async\" width=\"90\" height=\"90\" src=\"https:\/\/meditex.ee\/wp-content\/uploads\/2018\/03\/Targeted-compression-fixation-90x90.png\" class=\"attachment-medium size-medium\" alt=\"\" \/>\t\t\t\t\t\t\n\t\t\t\t\t<\/div>\n\t\t\t\t\t\t\t\t\n<style>\n#image_105878689 {\n  width: 25%;\n}\n<\/style>\n\t<\/div>\n\t\n\t\t<\/div>\n\t\t\t\t\t<\/div>\n\n\t\n\n\t<div id=\"col-1097356919\" class=\"col medium-6 small-12 large-6\"  >\n\t\t\t\t<div class=\"col-inner\"  >\n\t\t\t\n\t\t\t\n<h3 style=\"text-align: left;\" data-fontsize=\"20\" data-lineheight=\"28\"><span style=\"color: #000080;\"><b>Virziena saspie\u0161ana\/fiks\u0113\u0161ana<\/b><\/span><\/h3>\n<p style=\"text-align: left;\" data-fontsize=\"16\" data-lineheight=\"19\"><span style=\"color: #000000;\">Virziena kompresija vai fiks\u0101cija noz\u012bm\u0113, ka izstr\u0101d\u0101jumi ir izstr\u0101d\u0101ti t\u0101, lai nodro\u0161in\u0101tu nepiecie\u0161amo kompresiju vai fiks\u0101ciju tie\u0161i tur, kur t\u0101 ir nepiecie\u0161ama.  <\/span><\/p>\n<p style=\"text-align: left;\" data-fontsize=\"16\" data-lineheight=\"19\"><span style=\"color: #000000;\">Audu kompresijas kontrole pa\u0101trina dz\u012b\u0161anas procesu un palielina pacienta komfortu. Katram produktam \u012bpa\u0161i izstr\u0101d\u0101tas kompresijas zonas<\/span>.<\/p>\n\t\t<\/div>\n\t\t\t\t\t<\/div>\n\n\t\n<\/div>\n<div class=\"row\"  id=\"row-605004528\">\n\n\t<div id=\"col-63324703\" class=\"col medium-5 small-12 large-5\"  >\n\t\t\t\t<div class=\"col-inner text-center\"  >\n\t\t\t\n\t\t\t\n<div class=\"is-divider divider clearfix\" style=\"background-color:rgb(255, 255, 255);\"><\/div>\n<div class=\"is-divider divider clearfix\" style=\"background-color:rgb(255, 255, 255);\"><\/div>\n<div class=\"is-divider divider clearfix\" style=\"background-color:rgb(255, 255, 255);\"><\/div>\n\t<div class=\"img has-hover x md-x lg-x y md-y lg-y\" id=\"image_1445856537\">\n\t\t\t\t\t\t\t\t<div class=\"img-inner dark\" >\n\t\t\t<img decoding=\"async\" width=\"90\" height=\"90\" src=\"https:\/\/meditex.ee\/wp-content\/uploads\/2018\/03\/Fact-based-sizing-90x90.png\" class=\"attachment-medium size-medium\" alt=\"\" \/>\t\t\t\t\t\t\n\t\t\t\t\t<\/div>\n\t\t\t\t\t\t\t\t\n<style>\n#image_1445856537 {\n  width: 25%;\n}\n<\/style>\n\t<\/div>\n\t\n\t\t<\/div>\n\t\t\t\t\t<\/div>\n\n\t\n\n\t<div id=\"col-260559535\" class=\"col medium-6 small-12 large-6\"  >\n\t\t\t\t<div class=\"col-inner\"  >\n\t\t\t\n\t\t\t\n<h3 data-fontsize=\"20\" data-lineheight=\"28\"><span style=\"color: #000080;\"><b>Faktisk\u0101s v\u0113rt\u012bbas<\/b><\/span><\/h3>\n<p style=\"text-align: left;\" data-fontsize=\"16\" data-lineheight=\"19\"><span style=\"color: #000000;\">Run\u0101jot par medic\u012bnisko tekstilu un p\u0113coper\u0101cijas ap\u0123\u0113rbu, viens izm\u0113rs nav piem\u0113rots visiem. T\u0101p\u0113c izstr\u0101d\u0101jumu izm\u0113ri ir balst\u012bti uz \u0161\u0101diem parametriem:  <\/span><\/p>\n<ol style=\"text-align: left;\">\n<li>\n<p data-fontsize=\"16\" data-lineheight=\"19\"><span style=\"color: #000000;\">\u0136erme\u0146a zin\u0101\u0161anas &#8211; produktu m\u0113r\u012b\u0161anai tiek izmantoti statistiski un p\u0101rbaud\u012bti \u0137erme\u0146a sken\u0113jumi un m\u0113r\u012bjumi.  <\/span><\/p>\n<\/li>\n<li>\n<p data-fontsize=\"16\" data-lineheight=\"19\"><span style=\"color: #000000;\">Elast\u012bbas pagarin\u0101juma m\u0113r\u012b\u0161ana &#8211; gatav\u0101 izstr\u0101d\u0101juma p\u0101rm\u0113r\u012b\u0161ana.<\/span><\/p>\n<\/li>\n<li>\n<p data-fontsize=\"16\" data-lineheight=\"19\"><span style=\"color: #000000;\">Pla\u0161as zin\u0101\u0161anas un pieredze da\u017e\u0101du izm\u0113ru au\u0161anas tehniku kombin\u0113\u0161an\u0101 nodro\u0161ina pareizu piegulumu.<\/span><\/p>\n<\/li>\n<\/ol>\n<p style=\"text-align: left;\" data-fontsize=\"16\" data-lineheight=\"19\"><span style=\"color: #000000;\">  \u0160o tr\u012bs parametru kombin\u0101cija vienm\u0113r nodro\u0161ina perfektu atbilst\u012bbu.  <\/span><\/p>\n\t\t<\/div>\n\t\t\t\t\t<\/div>\n\n\t\n<\/div>\n<div class=\"text-center\"><div class=\"is-divider divider clearfix\" ><\/div><\/div>\n<div class=\"row\"  id=\"row-289987812\">\n\n\t<div id=\"col-1625470581\" class=\"col medium-4 small-12 large-4\"  >\n\t\t\t\t<div class=\"col-inner text-center\"  >\n\t\t\t\n\t\t\t\n\t<div class=\"img has-hover x md-x lg-x y md-y lg-y\" id=\"image_2061465670\">\n\t\t\t\t\t\t\t\t<div class=\"img-inner dark\" >\n\t\t\t<img decoding=\"async\" width=\"320\" height=\"167\" src=\"https:\/\/meditex.ee\/wp-content\/uploads\/2018\/03\/STA100_Label_RGB_EN_6234-7001.jpg\" class=\"attachment-medium size-medium\" alt=\"\" \/>\t\t\t\t\t\t\n\t\t\t\t\t<\/div>\n\t\t\t\t\t\t\t\t\n<style>\n#image_2061465670 {\n  width: 100%;\n}\n<\/style>\n\t<\/div>\n\t\n\t\t<\/div>\n\t\t\t\t\t<\/div>\n\n\t\n\n\t<div id=\"col-1109731676\" class=\"col medium-8 small-12 large-8\"  >\n\t\t\t\t<div class=\"col-inner\"  >\n\t\t\t\n\t\t\t\n<div class=\"fusion-text\">\n<p style=\"text-align: left;\" data-fontsize=\"16\" data-lineheight=\"19\"><span style=\"color: #000000;\">Visiem Tytex izstr\u0101d\u0101jumiem ir Oeko-Tex Standard 100 sertifik\u0101ts, kas noz\u012bm\u0113, ka neviens no uz\u0146\u0113muma izstr\u0101d\u0101jumiem nesatur kait\u012bgas vielas.<\/span><\/p>\n<\/div>\n<div class=\"fusion-text\">\n<p style=\"text-align: left;\" data-fontsize=\"16\" data-lineheight=\"19\"><span style=\"color: #000000;\"><span class=\"TextRun SCXW92274836\" lang=\"ET-EE\"><br \/>\n  <span class=\"NormalTextRun SCXW92274836\">Turkl\u0101t uz\u0146\u0113mumam ir \u0161\u0101di sertifik\u0101ti: CE (I klase), ISO 9001, ISO 13485, ISO 14001, SEDEX, FDA (ASV), SF.<\/span><br \/>\n<\/span><span class=\"TextRun SCXW92274836\" lang=\"ET-EE\"><br \/>\n  <span class=\"NormalTextRun SCXW92274836\">DA (\u0136\u012bna), PZN (V\u0101cija), <\/span><br \/>\n  <span class=\"SpellingError SCXW92274836\">Hilfsmittel<\/span><br \/>\n  <span class=\"NormalTextRun SCXW92274836\"> PDA (V\u0101cija), <\/span><br \/>\n  <span class=\"SpellingError SCXW92274836\">MiGel<\/span><br \/>\n  <span class=\"NormalTextRun SCXW92274836\"> (<\/span><br \/>\n  <span class=\"SpellingError SCXW92274836\">Austrija<\/span><br \/>\n  <span class=\"NormalTextRun SCXW92274836\">), e-<\/span><br \/>\n  <span class=\"SpellingError SCXW92274836\">media<\/span><br \/>\n  <span class=\"NormalTextRun SCXW92274836\"> (\u0160veice).<\/span><br \/>\n<\/span><\/span><\/p>\n<\/div>\n\t\t<\/div>\n\t\t\t\t\t<\/div>\n\n\t\n<\/div>\n<div class=\"social-icons share-icons share-row relative full-width text-right icon-style-fill\" style=\"font-size:80%\"><a href=\"whatsapp:\/\/send?text=Tytex - https:\/\/meditex.ee\/lv\/tytex\/\" data-action=\"share\/whatsapp\/share\" class=\"icon primary button circle tooltip whatsapp show-for-medium\" title=\"Share on WhatsApp\" aria-label=\"Share on WhatsApp\"><i class=\"icon-whatsapp\" aria-hidden=\"true\"><\/i><\/a><a href=\"https:\/\/www.facebook.com\/sharer.php?u=https:\/\/meditex.ee\/lv\/tytex\/\" data-label=\"Facebook\" onclick=\"window.open(this.href,this.title,'width=500,height=500,top=300px,left=300px'); return false;\" target=\"_blank\" class=\"icon primary button circle tooltip facebook\" title=\"Share on Facebook\" aria-label=\"Share on Facebook\" rel=\"noopener nofollow\"><i class=\"icon-facebook\" aria-hidden=\"true\"><\/i><\/a><a href=\"https:\/\/twitter.com\/share?url=https:\/\/meditex.ee\/lv\/tytex\/\" onclick=\"window.open(this.href,this.title,'width=500,height=500,top=300px,left=300px'); return false;\" target=\"_blank\" class=\"icon primary button circle tooltip twitter\" title=\"Share on Twitter\" aria-label=\"Share on Twitter\" rel=\"noopener nofollow\"><i class=\"icon-twitter\" aria-hidden=\"true\"><\/i><\/a><a href=\"mailto:?subject=Tytex&body=Check%20this%20out%3A%20https%3A%2F%2Fmeditex.ee%2Flv%2Ftytex%2F\" class=\"icon primary button circle tooltip email\" title=\"Email to a Friend\" aria-label=\"Email to a Friend\" rel=\"nofollow\"><i class=\"icon-envelop\" aria-hidden=\"true\"><\/i><\/a><a href=\"https:\/\/pinterest.com\/pin\/create\/button?url=https:\/\/meditex.ee\/lv\/tytex\/&media&description=Tytex\" onclick=\"window.open(this.href,this.title,'width=500,height=500,top=300px,left=300px'); return false;\" target=\"_blank\" class=\"icon primary button circle tooltip pinterest\" title=\"Pin on Pinterest\" aria-label=\"Pin on Pinterest\" rel=\"noopener nofollow\"><i class=\"icon-pinterest\" aria-hidden=\"true\"><\/i><\/a><a href=\"https:\/\/www.linkedin.com\/shareArticle?mini=true&url=https:\/\/meditex.ee\/lv\/tytex\/&title=Tytex\" onclick=\"window.open(this.href,this.title,'width=500,height=500,top=300px,left=300px'); return false;\" target=\"_blank\" class=\"icon primary button circle tooltip linkedin\" title=\"Share on LinkedIn\" aria-label=\"Share on LinkedIn\" rel=\"noopener nofollow\"><i class=\"icon-linkedin\" aria-hidden=\"true\"><\/i><\/a><\/div>\n<div class=\"text-center\"><div class=\"is-divider divider clearfix\" ><\/div><\/div>\n<a href=\"https:\/\/meditex.ee\/pood\/\" class=\"button primary is-bevel is-large box-shadow-3 box-shadow-5-hover expand\" style=\"border-radius:8px;\">\n\t<i class=\"icon-shopping-cart\" aria-hidden=\"true\"><\/i>\t<span>Veikals veikal\u0101<\/span>\n\t<\/a>\n\n","protected":false},"excerpt":{"rendered":"<p>Tytex ra\u017eo\u0161an\u0101 izmantot\u0101 tehnolo\u0123ija Tytexi tehnolo\u0123iju platforma ir koncentr\u0113jas uz velku un audu tehnolo\u0123ij\u0101m. T\u0101 rezult\u0101t\u0101 tiek izgatavoti pusfabrik\u0101ti un audumi, kas piegu\u013c \u0137ermenim. Ikdien\u0101 tiek str\u0101d\u0101ts pie \u0161o meto\u017eu pilnveido\u0161anas visos ra\u017eotajos medic\u012bniskajos tekstilizstr\u0101d\u0101jumos, k\u0101 rezult\u0101t\u0101. visi uz\u0146\u0113muma portfolio produkti atbilst \u010detriem atsl\u0113gas v\u0101rdiem:<\/p>\n","protected":false},"author":1,"featured_media":0,"parent":0,"menu_order":0,"comment_status":"closed","ping_status":"closed","template":"","meta":{"footnotes":""},"class_list":["post-16364","page","type-page","status-publish","hentry"],"yoast_head":"<!-- This site is optimized with the Yoast SEO plugin v27.3 - https:\/\/yoast.com\/product\/yoast-seo-wordpress\/ -->\n<title>Tytex - Meditex<\/title>\n<meta name=\"robots\" content=\"index, follow, max-snippet:-1, max-image-preview:large, max-video-preview:-1\" \/>\n<link rel=\"canonical\" href=\"https:\/\/meditex.ee\/lv\/?page_id=16364\" \/>\n<meta property=\"og:locale\" content=\"lv_LV\" \/>\n<meta property=\"og:type\" content=\"article\" \/>\n<meta property=\"og:title\" content=\"Tytex - Meditex\" \/>\n<meta property=\"og:description\" content=\"Tytex ra\u017eo\u0161an\u0101 izmantot\u0101 tehnolo\u0123ija Tytexi tehnolo\u0123iju platforma ir koncentr\u0113jas uz velku un audu tehnolo\u0123ij\u0101m. T\u0101 rezult\u0101t\u0101 tiek izgatavoti pusfabrik\u0101ti un audumi, kas piegu\u013c \u0137ermenim. Ikdien\u0101 tiek str\u0101d\u0101ts pie \u0161o meto\u017eu pilnveido\u0161anas visos ra\u017eotajos medic\u012bniskajos tekstilizstr\u0101d\u0101jumos, k\u0101 rezult\u0101t\u0101. visi uz\u0146\u0113muma portfolio produkti atbilst \u010detriem atsl\u0113gas v\u0101rdiem:\" \/>\n<meta property=\"og:url\" content=\"https:\/\/meditex.ee\/lv\/?page_id=16364\" \/>\n<meta property=\"og:site_name\" content=\"Meditex\" \/>\n<meta property=\"article:publisher\" content=\"https:\/\/www.facebook.com\/meditexepood\/\" \/>\n<meta property=\"article:modified_time\" content=\"2023-07-31T09:48:17+00:00\" \/>\n<meta name=\"twitter:card\" content=\"summary_large_image\" \/>\n<meta name=\"twitter:label1\" content=\"Est. reading time\" \/>\n\t<meta name=\"twitter:data1\" content=\"3 minutes\" \/>\n<script type=\"application\/ld+json\" class=\"yoast-schema-graph\">{\"@context\":\"https:\\\/\\\/schema.org\",\"@graph\":[{\"@type\":\"WebPage\",\"@id\":\"https:\\\/\\\/meditex.ee\\\/lv\\\/?page_id=16364\",\"url\":\"https:\\\/\\\/meditex.ee\\\/lv\\\/?page_id=16364\",\"name\":\"Tytex - Meditex\",\"isPartOf\":{\"@id\":\"https:\\\/\\\/meditex.ee\\\/en\\\/#website\"},\"datePublished\":\"2023-07-31T09:48:15+00:00\",\"dateModified\":\"2023-07-31T09:48:17+00:00\",\"breadcrumb\":{\"@id\":\"https:\\\/\\\/meditex.ee\\\/lv\\\/?page_id=16364#breadcrumb\"},\"inLanguage\":\"lv-LV\",\"potentialAction\":[{\"@type\":\"ReadAction\",\"target\":[\"https:\\\/\\\/meditex.ee\\\/lv\\\/?page_id=16364\"]}]},{\"@type\":\"BreadcrumbList\",\"@id\":\"https:\\\/\\\/meditex.ee\\\/lv\\\/?page_id=16364#breadcrumb\",\"itemListElement\":[{\"@type\":\"ListItem\",\"position\":1,\"name\":\"Home\",\"item\":\"https:\\\/\\\/meditex.ee\\\/lv\\\/\"},{\"@type\":\"ListItem\",\"position\":2,\"name\":\"Tytex\"}]},{\"@type\":\"WebSite\",\"@id\":\"https:\\\/\\\/meditex.ee\\\/en\\\/#website\",\"url\":\"https:\\\/\\\/meditex.ee\\\/en\\\/\",\"name\":\"Meditex\",\"description\":\"\",\"publisher\":{\"@id\":\"https:\\\/\\\/meditex.ee\\\/en\\\/#organization\"},\"potentialAction\":[{\"@type\":\"SearchAction\",\"target\":{\"@type\":\"EntryPoint\",\"urlTemplate\":\"https:\\\/\\\/meditex.ee\\\/en\\\/?s={search_term_string}\"},\"query-input\":{\"@type\":\"PropertyValueSpecification\",\"valueRequired\":true,\"valueName\":\"search_term_string\"}}],\"inLanguage\":\"lv-LV\"},{\"@type\":\"Organization\",\"@id\":\"https:\\\/\\\/meditex.ee\\\/en\\\/#organization\",\"name\":\"Meditex\",\"url\":\"https:\\\/\\\/meditex.ee\\\/en\\\/\",\"logo\":{\"@type\":\"ImageObject\",\"inLanguage\":\"lv-LV\",\"@id\":\"https:\\\/\\\/meditex.ee\\\/en\\\/#\\\/schema\\\/logo\\\/image\\\/\",\"url\":\"https:\\\/\\\/meditex.ee\\\/wp-content\\\/uploads\\\/2018\\\/03\\\/mdtx_logo.png\",\"contentUrl\":\"https:\\\/\\\/meditex.ee\\\/wp-content\\\/uploads\\\/2018\\\/03\\\/mdtx_logo.png\",\"width\":669,\"height\":235,\"caption\":\"Meditex\"},\"image\":{\"@id\":\"https:\\\/\\\/meditex.ee\\\/en\\\/#\\\/schema\\\/logo\\\/image\\\/\"},\"sameAs\":[\"https:\\\/\\\/www.facebook.com\\\/meditexepood\\\/\"]}]}<\/script>\n<!-- \/ Yoast SEO plugin. -->","yoast_head_json":{"title":"Tytex - Meditex","robots":{"index":"index","follow":"follow","max-snippet":"max-snippet:-1","max-image-preview":"max-image-preview:large","max-video-preview":"max-video-preview:-1"},"canonical":"https:\/\/meditex.ee\/lv\/?page_id=16364","og_locale":"lv_LV","og_type":"article","og_title":"Tytex - Meditex","og_description":"Tytex ra\u017eo\u0161an\u0101 izmantot\u0101 tehnolo\u0123ija Tytexi tehnolo\u0123iju platforma ir koncentr\u0113jas uz velku un audu tehnolo\u0123ij\u0101m. T\u0101 rezult\u0101t\u0101 tiek izgatavoti pusfabrik\u0101ti un audumi, kas piegu\u013c \u0137ermenim. Ikdien\u0101 tiek str\u0101d\u0101ts pie \u0161o meto\u017eu pilnveido\u0161anas visos ra\u017eotajos medic\u012bniskajos tekstilizstr\u0101d\u0101jumos, k\u0101 rezult\u0101t\u0101. visi uz\u0146\u0113muma portfolio produkti atbilst \u010detriem atsl\u0113gas v\u0101rdiem:","og_url":"https:\/\/meditex.ee\/lv\/?page_id=16364","og_site_name":"Meditex","article_publisher":"https:\/\/www.facebook.com\/meditexepood\/","article_modified_time":"2023-07-31T09:48:17+00:00","twitter_card":"summary_large_image","twitter_misc":{"Est. reading time":"3 minutes"},"schema":{"@context":"https:\/\/schema.org","@graph":[{"@type":"WebPage","@id":"https:\/\/meditex.ee\/lv\/?page_id=16364","url":"https:\/\/meditex.ee\/lv\/?page_id=16364","name":"Tytex - Meditex","isPartOf":{"@id":"https:\/\/meditex.ee\/en\/#website"},"datePublished":"2023-07-31T09:48:15+00:00","dateModified":"2023-07-31T09:48:17+00:00","breadcrumb":{"@id":"https:\/\/meditex.ee\/lv\/?page_id=16364#breadcrumb"},"inLanguage":"lv-LV","potentialAction":[{"@type":"ReadAction","target":["https:\/\/meditex.ee\/lv\/?page_id=16364"]}]},{"@type":"BreadcrumbList","@id":"https:\/\/meditex.ee\/lv\/?page_id=16364#breadcrumb","itemListElement":[{"@type":"ListItem","position":1,"name":"Home","item":"https:\/\/meditex.ee\/lv\/"},{"@type":"ListItem","position":2,"name":"Tytex"}]},{"@type":"WebSite","@id":"https:\/\/meditex.ee\/en\/#website","url":"https:\/\/meditex.ee\/en\/","name":"Meditex","description":"","publisher":{"@id":"https:\/\/meditex.ee\/en\/#organization"},"potentialAction":[{"@type":"SearchAction","target":{"@type":"EntryPoint","urlTemplate":"https:\/\/meditex.ee\/en\/?s={search_term_string}"},"query-input":{"@type":"PropertyValueSpecification","valueRequired":true,"valueName":"search_term_string"}}],"inLanguage":"lv-LV"},{"@type":"Organization","@id":"https:\/\/meditex.ee\/en\/#organization","name":"Meditex","url":"https:\/\/meditex.ee\/en\/","logo":{"@type":"ImageObject","inLanguage":"lv-LV","@id":"https:\/\/meditex.ee\/en\/#\/schema\/logo\/image\/","url":"https:\/\/meditex.ee\/wp-content\/uploads\/2018\/03\/mdtx_logo.png","contentUrl":"https:\/\/meditex.ee\/wp-content\/uploads\/2018\/03\/mdtx_logo.png","width":669,"height":235,"caption":"Meditex"},"image":{"@id":"https:\/\/meditex.ee\/en\/#\/schema\/logo\/image\/"},"sameAs":["https:\/\/www.facebook.com\/meditexepood\/"]}]}},"_links":{"self":[{"href":"https:\/\/meditex.ee\/lv\/wp-json\/wp\/v2\/pages\/16364","targetHints":{"allow":["GET"]}}],"collection":[{"href":"https:\/\/meditex.ee\/lv\/wp-json\/wp\/v2\/pages"}],"about":[{"href":"https:\/\/meditex.ee\/lv\/wp-json\/wp\/v2\/types\/page"}],"author":[{"embeddable":true,"href":"https:\/\/meditex.ee\/lv\/wp-json\/wp\/v2\/users\/1"}],"replies":[{"embeddable":true,"href":"https:\/\/meditex.ee\/lv\/wp-json\/wp\/v2\/comments?post=16364"}],"version-history":[{"count":0,"href":"https:\/\/meditex.ee\/lv\/wp-json\/wp\/v2\/pages\/16364\/revisions"}],"wp:attachment":[{"href":"https:\/\/meditex.ee\/lv\/wp-json\/wp\/v2\/media?parent=16364"}],"curies":[{"name":"wp","href":"https:\/\/api.w.org\/{rel}","templated":true}]}}