{"id":15893,"date":"2023-03-14T09:47:05","date_gmt":"2023-03-14T09:47:05","guid":{"rendered":"https:\/\/meditex.ee\/?page_id=15893"},"modified":"2023-08-01T11:22:09","modified_gmt":"2023-08-01T11:22:09","slug":"ka-merit-carefix","status":"publish","type":"page","link":"https:\/\/meditex.ee\/lv\/ka-merit-carefix\/","title":{"rendered":"Carefix kr\u016b\u0161turi \u2013 k\u0101 m\u0113r\u012bt"},"content":{"rendered":"\n<div class=\"text-center\"><div class=\"is-divider divider clearfix\" ><\/div><\/div>\n\n<div class=\"row\"  id=\"row-10785399\">\n\n\n\t<div id=\"col-581591853\" class=\"col medium-4 small-12 large-4\"  >\n\t\t\t\t<div class=\"col-inner\"  >\n\t\t\t\n\t\t\t\n\n\t<div class=\"img has-hover x md-x lg-x y md-y lg-y\" id=\"image_444919400\">\n\t\t\t\t\t\t\t\t<div class=\"img-inner dark\" >\n\t\t\t<img decoding=\"async\" width=\"1020\" height=\"315\" src=\"https:\/\/meditex.ee\/wp-content\/uploads\/2018\/03\/CAREFIX_PAYOFF_4F-1400x433.png\" class=\"attachment-large size-large\" alt=\"\" srcset=\"https:\/\/meditex.ee\/wp-content\/uploads\/2018\/03\/CAREFIX_PAYOFF_4F-1400x433.png 1400w, https:\/\/meditex.ee\/wp-content\/uploads\/2018\/03\/CAREFIX_PAYOFF_4F-510x158.png 510w, https:\/\/meditex.ee\/wp-content\/uploads\/2018\/03\/CAREFIX_PAYOFF_4F-800x248.png 800w, https:\/\/meditex.ee\/wp-content\/uploads\/2018\/03\/CAREFIX_PAYOFF_4F-768x238.png 768w, https:\/\/meditex.ee\/wp-content\/uploads\/2018\/03\/CAREFIX_PAYOFF_4F-600x186.png 600w, https:\/\/meditex.ee\/wp-content\/uploads\/2018\/03\/CAREFIX_PAYOFF_4F.png 2038w\" sizes=\"(max-width: 1020px) 100vw, 1020px\" \/>\t\t\t\t\t\t\n\t\t\t\t\t<\/div>\n\t\t\t\t\t\t\t\t\n<style>\n#image_444919400 {\n  width: 85%;\n}\n<\/style>\n\t<\/div>\n\t\n\n\n\t\t<\/div>\n\t\t\t\t\t<\/div>\n\n\t\n\n\t<div id=\"col-2073635175\" class=\"col medium-4 small-12 large-4\"  >\n\t\t\t\t<div class=\"col-inner\"  >\n\t\t\t\n\t\t\t\n\n\n\t\t<\/div>\n\t\t\t\t\t<\/div>\n\n\t\n\n\t<div id=\"col-447647313\" class=\"col medium-4 small-12 large-4\"  >\n\t\t\t\t<div class=\"col-inner\"  >\n\t\t\t\n\t\t\t\n\n\n\t\t<\/div>\n\t\t\t\t\t<\/div>\n\n\t\n\n<\/div>\n<h3 style=\"text-align: left;\" data-fontsize=\"28\" data-lineheight=\"52\"><span style=\"color: #00aae7;\"><strong><em>Carefix<\/em><\/strong><strong> kr\u016b\u0161turi \u2013 k\u0101 m\u0113r\u012bt<\/strong><\/span><\/h3>\n<p style=\"text-align: left;\" data-fontsize=\"16\" data-lineheight=\"19\"><span style=\"color: #000000;\">Izmantojiet t\u0101l\u0101k redzamo izm\u0113ru ce\u013cvedi, lai atrastu pareizo izm\u0113ru*<\/span><\/p>\n\t<div class=\"img has-hover x md-x lg-x y md-y lg-y\" id=\"image_731007193\">\n\t\t\t\t\t\t\t\t<div class=\"img-inner dark\" >\n\t\t\t<img decoding=\"async\" width=\"251\" height=\"258\" src=\"https:\/\/meditex.ee\/wp-content\/uploads\/2018\/04\/carefix-bra_how-to-measure_1-2.png\" class=\"attachment-large size-large\" alt=\"\" \/>\t\t\t\t\t\t\n\t\t\t\t\t<\/div>\n\t\t\t\t\t\t\t\t\n<style>\n#image_731007193 {\n  width: 22%;\n}\n<\/style>\n\t<\/div>\n\t\n\n<ol>\n<li>Izm\u0113riet \u0137erme\u0146a apk\u0101rtm\u0113ru tie\u0161i zem kr\u016bt\u012bm (\u0136erme\u0146a apk\u0101rtm\u0113rs)<\/li>\n<li>Izm\u0113riet \u0137erme\u0146a apk\u0101rtm\u0113ru pilnaj\u0101 kr\u016b\u0161u da\u013c\u0101 (Kr\u016b\u0161u apk\u0101rtm\u0113rs)<\/li>\n<li>Starp\u012bba starp \u0136erme\u0146a apk\u0101rtm\u0113ru un Kr\u016b\u0161u apk\u0101rtm\u0113ru par\u0101da j\u016bsu b\u013codi\u0146as izm\u0113ru, piem\u0113ram:<\/li>\n<\/ol>\n<p>(Kr\u016b\u0161u apk\u0101rtm\u0113rs \u2013 \u0136erme\u0146a apk\u0101rtm\u0113rs = B\u013codi\u0146as izm\u0113rs)<\/p>\n<p>cm 95 \u2013 80 = 15 cm, t.i. B b\u013codi\u0146a<\/p>\n<p>coll\u0101s 38 \u2013 32 = 6 collas, t.i. B10 b\u013codi\u0146a \u2013 12 cm \/ 4.0 \u2013 4.7 collas =AA b\u013codi\u0146a<\/p>\n<p>12 \u2013 14 cm \/ 4.7 \u2013 5.5 collas = A b\u013codi\u0146a<\/p>\n<p>14 \u2013 16 cm \/ 5.5 \u2013 6.3 collas = B b\u013codi\u0146a<\/p>\n<p>16 \u2013 18 cm \/ 6.3 \u2013 7.1 collas = C b\u013codi\u0146a<\/p>\n<p>18 \u2013 20 cm \/ 7.1 \u2013 7.9 collas = D b\u013codi\u0146a<\/p>\n<p>20 \u2013 22 cm \/ 7.9 \u2013 8.7 collas = E b\u013codi\u0146a<\/p>\n<p>22 \u2013 24 cm \/ 8.7 \u2013 9.4 collas = F b\u013codi\u0146a<\/p>\n<ol start=\"4\">\n<li>Lai noskaidrotu kr\u016b\u0161tura izm\u0113ru, izmantojiet \u0137erme\u0146a apk\u0101rtm\u0113ru un b\u013codi\u0146as izm\u0113ru. Ja j\u016bsu \u0137erme\u0146a apk\u0101rtm\u0113rs ir 80 cm\/32 collas un j\u016bsu b\u013codi\u0146as izm\u0113rs ir B, izmantojiet <em>Carefix<\/em> izm\u0113ru tabulu, lai noskaidrotu atbilsto\u0161u izm\u0113ru (M izm\u0113rs ir zem\u0101k redzamaj\u0101 tabul\u0101).<\/li>\n<\/ol>\n\t<div class=\"img has-hover x md-x lg-x y md-y lg-y\" id=\"image_397465910\">\n\t\t\t\t\t\t\t\t<div class=\"img-inner dark\" >\n\t\t\t<img decoding=\"async\" width=\"521\" height=\"176\" src=\"https:\/\/meditex.ee\/wp-content\/uploads\/2018\/04\/carefix-bra_how-to-measure_size-table.png\" class=\"attachment-large size-large\" alt=\"\" srcset=\"https:\/\/meditex.ee\/wp-content\/uploads\/2018\/04\/carefix-bra_how-to-measure_size-table.png 521w, https:\/\/meditex.ee\/wp-content\/uploads\/2018\/04\/carefix-bra_how-to-measure_size-table-510x172.png 510w\" sizes=\"(max-width: 521px) 100vw, 521px\" \/>\t\t\t\t\t\t\n\t\t\t\t\t<\/div>\n\t\t\t\t\t\t\t\t\n<style>\n#image_397465910 {\n  width: 55%;\n}\n<\/style>\n\t<\/div>\n\t\n\n<div class=\"fusion-text\">\n<p>* PIEZ\u012aME<\/p>\n<p>Iesp\u0113jam\u0101 p\u0113coper\u0101cijas piet\u016bkuma un t\u016bskas d\u0113\u013c jums, visticam\u0101k, b\u016bs j\u0101palielina izm\u0113rs par 1\u20132&nbsp;izm\u0113riem sal\u012bdzin\u0101jum\u0101 ar parasto kr\u016b\u0161tura izm\u0113ru. Lai ieg\u016btu liel\u0101ku kompresiju, kr\u016b\u0161tura izm\u0113ru samaziniet par vienu izm\u0113ru, savuk\u0101rt, maz\u0101kai kompresijai palieliniet kr\u016b\u0161tura izm\u0113ru par vienu izm\u0113ru. Svar\u012bgi! Vienm\u0113r izm\u0113riet sevi, lai noskaidrotu pareizo izm\u0113ru!<\/p>\n<\/div>\n<p data-fontsize=\"16\" data-lineheight=\"19\">&nbsp;<\/p>\n<p style=\"text-align: left;\" data-fontsize=\"16\" data-lineheight=\"19\">Skat\u012bt ar\u012b izm\u0113ru izv\u0113les video (ang\u013cu valod\u0101).<\/p>\n<div class=\"video video-fit mb\" style=\"padding-top:50%;\"><iframe title=\"Carefix post op bra size guide\" width=\"1020\" height=\"574\" src=\"https:\/\/www.youtube.com\/embed\/dbbiT3K8OrQ?feature=oembed\" frameborder=\"0\" allow=\"accelerometer; autoplay; clipboard-write; encrypted-media; gyroscope; picture-in-picture; web-share\" referrerpolicy=\"strict-origin-when-cross-origin\" allowfullscreen><\/iframe><\/div>\n","protected":false},"excerpt":{"rendered":"","protected":false},"author":1,"featured_media":0,"parent":0,"menu_order":0,"comment_status":"closed","ping_status":"closed","template":"","meta":{"footnotes":""},"class_list":["post-15893","page","type-page","status-publish","hentry"],"yoast_head":"<!-- This site is optimized with the Yoast SEO plugin v27.3 - https:\/\/yoast.com\/product\/yoast-seo-wordpress\/ -->\n<title>Carefix kr\u016b\u0161turi \u2013 k\u0101 m\u0113r\u012bt<\/title>\n<meta name=\"description\" content=\"Carefix kr\u016b\u0161turi \u2013 k\u0101 m\u0113r\u012bt. Izlasiet rokasgr\u0101mata par to, k\u0101 atrast sev piem\u0113rot\u0101ks Carefix kr\u016b\u0161turi izm\u0113ru.\" \/>\n<meta name=\"robots\" content=\"index, follow, max-snippet:-1, max-image-preview:large, max-video-preview:-1\" \/>\n<link rel=\"canonical\" href=\"https:\/\/meditex.ee\/lv\/ka-merit-carefix\/\" \/>\n<meta property=\"og:locale\" content=\"lv_LV\" \/>\n<meta property=\"og:type\" content=\"article\" \/>\n<meta property=\"og:title\" content=\"Carefix kr\u016b\u0161turi \u2013 k\u0101 m\u0113r\u012bt\" \/>\n<meta property=\"og:description\" content=\"Carefix kr\u016b\u0161turi \u2013 k\u0101 m\u0113r\u012bt. Izlasiet rokasgr\u0101mata par to, k\u0101 atrast sev piem\u0113rot\u0101ks Carefix kr\u016b\u0161turi izm\u0113ru.\" \/>\n<meta property=\"og:url\" content=\"https:\/\/meditex.ee\/lv\/ka-merit-carefix\/\" \/>\n<meta property=\"og:site_name\" content=\"Meditex\" \/>\n<meta property=\"article:publisher\" content=\"https:\/\/www.facebook.com\/meditexepood\/\" \/>\n<meta property=\"article:modified_time\" content=\"2023-08-01T11:22:09+00:00\" \/>\n<meta name=\"twitter:card\" content=\"summary_large_image\" \/>\n<meta name=\"twitter:label1\" content=\"Est. reading time\" \/>\n\t<meta name=\"twitter:data1\" content=\"2 minutes\" \/>\n<script type=\"application\/ld+json\" class=\"yoast-schema-graph\">{\"@context\":\"https:\\\/\\\/schema.org\",\"@graph\":[{\"@type\":\"WebPage\",\"@id\":\"https:\\\/\\\/meditex.ee\\\/lv\\\/ka-merit-carefix\\\/\",\"url\":\"https:\\\/\\\/meditex.ee\\\/lv\\\/ka-merit-carefix\\\/\",\"name\":\"Carefix kr\u016b\u0161turi \u2013 k\u0101 m\u0113r\u012bt\",\"isPartOf\":{\"@id\":\"https:\\\/\\\/meditex.ee\\\/en\\\/#website\"},\"datePublished\":\"2023-03-14T09:47:05+00:00\",\"dateModified\":\"2023-08-01T11:22:09+00:00\",\"description\":\"Carefix kr\u016b\u0161turi \u2013 k\u0101 m\u0113r\u012bt. Izlasiet rokasgr\u0101mata par to, k\u0101 atrast sev piem\u0113rot\u0101ks Carefix kr\u016b\u0161turi izm\u0113ru.\",\"breadcrumb\":{\"@id\":\"https:\\\/\\\/meditex.ee\\\/lv\\\/ka-merit-carefix\\\/#breadcrumb\"},\"inLanguage\":\"lv-LV\",\"potentialAction\":[{\"@type\":\"ReadAction\",\"target\":[\"https:\\\/\\\/meditex.ee\\\/lv\\\/ka-merit-carefix\\\/\"]}]},{\"@type\":\"BreadcrumbList\",\"@id\":\"https:\\\/\\\/meditex.ee\\\/lv\\\/ka-merit-carefix\\\/#breadcrumb\",\"itemListElement\":[{\"@type\":\"ListItem\",\"position\":1,\"name\":\"Home\",\"item\":\"https:\\\/\\\/meditex.ee\\\/lv\\\/\"},{\"@type\":\"ListItem\",\"position\":2,\"name\":\"Carefix kr\u016b\u0161turi \u2013 k\u0101 m\u0113r\u012bt\"}]},{\"@type\":\"WebSite\",\"@id\":\"https:\\\/\\\/meditex.ee\\\/en\\\/#website\",\"url\":\"https:\\\/\\\/meditex.ee\\\/en\\\/\",\"name\":\"Meditex\",\"description\":\"\",\"publisher\":{\"@id\":\"https:\\\/\\\/meditex.ee\\\/en\\\/#organization\"},\"potentialAction\":[{\"@type\":\"SearchAction\",\"target\":{\"@type\":\"EntryPoint\",\"urlTemplate\":\"https:\\\/\\\/meditex.ee\\\/en\\\/?s={search_term_string}\"},\"query-input\":{\"@type\":\"PropertyValueSpecification\",\"valueRequired\":true,\"valueName\":\"search_term_string\"}}],\"inLanguage\":\"lv-LV\"},{\"@type\":\"Organization\",\"@id\":\"https:\\\/\\\/meditex.ee\\\/en\\\/#organization\",\"name\":\"Meditex\",\"url\":\"https:\\\/\\\/meditex.ee\\\/en\\\/\",\"logo\":{\"@type\":\"ImageObject\",\"inLanguage\":\"lv-LV\",\"@id\":\"https:\\\/\\\/meditex.ee\\\/en\\\/#\\\/schema\\\/logo\\\/image\\\/\",\"url\":\"https:\\\/\\\/meditex.ee\\\/wp-content\\\/uploads\\\/2018\\\/03\\\/mdtx_logo.png\",\"contentUrl\":\"https:\\\/\\\/meditex.ee\\\/wp-content\\\/uploads\\\/2018\\\/03\\\/mdtx_logo.png\",\"width\":669,\"height\":235,\"caption\":\"Meditex\"},\"image\":{\"@id\":\"https:\\\/\\\/meditex.ee\\\/en\\\/#\\\/schema\\\/logo\\\/image\\\/\"},\"sameAs\":[\"https:\\\/\\\/www.facebook.com\\\/meditexepood\\\/\"]}]}<\/script>\n<!-- \/ Yoast SEO plugin. -->","yoast_head_json":{"title":"Carefix kr\u016b\u0161turi \u2013 k\u0101 m\u0113r\u012bt","description":"Carefix kr\u016b\u0161turi \u2013 k\u0101 m\u0113r\u012bt. Izlasiet rokasgr\u0101mata par to, k\u0101 atrast sev piem\u0113rot\u0101ks Carefix kr\u016b\u0161turi izm\u0113ru.","robots":{"index":"index","follow":"follow","max-snippet":"max-snippet:-1","max-image-preview":"max-image-preview:large","max-video-preview":"max-video-preview:-1"},"canonical":"https:\/\/meditex.ee\/lv\/ka-merit-carefix\/","og_locale":"lv_LV","og_type":"article","og_title":"Carefix kr\u016b\u0161turi \u2013 k\u0101 m\u0113r\u012bt","og_description":"Carefix kr\u016b\u0161turi \u2013 k\u0101 m\u0113r\u012bt. Izlasiet rokasgr\u0101mata par to, k\u0101 atrast sev piem\u0113rot\u0101ks Carefix kr\u016b\u0161turi izm\u0113ru.","og_url":"https:\/\/meditex.ee\/lv\/ka-merit-carefix\/","og_site_name":"Meditex","article_publisher":"https:\/\/www.facebook.com\/meditexepood\/","article_modified_time":"2023-08-01T11:22:09+00:00","twitter_card":"summary_large_image","twitter_misc":{"Est. reading time":"2 minutes"},"schema":{"@context":"https:\/\/schema.org","@graph":[{"@type":"WebPage","@id":"https:\/\/meditex.ee\/lv\/ka-merit-carefix\/","url":"https:\/\/meditex.ee\/lv\/ka-merit-carefix\/","name":"Carefix kr\u016b\u0161turi \u2013 k\u0101 m\u0113r\u012bt","isPartOf":{"@id":"https:\/\/meditex.ee\/en\/#website"},"datePublished":"2023-03-14T09:47:05+00:00","dateModified":"2023-08-01T11:22:09+00:00","description":"Carefix kr\u016b\u0161turi \u2013 k\u0101 m\u0113r\u012bt. Izlasiet rokasgr\u0101mata par to, k\u0101 atrast sev piem\u0113rot\u0101ks Carefix kr\u016b\u0161turi izm\u0113ru.","breadcrumb":{"@id":"https:\/\/meditex.ee\/lv\/ka-merit-carefix\/#breadcrumb"},"inLanguage":"lv-LV","potentialAction":[{"@type":"ReadAction","target":["https:\/\/meditex.ee\/lv\/ka-merit-carefix\/"]}]},{"@type":"BreadcrumbList","@id":"https:\/\/meditex.ee\/lv\/ka-merit-carefix\/#breadcrumb","itemListElement":[{"@type":"ListItem","position":1,"name":"Home","item":"https:\/\/meditex.ee\/lv\/"},{"@type":"ListItem","position":2,"name":"Carefix kr\u016b\u0161turi \u2013 k\u0101 m\u0113r\u012bt"}]},{"@type":"WebSite","@id":"https:\/\/meditex.ee\/en\/#website","url":"https:\/\/meditex.ee\/en\/","name":"Meditex","description":"","publisher":{"@id":"https:\/\/meditex.ee\/en\/#organization"},"potentialAction":[{"@type":"SearchAction","target":{"@type":"EntryPoint","urlTemplate":"https:\/\/meditex.ee\/en\/?s={search_term_string}"},"query-input":{"@type":"PropertyValueSpecification","valueRequired":true,"valueName":"search_term_string"}}],"inLanguage":"lv-LV"},{"@type":"Organization","@id":"https:\/\/meditex.ee\/en\/#organization","name":"Meditex","url":"https:\/\/meditex.ee\/en\/","logo":{"@type":"ImageObject","inLanguage":"lv-LV","@id":"https:\/\/meditex.ee\/en\/#\/schema\/logo\/image\/","url":"https:\/\/meditex.ee\/wp-content\/uploads\/2018\/03\/mdtx_logo.png","contentUrl":"https:\/\/meditex.ee\/wp-content\/uploads\/2018\/03\/mdtx_logo.png","width":669,"height":235,"caption":"Meditex"},"image":{"@id":"https:\/\/meditex.ee\/en\/#\/schema\/logo\/image\/"},"sameAs":["https:\/\/www.facebook.com\/meditexepood\/"]}]}},"_links":{"self":[{"href":"https:\/\/meditex.ee\/lv\/wp-json\/wp\/v2\/pages\/15893","targetHints":{"allow":["GET"]}}],"collection":[{"href":"https:\/\/meditex.ee\/lv\/wp-json\/wp\/v2\/pages"}],"about":[{"href":"https:\/\/meditex.ee\/lv\/wp-json\/wp\/v2\/types\/page"}],"author":[{"embeddable":true,"href":"https:\/\/meditex.ee\/lv\/wp-json\/wp\/v2\/users\/1"}],"replies":[{"embeddable":true,"href":"https:\/\/meditex.ee\/lv\/wp-json\/wp\/v2\/comments?post=15893"}],"version-history":[{"count":0,"href":"https:\/\/meditex.ee\/lv\/wp-json\/wp\/v2\/pages\/15893\/revisions"}],"wp:attachment":[{"href":"https:\/\/meditex.ee\/lv\/wp-json\/wp\/v2\/media?parent=15893"}],"curies":[{"name":"wp","href":"https:\/\/api.w.org\/{rel}","templated":true}]}}