{"id":15752,"date":"2023-07-31T10:44:11","date_gmt":"2023-07-31T10:44:11","guid":{"rendered":"https:\/\/meditex.ee\/?page_id=15752"},"modified":"2023-07-31T10:44:13","modified_gmt":"2023-07-31T10:44:13","slug":"konfidencialitates-noteikumi","status":"publish","type":"page","link":"https:\/\/meditex.ee\/lv\/konfidencialitates-noteikumi\/","title":{"rendered":"Konfidencialit\u0101tes noteikumi"},"content":{"rendered":"\n<p><strong>KONFIDENCIALIT\u0100TES NOTEIKUMI<\/strong><\/p>\n<p style=\"text-align: left;\">J\u0113dzieni:<\/p>\n<ul>\n<li style=\"text-align: left;\">Interneta veikals \u2013&nbsp;interneta veikals, kas darbojas vietn\u0113 www.meditex.ee<\/li>\n<li style=\"text-align: left;\">Pirc\u0113js \u2013 fiziska vai juridiska persona, kas ieg\u0101d\u0101jas preces meditex.ee interneta veikal\u0101.<\/li>\n<li style=\"text-align: left;\">Interneta veikala \u012bpa\u0161nieks \u2013&nbsp;<em>Scabo O\u00dc, reg.no. 14316126. Adrese: Nurme tn 5a, 75501 Saku, Estonia<\/em>. E-pasts:&nbsp;<a href=\"mailto:info@scabo.ee\">info@scabo.ee<\/a>. T\u0101lrunis: +372&nbsp;514 8131<\/li>\n<\/ul>\n<p style=\"text-align: left;\">Klientu personas datu apstr\u0101de:<\/p>\n<ul>\n<li style=\"text-align: left;\">Interneta veikals nodro\u0161ina pirc\u0113ja sniegto personas datu izmanto\u0161anu tikai saska\u0146\u0101 ar Fizisko personu datu aizsardz\u012bbas likumu, \u012bpa\u0161i t\u0101d\u0101 apm\u0113r\u0101, kas nepiecie\u0161ams pas\u016bt\u012bjuma izpildei.<\/li>\n<li style=\"text-align: left;\">Interneta veikals nenodod pirc\u0113ja personas datus tre\u0161aj\u0101m pus\u0113m, iz\u0146emot kurjerpakalpojumu uz\u0146\u0113mumam vai uz\u0146\u0113mumam, kas sniedz pakalpojumus, cikt\u0101l tas nepiecie\u0161ams preces pieg\u0101dei klientam vai pakalpojuma pat\u0113ri\u0146am.<\/li>\n<li style=\"text-align: left;\">Interneta veikals var izmantot personas datus ar\u012b m\u0101rketinga zi\u0146ojumu s\u016bt\u012b\u0161anai.<\/li>\n<li style=\"text-align: left;\">Personas dati ir dati, ko pirc\u0113js sniedz, veicot pas\u016bt\u012bjumu; v\u0101rds un uzv\u0101rds, adrese, t\u0101lru\u0146a numurs, e-pasta adrese un bankas rekviz\u012bti.<\/li>\n<li style=\"text-align: left;\">Interneta veikals s\u016bta jaunumus un pied\u0101v\u0101jumus uz pirc\u0113ja e-pasta adresi tikai tad, ja pirc\u0113js ir izr\u0101d\u012bjis interesi, ievadot m\u0101jaslap\u0101 e-pasta adresi, un nor\u0101d\u012bjis v\u0113lmi sa\u0146emt tie\u0161\u0101 pasta zi\u0146ojumus. Pirc\u0113jam vienm\u0113r ir ties\u012bbas no tie\u0161ajiem zi\u0146ojumiem atteikties, nos\u016btot attiec\u012bgu pazi\u0146ojumu uz interneta veikala e-pasta adresi info@meditex.ee.<\/li>\n<\/ul>\n<p style=\"text-align: left;\"><strong>S\u012bkdatnes<\/strong><\/p>\n<p style=\"text-align: left;\">Meditex.ee vietne izmanto s\u012bkdatnes, lai nodro\u0161in\u0101tu lab\u0101ku lietot\u0101ja pieredzi un efekt\u012bv\u0101kas m\u0101rketinga aktivit\u0101tes, k\u0101 ar\u012b apkopotu lieto\u0161anas statistiku.<\/p>\n<p style=\"text-align: left;\">S\u012bkdatne ir teksta fails, ko t\u012bmek\u013ca vietnes nos\u016bta un saglab\u0101 lietot\u0101ja dator\u0101. S\u012bkdatne tiek saglab\u0101ta lietot\u0101ja p\u0101rl\u016bkprogrammas failu direktorij\u0101. Ja lietot\u0101js iepriek\u0161 ir apmekl\u0113jis vietni, p\u0101rl\u016bkprogramma nolas\u012bs s\u012bkdatni un p\u0101rs\u016bt\u012bs inform\u0101ciju uz t\u012bmek\u013ca vietni vai elementu, kas s\u0101kotn\u0113ji saglab\u0101ja s\u012bkdatni.<\/p>\n<p style=\"text-align: left;\">S\u012bkdatnes var izveidot ar\u012b da\u017e\u0101di pakalpojumu sniedz\u0113ji, piem\u0113ram, Google un Facebook (vair\u0101k inform\u0101cijas: Google \u2013&nbsp;<a href=\"https:\/\/policies.google.com\/privacy?hl=et&amp;gl=ee\">https:\/\/policies.google.com\/privacy?hl=et&amp;gl=ee<\/a>, Facebook \u2013&nbsp;<a href=\"https:\/\/www.facebook.com\/policies\/cookies\/\">https:\/\/www.facebook.com\/policies\/cookies\/<\/a>). Citi pakalpojumu sniedz\u0113ji var izmantot savas s\u012bkdatnes, lai apkopotu inform\u0101ciju par vietnes apmekl\u0113t\u0101ja t\u012bmek\u013ca lieto\u0161anas paradumiem, ko var izmantot, lai nodro\u0161in\u0101tu uz lietot\u0101ju orient\u0113tu rekl\u0101mu.<\/p>\n<p style=\"text-align: left;\">S\u012bkdatnes nav b\u012bstamas j\u016bsu datoram. Pla\u0161\u0101ka inform\u0101cija par s\u012bkdatn\u0113m ir pieejama vietn\u0113&nbsp;<a href=\"http:\/\/www.aki.ee\/et\/kupsised\">http:\/\/www.aki.ee\/et\/kupsised<\/a>.<\/p>\n<p style=\"text-align: left;\">Ir divu veidu s\u012bkdatnes: past\u0101v\u012bg\u0101s s\u012bkdatnes un sesijas s\u012bkdatnes.<\/p>\n<p style=\"text-align: left;\">Past\u0101v\u012bg\u0101s s\u012bkdatnes paliek s\u012bkdat\u0146u fail\u0101 lietot\u0101ja dator\u0101. Past\u0101v\u012bgaj\u0101m s\u012bkdatn\u0113m ir ilg\u0101ks kalpo\u0161anas laiks nek\u0101 sesijas s\u012bkdatn\u0113m. \u0160\u0101das s\u012bkdatnes ir der\u012bgas s\u012bkdatn\u0113 nor\u0101d\u012bto laiku (kas s\u012bkdatn\u0113m at\u0161\u0137iras). T\u0101s var izmantot, piem\u0113ram, lai atpaz\u012btu lietot\u0101ju k\u0101 atk\u0101rtotu vietnes apmekl\u0113t\u0101ju un piel\u0101gotu vietnes saturu atbilsto\u0161i lietot\u0101ja vajadz\u012bb\u0101m vai apkopotu statistikas datus.<\/p>\n<p style=\"text-align: left;\">Sesijas s\u012bkdatnes ir \u012bslaic\u012bgas un paz\u016bd, kad lietot\u0101js atst\u0101j t\u012bmek\u013ca vietni vai aizver p\u0101rl\u016bkprogrammu. Sesijas s\u012bkdatnes var izmantot, lai saglab\u0101tu noteiktas t\u012bmek\u013ca lapas funkcijas, piem\u0113ram, valodas izv\u0113li.<\/p>\n<p style=\"text-align: left;\">Tiek uzskat\u012bts, ka t\u012bmek\u013ca vietnes apmekl\u0113t\u0101js ir pie\u0146\u0113mis s\u012bkdatnes, ja p\u0101rl\u016bkprogrammas iestat\u012bjumos t\u0101s ir iesp\u0113jojis. P\u0101rl\u016bkprogrammas bie\u017ei ier\u012bc\u0113 \u013cauj saglab\u0101t s\u012bkdatnes p\u0113c noklus\u0113juma. Lietot\u0101js var atsp\u0113jot s\u012bkdat\u0146u izmanto\u0161anu sav\u0101 ier\u012bc\u0113 vai t\u0101s dz\u0113st, mainot atbilsto\u0161os p\u0101rl\u016bkprogrammas iestat\u012bjumus. Ja neizmantojat s\u012bkdatnes, vietne var nedarboties pareizi. Nor\u0101d\u012bjumus par s\u012bkdat\u0146u dz\u0113\u0161anu un iestat\u012b\u0161anu p\u0101rl\u016bkprogramm\u0101 skat\u012bt \u0161eit:&nbsp;<a href=\"https:\/\/support.google.com\/chrome\/answer\/95647?co=GENIE.Platform%3DDesktop&amp;hl=en\"><em>Chrome<\/em><\/a><em>,&nbsp;<\/em><a href=\"https:\/\/support.microsoft.com\/et-ee\/help\/17442\/windows-internet-explorer-delete-manage-cookies\"><em>Internet Explorer<\/em><\/a><em>,&nbsp;<\/em><a href=\"https:\/\/support.microsoft.com\/en-us\/help\/4468242\/microsoft-edge-browsing-data-and-privacy-microsoft-privacy\"><em>Microsoft Edge<\/em><\/a><em>,&nbsp;<\/em><a href=\"https:\/\/support.mozilla.org\/et\/kb\/enable-and-disable-cookies-website-preferences\"><em>Mozilla Firefox<\/em><\/a><em>,&nbsp;<\/em><a href=\"https:\/\/support.apple.com\/guide\/safari\/sfri11471\/11.0\/mac\/10.13\"><em>Safari<\/em><\/a><em>,&nbsp;<\/em><a href=\"https:\/\/blogs.opera.com\/news\/2015\/08\/how-to-manage-cookies-in-opera\/\"><em>Opera<\/em><\/a>.<\/p>\n<p style=\"text-align: left;\">Izmantojot meditex.ee t\u012bmek\u013ca vietni, lietot\u0101js piekr\u012bt s\u012bkdat\u0146u izmanto\u0161anai.<\/p>\n","protected":false},"excerpt":{"rendered":"","protected":false},"author":1,"featured_media":0,"parent":0,"menu_order":0,"comment_status":"closed","ping_status":"closed","template":"","meta":{"footnotes":""},"class_list":["post-15752","page","type-page","status-publish","hentry"],"yoast_head":"<!-- This site is optimized with the Yoast SEO plugin v27.3 - https:\/\/yoast.com\/product\/yoast-seo-wordpress\/ -->\n<title>Konfidencialit\u0101tes noteikumi - Meditex<\/title>\n<meta name=\"robots\" content=\"noindex, nofollow\" \/>\n<meta property=\"og:locale\" content=\"lv_LV\" \/>\n<meta property=\"og:type\" content=\"article\" \/>\n<meta property=\"og:title\" content=\"Konfidencialit\u0101tes noteikumi - Meditex\" \/>\n<meta property=\"og:url\" content=\"https:\/\/meditex.ee\/lv\/konfidencialitates-noteikumi\/\" \/>\n<meta property=\"og:site_name\" content=\"Meditex\" \/>\n<meta property=\"article:publisher\" content=\"https:\/\/www.facebook.com\/meditexepood\/\" \/>\n<meta property=\"article:modified_time\" content=\"2023-07-31T10:44:13+00:00\" \/>\n<meta name=\"twitter:card\" content=\"summary_large_image\" \/>\n<script type=\"application\/ld+json\" class=\"yoast-schema-graph\">{\"@context\":\"https:\\\/\\\/schema.org\",\"@graph\":[{\"@type\":\"WebPage\",\"@id\":\"https:\\\/\\\/meditex.ee\\\/lv\\\/konfidencialitates-noteikumi\\\/\",\"url\":\"https:\\\/\\\/meditex.ee\\\/lv\\\/konfidencialitates-noteikumi\\\/\",\"name\":\"Konfidencialit\u0101tes noteikumi - Meditex\",\"isPartOf\":{\"@id\":\"https:\\\/\\\/meditex.ee\\\/en\\\/#website\"},\"datePublished\":\"2023-07-31T10:44:11+00:00\",\"dateModified\":\"2023-07-31T10:44:13+00:00\",\"breadcrumb\":{\"@id\":\"https:\\\/\\\/meditex.ee\\\/lv\\\/konfidencialitates-noteikumi\\\/#breadcrumb\"},\"inLanguage\":\"lv-LV\",\"potentialAction\":[{\"@type\":\"ReadAction\",\"target\":[\"https:\\\/\\\/meditex.ee\\\/lv\\\/konfidencialitates-noteikumi\\\/\"]}]},{\"@type\":\"BreadcrumbList\",\"@id\":\"https:\\\/\\\/meditex.ee\\\/lv\\\/konfidencialitates-noteikumi\\\/#breadcrumb\",\"itemListElement\":[{\"@type\":\"ListItem\",\"position\":1,\"name\":\"Home\",\"item\":\"https:\\\/\\\/meditex.ee\\\/lv\\\/\"},{\"@type\":\"ListItem\",\"position\":2,\"name\":\"Konfidencialit\u0101tes noteikumi\"}]},{\"@type\":\"WebSite\",\"@id\":\"https:\\\/\\\/meditex.ee\\\/en\\\/#website\",\"url\":\"https:\\\/\\\/meditex.ee\\\/en\\\/\",\"name\":\"Meditex\",\"description\":\"\",\"publisher\":{\"@id\":\"https:\\\/\\\/meditex.ee\\\/en\\\/#organization\"},\"potentialAction\":[{\"@type\":\"SearchAction\",\"target\":{\"@type\":\"EntryPoint\",\"urlTemplate\":\"https:\\\/\\\/meditex.ee\\\/en\\\/?s={search_term_string}\"},\"query-input\":{\"@type\":\"PropertyValueSpecification\",\"valueRequired\":true,\"valueName\":\"search_term_string\"}}],\"inLanguage\":\"lv-LV\"},{\"@type\":\"Organization\",\"@id\":\"https:\\\/\\\/meditex.ee\\\/en\\\/#organization\",\"name\":\"Meditex\",\"url\":\"https:\\\/\\\/meditex.ee\\\/en\\\/\",\"logo\":{\"@type\":\"ImageObject\",\"inLanguage\":\"lv-LV\",\"@id\":\"https:\\\/\\\/meditex.ee\\\/en\\\/#\\\/schema\\\/logo\\\/image\\\/\",\"url\":\"https:\\\/\\\/meditex.ee\\\/wp-content\\\/uploads\\\/2018\\\/03\\\/mdtx_logo.png\",\"contentUrl\":\"https:\\\/\\\/meditex.ee\\\/wp-content\\\/uploads\\\/2018\\\/03\\\/mdtx_logo.png\",\"width\":669,\"height\":235,\"caption\":\"Meditex\"},\"image\":{\"@id\":\"https:\\\/\\\/meditex.ee\\\/en\\\/#\\\/schema\\\/logo\\\/image\\\/\"},\"sameAs\":[\"https:\\\/\\\/www.facebook.com\\\/meditexepood\\\/\"]}]}<\/script>\n<!-- \/ Yoast SEO plugin. -->","yoast_head_json":{"title":"Konfidencialit\u0101tes noteikumi - Meditex","robots":{"index":"noindex","follow":"nofollow"},"og_locale":"lv_LV","og_type":"article","og_title":"Konfidencialit\u0101tes noteikumi - Meditex","og_url":"https:\/\/meditex.ee\/lv\/konfidencialitates-noteikumi\/","og_site_name":"Meditex","article_publisher":"https:\/\/www.facebook.com\/meditexepood\/","article_modified_time":"2023-07-31T10:44:13+00:00","twitter_card":"summary_large_image","schema":{"@context":"https:\/\/schema.org","@graph":[{"@type":"WebPage","@id":"https:\/\/meditex.ee\/lv\/konfidencialitates-noteikumi\/","url":"https:\/\/meditex.ee\/lv\/konfidencialitates-noteikumi\/","name":"Konfidencialit\u0101tes noteikumi - Meditex","isPartOf":{"@id":"https:\/\/meditex.ee\/en\/#website"},"datePublished":"2023-07-31T10:44:11+00:00","dateModified":"2023-07-31T10:44:13+00:00","breadcrumb":{"@id":"https:\/\/meditex.ee\/lv\/konfidencialitates-noteikumi\/#breadcrumb"},"inLanguage":"lv-LV","potentialAction":[{"@type":"ReadAction","target":["https:\/\/meditex.ee\/lv\/konfidencialitates-noteikumi\/"]}]},{"@type":"BreadcrumbList","@id":"https:\/\/meditex.ee\/lv\/konfidencialitates-noteikumi\/#breadcrumb","itemListElement":[{"@type":"ListItem","position":1,"name":"Home","item":"https:\/\/meditex.ee\/lv\/"},{"@type":"ListItem","position":2,"name":"Konfidencialit\u0101tes noteikumi"}]},{"@type":"WebSite","@id":"https:\/\/meditex.ee\/en\/#website","url":"https:\/\/meditex.ee\/en\/","name":"Meditex","description":"","publisher":{"@id":"https:\/\/meditex.ee\/en\/#organization"},"potentialAction":[{"@type":"SearchAction","target":{"@type":"EntryPoint","urlTemplate":"https:\/\/meditex.ee\/en\/?s={search_term_string}"},"query-input":{"@type":"PropertyValueSpecification","valueRequired":true,"valueName":"search_term_string"}}],"inLanguage":"lv-LV"},{"@type":"Organization","@id":"https:\/\/meditex.ee\/en\/#organization","name":"Meditex","url":"https:\/\/meditex.ee\/en\/","logo":{"@type":"ImageObject","inLanguage":"lv-LV","@id":"https:\/\/meditex.ee\/en\/#\/schema\/logo\/image\/","url":"https:\/\/meditex.ee\/wp-content\/uploads\/2018\/03\/mdtx_logo.png","contentUrl":"https:\/\/meditex.ee\/wp-content\/uploads\/2018\/03\/mdtx_logo.png","width":669,"height":235,"caption":"Meditex"},"image":{"@id":"https:\/\/meditex.ee\/en\/#\/schema\/logo\/image\/"},"sameAs":["https:\/\/www.facebook.com\/meditexepood\/"]}]}},"_links":{"self":[{"href":"https:\/\/meditex.ee\/lv\/wp-json\/wp\/v2\/pages\/15752","targetHints":{"allow":["GET"]}}],"collection":[{"href":"https:\/\/meditex.ee\/lv\/wp-json\/wp\/v2\/pages"}],"about":[{"href":"https:\/\/meditex.ee\/lv\/wp-json\/wp\/v2\/types\/page"}],"author":[{"embeddable":true,"href":"https:\/\/meditex.ee\/lv\/wp-json\/wp\/v2\/users\/1"}],"replies":[{"embeddable":true,"href":"https:\/\/meditex.ee\/lv\/wp-json\/wp\/v2\/comments?post=15752"}],"version-history":[{"count":0,"href":"https:\/\/meditex.ee\/lv\/wp-json\/wp\/v2\/pages\/15752\/revisions"}],"wp:attachment":[{"href":"https:\/\/meditex.ee\/lv\/wp-json\/wp\/v2\/media?parent=15752"}],"curies":[{"name":"wp","href":"https:\/\/api.w.org\/{rel}","templated":true}]}}