{"id":15749,"date":"2018-04-09T11:25:54","date_gmt":"2018-04-09T11:25:54","guid":{"rendered":"https:\/\/meditex.ee\/?page_id=15749"},"modified":"2026-03-09T08:18:15","modified_gmt":"2026-03-09T08:18:15","slug":"atgriezties","status":"publish","type":"page","link":"https:\/\/meditex.ee\/lv\/atgriezties\/","title":{"rendered":"Atgriezties"},"content":{"rendered":"\n<p><strong>PRE\u010cU ATGRIE\u0160ANA<\/strong><\/p>\n<p>Pirc\u0113jam ir ties\u012bbas ne v\u0113l\u0101k k\u0101 divu m\u0113ne\u0161u laik\u0101 p\u0113c defektu ra\u0161an\u0101s v\u0113rsties interneta veikal\u0101, uzr\u0101dot r\u0113\u0137inu par preces ieg\u0101di.<\/p>\n<p>Interneta veikals neatbild par preces defektiem pirc\u0113ja vainas d\u0113\u013c, kas radu\u0161ies preces nepareizas glab\u0101\u0161anas vai neparedz\u0113tas lieto\u0161anas rezult\u0101t\u0101.<\/p>\n<p>Tie\u0161as s\u016bdz\u012bbas p\u0101rdev\u0113jam nepastarpin\u0101ti var nos\u016bt\u012bt rakstveid\u0101 uz info@meditex.ee vai pa pastu uz <em>O\u00dc Scabo, Nurme tn 5a, 75501 Saku, Harjumaa, Estonia<\/em>. Pretenzij\u0101 j\u0101nor\u0101da v\u0101rds, uzv\u0101rds, kontaktt\u0101lrunis, pas\u016bt\u012bjuma numurs un prec\u012bzs preces neatbilst\u012bbas vai defekta apraksts. Visas s\u016bdz\u012bbas tiks izskat\u012btas p\u0113c iesp\u0113jas \u0101tr\u0101k, bet ne v\u0113l\u0101k k\u0101 14 dienu laik\u0101 p\u0113c s\u016bdz\u012bbas sa\u0146em\u0161anas. S\u016bdz\u012bbas var iesniegt ar\u012b Eiropas tie\u0161saistes str\u012bdu iz\u0161\u0137ir\u0161anas vietn\u0113:<\/p>\n<p>https:\/\/ec.europa.eu\/consumers\/odr\/main\/index.cfm?event=main.home2.show&#038;lng=ET<\/p>\n<p>Ja k\u0101da iemesla d\u0113\u013c ieg\u0101d\u0101t\u0101 prece nav piem\u0113rota, pirc\u0113jam ir ties\u012bbas to atgriezt 14 dienu laik\u0101 no preces sa\u0146em\u0161anas dienas. Lai atgrieztu preci, ir j\u0101aizpilda atteikuma veidlapa, kura ir atrodama <strong>\u0161eit<\/strong>. Atteikuma veidlapa j\u0101nos\u016bta uz e-pastu info@meditex.ee ne v\u0113l\u0101k k\u0101 14 dienu laik\u0101 p\u0113c pre\u010du sa\u0146em\u0161anas. Ja pieteikumu nav iesp\u0113jams nos\u016bt\u012bt uz e-pastu, to var pievienot pakai ar atgriezto preci.<\/p>\n<p>Atgrieztaj\u0101m prec\u0113m <strong>j\u0101b\u016bt nelietot\u0101m un ori\u0123in\u0101l\u0101 iepakojum\u0101<\/strong>. Pirc\u0113ja pien\u0101kums ir 14 dienu laik\u0101 no atteikuma pras\u012bbas nos\u016bt\u012b\u0161anas dienas nos\u016bt\u012bt atpaka\u013c preces interneta veikalam. Interneta veikals p\u0113c atteikuma pras\u012bbas sa\u0146em\u0161anas nekav\u0113joties, bet ne v\u0113l\u0101k k\u0101 14 dienu laik\u0101 atgrie\u017e visas no pirc\u0113ja sa\u0146emt\u0101s maksas, tai skait\u0101 ar\u012b preces pieg\u0101des izmaksas, ja vien pirc\u0113js nav izv\u0113l\u0113jies citu pieg\u0101des veidu, kas nav l\u0113t\u0101kais preces pieg\u0101des veids. Interneta veikalam nav j\u0101atgrie\u017e pirc\u0113jam t\u0101das izmaksas, kas p\u0101rsniedz parasto pieg\u0101des veidu.<\/p>\n<p>Ja atgrie\u0161anas kods nav iek\u013cauts pakas sa\u0146em\u0161anas pazi\u0146ojum\u0101 (SMS, e-past\u0101), pirc\u0113js sedz pre\u010du atgrie\u0161anas izmaksas, ja vien atgrie\u0161anas iemesls nav t\u0101ds, ka atgrie\u017eam\u0101 prece neatbilst pas\u016bt\u012bjumam (piem\u0113ram, nepareiza vai boj\u0101ta prece).<\/p>\n<p>Naudas l\u012bdzek\u013ci par atgriezto preci tiks p\u0101rskait\u012bti atpaka\u013c uz pirc\u0113ja nor\u0101d\u012bto bankas kontu 14 dienu laik\u0101 no atteikuma pras\u012bbas sa\u0146em\u0161anas dienas. Lietoti, boj\u0101ti un atv\u0113rti iepakojumi netiek kompens\u0113ti.<\/p>\n\n","protected":false},"excerpt":{"rendered":"","protected":false},"author":1,"featured_media":0,"parent":0,"menu_order":0,"comment_status":"closed","ping_status":"closed","template":"","meta":{"footnotes":""},"class_list":["post-15749","page","type-page","status-publish","hentry"],"yoast_head":"<!-- This site is optimized with the Yoast SEO plugin v27.3 - https:\/\/yoast.com\/product\/yoast-seo-wordpress\/ -->\n<title>Atgriezties - Meditex<\/title>\n<meta name=\"robots\" content=\"noindex, nofollow\" \/>\n<meta property=\"og:locale\" content=\"lv_LV\" \/>\n<meta property=\"og:type\" content=\"article\" \/>\n<meta property=\"og:title\" content=\"Atgriezties - Meditex\" \/>\n<meta property=\"og:url\" content=\"https:\/\/meditex.ee\/lv\/atgriezties\/\" \/>\n<meta property=\"og:site_name\" content=\"Meditex\" \/>\n<meta property=\"article:publisher\" content=\"https:\/\/www.facebook.com\/meditexepood\/\" \/>\n<meta property=\"article:modified_time\" content=\"2026-03-09T08:18:15+00:00\" \/>\n<meta name=\"twitter:card\" content=\"summary_large_image\" \/>\n<meta name=\"twitter:label1\" content=\"Est. reading time\" \/>\n\t<meta name=\"twitter:data1\" content=\"2 minutes\" \/>\n<script type=\"application\/ld+json\" class=\"yoast-schema-graph\">{\"@context\":\"https:\\\/\\\/schema.org\",\"@graph\":[{\"@type\":\"WebPage\",\"@id\":\"https:\\\/\\\/meditex.ee\\\/lv\\\/atgriezties\\\/\",\"url\":\"https:\\\/\\\/meditex.ee\\\/lv\\\/atgriezties\\\/\",\"name\":\"Atgriezties - Meditex\",\"isPartOf\":{\"@id\":\"https:\\\/\\\/meditex.ee\\\/en\\\/#website\"},\"datePublished\":\"2018-04-09T11:25:54+00:00\",\"dateModified\":\"2026-03-09T08:18:15+00:00\",\"breadcrumb\":{\"@id\":\"https:\\\/\\\/meditex.ee\\\/lv\\\/atgriezties\\\/#breadcrumb\"},\"inLanguage\":\"lv-LV\",\"potentialAction\":[{\"@type\":\"ReadAction\",\"target\":[\"https:\\\/\\\/meditex.ee\\\/lv\\\/atgriezties\\\/\"]}]},{\"@type\":\"BreadcrumbList\",\"@id\":\"https:\\\/\\\/meditex.ee\\\/lv\\\/atgriezties\\\/#breadcrumb\",\"itemListElement\":[{\"@type\":\"ListItem\",\"position\":1,\"name\":\"Home\",\"item\":\"https:\\\/\\\/meditex.ee\\\/lv\\\/\"},{\"@type\":\"ListItem\",\"position\":2,\"name\":\"Atgriezties\"}]},{\"@type\":\"WebSite\",\"@id\":\"https:\\\/\\\/meditex.ee\\\/en\\\/#website\",\"url\":\"https:\\\/\\\/meditex.ee\\\/en\\\/\",\"name\":\"Meditex\",\"description\":\"\",\"publisher\":{\"@id\":\"https:\\\/\\\/meditex.ee\\\/en\\\/#organization\"},\"potentialAction\":[{\"@type\":\"SearchAction\",\"target\":{\"@type\":\"EntryPoint\",\"urlTemplate\":\"https:\\\/\\\/meditex.ee\\\/en\\\/?s={search_term_string}\"},\"query-input\":{\"@type\":\"PropertyValueSpecification\",\"valueRequired\":true,\"valueName\":\"search_term_string\"}}],\"inLanguage\":\"lv-LV\"},{\"@type\":\"Organization\",\"@id\":\"https:\\\/\\\/meditex.ee\\\/en\\\/#organization\",\"name\":\"Meditex\",\"url\":\"https:\\\/\\\/meditex.ee\\\/en\\\/\",\"logo\":{\"@type\":\"ImageObject\",\"inLanguage\":\"lv-LV\",\"@id\":\"https:\\\/\\\/meditex.ee\\\/en\\\/#\\\/schema\\\/logo\\\/image\\\/\",\"url\":\"https:\\\/\\\/meditex.ee\\\/wp-content\\\/uploads\\\/2018\\\/03\\\/mdtx_logo.png\",\"contentUrl\":\"https:\\\/\\\/meditex.ee\\\/wp-content\\\/uploads\\\/2018\\\/03\\\/mdtx_logo.png\",\"width\":669,\"height\":235,\"caption\":\"Meditex\"},\"image\":{\"@id\":\"https:\\\/\\\/meditex.ee\\\/en\\\/#\\\/schema\\\/logo\\\/image\\\/\"},\"sameAs\":[\"https:\\\/\\\/www.facebook.com\\\/meditexepood\\\/\"]}]}<\/script>\n<!-- \/ Yoast SEO plugin. -->","yoast_head_json":{"title":"Atgriezties - Meditex","robots":{"index":"noindex","follow":"nofollow"},"og_locale":"lv_LV","og_type":"article","og_title":"Atgriezties - Meditex","og_url":"https:\/\/meditex.ee\/lv\/atgriezties\/","og_site_name":"Meditex","article_publisher":"https:\/\/www.facebook.com\/meditexepood\/","article_modified_time":"2026-03-09T08:18:15+00:00","twitter_card":"summary_large_image","twitter_misc":{"Est. reading time":"2 minutes"},"schema":{"@context":"https:\/\/schema.org","@graph":[{"@type":"WebPage","@id":"https:\/\/meditex.ee\/lv\/atgriezties\/","url":"https:\/\/meditex.ee\/lv\/atgriezties\/","name":"Atgriezties - Meditex","isPartOf":{"@id":"https:\/\/meditex.ee\/en\/#website"},"datePublished":"2018-04-09T11:25:54+00:00","dateModified":"2026-03-09T08:18:15+00:00","breadcrumb":{"@id":"https:\/\/meditex.ee\/lv\/atgriezties\/#breadcrumb"},"inLanguage":"lv-LV","potentialAction":[{"@type":"ReadAction","target":["https:\/\/meditex.ee\/lv\/atgriezties\/"]}]},{"@type":"BreadcrumbList","@id":"https:\/\/meditex.ee\/lv\/atgriezties\/#breadcrumb","itemListElement":[{"@type":"ListItem","position":1,"name":"Home","item":"https:\/\/meditex.ee\/lv\/"},{"@type":"ListItem","position":2,"name":"Atgriezties"}]},{"@type":"WebSite","@id":"https:\/\/meditex.ee\/en\/#website","url":"https:\/\/meditex.ee\/en\/","name":"Meditex","description":"","publisher":{"@id":"https:\/\/meditex.ee\/en\/#organization"},"potentialAction":[{"@type":"SearchAction","target":{"@type":"EntryPoint","urlTemplate":"https:\/\/meditex.ee\/en\/?s={search_term_string}"},"query-input":{"@type":"PropertyValueSpecification","valueRequired":true,"valueName":"search_term_string"}}],"inLanguage":"lv-LV"},{"@type":"Organization","@id":"https:\/\/meditex.ee\/en\/#organization","name":"Meditex","url":"https:\/\/meditex.ee\/en\/","logo":{"@type":"ImageObject","inLanguage":"lv-LV","@id":"https:\/\/meditex.ee\/en\/#\/schema\/logo\/image\/","url":"https:\/\/meditex.ee\/wp-content\/uploads\/2018\/03\/mdtx_logo.png","contentUrl":"https:\/\/meditex.ee\/wp-content\/uploads\/2018\/03\/mdtx_logo.png","width":669,"height":235,"caption":"Meditex"},"image":{"@id":"https:\/\/meditex.ee\/en\/#\/schema\/logo\/image\/"},"sameAs":["https:\/\/www.facebook.com\/meditexepood\/"]}]}},"_links":{"self":[{"href":"https:\/\/meditex.ee\/lv\/wp-json\/wp\/v2\/pages\/15749","targetHints":{"allow":["GET"]}}],"collection":[{"href":"https:\/\/meditex.ee\/lv\/wp-json\/wp\/v2\/pages"}],"about":[{"href":"https:\/\/meditex.ee\/lv\/wp-json\/wp\/v2\/types\/page"}],"author":[{"embeddable":true,"href":"https:\/\/meditex.ee\/lv\/wp-json\/wp\/v2\/users\/1"}],"replies":[{"embeddable":true,"href":"https:\/\/meditex.ee\/lv\/wp-json\/wp\/v2\/comments?post=15749"}],"version-history":[{"count":2,"href":"https:\/\/meditex.ee\/lv\/wp-json\/wp\/v2\/pages\/15749\/revisions"}],"predecessor-version":[{"id":20075,"href":"https:\/\/meditex.ee\/lv\/wp-json\/wp\/v2\/pages\/15749\/revisions\/20075"}],"wp:attachment":[{"href":"https:\/\/meditex.ee\/lv\/wp-json\/wp\/v2\/media?parent=15749"}],"curies":[{"name":"wp","href":"https:\/\/api.w.org\/{rel}","templated":true}]}}