{"id":15744,"date":"2023-01-13T13:05:11","date_gmt":"2023-01-13T13:05:11","guid":{"rendered":"https:\/\/meditex.ee\/?page_id=15744"},"modified":"2025-02-24T07:43:46","modified_gmt":"2025-02-24T07:43:46","slug":"piegade","status":"publish","type":"page","link":"https:\/\/meditex.ee\/lv\/piegade\/","title":{"rendered":"Pieg\u0101de"},"content":{"rendered":"\n<p style=\"text-align: left;\"><strong>PIEG\u0100DE<\/strong><\/p>\n<p style=\"text-align: left;\">Preces tiek s\u016bt\u012btas uz \u0161\u0101d\u0101m valst\u012bm: Igaunija, Latvija, Lietuva, Somija.<\/p>\n<p style=\"text-align: left;\">Pirc\u0113js sedz pieg\u0101des izmaksas, attiec\u012bg\u0101 cenas inform\u0101cija tiek par\u0101d\u012bta blakus pieg\u0101des veidam. Visi s\u016bt\u012bjumi Igaunij\u0101 parasti non\u0101k pirc\u0113ja nor\u0101d\u012btaj\u0101 adres\u0113 2-5 darba dienu laik\u0101 no p\u0101rdo\u0161anas l\u012bguma sp\u0113k\u0101 st\u0101\u0161an\u0101s dienas. Visi s\u016bt\u012bjumi \u0101rpus Igaunijas tiek garant\u0113ti 7 kalend\u0101ro dienu laik\u0101. Iz\u0146\u0113muma gad\u012bjumos mums ir ties\u012bbas preces nos\u016bt\u012bt l\u012bdz 45 kalend\u0101raj\u0101m dien\u0101m.<\/p>\n<div class=\"text-center\"><div class=\"is-divider divider clearfix\" ><\/div><\/div>\n\n<div class=\"row align-bottom\"  id=\"row-1087347645\">\n\n\n\t<div id=\"col-1720191462\" class=\"col medium-4 small-12 large-4\"  >\n\t\t\t\t<div class=\"col-inner text-left\"  >\n\t\t\t\n\t\t\t\n\n\t<div class=\"img has-hover x md-x lg-x y md-y lg-y\" id=\"image_1039840387\">\n\t\t\t\t\t\t\t\t<div class=\"img-inner dark\" >\n\t\t\t<img decoding=\"async\" width=\"800\" height=\"800\" src=\"https:\/\/meditex.ee\/wp-content\/uploads\/2022\/11\/omniva-800x800.jpg\" class=\"attachment-large size-large\" alt=\"\" srcset=\"https:\/\/meditex.ee\/wp-content\/uploads\/2022\/11\/omniva-800x800.jpg 800w, https:\/\/meditex.ee\/wp-content\/uploads\/2022\/11\/omniva-100x100.jpg 100w, https:\/\/meditex.ee\/wp-content\/uploads\/2022\/11\/omniva-510x510.jpg 510w, https:\/\/meditex.ee\/wp-content\/uploads\/2022\/11\/omniva-400x400.jpg 400w, https:\/\/meditex.ee\/wp-content\/uploads\/2022\/11\/omniva-280x280.jpg 280w, https:\/\/meditex.ee\/wp-content\/uploads\/2022\/11\/omniva-768x768.jpg 768w, https:\/\/meditex.ee\/wp-content\/uploads\/2022\/11\/omniva-1536x1536.jpg 1536w, https:\/\/meditex.ee\/wp-content\/uploads\/2022\/11\/omniva.jpg 1920w\" sizes=\"(max-width: 800px) 100vw, 800px\" \/>\t\t\t\t\t\t\n\t\t\t\t\t<\/div>\n\t\t\t\t\t\t\t\t\n<style>\n#image_1039840387 {\n  width: 35%;\n}\n<\/style>\n\t<\/div>\n\t\n\n\n\t\t<\/div>\n\t\t\t\t\t<\/div>\n\n\t\n\n\t<div id=\"col-561918939\" class=\"col medium-4 small-12 large-4\"  >\n\t\t\t\t<div class=\"col-inner\"  >\n\t\t\t\n\t\t\t\n\n\n\t\t<\/div>\n\t\t\t\t\t<\/div>\n\n\t\n\n\t<div id=\"col-1344994337\" class=\"col medium-4 small-12 large-4\"  >\n\t\t\t\t<div class=\"col-inner\"  >\n\t\t\t\n\t\t\t\n\n\n\t\t<\/div>\n\t\t\t\t\t<\/div>\n\n\t\n\n<\/div>\n<p><strong>Omniva pakom\u0101ts (Igaunija, Latvija, Lietuva)<\/strong><\/p>\n<p>S\u016bt\u012bjumu no pakom\u0101ta var iz\u0146emt neatkar\u012bgi no laika. \u0100rtelpu pakom\u0101tus var izmantot 24 stundas diennakt\u012b. J\u016bsu r\u012bc\u012bb\u0101 pakom\u0101ti atrodas popul\u0101r\u0101kaj\u0101s viet\u0101s vis\u0101 Igaunij\u0101 \u2013 gandr\u012bz 60 pils\u0113t\u0101s un apdz\u012bvot\u0101s viet\u0101s.<\/p>\n<div class=\"text-center\"><div class=\"is-divider divider clearfix\" ><\/div><\/div>\n\n<div class=\"row align-bottom\"  id=\"row-1916094731\">\n\n\n\t<div id=\"col-1566332443\" class=\"col medium-4 small-12 large-4\"  >\n\t\t\t\t<div class=\"col-inner text-left\"  >\n\t\t\t\n\t\t\t\n\n\t<div class=\"img has-hover x md-x lg-x y md-y lg-y\" id=\"image_1375168542\">\n\t\t\t\t\t\t\t\t<div class=\"img-inner dark\" >\n\t\t\t<img decoding=\"async\" width=\"1020\" height=\"224\" src=\"https:\/\/meditex.ee\/wp-content\/uploads\/2025\/02\/SmartPosti_logo-RGB-1400x307.webp\" class=\"attachment-large size-large\" alt=\"\" srcset=\"https:\/\/meditex.ee\/wp-content\/uploads\/2025\/02\/SmartPosti_logo-RGB-1400x307.webp 1400w, https:\/\/meditex.ee\/wp-content\/uploads\/2025\/02\/SmartPosti_logo-RGB-800x176.webp 800w, https:\/\/meditex.ee\/wp-content\/uploads\/2025\/02\/SmartPosti_logo-RGB-768x169.webp 768w, https:\/\/meditex.ee\/wp-content\/uploads\/2025\/02\/SmartPosti_logo-RGB-1536x337.webp 1536w, https:\/\/meditex.ee\/wp-content\/uploads\/2025\/02\/SmartPosti_logo-RGB-510x112.webp 510w, https:\/\/meditex.ee\/wp-content\/uploads\/2025\/02\/SmartPosti_logo-RGB.webp 1808w\" sizes=\"(max-width: 1020px) 100vw, 1020px\" \/>\t\t\t\t\t\t\n\t\t\t\t\t<\/div>\n\t\t\t\t\t\t\t\t\n<style>\n#image_1375168542 {\n  width: 70%;\n}\n<\/style>\n\t<\/div>\n\t\n\n\n\t\t<\/div>\n\t\t\t\t\t<\/div>\n\n\t\n\n\t<div id=\"col-1588723889\" class=\"col medium-4 small-12 large-4\"  >\n\t\t\t\t<div class=\"col-inner\"  >\n\t\t\t\n\t\t\t\n\n\n\t\t<\/div>\n\t\t\t\t\t<\/div>\n\n\t\n\n\t<div id=\"col-867497607\" class=\"col medium-4 small-12 large-4\"  >\n\t\t\t\t<div class=\"col-inner\"  >\n\t\t\t\n\t\t\t\n\n\n\t\t<\/div>\n\t\t\t\t\t<\/div>\n\n\t\n\n<\/div>\n<p style=\"text-align: left;\"><strong>SmartPosti pakom\u0101ts (Igaunija, Somija)<\/strong><\/p>\n<p style=\"text-align: left;\">Pakom\u0101ti atrodas iepirk\u0161an\u0101s centros, t\u0101p\u0113c s\u016bt\u012bjumu varat iz\u0146emt kop\u0101 ar saviem ikdienas braucieniem. Tas noz\u012bm\u0113, ka s\u016bt\u012bjumi visa gada garum\u0101 tiek pasarg\u0101ti no iesp\u0113jamiem laikapst\u0101k\u013cu rad\u012btajiem boj\u0101jumiem, ko rada aukstums, karstums vai mitrums.<\/p>\n<div class=\"text-center\"><div class=\"is-divider divider clearfix\" ><\/div><\/div>\n\n<div class=\"row align-bottom\"  id=\"row-83097702\">\n\n\n\t<div id=\"col-2066695654\" class=\"col medium-4 small-12 large-4\"  >\n\t\t\t\t<div class=\"col-inner\"  >\n\t\t\t\n\t\t\t\n\n\t<div class=\"img has-hover x md-x lg-x y md-y lg-y\" id=\"image_1210392410\">\n\t\t\t\t\t\t\t\t<div class=\"img-inner dark\" >\n\t\t\t<img decoding=\"async\" width=\"1020\" height=\"454\" src=\"https:\/\/meditex.ee\/wp-content\/uploads\/2018\/03\/DPD_logo_redgrad_rgb-1400x623.png\" class=\"attachment-large size-large\" alt=\"\" srcset=\"https:\/\/meditex.ee\/wp-content\/uploads\/2018\/03\/DPD_logo_redgrad_rgb-1400x623.png 1400w, https:\/\/meditex.ee\/wp-content\/uploads\/2018\/03\/DPD_logo_redgrad_rgb-510x227.png 510w, https:\/\/meditex.ee\/wp-content\/uploads\/2018\/03\/DPD_logo_redgrad_rgb-800x356.png 800w, https:\/\/meditex.ee\/wp-content\/uploads\/2018\/03\/DPD_logo_redgrad_rgb-768x342.png 768w, https:\/\/meditex.ee\/wp-content\/uploads\/2018\/03\/DPD_logo_redgrad_rgb-600x267.png 600w\" sizes=\"(max-width: 1020px) 100vw, 1020px\" \/>\t\t\t\t\t\t\n\t\t\t\t\t<\/div>\n\t\t\t\t\t\t\t\t\n<style>\n#image_1210392410 {\n  width: 40%;\n}\n<\/style>\n\t<\/div>\n\t\n\n\n\t\t<\/div>\n\t\t\t\t\t<\/div>\n\n\t\n\n\t<div id=\"col-1438663123\" class=\"col medium-4 small-12 large-4\"  >\n\t\t\t\t<div class=\"col-inner\"  >\n\t\t\t\n\t\t\t\n\n\n\t\t<\/div>\n\t\t\t\t\t<\/div>\n\n\t\n\n\t<div id=\"col-1983291087\" class=\"col medium-4 small-12 large-4\"  >\n\t\t\t\t<div class=\"col-inner\"  >\n\t\t\t\n\t\t\t\n\n\n\t\t<\/div>\n\t\t\t\t\t<\/div>\n\n\t\n\n<\/div>\n<p style=\"text-align: left;\"><strong>DPD pakom\u0101ts vai paku robots (Igaunija, Latvija, Lietuva, Somija)<\/strong><\/p>\n<p style=\"text-align: left;\">DPD pied\u0101v\u0101 \u0101tru un \u0113rtu, uz atra\u0161an\u0101s vietu balst\u012btu paku sa\u0146em\u0161anu un nos\u016bt\u012b\u0161anu. Visi DPD pakom\u0101ti un paku roboti atrodas \u0113rti pieejam\u0101s \u0101ra zon\u0101s un ir atv\u0113rti 24 stundas diennakt\u012b.<\/p>\n<div class=\"text-center\"><div class=\"is-divider divider clearfix\" ><\/div><\/div>\n\n<p style=\"text-align: left;\"><strong>Papildu inform\u0101cija par pieg\u0101di:<\/strong><\/p>\n<ul>\n<li style=\"text-align: left;\">pre\u010du pieg\u0101de var aiz\u0146emt ilg\u0101ku laiku nek\u0101 parasti gad\u012bjumos, ja pre\u010du daudzums ir nepietiekams vai tiek pas\u016bt\u012btas no \u0101rvalst\u012bm.<\/li>\n<li style=\"text-align: left;\">ja pre\u010du pieg\u0101de tiek trauc\u0113ta no interneta veikala neatkar\u012bgu iemeslu d\u0113\u013c. M\u0113s ar jums sazin\u0101simies, lai inform\u0113tu par probl\u0113mu. J\u016bs varat aizst\u0101t tr\u016bksto\u0161u vai aizkav\u0113tu preci ar citu preci vai atcelt pas\u016bt\u012bjumu.<\/li>\n<li style=\"text-align: left;\">izv\u0113loties kurjeru k\u0101 paku pieg\u0101d\u0101t\u0101ju, ar Jums iepriek\u0161 sazin\u0101sies un vienosies par piem\u0113rotu pieg\u0101des laiku.<\/li>\n<li style=\"text-align: left;\">pakom\u0101ts (robots) \u2013 durvju kods tiek nos\u016bt\u012bts uz J\u016bsu mobilo t\u0101lruni ar SMS pal\u012bdz\u012bbu.<\/li>\n<li style=\"text-align: left;\">j\u016bs varat veikt pas\u016bt\u012bjumus no meditex.ee interneta veikala bez re\u0123istr\u0101cijas.<\/li>\n<\/ul>\n\n","protected":false},"excerpt":{"rendered":"","protected":false},"author":1,"featured_media":0,"parent":0,"menu_order":0,"comment_status":"closed","ping_status":"closed","template":"","meta":{"footnotes":""},"class_list":["post-15744","page","type-page","status-publish","hentry"],"yoast_head":"<!-- This site is optimized with the Yoast SEO plugin v27.3 - https:\/\/yoast.com\/product\/yoast-seo-wordpress\/ -->\n<title>Pieg\u0101de - Meditex<\/title>\n<meta name=\"robots\" content=\"index, follow, max-snippet:-1, max-image-preview:large, max-video-preview:-1\" \/>\n<link rel=\"canonical\" href=\"https:\/\/meditex.ee\/lv\/piegade\/\" \/>\n<meta property=\"og:locale\" content=\"lv_LV\" \/>\n<meta property=\"og:type\" content=\"article\" \/>\n<meta property=\"og:title\" content=\"Pieg\u0101de - Meditex\" \/>\n<meta property=\"og:url\" content=\"https:\/\/meditex.ee\/lv\/piegade\/\" \/>\n<meta property=\"og:site_name\" content=\"Meditex\" \/>\n<meta property=\"article:publisher\" content=\"https:\/\/www.facebook.com\/meditexepood\/\" \/>\n<meta property=\"article:modified_time\" content=\"2025-02-24T07:43:46+00:00\" \/>\n<meta name=\"twitter:card\" content=\"summary_large_image\" \/>\n<meta name=\"twitter:label1\" content=\"Est. reading time\" \/>\n\t<meta name=\"twitter:data1\" content=\"2 minutes\" \/>\n<script type=\"application\/ld+json\" class=\"yoast-schema-graph\">{\"@context\":\"https:\\\/\\\/schema.org\",\"@graph\":[{\"@type\":\"WebPage\",\"@id\":\"https:\\\/\\\/meditex.ee\\\/lv\\\/piegade\\\/\",\"url\":\"https:\\\/\\\/meditex.ee\\\/lv\\\/piegade\\\/\",\"name\":\"Pieg\u0101de - Meditex\",\"isPartOf\":{\"@id\":\"https:\\\/\\\/meditex.ee\\\/en\\\/#website\"},\"datePublished\":\"2023-01-13T13:05:11+00:00\",\"dateModified\":\"2025-02-24T07:43:46+00:00\",\"breadcrumb\":{\"@id\":\"https:\\\/\\\/meditex.ee\\\/lv\\\/piegade\\\/#breadcrumb\"},\"inLanguage\":\"lv-LV\",\"potentialAction\":[{\"@type\":\"ReadAction\",\"target\":[\"https:\\\/\\\/meditex.ee\\\/lv\\\/piegade\\\/\"]}]},{\"@type\":\"BreadcrumbList\",\"@id\":\"https:\\\/\\\/meditex.ee\\\/lv\\\/piegade\\\/#breadcrumb\",\"itemListElement\":[{\"@type\":\"ListItem\",\"position\":1,\"name\":\"Home\",\"item\":\"https:\\\/\\\/meditex.ee\\\/lv\\\/\"},{\"@type\":\"ListItem\",\"position\":2,\"name\":\"Pieg\u0101de\"}]},{\"@type\":\"WebSite\",\"@id\":\"https:\\\/\\\/meditex.ee\\\/en\\\/#website\",\"url\":\"https:\\\/\\\/meditex.ee\\\/en\\\/\",\"name\":\"Meditex\",\"description\":\"\",\"publisher\":{\"@id\":\"https:\\\/\\\/meditex.ee\\\/en\\\/#organization\"},\"potentialAction\":[{\"@type\":\"SearchAction\",\"target\":{\"@type\":\"EntryPoint\",\"urlTemplate\":\"https:\\\/\\\/meditex.ee\\\/en\\\/?s={search_term_string}\"},\"query-input\":{\"@type\":\"PropertyValueSpecification\",\"valueRequired\":true,\"valueName\":\"search_term_string\"}}],\"inLanguage\":\"lv-LV\"},{\"@type\":\"Organization\",\"@id\":\"https:\\\/\\\/meditex.ee\\\/en\\\/#organization\",\"name\":\"Meditex\",\"url\":\"https:\\\/\\\/meditex.ee\\\/en\\\/\",\"logo\":{\"@type\":\"ImageObject\",\"inLanguage\":\"lv-LV\",\"@id\":\"https:\\\/\\\/meditex.ee\\\/en\\\/#\\\/schema\\\/logo\\\/image\\\/\",\"url\":\"https:\\\/\\\/meditex.ee\\\/wp-content\\\/uploads\\\/2018\\\/03\\\/mdtx_logo.png\",\"contentUrl\":\"https:\\\/\\\/meditex.ee\\\/wp-content\\\/uploads\\\/2018\\\/03\\\/mdtx_logo.png\",\"width\":669,\"height\":235,\"caption\":\"Meditex\"},\"image\":{\"@id\":\"https:\\\/\\\/meditex.ee\\\/en\\\/#\\\/schema\\\/logo\\\/image\\\/\"},\"sameAs\":[\"https:\\\/\\\/www.facebook.com\\\/meditexepood\\\/\"]}]}<\/script>\n<!-- \/ Yoast SEO plugin. -->","yoast_head_json":{"title":"Pieg\u0101de - Meditex","robots":{"index":"index","follow":"follow","max-snippet":"max-snippet:-1","max-image-preview":"max-image-preview:large","max-video-preview":"max-video-preview:-1"},"canonical":"https:\/\/meditex.ee\/lv\/piegade\/","og_locale":"lv_LV","og_type":"article","og_title":"Pieg\u0101de - Meditex","og_url":"https:\/\/meditex.ee\/lv\/piegade\/","og_site_name":"Meditex","article_publisher":"https:\/\/www.facebook.com\/meditexepood\/","article_modified_time":"2025-02-24T07:43:46+00:00","twitter_card":"summary_large_image","twitter_misc":{"Est. reading time":"2 minutes"},"schema":{"@context":"https:\/\/schema.org","@graph":[{"@type":"WebPage","@id":"https:\/\/meditex.ee\/lv\/piegade\/","url":"https:\/\/meditex.ee\/lv\/piegade\/","name":"Pieg\u0101de - Meditex","isPartOf":{"@id":"https:\/\/meditex.ee\/en\/#website"},"datePublished":"2023-01-13T13:05:11+00:00","dateModified":"2025-02-24T07:43:46+00:00","breadcrumb":{"@id":"https:\/\/meditex.ee\/lv\/piegade\/#breadcrumb"},"inLanguage":"lv-LV","potentialAction":[{"@type":"ReadAction","target":["https:\/\/meditex.ee\/lv\/piegade\/"]}]},{"@type":"BreadcrumbList","@id":"https:\/\/meditex.ee\/lv\/piegade\/#breadcrumb","itemListElement":[{"@type":"ListItem","position":1,"name":"Home","item":"https:\/\/meditex.ee\/lv\/"},{"@type":"ListItem","position":2,"name":"Pieg\u0101de"}]},{"@type":"WebSite","@id":"https:\/\/meditex.ee\/en\/#website","url":"https:\/\/meditex.ee\/en\/","name":"Meditex","description":"","publisher":{"@id":"https:\/\/meditex.ee\/en\/#organization"},"potentialAction":[{"@type":"SearchAction","target":{"@type":"EntryPoint","urlTemplate":"https:\/\/meditex.ee\/en\/?s={search_term_string}"},"query-input":{"@type":"PropertyValueSpecification","valueRequired":true,"valueName":"search_term_string"}}],"inLanguage":"lv-LV"},{"@type":"Organization","@id":"https:\/\/meditex.ee\/en\/#organization","name":"Meditex","url":"https:\/\/meditex.ee\/en\/","logo":{"@type":"ImageObject","inLanguage":"lv-LV","@id":"https:\/\/meditex.ee\/en\/#\/schema\/logo\/image\/","url":"https:\/\/meditex.ee\/wp-content\/uploads\/2018\/03\/mdtx_logo.png","contentUrl":"https:\/\/meditex.ee\/wp-content\/uploads\/2018\/03\/mdtx_logo.png","width":669,"height":235,"caption":"Meditex"},"image":{"@id":"https:\/\/meditex.ee\/en\/#\/schema\/logo\/image\/"},"sameAs":["https:\/\/www.facebook.com\/meditexepood\/"]}]}},"_links":{"self":[{"href":"https:\/\/meditex.ee\/lv\/wp-json\/wp\/v2\/pages\/15744","targetHints":{"allow":["GET"]}}],"collection":[{"href":"https:\/\/meditex.ee\/lv\/wp-json\/wp\/v2\/pages"}],"about":[{"href":"https:\/\/meditex.ee\/lv\/wp-json\/wp\/v2\/types\/page"}],"author":[{"embeddable":true,"href":"https:\/\/meditex.ee\/lv\/wp-json\/wp\/v2\/users\/1"}],"replies":[{"embeddable":true,"href":"https:\/\/meditex.ee\/lv\/wp-json\/wp\/v2\/comments?post=15744"}],"version-history":[{"count":0,"href":"https:\/\/meditex.ee\/lv\/wp-json\/wp\/v2\/pages\/15744\/revisions"}],"wp:attachment":[{"href":"https:\/\/meditex.ee\/lv\/wp-json\/wp\/v2\/media?parent=15744"}],"curies":[{"name":"wp","href":"https:\/\/api.w.org\/{rel}","templated":true}]}}