{"id":15741,"date":"2023-01-13T12:53:36","date_gmt":"2023-01-13T12:53:36","guid":{"rendered":"https:\/\/meditex.ee\/?page_id=15741"},"modified":"2023-08-01T11:22:23","modified_gmt":"2023-08-01T11:22:23","slug":"maksajums","status":"publish","type":"page","link":"https:\/\/meditex.ee\/lv\/maksajums\/","title":{"rendered":"Maks\u0101jums"},"content":{"rendered":"\n<p><strong>PAS\u016aT\u012aJUMA APMAKSA<\/strong><\/p>\n<p>J\u016bs varat nor\u0113\u0137in\u0101ties par pirkumiem, izmantojot bankas saiti vai ar kred\u012btkarti. Atbilsto\u0161as iesp\u0113jas tiek par\u0101d\u012btas maks\u0101jumu lap\u0101.<\/p>\n<p>Piez\u012bme! P\u0113c pre\u010du apmaksas (veicot bankas p\u0101rskait\u012bjumu) e-bankas lap\u0101 noklik\u0161\u0137iniet uz pogas \u201cAtpaka\u013c pie tirgot\u0101ja\u201d. P\u0113c pas\u016bt\u012bjuma un maks\u0101jumu apstiprin\u0101\u0161anas, j\u016bs sa\u0146emsiet pas\u016bt\u012bjuma apstiprin\u0101jumu, kuru p\u0113c piepras\u012bjuma var\u0113siet izdruk\u0101t.<\/p>\n<p>P\u0113c avansa maks\u0101juma veik\u0161anas jums tiks izrakst\u012bts r\u0113\u0137ins elektronisk\u0101 form\u0101. V\u0113lmju gad\u012bjum\u0101 r\u0113\u0137inu izrakst\u012bsim ar\u012b pap\u012bra form\u0101t\u0101.<\/p>\n<p>Inform\u0113jot interneta veikalu pa e-pastu <a href=\"mailto:info@meditex.ee\">info@meditex.ee<\/a>, varat p\u0113c piepras\u012bjuma veikt ar\u012b priek\u0161apmaksu. Pas\u016bt\u012bjums ir j\u0101aizpilda p\u0113c r\u0113\u0137ina sa\u0146em\u0161anas. Priek\u0161apmaksas r\u0113\u0137ins jums tiks autom\u0101tiski nos\u016bt\u012bts ar\u012b pa e-pastu.<\/p>\n<p>Visas e-veikal\u0101 nor\u0101d\u012bt\u0101s cenas ir nor\u0101d\u012btas eiro (\u20ac) ar iek\u013cautu PVN.<\/p>\n\n","protected":false},"excerpt":{"rendered":"","protected":false},"author":1,"featured_media":0,"parent":0,"menu_order":0,"comment_status":"closed","ping_status":"closed","template":"","meta":{"footnotes":""},"class_list":["post-15741","page","type-page","status-publish","hentry"],"yoast_head":"<!-- This site is optimized with the Yoast SEO plugin v27.4 - https:\/\/yoast.com\/product\/yoast-seo-wordpress\/ -->\n<title>Maks\u0101jums - Meditex<\/title>\n<meta name=\"robots\" content=\"index, follow, max-snippet:-1, max-image-preview:large, max-video-preview:-1\" \/>\n<link rel=\"canonical\" href=\"https:\/\/meditex.ee\/lv\/maksajums\/\" \/>\n<meta property=\"og:locale\" content=\"lv_LV\" \/>\n<meta property=\"og:type\" content=\"article\" \/>\n<meta property=\"og:title\" content=\"Maks\u0101jums - Meditex\" \/>\n<meta property=\"og:url\" content=\"https:\/\/meditex.ee\/lv\/maksajums\/\" \/>\n<meta property=\"og:site_name\" content=\"Meditex\" \/>\n<meta property=\"article:publisher\" content=\"https:\/\/www.facebook.com\/meditexepood\/\" \/>\n<meta property=\"article:modified_time\" content=\"2023-08-01T11:22:23+00:00\" \/>\n<meta name=\"twitter:card\" content=\"summary_large_image\" \/>\n<meta name=\"twitter:label1\" content=\"Est. reading time\" \/>\n\t<meta name=\"twitter:data1\" content=\"1 minute\" \/>\n<script type=\"application\/ld+json\" class=\"yoast-schema-graph\">{\"@context\":\"https:\\\/\\\/schema.org\",\"@graph\":[{\"@type\":\"WebPage\",\"@id\":\"https:\\\/\\\/meditex.ee\\\/lv\\\/maksajums\\\/\",\"url\":\"https:\\\/\\\/meditex.ee\\\/lv\\\/maksajums\\\/\",\"name\":\"Maks\u0101jums - Meditex\",\"isPartOf\":{\"@id\":\"https:\\\/\\\/meditex.ee\\\/en\\\/#website\"},\"datePublished\":\"2023-01-13T12:53:36+00:00\",\"dateModified\":\"2023-08-01T11:22:23+00:00\",\"breadcrumb\":{\"@id\":\"https:\\\/\\\/meditex.ee\\\/lv\\\/maksajums\\\/#breadcrumb\"},\"inLanguage\":\"lv-LV\",\"potentialAction\":[{\"@type\":\"ReadAction\",\"target\":[\"https:\\\/\\\/meditex.ee\\\/lv\\\/maksajums\\\/\"]}]},{\"@type\":\"BreadcrumbList\",\"@id\":\"https:\\\/\\\/meditex.ee\\\/lv\\\/maksajums\\\/#breadcrumb\",\"itemListElement\":[{\"@type\":\"ListItem\",\"position\":1,\"name\":\"Home\",\"item\":\"https:\\\/\\\/meditex.ee\\\/lv\\\/\"},{\"@type\":\"ListItem\",\"position\":2,\"name\":\"Maks\u0101jums\"}]},{\"@type\":\"WebSite\",\"@id\":\"https:\\\/\\\/meditex.ee\\\/en\\\/#website\",\"url\":\"https:\\\/\\\/meditex.ee\\\/en\\\/\",\"name\":\"Meditex\",\"description\":\"\",\"publisher\":{\"@id\":\"https:\\\/\\\/meditex.ee\\\/en\\\/#organization\"},\"potentialAction\":[{\"@type\":\"SearchAction\",\"target\":{\"@type\":\"EntryPoint\",\"urlTemplate\":\"https:\\\/\\\/meditex.ee\\\/en\\\/?s={search_term_string}\"},\"query-input\":{\"@type\":\"PropertyValueSpecification\",\"valueRequired\":true,\"valueName\":\"search_term_string\"}}],\"inLanguage\":\"lv-LV\"},{\"@type\":\"Organization\",\"@id\":\"https:\\\/\\\/meditex.ee\\\/en\\\/#organization\",\"name\":\"Meditex\",\"url\":\"https:\\\/\\\/meditex.ee\\\/en\\\/\",\"logo\":{\"@type\":\"ImageObject\",\"inLanguage\":\"lv-LV\",\"@id\":\"https:\\\/\\\/meditex.ee\\\/en\\\/#\\\/schema\\\/logo\\\/image\\\/\",\"url\":\"https:\\\/\\\/meditex.ee\\\/wp-content\\\/uploads\\\/2018\\\/03\\\/mdtx_logo.png\",\"contentUrl\":\"https:\\\/\\\/meditex.ee\\\/wp-content\\\/uploads\\\/2018\\\/03\\\/mdtx_logo.png\",\"width\":669,\"height\":235,\"caption\":\"Meditex\"},\"image\":{\"@id\":\"https:\\\/\\\/meditex.ee\\\/en\\\/#\\\/schema\\\/logo\\\/image\\\/\"},\"sameAs\":[\"https:\\\/\\\/www.facebook.com\\\/meditexepood\\\/\"]}]}<\/script>\n<!-- \/ Yoast SEO plugin. -->","yoast_head_json":{"title":"Maks\u0101jums - Meditex","robots":{"index":"index","follow":"follow","max-snippet":"max-snippet:-1","max-image-preview":"max-image-preview:large","max-video-preview":"max-video-preview:-1"},"canonical":"https:\/\/meditex.ee\/lv\/maksajums\/","og_locale":"lv_LV","og_type":"article","og_title":"Maks\u0101jums - Meditex","og_url":"https:\/\/meditex.ee\/lv\/maksajums\/","og_site_name":"Meditex","article_publisher":"https:\/\/www.facebook.com\/meditexepood\/","article_modified_time":"2023-08-01T11:22:23+00:00","twitter_card":"summary_large_image","twitter_misc":{"Est. reading time":"1 minute"},"schema":{"@context":"https:\/\/schema.org","@graph":[{"@type":"WebPage","@id":"https:\/\/meditex.ee\/lv\/maksajums\/","url":"https:\/\/meditex.ee\/lv\/maksajums\/","name":"Maks\u0101jums - Meditex","isPartOf":{"@id":"https:\/\/meditex.ee\/en\/#website"},"datePublished":"2023-01-13T12:53:36+00:00","dateModified":"2023-08-01T11:22:23+00:00","breadcrumb":{"@id":"https:\/\/meditex.ee\/lv\/maksajums\/#breadcrumb"},"inLanguage":"lv-LV","potentialAction":[{"@type":"ReadAction","target":["https:\/\/meditex.ee\/lv\/maksajums\/"]}]},{"@type":"BreadcrumbList","@id":"https:\/\/meditex.ee\/lv\/maksajums\/#breadcrumb","itemListElement":[{"@type":"ListItem","position":1,"name":"Home","item":"https:\/\/meditex.ee\/lv\/"},{"@type":"ListItem","position":2,"name":"Maks\u0101jums"}]},{"@type":"WebSite","@id":"https:\/\/meditex.ee\/en\/#website","url":"https:\/\/meditex.ee\/en\/","name":"Meditex","description":"","publisher":{"@id":"https:\/\/meditex.ee\/en\/#organization"},"potentialAction":[{"@type":"SearchAction","target":{"@type":"EntryPoint","urlTemplate":"https:\/\/meditex.ee\/en\/?s={search_term_string}"},"query-input":{"@type":"PropertyValueSpecification","valueRequired":true,"valueName":"search_term_string"}}],"inLanguage":"lv-LV"},{"@type":"Organization","@id":"https:\/\/meditex.ee\/en\/#organization","name":"Meditex","url":"https:\/\/meditex.ee\/en\/","logo":{"@type":"ImageObject","inLanguage":"lv-LV","@id":"https:\/\/meditex.ee\/en\/#\/schema\/logo\/image\/","url":"https:\/\/meditex.ee\/wp-content\/uploads\/2018\/03\/mdtx_logo.png","contentUrl":"https:\/\/meditex.ee\/wp-content\/uploads\/2018\/03\/mdtx_logo.png","width":669,"height":235,"caption":"Meditex"},"image":{"@id":"https:\/\/meditex.ee\/en\/#\/schema\/logo\/image\/"},"sameAs":["https:\/\/www.facebook.com\/meditexepood\/"]}]}},"_links":{"self":[{"href":"https:\/\/meditex.ee\/lv\/wp-json\/wp\/v2\/pages\/15741","targetHints":{"allow":["GET"]}}],"collection":[{"href":"https:\/\/meditex.ee\/lv\/wp-json\/wp\/v2\/pages"}],"about":[{"href":"https:\/\/meditex.ee\/lv\/wp-json\/wp\/v2\/types\/page"}],"author":[{"embeddable":true,"href":"https:\/\/meditex.ee\/lv\/wp-json\/wp\/v2\/users\/1"}],"replies":[{"embeddable":true,"href":"https:\/\/meditex.ee\/lv\/wp-json\/wp\/v2\/comments?post=15741"}],"version-history":[{"count":0,"href":"https:\/\/meditex.ee\/lv\/wp-json\/wp\/v2\/pages\/15741\/revisions"}],"wp:attachment":[{"href":"https:\/\/meditex.ee\/lv\/wp-json\/wp\/v2\/media?parent=15741"}],"curies":[{"name":"wp","href":"https:\/\/api.w.org\/{rel}","templated":true}]}}