{"id":19937,"date":"2026-02-04T14:13:36","date_gmt":"2026-02-04T14:13:36","guid":{"rendered":"https:\/\/meditex.ee\/product\/corsinel-maximum-moteru-stomos-ir-isvarzos-auksto-juosmens-apatinis-trikotazas\/"},"modified":"2026-02-04T14:13:43","modified_gmt":"2026-02-04T14:13:43","slug":"corsinel-maximum-moteru-stomos-ir-isvarzos-auksto-juosmens-apatinis-trikotazas","status":"publish","type":"product","link":"https:\/\/meditex.ee\/lt\/produktas\/corsinel-maximum-moteru-stomos-ir-isvarzos-auksto-juosmens-apatinis-trikotazas\/","title":{"rendered":"Corsinel Maximum moter\u0173 stomos ir i\u0161var\u017eos auk\u0161to juosmens apatinis trikota\u017eas"},"content":{"rendered":"<div class=\"row row-small align-bottom\"  id=\"row-1170982171\">\n\n\t<div id=\"col-177089377\" class=\"col medium-6 small-12 large-6\"  >\n\t\t\t\t<div class=\"col-inner\"  >\n\t\t\t\n\t\t\t\n\t<div class=\"img has-hover x md-x lg-x y md-y lg-y\" id=\"image_941623893\">\n\t\t\t\t\t\t\t\t<div class=\"img-inner dark\" >\n\t\t\t<img decoding=\"async\" width=\"320\" height=\"320\" src=\"https:\/\/meditex.ee\/wp-content\/uploads\/2023\/04\/Maximum-Support-Icon.webp\" class=\"attachment-large size-large\" alt=\"maksimalus palaikymas\" srcset=\"https:\/\/meditex.ee\/wp-content\/uploads\/2023\/04\/Maximum-Support-Icon.webp 320w, https:\/\/meditex.ee\/wp-content\/uploads\/2023\/04\/Maximum-Support-Icon-100x100.webp 100w, https:\/\/meditex.ee\/wp-content\/uploads\/2023\/04\/Maximum-Support-Icon-280x280.webp 280w\" sizes=\"(max-width: 320px) 100vw, 320px\" \/>\t\t\t\t\t\t\n\t\t\t\t\t<\/div>\n\t\t\t\t\t\t\t\t\n<style>\n#image_941623893 {\n  width: 30%;\n}\n<\/style>\n\t<\/div>\n\t\n\t\t<\/div>\n\t\t\t\t\t<\/div>\n\n\t\n\n\t<div id=\"col-1449860155\" class=\"col medium-6 small-12 large-6\"  >\n\t\t\t\t<div class=\"col-inner text-right\"  >\n\t\t\t\n\t\t\t\n\t<div class=\"img has-hover x md-x lg-x y md-y lg-y\" id=\"image_1354217989\">\n\t\t\t\t\t\t\t\t<div class=\"img-inner dark\" >\n\t\t\t<img decoding=\"async\" width=\"1000\" height=\"285\" src=\"https:\/\/meditex.ee\/wp-content\/uploads\/2023\/04\/logo_86_11zon.jpg\" class=\"attachment-large size-large\" alt=\"\" srcset=\"https:\/\/meditex.ee\/wp-content\/uploads\/2023\/04\/logo_86_11zon.jpg 1000w, https:\/\/meditex.ee\/wp-content\/uploads\/2023\/04\/logo_86_11zon-510x145.jpg 510w, https:\/\/meditex.ee\/wp-content\/uploads\/2023\/04\/logo_86_11zon-800x228.jpg 800w, https:\/\/meditex.ee\/wp-content\/uploads\/2023\/04\/logo_86_11zon-768x219.jpg 768w\" sizes=\"(max-width: 1000px) 100vw, 1000px\" \/>\t\t\t\t\t\t\n\t\t\t\t\t<\/div>\n\t\t\t\t\t\t\t\t\n<style>\n#image_1354217989 {\n  width: 100%;\n}\n<\/style>\n\t<\/div>\n\t\n\t\t<\/div>\n\t\t\t\t\t<\/div>\n\n\t\n<\/div>\n<h3 style=\"text-align: left;\" data-fontsize=\"16\" data-lineheight=\"19\"><span style=\"color: #000000;\"><strong>Corsinel Maximum moter\u0173 stomos ir i\u0161var\u017eos apatinis trikota\u017eas<\/strong><\/span><\/h3>\n<p style=\"text-align: left;\"><span style=\"color: #000000;\">Corsinel maksimalaus palaikymo apatiniai skirti stomos mai\u0161elio fiksavimui ir\/arba i\u0161var\u017eos palaikymui, kad b\u016bt\u0173 i\u0161vengta pilvo turinio i\u0161siki\u0161imo ir i\u0161laikyta suma\u017e\u0117jusi i\u0161var\u017ea pilvo ertm\u0117je.<\/span><\/p>\n<p style=\"text-align: left;\"><span style=\"color: #000000;\">Skirti pooperaciniam naudojimui esant kolostomai, ileosomai ar urostomai. Taip pat parastomalini\u0173 ar kit\u0173 pilvo i\u0161var\u017e\u0173 gydymui. <\/span><\/p>\n<p style=\"text-align: left;\"><span style=\"color: #000000;\">Naudojimui tiek su 1, tiek su 2 dali\u0173 sistemomis.<\/span><\/p>\n<h4 style=\"text-align: left;\"><span style=\"color: #000000;\"><strong>Produkto informacija:<\/strong><\/span><\/h4>\n<ul style=\"text-align: left;\">\n<li><span style=\"color: #000000;\">Idealiai tinka d\u0117v\u0117ti po mar\u0161kin\u0117liais ar suknele, siekiant suma\u017einti apatinio trikota\u017eo, stomos mai\u0161elio ar i\u0161var\u017eos matomum\u0105.<\/span><\/li>\n<li><span style=\"color: #000000;\">Apatiniai skirti kasdieniam nuolatiniam naudojimui nam\u0173 ar darbo veikloje, taip pat hobi\u0173 ar sporto metu.<\/span><\/li>\n<li><span style=\"color: #000000;\">Suprojektuoti atrodyti kaip \u012fprasti apatiniai.<\/span><\/li>\n<li><span style=\"color: #000000;\">Maksimalaus palaikymo apatiniai skirti i\u0161var\u017eos prie\u017ei\u016brai, kai rekomenduojamas ir pageidaujamas maksimalus palaikymas ir kompresija.<\/span><\/li>\n<li><span style=\"color: #000000;\">Galima d\u0117v\u0117ti vis\u0105 dien\u0105, o pagal pageidavim\u0105 ir toleravim\u0105 taip pat nakt\u012f.<\/span><\/li>\n<li><span style=\"color: #000000;\">Parastomalin\u0117 i\u0161var\u017ea gali sukelti pacientui papildom\u0173 nepatogum\u0173, toki\u0173 kaip nutek\u0117jimas, skausmas, \u017earn\u0173 nepraeinamumas, suma\u017e\u0117j\u0119s judumas.<\/span><\/li>\n<li><span style=\"color: #000000;\">Pilvo i\u0161var\u017eos gali sukelti \u017eym\u0173 skausm\u0105 ir diskomfort\u0105, o maksimalaus palaikymo apatiniai gali \u0161iuos nepatogumus u\u017ekirsti keli\u0105 ir palengvinti.<\/span><\/li>\n<li><span style=\"color: #000000;\">Tarpkoj\u0117s dalis si\u016bta i\u0161 medviln\u0117s frot\u0117.<\/span><\/li>\n<li><span style=\"color: #000000;\">Megzta vienu gabalu, kad neb\u016bt\u0173 trukdan\u010di\u0173 si\u016bli\u0173.<\/span><\/li>\n<\/ul>\n<p style=\"text-align: left;\"><span style=\"color: #000000;\"><em>Auk\u0161tas modelis ypa\u010d gerai tinka \u0161alia ar vir\u0161 bambos esan\u010diai i\u0161var\u017eai ar stomai.<\/em><\/span><\/p>\n<h4 style=\"text-align: left;\" data-fontsize=\"16\" data-lineheight=\"19\"><span style=\"color: #000000;\"><strong>Bendros savyb\u0117s:<\/strong><\/span><\/h4>\n<ul style=\"text-align: left;\">\n<li style=\"text-align: left;\">4 kryp\u010di\u0173 tempimas: didesnis jud\u0117jimo laisvumas ir tinkamas palaikymas.<\/li>\n<li>Kv\u0117puojantis: praleid\u017eia or\u0105 ir sugeria dr\u0117gm\u0119.<\/li>\n<li>Be si\u016bli\u0173: apatiniai megzti vienu gabalu.<\/li>\n<\/ul>\n<h4 style=\"text-align: left;\"><strong>Specifin\u0117s savyb\u0117s:<\/strong><\/h4>\n<ul>\n<li style=\"text-align: left;\">Tankiai megzta vir\u0161utin\u0117 dalis i\u0161var\u017eos ir pilvo raumen\u0173 palaikymui.<\/li>\n<li style=\"text-align: left;\">Pagaminta i\u0161 mink\u0161tos ir patogios med\u017eiagos.<\/li>\n<li style=\"text-align: left;\">Apatin\u0117 dalis i\u0161 mink\u0161to lanks\u010daus mezginio, kad b\u016bt\u0173 lengva u\u017esimauti ir nusimauti.<\/li>\n<li style=\"text-align: left;\">Juosmens srityje neslystantis silikoninis ra\u0161t\u0105, kuris u\u017etikrina apatini\u0173 i\u0161likim\u0105 vietoje.<\/li>\n<li style=\"text-align: left;\">Padeda sukurti harmoningesn\u012f k\u016bno kont\u016br\u0105.<\/li>\n<li style=\"text-align: left;\">Stomos mai\u0161elis fizinio aktyvumo metu saugiai fiksuotas.<\/li>\n<li style=\"text-align: left;\">Palengvina i\u0161var\u017eos sukeliam\u0105 &#8222;traukimo&#8221; poj\u016bt\u012f.<\/li>\n<\/ul>\n\t<div id=\"gap-54680122\" class=\"gap-element clearfix\" style=\"display:block; height:auto;\">\n\t\t\n<style>\n#gap-54680122 {\n  padding-top: 30px;\n}\n<\/style>\n\t<\/div>\n\t\n<div class=\"row\"  id=\"row-1784799541\">\n\n\t<div id=\"col-1678256100\" class=\"col small-12 large-12\"  >\n\t\t\t\t<div class=\"col-inner\"  >\n\t\t\t\n\t\t\t\n<p style=\"text-align: left;\"><strong>Med\u017eiaga:<\/strong> 70% poliamidas, 30% elastanas<\/p>\n<p style=\"text-align: left;\"><strong>DYD\u017dIAI:<\/strong><\/p>\n\t\t<\/div>\n\t\t\t\t\t<\/div>\n\n\t\n<\/div>\n<div class=\"row\"  id=\"row-2129575049\">\n\n\t<div id=\"col-876329000\" class=\"col medium-6 small-12 large-6\"  >\n\t\t\t\t<div class=\"col-inner\"  >\n\t\t\t\n\t\t\t\n\t<div class=\"img has-hover x md-x lg-x y md-y lg-y\" id=\"image_2092391420\">\n\t\t\t\t\t\t\t\t<div class=\"img-inner dark\" >\n\t\t\t<img decoding=\"async\" width=\"1020\" height=\"680\" src=\"https:\/\/meditex.ee\/wp-content\/uploads\/2023\/04\/Corsinel-suurus-max-sup_11zon.jpg\" class=\"attachment-large size-large\" alt=\"\" srcset=\"https:\/\/meditex.ee\/wp-content\/uploads\/2023\/04\/Corsinel-suurus-max-sup_11zon.jpg 1200w, https:\/\/meditex.ee\/wp-content\/uploads\/2023\/04\/Corsinel-suurus-max-sup_11zon-510x340.jpg 510w, https:\/\/meditex.ee\/wp-content\/uploads\/2023\/04\/Corsinel-suurus-max-sup_11zon-600x400.jpg 600w, https:\/\/meditex.ee\/wp-content\/uploads\/2023\/04\/Corsinel-suurus-max-sup_11zon-768x512.jpg 768w\" sizes=\"(max-width: 1020px) 100vw, 1020px\" \/>\t\t\t\t\t\t\n\t\t\t\t\t<\/div>\n\t\t\t\t\t\t\t\t\n<style>\n#image_2092391420 {\n  width: 80%;\n}\n<\/style>\n\t<\/div>\n\t\n\t\t<\/div>\n\t\t\t\t\t<\/div>\n\n\t\n\n\t<div id=\"col-679143112\" class=\"col medium-5 small-12 large-5\"  >\n\t\t\t\t<div class=\"col-inner\"  >\n\t\t\t\n\t\t\t\n\t<div class=\"img has-hover x md-x lg-x y md-y lg-y\" id=\"image_456851137\">\n\t\t\t\t\t\t\t\t<div class=\"img-inner dark\" >\n\t\t\t<img decoding=\"async\" width=\"480\" height=\"300\" src=\"https:\/\/meditex.ee\/wp-content\/uploads\/2023\/05\/Corsinel_Measuring-waitline_.webp\" class=\"attachment-large size-large\" alt=\"\" \/>\t\t\t\t\t\t\n\t\t\t\t\t<\/div>\n\t\t\t\t\t\t\t\t\n<style>\n#image_456851137 {\n  width: 100%;\n}\n<\/style>\n\t<\/div>\n\t\n<p style=\"text-align: left;\"><span style=\"color: #000000;\">D\u0116MESIO! Visada i\u0161simatuokite tinkamo dyd\u017eio nustatymui. <\/span><\/p>\n\t\t<\/div>\n\t\t\t\t\t<\/div>\n\n\t\n\n\t<div id=\"col-1059580632\" class=\"col medium-4 small-12 large-4\"  >\n\t\t\t\t<div class=\"col-inner\"  >\n\t\t\t\n\t\t\t\n\t\t<\/div>\n\t\t\t\t\t<\/div>\n\n\t\n<\/div>\n<div class=\"row\"  id=\"row-1413845348\">\n\n\t<div id=\"col-734336993\" class=\"col medium-4 small-12 large-4\"  >\n\t\t\t\t<div class=\"col-inner\"  >\n\t\t\t\n\t\t\t\n<p>Prie\u017ei\u016bra:<\/p>\n\t<div class=\"img has-hover x md-x lg-x y md-y lg-y\" id=\"image_224917958\">\n\t\t\t\t\t\t\t\t<div class=\"img-inner dark\" >\n\t\t\t<img decoding=\"async\" width=\"800\" height=\"200\" src=\"https:\/\/meditex.ee\/wp-content\/uploads\/2023\/04\/hooldus_11zon.jpg\" class=\"attachment-large size-large\" alt=\"\" srcset=\"https:\/\/meditex.ee\/wp-content\/uploads\/2023\/04\/hooldus_11zon.jpg 800w, https:\/\/meditex.ee\/wp-content\/uploads\/2023\/04\/hooldus_11zon-510x128.jpg 510w, https:\/\/meditex.ee\/wp-content\/uploads\/2023\/04\/hooldus_11zon-768x192.jpg 768w\" sizes=\"(max-width: 800px) 100vw, 800px\" \/>\t\t\t\t\t\t\n\t\t\t\t\t<\/div>\n\t\t\t\t\t\t\t\t\n<style>\n#image_224917958 {\n  width: 100%;\n}\n<\/style>\n\t<\/div>\n\t\n\t\t<\/div>\n\t\t\t\t\t<\/div>\n\n\t\n<\/div>\n<div class=\"is-divider divider clearfix\" style=\"max-width:1100px;height:1px;background-color:rgb(0, 0, 0);\"><\/div>\n<p data-fontsize=\"16\" data-lineheight=\"19\">Skaitykite \u010dia apie Corsinel stomos ir i\u0161var\u017eos produktus <a href=\"https:\/\/meditex.ee\/lt\/corsinel\/\">https:\/\/meditex.ee\/corsinel\/<\/a><\/p>\n<p data-fontsize=\"16\" data-lineheight=\"19\">Informacija gamintojo svetain\u0117je <a href=\"https:\/\/t.ly\/MJnF\">https:\/\/t.ly\/MJnF<\/a><\/p>\n<p style=\"text-align: left;\">Stomos mai\u0161eliai ir stomos prie\u017ei\u016bros priemon\u0117s: <a href=\"https:\/\/stoom.ee\/tooted\/\">https:\/\/stoom.ee\/tooted\/<\/a><br \/>Stomos pacientui nauding\u0173 patarim\u0173 rasite: <a href=\"https:\/\/www.elustoomiga.ee\">https:\/\/www.elustoomiga.ee<\/a><\/p>\n","protected":false},"excerpt":{"rendered":"<p style=\"text-align: left;\"><span style=\"font-size: 75%; color: #000000;\">Maksimalios atramos stomos ir i\u0161var\u017eos apatinis trikota\u017eas moterims.<\/span><\/p>\n","protected":false},"featured_media":19942,"template":"","meta":[],"product_brand":[],"product_cat":[613],"product_tag":[611,612],"class_list":{"0":"post-19937","1":"product","2":"type-product","3":"status-publish","4":"has-post-thumbnail","6":"product_cat-stomu-ir-isvarzu-apatiniai-drabuziai","7":"product_tag-corsinel","8":"product_tag-maksimali-parama","10":"first","11":"instock","12":"taxable","13":"shipping-taxable","14":"purchasable","15":"product-type-variable"},"yoast_head":"<!-- This site is optimized with the Yoast SEO plugin v27.3 - https:\/\/yoast.com\/product\/yoast-seo-wordpress\/ -->\n<title>Corsinel Maximum moter\u0173 stomos ir i\u0161var\u017eos apatinis trikota\u017eas - meditex.ee<\/title>\n<meta name=\"description\" content=\"Corsinel Maximum moter\u0173 stomos ir i\u0161var\u017eos apatinis trikota\u017eas su maksimalia atrama idealiai tinka naudoti esant kolostomai, ileostomai, urostomai ar i\u0161var\u017eai.\" \/>\n<meta name=\"robots\" content=\"index, follow, max-snippet:-1, max-image-preview:large, max-video-preview:-1\" \/>\n<link rel=\"canonical\" href=\"https:\/\/meditex.ee\/lt\/product\/corsinel-maximum-moteru-stomos-ir-isvarzos-auksto-juosmens-apatinis-trikotazas\/\" \/>\n<meta property=\"og:locale\" content=\"lt_LT\" \/>\n<meta property=\"og:type\" content=\"article\" \/>\n<meta property=\"og:title\" content=\"Corsinel Maximum moter\u0173 stomos ir i\u0161var\u017eos apatinis trikota\u017eas - meditex.ee\" \/>\n<meta property=\"og:description\" content=\"Corsinel Maximum moter\u0173 stomos ir i\u0161var\u017eos apatinis trikota\u017eas su maksimalia atrama idealiai tinka naudoti esant kolostomai, ileostomai, urostomai ar i\u0161var\u017eai.\" \/>\n<meta property=\"og:url\" content=\"https:\/\/meditex.ee\/lt\/product\/corsinel-maximum-moteru-stomos-ir-isvarzos-auksto-juosmens-apatinis-trikotazas\/\" \/>\n<meta property=\"og:site_name\" content=\"Meditex\" \/>\n<meta property=\"article:publisher\" content=\"https:\/\/www.facebook.com\/meditexepood\/\" \/>\n<meta property=\"article:modified_time\" content=\"2026-02-04T14:13:43+00:00\" \/>\n<meta property=\"og:image\" content=\"https:\/\/meditex.ee\/wp-content\/uploads\/2023\/04\/3839A-200_1_1_11zon.jpg\" \/>\n\t<meta property=\"og:image:width\" content=\"1500\" \/>\n\t<meta property=\"og:image:height\" content=\"1500\" \/>\n\t<meta property=\"og:image:type\" content=\"image\/jpeg\" \/>\n<meta name=\"twitter:card\" content=\"summary_large_image\" \/>\n<meta name=\"twitter:label1\" content=\"Est. reading time\" \/>\n\t<meta name=\"twitter:data1\" content=\"2 minut\u0117\" \/>\n<script type=\"application\/ld+json\" class=\"yoast-schema-graph\">{\"@context\":\"https:\\\/\\\/schema.org\",\"@graph\":[{\"@type\":\"WebPage\",\"@id\":\"https:\\\/\\\/meditex.ee\\\/lt\\\/product\\\/corsinel-maximum-moteru-stomos-ir-isvarzos-auksto-juosmens-apatinis-trikotazas\\\/\",\"url\":\"https:\\\/\\\/meditex.ee\\\/lt\\\/product\\\/corsinel-maximum-moteru-stomos-ir-isvarzos-auksto-juosmens-apatinis-trikotazas\\\/\",\"name\":\"Corsinel Maximum moter\u0173 stomos ir i\u0161var\u017eos apatinis trikota\u017eas - meditex.ee\",\"isPartOf\":{\"@id\":\"https:\\\/\\\/meditex.ee\\\/en\\\/#website\"},\"primaryImageOfPage\":{\"@id\":\"https:\\\/\\\/meditex.ee\\\/lt\\\/product\\\/corsinel-maximum-moteru-stomos-ir-isvarzos-auksto-juosmens-apatinis-trikotazas\\\/#primaryimage\"},\"image\":{\"@id\":\"https:\\\/\\\/meditex.ee\\\/lt\\\/product\\\/corsinel-maximum-moteru-stomos-ir-isvarzos-auksto-juosmens-apatinis-trikotazas\\\/#primaryimage\"},\"thumbnailUrl\":\"https:\\\/\\\/meditex.ee\\\/wp-content\\\/uploads\\\/2023\\\/04\\\/3839A-200_1_1_11zon.jpg\",\"datePublished\":\"2026-02-04T14:13:36+00:00\",\"dateModified\":\"2026-02-04T14:13:43+00:00\",\"description\":\"Corsinel Maximum moter\u0173 stomos ir i\u0161var\u017eos apatinis trikota\u017eas su maksimalia atrama idealiai tinka naudoti esant kolostomai, ileostomai, urostomai ar i\u0161var\u017eai.\",\"breadcrumb\":{\"@id\":\"https:\\\/\\\/meditex.ee\\\/lt\\\/product\\\/corsinel-maximum-moteru-stomos-ir-isvarzos-auksto-juosmens-apatinis-trikotazas\\\/#breadcrumb\"},\"inLanguage\":\"lt-LT\",\"potentialAction\":[{\"@type\":\"ReadAction\",\"target\":[\"https:\\\/\\\/meditex.ee\\\/lt\\\/product\\\/corsinel-maximum-moteru-stomos-ir-isvarzos-auksto-juosmens-apatinis-trikotazas\\\/\"]}]},{\"@type\":\"ImageObject\",\"inLanguage\":\"lt-LT\",\"@id\":\"https:\\\/\\\/meditex.ee\\\/lt\\\/product\\\/corsinel-maximum-moteru-stomos-ir-isvarzos-auksto-juosmens-apatinis-trikotazas\\\/#primaryimage\",\"url\":\"https:\\\/\\\/meditex.ee\\\/wp-content\\\/uploads\\\/2023\\\/04\\\/3839A-200_1_1_11zon.jpg\",\"contentUrl\":\"https:\\\/\\\/meditex.ee\\\/wp-content\\\/uploads\\\/2023\\\/04\\\/3839A-200_1_1_11zon.jpg\",\"width\":1500,\"height\":1500,\"caption\":\"maksimalios atramos stomos ir i\u0161var\u017eos apatinis trikota\u017eas\"},{\"@type\":\"BreadcrumbList\",\"@id\":\"https:\\\/\\\/meditex.ee\\\/lt\\\/product\\\/corsinel-maximum-moteru-stomos-ir-isvarzos-auksto-juosmens-apatinis-trikotazas\\\/#breadcrumb\",\"itemListElement\":[{\"@type\":\"ListItem\",\"position\":1,\"name\":\"Home\",\"item\":\"https:\\\/\\\/meditex.ee\\\/lt\\\/\"},{\"@type\":\"ListItem\",\"position\":2,\"name\":\"Parduotuv\u0117\",\"item\":\"https:\\\/\\\/meditex.ee\\\/lt\\\/parduotuve\\\/\"},{\"@type\":\"ListItem\",\"position\":3,\"name\":\"Corsinel Maximum moter\u0173 stomos ir i\u0161var\u017eos auk\u0161to juosmens apatinis trikota\u017eas\"}]},{\"@type\":\"WebSite\",\"@id\":\"https:\\\/\\\/meditex.ee\\\/en\\\/#website\",\"url\":\"https:\\\/\\\/meditex.ee\\\/en\\\/\",\"name\":\"Meditex\",\"description\":\"\",\"publisher\":{\"@id\":\"https:\\\/\\\/meditex.ee\\\/en\\\/#organization\"},\"potentialAction\":[{\"@type\":\"SearchAction\",\"target\":{\"@type\":\"EntryPoint\",\"urlTemplate\":\"https:\\\/\\\/meditex.ee\\\/en\\\/?s={search_term_string}\"},\"query-input\":{\"@type\":\"PropertyValueSpecification\",\"valueRequired\":true,\"valueName\":\"search_term_string\"}}],\"inLanguage\":\"lt-LT\"},{\"@type\":\"Organization\",\"@id\":\"https:\\\/\\\/meditex.ee\\\/en\\\/#organization\",\"name\":\"Meditex\",\"url\":\"https:\\\/\\\/meditex.ee\\\/en\\\/\",\"logo\":{\"@type\":\"ImageObject\",\"inLanguage\":\"lt-LT\",\"@id\":\"https:\\\/\\\/meditex.ee\\\/en\\\/#\\\/schema\\\/logo\\\/image\\\/\",\"url\":\"https:\\\/\\\/meditex.ee\\\/wp-content\\\/uploads\\\/2018\\\/03\\\/mdtx_logo.png\",\"contentUrl\":\"https:\\\/\\\/meditex.ee\\\/wp-content\\\/uploads\\\/2018\\\/03\\\/mdtx_logo.png\",\"width\":669,\"height\":235,\"caption\":\"Meditex\"},\"image\":{\"@id\":\"https:\\\/\\\/meditex.ee\\\/en\\\/#\\\/schema\\\/logo\\\/image\\\/\"},\"sameAs\":[\"https:\\\/\\\/www.facebook.com\\\/meditexepood\\\/\"]}]}<\/script>\n<!-- \/ Yoast SEO plugin. -->","yoast_head_json":{"title":"Corsinel Maximum moter\u0173 stomos ir i\u0161var\u017eos apatinis trikota\u017eas - meditex.ee","description":"Corsinel Maximum moter\u0173 stomos ir i\u0161var\u017eos apatinis trikota\u017eas su maksimalia atrama idealiai tinka naudoti esant kolostomai, ileostomai, urostomai ar i\u0161var\u017eai.","robots":{"index":"index","follow":"follow","max-snippet":"max-snippet:-1","max-image-preview":"max-image-preview:large","max-video-preview":"max-video-preview:-1"},"canonical":"https:\/\/meditex.ee\/lt\/product\/corsinel-maximum-moteru-stomos-ir-isvarzos-auksto-juosmens-apatinis-trikotazas\/","og_locale":"lt_LT","og_type":"article","og_title":"Corsinel Maximum moter\u0173 stomos ir i\u0161var\u017eos apatinis trikota\u017eas - meditex.ee","og_description":"Corsinel Maximum moter\u0173 stomos ir i\u0161var\u017eos apatinis trikota\u017eas su maksimalia atrama idealiai tinka naudoti esant kolostomai, ileostomai, urostomai ar i\u0161var\u017eai.","og_url":"https:\/\/meditex.ee\/lt\/product\/corsinel-maximum-moteru-stomos-ir-isvarzos-auksto-juosmens-apatinis-trikotazas\/","og_site_name":"Meditex","article_publisher":"https:\/\/www.facebook.com\/meditexepood\/","article_modified_time":"2026-02-04T14:13:43+00:00","og_image":[{"width":1500,"height":1500,"url":"https:\/\/meditex.ee\/wp-content\/uploads\/2023\/04\/3839A-200_1_1_11zon.jpg","type":"image\/jpeg"}],"twitter_card":"summary_large_image","twitter_misc":{"Est. reading time":"2 minut\u0117"},"schema":{"@context":"https:\/\/schema.org","@graph":[{"@type":"WebPage","@id":"https:\/\/meditex.ee\/lt\/product\/corsinel-maximum-moteru-stomos-ir-isvarzos-auksto-juosmens-apatinis-trikotazas\/","url":"https:\/\/meditex.ee\/lt\/product\/corsinel-maximum-moteru-stomos-ir-isvarzos-auksto-juosmens-apatinis-trikotazas\/","name":"Corsinel Maximum moter\u0173 stomos ir i\u0161var\u017eos apatinis trikota\u017eas - meditex.ee","isPartOf":{"@id":"https:\/\/meditex.ee\/en\/#website"},"primaryImageOfPage":{"@id":"https:\/\/meditex.ee\/lt\/product\/corsinel-maximum-moteru-stomos-ir-isvarzos-auksto-juosmens-apatinis-trikotazas\/#primaryimage"},"image":{"@id":"https:\/\/meditex.ee\/lt\/product\/corsinel-maximum-moteru-stomos-ir-isvarzos-auksto-juosmens-apatinis-trikotazas\/#primaryimage"},"thumbnailUrl":"https:\/\/meditex.ee\/wp-content\/uploads\/2023\/04\/3839A-200_1_1_11zon.jpg","datePublished":"2026-02-04T14:13:36+00:00","dateModified":"2026-02-04T14:13:43+00:00","description":"Corsinel Maximum moter\u0173 stomos ir i\u0161var\u017eos apatinis trikota\u017eas su maksimalia atrama idealiai tinka naudoti esant kolostomai, ileostomai, urostomai ar i\u0161var\u017eai.","breadcrumb":{"@id":"https:\/\/meditex.ee\/lt\/product\/corsinel-maximum-moteru-stomos-ir-isvarzos-auksto-juosmens-apatinis-trikotazas\/#breadcrumb"},"inLanguage":"lt-LT","potentialAction":[{"@type":"ReadAction","target":["https:\/\/meditex.ee\/lt\/product\/corsinel-maximum-moteru-stomos-ir-isvarzos-auksto-juosmens-apatinis-trikotazas\/"]}]},{"@type":"ImageObject","inLanguage":"lt-LT","@id":"https:\/\/meditex.ee\/lt\/product\/corsinel-maximum-moteru-stomos-ir-isvarzos-auksto-juosmens-apatinis-trikotazas\/#primaryimage","url":"https:\/\/meditex.ee\/wp-content\/uploads\/2023\/04\/3839A-200_1_1_11zon.jpg","contentUrl":"https:\/\/meditex.ee\/wp-content\/uploads\/2023\/04\/3839A-200_1_1_11zon.jpg","width":1500,"height":1500,"caption":"maksimalios atramos stomos ir i\u0161var\u017eos apatinis trikota\u017eas"},{"@type":"BreadcrumbList","@id":"https:\/\/meditex.ee\/lt\/product\/corsinel-maximum-moteru-stomos-ir-isvarzos-auksto-juosmens-apatinis-trikotazas\/#breadcrumb","itemListElement":[{"@type":"ListItem","position":1,"name":"Home","item":"https:\/\/meditex.ee\/lt\/"},{"@type":"ListItem","position":2,"name":"Parduotuv\u0117","item":"https:\/\/meditex.ee\/lt\/parduotuve\/"},{"@type":"ListItem","position":3,"name":"Corsinel Maximum moter\u0173 stomos ir i\u0161var\u017eos auk\u0161to juosmens apatinis trikota\u017eas"}]},{"@type":"WebSite","@id":"https:\/\/meditex.ee\/en\/#website","url":"https:\/\/meditex.ee\/en\/","name":"Meditex","description":"","publisher":{"@id":"https:\/\/meditex.ee\/en\/#organization"},"potentialAction":[{"@type":"SearchAction","target":{"@type":"EntryPoint","urlTemplate":"https:\/\/meditex.ee\/en\/?s={search_term_string}"},"query-input":{"@type":"PropertyValueSpecification","valueRequired":true,"valueName":"search_term_string"}}],"inLanguage":"lt-LT"},{"@type":"Organization","@id":"https:\/\/meditex.ee\/en\/#organization","name":"Meditex","url":"https:\/\/meditex.ee\/en\/","logo":{"@type":"ImageObject","inLanguage":"lt-LT","@id":"https:\/\/meditex.ee\/en\/#\/schema\/logo\/image\/","url":"https:\/\/meditex.ee\/wp-content\/uploads\/2018\/03\/mdtx_logo.png","contentUrl":"https:\/\/meditex.ee\/wp-content\/uploads\/2018\/03\/mdtx_logo.png","width":669,"height":235,"caption":"Meditex"},"image":{"@id":"https:\/\/meditex.ee\/en\/#\/schema\/logo\/image\/"},"sameAs":["https:\/\/www.facebook.com\/meditexepood\/"]}]}},"_links":{"self":[{"href":"https:\/\/meditex.ee\/lt\/wp-json\/wp\/v2\/product\/19937","targetHints":{"allow":["GET"]}}],"collection":[{"href":"https:\/\/meditex.ee\/lt\/wp-json\/wp\/v2\/product"}],"about":[{"href":"https:\/\/meditex.ee\/lt\/wp-json\/wp\/v2\/types\/product"}],"wp:featuredmedia":[{"embeddable":true,"href":"https:\/\/meditex.ee\/lt\/wp-json\/wp\/v2\/media\/19942"}],"wp:attachment":[{"href":"https:\/\/meditex.ee\/lt\/wp-json\/wp\/v2\/media?parent=19937"}],"wp:term":[{"taxonomy":"product_brand","embeddable":true,"href":"https:\/\/meditex.ee\/lt\/wp-json\/wp\/v2\/product_brand?post=19937"},{"taxonomy":"product_cat","embeddable":true,"href":"https:\/\/meditex.ee\/lt\/wp-json\/wp\/v2\/product_cat?post=19937"},{"taxonomy":"product_tag","embeddable":true,"href":"https:\/\/meditex.ee\/lt\/wp-json\/wp\/v2\/product_tag?post=19937"}],"curies":[{"name":"wp","href":"https:\/\/api.w.org\/{rel}","templated":true}]}}