{"id":19911,"date":"2026-02-04T14:13:33","date_gmt":"2026-02-04T14:13:33","guid":{"rendered":"https:\/\/meditex.ee\/product\/corsinel-regular-vyru-stomos-ir-isvarzos-bokseriai\/"},"modified":"2026-02-04T14:13:43","modified_gmt":"2026-02-04T14:13:43","slug":"corsinel-regular-vyru-stomos-ir-isvarzos-bokseriai","status":"publish","type":"product","link":"https:\/\/meditex.ee\/lt\/produktas\/corsinel-regular-vyru-stomos-ir-isvarzos-bokseriai\/","title":{"rendered":"Corsinel Regular vyr\u0173 stomos ir i\u0161var\u017eos bokseriai"},"content":{"rendered":"<div class=\"row row-small align-bottom\"  id=\"row-1880191849\">\n\n\t<div id=\"col-547507971\" class=\"col medium-4 small-12 large-4\"  >\n\t\t\t\t<div class=\"col-inner\"  >\n\t\t\t\n\t\t\t\n\t<div class=\"img has-hover x md-x lg-x y md-y lg-y\" id=\"image_1252491904\">\n\t\t\t\t\t\t\t\t<div class=\"img-inner dark\" >\n\t\t\t<img decoding=\"async\" width=\"419\" height=\"420\" src=\"https:\/\/meditex.ee\/wp-content\/uploads\/2018\/03\/Corsinel-compression-level-icon_MEDIUM.png\" class=\"attachment-large size-large\" alt=\"\" srcset=\"https:\/\/meditex.ee\/wp-content\/uploads\/2018\/03\/Corsinel-compression-level-icon_MEDIUM.png 419w, https:\/\/meditex.ee\/wp-content\/uploads\/2018\/03\/Corsinel-compression-level-icon_MEDIUM-100x100.png 100w, https:\/\/meditex.ee\/wp-content\/uploads\/2018\/03\/Corsinel-compression-level-icon_MEDIUM-280x280.png 280w, https:\/\/meditex.ee\/wp-content\/uploads\/2018\/03\/Corsinel-compression-level-icon_MEDIUM-399x400.png 399w, https:\/\/meditex.ee\/wp-content\/uploads\/2018\/03\/Corsinel-compression-level-icon_MEDIUM-300x300.png 300w\" sizes=\"(max-width: 419px) 100vw, 419px\" \/>\t\t\t\t\t\t\n\t\t\t\t\t<\/div>\n\t\t\t\t\t\t\t\t\n<style>\n#image_1252491904 {\n  width: 30%;\n}\n<\/style>\n\t<\/div>\n\t\n\t\t<\/div>\n\t\t\t\t\t<\/div>\n\n\t\n\n\t<div id=\"col-1176940308\" class=\"col medium-4 small-12 large-4\"  >\n\t\t\t\t<div class=\"col-inner\"  >\n\t\t\t\n\t\t\t\n\t\t<\/div>\n\t\t\t\t\t<\/div>\n\n\t\n\n\t<div id=\"col-369519185\" class=\"col medium-4 small-12 large-4\"  >\n\t\t\t\t<div class=\"col-inner text-right\"  >\n\t\t\t\n\t\t\t\n\t<div class=\"img has-hover x md-x lg-x y md-y lg-y\" id=\"image_976171498\">\n\t\t\t\t\t\t\t\t<div class=\"img-inner dark\" >\n\t\t\t<img decoding=\"async\" width=\"1020\" height=\"274\" src=\"https:\/\/meditex.ee\/wp-content\/uploads\/2018\/03\/Corsinel_Live-as-you-like_200mm-1400x376.png\" class=\"attachment-large size-large\" alt=\"\" srcset=\"https:\/\/meditex.ee\/wp-content\/uploads\/2018\/03\/Corsinel_Live-as-you-like_200mm-1400x376.png 1400w, https:\/\/meditex.ee\/wp-content\/uploads\/2018\/03\/Corsinel_Live-as-you-like_200mm-510x137.png 510w, https:\/\/meditex.ee\/wp-content\/uploads\/2018\/03\/Corsinel_Live-as-you-like_200mm-800x215.png 800w, https:\/\/meditex.ee\/wp-content\/uploads\/2018\/03\/Corsinel_Live-as-you-like_200mm-768x206.png 768w, https:\/\/meditex.ee\/wp-content\/uploads\/2018\/03\/Corsinel_Live-as-you-like_200mm-600x161.png 600w\" sizes=\"(max-width: 1020px) 100vw, 1020px\" \/>\t\t\t\t\t\t\n\t\t\t\t\t<\/div>\n\t\t\t\t\t\t\t\t\n<style>\n#image_976171498 {\n  width: 50%;\n}\n<\/style>\n\t<\/div>\n\t\n\t\t<\/div>\n\t\t\t\t\t<\/div>\n\n\t\n<\/div>\n<p style=\"text-align: left;\"><span style=\"font-weight: 400; color: #000000;\">Corsinel Regular stomos ir i\u0161var\u017eos apatiniai r\u016bbai sukurti suteikti naudotojams visapusi\u0161k\u0105 palaikym\u0105 geresniam stomos mai\u0161elio tvirtinimui ir palaikymui. Be to, Corsinel Regular apatiniai r\u016bbai taip pat palaiko pilvo i\u0161var\u017e\u0105, suteikdami vidutin\u012f palaikym\u0105, kai didelis palaikymas n\u0117ra rekomenduojamas arba netoleruojamas. Apatiniai r\u016bbai taip pat gali u\u017ekirsti keli\u0105 i\u0161var\u017eos atsiradimui didel\u0117s rizikos naudotojams ir prireikus gali b\u016bti naudojami kaip naktiniai r\u016bbai.  <\/span><\/p>\n<p style=\"text-align: left;\"><span style=\"font-weight: 400; color: #000000;\">Tiek moter\u0173, tiek vyr\u0173 modeliai sukurti atrodyti kaip \u012fprasti apatiniai r\u016bbai, j\u0173 naudojimas labai patogus ir u\u017etikrina diskretum\u0105. Kasdien d\u0117vint apatinius r\u016bbus iki \u0161iol sunkiais atrod\u017eiusi\u0173 veikl\u0173 atlikimas tampa lengvesnis. Be to, apatiniai r\u016bbai suteikia d\u0117v\u0117tojui lyg\u0173 i\u0161vaizd\u0105, u\u017etikrindami diskretum\u0105 ir skatindami dalyvauti visuomen\u0117s gyvenime.  <\/span><\/p>\n<p style=\"text-align: left;\"><span style=\"font-weight: 400; color: #000000;\">Corsinel Regular stomos ir i\u0161var\u017eos apatini\u0173 r\u016bb\u0173 tvirta vir\u0161utin\u0117 dalis palaiko mai\u0161el\u012f ir\/arba stom\u0105. Apatin\u0117 dalis yra i\u0161 mink\u0161tesn\u0117s med\u017eiagos, kuri palengvina apatini\u0173 r\u016bb\u0173 u\u017esid\u0117jim\u0105 ir nusimovim\u0105. <\/span><\/p>\n<p style=\"text-align: left;\"><span style=\"font-weight: 400; color: #000000;\">Corsinel Regular stomos ir i\u0161var\u017eos palaikom\u0173j\u0173 r\u016bb\u0173 med\u017eiaga yra keturi\u0173 kryp\u010di\u0173 tempimo, tai rei\u0161kia, kad ji visada idealiai prisitaiko prie k\u016bno kont\u016br\u0173 ir u\u017etikrina ideal\u0173 tinkamum\u0105. Apatiniai r\u016bbai pagaminti i\u0161 odos draugi\u0161kos ir be latekso med\u017eiagos, kad b\u016bt\u0173 i\u0161vengta alergini\u0173 reakcij\u0173, paraudimo ar odos dirginimo apskritai. <\/span><\/p>\n<h3 data-fontsize=\"16\" data-lineheight=\"19\"><strong>Corsinel Regular vyr\u0173 stomos ir i\u0161var\u017eos bokseriai<\/strong><\/h3>\n<p style=\"text-align: left;\" data-fontsize=\"16\" data-lineheight=\"19\"><span style=\"color: #000000;\">Corsinel Regular vyr\u0173 stomos ir i\u0161var\u017eos bokseriai fiksuoja stomos mai\u0161el\u012f bei palaiko ir palengvina parastom\u0105, bambos, epigastrin\u0119 ir rand\u0173 i\u0161var\u017e\u0105. Palaikantys apatiniai r\u016bbai suteikia palengv\u0117jim\u0105, nuramina, padeda jud\u0117jimo metu, neutralizuoja gravitacijos poveik\u012f \u2013 visa tai suma\u017eina skausm\u0105. \u0160iuos apatinius r\u016bbus galima naudoti ir i\u0161var\u017eos prevencijai. Corsinel apatiniai r\u016bbai turi tiek \u017eem\u0105, tiek auk\u0161t\u0105 model\u012f. D\u0117l apatini\u0173 r\u016bb\u0173 auk\u0161\u010dio ir naudojimo pasitarkite su savo gydytoju ar medicinos seserimi.    <\/span><\/p>\n<h4 style=\"text-align: left;\" data-fontsize=\"16\" data-lineheight=\"19\"><span style=\"color: #000000;\"><strong>Savyb\u0117s:<\/strong><\/span><\/h4>\n<ul>\n<li style=\"text-align: left;\">\n<p data-fontsize=\"16\" data-lineheight=\"19\"><span style=\"color: #000000;\">Tvirtesn\u0117 vir\u0161utin\u0117 dalis palaiko mai\u0161el\u012f\/i\u0161var\u017e\u0105, apatin\u0117 dalis i\u0161 mink\u0161tesn\u0117s med\u017eiagos, kad r\u016bbus b\u016bt\u0173 lengviau u\u017esimauti ir nusimauti<\/span><\/p>\n<\/li>\n<li style=\"text-align: left;\">\n<p data-fontsize=\"16\" data-lineheight=\"19\"><span style=\"color: #000000;\">Suprojektuoti kaip \u012fprasti apatiniai r\u016bbai<\/span><\/p>\n<\/li>\n<li style=\"text-align: left;\">\n<p data-fontsize=\"16\" data-lineheight=\"19\"><span style=\"color: #000000;\">U\u017etikrina lyg\u0173 ir diskret\u0173 i\u0161vaizd\u0105<\/span><\/p>\n<\/li>\n<li style=\"text-align: left;\">\n<p data-fontsize=\"16\" data-lineheight=\"19\"><span style=\"color: #000000;\">Oro ir dr\u0117gm\u0117s pralaid\u017eia bei odos draugi\u0161ka med\u017eiaga<\/span><\/p>\n<\/li>\n<li style=\"text-align: left;\">\n<p data-fontsize=\"16\" data-lineheight=\"19\"><span style=\"color: #000000;\">Keturiais kryptimis tamprus med\u017eiagas jud\u0117jimo amplitud\u0117s didinimui<\/span><\/p>\n<\/li>\n<li style=\"text-align: left;\">\n<p data-fontsize=\"16\" data-lineheight=\"19\"><span style=\"color: #000000;\">Bes\u016bl\u0117s dizainas optimaliam odos draugi\u0161kumui<\/span><\/p>\n<\/li>\n<li style=\"text-align: left;\">\n<p data-fontsize=\"16\" data-lineheight=\"19\"><span style=\"color: #000000;\">Skalbamas<\/span><\/p>\n<\/li>\n<li style=\"text-align: left;\">\n<p data-fontsize=\"16\" data-lineheight=\"19\"><span style=\"color: #000000;\">Neturi latekso<\/span><\/p>\n<\/li>\n<li style=\"text-align: left;\">\n<p data-fontsize=\"16\" data-lineheight=\"19\"><span style=\"color: #000000;\">24 val. naudojimui<\/span><\/p>\n<\/li>\n<\/ul>\n<p>DYD\u017dIAI:<\/p>\n<div class=\"row\"  id=\"row-1641158112\">\n\n\t<div id=\"col-2001560815\" class=\"col medium-8 small-12 large-8\"  >\n\t\t\t\t<div class=\"col-inner\"  >\n\t\t\t\n\t\t\t\n\t<div class=\"img has-hover x md-x lg-x y md-y lg-y\" id=\"image_1599558918\">\n\t\t\t\t\t\t\t\t<div class=\"img-inner dark\" >\n\t\t\t<img decoding=\"async\" width=\"427\" height=\"202\" src=\"https:\/\/meditex.ee\/wp-content\/uploads\/2019\/07\/meeste.png\" class=\"attachment-large size-large\" alt=\"\" \/>\t\t\t\t\t\t\n\t\t\t\t\t<\/div>\n\t\t\t\t\t\t\t\t\n<style>\n#image_1599558918 {\n  width: 80%;\n}\n<\/style>\n\t<\/div>\n\t\n\t\t<\/div>\n\t\t\t\t\t<\/div>\n\n\t\n\n\t<div id=\"col-1378424551\" class=\"col medium-4 small-12 large-4\"  >\n\t\t\t\t<div class=\"col-inner\"  >\n\t\t\t\n\t\t\t\n\t\t<\/div>\n\t\t\t\t\t<\/div>\n\n\t\n<\/div>\n<p style=\"text-align: left;\" data-fontsize=\"16\" data-lineheight=\"19\"><span style=\"color: #000000;\">Stipresnei kompresijai pasirinkite vienu numeriu ma\u017eesn\u012f, o silpnesnei kompresijai vienu numeriu didesn\u012f gamin\u012f.<\/span><\/p>\n<p style=\"text-align: left;\" data-fontsize=\"16\" data-lineheight=\"19\"><span style=\"color: #000000;\">D\u0116MESIO! Visada i\u0161simatuokite tinkamo dyd\u017eio nustatymui. <\/span><\/p>\n<p data-fontsize=\"16\" data-lineheight=\"19\">Skaitykite \u010dia apie Corsinel stomos ir i\u0161var\u017eos gaminius: <a href=\"https:\/\/meditex.ee\/lt\/corsinel\/\">https:\/\/meditex.ee\/corsinel\/<\/a><\/p>\n<p data-fontsize=\"16\" data-lineheight=\"19\">Informacija gamintojo svetain\u0117je: <a href=\"https:\/\/www.corsinel.com\/en\/product\/353450-01-01-1mb\">https:\/\/www.corsinel.com\/en\/product\/353450-01-01-1mb<\/a><\/p>\n<p style=\"text-align: left;\">Stomos mai\u0161eliai ir stomos prie\u017ei\u016bros priemon\u0117s: <a href=\"https:\/\/stoom.ee\/tooted\/\">https:\/\/stoom.ee\/tooted\/<\/a><br \/>Stomos pacientui nauding\u0173 patarim\u0173 rasite: <a href=\"https:\/\/www.elustoomiga.ee\">https:\/\/www.elustoomiga.ee<\/a><\/p>\n","protected":false},"excerpt":{"rendered":"<p style=\"text-align: left;\"><span style=\"font-size: 75%; color: #000000;\">Vidutinio palaikymo stomos ir i\u0161var\u017eos apatiniai r\u016bbai vyrams.<\/span><\/p>\n","protected":false},"featured_media":19912,"template":"","meta":[],"product_brand":[],"product_cat":[613],"product_tag":[611,614],"class_list":{"0":"post-19911","1":"product","2":"type-product","3":"status-publish","4":"has-post-thumbnail","6":"product_cat-stomu-ir-isvarzu-apatiniai-drabuziai","7":"product_tag-corsinel","8":"product_tag-vidutinis-palaikymas","10":"first","11":"instock","12":"taxable","13":"shipping-taxable","14":"purchasable","15":"product-type-variable"},"yoast_head":"<!-- This site is optimized with the Yoast SEO plugin v27.3 - https:\/\/yoast.com\/product\/yoast-seo-wordpress\/ -->\n<title>Corsinel Regular vyr\u0173 stomos ir i\u0161var\u017eos bokseriai - Meditex .ee<\/title>\n<meta name=\"description\" content=\"Corsinel Regular vyr\u0173 stomos ir i\u0161var\u017eos bokseriai fiksuoja stomos mai\u0161el\u012f bei palaiko ir palengvina parastom\u0105, bambos, epigastrin\u0119 ir rand\u0173 i\u0161var\u017e\u0105.\" \/>\n<meta name=\"robots\" content=\"index, follow, max-snippet:-1, max-image-preview:large, max-video-preview:-1\" \/>\n<link rel=\"canonical\" href=\"https:\/\/meditex.ee\/lt\/product\/corsinel-regular-vyru-stomos-ir-isvarzos-bokseriai\/\" \/>\n<meta property=\"og:locale\" content=\"lt_LT\" \/>\n<meta property=\"og:type\" content=\"article\" \/>\n<meta property=\"og:title\" content=\"Corsinel Regular vyr\u0173 stomos ir i\u0161var\u017eos bokseriai - Meditex .ee\" \/>\n<meta property=\"og:description\" content=\"Corsinel Regular vyr\u0173 stomos ir i\u0161var\u017eos bokseriai fiksuoja stomos mai\u0161el\u012f bei palaiko ir palengvina parastom\u0105, bambos, epigastrin\u0119 ir rand\u0173 i\u0161var\u017e\u0105.\" \/>\n<meta property=\"og:url\" content=\"https:\/\/meditex.ee\/lt\/product\/corsinel-regular-vyru-stomos-ir-isvarzos-bokseriai\/\" \/>\n<meta property=\"og:site_name\" content=\"Meditex\" \/>\n<meta property=\"article:publisher\" content=\"https:\/\/www.facebook.com\/meditexepood\/\" \/>\n<meta property=\"article:modified_time\" content=\"2026-02-04T14:13:43+00:00\" \/>\n<meta property=\"og:image\" content=\"https:\/\/meditex.ee\/wp-content\/uploads\/2018\/04\/Corsinel-meeste-k\u00f5rge.png\" \/>\n\t<meta property=\"og:image:width\" content=\"800\" \/>\n\t<meta property=\"og:image:height\" content=\"800\" \/>\n\t<meta property=\"og:image:type\" content=\"image\/png\" \/>\n<meta name=\"twitter:card\" content=\"summary_large_image\" \/>\n<meta name=\"twitter:label1\" content=\"Est. reading time\" \/>\n\t<meta name=\"twitter:data1\" content=\"3 minut\u0117\" \/>\n<script type=\"application\/ld+json\" class=\"yoast-schema-graph\">{\"@context\":\"https:\\\/\\\/schema.org\",\"@graph\":[{\"@type\":\"WebPage\",\"@id\":\"https:\\\/\\\/meditex.ee\\\/lt\\\/product\\\/corsinel-regular-vyru-stomos-ir-isvarzos-bokseriai\\\/\",\"url\":\"https:\\\/\\\/meditex.ee\\\/lt\\\/product\\\/corsinel-regular-vyru-stomos-ir-isvarzos-bokseriai\\\/\",\"name\":\"Corsinel Regular vyr\u0173 stomos ir i\u0161var\u017eos bokseriai - Meditex .ee\",\"isPartOf\":{\"@id\":\"https:\\\/\\\/meditex.ee\\\/en\\\/#website\"},\"primaryImageOfPage\":{\"@id\":\"https:\\\/\\\/meditex.ee\\\/lt\\\/product\\\/corsinel-regular-vyru-stomos-ir-isvarzos-bokseriai\\\/#primaryimage\"},\"image\":{\"@id\":\"https:\\\/\\\/meditex.ee\\\/lt\\\/product\\\/corsinel-regular-vyru-stomos-ir-isvarzos-bokseriai\\\/#primaryimage\"},\"thumbnailUrl\":\"https:\\\/\\\/meditex.ee\\\/wp-content\\\/uploads\\\/2018\\\/04\\\/Corsinel-meeste-k\u00f5rge.png\",\"datePublished\":\"2026-02-04T14:13:33+00:00\",\"dateModified\":\"2026-02-04T14:13:43+00:00\",\"description\":\"Corsinel Regular vyr\u0173 stomos ir i\u0161var\u017eos bokseriai fiksuoja stomos mai\u0161el\u012f bei palaiko ir palengvina parastom\u0105, bambos, epigastrin\u0119 ir rand\u0173 i\u0161var\u017e\u0105.\",\"breadcrumb\":{\"@id\":\"https:\\\/\\\/meditex.ee\\\/lt\\\/product\\\/corsinel-regular-vyru-stomos-ir-isvarzos-bokseriai\\\/#breadcrumb\"},\"inLanguage\":\"lt-LT\",\"potentialAction\":[{\"@type\":\"ReadAction\",\"target\":[\"https:\\\/\\\/meditex.ee\\\/lt\\\/product\\\/corsinel-regular-vyru-stomos-ir-isvarzos-bokseriai\\\/\"]}]},{\"@type\":\"ImageObject\",\"inLanguage\":\"lt-LT\",\"@id\":\"https:\\\/\\\/meditex.ee\\\/lt\\\/product\\\/corsinel-regular-vyru-stomos-ir-isvarzos-bokseriai\\\/#primaryimage\",\"url\":\"https:\\\/\\\/meditex.ee\\\/wp-content\\\/uploads\\\/2018\\\/04\\\/Corsinel-meeste-k\u00f5rge.png\",\"contentUrl\":\"https:\\\/\\\/meditex.ee\\\/wp-content\\\/uploads\\\/2018\\\/04\\\/Corsinel-meeste-k\u00f5rge.png\",\"width\":800,\"height\":800,\"caption\":\"stomos ir i\u0161var\u017eos r\u016bbai vyrams\"},{\"@type\":\"BreadcrumbList\",\"@id\":\"https:\\\/\\\/meditex.ee\\\/lt\\\/product\\\/corsinel-regular-vyru-stomos-ir-isvarzos-bokseriai\\\/#breadcrumb\",\"itemListElement\":[{\"@type\":\"ListItem\",\"position\":1,\"name\":\"Home\",\"item\":\"https:\\\/\\\/meditex.ee\\\/lt\\\/\"},{\"@type\":\"ListItem\",\"position\":2,\"name\":\"Parduotuv\u0117\",\"item\":\"https:\\\/\\\/meditex.ee\\\/lt\\\/parduotuve\\\/\"},{\"@type\":\"ListItem\",\"position\":3,\"name\":\"Corsinel Regular vyr\u0173 stomos ir i\u0161var\u017eos bokseriai\"}]},{\"@type\":\"WebSite\",\"@id\":\"https:\\\/\\\/meditex.ee\\\/en\\\/#website\",\"url\":\"https:\\\/\\\/meditex.ee\\\/en\\\/\",\"name\":\"Meditex\",\"description\":\"\",\"publisher\":{\"@id\":\"https:\\\/\\\/meditex.ee\\\/en\\\/#organization\"},\"potentialAction\":[{\"@type\":\"SearchAction\",\"target\":{\"@type\":\"EntryPoint\",\"urlTemplate\":\"https:\\\/\\\/meditex.ee\\\/en\\\/?s={search_term_string}\"},\"query-input\":{\"@type\":\"PropertyValueSpecification\",\"valueRequired\":true,\"valueName\":\"search_term_string\"}}],\"inLanguage\":\"lt-LT\"},{\"@type\":\"Organization\",\"@id\":\"https:\\\/\\\/meditex.ee\\\/en\\\/#organization\",\"name\":\"Meditex\",\"url\":\"https:\\\/\\\/meditex.ee\\\/en\\\/\",\"logo\":{\"@type\":\"ImageObject\",\"inLanguage\":\"lt-LT\",\"@id\":\"https:\\\/\\\/meditex.ee\\\/en\\\/#\\\/schema\\\/logo\\\/image\\\/\",\"url\":\"https:\\\/\\\/meditex.ee\\\/wp-content\\\/uploads\\\/2018\\\/03\\\/mdtx_logo.png\",\"contentUrl\":\"https:\\\/\\\/meditex.ee\\\/wp-content\\\/uploads\\\/2018\\\/03\\\/mdtx_logo.png\",\"width\":669,\"height\":235,\"caption\":\"Meditex\"},\"image\":{\"@id\":\"https:\\\/\\\/meditex.ee\\\/en\\\/#\\\/schema\\\/logo\\\/image\\\/\"},\"sameAs\":[\"https:\\\/\\\/www.facebook.com\\\/meditexepood\\\/\"]}]}<\/script>\n<!-- \/ Yoast SEO plugin. -->","yoast_head_json":{"title":"Corsinel Regular vyr\u0173 stomos ir i\u0161var\u017eos bokseriai - Meditex .ee","description":"Corsinel Regular vyr\u0173 stomos ir i\u0161var\u017eos bokseriai fiksuoja stomos mai\u0161el\u012f bei palaiko ir palengvina parastom\u0105, bambos, epigastrin\u0119 ir rand\u0173 i\u0161var\u017e\u0105.","robots":{"index":"index","follow":"follow","max-snippet":"max-snippet:-1","max-image-preview":"max-image-preview:large","max-video-preview":"max-video-preview:-1"},"canonical":"https:\/\/meditex.ee\/lt\/product\/corsinel-regular-vyru-stomos-ir-isvarzos-bokseriai\/","og_locale":"lt_LT","og_type":"article","og_title":"Corsinel Regular vyr\u0173 stomos ir i\u0161var\u017eos bokseriai - Meditex .ee","og_description":"Corsinel Regular vyr\u0173 stomos ir i\u0161var\u017eos bokseriai fiksuoja stomos mai\u0161el\u012f bei palaiko ir palengvina parastom\u0105, bambos, epigastrin\u0119 ir rand\u0173 i\u0161var\u017e\u0105.","og_url":"https:\/\/meditex.ee\/lt\/product\/corsinel-regular-vyru-stomos-ir-isvarzos-bokseriai\/","og_site_name":"Meditex","article_publisher":"https:\/\/www.facebook.com\/meditexepood\/","article_modified_time":"2026-02-04T14:13:43+00:00","og_image":[{"width":800,"height":800,"url":"https:\/\/meditex.ee\/wp-content\/uploads\/2018\/04\/Corsinel-meeste-k\u00f5rge.png","type":"image\/png"}],"twitter_card":"summary_large_image","twitter_misc":{"Est. reading time":"3 minut\u0117"},"schema":{"@context":"https:\/\/schema.org","@graph":[{"@type":"WebPage","@id":"https:\/\/meditex.ee\/lt\/product\/corsinel-regular-vyru-stomos-ir-isvarzos-bokseriai\/","url":"https:\/\/meditex.ee\/lt\/product\/corsinel-regular-vyru-stomos-ir-isvarzos-bokseriai\/","name":"Corsinel Regular vyr\u0173 stomos ir i\u0161var\u017eos bokseriai - Meditex .ee","isPartOf":{"@id":"https:\/\/meditex.ee\/en\/#website"},"primaryImageOfPage":{"@id":"https:\/\/meditex.ee\/lt\/product\/corsinel-regular-vyru-stomos-ir-isvarzos-bokseriai\/#primaryimage"},"image":{"@id":"https:\/\/meditex.ee\/lt\/product\/corsinel-regular-vyru-stomos-ir-isvarzos-bokseriai\/#primaryimage"},"thumbnailUrl":"https:\/\/meditex.ee\/wp-content\/uploads\/2018\/04\/Corsinel-meeste-k\u00f5rge.png","datePublished":"2026-02-04T14:13:33+00:00","dateModified":"2026-02-04T14:13:43+00:00","description":"Corsinel Regular vyr\u0173 stomos ir i\u0161var\u017eos bokseriai fiksuoja stomos mai\u0161el\u012f bei palaiko ir palengvina parastom\u0105, bambos, epigastrin\u0119 ir rand\u0173 i\u0161var\u017e\u0105.","breadcrumb":{"@id":"https:\/\/meditex.ee\/lt\/product\/corsinel-regular-vyru-stomos-ir-isvarzos-bokseriai\/#breadcrumb"},"inLanguage":"lt-LT","potentialAction":[{"@type":"ReadAction","target":["https:\/\/meditex.ee\/lt\/product\/corsinel-regular-vyru-stomos-ir-isvarzos-bokseriai\/"]}]},{"@type":"ImageObject","inLanguage":"lt-LT","@id":"https:\/\/meditex.ee\/lt\/product\/corsinel-regular-vyru-stomos-ir-isvarzos-bokseriai\/#primaryimage","url":"https:\/\/meditex.ee\/wp-content\/uploads\/2018\/04\/Corsinel-meeste-k\u00f5rge.png","contentUrl":"https:\/\/meditex.ee\/wp-content\/uploads\/2018\/04\/Corsinel-meeste-k\u00f5rge.png","width":800,"height":800,"caption":"stomos ir i\u0161var\u017eos r\u016bbai vyrams"},{"@type":"BreadcrumbList","@id":"https:\/\/meditex.ee\/lt\/product\/corsinel-regular-vyru-stomos-ir-isvarzos-bokseriai\/#breadcrumb","itemListElement":[{"@type":"ListItem","position":1,"name":"Home","item":"https:\/\/meditex.ee\/lt\/"},{"@type":"ListItem","position":2,"name":"Parduotuv\u0117","item":"https:\/\/meditex.ee\/lt\/parduotuve\/"},{"@type":"ListItem","position":3,"name":"Corsinel Regular vyr\u0173 stomos ir i\u0161var\u017eos bokseriai"}]},{"@type":"WebSite","@id":"https:\/\/meditex.ee\/en\/#website","url":"https:\/\/meditex.ee\/en\/","name":"Meditex","description":"","publisher":{"@id":"https:\/\/meditex.ee\/en\/#organization"},"potentialAction":[{"@type":"SearchAction","target":{"@type":"EntryPoint","urlTemplate":"https:\/\/meditex.ee\/en\/?s={search_term_string}"},"query-input":{"@type":"PropertyValueSpecification","valueRequired":true,"valueName":"search_term_string"}}],"inLanguage":"lt-LT"},{"@type":"Organization","@id":"https:\/\/meditex.ee\/en\/#organization","name":"Meditex","url":"https:\/\/meditex.ee\/en\/","logo":{"@type":"ImageObject","inLanguage":"lt-LT","@id":"https:\/\/meditex.ee\/en\/#\/schema\/logo\/image\/","url":"https:\/\/meditex.ee\/wp-content\/uploads\/2018\/03\/mdtx_logo.png","contentUrl":"https:\/\/meditex.ee\/wp-content\/uploads\/2018\/03\/mdtx_logo.png","width":669,"height":235,"caption":"Meditex"},"image":{"@id":"https:\/\/meditex.ee\/en\/#\/schema\/logo\/image\/"},"sameAs":["https:\/\/www.facebook.com\/meditexepood\/"]}]}},"_links":{"self":[{"href":"https:\/\/meditex.ee\/lt\/wp-json\/wp\/v2\/product\/19911","targetHints":{"allow":["GET"]}}],"collection":[{"href":"https:\/\/meditex.ee\/lt\/wp-json\/wp\/v2\/product"}],"about":[{"href":"https:\/\/meditex.ee\/lt\/wp-json\/wp\/v2\/types\/product"}],"wp:featuredmedia":[{"embeddable":true,"href":"https:\/\/meditex.ee\/lt\/wp-json\/wp\/v2\/media\/19912"}],"wp:attachment":[{"href":"https:\/\/meditex.ee\/lt\/wp-json\/wp\/v2\/media?parent=19911"}],"wp:term":[{"taxonomy":"product_brand","embeddable":true,"href":"https:\/\/meditex.ee\/lt\/wp-json\/wp\/v2\/product_brand?post=19911"},{"taxonomy":"product_cat","embeddable":true,"href":"https:\/\/meditex.ee\/lt\/wp-json\/wp\/v2\/product_cat?post=19911"},{"taxonomy":"product_tag","embeddable":true,"href":"https:\/\/meditex.ee\/lt\/wp-json\/wp\/v2\/product_tag?post=19911"}],"curies":[{"name":"wp","href":"https:\/\/api.w.org\/{rel}","templated":true}]}}