{"id":19903,"date":"2026-02-04T14:12:48","date_gmt":"2026-02-04T14:12:48","guid":{"rendered":"https:\/\/meditex.ee\/product\/palaikantis-galvos-tvarstis-su-zandikaulio-dirzeliu-ir-pilnu-kaklo-palaikymu\/"},"modified":"2026-02-04T14:12:55","modified_gmt":"2026-02-04T14:12:55","slug":"palaikantis-galvos-tvarstis-su-zandikaulio-dirzeliu-ir-pilnu-kaklo-palaikymu","status":"publish","type":"product","link":"https:\/\/meditex.ee\/lt\/produktas\/palaikantis-galvos-tvarstis-su-zandikaulio-dirzeliu-ir-pilnu-kaklo-palaikymu\/","title":{"rendered":"Palaikantis galvos tvarstis su \u017eandikaulio dir\u017eeliu ir pilnu kaklo palaikymu"},"content":{"rendered":"<div class=\"row\"  id=\"row-732526493\">\n\n\t<div id=\"col-526214906\" class=\"col medium-6 small-12 large-6\"  >\n\t\t\t\t<div class=\"col-inner\"  >\n\t\t\t\n\t\t\t\n\t\t<\/div>\n\t\t\t\t\t<\/div>\n\n\t\n\n\t<div id=\"col-1742239977\" class=\"col medium-6 small-12 large-6\"  >\n\t\t\t\t<div class=\"col-inner text-right\"  >\n\t\t\t\n\t\t\t\n\t<div class=\"img has-hover x md-x lg-x y md-y lg-y\" id=\"image_904049969\">\n\t\t\t\t\t\t\t\t<div class=\"img-inner dark\" >\n\t\t\t<img decoding=\"async\" width=\"1020\" height=\"380\" src=\"https:\/\/meditex.ee\/wp-content\/uploads\/2018\/03\/Isavela-Logo-Transparent-1400x522.png\" class=\"attachment-large size-large\" alt=\"\" srcset=\"https:\/\/meditex.ee\/wp-content\/uploads\/2018\/03\/Isavela-Logo-Transparent-1400x522.png 1400w, https:\/\/meditex.ee\/wp-content\/uploads\/2018\/03\/Isavela-Logo-Transparent-510x190.png 510w, https:\/\/meditex.ee\/wp-content\/uploads\/2018\/03\/Isavela-Logo-Transparent-800x298.png 800w, https:\/\/meditex.ee\/wp-content\/uploads\/2018\/03\/Isavela-Logo-Transparent-768x286.png 768w, https:\/\/meditex.ee\/wp-content\/uploads\/2018\/03\/Isavela-Logo-Transparent-600x224.png 600w\" sizes=\"(max-width: 1020px) 100vw, 1020px\" \/>\t\t\t\t\t\t\n\t\t\t\t\t<\/div>\n\t\t\t\t\t\t\t\t\n<style>\n#image_904049969 {\n  width: 40%;\n}\n<\/style>\n\t<\/div>\n\t\n\t\t<\/div>\n\t\t\t\t\t<\/div>\n\n\t\n<\/div>\n<p style=\"text-align: left;\"><span style=\"color: #000000;\">Veido kompresiniai drabu\u017eiai u\u017etikrina papildom\u0105 spaudim\u0105 po \u017eandikaulio liposukcijos ar kit\u0173 veido chirurgijos proced\u016br\u0173. Tai ideal\u016bs kompresiniai drabu\u017eiai veidui ir kaklui atsigavimo metu po kaklo k\u0117limo ar \u017eandikaulio liposukcijos. Teisingai u\u017emaukti jie intensyvina kraujotak\u0105 vietoje, kur atlikta chirurgin\u0117 proced\u016bra. \u0160ie drabu\u017eiai suma\u017eina patinim\u0105, pa\u0161alina kenksmingus k\u016bno skys\u010dius ir pagreitina gijim\u0105. Staigaus judesio (pvz., \u010diaud\u0117jimo ar kosulio) atveju veido kompresiniai drabu\u017eiai suma\u017eina diskomfort\u0105.    <\/span><\/p>\n<p style=\"text-align: left;\"><span style=\"color: #000000;\"><strong>Savyb\u0117s:<\/strong> UNISEX lygus veido kompresinis drabu\u017eis su vir\u0161utiniu lipuko u\u017esegimu \u017eandikaulio dir\u017eeliu ir pilnu kaklo palaikymu. \u0160is veido kompresinis drabu\u017eis veikia kaip d\u017eiovinantis palaikytojas, yra kv\u0117puojantis ir be latekso, o antimikrobin\u0117s savyb\u0117s apsaugo nuo kvapo ir bakterij\u0173 susidarymo. Prieinamas sm\u0117lio ir juodos spalvos.  <\/span><\/p>\n<ul>\n<li style=\"text-align: left;\"><span style=\"color: #000000;\"> <\/span><span style=\"color: #000000;\">Idealiai tinka po veido k\u0117limo, kaklo k\u0117limo, liposukcijos (veido, \u017eandikaulio, kaklo), \u017eandikaulio ir \u017eandikaulio linijos korekcijos, genioplastikos ir veido implant\u0173 \u012fstatymo.<\/span><\/li>\n<li style=\"text-align: left;\"><span style=\"color: #000000;\">U\u017etikrina spaudim\u0105 veidui, \u017eandikauliui ir kaklui bei tinka po veido k\u0117limo, kaklo k\u0117limo ir liposukcijos. <\/span><\/li>\n<li style=\"text-align: left;\"><span style=\"color: #000000;\">Pagerina kraujotak\u0105, suma\u017eina patinim\u0105 po proced\u016bros, pa\u0161alina i\u0161 k\u016bno potencialiai kenksmingus skys\u010dius, pagreitina gijim\u0105 ir leid\u017eia pacientui grei\u010diau gr\u012f\u017eti \u012f kasdien\u012f gyvenim\u0105. <\/span><\/li>\n<li style=\"text-align: left;\"><span style=\"color: #000000;\">Taip pat palaiko chirurginio \u012fsiki\u0161imo vietas, u\u017etikrindamas geresn\u012f komfort\u0105, ir padeda odai geriau prisitaikyti prie nauj\u0173 kont\u016br\u0173.<\/span><\/li>\n<li style=\"text-align: left;\"><span style=\"color: #000000;\">I\u0161or\u0117je lipuko u\u017esegimo mink\u0161ta pus\u0117, kuri leid\u017eia nustatyti tinkam\u0105 spaudim\u0105 ir patog\u0173 palaikym\u0105. <\/span><\/li>\n<li style=\"text-align: left;\"><span style=\"color: #000000;\">\u0160is 22,8 cm kompresinis drabu\u017eis susideda i\u0161 trij\u0173 7,6 cm plok\u0161\u010di\u0173, kurios u\u017etikrina didesn\u012f lankstum\u0105 ir piln\u0105 kaklo palaikym\u0105.<\/span><\/li>\n<li style=\"text-align: left;\"><span style=\"color: #000000;\">Su patogiais u\u017emaunamos reguliuojamos lipuko u\u017esegimo kaklo tvirtinimais, kurie palieka ausis laisvas. <\/span><\/li>\n<li style=\"text-align: left;\"><span style=\"color: #000000;\">Su neslid\u017eia vir\u0161ugalvio dalimi ir idealiai i\u0161d\u0117styta \u017eandikaulio ki\u0161ene, kurios u\u017etikrina nuolatin\u012f spaudim\u0105 ir palaikym\u0105.<\/span><\/li>\n<li style=\"text-align: left;\"><span style=\"color: #000000;\">I\u0161 elastingo nesirietan\u010dio audinio, kuris u\u017etikrina tvirtesn\u012f spaudim\u0105 ir veiksmingum\u0105 bei yra i\u0161 vidaus pliu\u0161inis mink\u0161tas ir patogus odai. Be to, med\u017eiagoje yra strukt\u016briniai ra\u0161tai, kurie u\u017etikrina maksimal\u0173 palaikym\u0105 ir spaudim\u0105. <\/span><\/li>\n<li style=\"text-align: left;\"><span style=\"color: #000000;\">100% be latekso<\/span><\/li>\n<\/ul>\n\t<div class=\"img has-hover x md-x lg-x y md-y lg-y\" id=\"image_1276394922\">\n\t\t\t\t\t\t\t\t<div class=\"img-inner dark\" >\n\t\t\t<img decoding=\"async\" width=\"745\" height=\"800\" src=\"https:\/\/meditex.ee\/wp-content\/uploads\/2018\/03\/isvlmdd-745x800.png\" class=\"attachment-large size-large\" alt=\"\" srcset=\"https:\/\/meditex.ee\/wp-content\/uploads\/2018\/03\/isvlmdd-745x800.png 745w, https:\/\/meditex.ee\/wp-content\/uploads\/2018\/03\/isvlmdd-510x548.png 510w, https:\/\/meditex.ee\/wp-content\/uploads\/2018\/03\/isvlmdd-372x400.png 372w, https:\/\/meditex.ee\/wp-content\/uploads\/2018\/03\/isvlmdd-768x825.png 768w, https:\/\/meditex.ee\/wp-content\/uploads\/2018\/03\/isvlmdd-600x645.png 600w, https:\/\/meditex.ee\/wp-content\/uploads\/2018\/03\/isvlmdd.png 794w\" sizes=\"(max-width: 745px) 100vw, 745px\" \/>\t\t\t\t\t\t\n\t\t\t\t\t<\/div>\n\t\t\t\t\t\t\t\t\n<style>\n#image_1276394922 {\n  width: 60%;\n}\n<\/style>\n\t<\/div>\n\t\n","protected":false},"excerpt":{"rendered":"<p>Veido kompresiniai drabu\u017eiai u\u017etikrina papildom\u0105 spaudim\u0105 po \u017eandikaulio liposukcijos ar kit\u0173 veido chirurgijos proced\u016br\u0173. Tai ideal\u016bs kompresiniai drabu\u017eiai veidui ir kaklui atsigavimo metu po kaklo k\u0117limo ar \u017eandikaulio liposukcijos. Teisingai u\u017emaukti jie intensyvina kraujotak\u0105 vietoje, kur atlikta chirurgin\u0117 proced\u016bra. \u0160ie drabu\u017eiai suma\u017eina patinim\u0105, pa\u0161alina kenksmingus k\u016bno skys\u010dius ir pagreitina gijim\u0105. Staigaus judesio (pvz., \u010diaud\u0117jimo ar [&#8230;]\n","protected":false},"featured_media":19906,"template":"","meta":[],"product_brand":[],"product_cat":[625],"product_tag":[665],"class_list":{"0":"post-19903","1":"product","2":"type-product","3":"status-publish","4":"has-post-thumbnail","6":"product_cat-galvos-raisciai","7":"product_tag-isavela","9":"first","10":"instock","11":"taxable","12":"shipping-taxable","13":"purchasable","14":"product-type-variable"},"yoast_head":"<!-- This site is optimized with the Yoast SEO plugin v27.3 - https:\/\/yoast.com\/product\/yoast-seo-wordpress\/ -->\n<title>Palaikantis galvos tvarstis su \u017eandikaulio dir\u017eeliu ir pilnu kaklo palaikymu - Meditex<\/title>\n<meta name=\"description\" content=\"Pagerina kraujotak\u0105, suma\u017eina patinim\u0105, pagreitina gijim\u0105 ir leid\u017eia grei\u010diau gr\u012f\u017eti \u012f kasdien\u012f gyvenim\u0105.\" \/>\n<meta name=\"robots\" content=\"index, follow, max-snippet:-1, max-image-preview:large, max-video-preview:-1\" \/>\n<link rel=\"canonical\" href=\"https:\/\/meditex.ee\/lt\/product\/palaikantis-galvos-tvarstis-su-zandikaulio-dirzeliu-ir-pilnu-kaklo-palaikymu\/\" \/>\n<meta property=\"og:locale\" content=\"lt_LT\" \/>\n<meta property=\"og:type\" content=\"article\" \/>\n<meta property=\"og:title\" content=\"Palaikantis galvos tvarstis su \u017eandikaulio dir\u017eeliu ir pilnu kaklo palaikymu - Meditex\" \/>\n<meta property=\"og:description\" content=\"Pagerina kraujotak\u0105, suma\u017eina patinim\u0105, pagreitina gijim\u0105 ir leid\u017eia grei\u010diau gr\u012f\u017eti \u012f kasdien\u012f gyvenim\u0105.\" \/>\n<meta property=\"og:url\" content=\"https:\/\/meditex.ee\/lt\/product\/palaikantis-galvos-tvarstis-su-zandikaulio-dirzeliu-ir-pilnu-kaklo-palaikymu\/\" \/>\n<meta property=\"og:site_name\" content=\"Meditex\" \/>\n<meta property=\"article:publisher\" content=\"https:\/\/www.facebook.com\/meditexepood\/\" \/>\n<meta property=\"article:modified_time\" content=\"2026-02-04T14:12:55+00:00\" \/>\n<meta property=\"og:image\" content=\"https:\/\/meditex.ee\/wp-content\/uploads\/2018\/06\/FA03-beige-compression-garment-garment-garments-browlift-lipoplasty-facelift-activeseamjpg__82902.1526056942.500.500.png\" \/>\n\t<meta property=\"og:image:width\" content=\"500\" \/>\n\t<meta property=\"og:image:height\" content=\"500\" \/>\n\t<meta property=\"og:image:type\" content=\"image\/png\" \/>\n<meta name=\"twitter:card\" content=\"summary_large_image\" \/>\n<meta name=\"twitter:label1\" content=\"Est. reading time\" \/>\n\t<meta name=\"twitter:data1\" content=\"2 minut\u0117\" \/>\n<script type=\"application\/ld+json\" class=\"yoast-schema-graph\">{\"@context\":\"https:\\\/\\\/schema.org\",\"@graph\":[{\"@type\":\"WebPage\",\"@id\":\"https:\\\/\\\/meditex.ee\\\/lt\\\/product\\\/palaikantis-galvos-tvarstis-su-zandikaulio-dirzeliu-ir-pilnu-kaklo-palaikymu\\\/\",\"url\":\"https:\\\/\\\/meditex.ee\\\/lt\\\/product\\\/palaikantis-galvos-tvarstis-su-zandikaulio-dirzeliu-ir-pilnu-kaklo-palaikymu\\\/\",\"name\":\"Palaikantis galvos tvarstis su \u017eandikaulio dir\u017eeliu ir pilnu kaklo palaikymu - Meditex\",\"isPartOf\":{\"@id\":\"https:\\\/\\\/meditex.ee\\\/en\\\/#website\"},\"primaryImageOfPage\":{\"@id\":\"https:\\\/\\\/meditex.ee\\\/lt\\\/product\\\/palaikantis-galvos-tvarstis-su-zandikaulio-dirzeliu-ir-pilnu-kaklo-palaikymu\\\/#primaryimage\"},\"image\":{\"@id\":\"https:\\\/\\\/meditex.ee\\\/lt\\\/product\\\/palaikantis-galvos-tvarstis-su-zandikaulio-dirzeliu-ir-pilnu-kaklo-palaikymu\\\/#primaryimage\"},\"thumbnailUrl\":\"https:\\\/\\\/meditex.ee\\\/wp-content\\\/uploads\\\/2018\\\/06\\\/FA03-beige-compression-garment-garment-garments-browlift-lipoplasty-facelift-activeseamjpg__82902.1526056942.500.500.png\",\"datePublished\":\"2026-02-04T14:12:48+00:00\",\"dateModified\":\"2026-02-04T14:12:55+00:00\",\"description\":\"Pagerina kraujotak\u0105, suma\u017eina patinim\u0105, pagreitina gijim\u0105 ir leid\u017eia grei\u010diau gr\u012f\u017eti \u012f kasdien\u012f gyvenim\u0105.\",\"breadcrumb\":{\"@id\":\"https:\\\/\\\/meditex.ee\\\/lt\\\/product\\\/palaikantis-galvos-tvarstis-su-zandikaulio-dirzeliu-ir-pilnu-kaklo-palaikymu\\\/#breadcrumb\"},\"inLanguage\":\"lt-LT\",\"potentialAction\":[{\"@type\":\"ReadAction\",\"target\":[\"https:\\\/\\\/meditex.ee\\\/lt\\\/product\\\/palaikantis-galvos-tvarstis-su-zandikaulio-dirzeliu-ir-pilnu-kaklo-palaikymu\\\/\"]}]},{\"@type\":\"ImageObject\",\"inLanguage\":\"lt-LT\",\"@id\":\"https:\\\/\\\/meditex.ee\\\/lt\\\/product\\\/palaikantis-galvos-tvarstis-su-zandikaulio-dirzeliu-ir-pilnu-kaklo-palaikymu\\\/#primaryimage\",\"url\":\"https:\\\/\\\/meditex.ee\\\/wp-content\\\/uploads\\\/2018\\\/06\\\/FA03-beige-compression-garment-garment-garments-browlift-lipoplasty-facelift-activeseamjpg__82902.1526056942.500.500.png\",\"contentUrl\":\"https:\\\/\\\/meditex.ee\\\/wp-content\\\/uploads\\\/2018\\\/06\\\/FA03-beige-compression-garment-garment-garments-browlift-lipoplasty-facelift-activeseamjpg__82902.1526056942.500.500.png\",\"width\":500,\"height\":500},{\"@type\":\"BreadcrumbList\",\"@id\":\"https:\\\/\\\/meditex.ee\\\/lt\\\/product\\\/palaikantis-galvos-tvarstis-su-zandikaulio-dirzeliu-ir-pilnu-kaklo-palaikymu\\\/#breadcrumb\",\"itemListElement\":[{\"@type\":\"ListItem\",\"position\":1,\"name\":\"Home\",\"item\":\"https:\\\/\\\/meditex.ee\\\/lt\\\/\"},{\"@type\":\"ListItem\",\"position\":2,\"name\":\"Parduotuv\u0117\",\"item\":\"https:\\\/\\\/meditex.ee\\\/lt\\\/parduotuve\\\/\"},{\"@type\":\"ListItem\",\"position\":3,\"name\":\"Palaikantis galvos tvarstis su \u017eandikaulio dir\u017eeliu ir pilnu kaklo palaikymu\"}]},{\"@type\":\"WebSite\",\"@id\":\"https:\\\/\\\/meditex.ee\\\/en\\\/#website\",\"url\":\"https:\\\/\\\/meditex.ee\\\/en\\\/\",\"name\":\"Meditex\",\"description\":\"\",\"publisher\":{\"@id\":\"https:\\\/\\\/meditex.ee\\\/en\\\/#organization\"},\"potentialAction\":[{\"@type\":\"SearchAction\",\"target\":{\"@type\":\"EntryPoint\",\"urlTemplate\":\"https:\\\/\\\/meditex.ee\\\/en\\\/?s={search_term_string}\"},\"query-input\":{\"@type\":\"PropertyValueSpecification\",\"valueRequired\":true,\"valueName\":\"search_term_string\"}}],\"inLanguage\":\"lt-LT\"},{\"@type\":\"Organization\",\"@id\":\"https:\\\/\\\/meditex.ee\\\/en\\\/#organization\",\"name\":\"Meditex\",\"url\":\"https:\\\/\\\/meditex.ee\\\/en\\\/\",\"logo\":{\"@type\":\"ImageObject\",\"inLanguage\":\"lt-LT\",\"@id\":\"https:\\\/\\\/meditex.ee\\\/en\\\/#\\\/schema\\\/logo\\\/image\\\/\",\"url\":\"https:\\\/\\\/meditex.ee\\\/wp-content\\\/uploads\\\/2018\\\/03\\\/mdtx_logo.png\",\"contentUrl\":\"https:\\\/\\\/meditex.ee\\\/wp-content\\\/uploads\\\/2018\\\/03\\\/mdtx_logo.png\",\"width\":669,\"height\":235,\"caption\":\"Meditex\"},\"image\":{\"@id\":\"https:\\\/\\\/meditex.ee\\\/en\\\/#\\\/schema\\\/logo\\\/image\\\/\"},\"sameAs\":[\"https:\\\/\\\/www.facebook.com\\\/meditexepood\\\/\"]}]}<\/script>\n<!-- \/ Yoast SEO plugin. -->","yoast_head_json":{"title":"Palaikantis galvos tvarstis su \u017eandikaulio dir\u017eeliu ir pilnu kaklo palaikymu - Meditex","description":"Pagerina kraujotak\u0105, suma\u017eina patinim\u0105, pagreitina gijim\u0105 ir leid\u017eia grei\u010diau gr\u012f\u017eti \u012f kasdien\u012f gyvenim\u0105.","robots":{"index":"index","follow":"follow","max-snippet":"max-snippet:-1","max-image-preview":"max-image-preview:large","max-video-preview":"max-video-preview:-1"},"canonical":"https:\/\/meditex.ee\/lt\/product\/palaikantis-galvos-tvarstis-su-zandikaulio-dirzeliu-ir-pilnu-kaklo-palaikymu\/","og_locale":"lt_LT","og_type":"article","og_title":"Palaikantis galvos tvarstis su \u017eandikaulio dir\u017eeliu ir pilnu kaklo palaikymu - Meditex","og_description":"Pagerina kraujotak\u0105, suma\u017eina patinim\u0105, pagreitina gijim\u0105 ir leid\u017eia grei\u010diau gr\u012f\u017eti \u012f kasdien\u012f gyvenim\u0105.","og_url":"https:\/\/meditex.ee\/lt\/product\/palaikantis-galvos-tvarstis-su-zandikaulio-dirzeliu-ir-pilnu-kaklo-palaikymu\/","og_site_name":"Meditex","article_publisher":"https:\/\/www.facebook.com\/meditexepood\/","article_modified_time":"2026-02-04T14:12:55+00:00","og_image":[{"width":500,"height":500,"url":"https:\/\/meditex.ee\/wp-content\/uploads\/2018\/06\/FA03-beige-compression-garment-garment-garments-browlift-lipoplasty-facelift-activeseamjpg__82902.1526056942.500.500.png","type":"image\/png"}],"twitter_card":"summary_large_image","twitter_misc":{"Est. reading time":"2 minut\u0117"},"schema":{"@context":"https:\/\/schema.org","@graph":[{"@type":"WebPage","@id":"https:\/\/meditex.ee\/lt\/product\/palaikantis-galvos-tvarstis-su-zandikaulio-dirzeliu-ir-pilnu-kaklo-palaikymu\/","url":"https:\/\/meditex.ee\/lt\/product\/palaikantis-galvos-tvarstis-su-zandikaulio-dirzeliu-ir-pilnu-kaklo-palaikymu\/","name":"Palaikantis galvos tvarstis su \u017eandikaulio dir\u017eeliu ir pilnu kaklo palaikymu - Meditex","isPartOf":{"@id":"https:\/\/meditex.ee\/en\/#website"},"primaryImageOfPage":{"@id":"https:\/\/meditex.ee\/lt\/product\/palaikantis-galvos-tvarstis-su-zandikaulio-dirzeliu-ir-pilnu-kaklo-palaikymu\/#primaryimage"},"image":{"@id":"https:\/\/meditex.ee\/lt\/product\/palaikantis-galvos-tvarstis-su-zandikaulio-dirzeliu-ir-pilnu-kaklo-palaikymu\/#primaryimage"},"thumbnailUrl":"https:\/\/meditex.ee\/wp-content\/uploads\/2018\/06\/FA03-beige-compression-garment-garment-garments-browlift-lipoplasty-facelift-activeseamjpg__82902.1526056942.500.500.png","datePublished":"2026-02-04T14:12:48+00:00","dateModified":"2026-02-04T14:12:55+00:00","description":"Pagerina kraujotak\u0105, suma\u017eina patinim\u0105, pagreitina gijim\u0105 ir leid\u017eia grei\u010diau gr\u012f\u017eti \u012f kasdien\u012f gyvenim\u0105.","breadcrumb":{"@id":"https:\/\/meditex.ee\/lt\/product\/palaikantis-galvos-tvarstis-su-zandikaulio-dirzeliu-ir-pilnu-kaklo-palaikymu\/#breadcrumb"},"inLanguage":"lt-LT","potentialAction":[{"@type":"ReadAction","target":["https:\/\/meditex.ee\/lt\/product\/palaikantis-galvos-tvarstis-su-zandikaulio-dirzeliu-ir-pilnu-kaklo-palaikymu\/"]}]},{"@type":"ImageObject","inLanguage":"lt-LT","@id":"https:\/\/meditex.ee\/lt\/product\/palaikantis-galvos-tvarstis-su-zandikaulio-dirzeliu-ir-pilnu-kaklo-palaikymu\/#primaryimage","url":"https:\/\/meditex.ee\/wp-content\/uploads\/2018\/06\/FA03-beige-compression-garment-garment-garments-browlift-lipoplasty-facelift-activeseamjpg__82902.1526056942.500.500.png","contentUrl":"https:\/\/meditex.ee\/wp-content\/uploads\/2018\/06\/FA03-beige-compression-garment-garment-garments-browlift-lipoplasty-facelift-activeseamjpg__82902.1526056942.500.500.png","width":500,"height":500},{"@type":"BreadcrumbList","@id":"https:\/\/meditex.ee\/lt\/product\/palaikantis-galvos-tvarstis-su-zandikaulio-dirzeliu-ir-pilnu-kaklo-palaikymu\/#breadcrumb","itemListElement":[{"@type":"ListItem","position":1,"name":"Home","item":"https:\/\/meditex.ee\/lt\/"},{"@type":"ListItem","position":2,"name":"Parduotuv\u0117","item":"https:\/\/meditex.ee\/lt\/parduotuve\/"},{"@type":"ListItem","position":3,"name":"Palaikantis galvos tvarstis su \u017eandikaulio dir\u017eeliu ir pilnu kaklo palaikymu"}]},{"@type":"WebSite","@id":"https:\/\/meditex.ee\/en\/#website","url":"https:\/\/meditex.ee\/en\/","name":"Meditex","description":"","publisher":{"@id":"https:\/\/meditex.ee\/en\/#organization"},"potentialAction":[{"@type":"SearchAction","target":{"@type":"EntryPoint","urlTemplate":"https:\/\/meditex.ee\/en\/?s={search_term_string}"},"query-input":{"@type":"PropertyValueSpecification","valueRequired":true,"valueName":"search_term_string"}}],"inLanguage":"lt-LT"},{"@type":"Organization","@id":"https:\/\/meditex.ee\/en\/#organization","name":"Meditex","url":"https:\/\/meditex.ee\/en\/","logo":{"@type":"ImageObject","inLanguage":"lt-LT","@id":"https:\/\/meditex.ee\/en\/#\/schema\/logo\/image\/","url":"https:\/\/meditex.ee\/wp-content\/uploads\/2018\/03\/mdtx_logo.png","contentUrl":"https:\/\/meditex.ee\/wp-content\/uploads\/2018\/03\/mdtx_logo.png","width":669,"height":235,"caption":"Meditex"},"image":{"@id":"https:\/\/meditex.ee\/en\/#\/schema\/logo\/image\/"},"sameAs":["https:\/\/www.facebook.com\/meditexepood\/"]}]}},"_links":{"self":[{"href":"https:\/\/meditex.ee\/lt\/wp-json\/wp\/v2\/product\/19903","targetHints":{"allow":["GET"]}}],"collection":[{"href":"https:\/\/meditex.ee\/lt\/wp-json\/wp\/v2\/product"}],"about":[{"href":"https:\/\/meditex.ee\/lt\/wp-json\/wp\/v2\/types\/product"}],"wp:featuredmedia":[{"embeddable":true,"href":"https:\/\/meditex.ee\/lt\/wp-json\/wp\/v2\/media\/19906"}],"wp:attachment":[{"href":"https:\/\/meditex.ee\/lt\/wp-json\/wp\/v2\/media?parent=19903"}],"wp:term":[{"taxonomy":"product_brand","embeddable":true,"href":"https:\/\/meditex.ee\/lt\/wp-json\/wp\/v2\/product_brand?post=19903"},{"taxonomy":"product_cat","embeddable":true,"href":"https:\/\/meditex.ee\/lt\/wp-json\/wp\/v2\/product_cat?post=19903"},{"taxonomy":"product_tag","embeddable":true,"href":"https:\/\/meditex.ee\/lt\/wp-json\/wp\/v2\/product_tag?post=19903"}],"curies":[{"name":"wp","href":"https:\/\/api.w.org\/{rel}","templated":true}]}}