{"id":19850,"date":"2026-02-04T14:11:43","date_gmt":"2026-02-04T14:11:43","guid":{"rendered":"https:\/\/meditex.ee\/product\/pogimdyminiai-apatiniai\/"},"modified":"2026-02-04T14:11:45","modified_gmt":"2026-02-04T14:11:45","slug":"pogimdyminiai-apatiniai","status":"publish","type":"product","link":"https:\/\/meditex.ee\/lt\/produktas\/pogimdyminiai-apatiniai\/","title":{"rendered":"Pogimdyminiai apatiniai"},"content":{"rendered":"<div class=\"row row-small align-bottom\"  id=\"row-102358988\">\n\n\t<div id=\"col-1336822451\" class=\"col medium-4 small-12 large-4\"  >\n\t\t\t\t<div class=\"col-inner text-left\"  >\n\t\t\t\n\t\t\t\n\t\t<\/div>\n\t\t\t\t\t<\/div>\n\n\t\n\n\t<div id=\"col-1168581777\" class=\"col medium-4 small-12 large-4\"  >\n\t\t\t\t<div class=\"col-inner\"  >\n\t\t\t\n\t\t\t\n\t\t<\/div>\n\t\t\t\t\t<\/div>\n\n\t\n\n\t<div id=\"col-1634187148\" class=\"col medium-4 small-12 large-4\"  >\n\t\t\t\t<div class=\"col-inner text-right\"  >\n\t\t\t\n\t\t\t\n\t<div class=\"img has-hover x md-x lg-x y md-y lg-y\" id=\"image_1926538289\">\n\t\t\t\t\t\t\t\t<div class=\"img-inner dark\" >\n\t\t\t<img decoding=\"async\" width=\"1020\" height=\"315\" src=\"https:\/\/meditex.ee\/wp-content\/uploads\/2018\/03\/CAREFIX_PAYOFF_4F-1400x433.png\" class=\"attachment-large size-large\" alt=\"\" srcset=\"https:\/\/meditex.ee\/wp-content\/uploads\/2018\/03\/CAREFIX_PAYOFF_4F-1400x433.png 1400w, https:\/\/meditex.ee\/wp-content\/uploads\/2018\/03\/CAREFIX_PAYOFF_4F-510x158.png 510w, https:\/\/meditex.ee\/wp-content\/uploads\/2018\/03\/CAREFIX_PAYOFF_4F-800x248.png 800w, https:\/\/meditex.ee\/wp-content\/uploads\/2018\/03\/CAREFIX_PAYOFF_4F-768x238.png 768w, https:\/\/meditex.ee\/wp-content\/uploads\/2018\/03\/CAREFIX_PAYOFF_4F-600x186.png 600w, https:\/\/meditex.ee\/wp-content\/uploads\/2018\/03\/CAREFIX_PAYOFF_4F.png 2038w\" sizes=\"(max-width: 1020px) 100vw, 1020px\" \/>\t\t\t\t\t\t\n\t\t\t\t\t<\/div>\n\t\t\t\t\t\t\t\t\n<style>\n#image_1926538289 {\n  width: 50%;\n}\n<\/style>\n\t<\/div>\n\t\n\t\t<\/div>\n\t\t\t\t\t<\/div>\n\n\t\n<\/div>\n<p><span style=\"color: #000000;\">Pogimdyminiai apatiniai yra puikus pasirinkimas pogimdyminio kraujavimo laikotarpiui.<\/span><\/p>\n<p><span style=\"color: #000000;\">Saugus apsaugojimas ir komforto jausmas yra b\u016btini naujai mamai pogimdyminio kraujavimo laikotarpiu, kai reikia naudoti \u012fvairaus dyd\u017eio \u012fklotus.<\/span><\/p>\n<p><span style=\"color: #000000;\">Tik\u0117tina, kad \u0161vie\u017eia mama neturi apatini\u0173, kurie tikt\u0173 su dideliais \u012fklotais, o \u012fprasti apatiniai da\u017enai neteikia diskre\u010dios ir saugios apsaugos, kurios reikia, kad moteris jaust\u0173si saugiai kasdien\u0117s veiklos metu.<\/span><\/p>\n<p style=\"text-align: left;\"><span style=\"color: #000000;\">Dauguma moter\u0173 taip pat nori vengti savo \u012fprast\u0173 apatini\u0173 naudojimo, nes pratek\u0117jimo atveju jie gali b\u016bti sugadinti.<\/span><\/p>\n<p style=\"text-align: left;\"><span style=\"color: #000000;\">Geras \u012fkloto fiksavimas yra itin svarbus, kad \u012fklotas veikt\u0173 optimaliai. \u012eklotas gali b\u016bti puikus, bet jei jis netinkamai fiksuotas, jis pasislenka ir atsiranda pratek\u0117jimas. Carefixi pogimdyminiuose apatiniuose yra vadinamosios fiksavimo zonos &#8211; specialaus audimo apatini\u0173 kelni\u0173 sritys, kurios padeda tinkamai fiksuoti \u012fklot\u0105, kad jis i\u0161likt\u0173 savo vietoje.  <\/span><\/p>\n<p style=\"text-align: left;\"><span style=\"color: #000000;\">Tinkamas ir saugus \u012fkloto fiksavimas da\u017enai taip pat rei\u0161kia, kad \u012fkloto dyd\u012f tikriausiai galima suma\u017einti, kas ne tik padeda pagerinti mamos diskretum\u0105 ir gerov\u0119, bet ma\u017eesni \u012fklotai taip pat rei\u0161kia ma\u017eiau atliek\u0173 ir poveikio aplinkai.<\/span><\/p>\n<p style=\"text-align: left;\" data-fontsize=\"16\" data-lineheight=\"19\"><span style=\"color: #000000;\"><strong>AUDINIO SUD\u0116TIS: <\/strong>97% poliesteris, 3% elastanas<\/span><\/p>\n<p style=\"text-align: left;\"><span style=\"color: #000000;\"><strong>SAVYB\u0116S:<\/strong><\/span><\/p>\n<div class=\"row align-middle\"  id=\"row-499161900\">\n\n\t<div id=\"col-1793761912\" class=\"col small-12 large-12\"  >\n\t\t\t\t<div class=\"col-inner\"  >\n\t\t\t\n\t\t\t\n<p style=\"text-align: left;\"><span style=\"color: #000000;\"><img decoding=\"async\" class=\"alignnone wp-image-11889\" src=\"https:\/\/meditex.ee\/wp-content\/uploads\/2020\/12\/shaping_zones-400x400.png\" alt=\"\" width=\"76\" height=\"76\" srcset=\"https:\/\/meditex.ee\/wp-content\/uploads\/2020\/12\/shaping_zones-400x400.png 400w, https:\/\/meditex.ee\/wp-content\/uploads\/2020\/12\/shaping_zones-100x100.png 100w, https:\/\/meditex.ee\/wp-content\/uploads\/2020\/12\/shaping_zones-280x280.png 280w, https:\/\/meditex.ee\/wp-content\/uploads\/2020\/12\/shaping_zones-300x300.png 300w, https:\/\/meditex.ee\/wp-content\/uploads\/2020\/12\/shaping_zones.png 440w\" sizes=\"(max-width: 76px) 100vw, 76px\" \/>   <strong>Atramos zonos<\/strong> &#8211; <span style=\"font-size: 95%;\">fiksavimo zonos, kurios padeda laikyti \u012fklot\u0105, taip suma\u017eindamos pratek\u0117jimo rizik\u0105 bei optimizuodamos patogum\u0105 ir diskretum\u0105.<\/span><\/span><\/p>\n<p style=\"text-align: left;\"><span style=\"color: #000000;\"><img decoding=\"async\" class=\"alignnone wp-image-11885\" src=\"https:\/\/meditex.ee\/wp-content\/uploads\/2020\/12\/breathability-280x280.png\" alt=\"\" width=\"76\" height=\"76\" srcset=\"https:\/\/meditex.ee\/wp-content\/uploads\/2020\/12\/breathability-280x280.png 280w, https:\/\/meditex.ee\/wp-content\/uploads\/2020\/12\/breathability-100x100.png 100w, https:\/\/meditex.ee\/wp-content\/uploads\/2020\/12\/breathability-401x400.png 401w, https:\/\/meditex.ee\/wp-content\/uploads\/2020\/12\/breathability-300x300.png 300w, https:\/\/meditex.ee\/wp-content\/uploads\/2020\/12\/breathability.png 441w\" sizes=\"(max-width: 76px) 100vw, 76px\" \/>   <strong>Kv\u0117puojanti<\/strong> &#8211; <span style=\"font-size: 95%;\">padidina odos draugi\u0161kum\u0105 ir patogum\u0105, nes nesusidaro dr\u0117gm\u0117s.<\/span><\/span><\/p>\n<p style=\"text-align: left;\"><span style=\"color: #000000;\"><img decoding=\"async\" class=\"alignnone wp-image-11881\" src=\"https:\/\/meditex.ee\/wp-content\/uploads\/2020\/12\/4-way_stretch-280x280.png\" alt=\"\" width=\"76\" height=\"76\" srcset=\"https:\/\/meditex.ee\/wp-content\/uploads\/2020\/12\/4-way_stretch-280x280.png 280w, https:\/\/meditex.ee\/wp-content\/uploads\/2020\/12\/4-way_stretch-100x100.png 100w, https:\/\/meditex.ee\/wp-content\/uploads\/2020\/12\/4-way_stretch-401x400.png 401w, https:\/\/meditex.ee\/wp-content\/uploads\/2020\/12\/4-way_stretch-300x300.png 300w, https:\/\/meditex.ee\/wp-content\/uploads\/2020\/12\/4-way_stretch.png 441w\" sizes=\"(max-width: 76px) 100vw, 76px\" \/>   <strong>4 kryp\u010di\u0173 tempimasis<\/strong> &#8211;  <span style=\"font-size: 95%;\">med\u017eiaga prisitaiko ir ple\u010diasi su k\u016bnu nat\u016braliai. Labai svarbu i\u0161laikyti patogum\u0105 ir nekintam\u0105 atram\u0105. <\/span><\/span><\/p>\n<p style=\"text-align: left;\"><span style=\"color: #000000;\"><img decoding=\"async\" class=\"alignnone wp-image-11877\" src=\"https:\/\/meditex.ee\/wp-content\/uploads\/2020\/12\/SeamlessNEW-280x280.png\" alt=\"\" width=\"76\" height=\"76\" srcset=\"https:\/\/meditex.ee\/wp-content\/uploads\/2020\/12\/SeamlessNEW-280x280.png 280w, https:\/\/meditex.ee\/wp-content\/uploads\/2020\/12\/SeamlessNEW-100x100.png 100w, https:\/\/meditex.ee\/wp-content\/uploads\/2020\/12\/SeamlessNEW-400x400.png 400w, https:\/\/meditex.ee\/wp-content\/uploads\/2020\/12\/SeamlessNEW-300x300.png 300w, https:\/\/meditex.ee\/wp-content\/uploads\/2020\/12\/SeamlessNEW.png 440w\" sizes=\"(max-width: 76px) 100vw, 76px\" \/>   <b>Be si\u016bli\u0173 <\/b>&#8211;  <span style=\"font-size: 95%;\">u\u017etikrina maksimal\u0173 odos draugi\u0161kum\u0105 ir patogum\u0105. I\u0161vengiama dirginan\u010di\u0173 spaudimo \u017eymi\u0173 ir trinties jausmo. <\/span> <\/span><\/p>\n<p style=\"text-align: left;\"><span style=\"color: #000000;\"><img decoding=\"async\" class=\"alignnone wp-image-11873\" src=\"https:\/\/meditex.ee\/wp-content\/uploads\/2020\/12\/latex_free_zone-280x280.png\" alt=\"\" width=\"76\" height=\"76\" srcset=\"https:\/\/meditex.ee\/wp-content\/uploads\/2020\/12\/latex_free_zone-280x280.png 280w, https:\/\/meditex.ee\/wp-content\/uploads\/2020\/12\/latex_free_zone-100x100.png 100w, https:\/\/meditex.ee\/wp-content\/uploads\/2020\/12\/latex_free_zone-400x400.png 400w, https:\/\/meditex.ee\/wp-content\/uploads\/2020\/12\/latex_free_zone-300x300.png 300w, https:\/\/meditex.ee\/wp-content\/uploads\/2020\/12\/latex_free_zone.png 440w\" sizes=\"(max-width: 76px) 100vw, 76px\" \/>   <strong>Be latekso<\/strong><b> <\/b>&#8211;  <span style=\"font-size: 95%;\">optimaliam odos draugi\u0161kumui. Produktas yra saugus. <\/span><\/span><\/p>\n\t\t<\/div>\n\t\t\t\t\t<\/div>\n\n\t\n<\/div>\n<h4><strong>DYD\u017dIAI:<\/strong><\/h4>\n<div style=\"text-align: left;\"><span style=\"color: #000000;\">I\u0161matuokite savo klubus pla\u010diausioje vietoje, kaip parodyta paveiksl\u0117lyje.<\/span><\/div>\n<div style=\"text-align: left;\"><span style=\"color: #000000;\">\u017demiau esan\u010dioje dyd\u017ei\u0173 lentel\u0117je rasite dir\u017eo dyd\u012f, kuris tinka j\u016bs\u0173 klub\u0173 apim\u010diai.<\/span><\/div>\n\t<div id=\"gap-1517070055\" class=\"gap-element clearfix\" style=\"display:block; height:auto;\">\n\t\t\n<style>\n#gap-1517070055 {\n  padding-top: 30px;\n}\n<\/style>\n\t<\/div>\n\t\n<div class=\"row\"  id=\"row-1150800717\">\n\n\t<div id=\"col-125135529\" class=\"col medium-3 small-12 large-3\"  >\n\t\t\t\t<div class=\"col-inner\"  >\n\t\t\t\n\t\t\t\n\t<div class=\"img has-hover x md-x lg-x y md-y lg-y\" id=\"image_299965042\">\n\t\t\t\t\t\t\t\t<div class=\"img-inner dark\" >\n\t\t\t<img decoding=\"async\" width=\"296\" height=\"676\" src=\"https:\/\/meditex.ee\/wp-content\/uploads\/2020\/12\/Measure_hips.jpg\" class=\"attachment-large size-large\" alt=\"\" srcset=\"https:\/\/meditex.ee\/wp-content\/uploads\/2020\/12\/Measure_hips.jpg 296w, https:\/\/meditex.ee\/wp-content\/uploads\/2020\/12\/Measure_hips-175x400.jpg 175w\" sizes=\"(max-width: 296px) 100vw, 296px\" \/>\t\t\t\t\t\t\n\t\t\t\t\t<\/div>\n\t\t\t\t\t\t\t\t\n<style>\n#image_299965042 {\n  width: 70%;\n}\n<\/style>\n\t<\/div>\n\t\n\t\t<\/div>\n\t\t\t\t\t<\/div>\n\n\t\n\n\t<div id=\"col-785037310\" class=\"col medium-9 small-12 large-9\"  >\n\t\t\t\t<div class=\"col-inner text-center\"  >\n\t\t\t\n\t\t\t\n\t<div id=\"gap-1275085351\" class=\"gap-element clearfix\" style=\"display:block; height:auto;\">\n\t\t\n<style>\n#gap-1275085351 {\n  padding-top: 80px;\n}\n<\/style>\n\t<\/div>\n\t\n\t<div class=\"img has-hover x md-x lg-x y md-y lg-y\" id=\"image_193420462\">\n\t\t\t\t\t\t\t\t<div class=\"img-inner dark\" >\n\t\t\t<img decoding=\"async\" width=\"726\" height=\"157\" src=\"https:\/\/meditex.ee\/wp-content\/uploads\/2020\/12\/Carefix_Str_PostNatalBriefEST.png\" class=\"attachment-large size-large\" alt=\"\" srcset=\"https:\/\/meditex.ee\/wp-content\/uploads\/2020\/12\/Carefix_Str_PostNatalBriefEST.png 726w, https:\/\/meditex.ee\/wp-content\/uploads\/2020\/12\/Carefix_Str_PostNatalBriefEST-510x110.png 510w, https:\/\/meditex.ee\/wp-content\/uploads\/2020\/12\/Carefix_Str_PostNatalBriefEST-600x130.png 600w\" sizes=\"(max-width: 726px) 100vw, 726px\" \/>\t\t\t\t\t\t\n\t\t\t\t\t<\/div>\n\t\t\t\t\t\t\t\t\n<style>\n#image_193420462 {\n  width: 100%;\n}\n<\/style>\n\t<\/div>\n\t\n\t\t<\/div>\n\t\t\t\t\t<\/div>\n\n\t\n<\/div>\n\t<div id=\"gap-1898260653\" class=\"gap-element clearfix\" style=\"display:block; height:auto;\">\n\t\t\n<style>\n#gap-1898260653 {\n  padding-top: 30px;\n}\n<\/style>\n\t<\/div>\n\t\n<p style=\"text-align: left;\"><span style=\"color: #000000;\"><strong>N\u0117\u0161tumo ir pogimdyminiai produktai, orientuoti \u012f patogum\u0105 ir funkcionalum\u0105.<\/strong><\/span><\/p>\n<p style=\"text-align: left;\"><span style=\"color: #000000;\"><span style=\"font-weight: 400;\">Carefix n\u0117\u0161\u010di\u0173j\u0173 apatiniai si\u016blo be si\u016bli\u0173 ir mink\u0161t\u0105 patogum\u0105 n\u0117\u0161tumo metu ir po gimdymo.<\/span><span style=\"font-weight: 400;\">  N\u0117\u0161tumo ir gimdymo prie\u017ei\u016bros produktai yra kruop\u0161\u010diai sukurti, suprantant moters k\u016bn\u0105 bei k\u016bno poky\u010dius ir su tuo susijusius i\u0161\u0161\u016bkius, su kuriais moterys susiduria n\u0117\u0161tumo metu ir pogimdyminiu laikotarpiu.<\/span><\/span><\/p>\n<p style=\"text-align: left;\"><span style=\"font-weight: 400; color: #000000;\">Carefix n\u0117\u0161tumo ir gimdymo apatiniai atitinka \u012fmon\u0117s produkt\u0173 princip\u0105 b\u016bti tuo pa\u010diu metu itin patog\u016bs ir labai funkcional\u016bs.<\/span><\/p>\n<p style=\"text-align: left;\"><span style=\"font-weight: 400; color: #000000;\">Produktai pagaminti i\u0161 specialaus poliamido (arba poliesterio) ir elastano mi\u0161inio, kad suteikt\u0173 jiems \u0161ilkinio jausmo ir patrauklaus i\u0161vaizdos.<\/span><\/p>\n<p style=\"text-align: left;\"><span style=\"font-weight: 400; color: #000000;\">Poliamidas suteikia mink\u0161t\u0105 ir lyg\u0173 apdail\u0105, tuo tarpu elastanas u\u017etikrina optimali\u0105 param\u0105 ir tinkamum\u0105. Rezultatas &#8211; kv\u0117puojantys, greitai d\u017ei\u016bstantys produktai, kurie prisitaiko prie kintan\u010dio k\u016bno formos atitinkamai pl\u0117sdamiesi arba susitraukdami. <\/span><\/p>\n<p style=\"text-align: left;\"><span style=\"color: #000000;\">Informacija gamintojo svetain\u0117je: <a href=\"https:\/\/tytex.com\/products\/maternity-care\/postnatal-briefs\">https:\/\/tytex.com\/products\/maternity-care\/postnatal-briefs<\/a><\/span><\/p>\n<p>Apie Tytex skaitykite informacij\u0105 \u010dia  <a href=\"https:\/\/meditex.ee\/lt\/tytex\/\">https:\/\/meditex.ee\/tytex\/<\/a><\/p>\n","protected":false},"excerpt":{"rendered":"<p style=\"text-align: left;\"><span style=\"font-size: 75%; color: #000000;\">Pogimdyminiai apatiniai \u0161vie\u017eiai mamai. Pakuot\u0117je 4 vnt. <\/span><\/p>\n","protected":false},"featured_media":19852,"template":"","meta":[],"product_brand":[],"product_cat":[645],"product_tag":[604],"class_list":{"0":"post-19850","1":"product","2":"type-product","3":"status-publish","4":"has-post-thumbnail","6":"product_cat-nestumo-ir-gimdymo-apatiniai","7":"product_tag-carefix","9":"first","10":"instock","11":"taxable","12":"shipping-taxable","13":"purchasable","14":"product-type-variable"},"yoast_head":"<!-- This site is optimized with the Yoast SEO plugin v27.3 - https:\/\/yoast.com\/product\/yoast-seo-wordpress\/ -->\n<title>Pogimdyminiai apatiniai su fiksavimo zonomis - meditex.ee internetin\u0117 parduotuv\u0117<\/title>\n<meta name=\"description\" content=\"Carefixi pogimdyminiai apatiniai padeda pagerinti mamos diskretum\u0105 ir gerov\u0119. Maksimaliai odos draugi\u0161ki ir patog\u016bs.\" \/>\n<meta name=\"robots\" content=\"index, follow, max-snippet:-1, max-image-preview:large, max-video-preview:-1\" \/>\n<link rel=\"canonical\" href=\"https:\/\/meditex.ee\/lt\/product\/pogimdyminiai-apatiniai\/\" \/>\n<meta property=\"og:locale\" content=\"lt_LT\" \/>\n<meta property=\"og:type\" content=\"article\" \/>\n<meta property=\"og:title\" content=\"Pogimdyminiai apatiniai su fiksavimo zonomis - meditex.ee internetin\u0117 parduotuv\u0117\" \/>\n<meta property=\"og:description\" content=\"Carefixi pogimdyminiai apatiniai padeda pagerinti mamos diskretum\u0105 ir gerov\u0119. Maksimaliai odos draugi\u0161ki ir patog\u016bs.\" \/>\n<meta property=\"og:url\" content=\"https:\/\/meditex.ee\/lt\/product\/pogimdyminiai-apatiniai\/\" \/>\n<meta property=\"og:site_name\" content=\"Meditex\" \/>\n<meta property=\"article:publisher\" content=\"https:\/\/www.facebook.com\/meditexepood\/\" \/>\n<meta property=\"article:modified_time\" content=\"2026-02-04T14:11:45+00:00\" \/>\n<meta property=\"og:image\" content=\"https:\/\/meditex.ee\/wp-content\/uploads\/2020\/12\/3246_front.jpg\" \/>\n\t<meta property=\"og:image:width\" content=\"500\" \/>\n\t<meta property=\"og:image:height\" content=\"500\" \/>\n\t<meta property=\"og:image:type\" content=\"image\/jpeg\" \/>\n<meta name=\"twitter:card\" content=\"summary_large_image\" \/>\n<meta name=\"twitter:label1\" content=\"Est. reading time\" \/>\n\t<meta name=\"twitter:data1\" content=\"3 minut\u0117\" \/>\n<script type=\"application\/ld+json\" class=\"yoast-schema-graph\">{\"@context\":\"https:\\\/\\\/schema.org\",\"@graph\":[{\"@type\":\"WebPage\",\"@id\":\"https:\\\/\\\/meditex.ee\\\/lt\\\/product\\\/pogimdyminiai-apatiniai\\\/\",\"url\":\"https:\\\/\\\/meditex.ee\\\/lt\\\/product\\\/pogimdyminiai-apatiniai\\\/\",\"name\":\"Pogimdyminiai apatiniai su fiksavimo zonomis - meditex.ee internetin\u0117 parduotuv\u0117\",\"isPartOf\":{\"@id\":\"https:\\\/\\\/meditex.ee\\\/en\\\/#website\"},\"primaryImageOfPage\":{\"@id\":\"https:\\\/\\\/meditex.ee\\\/lt\\\/product\\\/pogimdyminiai-apatiniai\\\/#primaryimage\"},\"image\":{\"@id\":\"https:\\\/\\\/meditex.ee\\\/lt\\\/product\\\/pogimdyminiai-apatiniai\\\/#primaryimage\"},\"thumbnailUrl\":\"https:\\\/\\\/meditex.ee\\\/wp-content\\\/uploads\\\/2020\\\/12\\\/3246_front.jpg\",\"datePublished\":\"2026-02-04T14:11:43+00:00\",\"dateModified\":\"2026-02-04T14:11:45+00:00\",\"description\":\"Carefixi pogimdyminiai apatiniai padeda pagerinti mamos diskretum\u0105 ir gerov\u0119. Maksimaliai odos draugi\u0161ki ir patog\u016bs.\",\"breadcrumb\":{\"@id\":\"https:\\\/\\\/meditex.ee\\\/lt\\\/product\\\/pogimdyminiai-apatiniai\\\/#breadcrumb\"},\"inLanguage\":\"lt-LT\",\"potentialAction\":[{\"@type\":\"ReadAction\",\"target\":[\"https:\\\/\\\/meditex.ee\\\/lt\\\/product\\\/pogimdyminiai-apatiniai\\\/\"]}]},{\"@type\":\"ImageObject\",\"inLanguage\":\"lt-LT\",\"@id\":\"https:\\\/\\\/meditex.ee\\\/lt\\\/product\\\/pogimdyminiai-apatiniai\\\/#primaryimage\",\"url\":\"https:\\\/\\\/meditex.ee\\\/wp-content\\\/uploads\\\/2020\\\/12\\\/3246_front.jpg\",\"contentUrl\":\"https:\\\/\\\/meditex.ee\\\/wp-content\\\/uploads\\\/2020\\\/12\\\/3246_front.jpg\",\"width\":500,\"height\":500,\"caption\":\"pogimdyminiai apatiniai\"},{\"@type\":\"BreadcrumbList\",\"@id\":\"https:\\\/\\\/meditex.ee\\\/lt\\\/product\\\/pogimdyminiai-apatiniai\\\/#breadcrumb\",\"itemListElement\":[{\"@type\":\"ListItem\",\"position\":1,\"name\":\"Home\",\"item\":\"https:\\\/\\\/meditex.ee\\\/lt\\\/\"},{\"@type\":\"ListItem\",\"position\":2,\"name\":\"Parduotuv\u0117\",\"item\":\"https:\\\/\\\/meditex.ee\\\/lt\\\/parduotuve\\\/\"},{\"@type\":\"ListItem\",\"position\":3,\"name\":\"Pogimdyminiai apatiniai\"}]},{\"@type\":\"WebSite\",\"@id\":\"https:\\\/\\\/meditex.ee\\\/en\\\/#website\",\"url\":\"https:\\\/\\\/meditex.ee\\\/en\\\/\",\"name\":\"Meditex\",\"description\":\"\",\"publisher\":{\"@id\":\"https:\\\/\\\/meditex.ee\\\/en\\\/#organization\"},\"potentialAction\":[{\"@type\":\"SearchAction\",\"target\":{\"@type\":\"EntryPoint\",\"urlTemplate\":\"https:\\\/\\\/meditex.ee\\\/en\\\/?s={search_term_string}\"},\"query-input\":{\"@type\":\"PropertyValueSpecification\",\"valueRequired\":true,\"valueName\":\"search_term_string\"}}],\"inLanguage\":\"lt-LT\"},{\"@type\":\"Organization\",\"@id\":\"https:\\\/\\\/meditex.ee\\\/en\\\/#organization\",\"name\":\"Meditex\",\"url\":\"https:\\\/\\\/meditex.ee\\\/en\\\/\",\"logo\":{\"@type\":\"ImageObject\",\"inLanguage\":\"lt-LT\",\"@id\":\"https:\\\/\\\/meditex.ee\\\/en\\\/#\\\/schema\\\/logo\\\/image\\\/\",\"url\":\"https:\\\/\\\/meditex.ee\\\/wp-content\\\/uploads\\\/2018\\\/03\\\/mdtx_logo.png\",\"contentUrl\":\"https:\\\/\\\/meditex.ee\\\/wp-content\\\/uploads\\\/2018\\\/03\\\/mdtx_logo.png\",\"width\":669,\"height\":235,\"caption\":\"Meditex\"},\"image\":{\"@id\":\"https:\\\/\\\/meditex.ee\\\/en\\\/#\\\/schema\\\/logo\\\/image\\\/\"},\"sameAs\":[\"https:\\\/\\\/www.facebook.com\\\/meditexepood\\\/\"]}]}<\/script>\n<!-- \/ Yoast SEO plugin. -->","yoast_head_json":{"title":"Pogimdyminiai apatiniai su fiksavimo zonomis - meditex.ee internetin\u0117 parduotuv\u0117","description":"Carefixi pogimdyminiai apatiniai padeda pagerinti mamos diskretum\u0105 ir gerov\u0119. Maksimaliai odos draugi\u0161ki ir patog\u016bs.","robots":{"index":"index","follow":"follow","max-snippet":"max-snippet:-1","max-image-preview":"max-image-preview:large","max-video-preview":"max-video-preview:-1"},"canonical":"https:\/\/meditex.ee\/lt\/product\/pogimdyminiai-apatiniai\/","og_locale":"lt_LT","og_type":"article","og_title":"Pogimdyminiai apatiniai su fiksavimo zonomis - meditex.ee internetin\u0117 parduotuv\u0117","og_description":"Carefixi pogimdyminiai apatiniai padeda pagerinti mamos diskretum\u0105 ir gerov\u0119. Maksimaliai odos draugi\u0161ki ir patog\u016bs.","og_url":"https:\/\/meditex.ee\/lt\/product\/pogimdyminiai-apatiniai\/","og_site_name":"Meditex","article_publisher":"https:\/\/www.facebook.com\/meditexepood\/","article_modified_time":"2026-02-04T14:11:45+00:00","og_image":[{"width":500,"height":500,"url":"https:\/\/meditex.ee\/wp-content\/uploads\/2020\/12\/3246_front.jpg","type":"image\/jpeg"}],"twitter_card":"summary_large_image","twitter_misc":{"Est. reading time":"3 minut\u0117"},"schema":{"@context":"https:\/\/schema.org","@graph":[{"@type":"WebPage","@id":"https:\/\/meditex.ee\/lt\/product\/pogimdyminiai-apatiniai\/","url":"https:\/\/meditex.ee\/lt\/product\/pogimdyminiai-apatiniai\/","name":"Pogimdyminiai apatiniai su fiksavimo zonomis - meditex.ee internetin\u0117 parduotuv\u0117","isPartOf":{"@id":"https:\/\/meditex.ee\/en\/#website"},"primaryImageOfPage":{"@id":"https:\/\/meditex.ee\/lt\/product\/pogimdyminiai-apatiniai\/#primaryimage"},"image":{"@id":"https:\/\/meditex.ee\/lt\/product\/pogimdyminiai-apatiniai\/#primaryimage"},"thumbnailUrl":"https:\/\/meditex.ee\/wp-content\/uploads\/2020\/12\/3246_front.jpg","datePublished":"2026-02-04T14:11:43+00:00","dateModified":"2026-02-04T14:11:45+00:00","description":"Carefixi pogimdyminiai apatiniai padeda pagerinti mamos diskretum\u0105 ir gerov\u0119. Maksimaliai odos draugi\u0161ki ir patog\u016bs.","breadcrumb":{"@id":"https:\/\/meditex.ee\/lt\/product\/pogimdyminiai-apatiniai\/#breadcrumb"},"inLanguage":"lt-LT","potentialAction":[{"@type":"ReadAction","target":["https:\/\/meditex.ee\/lt\/product\/pogimdyminiai-apatiniai\/"]}]},{"@type":"ImageObject","inLanguage":"lt-LT","@id":"https:\/\/meditex.ee\/lt\/product\/pogimdyminiai-apatiniai\/#primaryimage","url":"https:\/\/meditex.ee\/wp-content\/uploads\/2020\/12\/3246_front.jpg","contentUrl":"https:\/\/meditex.ee\/wp-content\/uploads\/2020\/12\/3246_front.jpg","width":500,"height":500,"caption":"pogimdyminiai apatiniai"},{"@type":"BreadcrumbList","@id":"https:\/\/meditex.ee\/lt\/product\/pogimdyminiai-apatiniai\/#breadcrumb","itemListElement":[{"@type":"ListItem","position":1,"name":"Home","item":"https:\/\/meditex.ee\/lt\/"},{"@type":"ListItem","position":2,"name":"Parduotuv\u0117","item":"https:\/\/meditex.ee\/lt\/parduotuve\/"},{"@type":"ListItem","position":3,"name":"Pogimdyminiai apatiniai"}]},{"@type":"WebSite","@id":"https:\/\/meditex.ee\/en\/#website","url":"https:\/\/meditex.ee\/en\/","name":"Meditex","description":"","publisher":{"@id":"https:\/\/meditex.ee\/en\/#organization"},"potentialAction":[{"@type":"SearchAction","target":{"@type":"EntryPoint","urlTemplate":"https:\/\/meditex.ee\/en\/?s={search_term_string}"},"query-input":{"@type":"PropertyValueSpecification","valueRequired":true,"valueName":"search_term_string"}}],"inLanguage":"lt-LT"},{"@type":"Organization","@id":"https:\/\/meditex.ee\/en\/#organization","name":"Meditex","url":"https:\/\/meditex.ee\/en\/","logo":{"@type":"ImageObject","inLanguage":"lt-LT","@id":"https:\/\/meditex.ee\/en\/#\/schema\/logo\/image\/","url":"https:\/\/meditex.ee\/wp-content\/uploads\/2018\/03\/mdtx_logo.png","contentUrl":"https:\/\/meditex.ee\/wp-content\/uploads\/2018\/03\/mdtx_logo.png","width":669,"height":235,"caption":"Meditex"},"image":{"@id":"https:\/\/meditex.ee\/en\/#\/schema\/logo\/image\/"},"sameAs":["https:\/\/www.facebook.com\/meditexepood\/"]}]}},"_links":{"self":[{"href":"https:\/\/meditex.ee\/lt\/wp-json\/wp\/v2\/product\/19850","targetHints":{"allow":["GET"]}}],"collection":[{"href":"https:\/\/meditex.ee\/lt\/wp-json\/wp\/v2\/product"}],"about":[{"href":"https:\/\/meditex.ee\/lt\/wp-json\/wp\/v2\/types\/product"}],"wp:featuredmedia":[{"embeddable":true,"href":"https:\/\/meditex.ee\/lt\/wp-json\/wp\/v2\/media\/19852"}],"wp:attachment":[{"href":"https:\/\/meditex.ee\/lt\/wp-json\/wp\/v2\/media?parent=19850"}],"wp:term":[{"taxonomy":"product_brand","embeddable":true,"href":"https:\/\/meditex.ee\/lt\/wp-json\/wp\/v2\/product_brand?post=19850"},{"taxonomy":"product_cat","embeddable":true,"href":"https:\/\/meditex.ee\/lt\/wp-json\/wp\/v2\/product_cat?post=19850"},{"taxonomy":"product_tag","embeddable":true,"href":"https:\/\/meditex.ee\/lt\/wp-json\/wp\/v2\/product_tag?post=19850"}],"curies":[{"name":"wp","href":"https:\/\/api.w.org\/{rel}","templated":true}]}}