{"id":19840,"date":"2026-02-04T14:11:41","date_gmt":"2026-02-04T14:11:41","guid":{"rendered":"https:\/\/meditex.ee\/product\/nordicare-saga\/"},"modified":"2026-02-04T14:11:45","modified_gmt":"2026-02-04T14:11:45","slug":"nordicare-saga","status":"publish","type":"product","link":"https:\/\/meditex.ee\/lt\/produktas\/nordicare-saga\/","title":{"rendered":"NordiCare Saga"},"content":{"rendered":"<div class=\"row\"  id=\"row-51427799\">\n\n\t<div id=\"col-1064962250\" class=\"col medium-4 small-12 large-4\"  >\n\t\t\t\t<div class=\"col-inner\"  >\n\t\t\t\n\t\t\t\n\t\t<\/div>\n\t\t\t\t\t<\/div>\n\n\t\n\n\t<div id=\"col-1443553155\" class=\"col medium-4 small-12 large-4\"  >\n\t\t\t\t<div class=\"col-inner\"  >\n\t\t\t\n\t\t\t\n\t\t<\/div>\n\t\t\t\t\t<\/div>\n\n\t\n\n\t<div id=\"col-289371251\" class=\"col medium-4 small-12 large-4\"  >\n\t\t\t\t<div class=\"col-inner text-right\"  >\n\t\t\t\n\t\t\t\n\t<div class=\"img has-hover x md-x lg-x y md-y lg-y\" id=\"image_1950634075\">\n\t\t\t\t\t\t\t\t<div class=\"img-inner dark\" >\n\t\t\t<img decoding=\"async\" width=\"488\" height=\"154\" src=\"https:\/\/meditex.ee\/wp-content\/uploads\/2020\/03\/nordicare_logo.png\" class=\"attachment-large size-large\" alt=\"\" \/>\t\t\t\t\t\t\n\t\t\t\t\t<\/div>\n\t\t\t\t\t\t\t\t\n<style>\n#image_1950634075 {\n  width: 55%;\n}\n<\/style>\n\t<\/div>\n\t\n\t\t<\/div>\n\t\t\t\t\t<\/div>\n\n\t\n<\/div>\n<p class=\"Standard\" style=\"text-align: left;\"><span style=\"font-size: 11pt; color: #000000;\">Tugev ja mugav ilusa pitsiga proteesirinnahoidja. Suurep\u00e4rane sobivus ja t\u00e4iuslik tugi ka suurema rinna jaoks. Laiad polsterdatud \u00f5larihmad ja taskud m\u00f5lemal korvil proteeside sisestamiseks ja fikseerimiseks. Suurep\u00e4rane neile, kes kasutavad lahtisi proteese v\u00f5i t\u00e4idiseid. Kasutamiseks ka rindade t\u00f5stmise v\u00f5i v\u00e4hendamise korral kuna rinnahoidja pakub head tuge.<\/span><\/p>\n<p class=\"Standard\" style=\"text-align: left;\"><span style=\"font-size: 11pt; color: #000000;\"><strong>V\u00e4rvus:<\/strong> valge.<\/span><\/p>\n<p class=\"Standard\" style=\"text-align: left;\"><span style=\"font-size: 11pt; color: #000000;\"><strong>Saadaolevad suurused:<\/strong> 80\u2013105 A, 75\u2013105 B, C, D, E.<\/span><\/p>\n<p style=\"text-align: left;\"><span style=\"color: #000000; font-size: 85%;\">NB! Kui poes pole hetkel Sulle sobivat suurust saadaval, siis v\u00f5ta meiega \u00fchendust.<\/span><\/p>\n<div class=\"is-divider divider clearfix\" style=\"max-width:1100px;background-color:rgb(0, 0, 0);\"><\/div>\n<div class=\"row\"  id=\"row-326405584\">\n\n\t<div id=\"col-365047084\" class=\"col small-12 large-12\"  >\n\t\t\t\t<div class=\"col-inner\"  >\n\t\t\t\n\t\t\t\n<p class=\"Standard\" style=\"text-align: left;\"><strong><span style=\"font-size: 11pt; color: #000000;\">Proteziniai liemen\u0117liai su vieta protezui<\/span><\/strong><\/p>\n<p class=\"Standard\" style=\"text-align: left;\"><span style=\"font-size: 11pt; color: #000000;\">M\u016bs\u0173 tikslas \u2013 kurti apatin\u012f trikota\u017e\u0105, kuris idealiai tinka jo naudotojui. Turime ilgalaik\u0119 patirt\u012f kuriant produktus moterims, kurios per\u0117jo \u012fvairi\u0173 tip\u0173 kr\u016bties operacijas, pavyzd\u017eiui, mastektomij\u0105, kr\u016bt\u0173 ma\u017einim\u0105, kr\u016bt\u0173 rekonstrukcij\u0105 ir kr\u016bt\u0173 didinim\u0105. Su kruop\u0161\u010diai apgalvotu dizainu ir specialiai parinktomis med\u017eiagomis, u\u017etikrinan\u010diomis maksimal\u0173 komfort\u0105, suk\u016br\u0117me apatin\u012f trikota\u017e\u0105, kur\u012f mielai d\u0117v\u0117site.  <\/span><\/p>\n<p class=\"Standard\" style=\"text-align: left;\"><span style=\"font-size: 11pt; color: #000000;\">Suprantame, kaip svarbu moterims po kr\u016bties operacijos rasti liemen\u0117l\u0119, kuri gerai tikt\u0173, suteikt\u0173 daug atramos ir b\u016bt\u0173 patogi ne\u0161ioti. Tod\u0117l did\u017eiuojam\u0117s gal\u0117dami pasi\u016blyti \u0161iuos stilingus ir patogius apatinius r\u016bbus toms, kurios naudoja kr\u016bties protezes \u2013 ar net toms, kurios tiesiog nori juos d\u0117v\u0117ti po drabu\u017eiais. <\/span><\/p>\n\t\t<\/div>\n\t\t\t\t\t<\/div>\n\n\t\n<\/div>\n","protected":false},"excerpt":{"rendered":"<p style=\"text-align: left;\"><span style=\"color: #000000; font-size: 75%;\">Tvirta ir patogi protezin\u0117 liemen\u0117l\u0117 su gra\u017eiais n\u0117riniais.<\/span><\/p>\n","protected":false},"featured_media":19844,"template":"","meta":[],"product_brand":[],"product_cat":[603],"product_tag":[626],"class_list":{"0":"post-19840","1":"product","2":"type-product","3":"status-publish","4":"has-post-thumbnail","6":"product_cat-pooperacines-liemeneles","7":"product_tag-nordicare","9":"first","10":"instock","11":"taxable","12":"shipping-taxable","13":"purchasable","14":"product-type-variable"},"yoast_head":"<!-- This site is optimized with the Yoast SEO plugin v27.3 - https:\/\/yoast.com\/product\/yoast-seo-wordpress\/ -->\n<title>NordiCare Saga protezin\u0117 liemen\u0117l\u0117 - Meditex internetin\u0117 parduotuv\u0117<\/title>\n<meta name=\"description\" content=\"Tvirta ir patogi protezin\u0117 liemen\u0117l\u0117 su gra\u017eiais n\u0117riniais. Tobula atrama net ir didesnei kr\u016btinei. Tinka toms, kurios naudoja atimamas protezes ar \u012fd\u0117klus.\" \/>\n<meta name=\"robots\" content=\"index, follow, max-snippet:-1, max-image-preview:large, max-video-preview:-1\" \/>\n<link rel=\"canonical\" href=\"https:\/\/meditex.ee\/lt\/produktas\/nordicare-saga\/\" \/>\n<meta property=\"og:locale\" content=\"lt_LT\" \/>\n<meta property=\"og:type\" content=\"article\" \/>\n<meta property=\"og:title\" content=\"NordiCare Saga protezin\u0117 liemen\u0117l\u0117 - Meditex internetin\u0117 parduotuv\u0117\" \/>\n<meta property=\"og:description\" content=\"Tvirta ir patogi protezin\u0117 liemen\u0117l\u0117 su gra\u017eiais n\u0117riniais. Tobula atrama net ir didesnei kr\u016btinei. Tinka toms, kurios naudoja atimamas protezes ar \u012fd\u0117klus.\" \/>\n<meta property=\"og:url\" content=\"https:\/\/meditex.ee\/lt\/produktas\/nordicare-saga\/\" \/>\n<meta property=\"og:site_name\" content=\"Meditex\" \/>\n<meta property=\"article:publisher\" content=\"https:\/\/www.facebook.com\/meditexepood\/\" \/>\n<meta property=\"article:modified_time\" content=\"2026-02-04T14:11:45+00:00\" \/>\n<meta property=\"og:image\" content=\"https:\/\/meditex.ee\/wp-content\/uploads\/2020\/03\/NordiCare-Saga.png\" \/>\n\t<meta property=\"og:image:width\" content=\"500\" \/>\n\t<meta property=\"og:image:height\" content=\"600\" \/>\n\t<meta property=\"og:image:type\" content=\"image\/png\" \/>\n<meta name=\"twitter:card\" content=\"summary_large_image\" \/>\n<meta name=\"twitter:label1\" content=\"Est. reading time\" \/>\n\t<meta name=\"twitter:data1\" content=\"1 minut\u0117\" \/>\n<script type=\"application\/ld+json\" class=\"yoast-schema-graph\">{\"@context\":\"https:\\\/\\\/schema.org\",\"@graph\":[{\"@type\":\"WebPage\",\"@id\":\"https:\\\/\\\/meditex.ee\\\/lt\\\/produktas\\\/nordicare-saga\\\/\",\"url\":\"https:\\\/\\\/meditex.ee\\\/lt\\\/produktas\\\/nordicare-saga\\\/\",\"name\":\"NordiCare Saga protezin\u0117 liemen\u0117l\u0117 - Meditex internetin\u0117 parduotuv\u0117\",\"isPartOf\":{\"@id\":\"https:\\\/\\\/meditex.ee\\\/en\\\/#website\"},\"primaryImageOfPage\":{\"@id\":\"https:\\\/\\\/meditex.ee\\\/lt\\\/produktas\\\/nordicare-saga\\\/#primaryimage\"},\"image\":{\"@id\":\"https:\\\/\\\/meditex.ee\\\/lt\\\/produktas\\\/nordicare-saga\\\/#primaryimage\"},\"thumbnailUrl\":\"https:\\\/\\\/meditex.ee\\\/wp-content\\\/uploads\\\/2020\\\/03\\\/NordiCare-Saga.png\",\"datePublished\":\"2026-02-04T14:11:41+00:00\",\"dateModified\":\"2026-02-04T14:11:45+00:00\",\"description\":\"Tvirta ir patogi protezin\u0117 liemen\u0117l\u0117 su gra\u017eiais n\u0117riniais. Tobula atrama net ir didesnei kr\u016btinei. Tinka toms, kurios naudoja atimamas protezes ar \u012fd\u0117klus.\",\"breadcrumb\":{\"@id\":\"https:\\\/\\\/meditex.ee\\\/lt\\\/produktas\\\/nordicare-saga\\\/#breadcrumb\"},\"inLanguage\":\"lt-LT\",\"potentialAction\":[{\"@type\":\"ReadAction\",\"target\":[\"https:\\\/\\\/meditex.ee\\\/lt\\\/produktas\\\/nordicare-saga\\\/\"]}]},{\"@type\":\"ImageObject\",\"inLanguage\":\"lt-LT\",\"@id\":\"https:\\\/\\\/meditex.ee\\\/lt\\\/produktas\\\/nordicare-saga\\\/#primaryimage\",\"url\":\"https:\\\/\\\/meditex.ee\\\/wp-content\\\/uploads\\\/2020\\\/03\\\/NordiCare-Saga.png\",\"contentUrl\":\"https:\\\/\\\/meditex.ee\\\/wp-content\\\/uploads\\\/2020\\\/03\\\/NordiCare-Saga.png\",\"width\":500,\"height\":600},{\"@type\":\"BreadcrumbList\",\"@id\":\"https:\\\/\\\/meditex.ee\\\/lt\\\/produktas\\\/nordicare-saga\\\/#breadcrumb\",\"itemListElement\":[{\"@type\":\"ListItem\",\"position\":1,\"name\":\"Home\",\"item\":\"https:\\\/\\\/meditex.ee\\\/lt\\\/\"},{\"@type\":\"ListItem\",\"position\":2,\"name\":\"Parduotuv\u0117\",\"item\":\"https:\\\/\\\/meditex.ee\\\/lt\\\/parduotuve\\\/\"},{\"@type\":\"ListItem\",\"position\":3,\"name\":\"NordiCare Saga\"}]},{\"@type\":\"WebSite\",\"@id\":\"https:\\\/\\\/meditex.ee\\\/en\\\/#website\",\"url\":\"https:\\\/\\\/meditex.ee\\\/en\\\/\",\"name\":\"Meditex\",\"description\":\"\",\"publisher\":{\"@id\":\"https:\\\/\\\/meditex.ee\\\/en\\\/#organization\"},\"potentialAction\":[{\"@type\":\"SearchAction\",\"target\":{\"@type\":\"EntryPoint\",\"urlTemplate\":\"https:\\\/\\\/meditex.ee\\\/en\\\/?s={search_term_string}\"},\"query-input\":{\"@type\":\"PropertyValueSpecification\",\"valueRequired\":true,\"valueName\":\"search_term_string\"}}],\"inLanguage\":\"lt-LT\"},{\"@type\":\"Organization\",\"@id\":\"https:\\\/\\\/meditex.ee\\\/en\\\/#organization\",\"name\":\"Meditex\",\"url\":\"https:\\\/\\\/meditex.ee\\\/en\\\/\",\"logo\":{\"@type\":\"ImageObject\",\"inLanguage\":\"lt-LT\",\"@id\":\"https:\\\/\\\/meditex.ee\\\/en\\\/#\\\/schema\\\/logo\\\/image\\\/\",\"url\":\"https:\\\/\\\/meditex.ee\\\/wp-content\\\/uploads\\\/2018\\\/03\\\/mdtx_logo.png\",\"contentUrl\":\"https:\\\/\\\/meditex.ee\\\/wp-content\\\/uploads\\\/2018\\\/03\\\/mdtx_logo.png\",\"width\":669,\"height\":235,\"caption\":\"Meditex\"},\"image\":{\"@id\":\"https:\\\/\\\/meditex.ee\\\/en\\\/#\\\/schema\\\/logo\\\/image\\\/\"},\"sameAs\":[\"https:\\\/\\\/www.facebook.com\\\/meditexepood\\\/\"]}]}<\/script>\n<!-- \/ Yoast SEO plugin. -->","yoast_head_json":{"title":"NordiCare Saga protezin\u0117 liemen\u0117l\u0117 - Meditex internetin\u0117 parduotuv\u0117","description":"Tvirta ir patogi protezin\u0117 liemen\u0117l\u0117 su gra\u017eiais n\u0117riniais. Tobula atrama net ir didesnei kr\u016btinei. Tinka toms, kurios naudoja atimamas protezes ar \u012fd\u0117klus.","robots":{"index":"index","follow":"follow","max-snippet":"max-snippet:-1","max-image-preview":"max-image-preview:large","max-video-preview":"max-video-preview:-1"},"canonical":"https:\/\/meditex.ee\/lt\/produktas\/nordicare-saga\/","og_locale":"lt_LT","og_type":"article","og_title":"NordiCare Saga protezin\u0117 liemen\u0117l\u0117 - Meditex internetin\u0117 parduotuv\u0117","og_description":"Tvirta ir patogi protezin\u0117 liemen\u0117l\u0117 su gra\u017eiais n\u0117riniais. Tobula atrama net ir didesnei kr\u016btinei. Tinka toms, kurios naudoja atimamas protezes ar \u012fd\u0117klus.","og_url":"https:\/\/meditex.ee\/lt\/produktas\/nordicare-saga\/","og_site_name":"Meditex","article_publisher":"https:\/\/www.facebook.com\/meditexepood\/","article_modified_time":"2026-02-04T14:11:45+00:00","og_image":[{"width":500,"height":600,"url":"https:\/\/meditex.ee\/wp-content\/uploads\/2020\/03\/NordiCare-Saga.png","type":"image\/png"}],"twitter_card":"summary_large_image","twitter_misc":{"Est. reading time":"1 minut\u0117"},"schema":{"@context":"https:\/\/schema.org","@graph":[{"@type":"WebPage","@id":"https:\/\/meditex.ee\/lt\/produktas\/nordicare-saga\/","url":"https:\/\/meditex.ee\/lt\/produktas\/nordicare-saga\/","name":"NordiCare Saga protezin\u0117 liemen\u0117l\u0117 - Meditex internetin\u0117 parduotuv\u0117","isPartOf":{"@id":"https:\/\/meditex.ee\/en\/#website"},"primaryImageOfPage":{"@id":"https:\/\/meditex.ee\/lt\/produktas\/nordicare-saga\/#primaryimage"},"image":{"@id":"https:\/\/meditex.ee\/lt\/produktas\/nordicare-saga\/#primaryimage"},"thumbnailUrl":"https:\/\/meditex.ee\/wp-content\/uploads\/2020\/03\/NordiCare-Saga.png","datePublished":"2026-02-04T14:11:41+00:00","dateModified":"2026-02-04T14:11:45+00:00","description":"Tvirta ir patogi protezin\u0117 liemen\u0117l\u0117 su gra\u017eiais n\u0117riniais. Tobula atrama net ir didesnei kr\u016btinei. Tinka toms, kurios naudoja atimamas protezes ar \u012fd\u0117klus.","breadcrumb":{"@id":"https:\/\/meditex.ee\/lt\/produktas\/nordicare-saga\/#breadcrumb"},"inLanguage":"lt-LT","potentialAction":[{"@type":"ReadAction","target":["https:\/\/meditex.ee\/lt\/produktas\/nordicare-saga\/"]}]},{"@type":"ImageObject","inLanguage":"lt-LT","@id":"https:\/\/meditex.ee\/lt\/produktas\/nordicare-saga\/#primaryimage","url":"https:\/\/meditex.ee\/wp-content\/uploads\/2020\/03\/NordiCare-Saga.png","contentUrl":"https:\/\/meditex.ee\/wp-content\/uploads\/2020\/03\/NordiCare-Saga.png","width":500,"height":600},{"@type":"BreadcrumbList","@id":"https:\/\/meditex.ee\/lt\/produktas\/nordicare-saga\/#breadcrumb","itemListElement":[{"@type":"ListItem","position":1,"name":"Home","item":"https:\/\/meditex.ee\/lt\/"},{"@type":"ListItem","position":2,"name":"Parduotuv\u0117","item":"https:\/\/meditex.ee\/lt\/parduotuve\/"},{"@type":"ListItem","position":3,"name":"NordiCare Saga"}]},{"@type":"WebSite","@id":"https:\/\/meditex.ee\/en\/#website","url":"https:\/\/meditex.ee\/en\/","name":"Meditex","description":"","publisher":{"@id":"https:\/\/meditex.ee\/en\/#organization"},"potentialAction":[{"@type":"SearchAction","target":{"@type":"EntryPoint","urlTemplate":"https:\/\/meditex.ee\/en\/?s={search_term_string}"},"query-input":{"@type":"PropertyValueSpecification","valueRequired":true,"valueName":"search_term_string"}}],"inLanguage":"lt-LT"},{"@type":"Organization","@id":"https:\/\/meditex.ee\/en\/#organization","name":"Meditex","url":"https:\/\/meditex.ee\/en\/","logo":{"@type":"ImageObject","inLanguage":"lt-LT","@id":"https:\/\/meditex.ee\/en\/#\/schema\/logo\/image\/","url":"https:\/\/meditex.ee\/wp-content\/uploads\/2018\/03\/mdtx_logo.png","contentUrl":"https:\/\/meditex.ee\/wp-content\/uploads\/2018\/03\/mdtx_logo.png","width":669,"height":235,"caption":"Meditex"},"image":{"@id":"https:\/\/meditex.ee\/en\/#\/schema\/logo\/image\/"},"sameAs":["https:\/\/www.facebook.com\/meditexepood\/"]}]}},"_links":{"self":[{"href":"https:\/\/meditex.ee\/lt\/wp-json\/wp\/v2\/product\/19840","targetHints":{"allow":["GET"]}}],"collection":[{"href":"https:\/\/meditex.ee\/lt\/wp-json\/wp\/v2\/product"}],"about":[{"href":"https:\/\/meditex.ee\/lt\/wp-json\/wp\/v2\/types\/product"}],"wp:featuredmedia":[{"embeddable":true,"href":"https:\/\/meditex.ee\/lt\/wp-json\/wp\/v2\/media\/19844"}],"wp:attachment":[{"href":"https:\/\/meditex.ee\/lt\/wp-json\/wp\/v2\/media?parent=19840"}],"wp:term":[{"taxonomy":"product_brand","embeddable":true,"href":"https:\/\/meditex.ee\/lt\/wp-json\/wp\/v2\/product_brand?post=19840"},{"taxonomy":"product_cat","embeddable":true,"href":"https:\/\/meditex.ee\/lt\/wp-json\/wp\/v2\/product_cat?post=19840"},{"taxonomy":"product_tag","embeddable":true,"href":"https:\/\/meditex.ee\/lt\/wp-json\/wp\/v2\/product_tag?post=19840"}],"curies":[{"name":"wp","href":"https:\/\/api.w.org\/{rel}","templated":true}]}}