{"id":19830,"date":"2026-02-04T14:11:10","date_gmt":"2026-02-04T14:11:10","guid":{"rendered":"https:\/\/meditex.ee\/product\/carepocket-slapimo-maiselio-laikiklis\/"},"modified":"2026-02-04T14:11:12","modified_gmt":"2026-02-04T14:11:12","slug":"carepocket-slapimo-maiselio-laikiklis","status":"publish","type":"product","link":"https:\/\/meditex.ee\/lt\/produktas\/carepocket-slapimo-maiselio-laikiklis\/","title":{"rendered":"CarePocket\u2122 \u0161lapimo mai\u0161elio laikiklis"},"content":{"rendered":"<div class=\"row align-bottom\"  id=\"row-1186543874\">\n\n\t<div id=\"col-1386968840\" class=\"col medium-4 small-12 large-4\"  >\n\t\t\t\t<div class=\"col-inner\"  >\n\t\t\t\n\t\t\t\n\t\t<\/div>\n\t\t\t\t\t<\/div>\n\n\t\n\n\t<div id=\"col-1954244265\" class=\"col medium-4 small-12 large-4\"  >\n\t\t\t\t<div class=\"col-inner\"  >\n\t\t\t\n\t\t\t\n\t\t<\/div>\n\t\t\t\t\t<\/div>\n\n\t\n\n\t<div id=\"col-656015297\" class=\"col medium-4 small-12 large-4\"  >\n\t\t\t\t<div class=\"col-inner text-right\"  >\n\t\t\t\n\t\t\t\n\t<div class=\"img has-hover x md-x lg-x y md-y lg-y\" id=\"image_2092528658\">\n\t\t\t\t\t\t\t\t<div class=\"img-inner dark\" >\n\t\t\t<img decoding=\"async\" width=\"1020\" height=\"315\" src=\"https:\/\/meditex.ee\/wp-content\/uploads\/2018\/03\/CAREFIX_PAYOFF_4F-1400x433.png\" class=\"attachment-large size-large\" alt=\"\" srcset=\"https:\/\/meditex.ee\/wp-content\/uploads\/2018\/03\/CAREFIX_PAYOFF_4F-1400x433.png 1400w, https:\/\/meditex.ee\/wp-content\/uploads\/2018\/03\/CAREFIX_PAYOFF_4F-510x158.png 510w, https:\/\/meditex.ee\/wp-content\/uploads\/2018\/03\/CAREFIX_PAYOFF_4F-800x248.png 800w, https:\/\/meditex.ee\/wp-content\/uploads\/2018\/03\/CAREFIX_PAYOFF_4F-768x238.png 768w, https:\/\/meditex.ee\/wp-content\/uploads\/2018\/03\/CAREFIX_PAYOFF_4F-600x186.png 600w, https:\/\/meditex.ee\/wp-content\/uploads\/2018\/03\/CAREFIX_PAYOFF_4F.png 2038w\" sizes=\"(max-width: 1020px) 100vw, 1020px\" \/>\t\t\t\t\t\t\n\t\t\t\t\t<\/div>\n\t\t\t\t\t\t\t\t\n<style>\n#image_2092528658 {\n  width: 50%;\n}\n<\/style>\n\t<\/div>\n\t\n\t\t<\/div>\n\t\t\t\t\t<\/div>\n\n\t\n<\/div>\n<p style=\"text-align: left;\"><span style=\"font-weight: 400; color: #000000;\">Carefix CarePocket\u2122 \u0161lapimo mai\u0161elio laikiklis kojai si\u016blo paprast\u0105 ir patog\u0173 \u0161lapimo mai\u0161elio tvirtinimo b\u016bd\u0105.<\/span><\/p>\n<p style=\"text-align: left;\"><span style=\"font-weight: 400; color: #000000;\">Gyvenimas su \u0161lapimo mai\u0161eliu gali \u017eymiai paveikti naudotojo pasitik\u0117jim\u0105 savimi ir mobilum\u0105. Tod\u0117l itin svarbu, kad mai\u0161elis b\u016bt\u0173 tvirtinamas patikimai ir diskreti\u0161kai. \u0160iuo tikslu \u0161lapimo mai\u0161eliams buvo sukurtas kojos mai\u0161elio laikiklis \u2013 <span style=\"color: #000000;\"><span style=\"font-weight: 400;\">CarePocket\u2122.<\/span><\/span>  <\/span><\/p>\n<p style=\"text-align: left;\"><span style=\"font-weight: 400; color: #000000;\">Carefix CarePocket\u2122 \u0161lapimo mai\u0161elio laikiklio naudojimo privalumai:<\/span><\/p>\n<ul style=\"text-align: left;\">\n<li style=\"font-weight: 400;\" aria-level=\"1\"><span style=\"font-weight: 400; color: #000000;\">Gera alternatyva kojos dir\u017eeliams, nes palaiko kojos mai\u0161elio svor\u012f, neleid\u017eiant kateteriui \u201enuslysti\u201c. Suteikia saugum\u0105 ir maksimal\u0173 komfort\u0105. <\/span><\/li>\n<li style=\"font-weight: 400;\" aria-level=\"1\"><span style=\"font-weight: 400; color: #000000;\">Unikali ir elastinga kojos mai\u0161elio konstrukcija leid\u017eia j\u012f ne\u0161ioti tiek ant blauzdos, tiek ant \u0161launies ir gali laikyti iki 750 ml \u0161lapimo mai\u0161el\u012f nenaudojant kojos dir\u017eeli\u0173.<\/span><\/li>\n<li style=\"font-weight: 400;\" aria-level=\"1\"><span style=\"font-weight: 400; color: #000000;\">Pagamintas i\u0161 patogios ir odai draugi\u0161kos med\u017eiagos, kuri leid\u017eia odai kv\u0117puoti ir ma\u017eina prakaitavim\u0105.<\/span><\/li>\n<li style=\"font-weight: 400;\" aria-level=\"1\"><span style=\"font-weight: 400; color: #000000;\">Be latekso ir galimi dyd\u017eiai S, M, L, XL.<\/span><\/li>\n<\/ul>\n<p style=\"text-align: left;\"><span style=\"color: #000000;\"><span style=\"font-weight: 400;\">Plaunamas <\/span><span style=\"font-weight: 400;\">60\u00b0C<\/span><\/span><\/p>\n<p style=\"text-align: left;\" data-fontsize=\"16\" data-lineheight=\"19\"><span style=\"color: #000000;\"><strong>APRA\u0160YMAS: <\/strong>Carefix CarePocket\u2122 \u0161lapimo mai\u0161elio laikiklis kojai  <span style=\"font-weight: 400;\">yra specialiai sukurtas \u0161lapimo mai\u0161eliui fiksuoti ant kojos, nekei\u010diant ne\u0161iotojo i\u0161vaizdos. Jis palaiko vis\u0105 \u0161lapimo mai\u0161el\u012f, kai jis pilnas. Taip mai\u0161elio laikymui reikalingas sl\u0117gis tolygiai pasiskirsto aplink koj\u0105 ir nesutelpa \u012f du siaurus dir\u017eelius mai\u0161elio vir\u0161uje ir apa\u010dioje. Toks dizainas ne tik suma\u017eina kraujagysli\u0173 susiaur\u0117jim\u0105 ir sl\u0117gio \u017eymes ant kojos, bet ir neleid\u017eia mai\u0161eliui pasislinkti bei padeda slopinti nepageidaujamus garsus, taip u\u017etikrinant diskreti\u0161kum\u0105.   <\/span><\/span><\/p>\n<p><span style=\"font-weight: 400; color: #000000;\">Savyb\u0117s:<\/span><\/p>\n<ul>\n<li style=\"font-weight: 400;\" aria-level=\"1\"><span style=\"font-weight: 400; color: #000000;\">Lengva naudoti<\/span><\/li>\n<li style=\"font-weight: 400;\" aria-level=\"1\"><span style=\"font-weight: 400; color: #000000;\">Saugus kojos mai\u0161elio fiksavimas optimaliam palaikymui<\/span><\/li>\n<li style=\"font-weight: 400;\" aria-level=\"1\"><span style=\"font-weight: 400; color: #000000;\">Svorio sl\u0117gis tolygiai pasiskirsto aplink koj\u0105<\/span><\/li>\n<li style=\"font-weight: 400;\" aria-level=\"1\"><span style=\"font-weight: 400; color: #000000;\">Padeda suma\u017einti nemalonius garsus<\/span><\/li>\n<li style=\"font-weight: 400;\" aria-level=\"1\"><span style=\"font-weight: 400; color: #000000;\">Ma\u017eina sl\u0117gio \u017eymi\u0173 rizik\u0105<\/span><\/li>\n<li style=\"font-weight: 400;\" aria-level=\"1\"><span style=\"font-weight: 400; color: #000000;\">Suteikia papildomo saugumo fizin\u0117s veiklos metu<\/span><\/li>\n<li style=\"font-weight: 400;\" aria-level=\"1\"><span style=\"font-weight: 400; color: #000000;\">Labai mink\u0161ta, tampri ir kv\u0117puojanti med\u017eiaga, kuri\u0105 patogu d\u0117v\u0117ti<\/span><\/li>\n<li style=\"font-weight: 400;\" aria-level=\"1\"><span style=\"font-weight: 400; color: #000000;\">Vienodai tinka tiek kairiai, tiek de\u0161inei kojai<\/span><\/li>\n<li style=\"font-weight: 400;\" aria-level=\"1\"><span style=\"font-weight: 400; color: #000000;\">Vidin\u0117je ki\u0161en\u0117je yra ir blauzdos mai\u0161elio anga, ir apatinio \u010diaupo anga<\/span><\/li>\n<li style=\"font-weight: 400;\" aria-level=\"1\"><span style=\"font-weight: 400; color: #000000;\">Talpa iki 750 ml<\/span><\/li>\n<li style=\"font-weight: 400;\" aria-level=\"1\"><span style=\"font-weight: 400; color: #000000;\">Praktinis spalv\u0173 kodas dyd\u017eiui nustatyti<\/span><\/li>\n<li style=\"font-weight: 400;\" aria-level=\"1\"><span style=\"font-weight: 400; color: #000000;\">Plaunamas 60\u00b0C temperat\u016broje<\/span><\/li>\n<li style=\"font-weight: 400;\" aria-level=\"1\"><span style=\"font-weight: 400; color: #000000;\">Be latekso<\/span><\/li>\n<li style=\"font-weight: 400;\" aria-level=\"1\"><span style=\"font-weight: 400; color: #000000;\">Oeko-Tex sertifikuotas<\/span><\/li>\n<\/ul>\n<p style=\"text-align: left;\" data-fontsize=\"16\" data-lineheight=\"19\"><span style=\"color: #000000;\"><strong>SUD\u0116TIS:<\/strong> <span style=\"font-weight: 400;\">80% poliesteris 20% elastanas<\/span><\/span><\/p>\n<p style=\"text-align: left;\"><strong><span style=\"color: #000000;\">DYD\u017dI\u0172 LENTEL\u0116<\/span><\/strong><\/p>\n\t<div class=\"img has-hover x md-x lg-x y md-y lg-y\" id=\"image_1006130492\">\n\t\t\t\t\t\t\t\t<div class=\"img-inner dark\" >\n\t\t\t<img decoding=\"async\" width=\"800\" height=\"300\" src=\"https:\/\/meditex.ee\/wp-content\/uploads\/2021\/08\/CarePocket-suurus.png\" class=\"attachment-large size-large\" alt=\"\" srcset=\"https:\/\/meditex.ee\/wp-content\/uploads\/2021\/08\/CarePocket-suurus.png 800w, https:\/\/meditex.ee\/wp-content\/uploads\/2021\/08\/CarePocket-suurus-510x191.png 510w, https:\/\/meditex.ee\/wp-content\/uploads\/2021\/08\/CarePocket-suurus-768x288.png 768w, https:\/\/meditex.ee\/wp-content\/uploads\/2021\/08\/CarePocket-suurus-600x225.png 600w\" sizes=\"(max-width: 800px) 100vw, 800px\" \/>\t\t\t\t\t\t\n\t\t\t\t\t<\/div>\n\t\t\t\t\t\t\t\t\n<style>\n#image_1006130492 {\n  width: 65%;\n}\n<\/style>\n\t<\/div>\n\t\n<p>Informacija gamintojo svetain\u0117je: <a href=\"https:\/\/tytex.com\/products\/continence-care\/leg-bag-holders\/carepocket\">https:\/\/tytex.com\/products\/continence-care\/leg-bag-holders\/carepocket<\/a><\/p>\n","protected":false},"excerpt":{"rendered":"<p style=\"text-align: left;\">\u0160lapimo mai\u0161elio laikiklis kojai.<\/p>\n","protected":false},"featured_media":19834,"template":"","meta":[],"product_brand":[],"product_cat":[617],"product_tag":[604],"class_list":{"0":"post-19830","1":"product","2":"type-product","3":"status-publish","4":"has-post-thumbnail","6":"product_cat-papildomi-produktai","7":"product_tag-carefix","9":"first","10":"instock","11":"taxable","12":"shipping-taxable","13":"purchasable","14":"product-type-variable"},"yoast_head":"<!-- This site is optimized with the Yoast SEO plugin v27.3 - https:\/\/yoast.com\/product\/yoast-seo-wordpress\/ -->\n<title>Carefix CarePocket\u2122 \u0161lapimo mai\u0161elio laikiklis kojai - meditex.ee<\/title>\n<meta name=\"description\" content=\"Carefix CarePocket\u2122 \u0161lapimo mai\u0161elio laikiklis kojai si\u016blo paprast\u0105 ir patog\u0173 \u0161lapimo mai\u0161elio tvirtinimo b\u016bd\u0105. Puiki alternatyva kojos dir\u017eeliams.\" \/>\n<meta name=\"robots\" content=\"index, follow, max-snippet:-1, max-image-preview:large, max-video-preview:-1\" \/>\n<link rel=\"canonical\" href=\"https:\/\/meditex.ee\/lt\/product\/carepocket-slapimo-maiselio-laikiklis\/\" \/>\n<meta property=\"og:locale\" content=\"lt_LT\" \/>\n<meta property=\"og:type\" content=\"article\" \/>\n<meta property=\"og:title\" content=\"Carefix CarePocket\u2122 \u0161lapimo mai\u0161elio laikiklis kojai - meditex.ee\" \/>\n<meta property=\"og:description\" content=\"Carefix CarePocket\u2122 \u0161lapimo mai\u0161elio laikiklis kojai si\u016blo paprast\u0105 ir patog\u0173 \u0161lapimo mai\u0161elio tvirtinimo b\u016bd\u0105. Puiki alternatyva kojos dir\u017eeliams.\" \/>\n<meta property=\"og:url\" content=\"https:\/\/meditex.ee\/lt\/product\/carepocket-slapimo-maiselio-laikiklis\/\" \/>\n<meta property=\"og:site_name\" content=\"Meditex\" \/>\n<meta property=\"article:publisher\" content=\"https:\/\/www.facebook.com\/meditexepood\/\" \/>\n<meta property=\"article:modified_time\" content=\"2026-02-04T14:11:12+00:00\" \/>\n<meta property=\"og:image\" content=\"https:\/\/meditex.ee\/wp-content\/uploads\/2021\/08\/91L9idfOtYL._AC_SL1500_.jpg\" \/>\n\t<meta property=\"og:image:width\" content=\"1293\" \/>\n\t<meta property=\"og:image:height\" content=\"1500\" \/>\n\t<meta property=\"og:image:type\" content=\"image\/jpeg\" \/>\n<meta name=\"twitter:card\" content=\"summary_large_image\" \/>\n<meta name=\"twitter:label1\" content=\"Est. reading time\" \/>\n\t<meta name=\"twitter:data1\" content=\"2 minut\u0117\" \/>\n<script type=\"application\/ld+json\" class=\"yoast-schema-graph\">{\"@context\":\"https:\\\/\\\/schema.org\",\"@graph\":[{\"@type\":\"WebPage\",\"@id\":\"https:\\\/\\\/meditex.ee\\\/lt\\\/product\\\/carepocket-slapimo-maiselio-laikiklis\\\/\",\"url\":\"https:\\\/\\\/meditex.ee\\\/lt\\\/product\\\/carepocket-slapimo-maiselio-laikiklis\\\/\",\"name\":\"Carefix CarePocket\u2122 \u0161lapimo mai\u0161elio laikiklis kojai - meditex.ee\",\"isPartOf\":{\"@id\":\"https:\\\/\\\/meditex.ee\\\/en\\\/#website\"},\"primaryImageOfPage\":{\"@id\":\"https:\\\/\\\/meditex.ee\\\/lt\\\/product\\\/carepocket-slapimo-maiselio-laikiklis\\\/#primaryimage\"},\"image\":{\"@id\":\"https:\\\/\\\/meditex.ee\\\/lt\\\/product\\\/carepocket-slapimo-maiselio-laikiklis\\\/#primaryimage\"},\"thumbnailUrl\":\"https:\\\/\\\/meditex.ee\\\/wp-content\\\/uploads\\\/2021\\\/08\\\/91L9idfOtYL._AC_SL1500_.jpg\",\"datePublished\":\"2026-02-04T14:11:10+00:00\",\"dateModified\":\"2026-02-04T14:11:12+00:00\",\"description\":\"Carefix CarePocket\u2122 \u0161lapimo mai\u0161elio laikiklis kojai si\u016blo paprast\u0105 ir patog\u0173 \u0161lapimo mai\u0161elio tvirtinimo b\u016bd\u0105. Puiki alternatyva kojos dir\u017eeliams.\",\"breadcrumb\":{\"@id\":\"https:\\\/\\\/meditex.ee\\\/lt\\\/product\\\/carepocket-slapimo-maiselio-laikiklis\\\/#breadcrumb\"},\"inLanguage\":\"lt-LT\",\"potentialAction\":[{\"@type\":\"ReadAction\",\"target\":[\"https:\\\/\\\/meditex.ee\\\/lt\\\/product\\\/carepocket-slapimo-maiselio-laikiklis\\\/\"]}]},{\"@type\":\"ImageObject\",\"inLanguage\":\"lt-LT\",\"@id\":\"https:\\\/\\\/meditex.ee\\\/lt\\\/product\\\/carepocket-slapimo-maiselio-laikiklis\\\/#primaryimage\",\"url\":\"https:\\\/\\\/meditex.ee\\\/wp-content\\\/uploads\\\/2021\\\/08\\\/91L9idfOtYL._AC_SL1500_.jpg\",\"contentUrl\":\"https:\\\/\\\/meditex.ee\\\/wp-content\\\/uploads\\\/2021\\\/08\\\/91L9idfOtYL._AC_SL1500_.jpg\",\"width\":1293,\"height\":1500,\"caption\":\"\u0160lapimo mai\u0161elio laikiklis kojai\"},{\"@type\":\"BreadcrumbList\",\"@id\":\"https:\\\/\\\/meditex.ee\\\/lt\\\/product\\\/carepocket-slapimo-maiselio-laikiklis\\\/#breadcrumb\",\"itemListElement\":[{\"@type\":\"ListItem\",\"position\":1,\"name\":\"Home\",\"item\":\"https:\\\/\\\/meditex.ee\\\/lt\\\/\"},{\"@type\":\"ListItem\",\"position\":2,\"name\":\"Parduotuv\u0117\",\"item\":\"https:\\\/\\\/meditex.ee\\\/lt\\\/parduotuve\\\/\"},{\"@type\":\"ListItem\",\"position\":3,\"name\":\"CarePocket\u2122 \u0161lapimo mai\u0161elio laikiklis\"}]},{\"@type\":\"WebSite\",\"@id\":\"https:\\\/\\\/meditex.ee\\\/en\\\/#website\",\"url\":\"https:\\\/\\\/meditex.ee\\\/en\\\/\",\"name\":\"Meditex\",\"description\":\"\",\"publisher\":{\"@id\":\"https:\\\/\\\/meditex.ee\\\/en\\\/#organization\"},\"potentialAction\":[{\"@type\":\"SearchAction\",\"target\":{\"@type\":\"EntryPoint\",\"urlTemplate\":\"https:\\\/\\\/meditex.ee\\\/en\\\/?s={search_term_string}\"},\"query-input\":{\"@type\":\"PropertyValueSpecification\",\"valueRequired\":true,\"valueName\":\"search_term_string\"}}],\"inLanguage\":\"lt-LT\"},{\"@type\":\"Organization\",\"@id\":\"https:\\\/\\\/meditex.ee\\\/en\\\/#organization\",\"name\":\"Meditex\",\"url\":\"https:\\\/\\\/meditex.ee\\\/en\\\/\",\"logo\":{\"@type\":\"ImageObject\",\"inLanguage\":\"lt-LT\",\"@id\":\"https:\\\/\\\/meditex.ee\\\/en\\\/#\\\/schema\\\/logo\\\/image\\\/\",\"url\":\"https:\\\/\\\/meditex.ee\\\/wp-content\\\/uploads\\\/2018\\\/03\\\/mdtx_logo.png\",\"contentUrl\":\"https:\\\/\\\/meditex.ee\\\/wp-content\\\/uploads\\\/2018\\\/03\\\/mdtx_logo.png\",\"width\":669,\"height\":235,\"caption\":\"Meditex\"},\"image\":{\"@id\":\"https:\\\/\\\/meditex.ee\\\/en\\\/#\\\/schema\\\/logo\\\/image\\\/\"},\"sameAs\":[\"https:\\\/\\\/www.facebook.com\\\/meditexepood\\\/\"]}]}<\/script>\n<!-- \/ Yoast SEO plugin. -->","yoast_head_json":{"title":"Carefix CarePocket\u2122 \u0161lapimo mai\u0161elio laikiklis kojai - meditex.ee","description":"Carefix CarePocket\u2122 \u0161lapimo mai\u0161elio laikiklis kojai si\u016blo paprast\u0105 ir patog\u0173 \u0161lapimo mai\u0161elio tvirtinimo b\u016bd\u0105. Puiki alternatyva kojos dir\u017eeliams.","robots":{"index":"index","follow":"follow","max-snippet":"max-snippet:-1","max-image-preview":"max-image-preview:large","max-video-preview":"max-video-preview:-1"},"canonical":"https:\/\/meditex.ee\/lt\/product\/carepocket-slapimo-maiselio-laikiklis\/","og_locale":"lt_LT","og_type":"article","og_title":"Carefix CarePocket\u2122 \u0161lapimo mai\u0161elio laikiklis kojai - meditex.ee","og_description":"Carefix CarePocket\u2122 \u0161lapimo mai\u0161elio laikiklis kojai si\u016blo paprast\u0105 ir patog\u0173 \u0161lapimo mai\u0161elio tvirtinimo b\u016bd\u0105. Puiki alternatyva kojos dir\u017eeliams.","og_url":"https:\/\/meditex.ee\/lt\/product\/carepocket-slapimo-maiselio-laikiklis\/","og_site_name":"Meditex","article_publisher":"https:\/\/www.facebook.com\/meditexepood\/","article_modified_time":"2026-02-04T14:11:12+00:00","og_image":[{"width":1293,"height":1500,"url":"https:\/\/meditex.ee\/wp-content\/uploads\/2021\/08\/91L9idfOtYL._AC_SL1500_.jpg","type":"image\/jpeg"}],"twitter_card":"summary_large_image","twitter_misc":{"Est. reading time":"2 minut\u0117"},"schema":{"@context":"https:\/\/schema.org","@graph":[{"@type":"WebPage","@id":"https:\/\/meditex.ee\/lt\/product\/carepocket-slapimo-maiselio-laikiklis\/","url":"https:\/\/meditex.ee\/lt\/product\/carepocket-slapimo-maiselio-laikiklis\/","name":"Carefix CarePocket\u2122 \u0161lapimo mai\u0161elio laikiklis kojai - meditex.ee","isPartOf":{"@id":"https:\/\/meditex.ee\/en\/#website"},"primaryImageOfPage":{"@id":"https:\/\/meditex.ee\/lt\/product\/carepocket-slapimo-maiselio-laikiklis\/#primaryimage"},"image":{"@id":"https:\/\/meditex.ee\/lt\/product\/carepocket-slapimo-maiselio-laikiklis\/#primaryimage"},"thumbnailUrl":"https:\/\/meditex.ee\/wp-content\/uploads\/2021\/08\/91L9idfOtYL._AC_SL1500_.jpg","datePublished":"2026-02-04T14:11:10+00:00","dateModified":"2026-02-04T14:11:12+00:00","description":"Carefix CarePocket\u2122 \u0161lapimo mai\u0161elio laikiklis kojai si\u016blo paprast\u0105 ir patog\u0173 \u0161lapimo mai\u0161elio tvirtinimo b\u016bd\u0105. Puiki alternatyva kojos dir\u017eeliams.","breadcrumb":{"@id":"https:\/\/meditex.ee\/lt\/product\/carepocket-slapimo-maiselio-laikiklis\/#breadcrumb"},"inLanguage":"lt-LT","potentialAction":[{"@type":"ReadAction","target":["https:\/\/meditex.ee\/lt\/product\/carepocket-slapimo-maiselio-laikiklis\/"]}]},{"@type":"ImageObject","inLanguage":"lt-LT","@id":"https:\/\/meditex.ee\/lt\/product\/carepocket-slapimo-maiselio-laikiklis\/#primaryimage","url":"https:\/\/meditex.ee\/wp-content\/uploads\/2021\/08\/91L9idfOtYL._AC_SL1500_.jpg","contentUrl":"https:\/\/meditex.ee\/wp-content\/uploads\/2021\/08\/91L9idfOtYL._AC_SL1500_.jpg","width":1293,"height":1500,"caption":"\u0160lapimo mai\u0161elio laikiklis kojai"},{"@type":"BreadcrumbList","@id":"https:\/\/meditex.ee\/lt\/product\/carepocket-slapimo-maiselio-laikiklis\/#breadcrumb","itemListElement":[{"@type":"ListItem","position":1,"name":"Home","item":"https:\/\/meditex.ee\/lt\/"},{"@type":"ListItem","position":2,"name":"Parduotuv\u0117","item":"https:\/\/meditex.ee\/lt\/parduotuve\/"},{"@type":"ListItem","position":3,"name":"CarePocket\u2122 \u0161lapimo mai\u0161elio laikiklis"}]},{"@type":"WebSite","@id":"https:\/\/meditex.ee\/en\/#website","url":"https:\/\/meditex.ee\/en\/","name":"Meditex","description":"","publisher":{"@id":"https:\/\/meditex.ee\/en\/#organization"},"potentialAction":[{"@type":"SearchAction","target":{"@type":"EntryPoint","urlTemplate":"https:\/\/meditex.ee\/en\/?s={search_term_string}"},"query-input":{"@type":"PropertyValueSpecification","valueRequired":true,"valueName":"search_term_string"}}],"inLanguage":"lt-LT"},{"@type":"Organization","@id":"https:\/\/meditex.ee\/en\/#organization","name":"Meditex","url":"https:\/\/meditex.ee\/en\/","logo":{"@type":"ImageObject","inLanguage":"lt-LT","@id":"https:\/\/meditex.ee\/en\/#\/schema\/logo\/image\/","url":"https:\/\/meditex.ee\/wp-content\/uploads\/2018\/03\/mdtx_logo.png","contentUrl":"https:\/\/meditex.ee\/wp-content\/uploads\/2018\/03\/mdtx_logo.png","width":669,"height":235,"caption":"Meditex"},"image":{"@id":"https:\/\/meditex.ee\/en\/#\/schema\/logo\/image\/"},"sameAs":["https:\/\/www.facebook.com\/meditexepood\/"]}]}},"_links":{"self":[{"href":"https:\/\/meditex.ee\/lt\/wp-json\/wp\/v2\/product\/19830","targetHints":{"allow":["GET"]}}],"collection":[{"href":"https:\/\/meditex.ee\/lt\/wp-json\/wp\/v2\/product"}],"about":[{"href":"https:\/\/meditex.ee\/lt\/wp-json\/wp\/v2\/types\/product"}],"wp:featuredmedia":[{"embeddable":true,"href":"https:\/\/meditex.ee\/lt\/wp-json\/wp\/v2\/media\/19834"}],"wp:attachment":[{"href":"https:\/\/meditex.ee\/lt\/wp-json\/wp\/v2\/media?parent=19830"}],"wp:term":[{"taxonomy":"product_brand","embeddable":true,"href":"https:\/\/meditex.ee\/lt\/wp-json\/wp\/v2\/product_brand?post=19830"},{"taxonomy":"product_cat","embeddable":true,"href":"https:\/\/meditex.ee\/lt\/wp-json\/wp\/v2\/product_cat?post=19830"},{"taxonomy":"product_tag","embeddable":true,"href":"https:\/\/meditex.ee\/lt\/wp-json\/wp\/v2\/product_tag?post=19830"}],"curies":[{"name":"wp","href":"https:\/\/api.w.org\/{rel}","templated":true}]}}