{"id":19767,"date":"2026-02-04T14:10:24","date_gmt":"2026-02-04T14:10:24","guid":{"rendered":"https:\/\/meditex.ee\/product\/carefix-bree\/"},"modified":"2026-02-04T14:10:30","modified_gmt":"2026-02-04T14:10:30","slug":"carefix-bree","status":"publish","type":"product","link":"https:\/\/meditex.ee\/lt\/produktas\/carefix-bree\/","title":{"rendered":"Carefix Bree"},"content":{"rendered":"<div class=\"row row-small align-bottom\"  id=\"row-308731665\">\n\n\t<div id=\"col-400418240\" class=\"col medium-4 small-12 large-4\"  >\n\t\t\t\t<div class=\"col-inner text-left\"  >\n\t\t\t\n\t\t\t\n<h3>KOMPRESIJOS LYGIS 2 &#8211; STIPRUS<\/h3>\n\t\t<\/div>\n\t\t\t\t\t<\/div>\n\n\t\n\n\t<div id=\"col-1656749189\" class=\"col medium-4 small-12 large-4\"  >\n\t\t\t\t<div class=\"col-inner\"  >\n\t\t\t\n\t\t\t\n\t\t<\/div>\n\t\t\t\t\t<\/div>\n\n\t\n\n\t<div id=\"col-1762500629\" class=\"col medium-4 small-12 large-4\"  >\n\t\t\t\t<div class=\"col-inner text-right\"  >\n\t\t\t\n\t\t\t\n\t<div class=\"img has-hover x md-x lg-x y md-y lg-y\" id=\"image_559905237\">\n\t\t\t\t\t\t\t\t<div class=\"img-inner dark\" >\n\t\t\t<img decoding=\"async\" width=\"1020\" height=\"315\" src=\"https:\/\/meditex.ee\/wp-content\/uploads\/2018\/03\/CAREFIX_PAYOFF_4F-1400x433.png\" class=\"attachment-large size-large\" alt=\"\" srcset=\"https:\/\/meditex.ee\/wp-content\/uploads\/2018\/03\/CAREFIX_PAYOFF_4F-1400x433.png 1400w, https:\/\/meditex.ee\/wp-content\/uploads\/2018\/03\/CAREFIX_PAYOFF_4F-510x158.png 510w, https:\/\/meditex.ee\/wp-content\/uploads\/2018\/03\/CAREFIX_PAYOFF_4F-800x248.png 800w, https:\/\/meditex.ee\/wp-content\/uploads\/2018\/03\/CAREFIX_PAYOFF_4F-768x238.png 768w, https:\/\/meditex.ee\/wp-content\/uploads\/2018\/03\/CAREFIX_PAYOFF_4F-600x186.png 600w, https:\/\/meditex.ee\/wp-content\/uploads\/2018\/03\/CAREFIX_PAYOFF_4F.png 2038w\" sizes=\"(max-width: 1020px) 100vw, 1020px\" \/>\t\t\t\t\t\t\n\t\t\t\t\t<\/div>\n\t\t\t\t\t\t\t\t\n<style>\n#image_559905237 {\n  width: 50%;\n}\n<\/style>\n\t<\/div>\n\t\n\t\t<\/div>\n\t\t\t\t\t<\/div>\n\n\t\n<\/div>\n<h2 data-fontsize=\"16\" data-lineheight=\"19\">Carefix Bree pooperacin\u0117 liemen\u0117l\u0117<\/h2>\n<p style=\"text-align: left;\" data-fontsize=\"16\" data-lineheight=\"19\"><span style=\"color: #000000;\"><strong>APRA\u0160YMAS:<\/strong> <span style=\"font-weight: 400;\">Bree sukurta specialiai naudoti po operacijos. Dvi eil\u0117s kabliuk\u0173 ir reguliuojami petne\u0161\u0117l\u0117s rei\u0161kia, kad galite pritaikyti liemen\u0117l\u0117s prigludim\u0105 tiksliai taip, kaip norite. I\u0161manus, 4 kryp\u010di\u0173 tamprus audinys suteikia papildomo komforto. Liemen\u0117l\u0117 suprojektuota su integruotomis kompresijos zonomis, kurios u\u017etikrina tinkam\u0105 atram\u0105.   <\/span><\/span><\/p>\n<p data-fontsize=\"16\" data-lineheight=\"19\"><span style=\"font-weight: 400; color: #000000;\">Besi\u016blis dizainas u\u017etikrina, kad \u017eaizdos ir rando sritis neb\u016bt\u0173 spaud\u017eiama. Be to, su Bree norime, kad vartotojai jaust\u0173si d\u0117vintys liemen\u0117l\u0119, kuri yra funkcionali, patogi ir prieinama. <\/span><\/p>\n<p data-fontsize=\"16\" data-lineheight=\"19\"><span style=\"font-weight: 400; color: #000000;\">Mes pritaik\u0117me visas jau min\u0117tas unikalias savybes, kurios randamos tik Tytex auk\u0161t\u0173j\u0173 technologij\u0173 medicininiuose drabu\u017eiuose, taip pat pakeit\u0117me dyd\u017ei\u0173 nustatymo proces\u0105, tod\u0117l Bree atveju jums reikia tik penki\u0173 dyd\u017ei\u0173, kad padengtum\u0117te 65\u2013120 cm apimt\u012f ir AA\u2013E kau\u0161elio dyd\u012f.<\/span><\/p>\n<p style=\"text-align: left;\" data-fontsize=\"16\" data-lineheight=\"19\"><span style=\"color: #000000;\"><strong>AUDINIO SUD\u0116TIS: <\/strong>89% poliamidas, 11% elastanas<\/span><\/p>\n<a href=\"https:\/\/meditex.ee\/lt\/carefix-dydzio-pasirinkimas\/\" class=\"button primary is-underline expand\" >\n\t\t<span>Skaitykite \u010dia, kaip pasirinkti tinkam\u0105 dyd\u012f<\/span>\n\t<\/a>\n\n\t<div class=\"box has-hover   has-hover box-text-bottom\" >\n\n\t\t<div class=\"box-image\" >\n\t\t\t\t\t\t<div class=\"\" >\n\t\t\t\t\t\t\t\t\t\t\t\t\t\t\t<\/div>\n\t\t\t\t\t<\/div>\n\n\t\t<div class=\"box-text text-center\" >\n\t\t\t<div class=\"box-text-inner\">\n\t\t\t\t\n\t<div class=\"img has-hover x md-x lg-x y md-y lg-y\" id=\"image_837504714\">\n\t\t\t\t\t\t\t\t<div class=\"img-inner dark\" >\n\t\t\t<img decoding=\"async\" width=\"1020\" height=\"308\" src=\"https:\/\/meditex.ee\/wp-content\/uploads\/2022\/02\/Size-guide-1400x423.jpg\" class=\"attachment-large size-large\" alt=\"\" srcset=\"https:\/\/meditex.ee\/wp-content\/uploads\/2022\/02\/Size-guide-1400x423.jpg 1400w, https:\/\/meditex.ee\/wp-content\/uploads\/2022\/02\/Size-guide-510x154.jpg 510w, https:\/\/meditex.ee\/wp-content\/uploads\/2022\/02\/Size-guide-800x242.jpg 800w, https:\/\/meditex.ee\/wp-content\/uploads\/2022\/02\/Size-guide-768x232.jpg 768w, https:\/\/meditex.ee\/wp-content\/uploads\/2022\/02\/Size-guide-1536x465.jpg 1536w, https:\/\/meditex.ee\/wp-content\/uploads\/2022\/02\/Size-guide-600x181.jpg 600w, https:\/\/meditex.ee\/wp-content\/uploads\/2022\/02\/Size-guide.jpg 1726w\" sizes=\"(max-width: 1020px) 100vw, 1020px\" \/>\t\t\t\t\t\t\n\t\t\t\t\t<\/div>\n\t\t\t\t\t\t\t\t\n<style>\n#image_837504714 {\n  width: 100%;\n}\n<\/style>\n\t<\/div>\n\t\n<p style=\"text-align: left;\">PASTABA. Nelyginkite Carefix liemen\u0117li\u0173 dyd\u017ei\u0173 su \u012fprast\u0173 liemen\u0117li\u0173 dyd\u017eiais. Kadangi Carefix liemen\u0117li\u0173 tikslas yra suteikti palaikym\u0105 ir kompresij\u0105, jie turi b\u016bti glaud\u017eiai priglundantys ir gali atrodyti ma\u017ei.  <\/p>\n\t\t\t<\/div>\n\t\t<\/div>\n\t<\/div>\n\t\n\t<div class=\"box has-hover   has-hover box-text-bottom\" >\n\n\t\t<div class=\"box-image\" >\n\t\t\t\t\t\t<div class=\"\" >\n\t\t\t\t<img decoding=\"async\" width=\"1197\" height=\"687\" src=\"https:\/\/meditex.ee\/wp-content\/uploads\/2022\/02\/Bree-tugitsoonid.jpg\" class=\"attachment- size-\" alt=\"\" srcset=\"https:\/\/meditex.ee\/wp-content\/uploads\/2022\/02\/Bree-tugitsoonid.jpg 1197w, https:\/\/meditex.ee\/wp-content\/uploads\/2022\/02\/Bree-tugitsoonid-510x293.jpg 510w, https:\/\/meditex.ee\/wp-content\/uploads\/2022\/02\/Bree-tugitsoonid-697x400.jpg 697w, https:\/\/meditex.ee\/wp-content\/uploads\/2022\/02\/Bree-tugitsoonid-768x441.jpg 768w, https:\/\/meditex.ee\/wp-content\/uploads\/2022\/02\/Bree-tugitsoonid-600x344.jpg 600w\" sizes=\"(max-width: 1197px) 100vw, 1197px\" \/>\t\t\t\t\t\t\t\t\t\t\t<\/div>\n\t\t\t\t\t<\/div>\n\n\t\t<div class=\"box-text text-center\" >\n\t\t\t<div class=\"box-text-inner\">\n\t\t\t\t\n<p style=\"text-align: left;\"><span style=\"color: #e14d43;\">KOMPRESIJOS SRITYS, KUR NR. 1 \u017dYMI STIPRIAUSI\u0104 KOMPRESIJ\u0104<\/span><\/p>\n\t\t\t<\/div>\n\t\t<\/div>\n\t<\/div>\n\t\n<p style=\"text-align: left;\"><span style=\"font-weight: 400;\">Mezgimo strukt\u016bra skirtingose kompresijos ir palaikymo zonose visada nustatoma pagal chirurg\u0173 ir slaugytoj\u0173 pageidavimus ir rekomendacijas, taip pat zonos viet\u0105 ir dyd\u012f.<\/span><\/p>\n<p style=\"text-align: left;\"><span style=\"font-weight: 400;\">Vis\u0173 Carefix liemen\u0117li\u0173 skirting\u0173 modeli\u0173 kompresijos ir palaikymo zonos yra i\u0161bandytos su tikrais pacientais. Kiekvienas liemen\u0117l\u0117s modelis testuojamas d\u0117l indikacij\u0173, medicinini\u0173 savybi\u0173 ir patogumo. Apibendrinant, tai rei\u0161kia, kad mezgimo strukt\u016bra, kiekvienos kompresijos ir palaikymo zonos vieta bei dydis kruop\u0161\u010diai parenkami pagal chirurg\u0173, slaugytoj\u0173 ir galutini\u0173 vartotoj\u0173 rekomendacijas ir pageidavimus.  <\/span><\/p>\n<p style=\"text-align: left;\"><span style=\"font-weight: 400;\">Kiekvieno liemen\u0117l\u0117s skirting\u0173 zon\u0173 derinys grind\u017eiamas:<\/span><\/p>\n<ul style=\"text-align: left;\">\n<li><span style=\"font-weight: 400;\">  vartotoj\u0173 testais (bandym\u0173 ir klaid\u0173 metodas).<\/span><\/li>\n<li><span style=\"font-weight: 400;\">  unikaliu ir stipriu bendradarbiavimu su sveikatos prie\u017ei\u016bros darbuotojais, paprastai chirurgais ir slaugytojais.<\/span><\/li>\n<\/ul>\n<p style=\"text-align: left;\"><span style=\"font-weight: 400;\">I\u0161bandyta daug derini\u0173, tod\u0117l liemen\u0117li\u0173 galutinis veikimas yra kruop\u0161\u010diai suderintas ir geriausias savo klas\u0117je rezultatas tiek tinkamumu ir patogumu (vartotojams), tiek klinikiniu ir medicininiu veikimu (profesionalus aspektas).<\/span><\/p>\n<p style=\"text-align: left;\"><span style=\"font-weight: 400;\">Puikus kompresijos ir palaikymo zon\u0173 derinys, kuriame atsi\u017evelgta \u012f medicinos ekspert\u0173 ir vartotoj\u0173 rekomendacijas, daro kiekvien\u0105 liemen\u0117l\u0117s model\u012f unikal\u0173.<\/span><\/p>\n\t<div id=\"gap-1921602618\" class=\"gap-element clearfix\" style=\"display:block; height:auto;\">\n\t\t\n<style>\n#gap-1921602618 {\n  padding-top: 30px;\n}\n<\/style>\n\t<\/div>\n\t\n<p style=\"text-align: left;\">informacija gamintojo svetain\u0117je (angl\u0173 kalba) <a href=\"https:\/\/shorturl.at\/CKMOV\">https:\/\/shorturl.at\/CKMOV<\/a>.<\/p>\n<p>Apie Carefix liemen\u0117li\u0173 savybes skaitykite pla\u010diau \u010dia <a href=\"https:\/\/meditex.ee\/lt\/carefix\/\">https:\/\/meditex.ee\/carefix\/<\/a><\/p>\n","protected":false},"excerpt":{"rendered":"<p style=\"text-align: left;\" data-fontsize=\"16\" data-lineheight=\"19\"><span style=\"font-size: 75%; color: #000000;\">Pooperacin\u0117 liemen\u0117l\u0117.<\/span><\/p>\n","protected":false},"featured_media":19768,"template":"","meta":[],"product_brand":[],"product_cat":[603],"product_tag":[604],"class_list":{"0":"post-19767","1":"product","2":"type-product","3":"status-publish","4":"has-post-thumbnail","6":"product_cat-pooperacines-liemeneles","7":"product_tag-carefix","9":"first","10":"instock","11":"taxable","12":"shipping-taxable","13":"purchasable","14":"product-type-variable"},"yoast_head":"<!-- This site is optimized with the Yoast SEO plugin v27.3 - https:\/\/yoast.com\/product\/yoast-seo-wordpress\/ -->\n<title>Carefix\u00ae Bree pooperacin\u0117 liemen\u0117l\u0117 - Meditex<\/title>\n<meta name=\"description\" content=\"Carefix\u00ae Bree pooperacin\u0117 liemen\u0117l\u0117 yra sukurta specialiai naudoti po operacijos. Naujausias modelis asortimente.\" \/>\n<meta name=\"robots\" content=\"index, follow, max-snippet:-1, max-image-preview:large, max-video-preview:-1\" \/>\n<link rel=\"canonical\" href=\"https:\/\/meditex.ee\/lt\/produktas\/carefix-bree\/\" \/>\n<meta property=\"og:locale\" content=\"lt_LT\" \/>\n<meta property=\"og:type\" content=\"article\" \/>\n<meta property=\"og:title\" content=\"Carefix\u00ae Bree pooperacin\u0117 liemen\u0117l\u0117 - Meditex\" \/>\n<meta property=\"og:description\" content=\"Carefix\u00ae Bree pooperacin\u0117 liemen\u0117l\u0117 yra sukurta specialiai naudoti po operacijos. Naujausias modelis asortimente.\" \/>\n<meta property=\"og:url\" content=\"https:\/\/meditex.ee\/lt\/produktas\/carefix-bree\/\" \/>\n<meta property=\"og:site_name\" content=\"Meditex\" \/>\n<meta property=\"article:publisher\" content=\"https:\/\/www.facebook.com\/meditexepood\/\" \/>\n<meta property=\"article:modified_time\" content=\"2026-02-04T14:10:30+00:00\" \/>\n<meta property=\"og:image\" content=\"https:\/\/meditex.ee\/wp-content\/uploads\/2022\/02\/Bree-1.jpg\" \/>\n\t<meta property=\"og:image:width\" content=\"2542\" \/>\n\t<meta property=\"og:image:height\" content=\"3543\" \/>\n\t<meta property=\"og:image:type\" content=\"image\/jpeg\" \/>\n<meta name=\"twitter:card\" content=\"summary_large_image\" \/>\n<meta name=\"twitter:label1\" content=\"Est. reading time\" \/>\n\t<meta name=\"twitter:data1\" content=\"2 minut\u0117\" \/>\n<script type=\"application\/ld+json\" class=\"yoast-schema-graph\">{\"@context\":\"https:\\\/\\\/schema.org\",\"@graph\":[{\"@type\":\"WebPage\",\"@id\":\"https:\\\/\\\/meditex.ee\\\/lt\\\/produktas\\\/carefix-bree\\\/\",\"url\":\"https:\\\/\\\/meditex.ee\\\/lt\\\/produktas\\\/carefix-bree\\\/\",\"name\":\"Carefix\u00ae Bree pooperacin\u0117 liemen\u0117l\u0117 - Meditex\",\"isPartOf\":{\"@id\":\"https:\\\/\\\/meditex.ee\\\/en\\\/#website\"},\"primaryImageOfPage\":{\"@id\":\"https:\\\/\\\/meditex.ee\\\/lt\\\/produktas\\\/carefix-bree\\\/#primaryimage\"},\"image\":{\"@id\":\"https:\\\/\\\/meditex.ee\\\/lt\\\/produktas\\\/carefix-bree\\\/#primaryimage\"},\"thumbnailUrl\":\"https:\\\/\\\/meditex.ee\\\/wp-content\\\/uploads\\\/2022\\\/02\\\/Bree-1.jpg\",\"datePublished\":\"2026-02-04T14:10:24+00:00\",\"dateModified\":\"2026-02-04T14:10:30+00:00\",\"description\":\"Carefix\u00ae Bree pooperacin\u0117 liemen\u0117l\u0117 yra sukurta specialiai naudoti po operacijos. Naujausias modelis asortimente.\",\"breadcrumb\":{\"@id\":\"https:\\\/\\\/meditex.ee\\\/lt\\\/produktas\\\/carefix-bree\\\/#breadcrumb\"},\"inLanguage\":\"lt-LT\",\"potentialAction\":[{\"@type\":\"ReadAction\",\"target\":[\"https:\\\/\\\/meditex.ee\\\/lt\\\/produktas\\\/carefix-bree\\\/\"]}]},{\"@type\":\"ImageObject\",\"inLanguage\":\"lt-LT\",\"@id\":\"https:\\\/\\\/meditex.ee\\\/lt\\\/produktas\\\/carefix-bree\\\/#primaryimage\",\"url\":\"https:\\\/\\\/meditex.ee\\\/wp-content\\\/uploads\\\/2022\\\/02\\\/Bree-1.jpg\",\"contentUrl\":\"https:\\\/\\\/meditex.ee\\\/wp-content\\\/uploads\\\/2022\\\/02\\\/Bree-1.jpg\",\"width\":2542,\"height\":3543,\"caption\":\"Pooperacin\u0117 liemen\u0117l\u0117\"},{\"@type\":\"BreadcrumbList\",\"@id\":\"https:\\\/\\\/meditex.ee\\\/lt\\\/produktas\\\/carefix-bree\\\/#breadcrumb\",\"itemListElement\":[{\"@type\":\"ListItem\",\"position\":1,\"name\":\"Home\",\"item\":\"https:\\\/\\\/meditex.ee\\\/lt\\\/\"},{\"@type\":\"ListItem\",\"position\":2,\"name\":\"Parduotuv\u0117\",\"item\":\"https:\\\/\\\/meditex.ee\\\/lt\\\/parduotuve\\\/\"},{\"@type\":\"ListItem\",\"position\":3,\"name\":\"Carefix Bree\"}]},{\"@type\":\"WebSite\",\"@id\":\"https:\\\/\\\/meditex.ee\\\/en\\\/#website\",\"url\":\"https:\\\/\\\/meditex.ee\\\/en\\\/\",\"name\":\"Meditex\",\"description\":\"\",\"publisher\":{\"@id\":\"https:\\\/\\\/meditex.ee\\\/en\\\/#organization\"},\"potentialAction\":[{\"@type\":\"SearchAction\",\"target\":{\"@type\":\"EntryPoint\",\"urlTemplate\":\"https:\\\/\\\/meditex.ee\\\/en\\\/?s={search_term_string}\"},\"query-input\":{\"@type\":\"PropertyValueSpecification\",\"valueRequired\":true,\"valueName\":\"search_term_string\"}}],\"inLanguage\":\"lt-LT\"},{\"@type\":\"Organization\",\"@id\":\"https:\\\/\\\/meditex.ee\\\/en\\\/#organization\",\"name\":\"Meditex\",\"url\":\"https:\\\/\\\/meditex.ee\\\/en\\\/\",\"logo\":{\"@type\":\"ImageObject\",\"inLanguage\":\"lt-LT\",\"@id\":\"https:\\\/\\\/meditex.ee\\\/en\\\/#\\\/schema\\\/logo\\\/image\\\/\",\"url\":\"https:\\\/\\\/meditex.ee\\\/wp-content\\\/uploads\\\/2018\\\/03\\\/mdtx_logo.png\",\"contentUrl\":\"https:\\\/\\\/meditex.ee\\\/wp-content\\\/uploads\\\/2018\\\/03\\\/mdtx_logo.png\",\"width\":669,\"height\":235,\"caption\":\"Meditex\"},\"image\":{\"@id\":\"https:\\\/\\\/meditex.ee\\\/en\\\/#\\\/schema\\\/logo\\\/image\\\/\"},\"sameAs\":[\"https:\\\/\\\/www.facebook.com\\\/meditexepood\\\/\"]}]}<\/script>\n<!-- \/ Yoast SEO plugin. -->","yoast_head_json":{"title":"Carefix\u00ae Bree pooperacin\u0117 liemen\u0117l\u0117 - Meditex","description":"Carefix\u00ae Bree pooperacin\u0117 liemen\u0117l\u0117 yra sukurta specialiai naudoti po operacijos. Naujausias modelis asortimente.","robots":{"index":"index","follow":"follow","max-snippet":"max-snippet:-1","max-image-preview":"max-image-preview:large","max-video-preview":"max-video-preview:-1"},"canonical":"https:\/\/meditex.ee\/lt\/produktas\/carefix-bree\/","og_locale":"lt_LT","og_type":"article","og_title":"Carefix\u00ae Bree pooperacin\u0117 liemen\u0117l\u0117 - Meditex","og_description":"Carefix\u00ae Bree pooperacin\u0117 liemen\u0117l\u0117 yra sukurta specialiai naudoti po operacijos. Naujausias modelis asortimente.","og_url":"https:\/\/meditex.ee\/lt\/produktas\/carefix-bree\/","og_site_name":"Meditex","article_publisher":"https:\/\/www.facebook.com\/meditexepood\/","article_modified_time":"2026-02-04T14:10:30+00:00","og_image":[{"width":2542,"height":3543,"url":"https:\/\/meditex.ee\/wp-content\/uploads\/2022\/02\/Bree-1.jpg","type":"image\/jpeg"}],"twitter_card":"summary_large_image","twitter_misc":{"Est. reading time":"2 minut\u0117"},"schema":{"@context":"https:\/\/schema.org","@graph":[{"@type":"WebPage","@id":"https:\/\/meditex.ee\/lt\/produktas\/carefix-bree\/","url":"https:\/\/meditex.ee\/lt\/produktas\/carefix-bree\/","name":"Carefix\u00ae Bree pooperacin\u0117 liemen\u0117l\u0117 - Meditex","isPartOf":{"@id":"https:\/\/meditex.ee\/en\/#website"},"primaryImageOfPage":{"@id":"https:\/\/meditex.ee\/lt\/produktas\/carefix-bree\/#primaryimage"},"image":{"@id":"https:\/\/meditex.ee\/lt\/produktas\/carefix-bree\/#primaryimage"},"thumbnailUrl":"https:\/\/meditex.ee\/wp-content\/uploads\/2022\/02\/Bree-1.jpg","datePublished":"2026-02-04T14:10:24+00:00","dateModified":"2026-02-04T14:10:30+00:00","description":"Carefix\u00ae Bree pooperacin\u0117 liemen\u0117l\u0117 yra sukurta specialiai naudoti po operacijos. Naujausias modelis asortimente.","breadcrumb":{"@id":"https:\/\/meditex.ee\/lt\/produktas\/carefix-bree\/#breadcrumb"},"inLanguage":"lt-LT","potentialAction":[{"@type":"ReadAction","target":["https:\/\/meditex.ee\/lt\/produktas\/carefix-bree\/"]}]},{"@type":"ImageObject","inLanguage":"lt-LT","@id":"https:\/\/meditex.ee\/lt\/produktas\/carefix-bree\/#primaryimage","url":"https:\/\/meditex.ee\/wp-content\/uploads\/2022\/02\/Bree-1.jpg","contentUrl":"https:\/\/meditex.ee\/wp-content\/uploads\/2022\/02\/Bree-1.jpg","width":2542,"height":3543,"caption":"Pooperacin\u0117 liemen\u0117l\u0117"},{"@type":"BreadcrumbList","@id":"https:\/\/meditex.ee\/lt\/produktas\/carefix-bree\/#breadcrumb","itemListElement":[{"@type":"ListItem","position":1,"name":"Home","item":"https:\/\/meditex.ee\/lt\/"},{"@type":"ListItem","position":2,"name":"Parduotuv\u0117","item":"https:\/\/meditex.ee\/lt\/parduotuve\/"},{"@type":"ListItem","position":3,"name":"Carefix Bree"}]},{"@type":"WebSite","@id":"https:\/\/meditex.ee\/en\/#website","url":"https:\/\/meditex.ee\/en\/","name":"Meditex","description":"","publisher":{"@id":"https:\/\/meditex.ee\/en\/#organization"},"potentialAction":[{"@type":"SearchAction","target":{"@type":"EntryPoint","urlTemplate":"https:\/\/meditex.ee\/en\/?s={search_term_string}"},"query-input":{"@type":"PropertyValueSpecification","valueRequired":true,"valueName":"search_term_string"}}],"inLanguage":"lt-LT"},{"@type":"Organization","@id":"https:\/\/meditex.ee\/en\/#organization","name":"Meditex","url":"https:\/\/meditex.ee\/en\/","logo":{"@type":"ImageObject","inLanguage":"lt-LT","@id":"https:\/\/meditex.ee\/en\/#\/schema\/logo\/image\/","url":"https:\/\/meditex.ee\/wp-content\/uploads\/2018\/03\/mdtx_logo.png","contentUrl":"https:\/\/meditex.ee\/wp-content\/uploads\/2018\/03\/mdtx_logo.png","width":669,"height":235,"caption":"Meditex"},"image":{"@id":"https:\/\/meditex.ee\/en\/#\/schema\/logo\/image\/"},"sameAs":["https:\/\/www.facebook.com\/meditexepood\/"]}]}},"_links":{"self":[{"href":"https:\/\/meditex.ee\/lt\/wp-json\/wp\/v2\/product\/19767","targetHints":{"allow":["GET"]}}],"collection":[{"href":"https:\/\/meditex.ee\/lt\/wp-json\/wp\/v2\/product"}],"about":[{"href":"https:\/\/meditex.ee\/lt\/wp-json\/wp\/v2\/types\/product"}],"wp:featuredmedia":[{"embeddable":true,"href":"https:\/\/meditex.ee\/lt\/wp-json\/wp\/v2\/media\/19768"}],"wp:attachment":[{"href":"https:\/\/meditex.ee\/lt\/wp-json\/wp\/v2\/media?parent=19767"}],"wp:term":[{"taxonomy":"product_brand","embeddable":true,"href":"https:\/\/meditex.ee\/lt\/wp-json\/wp\/v2\/product_brand?post=19767"},{"taxonomy":"product_cat","embeddable":true,"href":"https:\/\/meditex.ee\/lt\/wp-json\/wp\/v2\/product_cat?post=19767"},{"taxonomy":"product_tag","embeddable":true,"href":"https:\/\/meditex.ee\/lt\/wp-json\/wp\/v2\/product_tag?post=19767"}],"curies":[{"name":"wp","href":"https:\/\/api.w.org\/{rel}","templated":true}]}}