{"id":19759,"date":"2026-02-04T14:09:52","date_gmt":"2026-02-04T14:09:52","guid":{"rendered":"https:\/\/meditex.ee\/product\/slapimo-nelaikymo-apatiniai-su-integruotu-sugerianciu-iklotu-viva-easy\/"},"modified":"2026-02-04T14:09:54","modified_gmt":"2026-02-04T14:09:54","slug":"slapimo-nelaikymo-apatiniai-su-integruotu-sugerianciu-iklotu-viva-easy","status":"publish","type":"product","link":"https:\/\/meditex.ee\/lt\/produktas\/slapimo-nelaikymo-apatiniai-su-integruotu-sugerianciu-iklotu-viva-easy\/","title":{"rendered":"\u0160lapimo nelaikymo apatiniai su integruotu sugerian\u010diu \u012fklotu VIVA! easy"},"content":{"rendered":"<div class=\"row\"  id=\"row-378372292\">\n\n\t<div id=\"col-1035359774\" class=\"col medium-4 small-12 large-4\"  >\n\t\t\t\t<div class=\"col-inner text-left\"  >\n\t\t\t\n\t\t\t\n\t<div class=\"img has-hover x md-x lg-x y md-y lg-y\" id=\"image_1993959104\">\n\t\t\t\t\t\t\t\t<div class=\"img-inner dark\" >\n\t\t\t<img decoding=\"async\" width=\"140\" height=\"36\" src=\"https:\/\/meditex.ee\/wp-content\/uploads\/2020\/10\/tilk1.png\" class=\"attachment-large size-large\" alt=\"\" \/>\t\t\t\t\t\t\n\t\t\t\t\t<\/div>\n\t\t\t\t\t\t\t\t\n<style>\n#image_1993959104 {\n  width: 40%;\n}\n<\/style>\n\t<\/div>\n\t\n\t\t<\/div>\n\t\t\t\t\t<\/div>\n\n\t\n\n\t<div id=\"col-1535452514\" class=\"col medium-4 small-12 large-4\"  >\n\t\t\t\t<div class=\"col-inner text-center\"  >\n\t\t\t\n\t\t\t\n\t<div class=\"img has-hover x md-x lg-x y md-y lg-y\" id=\"image_1246729228\">\n\t\t\t\t\t\t\t\t<div class=\"img-inner dark\" >\n\t\t\t<img decoding=\"async\" width=\"500\" height=\"500\" src=\"https:\/\/meditex.ee\/wp-content\/uploads\/2020\/10\/naiste.png\" class=\"attachment-large size-large\" alt=\"\" srcset=\"https:\/\/meditex.ee\/wp-content\/uploads\/2020\/10\/naiste.png 500w, https:\/\/meditex.ee\/wp-content\/uploads\/2020\/10\/naiste-100x100.png 100w, https:\/\/meditex.ee\/wp-content\/uploads\/2020\/10\/naiste-400x400.png 400w, https:\/\/meditex.ee\/wp-content\/uploads\/2020\/10\/naiste-280x280.png 280w, https:\/\/meditex.ee\/wp-content\/uploads\/2020\/10\/naiste-300x300.png 300w\" sizes=\"(max-width: 500px) 100vw, 500px\" \/>\t\t\t\t\t\t\n\t\t\t\t\t<\/div>\n\t\t\t\t\t\t\t\t\n<style>\n#image_1246729228 {\n  width: 25%;\n}\n<\/style>\n\t<\/div>\n\t\n\t\t<\/div>\n\t\t\t\t\t<\/div>\n\n\t\n\n\t<div id=\"col-1800730052\" class=\"col medium-4 small-12 large-4\"  >\n\t\t\t\t<div class=\"col-inner text-right\"  >\n\t\t\t\n\t\t\t\n\t<div class=\"img has-hover x md-x lg-x y md-y lg-y\" id=\"image_1033353072\">\n\t\t\t\t\t\t\t\t<div class=\"img-inner dark\" >\n\t\t\t<img decoding=\"async\" width=\"451\" height=\"112\" src=\"https:\/\/meditex.ee\/wp-content\/uploads\/2020\/10\/suprimalogo.png\" class=\"attachment-large size-large\" alt=\"\" \/>\t\t\t\t\t\t\n\t\t\t\t\t<\/div>\n\t\t\t\t\t\t\t\t\n<style>\n#image_1033353072 {\n  width: 60%;\n}\n<\/style>\n\t<\/div>\n\t\n\t\t<\/div>\n\t\t\t\t\t<\/div>\n\n\t\n<\/div>\n<h2><strong>Uriinipidamatuse aluspesu integreeritud imava padjaga VIVA! easy<\/strong><\/h2>\n<p style=\"text-align: left;\"><span style=\"color: #000000;\">Pidamatus on selle all kannatajate jaoks v\u00e4ga ebameeldiv. Hirm meelitada t\u00e4helepanu l\u00f5hna v\u00f5i m\u00e4rgumise t\u00f5ttu viib sageli sotsiaalsetest suhetest taganemisele. <span style=\"font-weight: 400;\">Kui r\u00e4\u00e4kida t\u00fc\u00fcpilistest pidamatuse toodetest, siis nende disain ei ole alati kuigi atraktiivne. Lisaks usaldusv\u00e4\u00e4rsele kaitsele palub suprima VIVA! easy pesu ka maksimaalset diskreetsust.<\/span><\/span><\/p>\n<p style=\"text-align: left;\"><span style=\"font-weight: 400; color: #000000;\">Sellel aluspesul on moodne ja v\u00e4ga naiselik disain. V\u00e4ljast kaunistatud pitsiga, sisemus aga maksimaalselt funktsionaalne. Aluspesul on integreeritud veekindel pol\u00fcuretaanist kaitse.<\/span><\/p>\n<p><span style=\"font-weight: 400; color: #000000;\">VIVA! easy aluspesu sobib suurep\u00e4raselt nii kerge kuni m\u00f5\u00f5duka uriinipidamatuse kui ka tugeva menstruatsiooni korral.<\/span><\/p>\n<p style=\"text-align: left;\"><span style=\"font-weight: 400; color: #000000;\">VIVA! easy aluspesu on saadaval musta v\u00e4rvi. T\u00e4nu oma kaasaegsele ja naiselikule disainile ei erista seda tavalisest aluspesust ja see sobib eriti h\u00e4sti kaasaegsetele naistele, kellele meeldib olla aktiivne.<\/span><\/p>\n<p>&nbsp;<\/p>\n<p style=\"text-align: left;\"><span style=\"color: #000000;\"><strong>Materjal: <\/strong>48% puuvill, 47% modaal, 5% elastaan<\/span><\/p>\n<div><\/div>\n\t<div class=\"img has-hover x md-x lg-x y md-y lg-y\" id=\"image_645478841\">\n\t\t\t\t\t\t\t\t<div class=\"img-inner dark\" >\n\t\t\t<img decoding=\"async\" width=\"1020\" height=\"332\" src=\"https:\/\/meditex.ee\/wp-content\/uploads\/2020\/10\/Suuruste-tabel-1400x456.png\" class=\"attachment-large size-large\" alt=\"\" srcset=\"https:\/\/meditex.ee\/wp-content\/uploads\/2020\/10\/Suuruste-tabel-1400x456.png 1400w, https:\/\/meditex.ee\/wp-content\/uploads\/2020\/10\/Suuruste-tabel-510x166.png 510w, https:\/\/meditex.ee\/wp-content\/uploads\/2020\/10\/Suuruste-tabel-800x261.png 800w, https:\/\/meditex.ee\/wp-content\/uploads\/2020\/10\/Suuruste-tabel-768x250.png 768w, https:\/\/meditex.ee\/wp-content\/uploads\/2020\/10\/Suuruste-tabel-600x195.png 600w, https:\/\/meditex.ee\/wp-content\/uploads\/2020\/10\/Suuruste-tabel.png 1412w\" sizes=\"(max-width: 1020px) 100vw, 1020px\" \/>\t\t\t\t\t\t\n\t\t\t\t\t<\/div>\n\t\t\t\t\t\t\t\t\n<style>\n#image_645478841 {\n  width: 100%;\n}\n<\/style>\n\t<\/div>\n\t\n<div class=\"is-divider divider clearfix\" style=\"max-width:1110px;background-color:rgb(255, 255, 255);\"><\/div>\n<p style=\"text-align: left;\"><strong><span style=\"color: #000000;\">HOOLDUSJUHEND:<\/span><\/strong><\/p>\n\t<div class=\"img has-hover x md-x lg-x y md-y lg-y\" id=\"image_1728903658\">\n\t\t\t\t\t\t\t\t<div class=\"img-inner dark\" >\n\t\t\t<img decoding=\"async\" width=\"1020\" height=\"723\" src=\"https:\/\/meditex.ee\/wp-content\/uploads\/2021\/12\/Pesujuhend-40-1128x800.png\" class=\"attachment-large size-large\" alt=\"\" srcset=\"https:\/\/meditex.ee\/wp-content\/uploads\/2021\/12\/Pesujuhend-40-1128x800.png 1128w, https:\/\/meditex.ee\/wp-content\/uploads\/2021\/12\/Pesujuhend-40-510x362.png 510w, https:\/\/meditex.ee\/wp-content\/uploads\/2021\/12\/Pesujuhend-40-564x400.png 564w, https:\/\/meditex.ee\/wp-content\/uploads\/2021\/12\/Pesujuhend-40-768x545.png 768w, https:\/\/meditex.ee\/wp-content\/uploads\/2021\/12\/Pesujuhend-40-1536x1090.png 1536w, https:\/\/meditex.ee\/wp-content\/uploads\/2021\/12\/Pesujuhend-40-600x426.png 600w, https:\/\/meditex.ee\/wp-content\/uploads\/2021\/12\/Pesujuhend-40.png 1748w\" sizes=\"(max-width: 1020px) 100vw, 1020px\" \/>\t\t\t\t\t\t\n\t\t\t\t\t<\/div>\n\t\t\t\t\t\t\t\t\n<style>\n#image_1728903658 {\n  width: 50%;\n}\n<\/style>\n\t<\/div>\n\t\n<div class=\"is-divider divider clearfix\" style=\"background-color:rgb(255, 255, 255);\"><\/div>\n<p>Info tootja kodulehel <a href=\"https:\/\/bit.ly\/3rKIlkq\">https:\/\/bit.ly\/3rKIlkq<\/a><\/p>\n<p>Suprima kohta loe l\u00e4hemalt <a href=\"https:\/\/meditex.ee\/lt\/suprima\/\">siin<\/a>.<\/p>\n<div class=\"is-divider divider clearfix\" style=\"background-color:rgb(255, 255, 255);\"><\/div>\n<div class=\"row\"  id=\"row-95901678\">\n\n\t<div id=\"col-338651993\" class=\"col small-12 large-12\"  >\n\t\t\t\t<div class=\"col-inner\"  >\n\t\t\t\n\t\t\t\n<div class=\"is-divider divider clearfix\" style=\"max-width:1100px;height:1px;\"><\/div>\n<div class=\"row\"  id=\"row-953712921\">\n\n\t<div id=\"col-1828819886\" class=\"col medium-8 small-12 large-8\"  >\n\t\t\t\t<div class=\"col-inner\"  >\n\t\t\t\n\t\t\t\n<h4 style=\"text-align: left;\">Kod\u0117l naudoti nelaikymo apatinius vietoj vienkartini\u0173 sauskelni\u0173.<\/h4>\n<p style=\"text-align: left;\"><span style=\"font-weight: 400;\">Vienkartin\u0117s kelnait\u0117s yra labai populiarios. <\/span><span style=\"font-weight: 400;\">Ta\u010diau kiekvien\u0105 kart\u0105, kai reikia keisti vienkartines kelnaites, turite nusirengti iki kojini\u0173, kas gali b\u016bti tiek nehigieni\u0161ka, tiek nepatogu. Ypa\u010d vie\u0161ose vietose. <\/span><\/p>\n\t\t<\/div>\n\t\t\t\t\t<\/div>\n\n\t\n\n\t<div id=\"col-1977206241\" class=\"col medium-4 small-12 large-4\"  >\n\t\t\t\t<div class=\"col-inner text-center\"  >\n\t\t\t\n\t\t\t\n\t<div class=\"img has-hover x md-x lg-x y md-y lg-y\" id=\"image_452376306\">\n\t\t\t\t\t\t\t\t<div class=\"img-inner dark\" >\n\t\t\t<img decoding=\"async\" width=\"500\" height=\"500\" src=\"https:\/\/meditex.ee\/wp-content\/uploads\/2021\/02\/disposable-pants.png\" class=\"attachment-large size-large\" alt=\"\" srcset=\"https:\/\/meditex.ee\/wp-content\/uploads\/2021\/02\/disposable-pants.png 500w, https:\/\/meditex.ee\/wp-content\/uploads\/2021\/02\/disposable-pants-100x100.png 100w, https:\/\/meditex.ee\/wp-content\/uploads\/2021\/02\/disposable-pants-400x400.png 400w, https:\/\/meditex.ee\/wp-content\/uploads\/2021\/02\/disposable-pants-280x280.png 280w, https:\/\/meditex.ee\/wp-content\/uploads\/2021\/02\/disposable-pants-300x300.png 300w\" sizes=\"(max-width: 500px) 100vw, 500px\" \/>\t\t\t\t\t\t\n\t\t\t\t\t<\/div>\n\t\t\t\t\t\t\t\t\n<style>\n#image_452376306 {\n  width: 41%;\n}\n<\/style>\n\t<\/div>\n\t\n\t\t<\/div>\n\t\t\t\t\t<\/div>\n\n\t\n<\/div>\n<div class=\"row\"  id=\"row-990967955\">\n\n\t<div id=\"col-925747246\" class=\"col medium-4 small-12 large-4\"  >\n\t\t\t\t<div class=\"col-inner text-center\"  >\n\t\t\t\n\t\t\t\n\t<div class=\"img has-hover x md-x lg-x y md-y lg-y\" id=\"image_2090605639\">\n\t\t\t\t\t\t\t\t<div class=\"img-inner dark\" >\n\t\t\t<img decoding=\"async\" width=\"800\" height=\"400\" src=\"https:\/\/meditex.ee\/wp-content\/uploads\/2021\/02\/suprima-lahendus.png\" class=\"attachment-large size-large\" alt=\"\" srcset=\"https:\/\/meditex.ee\/wp-content\/uploads\/2021\/02\/suprima-lahendus.png 800w, https:\/\/meditex.ee\/wp-content\/uploads\/2021\/02\/suprima-lahendus-510x255.png 510w, https:\/\/meditex.ee\/wp-content\/uploads\/2021\/02\/suprima-lahendus-768x384.png 768w, https:\/\/meditex.ee\/wp-content\/uploads\/2021\/02\/suprima-lahendus-600x300.png 600w\" sizes=\"(max-width: 800px) 100vw, 800px\" \/>\t\t\t\t\t\t\n\t\t\t\t\t<\/div>\n\t\t\t\t\t\t\t\t\n<style>\n#image_2090605639 {\n  width: 81%;\n}\n<\/style>\n\t<\/div>\n\t\n\t\t<\/div>\n\t\t\t\t\t<\/div>\n\n\t\n\n\t<div id=\"col-1270297276\" class=\"col medium-8 small-12 large-8\"  >\n\t\t\t\t<div class=\"col-inner\"  >\n\t\t\t\n\t\t\t\n<p style=\"text-align: left;\"><span style=\"font-weight: 400;\">Sprendimas &#8211; n<\/span><span style=\"font-weight: 400;\">audojant suprima apatinius su vienkartiniais \u012fklotais, kei\u010diate tik \u012fklotus.<\/span><\/p>\n<p style=\"text-align: left;\"><span style=\"font-weight: 400;\">\u012eklotai yra pigesni nei vienkartin\u0117s kelnait\u0117s. \u012eklotai taip pat sukuria ma\u017eiau atliek\u0173 nei vienkartin\u0117s kelnait\u0117s ir galima teigti, kad apatini\u0173 + \u012fkloto kombinacija yra draugi\u0161kesn\u0117 aplinkai.  <\/span><\/p>\n\t\t<\/div>\n\t\t\t\t\t<\/div>\n\n\t\n<\/div>\n<div class=\"row\"  id=\"row-1654215253\">\n\n\t<div id=\"col-1105602171\" class=\"col small-12 large-12\"  >\n\t\t\t\t<div class=\"col-inner\"  >\n\t\t\t\n\t\t\t\n<p style=\"text-align: left;\"><span style=\"font-weight: 400;\">Nelaikymo apatini\u0173 privalumai:<\/span><\/p>\n<p style=\"text-align: left;\"><b>Ekonomi\u0161ki<\/b><span style=\"font-weight: 400;\">. Skalb\u016bs apatiniai tarnaus ilgai, nes juos galima skalbti kelis kartus. Tai daro juos ekonomi\u0161ku ir patvariu sprendimu. Pradin\u0117 pirkimo kaina gali atrodyti brangi, bet ilgalaik\u0117je perspektyvoje skalb\u016bs apatiniai yra pigesni nei vienkartin\u0117 apsauga.  <\/span><\/p>\n<p style=\"text-align: left;\"><b>Diskreti\u0161ki.<\/b><span style=\"font-weight: 400;\"> Skalb\u016bs nelaikymo apatiniai yra plonesni, tai rei\u0161kia, kad jie da\u017enai yra diskretesni ir nepastebimesni. Skalb\u016bs apatiniai neturi masyvaus sauskelni\u0173 i\u0161vaizdos ir yra sukurti atrodyti kaip \u012fprasti apatiniai. <\/span><\/p>\n<p style=\"text-align: left;\"><b>I\u0161vaizda.<\/b><span style=\"font-weight: 400;\"> Skalb\u016bs apatiniai r\u016bbai yra \u012fvairi\u0173 stili\u0173. Tinkamo i\u0161vaizdos modelio ras sau tiek vyrai, tiek moterys. Yra tiek bokseriuk\u0173, tiek \u012fprast\u0173 kelnu\u010di\u0173.  <\/span><\/p>\n\t\t<\/div>\n\t\t\t\t\t<\/div>\n\n\t\n<\/div>\n\t\t<\/div>\n\t\t\t\t\t<\/div>\n\n\t\n<\/div>\n","protected":false},"excerpt":{"rendered":"<p style=\"text-align: left;\"><span style=\"color: #000000; font-size: 75%;\">Moter\u0173 \u0161lapimo nelaikymo apatiniai su integruotu sugerian\u010diu \u012fklotu.<\/span><\/p>\n<p><img decoding=\"async\" class=\"alignnone wp-image-10971 size-full\" src=\"https:\/\/meditex.ee\/wp-content\/uploads\/2020\/10\/tilk1.png\" alt=\"\" width=\"140\" height=\"36\"><\/p>\n","protected":false},"featured_media":19761,"template":"","meta":[],"product_brand":[],"product_cat":[634],"product_tag":[637,635],"class_list":{"0":"post-19759","1":"product","2":"type-product","3":"status-publish","4":"has-post-thumbnail","6":"product_cat-inkontinencijos-apatiniai-drabuziai","7":"product_tag-moteru","8":"product_tag-suprima","10":"first","11":"instock","12":"taxable","13":"shipping-taxable","14":"purchasable","15":"product-type-variable"},"yoast_head":"<!-- This site is optimized with the Yoast SEO plugin v27.3 - https:\/\/yoast.com\/product\/yoast-seo-wordpress\/ -->\n<title>\u0160lapimo nelaikymo apatiniai VIVA! easy - Meditex .ee internetin\u0117 parduotuv\u0117<\/title>\n<meta name=\"description\" content=\"Tinka moterims su lengvu \u0161lapimo nelaikymu. Be patikimos apsaugos, \u0161lapimo nelaikymo apatiniai taip pat u\u017etikrina maksimal\u0173 diskretum\u0105.\" \/>\n<meta name=\"robots\" content=\"index, follow, max-snippet:-1, max-image-preview:large, max-video-preview:-1\" \/>\n<link rel=\"canonical\" href=\"https:\/\/meditex.ee\/lt\/product\/slapimo-nelaikymo-apatiniai-su-integruotu-sugerianciu-iklotu-viva-easy\/\" \/>\n<meta property=\"og:locale\" content=\"lt_LT\" \/>\n<meta property=\"og:type\" content=\"article\" \/>\n<meta property=\"og:title\" content=\"\u0160lapimo nelaikymo apatiniai VIVA! easy - Meditex .ee internetin\u0117 parduotuv\u0117\" \/>\n<meta property=\"og:description\" content=\"Tinka moterims su lengvu \u0161lapimo nelaikymu. Be patikimos apsaugos, \u0161lapimo nelaikymo apatiniai taip pat u\u017etikrina maksimal\u0173 diskretum\u0105.\" \/>\n<meta property=\"og:url\" content=\"https:\/\/meditex.ee\/lt\/product\/slapimo-nelaikymo-apatiniai-su-integruotu-sugerianciu-iklotu-viva-easy\/\" \/>\n<meta property=\"og:site_name\" content=\"Meditex\" \/>\n<meta property=\"article:publisher\" content=\"https:\/\/www.facebook.com\/meditexepood\/\" \/>\n<meta property=\"article:modified_time\" content=\"2026-02-04T14:09:54+00:00\" \/>\n<meta property=\"og:image\" content=\"https:\/\/meditex.ee\/wp-content\/uploads\/2021\/12\/Art_1290_009.jpg\" \/>\n\t<meta property=\"og:image:width\" content=\"1417\" \/>\n\t<meta property=\"og:image:height\" content=\"1063\" \/>\n\t<meta property=\"og:image:type\" content=\"image\/jpeg\" \/>\n<meta name=\"twitter:card\" content=\"summary_large_image\" \/>\n<meta name=\"twitter:label1\" content=\"Est. reading time\" \/>\n\t<meta name=\"twitter:data1\" content=\"2 minut\u0117\" \/>\n<script type=\"application\/ld+json\" class=\"yoast-schema-graph\">{\"@context\":\"https:\\\/\\\/schema.org\",\"@graph\":[{\"@type\":\"WebPage\",\"@id\":\"https:\\\/\\\/meditex.ee\\\/lt\\\/product\\\/slapimo-nelaikymo-apatiniai-su-integruotu-sugerianciu-iklotu-viva-easy\\\/\",\"url\":\"https:\\\/\\\/meditex.ee\\\/lt\\\/product\\\/slapimo-nelaikymo-apatiniai-su-integruotu-sugerianciu-iklotu-viva-easy\\\/\",\"name\":\"\u0160lapimo nelaikymo apatiniai VIVA! easy - Meditex .ee internetin\u0117 parduotuv\u0117\",\"isPartOf\":{\"@id\":\"https:\\\/\\\/meditex.ee\\\/en\\\/#website\"},\"primaryImageOfPage\":{\"@id\":\"https:\\\/\\\/meditex.ee\\\/lt\\\/product\\\/slapimo-nelaikymo-apatiniai-su-integruotu-sugerianciu-iklotu-viva-easy\\\/#primaryimage\"},\"image\":{\"@id\":\"https:\\\/\\\/meditex.ee\\\/lt\\\/product\\\/slapimo-nelaikymo-apatiniai-su-integruotu-sugerianciu-iklotu-viva-easy\\\/#primaryimage\"},\"thumbnailUrl\":\"https:\\\/\\\/meditex.ee\\\/wp-content\\\/uploads\\\/2021\\\/12\\\/Art_1290_009.jpg\",\"datePublished\":\"2026-02-04T14:09:52+00:00\",\"dateModified\":\"2026-02-04T14:09:54+00:00\",\"description\":\"Tinka moterims su lengvu \u0161lapimo nelaikymu. Be patikimos apsaugos, \u0161lapimo nelaikymo apatiniai taip pat u\u017etikrina maksimal\u0173 diskretum\u0105.\",\"breadcrumb\":{\"@id\":\"https:\\\/\\\/meditex.ee\\\/lt\\\/product\\\/slapimo-nelaikymo-apatiniai-su-integruotu-sugerianciu-iklotu-viva-easy\\\/#breadcrumb\"},\"inLanguage\":\"lt-LT\",\"potentialAction\":[{\"@type\":\"ReadAction\",\"target\":[\"https:\\\/\\\/meditex.ee\\\/lt\\\/product\\\/slapimo-nelaikymo-apatiniai-su-integruotu-sugerianciu-iklotu-viva-easy\\\/\"]}]},{\"@type\":\"ImageObject\",\"inLanguage\":\"lt-LT\",\"@id\":\"https:\\\/\\\/meditex.ee\\\/lt\\\/product\\\/slapimo-nelaikymo-apatiniai-su-integruotu-sugerianciu-iklotu-viva-easy\\\/#primaryimage\",\"url\":\"https:\\\/\\\/meditex.ee\\\/wp-content\\\/uploads\\\/2021\\\/12\\\/Art_1290_009.jpg\",\"contentUrl\":\"https:\\\/\\\/meditex.ee\\\/wp-content\\\/uploads\\\/2021\\\/12\\\/Art_1290_009.jpg\",\"width\":1417,\"height\":1063},{\"@type\":\"BreadcrumbList\",\"@id\":\"https:\\\/\\\/meditex.ee\\\/lt\\\/product\\\/slapimo-nelaikymo-apatiniai-su-integruotu-sugerianciu-iklotu-viva-easy\\\/#breadcrumb\",\"itemListElement\":[{\"@type\":\"ListItem\",\"position\":1,\"name\":\"Home\",\"item\":\"https:\\\/\\\/meditex.ee\\\/lt\\\/\"},{\"@type\":\"ListItem\",\"position\":2,\"name\":\"Parduotuv\u0117\",\"item\":\"https:\\\/\\\/meditex.ee\\\/lt\\\/parduotuve\\\/\"},{\"@type\":\"ListItem\",\"position\":3,\"name\":\"\u0160lapimo nelaikymo apatiniai su integruotu sugerian\u010diu \u012fklotu VIVA! easy\"}]},{\"@type\":\"WebSite\",\"@id\":\"https:\\\/\\\/meditex.ee\\\/en\\\/#website\",\"url\":\"https:\\\/\\\/meditex.ee\\\/en\\\/\",\"name\":\"Meditex\",\"description\":\"\",\"publisher\":{\"@id\":\"https:\\\/\\\/meditex.ee\\\/en\\\/#organization\"},\"potentialAction\":[{\"@type\":\"SearchAction\",\"target\":{\"@type\":\"EntryPoint\",\"urlTemplate\":\"https:\\\/\\\/meditex.ee\\\/en\\\/?s={search_term_string}\"},\"query-input\":{\"@type\":\"PropertyValueSpecification\",\"valueRequired\":true,\"valueName\":\"search_term_string\"}}],\"inLanguage\":\"lt-LT\"},{\"@type\":\"Organization\",\"@id\":\"https:\\\/\\\/meditex.ee\\\/en\\\/#organization\",\"name\":\"Meditex\",\"url\":\"https:\\\/\\\/meditex.ee\\\/en\\\/\",\"logo\":{\"@type\":\"ImageObject\",\"inLanguage\":\"lt-LT\",\"@id\":\"https:\\\/\\\/meditex.ee\\\/en\\\/#\\\/schema\\\/logo\\\/image\\\/\",\"url\":\"https:\\\/\\\/meditex.ee\\\/wp-content\\\/uploads\\\/2018\\\/03\\\/mdtx_logo.png\",\"contentUrl\":\"https:\\\/\\\/meditex.ee\\\/wp-content\\\/uploads\\\/2018\\\/03\\\/mdtx_logo.png\",\"width\":669,\"height\":235,\"caption\":\"Meditex\"},\"image\":{\"@id\":\"https:\\\/\\\/meditex.ee\\\/en\\\/#\\\/schema\\\/logo\\\/image\\\/\"},\"sameAs\":[\"https:\\\/\\\/www.facebook.com\\\/meditexepood\\\/\"]}]}<\/script>\n<!-- \/ Yoast SEO plugin. -->","yoast_head_json":{"title":"\u0160lapimo nelaikymo apatiniai VIVA! easy - Meditex .ee internetin\u0117 parduotuv\u0117","description":"Tinka moterims su lengvu \u0161lapimo nelaikymu. Be patikimos apsaugos, \u0161lapimo nelaikymo apatiniai taip pat u\u017etikrina maksimal\u0173 diskretum\u0105.","robots":{"index":"index","follow":"follow","max-snippet":"max-snippet:-1","max-image-preview":"max-image-preview:large","max-video-preview":"max-video-preview:-1"},"canonical":"https:\/\/meditex.ee\/lt\/product\/slapimo-nelaikymo-apatiniai-su-integruotu-sugerianciu-iklotu-viva-easy\/","og_locale":"lt_LT","og_type":"article","og_title":"\u0160lapimo nelaikymo apatiniai VIVA! easy - Meditex .ee internetin\u0117 parduotuv\u0117","og_description":"Tinka moterims su lengvu \u0161lapimo nelaikymu. Be patikimos apsaugos, \u0161lapimo nelaikymo apatiniai taip pat u\u017etikrina maksimal\u0173 diskretum\u0105.","og_url":"https:\/\/meditex.ee\/lt\/product\/slapimo-nelaikymo-apatiniai-su-integruotu-sugerianciu-iklotu-viva-easy\/","og_site_name":"Meditex","article_publisher":"https:\/\/www.facebook.com\/meditexepood\/","article_modified_time":"2026-02-04T14:09:54+00:00","og_image":[{"width":1417,"height":1063,"url":"https:\/\/meditex.ee\/wp-content\/uploads\/2021\/12\/Art_1290_009.jpg","type":"image\/jpeg"}],"twitter_card":"summary_large_image","twitter_misc":{"Est. reading time":"2 minut\u0117"},"schema":{"@context":"https:\/\/schema.org","@graph":[{"@type":"WebPage","@id":"https:\/\/meditex.ee\/lt\/product\/slapimo-nelaikymo-apatiniai-su-integruotu-sugerianciu-iklotu-viva-easy\/","url":"https:\/\/meditex.ee\/lt\/product\/slapimo-nelaikymo-apatiniai-su-integruotu-sugerianciu-iklotu-viva-easy\/","name":"\u0160lapimo nelaikymo apatiniai VIVA! easy - Meditex .ee internetin\u0117 parduotuv\u0117","isPartOf":{"@id":"https:\/\/meditex.ee\/en\/#website"},"primaryImageOfPage":{"@id":"https:\/\/meditex.ee\/lt\/product\/slapimo-nelaikymo-apatiniai-su-integruotu-sugerianciu-iklotu-viva-easy\/#primaryimage"},"image":{"@id":"https:\/\/meditex.ee\/lt\/product\/slapimo-nelaikymo-apatiniai-su-integruotu-sugerianciu-iklotu-viva-easy\/#primaryimage"},"thumbnailUrl":"https:\/\/meditex.ee\/wp-content\/uploads\/2021\/12\/Art_1290_009.jpg","datePublished":"2026-02-04T14:09:52+00:00","dateModified":"2026-02-04T14:09:54+00:00","description":"Tinka moterims su lengvu \u0161lapimo nelaikymu. Be patikimos apsaugos, \u0161lapimo nelaikymo apatiniai taip pat u\u017etikrina maksimal\u0173 diskretum\u0105.","breadcrumb":{"@id":"https:\/\/meditex.ee\/lt\/product\/slapimo-nelaikymo-apatiniai-su-integruotu-sugerianciu-iklotu-viva-easy\/#breadcrumb"},"inLanguage":"lt-LT","potentialAction":[{"@type":"ReadAction","target":["https:\/\/meditex.ee\/lt\/product\/slapimo-nelaikymo-apatiniai-su-integruotu-sugerianciu-iklotu-viva-easy\/"]}]},{"@type":"ImageObject","inLanguage":"lt-LT","@id":"https:\/\/meditex.ee\/lt\/product\/slapimo-nelaikymo-apatiniai-su-integruotu-sugerianciu-iklotu-viva-easy\/#primaryimage","url":"https:\/\/meditex.ee\/wp-content\/uploads\/2021\/12\/Art_1290_009.jpg","contentUrl":"https:\/\/meditex.ee\/wp-content\/uploads\/2021\/12\/Art_1290_009.jpg","width":1417,"height":1063},{"@type":"BreadcrumbList","@id":"https:\/\/meditex.ee\/lt\/product\/slapimo-nelaikymo-apatiniai-su-integruotu-sugerianciu-iklotu-viva-easy\/#breadcrumb","itemListElement":[{"@type":"ListItem","position":1,"name":"Home","item":"https:\/\/meditex.ee\/lt\/"},{"@type":"ListItem","position":2,"name":"Parduotuv\u0117","item":"https:\/\/meditex.ee\/lt\/parduotuve\/"},{"@type":"ListItem","position":3,"name":"\u0160lapimo nelaikymo apatiniai su integruotu sugerian\u010diu \u012fklotu VIVA! easy"}]},{"@type":"WebSite","@id":"https:\/\/meditex.ee\/en\/#website","url":"https:\/\/meditex.ee\/en\/","name":"Meditex","description":"","publisher":{"@id":"https:\/\/meditex.ee\/en\/#organization"},"potentialAction":[{"@type":"SearchAction","target":{"@type":"EntryPoint","urlTemplate":"https:\/\/meditex.ee\/en\/?s={search_term_string}"},"query-input":{"@type":"PropertyValueSpecification","valueRequired":true,"valueName":"search_term_string"}}],"inLanguage":"lt-LT"},{"@type":"Organization","@id":"https:\/\/meditex.ee\/en\/#organization","name":"Meditex","url":"https:\/\/meditex.ee\/en\/","logo":{"@type":"ImageObject","inLanguage":"lt-LT","@id":"https:\/\/meditex.ee\/en\/#\/schema\/logo\/image\/","url":"https:\/\/meditex.ee\/wp-content\/uploads\/2018\/03\/mdtx_logo.png","contentUrl":"https:\/\/meditex.ee\/wp-content\/uploads\/2018\/03\/mdtx_logo.png","width":669,"height":235,"caption":"Meditex"},"image":{"@id":"https:\/\/meditex.ee\/en\/#\/schema\/logo\/image\/"},"sameAs":["https:\/\/www.facebook.com\/meditexepood\/"]}]}},"_links":{"self":[{"href":"https:\/\/meditex.ee\/lt\/wp-json\/wp\/v2\/product\/19759","targetHints":{"allow":["GET"]}}],"collection":[{"href":"https:\/\/meditex.ee\/lt\/wp-json\/wp\/v2\/product"}],"about":[{"href":"https:\/\/meditex.ee\/lt\/wp-json\/wp\/v2\/types\/product"}],"wp:featuredmedia":[{"embeddable":true,"href":"https:\/\/meditex.ee\/lt\/wp-json\/wp\/v2\/media\/19761"}],"wp:attachment":[{"href":"https:\/\/meditex.ee\/lt\/wp-json\/wp\/v2\/media?parent=19759"}],"wp:term":[{"taxonomy":"product_brand","embeddable":true,"href":"https:\/\/meditex.ee\/lt\/wp-json\/wp\/v2\/product_brand?post=19759"},{"taxonomy":"product_cat","embeddable":true,"href":"https:\/\/meditex.ee\/lt\/wp-json\/wp\/v2\/product_cat?post=19759"},{"taxonomy":"product_tag","embeddable":true,"href":"https:\/\/meditex.ee\/lt\/wp-json\/wp\/v2\/product_tag?post=19759"}],"curies":[{"name":"wp","href":"https:\/\/api.w.org\/{rel}","templated":true}]}}