{"id":19664,"date":"2026-02-04T14:07:21","date_gmt":"2026-02-04T14:07:21","guid":{"rendered":"https:\/\/meditex.ee\/product\/nordicare-mirabelle\/"},"modified":"2026-02-04T14:07:30","modified_gmt":"2026-02-04T14:07:30","slug":"nordicare-mirabelle","status":"publish","type":"product","link":"https:\/\/meditex.ee\/lt\/produktas\/nordicare-mirabelle\/","title":{"rendered":"NordiCare Mirabelle"},"content":{"rendered":"<div class=\"row\"  id=\"row-1576063535\">\n\n\t<div id=\"col-586705099\" class=\"col medium-4 small-12 large-4\"  >\n\t\t\t\t<div class=\"col-inner\"  >\n\t\t\t\n\t\t\t\n\t\t<\/div>\n\t\t\t\t\t<\/div>\n\n\t\n\n\t<div id=\"col-1255385424\" class=\"col medium-4 small-12 large-4\"  >\n\t\t\t\t<div class=\"col-inner\"  >\n\t\t\t\n\t\t\t\n\t\t<\/div>\n\t\t\t\t\t<\/div>\n\n\t\n\n\t<div id=\"col-858985957\" class=\"col medium-4 small-12 large-4\"  >\n\t\t\t\t<div class=\"col-inner text-right\"  >\n\t\t\t\n\t\t\t\n\t<div class=\"img has-hover x md-x lg-x y md-y lg-y\" id=\"image_1977936667\">\n\t\t\t\t\t\t\t\t<div class=\"img-inner dark\" >\n\t\t\t<img decoding=\"async\" width=\"488\" height=\"154\" src=\"https:\/\/meditex.ee\/wp-content\/uploads\/2020\/03\/nordicare_logo.png\" class=\"attachment-large size-large\" alt=\"\" \/>\t\t\t\t\t\t\n\t\t\t\t\t<\/div>\n\t\t\t\t\t\t\t\t\n<style>\n#image_1977936667 {\n  width: 55%;\n}\n<\/style>\n\t<\/div>\n\t\n\t\t<\/div>\n\t\t\t\t\t<\/div>\n\n\t\n<\/div>\n<p style=\"text-align: left;\">Stabiilne \u00f5mblusteta operatsioonij\u00e4rgne rinnahoidja superpehmest materjalist. Integreeritud kompressioon erinevates tsoonides. M\u00f5eldud kasutamiseks taastusravis p\u00e4rast rinnaoperatsiooni ja\/v\u00f5i kiiritusravi kui soovitakse kompressiooni ja leevendust, et saavutada hea paranemisprotsess ja v\u00e4hendada seroomi ja dehistsentsi riski.<\/p>\n<p style=\"text-align: left;\">Lai k\u00fclgosa ja toetav disain tagavad hea istuvuse ja toe. Integreeritud kompressioon erinevates tsoonides aitab kaasa t\u00f5husale paranemisprotsessile p\u00e4rast operatsiooni. Rinnahoidja on t\u00e4iesti \u00f5mblusteta, ka rinnajoone all, mis teeb toote kandmise mugavaks ja nahale meeldivaks. Sisaldab taskuid rinnavormide, t\u00e4itepatjade v\u00f5i proteeside paigaldamiseks.<\/p>\n<p>Vastab 1. kompresioonitasemele.<\/p>\n<p style=\"text-align: left;\"><strong>Hooldamine:<\/strong> Masinpesu 60\u00b0C juures. Optimaalse v\u00e4rvikindluse tagamiseks on soovitatav pesta 40\u00b0C juures. V\u00f5ib trummelkuivata madalal temperatuuril. \u00c4rge kasutage valgendit, kloori ega kangapehmendajat. Mitte triikida. Soovitatav on kasutada pesukotti.<\/p>\n<p style=\"text-align: left;\"><span style=\"color: #000000;\"><strong>V\u00e4rvus:<\/strong> must, valge.<\/span><\/p>\n<p style=\"text-align: left;\"><span style=\"color: #000000;\"><strong>Suurused:<\/strong> must S-2XL, valge S-4XL<\/span><\/p>\n<p style=\"text-align: left;\"><span style=\"color: #000000;\">Suuruste tabel, kus Cup Size = korvi suurus<\/span><\/p>\n\t<div class=\"img has-hover x md-x lg-x y md-y lg-y\" id=\"image_2057730942\">\n\t\t\t\t\t\t\t\t<div class=\"img-inner dark\" >\n\t\t\t<img decoding=\"async\" width=\"442\" height=\"193\" src=\"https:\/\/meditex.ee\/wp-content\/uploads\/2024\/02\/storlekar_mirabelle.webp\" class=\"attachment-large size-large\" alt=\"\" \/>\t\t\t\t\t\t\n\t\t\t\t\t<\/div>\n\t\t\t\t\t\t\t\t\n<style>\n#image_2057730942 {\n  width: 50%;\n}\n<\/style>\n\t<\/div>\n\t\n\t<div id=\"gap-216570395\" class=\"gap-element clearfix\" style=\"display:block; height:auto;\">\n\t\t\n<style>\n#gap-216570395 {\n  padding-top: 30px;\n}\n<\/style>\n\t<\/div>\n\t\n<div class=\"row\"  id=\"row-1722860878\">\n\n\t<div id=\"col-542976321\" class=\"col small-12 large-12\"  >\n\t\t\t\t<div class=\"col-inner\"  >\n\t\t\t\n\t\t\t\n<div class=\"video video-fit mb\" style=\"padding-top:56.25%;\"><p><iframe title=\"Nordicare Mirabelle Bra, instruction\" src=\"https:\/\/player.vimeo.com\/video\/336768811?dnt=1&amp;app_id=122963\" width=\"1020\" height=\"574\" frameborder=\"0\" allow=\"autoplay; fullscreen; picture-in-picture; clipboard-write; encrypted-media; web-share\" referrerpolicy=\"strict-origin-when-cross-origin\"><\/iframe><\/p>\n<\/div>\n\t<div id=\"gap-1912748536\" class=\"gap-element clearfix\" style=\"display:block; height:auto;\">\n\t\t\n<style>\n#gap-1912748536 {\n  padding-top: 30px;\n}\n<\/style>\n\t<\/div>\n\t\n<p class=\"Standard\" style=\"text-align: left;\"><strong><span style=\"font-size: 11pt; color: #000000;\">Proteziniai liemen\u0117liai su vieta protezui<\/span><\/strong><\/p>\n<p class=\"Standard\" style=\"text-align: left;\"><span style=\"font-size: 11pt; color: #000000;\">M\u016bs\u0173 tikslas \u2013 kurti apatin\u012f trikota\u017e\u0105, kuris idealiai tinka jo naudotojui. Turime ilgalaik\u0119 patirt\u012f kuriant produktus moterims, kurios per\u0117jo \u012fvairi\u0173 tip\u0173 kr\u016bties operacijas, pavyzd\u017eiui, mastektomij\u0105, kr\u016bt\u0173 ma\u017einim\u0105, kr\u016bt\u0173 rekonstrukcij\u0105 ir kr\u016bt\u0173 didinim\u0105. Su kruop\u0161\u010diai apgalvotu dizainu ir specialiai parinktomis med\u017eiagomis, u\u017etikrinan\u010diomis maksimal\u0173 komfort\u0105, suk\u016br\u0117me apatin\u012f trikota\u017e\u0105, kur\u012f mielai d\u0117v\u0117site.  <\/span><\/p>\n<p class=\"Standard\" style=\"text-align: left;\"><span style=\"font-size: 11pt; color: #000000;\">Suprantame, kaip svarbu moterims po kr\u016bties operacijos rasti liemen\u0117l\u0119, kuri gerai tinka, suteikia daug paramos ir yra patogus d\u0117v\u0117ti. Tod\u0117l did\u017eiuojam\u0117s si\u016blydamos \u0161iuos stilingus ir patogius apatinius drabu\u017eius toms, kurios naudoja kr\u016bties protezus \u2013 ar net toms, kurios tiesiog nori juos d\u0117v\u0117ti po savo drabu\u017eiais. <\/span><\/p>\n\t\t<\/div>\n\t\t\t\t\t<\/div>\n\n\t\n<\/div>\n","protected":false},"excerpt":{"rendered":"<p style=\"text-align: left;\"><span style=\"font-size: 75%;\">Pooperacinis liemen\u0117l\u0117, skirtas naudoti po \u012fvairi\u0173 tip\u0173 kr\u016bties operacij\u0173.<\/span><\/p>\n","protected":false},"featured_media":19674,"template":"","meta":[],"product_brand":[],"product_cat":[603],"product_tag":[626],"class_list":{"0":"post-19664","1":"product","2":"type-product","3":"status-publish","4":"has-post-thumbnail","6":"product_cat-pooperacines-liemeneles","7":"product_tag-nordicare","9":"first","10":"instock","11":"taxable","12":"shipping-taxable","13":"purchasable","14":"product-type-variable"},"yoast_head":"<!-- This site is optimized with the Yoast SEO plugin v27.3 - https:\/\/yoast.com\/product\/yoast-seo-wordpress\/ -->\n<title>Pooperacinis liemen\u0117l\u0117 NordiCare Mirabelle - Meditex .ee<\/title>\n<meta name=\"description\" content=\"Stabilus be si\u016bli\u0173 pooperacinis liemen\u0117l\u0117 i\u0161 ypa\u010d mink\u0161tos med\u017eiagos. Skirtas naudoti reabilitacijos metu po kr\u016bties operacijos.\" \/>\n<meta name=\"robots\" content=\"index, follow, max-snippet:-1, max-image-preview:large, max-video-preview:-1\" \/>\n<link rel=\"canonical\" href=\"https:\/\/meditex.ee\/lt\/produktas\/nordicare-mirabelle\/\" \/>\n<meta property=\"og:locale\" content=\"lt_LT\" \/>\n<meta property=\"og:type\" content=\"article\" \/>\n<meta property=\"og:title\" content=\"Pooperacinis liemen\u0117l\u0117 NordiCare Mirabelle - Meditex .ee\" \/>\n<meta property=\"og:description\" content=\"Stabilus be si\u016bli\u0173 pooperacinis liemen\u0117l\u0117 i\u0161 ypa\u010d mink\u0161tos med\u017eiagos. Skirtas naudoti reabilitacijos metu po kr\u016bties operacijos.\" \/>\n<meta property=\"og:url\" content=\"https:\/\/meditex.ee\/lt\/produktas\/nordicare-mirabelle\/\" \/>\n<meta property=\"og:site_name\" content=\"Meditex\" \/>\n<meta property=\"article:publisher\" content=\"https:\/\/www.facebook.com\/meditexepood\/\" \/>\n<meta property=\"article:modified_time\" content=\"2026-02-04T14:07:30+00:00\" \/>\n<meta property=\"og:image\" content=\"https:\/\/meditex.ee\/wp-content\/uploads\/2024\/02\/mirabelle_front_black.webp\" \/>\n\t<meta property=\"og:image:width\" content=\"500\" \/>\n\t<meta property=\"og:image:height\" content=\"500\" \/>\n\t<meta property=\"og:image:type\" content=\"image\/webp\" \/>\n<meta name=\"twitter:card\" content=\"summary_large_image\" \/>\n<meta name=\"twitter:label1\" content=\"Est. reading time\" \/>\n\t<meta name=\"twitter:data1\" content=\"2 minut\u0117\" \/>\n<script type=\"application\/ld+json\" class=\"yoast-schema-graph\">{\"@context\":\"https:\\\/\\\/schema.org\",\"@graph\":[{\"@type\":\"WebPage\",\"@id\":\"https:\\\/\\\/meditex.ee\\\/lt\\\/produktas\\\/nordicare-mirabelle\\\/\",\"url\":\"https:\\\/\\\/meditex.ee\\\/lt\\\/produktas\\\/nordicare-mirabelle\\\/\",\"name\":\"Pooperacinis liemen\u0117l\u0117 NordiCare Mirabelle - Meditex .ee\",\"isPartOf\":{\"@id\":\"https:\\\/\\\/meditex.ee\\\/en\\\/#website\"},\"primaryImageOfPage\":{\"@id\":\"https:\\\/\\\/meditex.ee\\\/lt\\\/produktas\\\/nordicare-mirabelle\\\/#primaryimage\"},\"image\":{\"@id\":\"https:\\\/\\\/meditex.ee\\\/lt\\\/produktas\\\/nordicare-mirabelle\\\/#primaryimage\"},\"thumbnailUrl\":\"https:\\\/\\\/meditex.ee\\\/wp-content\\\/uploads\\\/2024\\\/02\\\/mirabelle_front_black.webp\",\"datePublished\":\"2026-02-04T14:07:21+00:00\",\"dateModified\":\"2026-02-04T14:07:30+00:00\",\"description\":\"Stabilus be si\u016bli\u0173 pooperacinis liemen\u0117l\u0117 i\u0161 ypa\u010d mink\u0161tos med\u017eiagos. Skirtas naudoti reabilitacijos metu po kr\u016bties operacijos.\",\"breadcrumb\":{\"@id\":\"https:\\\/\\\/meditex.ee\\\/lt\\\/produktas\\\/nordicare-mirabelle\\\/#breadcrumb\"},\"inLanguage\":\"lt-LT\",\"potentialAction\":[{\"@type\":\"ReadAction\",\"target\":[\"https:\\\/\\\/meditex.ee\\\/lt\\\/produktas\\\/nordicare-mirabelle\\\/\"]}]},{\"@type\":\"ImageObject\",\"inLanguage\":\"lt-LT\",\"@id\":\"https:\\\/\\\/meditex.ee\\\/lt\\\/produktas\\\/nordicare-mirabelle\\\/#primaryimage\",\"url\":\"https:\\\/\\\/meditex.ee\\\/wp-content\\\/uploads\\\/2024\\\/02\\\/mirabelle_front_black.webp\",\"contentUrl\":\"https:\\\/\\\/meditex.ee\\\/wp-content\\\/uploads\\\/2024\\\/02\\\/mirabelle_front_black.webp\",\"width\":500,\"height\":500,\"caption\":\"pooperacinis liemen\u0117l\u0117\"},{\"@type\":\"BreadcrumbList\",\"@id\":\"https:\\\/\\\/meditex.ee\\\/lt\\\/produktas\\\/nordicare-mirabelle\\\/#breadcrumb\",\"itemListElement\":[{\"@type\":\"ListItem\",\"position\":1,\"name\":\"Home\",\"item\":\"https:\\\/\\\/meditex.ee\\\/lt\\\/\"},{\"@type\":\"ListItem\",\"position\":2,\"name\":\"Parduotuv\u0117\",\"item\":\"https:\\\/\\\/meditex.ee\\\/lt\\\/parduotuve\\\/\"},{\"@type\":\"ListItem\",\"position\":3,\"name\":\"NordiCare Mirabelle\"}]},{\"@type\":\"WebSite\",\"@id\":\"https:\\\/\\\/meditex.ee\\\/en\\\/#website\",\"url\":\"https:\\\/\\\/meditex.ee\\\/en\\\/\",\"name\":\"Meditex\",\"description\":\"\",\"publisher\":{\"@id\":\"https:\\\/\\\/meditex.ee\\\/en\\\/#organization\"},\"potentialAction\":[{\"@type\":\"SearchAction\",\"target\":{\"@type\":\"EntryPoint\",\"urlTemplate\":\"https:\\\/\\\/meditex.ee\\\/en\\\/?s={search_term_string}\"},\"query-input\":{\"@type\":\"PropertyValueSpecification\",\"valueRequired\":true,\"valueName\":\"search_term_string\"}}],\"inLanguage\":\"lt-LT\"},{\"@type\":\"Organization\",\"@id\":\"https:\\\/\\\/meditex.ee\\\/en\\\/#organization\",\"name\":\"Meditex\",\"url\":\"https:\\\/\\\/meditex.ee\\\/en\\\/\",\"logo\":{\"@type\":\"ImageObject\",\"inLanguage\":\"lt-LT\",\"@id\":\"https:\\\/\\\/meditex.ee\\\/en\\\/#\\\/schema\\\/logo\\\/image\\\/\",\"url\":\"https:\\\/\\\/meditex.ee\\\/wp-content\\\/uploads\\\/2018\\\/03\\\/mdtx_logo.png\",\"contentUrl\":\"https:\\\/\\\/meditex.ee\\\/wp-content\\\/uploads\\\/2018\\\/03\\\/mdtx_logo.png\",\"width\":669,\"height\":235,\"caption\":\"Meditex\"},\"image\":{\"@id\":\"https:\\\/\\\/meditex.ee\\\/en\\\/#\\\/schema\\\/logo\\\/image\\\/\"},\"sameAs\":[\"https:\\\/\\\/www.facebook.com\\\/meditexepood\\\/\"]}]}<\/script>\n<!-- \/ Yoast SEO plugin. -->","yoast_head_json":{"title":"Pooperacinis liemen\u0117l\u0117 NordiCare Mirabelle - Meditex .ee","description":"Stabilus be si\u016bli\u0173 pooperacinis liemen\u0117l\u0117 i\u0161 ypa\u010d mink\u0161tos med\u017eiagos. Skirtas naudoti reabilitacijos metu po kr\u016bties operacijos.","robots":{"index":"index","follow":"follow","max-snippet":"max-snippet:-1","max-image-preview":"max-image-preview:large","max-video-preview":"max-video-preview:-1"},"canonical":"https:\/\/meditex.ee\/lt\/produktas\/nordicare-mirabelle\/","og_locale":"lt_LT","og_type":"article","og_title":"Pooperacinis liemen\u0117l\u0117 NordiCare Mirabelle - Meditex .ee","og_description":"Stabilus be si\u016bli\u0173 pooperacinis liemen\u0117l\u0117 i\u0161 ypa\u010d mink\u0161tos med\u017eiagos. Skirtas naudoti reabilitacijos metu po kr\u016bties operacijos.","og_url":"https:\/\/meditex.ee\/lt\/produktas\/nordicare-mirabelle\/","og_site_name":"Meditex","article_publisher":"https:\/\/www.facebook.com\/meditexepood\/","article_modified_time":"2026-02-04T14:07:30+00:00","og_image":[{"width":500,"height":500,"url":"https:\/\/meditex.ee\/wp-content\/uploads\/2024\/02\/mirabelle_front_black.webp","type":"image\/webp"}],"twitter_card":"summary_large_image","twitter_misc":{"Est. reading time":"2 minut\u0117"},"schema":{"@context":"https:\/\/schema.org","@graph":[{"@type":"WebPage","@id":"https:\/\/meditex.ee\/lt\/produktas\/nordicare-mirabelle\/","url":"https:\/\/meditex.ee\/lt\/produktas\/nordicare-mirabelle\/","name":"Pooperacinis liemen\u0117l\u0117 NordiCare Mirabelle - Meditex .ee","isPartOf":{"@id":"https:\/\/meditex.ee\/en\/#website"},"primaryImageOfPage":{"@id":"https:\/\/meditex.ee\/lt\/produktas\/nordicare-mirabelle\/#primaryimage"},"image":{"@id":"https:\/\/meditex.ee\/lt\/produktas\/nordicare-mirabelle\/#primaryimage"},"thumbnailUrl":"https:\/\/meditex.ee\/wp-content\/uploads\/2024\/02\/mirabelle_front_black.webp","datePublished":"2026-02-04T14:07:21+00:00","dateModified":"2026-02-04T14:07:30+00:00","description":"Stabilus be si\u016bli\u0173 pooperacinis liemen\u0117l\u0117 i\u0161 ypa\u010d mink\u0161tos med\u017eiagos. Skirtas naudoti reabilitacijos metu po kr\u016bties operacijos.","breadcrumb":{"@id":"https:\/\/meditex.ee\/lt\/produktas\/nordicare-mirabelle\/#breadcrumb"},"inLanguage":"lt-LT","potentialAction":[{"@type":"ReadAction","target":["https:\/\/meditex.ee\/lt\/produktas\/nordicare-mirabelle\/"]}]},{"@type":"ImageObject","inLanguage":"lt-LT","@id":"https:\/\/meditex.ee\/lt\/produktas\/nordicare-mirabelle\/#primaryimage","url":"https:\/\/meditex.ee\/wp-content\/uploads\/2024\/02\/mirabelle_front_black.webp","contentUrl":"https:\/\/meditex.ee\/wp-content\/uploads\/2024\/02\/mirabelle_front_black.webp","width":500,"height":500,"caption":"pooperacinis liemen\u0117l\u0117"},{"@type":"BreadcrumbList","@id":"https:\/\/meditex.ee\/lt\/produktas\/nordicare-mirabelle\/#breadcrumb","itemListElement":[{"@type":"ListItem","position":1,"name":"Home","item":"https:\/\/meditex.ee\/lt\/"},{"@type":"ListItem","position":2,"name":"Parduotuv\u0117","item":"https:\/\/meditex.ee\/lt\/parduotuve\/"},{"@type":"ListItem","position":3,"name":"NordiCare Mirabelle"}]},{"@type":"WebSite","@id":"https:\/\/meditex.ee\/en\/#website","url":"https:\/\/meditex.ee\/en\/","name":"Meditex","description":"","publisher":{"@id":"https:\/\/meditex.ee\/en\/#organization"},"potentialAction":[{"@type":"SearchAction","target":{"@type":"EntryPoint","urlTemplate":"https:\/\/meditex.ee\/en\/?s={search_term_string}"},"query-input":{"@type":"PropertyValueSpecification","valueRequired":true,"valueName":"search_term_string"}}],"inLanguage":"lt-LT"},{"@type":"Organization","@id":"https:\/\/meditex.ee\/en\/#organization","name":"Meditex","url":"https:\/\/meditex.ee\/en\/","logo":{"@type":"ImageObject","inLanguage":"lt-LT","@id":"https:\/\/meditex.ee\/en\/#\/schema\/logo\/image\/","url":"https:\/\/meditex.ee\/wp-content\/uploads\/2018\/03\/mdtx_logo.png","contentUrl":"https:\/\/meditex.ee\/wp-content\/uploads\/2018\/03\/mdtx_logo.png","width":669,"height":235,"caption":"Meditex"},"image":{"@id":"https:\/\/meditex.ee\/en\/#\/schema\/logo\/image\/"},"sameAs":["https:\/\/www.facebook.com\/meditexepood\/"]}]}},"_links":{"self":[{"href":"https:\/\/meditex.ee\/lt\/wp-json\/wp\/v2\/product\/19664","targetHints":{"allow":["GET"]}}],"collection":[{"href":"https:\/\/meditex.ee\/lt\/wp-json\/wp\/v2\/product"}],"about":[{"href":"https:\/\/meditex.ee\/lt\/wp-json\/wp\/v2\/types\/product"}],"wp:featuredmedia":[{"embeddable":true,"href":"https:\/\/meditex.ee\/lt\/wp-json\/wp\/v2\/media\/19674"}],"wp:attachment":[{"href":"https:\/\/meditex.ee\/lt\/wp-json\/wp\/v2\/media?parent=19664"}],"wp:term":[{"taxonomy":"product_brand","embeddable":true,"href":"https:\/\/meditex.ee\/lt\/wp-json\/wp\/v2\/product_brand?post=19664"},{"taxonomy":"product_cat","embeddable":true,"href":"https:\/\/meditex.ee\/lt\/wp-json\/wp\/v2\/product_cat?post=19664"},{"taxonomy":"product_tag","embeddable":true,"href":"https:\/\/meditex.ee\/lt\/wp-json\/wp\/v2\/product_tag?post=19664"}],"curies":[{"name":"wp","href":"https:\/\/api.w.org\/{rel}","templated":true}]}}