{"id":19554,"date":"2026-02-04T14:06:25","date_gmt":"2026-02-04T14:06:25","guid":{"rendered":"https:\/\/meditex.ee\/product\/nestumo-palaikymo-dirzas\/"},"modified":"2026-02-04T14:06:30","modified_gmt":"2026-02-04T14:06:30","slug":"nestumo-palaikymo-dirzas","status":"publish","type":"product","link":"https:\/\/meditex.ee\/lt\/produktas\/nestumo-palaikymo-dirzas\/","title":{"rendered":"N\u0117\u0161tumo palaikymo dir\u017eas"},"content":{"rendered":"<div class=\"row row-small align-bottom\"  id=\"row-78784243\">\n\n\t<div id=\"col-1258509136\" class=\"col medium-4 small-12 large-4\"  >\n\t\t\t\t<div class=\"col-inner text-left\"  >\n\t\t\t\n\t\t\t\n\t\t<\/div>\n\t\t\t\t\t<\/div>\n\n\t\n\n\t<div id=\"col-137647947\" class=\"col medium-4 small-12 large-4\"  >\n\t\t\t\t<div class=\"col-inner\"  >\n\t\t\t\n\t\t\t\n\t\t<\/div>\n\t\t\t\t\t<\/div>\n\n\t\n\n\t<div id=\"col-1913482669\" class=\"col medium-4 small-12 large-4\"  >\n\t\t\t\t<div class=\"col-inner text-right\"  >\n\t\t\t\n\t\t\t\n\t<div class=\"img has-hover x md-x lg-x y md-y lg-y\" id=\"image_256956878\">\n\t\t\t\t\t\t\t\t<div class=\"img-inner dark\" >\n\t\t\t<img decoding=\"async\" width=\"1020\" height=\"315\" src=\"https:\/\/meditex.ee\/wp-content\/uploads\/2018\/03\/CAREFIX_PAYOFF_4F-1400x433.png\" class=\"attachment-large size-large\" alt=\"\" srcset=\"https:\/\/meditex.ee\/wp-content\/uploads\/2018\/03\/CAREFIX_PAYOFF_4F-1400x433.png 1400w, https:\/\/meditex.ee\/wp-content\/uploads\/2018\/03\/CAREFIX_PAYOFF_4F-510x158.png 510w, https:\/\/meditex.ee\/wp-content\/uploads\/2018\/03\/CAREFIX_PAYOFF_4F-800x248.png 800w, https:\/\/meditex.ee\/wp-content\/uploads\/2018\/03\/CAREFIX_PAYOFF_4F-768x238.png 768w, https:\/\/meditex.ee\/wp-content\/uploads\/2018\/03\/CAREFIX_PAYOFF_4F-600x186.png 600w, https:\/\/meditex.ee\/wp-content\/uploads\/2018\/03\/CAREFIX_PAYOFF_4F.png 2038w\" sizes=\"(max-width: 1020px) 100vw, 1020px\" \/>\t\t\t\t\t\t\n\t\t\t\t\t<\/div>\n\t\t\t\t\t\t\t\t\n<style>\n#image_256956878 {\n  width: 50%;\n}\n<\/style>\n\t<\/div>\n\t\n\t\t<\/div>\n\t\t\t\t\t<\/div>\n\n\t\n<\/div>\n<h3 style=\"text-align: left;\" data-fontsize=\"16\" data-lineheight=\"19\">Carefix n\u0117\u0161tumo palaikymo dir\u017eas<\/h3>\n<p style=\"text-align: left;\" data-fontsize=\"16\" data-lineheight=\"19\"><span style=\"color: #000000;\">N\u0117\u0161tumo paskutiniais m\u0117nesiais daugelis moter\u0173 jau\u010dia poreik\u012f papildomai palaikyti pilv\u0105 ir palengvinti sunkum\u0105. N\u0117\u0161tumo palaikymo dir\u017eas ne tik palaiko pilv\u0105, bet ir ple\u010diasi kartu su augan\u010diu pilvu, visada suteikdamas tinkam\u0105 param\u0105. <\/span><\/p>\n<p style=\"text-align: left;\" data-fontsize=\"16\" data-lineheight=\"19\"><span style=\"color: #000000;\">Jis sukuria \u0161ilumos jausm\u0105, kuris padeda palengvinti raumen\u0173 ir nugaros skausmus.<\/span><\/p>\n<p style=\"text-align: left;\" data-fontsize=\"16\" data-lineheight=\"19\"><span style=\"color: #000000;\">N\u0117\u0161tumo palaikymo dir\u017eas turi kilpin\u0119 param\u0105 ir lygius \u0161onus, kurie u\u017etikrina patogum\u0105. Med\u017eiaga tempiasi keturiais kryptimis ir ple\u010diasi kartu su augan\u010diu pilvu, visada suteikdama tinkam\u0105 param\u0105 ir nejau\u010diama per daug \u012ftempta. <\/span><\/p>\n<p style=\"text-align: left;\" data-fontsize=\"16\" data-lineheight=\"19\"><span style=\"color: #000000;\">Puikus n\u0117\u0161tumo palaikymo dir\u017eo dizainas u\u017etikrina jo pritaikym\u0105 prie k\u016bno, kas dar labiau padidina patogum\u0105 ir daro jo ne\u0161iojim\u0105 labai diskreti\u0161ku.<\/span><\/p>\n<p style=\"text-align: left;\" data-fontsize=\"16\" data-lineheight=\"19\"><span style=\"color: #000000;\"><strong>AUDINIO SUD\u0116TIS: <\/strong>91% poliamidas, 9% elastanas<\/span><\/p>\n<h4 style=\"text-align: left;\"><strong>SAVYB\u0116S:<\/strong><\/h4>\n<div class=\"row align-middle\"  id=\"row-1360409263\">\n\n\t<div id=\"col-1520031078\" class=\"col small-12 large-12\"  >\n\t\t\t\t<div class=\"col-inner\"  >\n\t\t\t\n\t\t\t\n<p style=\"text-align: left;\"><span style=\"color: #000000;\"><img decoding=\"async\" class=\"alignnone wp-image-11889\" src=\"https:\/\/meditex.ee\/wp-content\/uploads\/2020\/12\/shaping_zones-400x400.png\" alt=\"\" width=\"76\" height=\"76\" srcset=\"https:\/\/meditex.ee\/wp-content\/uploads\/2020\/12\/shaping_zones-400x400.png 400w, https:\/\/meditex.ee\/wp-content\/uploads\/2020\/12\/shaping_zones-100x100.png 100w, https:\/\/meditex.ee\/wp-content\/uploads\/2020\/12\/shaping_zones-280x280.png 280w, https:\/\/meditex.ee\/wp-content\/uploads\/2020\/12\/shaping_zones-300x300.png 300w, https:\/\/meditex.ee\/wp-content\/uploads\/2020\/12\/shaping_zones.png 440w\" sizes=\"(max-width: 76px) 100vw, 76px\" \/>   <strong>Palaikymo zonos<\/strong> &#8211; <span style=\"font-size: 95%;\">u\u017etikrina tinkam\u0105 pilvo param\u0105 tinkamose vietose.<\/span><\/span><\/p>\n<p style=\"text-align: left;\"><span style=\"color: #000000;\"><img decoding=\"async\" class=\"alignnone wp-image-11885\" src=\"https:\/\/meditex.ee\/wp-content\/uploads\/2020\/12\/breathability-280x280.png\" alt=\"\" width=\"76\" height=\"76\" srcset=\"https:\/\/meditex.ee\/wp-content\/uploads\/2020\/12\/breathability-280x280.png 280w, https:\/\/meditex.ee\/wp-content\/uploads\/2020\/12\/breathability-100x100.png 100w, https:\/\/meditex.ee\/wp-content\/uploads\/2020\/12\/breathability-401x400.png 401w, https:\/\/meditex.ee\/wp-content\/uploads\/2020\/12\/breathability-300x300.png 300w, https:\/\/meditex.ee\/wp-content\/uploads\/2020\/12\/breathability.png 441w\" sizes=\"(max-width: 76px) 100vw, 76px\" \/>   <strong>Kv\u0117puojanti<\/strong> &#8211; <span style=\"font-size: 95%;\">padidina odos draugi\u0161kum\u0105 ir patogum\u0105, nes nesusidaro dr\u0117gm\u0117s.<\/span><\/span><\/p>\n<p style=\"text-align: left;\"><span style=\"color: #000000;\"><img decoding=\"async\" class=\"alignnone wp-image-11881\" src=\"https:\/\/meditex.ee\/wp-content\/uploads\/2020\/12\/4-way_stretch-280x280.png\" alt=\"\" width=\"76\" height=\"76\" srcset=\"https:\/\/meditex.ee\/wp-content\/uploads\/2020\/12\/4-way_stretch-280x280.png 280w, https:\/\/meditex.ee\/wp-content\/uploads\/2020\/12\/4-way_stretch-100x100.png 100w, https:\/\/meditex.ee\/wp-content\/uploads\/2020\/12\/4-way_stretch-401x400.png 401w, https:\/\/meditex.ee\/wp-content\/uploads\/2020\/12\/4-way_stretch-300x300.png 300w, https:\/\/meditex.ee\/wp-content\/uploads\/2020\/12\/4-way_stretch.png 441w\" sizes=\"(max-width: 76px) 100vw, 76px\" \/>   <strong>4 kryp\u010di\u0173 tempimasis<\/strong> &#8211;  <span style=\"font-size: 95%;\">med\u017eiaga prisitaiko ir ple\u010diasi su pilvu nat\u016braliai. Labai svarbu i\u0161laikyti patogum\u0105 ir nekintan\u010di\u0105 param\u0105. <\/span><\/span><\/p>\n<p style=\"text-align: left;\"><span style=\"color: #000000;\"><img decoding=\"async\" class=\"alignnone wp-image-11877\" src=\"https:\/\/meditex.ee\/wp-content\/uploads\/2020\/12\/SeamlessNEW-280x280.png\" alt=\"\" width=\"76\" height=\"76\" srcset=\"https:\/\/meditex.ee\/wp-content\/uploads\/2020\/12\/SeamlessNEW-280x280.png 280w, https:\/\/meditex.ee\/wp-content\/uploads\/2020\/12\/SeamlessNEW-100x100.png 100w, https:\/\/meditex.ee\/wp-content\/uploads\/2020\/12\/SeamlessNEW-400x400.png 400w, https:\/\/meditex.ee\/wp-content\/uploads\/2020\/12\/SeamlessNEW-300x300.png 300w, https:\/\/meditex.ee\/wp-content\/uploads\/2020\/12\/SeamlessNEW.png 440w\" sizes=\"(max-width: 76px) 100vw, 76px\" \/>   <b>Be si\u016bli\u0173 <\/b>&#8211;  <span style=\"font-size: 95%;\">u\u017etikrina maksimal\u0173 odos draugi\u0161kum\u0105 ir patogum\u0105. I\u0161vengiama dirginan\u010di\u0173 spaudimo \u017eymi\u0173 ir trinties jausmo. <\/span> <\/span><\/p>\n<p style=\"text-align: left;\"><span style=\"color: #000000;\"><img decoding=\"async\" class=\"alignnone wp-image-11873\" src=\"https:\/\/meditex.ee\/wp-content\/uploads\/2020\/12\/latex_free_zone-280x280.png\" alt=\"\" width=\"76\" height=\"76\" srcset=\"https:\/\/meditex.ee\/wp-content\/uploads\/2020\/12\/latex_free_zone-280x280.png 280w, https:\/\/meditex.ee\/wp-content\/uploads\/2020\/12\/latex_free_zone-100x100.png 100w, https:\/\/meditex.ee\/wp-content\/uploads\/2020\/12\/latex_free_zone-400x400.png 400w, https:\/\/meditex.ee\/wp-content\/uploads\/2020\/12\/latex_free_zone-300x300.png 300w, https:\/\/meditex.ee\/wp-content\/uploads\/2020\/12\/latex_free_zone.png 440w\" sizes=\"(max-width: 76px) 100vw, 76px\" \/>   <strong>Be latekso<\/strong><b> <\/b>&#8211;  <span style=\"font-size: 95%;\">optimaliam odos draugi\u0161kumui. Produktas yra saugus. <\/span><\/span><\/p>\n\t\t<\/div>\n\t\t\t\t\t<\/div>\n\n\t\n<\/div>\n<h4><strong>DYD\u017dIAI:<\/strong><\/h4>\n<div style=\"text-align: left;\"><span style=\"color: #000000;\">I\u0161matuokite savo klubus pla\u010diausioje vietoje, kaip parodyta paveiksl\u0117lyje.<\/span><\/div>\n<div style=\"text-align: left;\"><span style=\"color: #000000;\">\u017demiau esan\u010dioje dyd\u017ei\u0173 lentel\u0117je rasite dir\u017eo dyd\u012f, kuris tinka j\u016bs\u0173 klub\u0173 apim\u010diai.<\/span><\/div>\n\t<div id=\"gap-357859847\" class=\"gap-element clearfix\" style=\"display:block; height:auto;\">\n\t\t\n<style>\n#gap-357859847 {\n  padding-top: 30px;\n}\n<\/style>\n\t<\/div>\n\t\n<div class=\"row\"  id=\"row-371153113\">\n\n\t<div id=\"col-370515740\" class=\"col medium-3 small-12 large-3\"  >\n\t\t\t\t<div class=\"col-inner\"  >\n\t\t\t\n\t\t\t\n\t<div class=\"img has-hover x md-x lg-x y md-y lg-y\" id=\"image_1502053160\">\n\t\t\t\t\t\t\t\t<div class=\"img-inner dark\" >\n\t\t\t<img decoding=\"async\" width=\"296\" height=\"676\" src=\"https:\/\/meditex.ee\/wp-content\/uploads\/2020\/12\/Measure_hips.jpg\" class=\"attachment-large size-large\" alt=\"\" srcset=\"https:\/\/meditex.ee\/wp-content\/uploads\/2020\/12\/Measure_hips.jpg 296w, https:\/\/meditex.ee\/wp-content\/uploads\/2020\/12\/Measure_hips-175x400.jpg 175w\" sizes=\"(max-width: 296px) 100vw, 296px\" \/>\t\t\t\t\t\t\n\t\t\t\t\t<\/div>\n\t\t\t\t\t\t\t\t\n<style>\n#image_1502053160 {\n  width: 70%;\n}\n<\/style>\n\t<\/div>\n\t\n\t\t<\/div>\n\t\t\t\t\t<\/div>\n\n\t\n\n\t<div id=\"col-1859193193\" class=\"col medium-9 small-12 large-9\"  >\n\t\t\t\t<div class=\"col-inner text-center\"  >\n\t\t\t\n\t\t\t\n\t<div id=\"gap-1671717325\" class=\"gap-element clearfix\" style=\"display:block; height:auto;\">\n\t\t\n<style>\n#gap-1671717325 {\n  padding-top: 50px;\n}\n<\/style>\n\t<\/div>\n\t\n\t<div class=\"img has-hover x md-x lg-x y md-y lg-y\" id=\"image_77547383\">\n\t\t\t\t\t\t\t\t<div class=\"img-inner dark\" >\n\t\t\t<img decoding=\"async\" width=\"726\" height=\"227\" src=\"https:\/\/meditex.ee\/wp-content\/uploads\/2020\/12\/Carefix_Str_Pregnancy_Support_Belt_BeltsEST.jpg\" class=\"attachment-large size-large\" alt=\"\" srcset=\"https:\/\/meditex.ee\/wp-content\/uploads\/2020\/12\/Carefix_Str_Pregnancy_Support_Belt_BeltsEST.jpg 726w, https:\/\/meditex.ee\/wp-content\/uploads\/2020\/12\/Carefix_Str_Pregnancy_Support_Belt_BeltsEST-510x159.jpg 510w, https:\/\/meditex.ee\/wp-content\/uploads\/2020\/12\/Carefix_Str_Pregnancy_Support_Belt_BeltsEST-600x188.jpg 600w\" sizes=\"(max-width: 726px) 100vw, 726px\" \/>\t\t\t\t\t\t\n\t\t\t\t\t<\/div>\n\t\t\t\t\t\t\t\t\n<style>\n#image_77547383 {\n  width: 100%;\n}\n<\/style>\n\t<\/div>\n\t\n\t\t<\/div>\n\t\t\t\t\t<\/div>\n\n\t\n<\/div>\n<p style=\"text-align: left;\"><span style=\"color: #000000;\"><strong>N\u0117\u0161tumo ir pogimdyminiai produktai, orientuoti \u012f patogum\u0105 ir funkcionalum\u0105.<\/strong><\/span><\/p>\n<p style=\"text-align: left;\"><span style=\"color: #000000;\"><span style=\"font-weight: 400;\">Carefix n\u0117\u0161\u010di\u0173j\u0173 apatiniai si\u016blo be si\u016bli\u0173 ir mink\u0161t\u0105 patogum\u0105 n\u0117\u0161tumo metu ir po gimdymo.<\/span><span style=\"font-weight: 400;\">  N\u0117\u0161tumo ir gimdymo prie\u017ei\u016bros produktai yra kruop\u0161\u010diai sukurti, suprantant moters k\u016bn\u0105 bei k\u016bno poky\u010dius ir su tuo susijusius i\u0161\u0161\u016bkius, su kuriais moterys susiduria n\u0117\u0161tumo metu ir pogimdyminiu laikotarpiu.<\/span><\/span><\/p>\n<p style=\"text-align: left;\"><span style=\"font-weight: 400; color: #000000;\">Carefix n\u0117\u0161tumo ir gimdymo apatiniai atitinka \u012fmon\u0117s produkt\u0173 princip\u0105 b\u016bti tuo pa\u010diu metu itin patog\u016bs ir labai funkcional\u016bs.<\/span><\/p>\n<p style=\"text-align: left;\"><span style=\"font-weight: 400; color: #000000;\">Produktai pagaminti i\u0161 specialaus poliamido (arba poliesterio) ir elastano mi\u0161inio, kad suteikt\u0173 jiems \u0161ilkinio jausmo ir patrauklaus i\u0161vaizdos.<\/span><\/p>\n<p style=\"text-align: left;\"><span style=\"font-weight: 400; color: #000000;\">Poliamidas suteikia mink\u0161t\u0105 ir lyg\u0173 apdail\u0105, tuo tarpu elastanas u\u017etikrina optimali\u0105 param\u0105 ir tinkamum\u0105. Rezultatas &#8211; kv\u0117puojantys, greitai d\u017ei\u016bstantys produktai, kurie prisitaiko prie kintan\u010dio k\u016bno formos atitinkamai pl\u0117sdamiesi arba susitraukdami. <\/span><\/p>\n\t<div id=\"gap-75309259\" class=\"gap-element clearfix\" style=\"display:block; height:auto;\">\n\t\t\n<style>\n#gap-75309259 {\n  padding-top: 30px;\n}\n<\/style>\n\t<\/div>\n\t\n<p style=\"text-align: left;\"><span style=\"color: #000000;\">Informacija gamintojo svetain\u0117je:<\/span> <a href=\"https:\/\/tytex.com\/products\/maternity-care\/pregnancy-support-belt\">https:\/\/tytex.com\/products\/maternity-care\/pregnancy-support-belt<\/a><\/p>\n<p>Apie Tytex skaitykite informacij\u0105 \u010dia  <a href=\"https:\/\/meditex.ee\/tytex\/\">https:\/\/meditex.ee\/tytex\/<\/a><\/p>\n","protected":false},"excerpt":{"rendered":"<p style=\"text-align: left;\"><span style=\"font-size: 85%; color: #000000;\">Pilv\u0105 palaikantis ir sunkumo jausm\u0105 ma\u017einantis n\u0117\u0161tumo palaikymo dir\u017eas.<\/span><\/p>\n","protected":false},"featured_media":19567,"template":"","meta":[],"product_brand":[],"product_cat":[645],"product_tag":[604],"class_list":{"0":"post-19554","1":"product","2":"type-product","3":"status-publish","4":"has-post-thumbnail","6":"product_cat-nestumo-ir-gimdymo-apatiniai","7":"product_tag-carefix","9":"first","10":"instock","11":"taxable","12":"shipping-taxable","13":"purchasable","14":"product-type-variable"},"yoast_head":"<!-- This site is optimized with the Yoast SEO plugin v27.3 - https:\/\/yoast.com\/product\/yoast-seo-wordpress\/ -->\n<title>N\u0117\u0161tumo palaikymo dir\u017eas i\u0161 keturiais kryptimis tamprios med\u017eiagos.<\/title>\n<meta name=\"description\" content=\"N\u0117\u0161tumo paskutiniais m\u0117nesiais daugelis moter\u0173 jau\u010dia poreik\u012f papildomai palaikyti pilv\u0105. N\u0117\u0161tumo palaikymo dir\u017eas palaiko pilv\u0105 ir suma\u017eina sunkumo jausm\u0105.\" \/>\n<meta name=\"robots\" content=\"index, follow, max-snippet:-1, max-image-preview:large, max-video-preview:-1\" \/>\n<link rel=\"canonical\" href=\"https:\/\/meditex.ee\/lt\/product\/nestumo-palaikymo-dirzas\/\" \/>\n<meta property=\"og:locale\" content=\"lt_LT\" \/>\n<meta property=\"og:type\" content=\"article\" \/>\n<meta property=\"og:title\" content=\"N\u0117\u0161tumo palaikymo dir\u017eas i\u0161 keturiais kryptimis tamprios med\u017eiagos.\" \/>\n<meta property=\"og:description\" content=\"N\u0117\u0161tumo paskutiniais m\u0117nesiais daugelis moter\u0173 jau\u010dia poreik\u012f papildomai palaikyti pilv\u0105. N\u0117\u0161tumo palaikymo dir\u017eas palaiko pilv\u0105 ir suma\u017eina sunkumo jausm\u0105.\" \/>\n<meta property=\"og:url\" content=\"https:\/\/meditex.ee\/lt\/product\/nestumo-palaikymo-dirzas\/\" \/>\n<meta property=\"og:site_name\" content=\"Meditex\" \/>\n<meta property=\"article:publisher\" content=\"https:\/\/www.facebook.com\/meditexepood\/\" \/>\n<meta property=\"article:modified_time\" content=\"2026-02-04T14:06:30+00:00\" \/>\n<meta property=\"og:image\" content=\"https:\/\/meditex.ee\/wp-content\/uploads\/2020\/12\/3394_bl_3397_bl_3398_bl_front.jpg\" \/>\n\t<meta property=\"og:image:width\" content=\"390\" \/>\n\t<meta property=\"og:image:height\" content=\"390\" \/>\n\t<meta property=\"og:image:type\" content=\"image\/jpeg\" \/>\n<meta name=\"twitter:card\" content=\"summary_large_image\" \/>\n<meta name=\"twitter:label1\" content=\"Est. reading time\" \/>\n\t<meta name=\"twitter:data1\" content=\"2 minut\u0117\" \/>\n<script type=\"application\/ld+json\" class=\"yoast-schema-graph\">{\"@context\":\"https:\\\/\\\/schema.org\",\"@graph\":[{\"@type\":\"WebPage\",\"@id\":\"https:\\\/\\\/meditex.ee\\\/lt\\\/product\\\/nestumo-palaikymo-dirzas\\\/\",\"url\":\"https:\\\/\\\/meditex.ee\\\/lt\\\/product\\\/nestumo-palaikymo-dirzas\\\/\",\"name\":\"N\u0117\u0161tumo palaikymo dir\u017eas i\u0161 keturiais kryptimis tamprios med\u017eiagos.\",\"isPartOf\":{\"@id\":\"https:\\\/\\\/meditex.ee\\\/en\\\/#website\"},\"primaryImageOfPage\":{\"@id\":\"https:\\\/\\\/meditex.ee\\\/lt\\\/product\\\/nestumo-palaikymo-dirzas\\\/#primaryimage\"},\"image\":{\"@id\":\"https:\\\/\\\/meditex.ee\\\/lt\\\/product\\\/nestumo-palaikymo-dirzas\\\/#primaryimage\"},\"thumbnailUrl\":\"https:\\\/\\\/meditex.ee\\\/wp-content\\\/uploads\\\/2020\\\/12\\\/3394_bl_3397_bl_3398_bl_front.jpg\",\"datePublished\":\"2026-02-04T14:06:25+00:00\",\"dateModified\":\"2026-02-04T14:06:30+00:00\",\"description\":\"N\u0117\u0161tumo paskutiniais m\u0117nesiais daugelis moter\u0173 jau\u010dia poreik\u012f papildomai palaikyti pilv\u0105. N\u0117\u0161tumo palaikymo dir\u017eas palaiko pilv\u0105 ir suma\u017eina sunkumo jausm\u0105.\",\"breadcrumb\":{\"@id\":\"https:\\\/\\\/meditex.ee\\\/lt\\\/product\\\/nestumo-palaikymo-dirzas\\\/#breadcrumb\"},\"inLanguage\":\"lt-LT\",\"potentialAction\":[{\"@type\":\"ReadAction\",\"target\":[\"https:\\\/\\\/meditex.ee\\\/lt\\\/product\\\/nestumo-palaikymo-dirzas\\\/\"]}]},{\"@type\":\"ImageObject\",\"inLanguage\":\"lt-LT\",\"@id\":\"https:\\\/\\\/meditex.ee\\\/lt\\\/product\\\/nestumo-palaikymo-dirzas\\\/#primaryimage\",\"url\":\"https:\\\/\\\/meditex.ee\\\/wp-content\\\/uploads\\\/2020\\\/12\\\/3394_bl_3397_bl_3398_bl_front.jpg\",\"contentUrl\":\"https:\\\/\\\/meditex.ee\\\/wp-content\\\/uploads\\\/2020\\\/12\\\/3394_bl_3397_bl_3398_bl_front.jpg\",\"width\":390,\"height\":390,\"caption\":\"Carefix n\u0117\u0161tumo palaikymo dir\u017eas\"},{\"@type\":\"BreadcrumbList\",\"@id\":\"https:\\\/\\\/meditex.ee\\\/lt\\\/product\\\/nestumo-palaikymo-dirzas\\\/#breadcrumb\",\"itemListElement\":[{\"@type\":\"ListItem\",\"position\":1,\"name\":\"Home\",\"item\":\"https:\\\/\\\/meditex.ee\\\/lt\\\/\"},{\"@type\":\"ListItem\",\"position\":2,\"name\":\"Parduotuv\u0117\",\"item\":\"https:\\\/\\\/meditex.ee\\\/lt\\\/parduotuve\\\/\"},{\"@type\":\"ListItem\",\"position\":3,\"name\":\"N\u0117\u0161tumo palaikymo dir\u017eas\"}]},{\"@type\":\"WebSite\",\"@id\":\"https:\\\/\\\/meditex.ee\\\/en\\\/#website\",\"url\":\"https:\\\/\\\/meditex.ee\\\/en\\\/\",\"name\":\"Meditex\",\"description\":\"\",\"publisher\":{\"@id\":\"https:\\\/\\\/meditex.ee\\\/en\\\/#organization\"},\"potentialAction\":[{\"@type\":\"SearchAction\",\"target\":{\"@type\":\"EntryPoint\",\"urlTemplate\":\"https:\\\/\\\/meditex.ee\\\/en\\\/?s={search_term_string}\"},\"query-input\":{\"@type\":\"PropertyValueSpecification\",\"valueRequired\":true,\"valueName\":\"search_term_string\"}}],\"inLanguage\":\"lt-LT\"},{\"@type\":\"Organization\",\"@id\":\"https:\\\/\\\/meditex.ee\\\/en\\\/#organization\",\"name\":\"Meditex\",\"url\":\"https:\\\/\\\/meditex.ee\\\/en\\\/\",\"logo\":{\"@type\":\"ImageObject\",\"inLanguage\":\"lt-LT\",\"@id\":\"https:\\\/\\\/meditex.ee\\\/en\\\/#\\\/schema\\\/logo\\\/image\\\/\",\"url\":\"https:\\\/\\\/meditex.ee\\\/wp-content\\\/uploads\\\/2018\\\/03\\\/mdtx_logo.png\",\"contentUrl\":\"https:\\\/\\\/meditex.ee\\\/wp-content\\\/uploads\\\/2018\\\/03\\\/mdtx_logo.png\",\"width\":669,\"height\":235,\"caption\":\"Meditex\"},\"image\":{\"@id\":\"https:\\\/\\\/meditex.ee\\\/en\\\/#\\\/schema\\\/logo\\\/image\\\/\"},\"sameAs\":[\"https:\\\/\\\/www.facebook.com\\\/meditexepood\\\/\"]}]}<\/script>\n<!-- \/ Yoast SEO plugin. -->","yoast_head_json":{"title":"N\u0117\u0161tumo palaikymo dir\u017eas i\u0161 keturiais kryptimis tamprios med\u017eiagos.","description":"N\u0117\u0161tumo paskutiniais m\u0117nesiais daugelis moter\u0173 jau\u010dia poreik\u012f papildomai palaikyti pilv\u0105. N\u0117\u0161tumo palaikymo dir\u017eas palaiko pilv\u0105 ir suma\u017eina sunkumo jausm\u0105.","robots":{"index":"index","follow":"follow","max-snippet":"max-snippet:-1","max-image-preview":"max-image-preview:large","max-video-preview":"max-video-preview:-1"},"canonical":"https:\/\/meditex.ee\/lt\/product\/nestumo-palaikymo-dirzas\/","og_locale":"lt_LT","og_type":"article","og_title":"N\u0117\u0161tumo palaikymo dir\u017eas i\u0161 keturiais kryptimis tamprios med\u017eiagos.","og_description":"N\u0117\u0161tumo paskutiniais m\u0117nesiais daugelis moter\u0173 jau\u010dia poreik\u012f papildomai palaikyti pilv\u0105. N\u0117\u0161tumo palaikymo dir\u017eas palaiko pilv\u0105 ir suma\u017eina sunkumo jausm\u0105.","og_url":"https:\/\/meditex.ee\/lt\/product\/nestumo-palaikymo-dirzas\/","og_site_name":"Meditex","article_publisher":"https:\/\/www.facebook.com\/meditexepood\/","article_modified_time":"2026-02-04T14:06:30+00:00","og_image":[{"width":390,"height":390,"url":"https:\/\/meditex.ee\/wp-content\/uploads\/2020\/12\/3394_bl_3397_bl_3398_bl_front.jpg","type":"image\/jpeg"}],"twitter_card":"summary_large_image","twitter_misc":{"Est. reading time":"2 minut\u0117"},"schema":{"@context":"https:\/\/schema.org","@graph":[{"@type":"WebPage","@id":"https:\/\/meditex.ee\/lt\/product\/nestumo-palaikymo-dirzas\/","url":"https:\/\/meditex.ee\/lt\/product\/nestumo-palaikymo-dirzas\/","name":"N\u0117\u0161tumo palaikymo dir\u017eas i\u0161 keturiais kryptimis tamprios med\u017eiagos.","isPartOf":{"@id":"https:\/\/meditex.ee\/en\/#website"},"primaryImageOfPage":{"@id":"https:\/\/meditex.ee\/lt\/product\/nestumo-palaikymo-dirzas\/#primaryimage"},"image":{"@id":"https:\/\/meditex.ee\/lt\/product\/nestumo-palaikymo-dirzas\/#primaryimage"},"thumbnailUrl":"https:\/\/meditex.ee\/wp-content\/uploads\/2020\/12\/3394_bl_3397_bl_3398_bl_front.jpg","datePublished":"2026-02-04T14:06:25+00:00","dateModified":"2026-02-04T14:06:30+00:00","description":"N\u0117\u0161tumo paskutiniais m\u0117nesiais daugelis moter\u0173 jau\u010dia poreik\u012f papildomai palaikyti pilv\u0105. N\u0117\u0161tumo palaikymo dir\u017eas palaiko pilv\u0105 ir suma\u017eina sunkumo jausm\u0105.","breadcrumb":{"@id":"https:\/\/meditex.ee\/lt\/product\/nestumo-palaikymo-dirzas\/#breadcrumb"},"inLanguage":"lt-LT","potentialAction":[{"@type":"ReadAction","target":["https:\/\/meditex.ee\/lt\/product\/nestumo-palaikymo-dirzas\/"]}]},{"@type":"ImageObject","inLanguage":"lt-LT","@id":"https:\/\/meditex.ee\/lt\/product\/nestumo-palaikymo-dirzas\/#primaryimage","url":"https:\/\/meditex.ee\/wp-content\/uploads\/2020\/12\/3394_bl_3397_bl_3398_bl_front.jpg","contentUrl":"https:\/\/meditex.ee\/wp-content\/uploads\/2020\/12\/3394_bl_3397_bl_3398_bl_front.jpg","width":390,"height":390,"caption":"Carefix n\u0117\u0161tumo palaikymo dir\u017eas"},{"@type":"BreadcrumbList","@id":"https:\/\/meditex.ee\/lt\/product\/nestumo-palaikymo-dirzas\/#breadcrumb","itemListElement":[{"@type":"ListItem","position":1,"name":"Home","item":"https:\/\/meditex.ee\/lt\/"},{"@type":"ListItem","position":2,"name":"Parduotuv\u0117","item":"https:\/\/meditex.ee\/lt\/parduotuve\/"},{"@type":"ListItem","position":3,"name":"N\u0117\u0161tumo palaikymo dir\u017eas"}]},{"@type":"WebSite","@id":"https:\/\/meditex.ee\/en\/#website","url":"https:\/\/meditex.ee\/en\/","name":"Meditex","description":"","publisher":{"@id":"https:\/\/meditex.ee\/en\/#organization"},"potentialAction":[{"@type":"SearchAction","target":{"@type":"EntryPoint","urlTemplate":"https:\/\/meditex.ee\/en\/?s={search_term_string}"},"query-input":{"@type":"PropertyValueSpecification","valueRequired":true,"valueName":"search_term_string"}}],"inLanguage":"lt-LT"},{"@type":"Organization","@id":"https:\/\/meditex.ee\/en\/#organization","name":"Meditex","url":"https:\/\/meditex.ee\/en\/","logo":{"@type":"ImageObject","inLanguage":"lt-LT","@id":"https:\/\/meditex.ee\/en\/#\/schema\/logo\/image\/","url":"https:\/\/meditex.ee\/wp-content\/uploads\/2018\/03\/mdtx_logo.png","contentUrl":"https:\/\/meditex.ee\/wp-content\/uploads\/2018\/03\/mdtx_logo.png","width":669,"height":235,"caption":"Meditex"},"image":{"@id":"https:\/\/meditex.ee\/en\/#\/schema\/logo\/image\/"},"sameAs":["https:\/\/www.facebook.com\/meditexepood\/"]}]}},"_links":{"self":[{"href":"https:\/\/meditex.ee\/lt\/wp-json\/wp\/v2\/product\/19554","targetHints":{"allow":["GET"]}}],"collection":[{"href":"https:\/\/meditex.ee\/lt\/wp-json\/wp\/v2\/product"}],"about":[{"href":"https:\/\/meditex.ee\/lt\/wp-json\/wp\/v2\/types\/product"}],"wp:featuredmedia":[{"embeddable":true,"href":"https:\/\/meditex.ee\/lt\/wp-json\/wp\/v2\/media\/19567"}],"wp:attachment":[{"href":"https:\/\/meditex.ee\/lt\/wp-json\/wp\/v2\/media?parent=19554"}],"wp:term":[{"taxonomy":"product_brand","embeddable":true,"href":"https:\/\/meditex.ee\/lt\/wp-json\/wp\/v2\/product_brand?post=19554"},{"taxonomy":"product_cat","embeddable":true,"href":"https:\/\/meditex.ee\/lt\/wp-json\/wp\/v2\/product_cat?post=19554"},{"taxonomy":"product_tag","embeddable":true,"href":"https:\/\/meditex.ee\/lt\/wp-json\/wp\/v2\/product_tag?post=19554"}],"curies":[{"name":"wp","href":"https:\/\/api.w.org\/{rel}","templated":true}]}}