{"id":19537,"date":"2026-02-04T14:06:22","date_gmt":"2026-02-04T14:06:22","guid":{"rendered":"https:\/\/meditex.ee\/product\/corsinel-stomasafe-classic\/"},"modified":"2026-03-20T07:32:20","modified_gmt":"2026-03-20T07:32:20","slug":"corsinel-stomasafe-classic","status":"publish","type":"product","link":"https:\/\/meditex.ee\/lt\/produktas\/corsinel-stomasafe-classic\/","title":{"rendered":"Corsinel StomaSafe Classic"},"content":{"rendered":"<div class=\"row\"  id=\"row-2129597204\">\n\n\t<div id=\"col-104205634\" class=\"col medium-4 small-12 large-4\"  >\n\t\t\t\t<div class=\"col-inner\"  >\n\t\t\t\n\t\t\t\n\t<div class=\"img has-hover x md-x lg-x y md-y lg-y\" id=\"image_992352549\">\n\t\t\t\t\t\t\t\t<div class=\"img-inner dark\" >\n\t\t\t<img decoding=\"async\" width=\"419\" height=\"417\" src=\"https:\/\/meditex.ee\/wp-content\/uploads\/2020\/09\/Corsinel-compression-level-icon_LIGHT.png\" class=\"attachment-large size-large\" alt=\"\" srcset=\"https:\/\/meditex.ee\/wp-content\/uploads\/2020\/09\/Corsinel-compression-level-icon_LIGHT.png 419w, https:\/\/meditex.ee\/wp-content\/uploads\/2020\/09\/Corsinel-compression-level-icon_LIGHT-100x100.png 100w, https:\/\/meditex.ee\/wp-content\/uploads\/2020\/09\/Corsinel-compression-level-icon_LIGHT-402x400.png 402w, https:\/\/meditex.ee\/wp-content\/uploads\/2020\/09\/Corsinel-compression-level-icon_LIGHT-280x280.png 280w, https:\/\/meditex.ee\/wp-content\/uploads\/2020\/09\/Corsinel-compression-level-icon_LIGHT-300x300.png 300w\" sizes=\"(max-width: 419px) 100vw, 419px\" \/>\t\t\t\t\t\t\n\t\t\t\t\t<\/div>\n\t\t\t\t\t\t\t\t\n<style>\n#image_992352549 {\n  width: 30%;\n}\n<\/style>\n\t<\/div>\n\t\n\t\t<\/div>\n\t\t\t\t\t<\/div>\n\n\t\n\n\t<div id=\"col-1360708401\" class=\"col medium-4 small-12 large-4\"  >\n\t\t\t\t<div class=\"col-inner\"  >\n\t\t\t\n\t\t\t\n\t\t<\/div>\n\t\t\t\t\t<\/div>\n\n\t\n\n\t<div id=\"col-753082232\" class=\"col medium-4 small-12 large-4\"  >\n\t\t\t\t<div class=\"col-inner text-right\"  >\n\t\t\t\n\t\t\t\n\t<div class=\"img has-hover x md-x lg-x y md-y lg-y\" id=\"image_935465250\">\n\t\t<a class=\"\" href=\"https:\/\/meditex.ee\/corsinel\/\" >\t\t\t\t\t\t<div class=\"img-inner dark\" >\n\t\t\t<img decoding=\"async\" width=\"1020\" height=\"274\" src=\"https:\/\/meditex.ee\/wp-content\/uploads\/2018\/03\/Corsinel_Live-as-you-like_200mm-1400x376.png\" class=\"attachment-large size-large\" alt=\"\" srcset=\"https:\/\/meditex.ee\/wp-content\/uploads\/2018\/03\/Corsinel_Live-as-you-like_200mm-1400x376.png 1400w, https:\/\/meditex.ee\/wp-content\/uploads\/2018\/03\/Corsinel_Live-as-you-like_200mm-510x137.png 510w, https:\/\/meditex.ee\/wp-content\/uploads\/2018\/03\/Corsinel_Live-as-you-like_200mm-800x215.png 800w, https:\/\/meditex.ee\/wp-content\/uploads\/2018\/03\/Corsinel_Live-as-you-like_200mm-768x206.png 768w, https:\/\/meditex.ee\/wp-content\/uploads\/2018\/03\/Corsinel_Live-as-you-like_200mm-600x161.png 600w\" sizes=\"(max-width: 1020px) 100vw, 1020px\" \/>\t\t\t\t\t\t\n\t\t\t\t\t<\/div>\n\t\t\t\t\t\t<\/a>\t\t\n<style>\n#image_935465250 {\n  width: 50%;\n}\n<\/style>\n\t<\/div>\n\t\n\t\t<\/div>\n\t\t\t\t\t<\/div>\n\n\t\n<\/div>\n<h3><strong>Lengvo palaikymo stomos dir\u017eas StomaSafe Classic<\/strong><\/h3>\n<p style=\"text-align: left;\"><span style=\"font-weight: 400; color: #000000;\">Corsinel lengvo palaikymo stomos dir\u017eai u\u017etikrina saug\u0173 vis\u0173 tip\u0173 stomos mai\u0161eli\u0173 laikym\u0105, leid\u017eiant vartotojui gyventi aktyv\u0173 gyvenim\u0105. Dir\u017eas padeda vartotojui jaustis labiau pasitikint savimi ir saugiau, \u017einant, kad mai\u0161elis i\u0161liks vietoje vis\u0105 dien\u0105. <\/span><\/p>\n<p style=\"text-align: left;\"><span style=\"font-weight: 400; color: #000000;\">Lengvo palaikymo stomos dir\u017eai yra dviej\u0173 versij\u0173: StomaSafe Classic ir <a href=\"https:\/\/meditex.ee\/toode\/corsinel-stomasafe-plus\/\">StomaSafe Plus<\/a>, kurie turi \u0161ias puikias savybes:<\/span><\/p>\n<ul style=\"text-align: left;\">\n<li><span style=\"font-weight: 400; color: #000000;\">  Dviej\u0173 sluoksni\u0173 sistema su anga mai\u0161eliui vidiniame sluoksnyje<\/span><\/li>\n<li><span style=\"font-weight: 400; color: #000000;\">  Lengvam iki vidutinio sportinio aktyvumo<\/span><\/li>\n<li><span style=\"font-weight: 400; color: #000000;\">  Padeda suma\u017einti mai\u0161elio keliam\u0105 triuk\u0161m\u0105<\/span><\/li>\n<li><span style=\"font-weight: 400; color: #000000;\">  Saugus stomos mai\u0161elio laikymas<\/span><\/li>\n<\/ul>\n<p style=\"text-align: left;\"><span style=\"font-weight: 400; color: #000000;\">Abu stomos dir\u017eus galima d\u0117v\u0117ti tiek dien\u0105, tiek nakt\u012f. <a href=\"https:\/\/meditex.ee\/toode\/corsinel-stomasafe-plus\/\">StomaSafe Plus<\/a> ypa\u010d tinka aktyviam gyvenimui ar sportuojant. Jis sukurtas i\u0161 mink\u0161to mikropluo\u0161to, kad u\u017etikrint\u0173 maksimal\u0173 komfort\u0105. Med\u017eiaga praleid\u017eia or\u0105 ir dr\u0117gm\u0119, tod\u0117l i\u0161laiko od\u0105 saus\u0105 ir leid\u017eia jai kv\u0117puoti.  <\/span><\/p>\n<p style=\"text-align: left;\"><span style=\"font-weight: 400; color: #000000;\">StomaSafe Classic stomos dir\u017eas sukurtas i\u0161 elastingos med\u017eiagos, kuri u\u017etikrina saug\u0173 stomos mai\u0161elio laikym\u0105 ir ypa\u010d gerai tinka, kai stomos mai\u0161eliui reikia tik lengvo palaikymo.<\/span><\/p>\n<p style=\"text-align: left;\"><span style=\"color: #000000;\"><strong>APRA\u0160YMAS:<\/strong><\/span> <span style=\"color: #000000;\">Mink\u0161tas ir tamprus lengvo palaikymo stomos dir\u017eas StomaSafe Classic su vidiniu ki\u0161eniu tinka saugiam vis\u0173 tip\u0173 stomos ir drena\u017eo mai\u0161eli\u0173 laikymui.<\/span><\/p>\n<p><span style=\"color: #000000;\"><strong>Savyb\u0117s:<\/strong><\/span><\/p>\n<ul>\n<li style=\"text-align: left;\"><span style=\"color: #000000;\">Fiksuoja stomos mai\u0161el\u012f, pad\u0117damas pacientui jaustis saugiai<\/span><\/li>\n<li style=\"text-align: left;\"><span style=\"color: #000000;\">Dviej\u0173 sluoksni\u0173 sistema u\u017etikrina, kad mai\u0161elis neliest\u0173 odos<\/span><\/li>\n<li style=\"text-align: left;\"><span style=\"color: #000000;\">Mai\u0161elio dangalo funkcija, kuri padeda suma\u017einti stomos keliam\u0105 triuk\u0161m\u0105<\/span><\/li>\n<li style=\"text-align: left;\"><span style=\"color: #000000;\">Mink\u0161ta ir tampri med\u017eiaga &#8211; lengvai u\u017emaunama<\/span><\/li>\n<li style=\"text-align: left;\"><span style=\"color: #000000;\">Saugu ir patogu naudoti nakt\u012f<\/span><\/li>\n<li style=\"text-align: left;\"><span style=\"color: #000000;\">Skalbamas<\/span><\/li>\n<li style=\"text-align: left;\"><span style=\"color: #000000;\">Neturi latekso<\/span><\/li>\n<\/ul>\n<p style=\"text-align: left;\"><span style=\"color: #000000;\"><strong>Dyd\u017eiai: <\/strong>Visada matuokite pla\u010diausioje pilvo vietoje.<\/span><\/p>\n<div class=\"row\"  id=\"row-1976071927\">\n\n\t<div id=\"col-1543305376\" class=\"col medium-6 small-12 large-6\"  >\n\t\t\t\t<div class=\"col-inner\"  >\n\t\t\t\n\t\t\t\n\t<div class=\"img has-hover x md-x lg-x y md-y lg-y\" id=\"image_301891912\">\n\t\t\t\t\t\t\t\t<div class=\"img-inner dark\" >\n\t\t\t<img decoding=\"async\" width=\"1020\" height=\"305\" src=\"https:\/\/meditex.ee\/wp-content\/uploads\/2020\/10\/StomaSafe-Classic-medium-1400x419.jpg\" class=\"attachment-large size-large\" alt=\"\" srcset=\"https:\/\/meditex.ee\/wp-content\/uploads\/2020\/10\/StomaSafe-Classic-medium-1400x419.jpg 1400w, https:\/\/meditex.ee\/wp-content\/uploads\/2020\/10\/StomaSafe-Classic-medium-510x153.jpg 510w, https:\/\/meditex.ee\/wp-content\/uploads\/2020\/10\/StomaSafe-Classic-medium-800x240.jpg 800w, https:\/\/meditex.ee\/wp-content\/uploads\/2020\/10\/StomaSafe-Classic-medium-768x230.jpg 768w, https:\/\/meditex.ee\/wp-content\/uploads\/2020\/10\/StomaSafe-Classic-medium-600x180.jpg 600w, https:\/\/meditex.ee\/wp-content\/uploads\/2020\/10\/StomaSafe-Classic-medium.jpg 1463w\" sizes=\"(max-width: 1020px) 100vw, 1020px\" \/>\t\t\t\t\t\t\n\t\t\t\t\t<\/div>\n\t\t\t\t\t\t\t\t\n<style>\n#image_301891912 {\n  width: 100%;\n}\n<\/style>\n\t<\/div>\n\t\n\t\t<\/div>\n\t\t\t\t\t<\/div>\n\n\t\n\n\t<div id=\"col-2061077779\" class=\"col medium-6 small-12 large-6\"  >\n\t\t\t\t<div class=\"col-inner\"  >\n\t\t\t\n\t\t\t\n\t\t<\/div>\n\t\t\t\t\t<\/div>\n\n\t\n<\/div>\n<div class=\"row row-small\" style=\"max-width:\" id=\"row-1461768841\">\n\n\t<div id=\"col-702421366\" class=\"col medium-6 small-12 large-6\"  >\n\t\t\t\t<div class=\"col-inner\"  >\n\t\t\t\n\t\t\t\n\t<div class=\"img has-hover x md-x lg-x y md-y lg-y\" id=\"image_169389258\">\n\t\t\t\t\t\t\t\t<div class=\"img-inner dark\" >\n\t\t\t<img decoding=\"async\" width=\"500\" height=\"200\" src=\"https:\/\/meditex.ee\/wp-content\/uploads\/2020\/10\/paigaldamine-1.png\" class=\"attachment-large size-large\" alt=\"\" \/>\t\t\t\t\t\t\n\t\t\t\t\t<\/div>\n\t\t\t\t\t\t\t\t\n<style>\n#image_169389258 {\n  width: 100%;\n}\n<\/style>\n\t<\/div>\n\t\n\t\t<\/div>\n\t\t\t\t\t<\/div>\n\n\t\n\n\t<div id=\"col-1950807289\" class=\"col medium-6 small-12 large-6\"  >\n\t\t\t\t<div class=\"col-inner\"  >\n\t\t\t\n\t\t\t\n\t<div class=\"img has-hover x md-x lg-x y md-y lg-y\" id=\"image_50297299\">\n\t\t\t\t\t\t\t\t<div class=\"img-inner dark\" >\n\t\t\t<img decoding=\"async\" width=\"500\" height=\"200\" src=\"https:\/\/meditex.ee\/wp-content\/uploads\/2020\/10\/paigaldamine-2.png\" class=\"attachment-large size-large\" alt=\"\" \/>\t\t\t\t\t\t\n\t\t\t\t\t<\/div>\n\t\t\t\t\t\t\t\t\n<style>\n#image_50297299 {\n  width: 100%;\n}\n<\/style>\n\t<\/div>\n\t\n\t\t<\/div>\n\t\t\t\t\t<\/div>\n\n\t\n\n<style>\n#row-1461768841 > .col > .col-inner {\n  padding: 0px 0px 0px 0px;\n}\n<\/style>\n<\/div>\n<div class=\"row row-small\"  id=\"row-1833384076\">\n\n\t<div id=\"col-686281742\" class=\"col medium-6 small-12 large-6\"  >\n\t\t\t\t<div class=\"col-inner\"  >\n\t\t\t\n\t\t\t\n\t<div class=\"img has-hover x md-x lg-x y md-y lg-y\" id=\"image_995162346\">\n\t\t\t\t\t\t\t\t<div class=\"img-inner dark\" >\n\t\t\t<img decoding=\"async\" width=\"500\" height=\"200\" src=\"https:\/\/meditex.ee\/wp-content\/uploads\/2020\/10\/paigaldamine-3-1.png\" class=\"attachment-large size-large\" alt=\"\" \/>\t\t\t\t\t\t\n\t\t\t\t\t<\/div>\n\t\t\t\t\t\t\t\t\n<style>\n#image_995162346 {\n  width: 100%;\n}\n<\/style>\n\t<\/div>\n\t\n\t\t<\/div>\n\t\t\t\t\t<\/div>\n\n\t\n\n\t<div id=\"col-1724817848\" class=\"col medium-6 small-12 large-6\"  >\n\t\t\t\t<div class=\"col-inner\"  >\n\t\t\t\n\t\t\t\n\t<div class=\"img has-hover x md-x lg-x y md-y lg-y\" id=\"image_1991921915\">\n\t\t\t\t\t\t\t\t<div class=\"img-inner dark\" >\n\t\t\t<img decoding=\"async\" width=\"500\" height=\"200\" src=\"https:\/\/meditex.ee\/wp-content\/uploads\/2020\/10\/paigaldamine-4-1.png\" class=\"attachment-large size-large\" alt=\"\" \/>\t\t\t\t\t\t\n\t\t\t\t\t<\/div>\n\t\t\t\t\t\t\t\t\n<style>\n#image_1991921915 {\n  width: 100%;\n}\n<\/style>\n\t<\/div>\n\t\n\t\t<\/div>\n\t\t\t\t\t<\/div>\n\n\t\n<\/div>\n<div class=\"is-divider divider clearfix\" style=\"background-color:rgb(255, 255, 255);\"><\/div>\n<p><span style=\"color: #000000;\"><strong>Informacija gamintojo svetain\u0117je:<\/strong> <a href=\"https:\/\/www.corsinel.com\/en\/product\/500052-01-03-1pc\">https:\/\/www.corsinel.com\/en\/product\/500052-01-03-1pc<\/a><\/span><\/p>\n<p style=\"text-align: left;\"><span style=\"color: #000000;\"><strong>Naudingo skaitymo:<\/strong> <a href=\"https:\/\/meditex.ee\/lt\/7-veiksniai-kurie-nulemia-tinkama-stomijos-ir-isanges-gaminiu-auksti\/\">https:\/\/meditex.ee\/7-tegurit-mis-maaravad-stoomi-ja-songatoote-oige-korguse\/<\/a><\/span><\/p>\n<p style=\"text-align: left;\">Stomos mai\u0161eliai ir stomos prie\u017ei\u016bros priemon\u0117s: <a href=\"https:\/\/stoom.ee\/tooted\/\">https:\/\/stoom.ee\/tooted\/<\/a><br \/>\nNauding\u0173 patarim\u0173 stomos pacientams rasite: <a href=\"https:\/\/www.elustoomiga.ee\">https:\/\/www.elustoomiga.ee<\/a><\/p>\n","protected":false},"excerpt":{"rendered":"<p style=\"text-align: left;\"><span style=\"color: #282828; font-size: 75%;\">Lengvo palaikymo stomos dir\u017eas.<\/span><\/p>\n","protected":false},"featured_media":19538,"template":"","meta":[],"product_brand":[],"product_cat":[610],"product_tag":[611,628],"class_list":{"0":"post-19537","1":"product","2":"type-product","3":"status-publish","4":"has-post-thumbnail","6":"product_cat-stomos-ir-isvarzos-dirzai-bei-vamzdeliai","7":"product_tag-corsinel","8":"product_tag-lengvas-palaikymas","10":"first","11":"instock","12":"taxable","13":"shipping-taxable","14":"purchasable","15":"product-type-variable"},"yoast_head":"<!-- This site is optimized with the Yoast SEO plugin v27.3 - https:\/\/yoast.com\/product\/yoast-seo-wordpress\/ -->\n<title>Lengvo palaikymo stomos dir\u017eas StomaSafe Classic - meditex.ee<\/title>\n<meta name=\"description\" content=\"Lengvo palaikymo stomos dir\u017eas StomaSafe Classic. Mink\u0161tas ir tamprus dir\u017eas su vidiniu ki\u0161eniu saugiam vis\u0173 tip\u0173 stomos ir drena\u017eo mai\u0161eli\u0173 laikymui.\" \/>\n<meta name=\"robots\" content=\"index, follow, max-snippet:-1, max-image-preview:large, max-video-preview:-1\" \/>\n<link rel=\"canonical\" href=\"https:\/\/meditex.ee\/lt\/product\/corsinel-stomasafe-classic\/\" \/>\n<meta property=\"og:locale\" content=\"lt_LT\" \/>\n<meta property=\"og:type\" content=\"article\" \/>\n<meta property=\"og:title\" content=\"Lengvo palaikymo stomos dir\u017eas StomaSafe Classic - meditex.ee\" \/>\n<meta property=\"og:description\" content=\"Lengvo palaikymo stomos dir\u017eas StomaSafe Classic. Mink\u0161tas ir tamprus dir\u017eas su vidiniu ki\u0161eniu saugiam vis\u0173 tip\u0173 stomos ir drena\u017eo mai\u0161eli\u0173 laikymui.\" \/>\n<meta property=\"og:url\" content=\"https:\/\/meditex.ee\/lt\/product\/corsinel-stomasafe-classic\/\" \/>\n<meta property=\"og:site_name\" content=\"Meditex\" \/>\n<meta property=\"article:publisher\" content=\"https:\/\/www.facebook.com\/meditexepood\/\" \/>\n<meta property=\"article:modified_time\" content=\"2026-03-20T07:32:20+00:00\" \/>\n<meta property=\"og:image\" content=\"https:\/\/meditex.ee\/wp-content\/uploads\/2020\/09\/STOMASAFE10-medium-removebg-preview.png\" \/>\n\t<meta property=\"og:image:width\" content=\"590\" \/>\n\t<meta property=\"og:image:height\" content=\"423\" \/>\n\t<meta property=\"og:image:type\" content=\"image\/png\" \/>\n<meta name=\"twitter:card\" content=\"summary_large_image\" \/>\n<meta name=\"twitter:label1\" content=\"Est. reading time\" \/>\n\t<meta name=\"twitter:data1\" content=\"2 minut\u0117\" \/>\n<script type=\"application\/ld+json\" class=\"yoast-schema-graph\">{\"@context\":\"https:\\\/\\\/schema.org\",\"@graph\":[{\"@type\":\"WebPage\",\"@id\":\"https:\\\/\\\/meditex.ee\\\/lt\\\/product\\\/corsinel-stomasafe-classic\\\/\",\"url\":\"https:\\\/\\\/meditex.ee\\\/lt\\\/product\\\/corsinel-stomasafe-classic\\\/\",\"name\":\"Lengvo palaikymo stomos dir\u017eas StomaSafe Classic - meditex.ee\",\"isPartOf\":{\"@id\":\"https:\\\/\\\/meditex.ee\\\/en\\\/#website\"},\"primaryImageOfPage\":{\"@id\":\"https:\\\/\\\/meditex.ee\\\/lt\\\/product\\\/corsinel-stomasafe-classic\\\/#primaryimage\"},\"image\":{\"@id\":\"https:\\\/\\\/meditex.ee\\\/lt\\\/product\\\/corsinel-stomasafe-classic\\\/#primaryimage\"},\"thumbnailUrl\":\"https:\\\/\\\/meditex.ee\\\/wp-content\\\/uploads\\\/2020\\\/09\\\/STOMASAFE10-medium-removebg-preview.png\",\"datePublished\":\"2026-02-04T14:06:22+00:00\",\"dateModified\":\"2026-03-20T07:32:20+00:00\",\"description\":\"Lengvo palaikymo stomos dir\u017eas StomaSafe Classic. Mink\u0161tas ir tamprus dir\u017eas su vidiniu ki\u0161eniu saugiam vis\u0173 tip\u0173 stomos ir drena\u017eo mai\u0161eli\u0173 laikymui.\",\"breadcrumb\":{\"@id\":\"https:\\\/\\\/meditex.ee\\\/lt\\\/product\\\/corsinel-stomasafe-classic\\\/#breadcrumb\"},\"inLanguage\":\"lt-LT\",\"potentialAction\":[{\"@type\":\"ReadAction\",\"target\":[\"https:\\\/\\\/meditex.ee\\\/lt\\\/product\\\/corsinel-stomasafe-classic\\\/\"]}]},{\"@type\":\"ImageObject\",\"inLanguage\":\"lt-LT\",\"@id\":\"https:\\\/\\\/meditex.ee\\\/lt\\\/product\\\/corsinel-stomasafe-classic\\\/#primaryimage\",\"url\":\"https:\\\/\\\/meditex.ee\\\/wp-content\\\/uploads\\\/2020\\\/09\\\/STOMASAFE10-medium-removebg-preview.png\",\"contentUrl\":\"https:\\\/\\\/meditex.ee\\\/wp-content\\\/uploads\\\/2020\\\/09\\\/STOMASAFE10-medium-removebg-preview.png\",\"width\":590,\"height\":423,\"caption\":\"Lengvo palaikymo stomos dir\u017eas StomaSafe Classic\"},{\"@type\":\"BreadcrumbList\",\"@id\":\"https:\\\/\\\/meditex.ee\\\/lt\\\/product\\\/corsinel-stomasafe-classic\\\/#breadcrumb\",\"itemListElement\":[{\"@type\":\"ListItem\",\"position\":1,\"name\":\"Home\",\"item\":\"https:\\\/\\\/meditex.ee\\\/lt\\\/\"},{\"@type\":\"ListItem\",\"position\":2,\"name\":\"Parduotuv\u0117\",\"item\":\"https:\\\/\\\/meditex.ee\\\/lt\\\/parduotuve\\\/\"},{\"@type\":\"ListItem\",\"position\":3,\"name\":\"Corsinel StomaSafe Classic\"}]},{\"@type\":\"WebSite\",\"@id\":\"https:\\\/\\\/meditex.ee\\\/en\\\/#website\",\"url\":\"https:\\\/\\\/meditex.ee\\\/en\\\/\",\"name\":\"Meditex\",\"description\":\"\",\"publisher\":{\"@id\":\"https:\\\/\\\/meditex.ee\\\/en\\\/#organization\"},\"potentialAction\":[{\"@type\":\"SearchAction\",\"target\":{\"@type\":\"EntryPoint\",\"urlTemplate\":\"https:\\\/\\\/meditex.ee\\\/en\\\/?s={search_term_string}\"},\"query-input\":{\"@type\":\"PropertyValueSpecification\",\"valueRequired\":true,\"valueName\":\"search_term_string\"}}],\"inLanguage\":\"lt-LT\"},{\"@type\":\"Organization\",\"@id\":\"https:\\\/\\\/meditex.ee\\\/en\\\/#organization\",\"name\":\"Meditex\",\"url\":\"https:\\\/\\\/meditex.ee\\\/en\\\/\",\"logo\":{\"@type\":\"ImageObject\",\"inLanguage\":\"lt-LT\",\"@id\":\"https:\\\/\\\/meditex.ee\\\/en\\\/#\\\/schema\\\/logo\\\/image\\\/\",\"url\":\"https:\\\/\\\/meditex.ee\\\/wp-content\\\/uploads\\\/2018\\\/03\\\/mdtx_logo.png\",\"contentUrl\":\"https:\\\/\\\/meditex.ee\\\/wp-content\\\/uploads\\\/2018\\\/03\\\/mdtx_logo.png\",\"width\":669,\"height\":235,\"caption\":\"Meditex\"},\"image\":{\"@id\":\"https:\\\/\\\/meditex.ee\\\/en\\\/#\\\/schema\\\/logo\\\/image\\\/\"},\"sameAs\":[\"https:\\\/\\\/www.facebook.com\\\/meditexepood\\\/\"]}]}<\/script>\n<!-- \/ Yoast SEO plugin. -->","yoast_head_json":{"title":"Lengvo palaikymo stomos dir\u017eas StomaSafe Classic - meditex.ee","description":"Lengvo palaikymo stomos dir\u017eas StomaSafe Classic. Mink\u0161tas ir tamprus dir\u017eas su vidiniu ki\u0161eniu saugiam vis\u0173 tip\u0173 stomos ir drena\u017eo mai\u0161eli\u0173 laikymui.","robots":{"index":"index","follow":"follow","max-snippet":"max-snippet:-1","max-image-preview":"max-image-preview:large","max-video-preview":"max-video-preview:-1"},"canonical":"https:\/\/meditex.ee\/lt\/product\/corsinel-stomasafe-classic\/","og_locale":"lt_LT","og_type":"article","og_title":"Lengvo palaikymo stomos dir\u017eas StomaSafe Classic - meditex.ee","og_description":"Lengvo palaikymo stomos dir\u017eas StomaSafe Classic. Mink\u0161tas ir tamprus dir\u017eas su vidiniu ki\u0161eniu saugiam vis\u0173 tip\u0173 stomos ir drena\u017eo mai\u0161eli\u0173 laikymui.","og_url":"https:\/\/meditex.ee\/lt\/product\/corsinel-stomasafe-classic\/","og_site_name":"Meditex","article_publisher":"https:\/\/www.facebook.com\/meditexepood\/","article_modified_time":"2026-03-20T07:32:20+00:00","og_image":[{"width":590,"height":423,"url":"https:\/\/meditex.ee\/wp-content\/uploads\/2020\/09\/STOMASAFE10-medium-removebg-preview.png","type":"image\/png"}],"twitter_card":"summary_large_image","twitter_misc":{"Est. reading time":"2 minut\u0117"},"schema":{"@context":"https:\/\/schema.org","@graph":[{"@type":"WebPage","@id":"https:\/\/meditex.ee\/lt\/product\/corsinel-stomasafe-classic\/","url":"https:\/\/meditex.ee\/lt\/product\/corsinel-stomasafe-classic\/","name":"Lengvo palaikymo stomos dir\u017eas StomaSafe Classic - meditex.ee","isPartOf":{"@id":"https:\/\/meditex.ee\/en\/#website"},"primaryImageOfPage":{"@id":"https:\/\/meditex.ee\/lt\/product\/corsinel-stomasafe-classic\/#primaryimage"},"image":{"@id":"https:\/\/meditex.ee\/lt\/product\/corsinel-stomasafe-classic\/#primaryimage"},"thumbnailUrl":"https:\/\/meditex.ee\/wp-content\/uploads\/2020\/09\/STOMASAFE10-medium-removebg-preview.png","datePublished":"2026-02-04T14:06:22+00:00","dateModified":"2026-03-20T07:32:20+00:00","description":"Lengvo palaikymo stomos dir\u017eas StomaSafe Classic. Mink\u0161tas ir tamprus dir\u017eas su vidiniu ki\u0161eniu saugiam vis\u0173 tip\u0173 stomos ir drena\u017eo mai\u0161eli\u0173 laikymui.","breadcrumb":{"@id":"https:\/\/meditex.ee\/lt\/product\/corsinel-stomasafe-classic\/#breadcrumb"},"inLanguage":"lt-LT","potentialAction":[{"@type":"ReadAction","target":["https:\/\/meditex.ee\/lt\/product\/corsinel-stomasafe-classic\/"]}]},{"@type":"ImageObject","inLanguage":"lt-LT","@id":"https:\/\/meditex.ee\/lt\/product\/corsinel-stomasafe-classic\/#primaryimage","url":"https:\/\/meditex.ee\/wp-content\/uploads\/2020\/09\/STOMASAFE10-medium-removebg-preview.png","contentUrl":"https:\/\/meditex.ee\/wp-content\/uploads\/2020\/09\/STOMASAFE10-medium-removebg-preview.png","width":590,"height":423,"caption":"Lengvo palaikymo stomos dir\u017eas StomaSafe Classic"},{"@type":"BreadcrumbList","@id":"https:\/\/meditex.ee\/lt\/product\/corsinel-stomasafe-classic\/#breadcrumb","itemListElement":[{"@type":"ListItem","position":1,"name":"Home","item":"https:\/\/meditex.ee\/lt\/"},{"@type":"ListItem","position":2,"name":"Parduotuv\u0117","item":"https:\/\/meditex.ee\/lt\/parduotuve\/"},{"@type":"ListItem","position":3,"name":"Corsinel StomaSafe Classic"}]},{"@type":"WebSite","@id":"https:\/\/meditex.ee\/en\/#website","url":"https:\/\/meditex.ee\/en\/","name":"Meditex","description":"","publisher":{"@id":"https:\/\/meditex.ee\/en\/#organization"},"potentialAction":[{"@type":"SearchAction","target":{"@type":"EntryPoint","urlTemplate":"https:\/\/meditex.ee\/en\/?s={search_term_string}"},"query-input":{"@type":"PropertyValueSpecification","valueRequired":true,"valueName":"search_term_string"}}],"inLanguage":"lt-LT"},{"@type":"Organization","@id":"https:\/\/meditex.ee\/en\/#organization","name":"Meditex","url":"https:\/\/meditex.ee\/en\/","logo":{"@type":"ImageObject","inLanguage":"lt-LT","@id":"https:\/\/meditex.ee\/en\/#\/schema\/logo\/image\/","url":"https:\/\/meditex.ee\/wp-content\/uploads\/2018\/03\/mdtx_logo.png","contentUrl":"https:\/\/meditex.ee\/wp-content\/uploads\/2018\/03\/mdtx_logo.png","width":669,"height":235,"caption":"Meditex"},"image":{"@id":"https:\/\/meditex.ee\/en\/#\/schema\/logo\/image\/"},"sameAs":["https:\/\/www.facebook.com\/meditexepood\/"]}]}},"_links":{"self":[{"href":"https:\/\/meditex.ee\/lt\/wp-json\/wp\/v2\/product\/19537","targetHints":{"allow":["GET"]}}],"collection":[{"href":"https:\/\/meditex.ee\/lt\/wp-json\/wp\/v2\/product"}],"about":[{"href":"https:\/\/meditex.ee\/lt\/wp-json\/wp\/v2\/types\/product"}],"wp:featuredmedia":[{"embeddable":true,"href":"https:\/\/meditex.ee\/lt\/wp-json\/wp\/v2\/media\/19538"}],"wp:attachment":[{"href":"https:\/\/meditex.ee\/lt\/wp-json\/wp\/v2\/media?parent=19537"}],"wp:term":[{"taxonomy":"product_brand","embeddable":true,"href":"https:\/\/meditex.ee\/lt\/wp-json\/wp\/v2\/product_brand?post=19537"},{"taxonomy":"product_cat","embeddable":true,"href":"https:\/\/meditex.ee\/lt\/wp-json\/wp\/v2\/product_cat?post=19537"},{"taxonomy":"product_tag","embeddable":true,"href":"https:\/\/meditex.ee\/lt\/wp-json\/wp\/v2\/product_tag?post=19537"}],"curies":[{"name":"wp","href":"https:\/\/api.w.org\/{rel}","templated":true}]}}