{"id":19516,"date":"2026-02-04T14:06:08","date_gmt":"2026-02-04T14:06:08","guid":{"rendered":"https:\/\/meditex.ee\/product\/slapimo-nelaikymo-apatiniai-bodyguard-2\/"},"modified":"2026-02-04T14:06:11","modified_gmt":"2026-02-04T14:06:11","slug":"slapimo-nelaikymo-apatiniai-bodyguard-2","status":"publish","type":"product","link":"https:\/\/meditex.ee\/lt\/produktas\/slapimo-nelaikymo-apatiniai-bodyguard-2\/","title":{"rendered":"\u0160lapimo nelaikymo apatiniai Bodyguard 2"},"content":{"rendered":"<div class=\"row\"  id=\"row-388485321\">\n\n\t<div id=\"col-1976911357\" class=\"col medium-4 small-12 large-4\"  >\n\t\t\t\t<div class=\"col-inner text-left\"  >\n\t\t\t\n\t\t\t\n\t<div class=\"img has-hover x md-x lg-x y md-y lg-y\" id=\"image_1902661232\">\n\t\t\t\t\t\t\t\t<div class=\"img-inner dark\" >\n\t\t\t<img decoding=\"async\" width=\"125\" height=\"33\" src=\"https:\/\/meditex.ee\/wp-content\/uploads\/2020\/10\/tilk3.png\" class=\"attachment-large size-large\" alt=\"\" \/>\t\t\t\t\t\t\n\t\t\t\t\t<\/div>\n\t\t\t\t\t\t\t\t\n<style>\n#image_1902661232 {\n  width: 40%;\n}\n<\/style>\n\t<\/div>\n\t\n\t\t<\/div>\n\t\t\t\t\t<\/div>\n\n\t\n\n\t<div id=\"col-342231001\" class=\"col medium-4 small-12 large-4\"  >\n\t\t\t\t<div class=\"col-inner text-center\"  >\n\t\t\t\n\t\t\t\n\t<div class=\"img has-hover x md-x lg-x y md-y lg-y\" id=\"image_1175385221\">\n\t\t\t\t\t\t\t\t<div class=\"img-inner dark\" >\n\t\t\t<img decoding=\"async\" width=\"500\" height=\"500\" src=\"https:\/\/meditex.ee\/wp-content\/uploads\/2020\/10\/naiste.png\" class=\"attachment-large size-large\" alt=\"\" srcset=\"https:\/\/meditex.ee\/wp-content\/uploads\/2020\/10\/naiste.png 500w, https:\/\/meditex.ee\/wp-content\/uploads\/2020\/10\/naiste-100x100.png 100w, https:\/\/meditex.ee\/wp-content\/uploads\/2020\/10\/naiste-400x400.png 400w, https:\/\/meditex.ee\/wp-content\/uploads\/2020\/10\/naiste-280x280.png 280w, https:\/\/meditex.ee\/wp-content\/uploads\/2020\/10\/naiste-300x300.png 300w\" sizes=\"(max-width: 500px) 100vw, 500px\" \/>\t\t\t\t\t\t\n\t\t\t\t\t<\/div>\n\t\t\t\t\t\t\t\t\n<style>\n#image_1175385221 {\n  width: 25%;\n}\n<\/style>\n\t<\/div>\n\t\n\t\t<\/div>\n\t\t\t\t\t<\/div>\n\n\t\n\n\t<div id=\"col-1423644319\" class=\"col medium-4 small-12 large-4\"  >\n\t\t\t\t<div class=\"col-inner text-right\"  >\n\t\t\t\n\t\t\t\n\t<div class=\"img has-hover x md-x lg-x y md-y lg-y\" id=\"image_741847244\">\n\t\t\t\t\t\t\t\t<div class=\"img-inner dark\" >\n\t\t\t<img decoding=\"async\" width=\"451\" height=\"112\" src=\"https:\/\/meditex.ee\/wp-content\/uploads\/2020\/10\/suprimalogo.png\" class=\"attachment-large size-large\" alt=\"\" \/>\t\t\t\t\t\t\n\t\t\t\t\t<\/div>\n\t\t\t\t\t\t\t\t\n<style>\n#image_741847244 {\n  width: 60%;\n}\n<\/style>\n\t<\/div>\n\t\n\t\t<\/div>\n\t\t\t\t\t<\/div>\n\n\t\n<\/div>\n<h2><span style=\"color: #000000;\"><strong>Pidamatuse aluspesu<\/strong><\/span><\/h2>\n<h3><span style=\"color: #000000;\"><strong>Bodyguard 2<\/strong><\/span><\/h3>\n<p>&nbsp;<\/p>\n<p style=\"text-align: left;\"><span style=\"color: #000000;\">Eelk\u00f5ige hilisemas eas kannatavad paljud naised p\u00f5ie n\u00f5rkuse k\u00e4es. Hirm meelitada t\u00e4helepanu l\u00f5hna v\u00f5i m\u00e4rgumise t\u00f5ttu viib sageli sotsiaalsetest suhetest taganemisele. Kaasaegsed naised saavad elus aktiivselt osaleda suprima t\u00e4nu Bodyguard aluspesule.<\/span><\/p>\n<p style=\"text-align: left;\"><span style=\"color: #000000;\">See pesu sobib m\u00f5\u00f5duka uriinipidamatusega naistele. Kaks praktilist vahelehte kinnitavad \u00fchekordselt kasutatava sideme, et tagada vedelike t\u00f5hus imendumine.<\/span><\/p>\n<p style=\"text-align: left;\"><span style=\"color: #000000;\">Sobiv ja pehme segakangas on v\u00e4ga mugav.<\/span><\/p>\n<p style=\"text-align: left;\"><span style=\"color: #000000;\">Bodyguard aluspesu n\u00e4eb v\u00e4lja nagu tavaline aluspesu, see t\u00e4hendab, et naised saavad muretsemata osaleda igap\u00e4evastes tegevustes.<\/span><\/p>\n<p>&nbsp;<\/p>\n<p style=\"text-align: left;\"><span style=\"color: #000000;\"><strong>Materjal:<\/strong><\/span><\/p>\n<div style=\"text-align: left;\"><span style=\"color: #000000;\">valge \/ sinine: 96% puuvill, 4% l\u00fckra<\/span><\/div>\n<div style=\"text-align: left;\"><span style=\"color: #000000;\">antratsiit: 60% pol\u00fcester, 36% puuvill, 4% elastaan<\/span><\/div>\n<div style=\"text-align: left;\"><\/div>\n<div style=\"text-align: left;\"><span style=\"color: #000000;\">r\u00f5iva kaitsekiht: 100% pol\u00fcuretaan<\/span><\/div>\n<div><\/div>\n\t<div class=\"img has-hover x md-x lg-x y md-y lg-y\" id=\"image_1940387613\">\n\t\t\t\t\t\t\t\t<div class=\"img-inner dark\" >\n\t\t\t<img decoding=\"async\" width=\"1020\" height=\"332\" src=\"https:\/\/meditex.ee\/wp-content\/uploads\/2020\/10\/Suuruste-tabel-1400x456.png\" class=\"attachment-large size-large\" alt=\"\" srcset=\"https:\/\/meditex.ee\/wp-content\/uploads\/2020\/10\/Suuruste-tabel-1400x456.png 1400w, https:\/\/meditex.ee\/wp-content\/uploads\/2020\/10\/Suuruste-tabel-510x166.png 510w, https:\/\/meditex.ee\/wp-content\/uploads\/2020\/10\/Suuruste-tabel-800x261.png 800w, https:\/\/meditex.ee\/wp-content\/uploads\/2020\/10\/Suuruste-tabel-768x250.png 768w, https:\/\/meditex.ee\/wp-content\/uploads\/2020\/10\/Suuruste-tabel-600x195.png 600w, https:\/\/meditex.ee\/wp-content\/uploads\/2020\/10\/Suuruste-tabel.png 1412w\" sizes=\"(max-width: 1020px) 100vw, 1020px\" \/>\t\t\t\t\t\t\n\t\t\t\t\t<\/div>\n\t\t\t\t\t\t\t\t\n<style>\n#image_1940387613 {\n  width: 100%;\n}\n<\/style>\n\t<\/div>\n\t\n<div class=\"is-divider divider clearfix\" style=\"max-width:1110px;background-color:rgb(255, 255, 255);\"><\/div>\n<p style=\"text-align: left;\"><strong><span style=\"color: #000000;\">HOOLDUSJUHEND:<\/span><\/strong><\/p>\n\t<div class=\"img has-hover x md-x lg-x y md-y lg-y\" id=\"image_468231895\">\n\t\t\t\t\t\t\t\t<div class=\"img-inner dark\" >\n\t\t\t<img decoding=\"async\" width=\"1020\" height=\"724\" src=\"https:\/\/meditex.ee\/wp-content\/uploads\/2020\/10\/Pesujuhend-1127x800.png\" class=\"attachment-large size-large\" alt=\"\" srcset=\"https:\/\/meditex.ee\/wp-content\/uploads\/2020\/10\/Pesujuhend-1127x800.png 1127w, https:\/\/meditex.ee\/wp-content\/uploads\/2020\/10\/Pesujuhend-510x362.png 510w, https:\/\/meditex.ee\/wp-content\/uploads\/2020\/10\/Pesujuhend-564x400.png 564w, https:\/\/meditex.ee\/wp-content\/uploads\/2020\/10\/Pesujuhend-768x545.png 768w, https:\/\/meditex.ee\/wp-content\/uploads\/2020\/10\/Pesujuhend-1536x1090.png 1536w, https:\/\/meditex.ee\/wp-content\/uploads\/2020\/10\/Pesujuhend-600x426.png 600w, https:\/\/meditex.ee\/wp-content\/uploads\/2020\/10\/Pesujuhend.png 1747w\" sizes=\"(max-width: 1020px) 100vw, 1020px\" \/>\t\t\t\t\t\t\n\t\t\t\t\t<\/div>\n\t\t\t\t\t\t\t\t\n<style>\n#image_468231895 {\n  width: 35%;\n}\n<\/style>\n\t<\/div>\n\t\n<div class=\"is-divider divider clearfix\" style=\"background-color:rgb(255, 255, 255);\"><\/div>\n<p>Kokkusobivad <a href=\"https:\/\/www.tena.ee\/\" target=\"_blank\" rel=\"noopener noreferrer\">TENA<\/a> tooted: Tena Maxi, Maxi Night, Discreet, Extra, Extra Plus, Maxi.<\/p>\n<p>Info tootja kodulehel <a href=\"https:\/\/www.suprima-gmbh.de\/inkontinenz-slips\/2030\/bodyguard-slip-2\">https:\/\/www.suprima-gmbh.de\/inkontinenz-slips\/2030\/bodyguard-slip-2<\/a><\/p>\n<p>SUPRIMA kohta loe <a href=\"https:\/\/meditex.ee\/lt\/suprima\/\">siit<\/a><\/p>\n<div class=\"row\"  id=\"row-336804517\">\n\n\t<div id=\"col-205008040\" class=\"col small-12 large-12\"  >\n\t\t\t\t<div class=\"col-inner\"  >\n\t\t\t\n\t\t\t\n<div class=\"is-divider divider clearfix\" style=\"max-width:1100px;height:1px;\"><\/div>\n<div class=\"row\"  id=\"row-1840986396\">\n\n\t<div id=\"col-698590518\" class=\"col medium-8 small-12 large-8\"  >\n\t\t\t\t<div class=\"col-inner\"  >\n\t\t\t\n\t\t\t\n<h4 style=\"text-align: left;\">Kod\u0117l naudoti nelaikymo apatinius vietoj vienkartini\u0173 sauskelni\u0173.<\/h4>\n<p style=\"text-align: left;\"><span style=\"font-weight: 400;\">Vienkartin\u0117s kelnait\u0117s yra labai populiarios. <\/span><span style=\"font-weight: 400;\">Ta\u010diau kiekvien\u0105 kart\u0105, kai reikia keisti vienkartines kelnaites, turite nusirengti iki kojini\u0173, kas gali b\u016bti tiek nehigieni\u0161ka, tiek nepatogu. Ypa\u010d vie\u0161ose vietose. <\/span><\/p>\n\t\t<\/div>\n\t\t\t\t\t<\/div>\n\n\t\n\n\t<div id=\"col-1152567384\" class=\"col medium-4 small-12 large-4\"  >\n\t\t\t\t<div class=\"col-inner text-center\"  >\n\t\t\t\n\t\t\t\n\t<div class=\"img has-hover x md-x lg-x y md-y lg-y\" id=\"image_1999591718\">\n\t\t\t\t\t\t\t\t<div class=\"img-inner dark\" >\n\t\t\t<img decoding=\"async\" width=\"500\" height=\"500\" src=\"https:\/\/meditex.ee\/wp-content\/uploads\/2021\/02\/disposable-pants.png\" class=\"attachment-large size-large\" alt=\"\" srcset=\"https:\/\/meditex.ee\/wp-content\/uploads\/2021\/02\/disposable-pants.png 500w, https:\/\/meditex.ee\/wp-content\/uploads\/2021\/02\/disposable-pants-100x100.png 100w, https:\/\/meditex.ee\/wp-content\/uploads\/2021\/02\/disposable-pants-400x400.png 400w, https:\/\/meditex.ee\/wp-content\/uploads\/2021\/02\/disposable-pants-280x280.png 280w, https:\/\/meditex.ee\/wp-content\/uploads\/2021\/02\/disposable-pants-300x300.png 300w\" sizes=\"(max-width: 500px) 100vw, 500px\" \/>\t\t\t\t\t\t\n\t\t\t\t\t<\/div>\n\t\t\t\t\t\t\t\t\n<style>\n#image_1999591718 {\n  width: 41%;\n}\n<\/style>\n\t<\/div>\n\t\n\t\t<\/div>\n\t\t\t\t\t<\/div>\n\n\t\n<\/div>\n<div class=\"row\"  id=\"row-165701704\">\n\n\t<div id=\"col-1819830364\" class=\"col medium-4 small-12 large-4\"  >\n\t\t\t\t<div class=\"col-inner text-center\"  >\n\t\t\t\n\t\t\t\n\t<div class=\"img has-hover x md-x lg-x y md-y lg-y\" id=\"image_177908434\">\n\t\t\t\t\t\t\t\t<div class=\"img-inner dark\" >\n\t\t\t<img decoding=\"async\" width=\"800\" height=\"400\" src=\"https:\/\/meditex.ee\/wp-content\/uploads\/2021\/02\/suprima-lahendus.png\" class=\"attachment-large size-large\" alt=\"\" srcset=\"https:\/\/meditex.ee\/wp-content\/uploads\/2021\/02\/suprima-lahendus.png 800w, https:\/\/meditex.ee\/wp-content\/uploads\/2021\/02\/suprima-lahendus-510x255.png 510w, https:\/\/meditex.ee\/wp-content\/uploads\/2021\/02\/suprima-lahendus-768x384.png 768w, https:\/\/meditex.ee\/wp-content\/uploads\/2021\/02\/suprima-lahendus-600x300.png 600w\" sizes=\"(max-width: 800px) 100vw, 800px\" \/>\t\t\t\t\t\t\n\t\t\t\t\t<\/div>\n\t\t\t\t\t\t\t\t\n<style>\n#image_177908434 {\n  width: 81%;\n}\n<\/style>\n\t<\/div>\n\t\n\t\t<\/div>\n\t\t\t\t\t<\/div>\n\n\t\n\n\t<div id=\"col-1511695140\" class=\"col medium-8 small-12 large-8\"  >\n\t\t\t\t<div class=\"col-inner\"  >\n\t\t\t\n\t\t\t\n<p style=\"text-align: left;\"><span style=\"font-weight: 400;\">Sprendimas &#8211; n<\/span><span style=\"font-weight: 400;\">audojant suprima apatinius su vienkartiniais \u012fklotais, kei\u010diate tik \u012fklotus.<\/span><\/p>\n<p style=\"text-align: left;\"><span style=\"font-weight: 400;\">\u012eklotai yra pigesni nei vienkartin\u0117s kelnait\u0117s. \u012eklotai taip pat sukuria ma\u017eiau atliek\u0173 nei vienkartin\u0117s kelnait\u0117s ir galima teigti, kad apatini\u0173 + \u012fkloto kombinacija yra draugi\u0161kesn\u0117 aplinkai.  <\/span><\/p>\n\t\t<\/div>\n\t\t\t\t\t<\/div>\n\n\t\n<\/div>\n<div class=\"row\"  id=\"row-1155058367\">\n\n\t<div id=\"col-1560261357\" class=\"col small-12 large-12\"  >\n\t\t\t\t<div class=\"col-inner\"  >\n\t\t\t\n\t\t\t\n<p style=\"text-align: left;\"><span style=\"font-weight: 400;\">Nelaikymo apatini\u0173 privalumai:<\/span><\/p>\n<p style=\"text-align: left;\"><b>Ekonomi\u0161ki<\/b><span style=\"font-weight: 400;\">. Skalb\u016bs apatiniai tarnaus ilgai, nes juos galima skalbti kelis kartus. Tai daro juos ekonomi\u0161ku ir patvariu sprendimu. Pradin\u0117 pirkimo kaina gali atrodyti brangi, bet ilgalaik\u0117je perspektyvoje skalb\u016bs apatiniai yra pigesni nei vienkartin\u0117 apsauga.  <\/span><\/p>\n<p style=\"text-align: left;\"><b>Diskreti\u0161ki.<\/b><span style=\"font-weight: 400;\"> Skalb\u016bs nelaikymo apatiniai yra plonesni, tai rei\u0161kia, kad jie da\u017enai yra diskretesni ir nepastebimesni. Skalb\u016bs apatiniai neturi masyvaus sauskelni\u0173 i\u0161vaizdos ir yra sukurti atrodyti kaip \u012fprasti apatiniai. <\/span><\/p>\n<p style=\"text-align: left;\"><b>I\u0161vaizda.<\/b><span style=\"font-weight: 400;\"> Skalb\u016bs apatiniai r\u016bbai yra \u012fvairi\u0173 stili\u0173. Tinkamo i\u0161vaizdos modelio ras sau tiek vyrai, tiek moterys. Yra tiek bokseriuk\u0173, tiek \u012fprast\u0173 kelnu\u010di\u0173.  <\/span><\/p>\n\t\t<\/div>\n\t\t\t\t\t<\/div>\n\n\t\n<\/div>\n\t\t<\/div>\n\t\t\t\t\t<\/div>\n\n\t\n<\/div>\n","protected":false},"excerpt":{"rendered":"<p style=\"text-align: left;\"><span style=\"color: #000000; font-size: 75%;\">\u0160lapimo nelaikymo apatiniai r\u016bbai moterims.<\/span><\/p>\n<p><img decoding=\"async\" class=\"alignnone size-full wp-image-10983\" src=\"https:\/\/meditex.ee\/wp-content\/uploads\/2020\/10\/tilk3.png\" alt=\"\" width=\"125\" height=\"33\"><\/p>\n","protected":false},"featured_media":19526,"template":"","meta":[],"product_brand":[],"product_cat":[634],"product_tag":[637,635],"class_list":{"0":"post-19516","1":"product","2":"type-product","3":"status-publish","4":"has-post-thumbnail","6":"product_cat-inkontinencijos-apatiniai-drabuziai","7":"product_tag-moteru","8":"product_tag-suprima","10":"first","11":"instock","12":"taxable","13":"shipping-taxable","14":"purchasable","15":"product-type-variable"},"yoast_head":"<!-- This site is optimized with the Yoast SEO plugin v27.3 - https:\/\/yoast.com\/product\/yoast-seo-wordpress\/ -->\n<title>\u0160lapimo nelaikymo apatiniai Bodyguard 2 - Meditex .ee internetin\u0117 parduotuv\u0117<\/title>\n<meta name=\"description\" content=\"Tinka moterims su vidutinio stiprumo \u0161lapimo nelaikymu. Mink\u0161tas mi\u0161rus audinys yra labai patogus. Atrodo kaip \u012fprasti apatiniai\" \/>\n<meta name=\"robots\" content=\"index, follow, max-snippet:-1, max-image-preview:large, max-video-preview:-1\" \/>\n<link rel=\"canonical\" href=\"https:\/\/meditex.ee\/lt\/product\/slapimo-nelaikymo-apatiniai-bodyguard-2\/\" \/>\n<meta property=\"og:locale\" content=\"lt_LT\" \/>\n<meta property=\"og:type\" content=\"article\" \/>\n<meta property=\"og:title\" content=\"\u0160lapimo nelaikymo apatiniai Bodyguard 2 - Meditex .ee internetin\u0117 parduotuv\u0117\" \/>\n<meta property=\"og:description\" content=\"Tinka moterims su vidutinio stiprumo \u0161lapimo nelaikymu. Mink\u0161tas mi\u0161rus audinys yra labai patogus. Atrodo kaip \u012fprasti apatiniai\" \/>\n<meta property=\"og:url\" content=\"https:\/\/meditex.ee\/lt\/product\/slapimo-nelaikymo-apatiniai-bodyguard-2\/\" \/>\n<meta property=\"og:site_name\" content=\"Meditex\" \/>\n<meta property=\"article:publisher\" content=\"https:\/\/www.facebook.com\/meditexepood\/\" \/>\n<meta property=\"article:modified_time\" content=\"2026-02-04T14:06:11+00:00\" \/>\n<meta property=\"og:image\" content=\"https:\/\/meditex.ee\/wp-content\/uploads\/2020\/10\/suprima_1258-012_D-1.jpg\" \/>\n\t<meta property=\"og:image:width\" content=\"1063\" \/>\n\t<meta property=\"og:image:height\" content=\"1063\" \/>\n\t<meta property=\"og:image:type\" content=\"image\/jpeg\" \/>\n<meta name=\"twitter:card\" content=\"summary_large_image\" \/>\n<meta name=\"twitter:label1\" content=\"Est. reading time\" \/>\n\t<meta name=\"twitter:data1\" content=\"2 minut\u0117\" \/>\n<script type=\"application\/ld+json\" class=\"yoast-schema-graph\">{\"@context\":\"https:\\\/\\\/schema.org\",\"@graph\":[{\"@type\":\"WebPage\",\"@id\":\"https:\\\/\\\/meditex.ee\\\/lt\\\/product\\\/slapimo-nelaikymo-apatiniai-bodyguard-2\\\/\",\"url\":\"https:\\\/\\\/meditex.ee\\\/lt\\\/product\\\/slapimo-nelaikymo-apatiniai-bodyguard-2\\\/\",\"name\":\"\u0160lapimo nelaikymo apatiniai Bodyguard 2 - Meditex .ee internetin\u0117 parduotuv\u0117\",\"isPartOf\":{\"@id\":\"https:\\\/\\\/meditex.ee\\\/en\\\/#website\"},\"primaryImageOfPage\":{\"@id\":\"https:\\\/\\\/meditex.ee\\\/lt\\\/product\\\/slapimo-nelaikymo-apatiniai-bodyguard-2\\\/#primaryimage\"},\"image\":{\"@id\":\"https:\\\/\\\/meditex.ee\\\/lt\\\/product\\\/slapimo-nelaikymo-apatiniai-bodyguard-2\\\/#primaryimage\"},\"thumbnailUrl\":\"https:\\\/\\\/meditex.ee\\\/wp-content\\\/uploads\\\/2020\\\/10\\\/suprima_1258-012_D-1.jpg\",\"datePublished\":\"2026-02-04T14:06:08+00:00\",\"dateModified\":\"2026-02-04T14:06:11+00:00\",\"description\":\"Tinka moterims su vidutinio stiprumo \u0161lapimo nelaikymu. Mink\u0161tas mi\u0161rus audinys yra labai patogus. Atrodo kaip \u012fprasti apatiniai\",\"breadcrumb\":{\"@id\":\"https:\\\/\\\/meditex.ee\\\/lt\\\/product\\\/slapimo-nelaikymo-apatiniai-bodyguard-2\\\/#breadcrumb\"},\"inLanguage\":\"lt-LT\",\"potentialAction\":[{\"@type\":\"ReadAction\",\"target\":[\"https:\\\/\\\/meditex.ee\\\/lt\\\/product\\\/slapimo-nelaikymo-apatiniai-bodyguard-2\\\/\"]}]},{\"@type\":\"ImageObject\",\"inLanguage\":\"lt-LT\",\"@id\":\"https:\\\/\\\/meditex.ee\\\/lt\\\/product\\\/slapimo-nelaikymo-apatiniai-bodyguard-2\\\/#primaryimage\",\"url\":\"https:\\\/\\\/meditex.ee\\\/wp-content\\\/uploads\\\/2020\\\/10\\\/suprima_1258-012_D-1.jpg\",\"contentUrl\":\"https:\\\/\\\/meditex.ee\\\/wp-content\\\/uploads\\\/2020\\\/10\\\/suprima_1258-012_D-1.jpg\",\"width\":1063,\"height\":1063},{\"@type\":\"BreadcrumbList\",\"@id\":\"https:\\\/\\\/meditex.ee\\\/lt\\\/product\\\/slapimo-nelaikymo-apatiniai-bodyguard-2\\\/#breadcrumb\",\"itemListElement\":[{\"@type\":\"ListItem\",\"position\":1,\"name\":\"Home\",\"item\":\"https:\\\/\\\/meditex.ee\\\/lt\\\/\"},{\"@type\":\"ListItem\",\"position\":2,\"name\":\"Parduotuv\u0117\",\"item\":\"https:\\\/\\\/meditex.ee\\\/lt\\\/parduotuve\\\/\"},{\"@type\":\"ListItem\",\"position\":3,\"name\":\"\u0160lapimo nelaikymo apatiniai Bodyguard 2\"}]},{\"@type\":\"WebSite\",\"@id\":\"https:\\\/\\\/meditex.ee\\\/en\\\/#website\",\"url\":\"https:\\\/\\\/meditex.ee\\\/en\\\/\",\"name\":\"Meditex\",\"description\":\"\",\"publisher\":{\"@id\":\"https:\\\/\\\/meditex.ee\\\/en\\\/#organization\"},\"potentialAction\":[{\"@type\":\"SearchAction\",\"target\":{\"@type\":\"EntryPoint\",\"urlTemplate\":\"https:\\\/\\\/meditex.ee\\\/en\\\/?s={search_term_string}\"},\"query-input\":{\"@type\":\"PropertyValueSpecification\",\"valueRequired\":true,\"valueName\":\"search_term_string\"}}],\"inLanguage\":\"lt-LT\"},{\"@type\":\"Organization\",\"@id\":\"https:\\\/\\\/meditex.ee\\\/en\\\/#organization\",\"name\":\"Meditex\",\"url\":\"https:\\\/\\\/meditex.ee\\\/en\\\/\",\"logo\":{\"@type\":\"ImageObject\",\"inLanguage\":\"lt-LT\",\"@id\":\"https:\\\/\\\/meditex.ee\\\/en\\\/#\\\/schema\\\/logo\\\/image\\\/\",\"url\":\"https:\\\/\\\/meditex.ee\\\/wp-content\\\/uploads\\\/2018\\\/03\\\/mdtx_logo.png\",\"contentUrl\":\"https:\\\/\\\/meditex.ee\\\/wp-content\\\/uploads\\\/2018\\\/03\\\/mdtx_logo.png\",\"width\":669,\"height\":235,\"caption\":\"Meditex\"},\"image\":{\"@id\":\"https:\\\/\\\/meditex.ee\\\/en\\\/#\\\/schema\\\/logo\\\/image\\\/\"},\"sameAs\":[\"https:\\\/\\\/www.facebook.com\\\/meditexepood\\\/\"]}]}<\/script>\n<!-- \/ Yoast SEO plugin. -->","yoast_head_json":{"title":"\u0160lapimo nelaikymo apatiniai Bodyguard 2 - Meditex .ee internetin\u0117 parduotuv\u0117","description":"Tinka moterims su vidutinio stiprumo \u0161lapimo nelaikymu. Mink\u0161tas mi\u0161rus audinys yra labai patogus. Atrodo kaip \u012fprasti apatiniai","robots":{"index":"index","follow":"follow","max-snippet":"max-snippet:-1","max-image-preview":"max-image-preview:large","max-video-preview":"max-video-preview:-1"},"canonical":"https:\/\/meditex.ee\/lt\/product\/slapimo-nelaikymo-apatiniai-bodyguard-2\/","og_locale":"lt_LT","og_type":"article","og_title":"\u0160lapimo nelaikymo apatiniai Bodyguard 2 - Meditex .ee internetin\u0117 parduotuv\u0117","og_description":"Tinka moterims su vidutinio stiprumo \u0161lapimo nelaikymu. Mink\u0161tas mi\u0161rus audinys yra labai patogus. Atrodo kaip \u012fprasti apatiniai","og_url":"https:\/\/meditex.ee\/lt\/product\/slapimo-nelaikymo-apatiniai-bodyguard-2\/","og_site_name":"Meditex","article_publisher":"https:\/\/www.facebook.com\/meditexepood\/","article_modified_time":"2026-02-04T14:06:11+00:00","og_image":[{"width":1063,"height":1063,"url":"https:\/\/meditex.ee\/wp-content\/uploads\/2020\/10\/suprima_1258-012_D-1.jpg","type":"image\/jpeg"}],"twitter_card":"summary_large_image","twitter_misc":{"Est. reading time":"2 minut\u0117"},"schema":{"@context":"https:\/\/schema.org","@graph":[{"@type":"WebPage","@id":"https:\/\/meditex.ee\/lt\/product\/slapimo-nelaikymo-apatiniai-bodyguard-2\/","url":"https:\/\/meditex.ee\/lt\/product\/slapimo-nelaikymo-apatiniai-bodyguard-2\/","name":"\u0160lapimo nelaikymo apatiniai Bodyguard 2 - Meditex .ee internetin\u0117 parduotuv\u0117","isPartOf":{"@id":"https:\/\/meditex.ee\/en\/#website"},"primaryImageOfPage":{"@id":"https:\/\/meditex.ee\/lt\/product\/slapimo-nelaikymo-apatiniai-bodyguard-2\/#primaryimage"},"image":{"@id":"https:\/\/meditex.ee\/lt\/product\/slapimo-nelaikymo-apatiniai-bodyguard-2\/#primaryimage"},"thumbnailUrl":"https:\/\/meditex.ee\/wp-content\/uploads\/2020\/10\/suprima_1258-012_D-1.jpg","datePublished":"2026-02-04T14:06:08+00:00","dateModified":"2026-02-04T14:06:11+00:00","description":"Tinka moterims su vidutinio stiprumo \u0161lapimo nelaikymu. Mink\u0161tas mi\u0161rus audinys yra labai patogus. Atrodo kaip \u012fprasti apatiniai","breadcrumb":{"@id":"https:\/\/meditex.ee\/lt\/product\/slapimo-nelaikymo-apatiniai-bodyguard-2\/#breadcrumb"},"inLanguage":"lt-LT","potentialAction":[{"@type":"ReadAction","target":["https:\/\/meditex.ee\/lt\/product\/slapimo-nelaikymo-apatiniai-bodyguard-2\/"]}]},{"@type":"ImageObject","inLanguage":"lt-LT","@id":"https:\/\/meditex.ee\/lt\/product\/slapimo-nelaikymo-apatiniai-bodyguard-2\/#primaryimage","url":"https:\/\/meditex.ee\/wp-content\/uploads\/2020\/10\/suprima_1258-012_D-1.jpg","contentUrl":"https:\/\/meditex.ee\/wp-content\/uploads\/2020\/10\/suprima_1258-012_D-1.jpg","width":1063,"height":1063},{"@type":"BreadcrumbList","@id":"https:\/\/meditex.ee\/lt\/product\/slapimo-nelaikymo-apatiniai-bodyguard-2\/#breadcrumb","itemListElement":[{"@type":"ListItem","position":1,"name":"Home","item":"https:\/\/meditex.ee\/lt\/"},{"@type":"ListItem","position":2,"name":"Parduotuv\u0117","item":"https:\/\/meditex.ee\/lt\/parduotuve\/"},{"@type":"ListItem","position":3,"name":"\u0160lapimo nelaikymo apatiniai Bodyguard 2"}]},{"@type":"WebSite","@id":"https:\/\/meditex.ee\/en\/#website","url":"https:\/\/meditex.ee\/en\/","name":"Meditex","description":"","publisher":{"@id":"https:\/\/meditex.ee\/en\/#organization"},"potentialAction":[{"@type":"SearchAction","target":{"@type":"EntryPoint","urlTemplate":"https:\/\/meditex.ee\/en\/?s={search_term_string}"},"query-input":{"@type":"PropertyValueSpecification","valueRequired":true,"valueName":"search_term_string"}}],"inLanguage":"lt-LT"},{"@type":"Organization","@id":"https:\/\/meditex.ee\/en\/#organization","name":"Meditex","url":"https:\/\/meditex.ee\/en\/","logo":{"@type":"ImageObject","inLanguage":"lt-LT","@id":"https:\/\/meditex.ee\/en\/#\/schema\/logo\/image\/","url":"https:\/\/meditex.ee\/wp-content\/uploads\/2018\/03\/mdtx_logo.png","contentUrl":"https:\/\/meditex.ee\/wp-content\/uploads\/2018\/03\/mdtx_logo.png","width":669,"height":235,"caption":"Meditex"},"image":{"@id":"https:\/\/meditex.ee\/en\/#\/schema\/logo\/image\/"},"sameAs":["https:\/\/www.facebook.com\/meditexepood\/"]}]}},"_links":{"self":[{"href":"https:\/\/meditex.ee\/lt\/wp-json\/wp\/v2\/product\/19516","targetHints":{"allow":["GET"]}}],"collection":[{"href":"https:\/\/meditex.ee\/lt\/wp-json\/wp\/v2\/product"}],"about":[{"href":"https:\/\/meditex.ee\/lt\/wp-json\/wp\/v2\/types\/product"}],"wp:featuredmedia":[{"embeddable":true,"href":"https:\/\/meditex.ee\/lt\/wp-json\/wp\/v2\/media\/19526"}],"wp:attachment":[{"href":"https:\/\/meditex.ee\/lt\/wp-json\/wp\/v2\/media?parent=19516"}],"wp:term":[{"taxonomy":"product_brand","embeddable":true,"href":"https:\/\/meditex.ee\/lt\/wp-json\/wp\/v2\/product_brand?post=19516"},{"taxonomy":"product_cat","embeddable":true,"href":"https:\/\/meditex.ee\/lt\/wp-json\/wp\/v2\/product_cat?post=19516"},{"taxonomy":"product_tag","embeddable":true,"href":"https:\/\/meditex.ee\/lt\/wp-json\/wp\/v2\/product_tag?post=19516"}],"curies":[{"name":"wp","href":"https:\/\/api.w.org\/{rel}","templated":true}]}}