{"id":19506,"date":"2026-02-04T14:05:34","date_gmt":"2026-02-04T14:05:34","guid":{"rendered":"https:\/\/meditex.ee\/product\/nelaikomumo-apatiniai-bodyguard-6\/"},"modified":"2026-02-04T14:05:37","modified_gmt":"2026-02-04T14:05:37","slug":"nelaikomumo-apatiniai-bodyguard-6","status":"publish","type":"product","link":"https:\/\/meditex.ee\/lt\/produktas\/nelaikomumo-apatiniai-bodyguard-6\/","title":{"rendered":"Nelaikomumo apatiniai Bodyguard 6"},"content":{"rendered":"<div class=\"row\"  id=\"row-763139381\">\n\n\t<div id=\"col-340407298\" class=\"col medium-4 small-12 large-4\"  >\n\t\t\t\t<div class=\"col-inner text-left\"  >\n\t\t\t\n\t\t\t\n\t<div class=\"img has-hover x md-x lg-x y md-y lg-y\" id=\"image_7345387\">\n\t\t\t\t\t\t\t\t<div class=\"img-inner dark\" >\n\t\t\t<img decoding=\"async\" width=\"125\" height=\"33\" src=\"https:\/\/meditex.ee\/wp-content\/uploads\/2020\/10\/tilk2.png\" class=\"attachment-large size-large\" alt=\"\" \/>\t\t\t\t\t\t\n\t\t\t\t\t<\/div>\n\t\t\t\t\t\t\t\t\n<style>\n#image_7345387 {\n  width: 40%;\n}\n<\/style>\n\t<\/div>\n\t\n\t\t<\/div>\n\t\t\t\t\t<\/div>\n\n\t\n\n\t<div id=\"col-1275889470\" class=\"col medium-4 small-12 large-4\"  >\n\t\t\t\t<div class=\"col-inner text-center\"  >\n\t\t\t\n\t\t\t\n\t<div class=\"img has-hover x md-x lg-x y md-y lg-y\" id=\"image_533235429\">\n\t\t\t\t\t\t\t\t<div class=\"img-inner dark\" >\n\t\t\t<img decoding=\"async\" width=\"500\" height=\"500\" src=\"https:\/\/meditex.ee\/wp-content\/uploads\/2020\/10\/meeste.png\" class=\"attachment-large size-large\" alt=\"\" srcset=\"https:\/\/meditex.ee\/wp-content\/uploads\/2020\/10\/meeste.png 500w, https:\/\/meditex.ee\/wp-content\/uploads\/2020\/10\/meeste-100x100.png 100w, https:\/\/meditex.ee\/wp-content\/uploads\/2020\/10\/meeste-400x400.png 400w, https:\/\/meditex.ee\/wp-content\/uploads\/2020\/10\/meeste-280x280.png 280w, https:\/\/meditex.ee\/wp-content\/uploads\/2020\/10\/meeste-300x300.png 300w\" sizes=\"(max-width: 500px) 100vw, 500px\" \/>\t\t\t\t\t\t\n\t\t\t\t\t<\/div>\n\t\t\t\t\t\t\t\t\n<style>\n#image_533235429 {\n  width: 25%;\n}\n<\/style>\n\t<\/div>\n\t\n\t\t<\/div>\n\t\t\t\t\t<\/div>\n\n\t\n\n\t<div id=\"col-1784972180\" class=\"col medium-4 small-12 large-4\"  >\n\t\t\t\t<div class=\"col-inner text-right\"  >\n\t\t\t\n\t\t\t\n\t<div class=\"img has-hover x md-x lg-x y md-y lg-y\" id=\"image_1660049181\">\n\t\t\t\t\t\t\t\t<div class=\"img-inner dark\" >\n\t\t\t<img decoding=\"async\" width=\"451\" height=\"112\" src=\"https:\/\/meditex.ee\/wp-content\/uploads\/2020\/10\/suprimalogo.png\" class=\"attachment-large size-large\" alt=\"\" \/>\t\t\t\t\t\t\n\t\t\t\t\t<\/div>\n\t\t\t\t\t\t\t\t\n<style>\n#image_1660049181 {\n  width: 60%;\n}\n<\/style>\n\t<\/div>\n\t\n\t\t<\/div>\n\t\t\t\t\t<\/div>\n\n\t\n<\/div>\n<h2><strong>Pidamatuse aluspesu meestele<\/strong><\/h2>\n<h3><strong>Bodyguard 6<\/strong><\/h3>\n<p style=\"text-align: left;\"><span style=\"color: #000000;\">Funktsionaalne ja samal ajal diskreetne pidamatuse aluspesu meestele tagab, et kerge kuni m\u00f5\u00f5duka uriinipidamatusega mehed saavad probleemideta osaleda igap\u00e4evastes tegevustes.<\/span><\/p>\n<p style=\"text-align: left;\"><span style=\"color: #000000;\">Seda aluspesu saab \u00fchendada sobiva \u00fchekordselt kasutatava pesukaitsega ja pakub pidamatuse all kannatajatele maksimaalset kandmismugavust. Sarnasus tavalise aluspesuga tagab meestele stiilse v\u00e4limuse koos turvatundega.<\/span><\/p>\n<p style=\"text-align: left;\"><span style=\"color: #000000;\"><strong>Materjal:<\/strong><\/span><\/p>\n<div style=\"text-align: left;\"><span style=\"color: #000000;\">valge \/ sinine: 96% puuvill, 4% elastaan<\/span><\/div>\n<div style=\"text-align: left;\"><span style=\"color: #000000;\">antratsiit: 60% pol\u00fcester, 36% puuvill, 4% elastaan<\/span><\/div>\n<div style=\"text-align: left;\"><\/div>\n<div style=\"text-align: left;\"><span style=\"color: #000000;\">r\u00f5iva kaitsekiht: 100% pol\u00fcuretaan<\/span><\/div>\n<div><\/div>\n\t<div class=\"img has-hover x md-x lg-x y md-y lg-y\" id=\"image_997509125\">\n\t\t\t\t\t\t\t\t<div class=\"img-inner dark\" >\n\t\t\t<img decoding=\"async\" width=\"1020\" height=\"332\" src=\"https:\/\/meditex.ee\/wp-content\/uploads\/2020\/10\/Suuruste-tabel-1400x456.png\" class=\"attachment-large size-large\" alt=\"\" srcset=\"https:\/\/meditex.ee\/wp-content\/uploads\/2020\/10\/Suuruste-tabel-1400x456.png 1400w, https:\/\/meditex.ee\/wp-content\/uploads\/2020\/10\/Suuruste-tabel-510x166.png 510w, https:\/\/meditex.ee\/wp-content\/uploads\/2020\/10\/Suuruste-tabel-800x261.png 800w, https:\/\/meditex.ee\/wp-content\/uploads\/2020\/10\/Suuruste-tabel-768x250.png 768w, https:\/\/meditex.ee\/wp-content\/uploads\/2020\/10\/Suuruste-tabel-600x195.png 600w, https:\/\/meditex.ee\/wp-content\/uploads\/2020\/10\/Suuruste-tabel.png 1412w\" sizes=\"(max-width: 1020px) 100vw, 1020px\" \/>\t\t\t\t\t\t\n\t\t\t\t\t<\/div>\n\t\t\t\t\t\t\t\t\n<style>\n#image_997509125 {\n  width: 100%;\n}\n<\/style>\n\t<\/div>\n\t\n<div class=\"is-divider divider clearfix\" style=\"max-width:1110px;background-color:rgb(255, 255, 255);\"><\/div>\n<p style=\"text-align: left;\"><strong><span style=\"color: #000000;\">HOOLDUSJUHEND:<\/span><\/strong><\/p>\n\t<div class=\"img has-hover x md-x lg-x y md-y lg-y\" id=\"image_1997278166\">\n\t\t\t\t\t\t\t\t<div class=\"img-inner dark\" >\n\t\t\t<img decoding=\"async\" width=\"1020\" height=\"724\" src=\"https:\/\/meditex.ee\/wp-content\/uploads\/2020\/10\/Pesujuhend-1127x800.png\" class=\"attachment-large size-large\" alt=\"\" srcset=\"https:\/\/meditex.ee\/wp-content\/uploads\/2020\/10\/Pesujuhend-1127x800.png 1127w, https:\/\/meditex.ee\/wp-content\/uploads\/2020\/10\/Pesujuhend-510x362.png 510w, https:\/\/meditex.ee\/wp-content\/uploads\/2020\/10\/Pesujuhend-564x400.png 564w, https:\/\/meditex.ee\/wp-content\/uploads\/2020\/10\/Pesujuhend-768x545.png 768w, https:\/\/meditex.ee\/wp-content\/uploads\/2020\/10\/Pesujuhend-1536x1090.png 1536w, https:\/\/meditex.ee\/wp-content\/uploads\/2020\/10\/Pesujuhend-600x426.png 600w, https:\/\/meditex.ee\/wp-content\/uploads\/2020\/10\/Pesujuhend.png 1747w\" sizes=\"(max-width: 1020px) 100vw, 1020px\" \/>\t\t\t\t\t\t\n\t\t\t\t\t<\/div>\n\t\t\t\t\t\t\t\t\n<style>\n#image_1997278166 {\n  width: 35%;\n}\n<\/style>\n\t<\/div>\n\t\n<div class=\"is-divider divider clearfix\" style=\"background-color:rgb(255, 255, 255);\"><\/div>\n<p>Kokkusobivad <a href=\"https:\/\/www.tena.ee\/\" target=\"_blank\" rel=\"noopener noreferrer\">TENA<\/a> tooted: Level 1, Level 2, Level 3.<\/p>\n<p style=\"text-align: left;\"><span style=\"color: #000000;\">Info tootja kodulehel<\/span> <a href=\"https:\/\/www.suprima-gmbh.de\/inkontinenz-slips\/2035\/bodyguard-slip-6\">https:\/\/www.suprima-gmbh.de\/inkontinenz-slips\/2035\/bodyguard-slip-6<\/a><\/p>\n<p>SUPRIMA kohta loe\u00a0<a href=\"https:\/\/meditex.ee\/lt\/suprima\/\">siit<\/a><\/p>\n<div class=\"row\"  id=\"row-175331418\">\n\n\t<div id=\"col-1277702571\" class=\"col small-12 large-12\"  >\n\t\t\t\t<div class=\"col-inner\"  >\n\t\t\t\n\t\t\t\n<div class=\"is-divider divider clearfix\" style=\"max-width:1100px;height:1px;\"><\/div>\n<div class=\"row\"  id=\"row-1931043692\">\n\n\t<div id=\"col-169310712\" class=\"col medium-8 small-12 large-8\"  >\n\t\t\t\t<div class=\"col-inner\"  >\n\t\t\t\n\t\t\t\n<h4 style=\"text-align: left;\">Kod\u0117l naudoti nelaikomumo trikota\u017e\u0105 vietoj vienkartini\u0173 sauskelni\u0173.<\/h4>\n<p style=\"text-align: left;\"><span style=\"font-weight: 400;\">Vienkartin\u0117s kelnait\u0117s yra labai populiarios. <\/span><span style=\"font-weight: 400;\">Ta\u010diau kiekvien\u0105 kart\u0105, kai reikia keisti vienkartines kelnaites, turite nusirengin\u0117ti iki kojini\u0173, kas gali b\u016bti tiek nehigieni\u0161ka, tiek nepatogu. Ypa\u010d vie\u0161ose vietose. <\/span><\/p>\n\t\t<\/div>\n\t\t\t\t\t<\/div>\n\n\t\n\n\t<div id=\"col-173919561\" class=\"col medium-4 small-12 large-4\"  >\n\t\t\t\t<div class=\"col-inner text-center\"  >\n\t\t\t\n\t\t\t\n\t<div class=\"img has-hover x md-x lg-x y md-y lg-y\" id=\"image_1452379660\">\n\t\t\t\t\t\t\t\t<div class=\"img-inner dark\" >\n\t\t\t<img decoding=\"async\" width=\"500\" height=\"500\" src=\"https:\/\/meditex.ee\/wp-content\/uploads\/2021\/02\/disposable-pants.png\" class=\"attachment-large size-large\" alt=\"\" srcset=\"https:\/\/meditex.ee\/wp-content\/uploads\/2021\/02\/disposable-pants.png 500w, https:\/\/meditex.ee\/wp-content\/uploads\/2021\/02\/disposable-pants-100x100.png 100w, https:\/\/meditex.ee\/wp-content\/uploads\/2021\/02\/disposable-pants-400x400.png 400w, https:\/\/meditex.ee\/wp-content\/uploads\/2021\/02\/disposable-pants-280x280.png 280w, https:\/\/meditex.ee\/wp-content\/uploads\/2021\/02\/disposable-pants-300x300.png 300w\" sizes=\"(max-width: 500px) 100vw, 500px\" \/>\t\t\t\t\t\t\n\t\t\t\t\t<\/div>\n\t\t\t\t\t\t\t\t\n<style>\n#image_1452379660 {\n  width: 41%;\n}\n<\/style>\n\t<\/div>\n\t\n\t\t<\/div>\n\t\t\t\t\t<\/div>\n\n\t\n<\/div>\n<div class=\"row\"  id=\"row-1410359450\">\n\n\t<div id=\"col-839138237\" class=\"col medium-4 small-12 large-4\"  >\n\t\t\t\t<div class=\"col-inner text-center\"  >\n\t\t\t\n\t\t\t\n\t<div class=\"img has-hover x md-x lg-x y md-y lg-y\" id=\"image_1775583071\">\n\t\t\t\t\t\t\t\t<div class=\"img-inner dark\" >\n\t\t\t<img decoding=\"async\" width=\"800\" height=\"400\" src=\"https:\/\/meditex.ee\/wp-content\/uploads\/2021\/02\/suprima-lahendus.png\" class=\"attachment-large size-large\" alt=\"\" srcset=\"https:\/\/meditex.ee\/wp-content\/uploads\/2021\/02\/suprima-lahendus.png 800w, https:\/\/meditex.ee\/wp-content\/uploads\/2021\/02\/suprima-lahendus-510x255.png 510w, https:\/\/meditex.ee\/wp-content\/uploads\/2021\/02\/suprima-lahendus-768x384.png 768w, https:\/\/meditex.ee\/wp-content\/uploads\/2021\/02\/suprima-lahendus-600x300.png 600w\" sizes=\"(max-width: 800px) 100vw, 800px\" \/>\t\t\t\t\t\t\n\t\t\t\t\t<\/div>\n\t\t\t\t\t\t\t\t\n<style>\n#image_1775583071 {\n  width: 81%;\n}\n<\/style>\n\t<\/div>\n\t\n\t\t<\/div>\n\t\t\t\t\t<\/div>\n\n\t\n\n\t<div id=\"col-1776710522\" class=\"col medium-8 small-12 large-8\"  >\n\t\t\t\t<div class=\"col-inner\"  >\n\t\t\t\n\t\t\t\n<p style=\"text-align: left;\"><span style=\"font-weight: 400;\">Sprendimas &#8211; n<\/span><span style=\"font-weight: 400;\">audojant suprima apatinius su vienkartiniais \u012fklotais, kei\u010diate tik \u012fklotus.<\/span><\/p>\n<p style=\"text-align: left;\"><span style=\"font-weight: 400;\">\u012eklotai yra pigesni nei vienkartin\u0117s kelnait\u0117s. \u012eklotai taip pat sukuria ma\u017eiau atliek\u0173 nei vienkartin\u0117s kelnait\u0117s ir galima teigti, kad trikota\u017eo ir \u012fkloto kombinacija yra draugi\u0161kesn\u0117 aplinkai.  <\/span><\/p>\n\t\t<\/div>\n\t\t\t\t\t<\/div>\n\n\t\n<\/div>\n<div class=\"row\"  id=\"row-702435651\">\n\n\t<div id=\"col-311414484\" class=\"col small-12 large-12\"  >\n\t\t\t\t<div class=\"col-inner\"  >\n\t\t\t\n\t\t\t\n<p style=\"text-align: left;\"><span style=\"font-weight: 400;\">Nelaikomumo trikota\u017eo privalumai:<\/span><\/p>\n<p style=\"text-align: left;\"><b>Ekonomi\u0161ki<\/b><span style=\"font-weight: 400;\">. Skalbimos kelnait\u0117s tarnauja ilgai, nes jas galima kelis kartus skalbti. Tai daro jas ekonomi\u0161ku ir patvariu sprendimu. Pradin\u0117 \u012fsigijimo kaina gali atrodyti brangi, ta\u010diau ilgalaik\u0117je perspektyvoje skalbimus apatinius ne\u0161ioti pigiau nei vienkartin\u0119 apsaug\u0105.  <\/span><\/p>\n<p style=\"text-align: left;\"><b>Diskreti\u0161ki.<\/b><span style=\"font-weight: 400;\"> Skalbimos nelaikomumo kelnait\u0117s yra plones\u0117s, tai rei\u0161kia, kad jos da\u017enai b\u016bna diskreti\u0161kesn\u0117s ir nepastebimesn\u0117s. Skalbimos kelnait\u0117s neturi masyvaus sauskelni\u0173 i\u0161vaizdos ir yra sukurtos atrodyti kaip \u012fprastos kelnait\u0117s. <\/span><\/p>\n<p style=\"text-align: left;\"><b>I\u0161vaizda.<\/b><span style=\"font-weight: 400;\"> Skalbami apatiniai yra \u012fvairi\u0173 stili\u0173. Tinkamo i\u0161vaizdos modelio gali rasti sau tiek vyrai, tiek moterys. Yra tiek bokseriai, tiek \u012fprastos kelnait\u0117s.  <\/span><\/p>\n\t\t<\/div>\n\t\t\t\t\t<\/div>\n\n\t\n<\/div>\n\t\t<\/div>\n\t\t\t\t\t<\/div>\n\n\t\n<\/div>\n","protected":false},"excerpt":{"rendered":"<p style=\"text-align: left;\"><span style=\"color: #000000; font-size: 75%;\">\u0160lapimo nelaikomumo apatiniai vyrams.<\/span><\/p>\n<p><img decoding=\"async\" class=\"alignnone size-full wp-image-10979\" src=\"https:\/\/meditex.ee\/wp-content\/uploads\/2020\/10\/tilk2.png\" alt=\"\" width=\"125\" height=\"33\"><\/p>\n","protected":false},"featured_media":19509,"template":"","meta":[],"product_brand":[],"product_cat":[634],"product_tag":[635,643],"class_list":{"0":"post-19506","1":"product","2":"type-product","3":"status-publish","4":"has-post-thumbnail","6":"product_cat-inkontinencijos-apatiniai-drabuziai","7":"product_tag-suprima","8":"product_tag-vyru","10":"first","11":"instock","12":"taxable","13":"shipping-taxable","14":"purchasable","15":"product-type-variable"},"yoast_head":"<!-- This site is optimized with the Yoast SEO plugin v27.3 - https:\/\/yoast.com\/product\/yoast-seo-wordpress\/ -->\n<title>\u0160lapimo nelaikomumo apatiniai Bodyguard 6 - Meditex .ee internetin\u0117 parduotuv\u0117<\/title>\n<meta name=\"description\" content=\"Nelaikomumo apatiniai vyrams u\u017etikrina, kad vyrai su lengvu ar vidutinio sunkumo nelaikym\u0173 problemomis gal\u0117t\u0173 be problem\u0173 dalyvauti kasdien\u0117je veikloje.\" \/>\n<meta name=\"robots\" content=\"index, follow, max-snippet:-1, max-image-preview:large, max-video-preview:-1\" \/>\n<link rel=\"canonical\" href=\"https:\/\/meditex.ee\/lt\/product\/nelaikomumo-apatiniai-bodyguard-6\/\" \/>\n<meta property=\"og:locale\" content=\"lt_LT\" \/>\n<meta property=\"og:type\" content=\"article\" \/>\n<meta property=\"og:title\" content=\"\u0160lapimo nelaikomumo apatiniai Bodyguard 6 - Meditex .ee internetin\u0117 parduotuv\u0117\" \/>\n<meta property=\"og:description\" content=\"Nelaikomumo apatiniai vyrams u\u017etikrina, kad vyrai su lengvu ar vidutinio sunkumo nelaikym\u0173 problemomis gal\u0117t\u0173 be problem\u0173 dalyvauti kasdien\u0117je veikloje.\" \/>\n<meta property=\"og:url\" content=\"https:\/\/meditex.ee\/lt\/product\/nelaikomumo-apatiniai-bodyguard-6\/\" \/>\n<meta property=\"og:site_name\" content=\"Meditex\" \/>\n<meta property=\"article:publisher\" content=\"https:\/\/www.facebook.com\/meditexepood\/\" \/>\n<meta property=\"article:modified_time\" content=\"2026-02-04T14:05:37+00:00\" \/>\n<meta property=\"og:image\" content=\"https:\/\/meditex.ee\/wp-content\/uploads\/2020\/10\/suprima_1263-020_H-1.jpg\" \/>\n\t<meta property=\"og:image:width\" content=\"1063\" \/>\n\t<meta property=\"og:image:height\" content=\"1063\" \/>\n\t<meta property=\"og:image:type\" content=\"image\/jpeg\" \/>\n<meta name=\"twitter:card\" content=\"summary_large_image\" \/>\n<meta name=\"twitter:label1\" content=\"Est. reading time\" \/>\n\t<meta name=\"twitter:data1\" content=\"2 minut\u0117\" \/>\n<script type=\"application\/ld+json\" class=\"yoast-schema-graph\">{\"@context\":\"https:\\\/\\\/schema.org\",\"@graph\":[{\"@type\":\"WebPage\",\"@id\":\"https:\\\/\\\/meditex.ee\\\/lt\\\/product\\\/nelaikomumo-apatiniai-bodyguard-6\\\/\",\"url\":\"https:\\\/\\\/meditex.ee\\\/lt\\\/product\\\/nelaikomumo-apatiniai-bodyguard-6\\\/\",\"name\":\"\u0160lapimo nelaikomumo apatiniai Bodyguard 6 - Meditex .ee internetin\u0117 parduotuv\u0117\",\"isPartOf\":{\"@id\":\"https:\\\/\\\/meditex.ee\\\/en\\\/#website\"},\"primaryImageOfPage\":{\"@id\":\"https:\\\/\\\/meditex.ee\\\/lt\\\/product\\\/nelaikomumo-apatiniai-bodyguard-6\\\/#primaryimage\"},\"image\":{\"@id\":\"https:\\\/\\\/meditex.ee\\\/lt\\\/product\\\/nelaikomumo-apatiniai-bodyguard-6\\\/#primaryimage\"},\"thumbnailUrl\":\"https:\\\/\\\/meditex.ee\\\/wp-content\\\/uploads\\\/2020\\\/10\\\/suprima_1263-020_H-1.jpg\",\"datePublished\":\"2026-02-04T14:05:34+00:00\",\"dateModified\":\"2026-02-04T14:05:37+00:00\",\"description\":\"Nelaikomumo apatiniai vyrams u\u017etikrina, kad vyrai su lengvu ar vidutinio sunkumo nelaikym\u0173 problemomis gal\u0117t\u0173 be problem\u0173 dalyvauti kasdien\u0117je veikloje.\",\"breadcrumb\":{\"@id\":\"https:\\\/\\\/meditex.ee\\\/lt\\\/product\\\/nelaikomumo-apatiniai-bodyguard-6\\\/#breadcrumb\"},\"inLanguage\":\"lt-LT\",\"potentialAction\":[{\"@type\":\"ReadAction\",\"target\":[\"https:\\\/\\\/meditex.ee\\\/lt\\\/product\\\/nelaikomumo-apatiniai-bodyguard-6\\\/\"]}]},{\"@type\":\"ImageObject\",\"inLanguage\":\"lt-LT\",\"@id\":\"https:\\\/\\\/meditex.ee\\\/lt\\\/product\\\/nelaikomumo-apatiniai-bodyguard-6\\\/#primaryimage\",\"url\":\"https:\\\/\\\/meditex.ee\\\/wp-content\\\/uploads\\\/2020\\\/10\\\/suprima_1263-020_H-1.jpg\",\"contentUrl\":\"https:\\\/\\\/meditex.ee\\\/wp-content\\\/uploads\\\/2020\\\/10\\\/suprima_1263-020_H-1.jpg\",\"width\":1063,\"height\":1063},{\"@type\":\"BreadcrumbList\",\"@id\":\"https:\\\/\\\/meditex.ee\\\/lt\\\/product\\\/nelaikomumo-apatiniai-bodyguard-6\\\/#breadcrumb\",\"itemListElement\":[{\"@type\":\"ListItem\",\"position\":1,\"name\":\"Home\",\"item\":\"https:\\\/\\\/meditex.ee\\\/lt\\\/\"},{\"@type\":\"ListItem\",\"position\":2,\"name\":\"Parduotuv\u0117\",\"item\":\"https:\\\/\\\/meditex.ee\\\/lt\\\/parduotuve\\\/\"},{\"@type\":\"ListItem\",\"position\":3,\"name\":\"Nelaikomumo apatiniai Bodyguard 6\"}]},{\"@type\":\"WebSite\",\"@id\":\"https:\\\/\\\/meditex.ee\\\/en\\\/#website\",\"url\":\"https:\\\/\\\/meditex.ee\\\/en\\\/\",\"name\":\"Meditex\",\"description\":\"\",\"publisher\":{\"@id\":\"https:\\\/\\\/meditex.ee\\\/en\\\/#organization\"},\"potentialAction\":[{\"@type\":\"SearchAction\",\"target\":{\"@type\":\"EntryPoint\",\"urlTemplate\":\"https:\\\/\\\/meditex.ee\\\/en\\\/?s={search_term_string}\"},\"query-input\":{\"@type\":\"PropertyValueSpecification\",\"valueRequired\":true,\"valueName\":\"search_term_string\"}}],\"inLanguage\":\"lt-LT\"},{\"@type\":\"Organization\",\"@id\":\"https:\\\/\\\/meditex.ee\\\/en\\\/#organization\",\"name\":\"Meditex\",\"url\":\"https:\\\/\\\/meditex.ee\\\/en\\\/\",\"logo\":{\"@type\":\"ImageObject\",\"inLanguage\":\"lt-LT\",\"@id\":\"https:\\\/\\\/meditex.ee\\\/en\\\/#\\\/schema\\\/logo\\\/image\\\/\",\"url\":\"https:\\\/\\\/meditex.ee\\\/wp-content\\\/uploads\\\/2018\\\/03\\\/mdtx_logo.png\",\"contentUrl\":\"https:\\\/\\\/meditex.ee\\\/wp-content\\\/uploads\\\/2018\\\/03\\\/mdtx_logo.png\",\"width\":669,\"height\":235,\"caption\":\"Meditex\"},\"image\":{\"@id\":\"https:\\\/\\\/meditex.ee\\\/en\\\/#\\\/schema\\\/logo\\\/image\\\/\"},\"sameAs\":[\"https:\\\/\\\/www.facebook.com\\\/meditexepood\\\/\"]}]}<\/script>\n<!-- \/ Yoast SEO plugin. -->","yoast_head_json":{"title":"\u0160lapimo nelaikomumo apatiniai Bodyguard 6 - Meditex .ee internetin\u0117 parduotuv\u0117","description":"Nelaikomumo apatiniai vyrams u\u017etikrina, kad vyrai su lengvu ar vidutinio sunkumo nelaikym\u0173 problemomis gal\u0117t\u0173 be problem\u0173 dalyvauti kasdien\u0117je veikloje.","robots":{"index":"index","follow":"follow","max-snippet":"max-snippet:-1","max-image-preview":"max-image-preview:large","max-video-preview":"max-video-preview:-1"},"canonical":"https:\/\/meditex.ee\/lt\/product\/nelaikomumo-apatiniai-bodyguard-6\/","og_locale":"lt_LT","og_type":"article","og_title":"\u0160lapimo nelaikomumo apatiniai Bodyguard 6 - Meditex .ee internetin\u0117 parduotuv\u0117","og_description":"Nelaikomumo apatiniai vyrams u\u017etikrina, kad vyrai su lengvu ar vidutinio sunkumo nelaikym\u0173 problemomis gal\u0117t\u0173 be problem\u0173 dalyvauti kasdien\u0117je veikloje.","og_url":"https:\/\/meditex.ee\/lt\/product\/nelaikomumo-apatiniai-bodyguard-6\/","og_site_name":"Meditex","article_publisher":"https:\/\/www.facebook.com\/meditexepood\/","article_modified_time":"2026-02-04T14:05:37+00:00","og_image":[{"width":1063,"height":1063,"url":"https:\/\/meditex.ee\/wp-content\/uploads\/2020\/10\/suprima_1263-020_H-1.jpg","type":"image\/jpeg"}],"twitter_card":"summary_large_image","twitter_misc":{"Est. reading time":"2 minut\u0117"},"schema":{"@context":"https:\/\/schema.org","@graph":[{"@type":"WebPage","@id":"https:\/\/meditex.ee\/lt\/product\/nelaikomumo-apatiniai-bodyguard-6\/","url":"https:\/\/meditex.ee\/lt\/product\/nelaikomumo-apatiniai-bodyguard-6\/","name":"\u0160lapimo nelaikomumo apatiniai Bodyguard 6 - Meditex .ee internetin\u0117 parduotuv\u0117","isPartOf":{"@id":"https:\/\/meditex.ee\/en\/#website"},"primaryImageOfPage":{"@id":"https:\/\/meditex.ee\/lt\/product\/nelaikomumo-apatiniai-bodyguard-6\/#primaryimage"},"image":{"@id":"https:\/\/meditex.ee\/lt\/product\/nelaikomumo-apatiniai-bodyguard-6\/#primaryimage"},"thumbnailUrl":"https:\/\/meditex.ee\/wp-content\/uploads\/2020\/10\/suprima_1263-020_H-1.jpg","datePublished":"2026-02-04T14:05:34+00:00","dateModified":"2026-02-04T14:05:37+00:00","description":"Nelaikomumo apatiniai vyrams u\u017etikrina, kad vyrai su lengvu ar vidutinio sunkumo nelaikym\u0173 problemomis gal\u0117t\u0173 be problem\u0173 dalyvauti kasdien\u0117je veikloje.","breadcrumb":{"@id":"https:\/\/meditex.ee\/lt\/product\/nelaikomumo-apatiniai-bodyguard-6\/#breadcrumb"},"inLanguage":"lt-LT","potentialAction":[{"@type":"ReadAction","target":["https:\/\/meditex.ee\/lt\/product\/nelaikomumo-apatiniai-bodyguard-6\/"]}]},{"@type":"ImageObject","inLanguage":"lt-LT","@id":"https:\/\/meditex.ee\/lt\/product\/nelaikomumo-apatiniai-bodyguard-6\/#primaryimage","url":"https:\/\/meditex.ee\/wp-content\/uploads\/2020\/10\/suprima_1263-020_H-1.jpg","contentUrl":"https:\/\/meditex.ee\/wp-content\/uploads\/2020\/10\/suprima_1263-020_H-1.jpg","width":1063,"height":1063},{"@type":"BreadcrumbList","@id":"https:\/\/meditex.ee\/lt\/product\/nelaikomumo-apatiniai-bodyguard-6\/#breadcrumb","itemListElement":[{"@type":"ListItem","position":1,"name":"Home","item":"https:\/\/meditex.ee\/lt\/"},{"@type":"ListItem","position":2,"name":"Parduotuv\u0117","item":"https:\/\/meditex.ee\/lt\/parduotuve\/"},{"@type":"ListItem","position":3,"name":"Nelaikomumo apatiniai Bodyguard 6"}]},{"@type":"WebSite","@id":"https:\/\/meditex.ee\/en\/#website","url":"https:\/\/meditex.ee\/en\/","name":"Meditex","description":"","publisher":{"@id":"https:\/\/meditex.ee\/en\/#organization"},"potentialAction":[{"@type":"SearchAction","target":{"@type":"EntryPoint","urlTemplate":"https:\/\/meditex.ee\/en\/?s={search_term_string}"},"query-input":{"@type":"PropertyValueSpecification","valueRequired":true,"valueName":"search_term_string"}}],"inLanguage":"lt-LT"},{"@type":"Organization","@id":"https:\/\/meditex.ee\/en\/#organization","name":"Meditex","url":"https:\/\/meditex.ee\/en\/","logo":{"@type":"ImageObject","inLanguage":"lt-LT","@id":"https:\/\/meditex.ee\/en\/#\/schema\/logo\/image\/","url":"https:\/\/meditex.ee\/wp-content\/uploads\/2018\/03\/mdtx_logo.png","contentUrl":"https:\/\/meditex.ee\/wp-content\/uploads\/2018\/03\/mdtx_logo.png","width":669,"height":235,"caption":"Meditex"},"image":{"@id":"https:\/\/meditex.ee\/en\/#\/schema\/logo\/image\/"},"sameAs":["https:\/\/www.facebook.com\/meditexepood\/"]}]}},"_links":{"self":[{"href":"https:\/\/meditex.ee\/lt\/wp-json\/wp\/v2\/product\/19506","targetHints":{"allow":["GET"]}}],"collection":[{"href":"https:\/\/meditex.ee\/lt\/wp-json\/wp\/v2\/product"}],"about":[{"href":"https:\/\/meditex.ee\/lt\/wp-json\/wp\/v2\/types\/product"}],"wp:featuredmedia":[{"embeddable":true,"href":"https:\/\/meditex.ee\/lt\/wp-json\/wp\/v2\/media\/19509"}],"wp:attachment":[{"href":"https:\/\/meditex.ee\/lt\/wp-json\/wp\/v2\/media?parent=19506"}],"wp:term":[{"taxonomy":"product_brand","embeddable":true,"href":"https:\/\/meditex.ee\/lt\/wp-json\/wp\/v2\/product_brand?post=19506"},{"taxonomy":"product_cat","embeddable":true,"href":"https:\/\/meditex.ee\/lt\/wp-json\/wp\/v2\/product_cat?post=19506"},{"taxonomy":"product_tag","embeddable":true,"href":"https:\/\/meditex.ee\/lt\/wp-json\/wp\/v2\/product_tag?post=19506"}],"curies":[{"name":"wp","href":"https:\/\/api.w.org\/{rel}","templated":true}]}}